{"id":8551,"date":"2017-08-29T08:05:30","date_gmt":"2017-08-29T08:05:30","guid":{"rendered":"https:\/\/webknjizara.hr\/?product=strojarstvo-%e2%80%93-osnove-teorije-tisak-u-boji"},"modified":"2023-01-02T11:33:05","modified_gmt":"2023-01-02T11:33:05","slug":"strojarstvo-osnove-teorije-tisak-u-boji-688","status":"publish","type":"product","link":"https:\/\/webknjizara.hr\/en\/proizvod\/strojarstvo-osnove-teorije-tisak-u-boji-688\/","title":{"rendered":"STROJARSTVO \u2013 OSNOVE TEORIJE (TISAK U BOJI)"},"content":{"rendered":"<p style=\"text-align: justify;\"><strong>Sa\u017eetak:<\/strong>\u00a0<\/p>\n<p>Ud\u017ebenik je uskla\u0111en s nastavnim planom i programom FAKULTETA PROMETNIH ZNANOSTI i podijeljen je na pet poglavlja i vi\u0161e potpoglavlja koja obuhva\u0107aju: materijale, njihova svojstva i na\u010dine ispitivanja istih, elemente strojeva, osnove hidraulike s osnovama hidrostatike i hidrodinamike, jednad\u017ebu kretanja vozila i osnove termodinamike s naglaskom na procesima koji su karakteristi\u010dni za osnovne toplinske strojeve koji su najzastupljeniji u transportnim sredstvima (motori s unutarnjim izgaranjem i plinske turbine). Cilj je Ud\u017ebenika upoznavanje studenata s materijalima od kojih su ve\u0107inom izra\u0111eni elementi strojeva, njihovim svojstvima i na\u010dinom ispitivanja istih, vrstama strojnih elemenata, njihovim prednostima i manama i osnovnim elementima prora\u010duna \u010dvrsto\u0107e, a sve radi sagledavanja uloge strojnoga elementa na stroju ili na ure\u0111aju. Prora\u010duni i konstrukcije pojedinih strojnih elemenata obra\u0111eni su u onoj mjeri u kojoj je to nu\u017eno za razumijevanje problema i njihovo kvalitetno rje\u0161avanje.<\/p>\n<p style=\"text-align: justify;\"><strong>Bilje\u0161ka o autorima:<\/strong>\u00a0<\/p>\n<p><strong>Mladen Nik\u0161i\u0107<\/strong>\u00a0ro\u0111en u Zagrebu 01.07.1964. Na Fakultetu strojarstva i brodogradnje u Zagrebu diplomirao 1991. godine, smjer proizvodno strojarstvo, a na Fakultetu prometnih znanosti diplomirao 1994. godine \u017eeljezni\u010dki smjer. Na Fakultetu prometnih znanosti magistrirao 2003. godine s temom \u2018\u2019Razvoj i uvo\u0111enje u promet magnetskih lebde\u0107ih vlakova\u2019\u2019 i doktorirao 2010. godine s temom \u2018\u2019Utjecaj kvalitete odr\u017eavanja na vijek trajanja \u017eeljezni\u010dkih vozila\u2019\u2019.\u00a0<\/p>\n<p>Na Hrvatskim \u017eeljeznicama radio od 1991 \u2013 1995. godine u Slu\u017ebi za vu\u010du vlakova i \u017eeljezni\u010dka vozila te u Slu\u017ebi za tehni\u010dki pregled vagona i vlakova. Tijekom 2004. i 2005. godine bio direktor poslovnog podru\u010dja H\u017d-a Vu\u010da vlakova i \u017eeljezni\u010dka vozila, a od 2005 \u2013 2008. voditelj projekta Uvo\u0111enje sustava odr\u017eavanja nagibnih vlakova. Od 1995. godine zaposlen na Fakultetu prometnih znanosti u svojstvu mla\u0111eg asistenta, pro\u0161ao izbore do znanstveno-nastavnog zvanja docenta i znanstvenog zvanja znanstvenog savjetnika. Nositelj kolegija na preddiplomskom (\u017deljezni\u010dka vozila, Vu\u010da vlakova, Strojarstvo), diplomskom (Odr\u017eavanje \u017eeljezni\u010dkih vozila, Tra\u010dni\u010dki urbani sustavi, Tehnologija \u017ei\u010darskog prometa), doktorskom (Urbani transport) i poslijediplomskom specijalisti\u010dkom studiju (Urbani tra\u010dni\u010dki sustavi). U koautorstvu objavio: sveu\u010dili\u0161ni ud\u017ebenik Gradske prometnice, fakultetski priru\u010dnik Osnove strojarstva \u2013 Zbirka rije\u0161enih zadataka te 40-ak znanstvenih radova u me\u0111unarodnim znanstvenim \u010dasopisima i zbornicima radova s me\u0111unarodnih znanstvenih skupova. Kao stalni sudski vje\u0161tak za \u017eeljezni\u010dki promet i vozila izradio preko 60 vje\u0161ta\u010denja iz podru\u010dja \u017eeljezni\u010dkog prometa. Sudjelovao u brojnim znanstvenim i gospodarskim projektima, a za Fakultet prometnih znanosti vodio inovativni EU projekt SELF PROP RAIL, za\u0161ti\u0107en patentom i nagra\u0111en zlatnim medaljama na sajmovima inovacija u zemlji i inozemstvu.<\/p>\n<p><strong>Sre\u0107ko \u0110uranovi\u0107<\/strong>\u00a0ro\u0111en u Kotoru, 16.12.1957. gdje je zavr\u0161io Srednju pomorsku \u0161kolu. Fakultet strojarstva i brodogradnje u Zagrebu upisao 1976.g. i diplomirao 1982. god. na usmjerenju Brodskog strojarstva. Poslijediplomski studij upisao 1985.g. na Fakultetu strojarstva i brodogradnje u Zagrebu, i magistrirao 1989.g. na katedri Motora i motornih vozila, s temom \u201cVibracijska dijagnostika istro\u0161enja glavnog le\u017eaja diesel motora\u201d.\u00a0<\/p>\n<p>U Brodarskom Institutu u Zagrebu radio na poslovima vode\u0107eg istra\u017eiva\u010da i voditelja projekata. Kao autor odnosno koautor, napisao vi\u0161e znanstvenih i stru\u010dnih radova, te aktivno sudjelovao na vi\u0161e me\u0111unarodnih kongresa i simpozija Objavio vi\u0161e znanstvenih i stru\u010dnih radova, te sudjelovao na vi\u0161e doma\u0107ih i inozemnih simpozija. Tijekom svoje profesionalne karijere 10-tak godina obavljao du\u017enost direktora zastupnika poznatog svjetskog automobilskog proizvo\u0111a\u010da Fiat, Lancia i Alfa Romeo za BIH, te nakon toga vi\u0161e godina bio direktor firme Agit unutar H\u017d-a. Trenutno je predava\u010d na Fakultetu prometnih znanosti u Zagrebu i Veleu\u010dili\u0161tu u \u0160ibeniku, na kojima dr\u017ei nastavu iz vi\u0161e kolegija (Mehanika, Fizika i Strojarstvo). Autor je Ud\u017ebenika iz Mehanike i Osnova strojarstva na Veleu\u010dili\u0161tu u \u0160ibeniku.<\/p>\n<p style=\"text-align: justify;\"><strong>Klju\u010dne rije\u010di:<\/strong>\u00a0Strojarstvo, ispitivanje materijala, elementi strojeva, hidraulika, teorija kretanja vozila, tehni\u010dka termodinamika.<\/p>\n<p style=\"text-align: justify;\"><strong>Naslov:<\/strong>\u00a0STROJARSTVO \u2013 Osnove teorije (tisak u boji)<br \/><strong>Autori:<\/strong>\u00a0Mladen Nik\u0161i\u0107, Sre\u0107ko \u0110uranovi\u0107<br \/><strong>Broj stranica:<\/strong>\u00a0320<br \/><strong>Nakladnik:<\/strong>\u00a0Fakultet prometnih znanosti Zagreb<br \/><strong>Godina izdanja:<\/strong>\u00a02017.<br \/><strong>ISBN:<\/strong>\u00a0978-953-243-088-2<br \/><strong>Tisak:<\/strong>\u00a0digitalni tisak knjiga &#8211; print na zahtjev\u00a0<\/p>\n<hr \/>\n<p style=\"text-align: justify;\"><strong>Kako naru\u010diti knjigu?\u00a0<\/strong>Proces online kupovine jednako funkcionira za sve kupce, s jedinom razlikom u tome \u0161to \u0161to kupci iz inozemstva za podru\u010dje dostave moraju odabrati &#8220;Europa&#8221; ili &#8220;Ostale zemlje svijeta&#8221;, a za vrstu pla\u0107anja WSPay (kreditna kartica) ili Virmanom (bankovni transfer).<\/p>\n<p style=\"text-align: justify;\">Molimo kliknite ovdje za\u00a0<a href=\"hr\/kako-kupovati\" target=\"_blank\" rel=\"noopener noreferrer\">detaljni vodi\u010d kroz proces narud\u017ebe<\/a>\u00a0ili nas\u00a0<a href=\"hr\/kontakt\" target=\"_blank\" rel=\"noopener noreferrer\">kontaktirajte<\/a>\u00a0za vi\u0161e informacija.<\/p>\n","protected":false},"excerpt":{"rendered":"<p>Sa\u017eetak:\u00a0 Ud\u017ebenik je uskla\u0111en s nastavnim planom i programom FAKULTETA PROMETNIH ZNANOSTI i podijeljen je na pet poglavlja i vi\u0161e potpoglavlja koja obuhva\u0107aju: materijale, njihova svojstva i na\u010dine ispitivanja istih, elemente strojeva, osnove hidraulike s osnovama hidrostatike i hidrodinamike, jednad\u017ebu kretanja vozila i osnove termodinamike s naglaskom na procesima koji su karakteristi\u010dni za osnovne toplinske [&hellip;]<\/p>\n","protected":false},"featured_media":8507,"comment_status":"open","ping_status":"closed","template":"","meta":{"_acf_changed":false},"product_brand":[],"product_cat":[1408],"product_tag":[],"class_list":{"0":"post-8551","1":"product","2":"type-product","3":"status-publish","4":"has-post-thumbnail","6":"product_cat-tehnicke-znanosti","8":"first","9":"instock","10":"shipping-taxable","11":"purchasable","12":"product-type-simple"},"acf":[],"yoast_head":"<!-- This site is optimized with the Yoast SEO plugin v27.3 - https:\/\/yoast.com\/product\/yoast-seo-wordpress\/ -->\n<title>STROJARSTVO \u2013 OSNOVE TEORIJE (TISAK U BOJI) - Web-knji\u017eara<\/title>\n<meta name=\"robots\" content=\"index, follow, max-snippet:-1, max-image-preview:large, max-video-preview:-1\" \/>\n<link rel=\"canonical\" href=\"https:\/\/webknjizara.hr\/proizvod\/strojarstvo-osnove-teorije-tisak-u-boji-688\/\" \/>\n<meta property=\"og:locale\" content=\"en_US\" \/>\n<meta property=\"og:type\" content=\"article\" \/>\n<meta property=\"og:title\" content=\"STROJARSTVO \u2013 OSNOVE TEORIJE (TISAK U BOJI) - Web-knji\u017eara\" \/>\n<meta property=\"og:description\" content=\"Sa\u017eetak:\u00a0 Ud\u017ebenik je uskla\u0111en s nastavnim planom i programom FAKULTETA PROMETNIH ZNANOSTI i podijeljen je na pet poglavlja i vi\u0161e potpoglavlja koja obuhva\u0107aju: materijale, njihova svojstva i na\u010dine ispitivanja istih, elemente strojeva, osnove hidraulike s osnovama hidrostatike i hidrodinamike, jednad\u017ebu kretanja vozila i osnove termodinamike s naglaskom na procesima koji su karakteristi\u010dni za osnovne toplinske [&hellip;]\" \/>\n<meta property=\"og:url\" content=\"https:\/\/webknjizara.hr\/proizvod\/strojarstvo-osnove-teorije-tisak-u-boji-688\/\" \/>\n<meta property=\"og:site_name\" content=\"Web-knji\u017eara\" \/>\n<meta property=\"article:modified_time\" content=\"2023-01-02T11:33:05+00:00\" \/>\n<meta property=\"og:image\" content=\"https:\/\/webknjizara.hr\/wp-content\/uploads\/nc\/images\/virtuemart\/product\/FPZ_strojarstvo_BOJA_naslovnica.jpg\" \/>\n\t<meta property=\"og:image:width\" content=\"565\" \/>\n\t<meta property=\"og:image:height\" content=\"800\" \/>\n\t<meta property=\"og:image:type\" content=\"image\/jpeg\" \/>\n<meta name=\"twitter:card\" content=\"summary_large_image\" \/>\n<meta name=\"twitter:label1\" content=\"Est. reading time\" \/>\n\t<meta name=\"twitter:data1\" content=\"4 minutes\" \/>\n<script type=\"application\/ld+json\" class=\"yoast-schema-graph\">{\"@context\":\"https:\\\/\\\/schema.org\",\"@graph\":[{\"@type\":\"WebPage\",\"@id\":\"https:\\\/\\\/webknjizara.hr\\\/proizvod\\\/strojarstvo-osnove-teorije-tisak-u-boji-688\\\/\",\"url\":\"https:\\\/\\\/webknjizara.hr\\\/proizvod\\\/strojarstvo-osnove-teorije-tisak-u-boji-688\\\/\",\"name\":\"STROJARSTVO \u2013 OSNOVE TEORIJE (TISAK U BOJI) - Web-knji\u017eara\",\"isPartOf\":{\"@id\":\"https:\\\/\\\/webknjizara.hr\\\/#website\"},\"primaryImageOfPage\":{\"@id\":\"https:\\\/\\\/webknjizara.hr\\\/proizvod\\\/strojarstvo-osnove-teorije-tisak-u-boji-688\\\/#primaryimage\"},\"image\":{\"@id\":\"https:\\\/\\\/webknjizara.hr\\\/proizvod\\\/strojarstvo-osnove-teorije-tisak-u-boji-688\\\/#primaryimage\"},\"thumbnailUrl\":\"https:\\\/\\\/webknjizara.hr\\\/wp-content\\\/uploads\\\/nc\\\/images\\\/virtuemart\\\/product\\\/FPZ_strojarstvo_BOJA_naslovnica.jpg\",\"datePublished\":\"2017-08-29T08:05:30+00:00\",\"dateModified\":\"2023-01-02T11:33:05+00:00\",\"breadcrumb\":{\"@id\":\"https:\\\/\\\/webknjizara.hr\\\/proizvod\\\/strojarstvo-osnove-teorije-tisak-u-boji-688\\\/#breadcrumb\"},\"inLanguage\":\"en-US\",\"potentialAction\":[{\"@type\":\"ReadAction\",\"target\":[\"https:\\\/\\\/webknjizara.hr\\\/proizvod\\\/strojarstvo-osnove-teorije-tisak-u-boji-688\\\/\"]}]},{\"@type\":\"ImageObject\",\"inLanguage\":\"en-US\",\"@id\":\"https:\\\/\\\/webknjizara.hr\\\/proizvod\\\/strojarstvo-osnove-teorije-tisak-u-boji-688\\\/#primaryimage\",\"url\":\"https:\\\/\\\/webknjizara.hr\\\/wp-content\\\/uploads\\\/nc\\\/images\\\/virtuemart\\\/product\\\/FPZ_strojarstvo_BOJA_naslovnica.jpg\",\"contentUrl\":\"https:\\\/\\\/webknjizara.hr\\\/wp-content\\\/uploads\\\/nc\\\/images\\\/virtuemart\\\/product\\\/FPZ_strojarstvo_BOJA_naslovnica.jpg\",\"width\":565,\"height\":800,\"caption\":\"STROJARSTVO \u2013 OSNOVE TEORIJE (TISAK U BOJI)\"},{\"@type\":\"BreadcrumbList\",\"@id\":\"https:\\\/\\\/webknjizara.hr\\\/proizvod\\\/strojarstvo-osnove-teorije-tisak-u-boji-688\\\/#breadcrumb\",\"itemListElement\":[{\"@type\":\"ListItem\",\"position\":1,\"name\":\"Po\u010detna stranica\",\"item\":\"https:\\\/\\\/webknjizara.hr\\\/en\\\/\"},{\"@type\":\"ListItem\",\"position\":2,\"name\":\"Shop\",\"item\":\"https:\\\/\\\/webknjizara.hr\\\/shop\\\/\"},{\"@type\":\"ListItem\",\"position\":3,\"name\":\"STROJARSTVO \u2013 OSNOVE TEORIJE (TISAK U BOJI)\"}]},{\"@type\":\"WebSite\",\"@id\":\"https:\\\/\\\/webknjizara.hr\\\/#website\",\"url\":\"https:\\\/\\\/webknjizara.hr\\\/\",\"name\":\"Web Knji\u017eara\",\"description\":\"\",\"publisher\":{\"@id\":\"https:\\\/\\\/webknjizara.hr\\\/#organization\"},\"potentialAction\":[{\"@type\":\"SearchAction\",\"target\":{\"@type\":\"EntryPoint\",\"urlTemplate\":\"https:\\\/\\\/webknjizara.hr\\\/?s={search_term_string}\"},\"query-input\":{\"@type\":\"PropertyValueSpecification\",\"valueRequired\":true,\"valueName\":\"search_term_string\"}}],\"inLanguage\":\"en-US\"},{\"@type\":\"Organization\",\"@id\":\"https:\\\/\\\/webknjizara.hr\\\/#organization\",\"name\":\"REDAK D.O.O.\",\"url\":\"https:\\\/\\\/webknjizara.hr\\\/\",\"logo\":{\"@type\":\"ImageObject\",\"inLanguage\":\"en-US\",\"@id\":\"https:\\\/\\\/webknjizara.hr\\\/#\\\/schema\\\/logo\\\/image\\\/\",\"url\":\"https:\\\/\\\/webknjizara.hr\\\/wp-content\\\/uploads\\\/2023\\\/01\\\/web-knjizara-logo.webp\",\"contentUrl\":\"https:\\\/\\\/webknjizara.hr\\\/wp-content\\\/uploads\\\/2023\\\/01\\\/web-knjizara-logo.webp\",\"width\":324,\"height\":79,\"caption\":\"REDAK D.O.O.\"},\"image\":{\"@id\":\"https:\\\/\\\/webknjizara.hr\\\/#\\\/schema\\\/logo\\\/image\\\/\"}}]}<\/script>\n<!-- \/ Yoast SEO plugin. -->","yoast_head_json":{"title":"STROJARSTVO \u2013 OSNOVE TEORIJE (TISAK U BOJI) - Web-knji\u017eara","robots":{"index":"index","follow":"follow","max-snippet":"max-snippet:-1","max-image-preview":"max-image-preview:large","max-video-preview":"max-video-preview:-1"},"canonical":"https:\/\/webknjizara.hr\/proizvod\/strojarstvo-osnove-teorije-tisak-u-boji-688\/","og_locale":"en_US","og_type":"article","og_title":"STROJARSTVO \u2013 OSNOVE TEORIJE (TISAK U BOJI) - Web-knji\u017eara","og_description":"Sa\u017eetak:\u00a0 Ud\u017ebenik je uskla\u0111en s nastavnim planom i programom FAKULTETA PROMETNIH ZNANOSTI i podijeljen je na pet poglavlja i vi\u0161e potpoglavlja koja obuhva\u0107aju: materijale, njihova svojstva i na\u010dine ispitivanja istih, elemente strojeva, osnove hidraulike s osnovama hidrostatike i hidrodinamike, jednad\u017ebu kretanja vozila i osnove termodinamike s naglaskom na procesima koji su karakteristi\u010dni za osnovne toplinske [&hellip;]","og_url":"https:\/\/webknjizara.hr\/proizvod\/strojarstvo-osnove-teorije-tisak-u-boji-688\/","og_site_name":"Web-knji\u017eara","article_modified_time":"2023-01-02T11:33:05+00:00","og_image":[{"width":565,"height":800,"url":"https:\/\/webknjizara.hr\/wp-content\/uploads\/nc\/images\/virtuemart\/product\/FPZ_strojarstvo_BOJA_naslovnica.jpg","type":"image\/jpeg"}],"twitter_card":"summary_large_image","twitter_misc":{"Est. reading time":"4 minutes"},"schema":{"@context":"https:\/\/schema.org","@graph":[{"@type":"WebPage","@id":"https:\/\/webknjizara.hr\/proizvod\/strojarstvo-osnove-teorije-tisak-u-boji-688\/","url":"https:\/\/webknjizara.hr\/proizvod\/strojarstvo-osnove-teorije-tisak-u-boji-688\/","name":"STROJARSTVO \u2013 OSNOVE TEORIJE (TISAK U BOJI) - Web-knji\u017eara","isPartOf":{"@id":"https:\/\/webknjizara.hr\/#website"},"primaryImageOfPage":{"@id":"https:\/\/webknjizara.hr\/proizvod\/strojarstvo-osnove-teorije-tisak-u-boji-688\/#primaryimage"},"image":{"@id":"https:\/\/webknjizara.hr\/proizvod\/strojarstvo-osnove-teorije-tisak-u-boji-688\/#primaryimage"},"thumbnailUrl":"https:\/\/webknjizara.hr\/wp-content\/uploads\/nc\/images\/virtuemart\/product\/FPZ_strojarstvo_BOJA_naslovnica.jpg","datePublished":"2017-08-29T08:05:30+00:00","dateModified":"2023-01-02T11:33:05+00:00","breadcrumb":{"@id":"https:\/\/webknjizara.hr\/proizvod\/strojarstvo-osnove-teorije-tisak-u-boji-688\/#breadcrumb"},"inLanguage":"en-US","potentialAction":[{"@type":"ReadAction","target":["https:\/\/webknjizara.hr\/proizvod\/strojarstvo-osnove-teorije-tisak-u-boji-688\/"]}]},{"@type":"ImageObject","inLanguage":"en-US","@id":"https:\/\/webknjizara.hr\/proizvod\/strojarstvo-osnove-teorije-tisak-u-boji-688\/#primaryimage","url":"https:\/\/webknjizara.hr\/wp-content\/uploads\/nc\/images\/virtuemart\/product\/FPZ_strojarstvo_BOJA_naslovnica.jpg","contentUrl":"https:\/\/webknjizara.hr\/wp-content\/uploads\/nc\/images\/virtuemart\/product\/FPZ_strojarstvo_BOJA_naslovnica.jpg","width":565,"height":800,"caption":"STROJARSTVO \u2013 OSNOVE TEORIJE (TISAK U BOJI)"},{"@type":"BreadcrumbList","@id":"https:\/\/webknjizara.hr\/proizvod\/strojarstvo-osnove-teorije-tisak-u-boji-688\/#breadcrumb","itemListElement":[{"@type":"ListItem","position":1,"name":"Po\u010detna stranica","item":"https:\/\/webknjizara.hr\/en\/"},{"@type":"ListItem","position":2,"name":"Shop","item":"https:\/\/webknjizara.hr\/shop\/"},{"@type":"ListItem","position":3,"name":"STROJARSTVO \u2013 OSNOVE TEORIJE (TISAK U BOJI)"}]},{"@type":"WebSite","@id":"https:\/\/webknjizara.hr\/#website","url":"https:\/\/webknjizara.hr\/","name":"Web Knji\u017eara","description":"","publisher":{"@id":"https:\/\/webknjizara.hr\/#organization"},"potentialAction":[{"@type":"SearchAction","target":{"@type":"EntryPoint","urlTemplate":"https:\/\/webknjizara.hr\/?s={search_term_string}"},"query-input":{"@type":"PropertyValueSpecification","valueRequired":true,"valueName":"search_term_string"}}],"inLanguage":"en-US"},{"@type":"Organization","@id":"https:\/\/webknjizara.hr\/#organization","name":"REDAK D.O.O.","url":"https:\/\/webknjizara.hr\/","logo":{"@type":"ImageObject","inLanguage":"en-US","@id":"https:\/\/webknjizara.hr\/#\/schema\/logo\/image\/","url":"https:\/\/webknjizara.hr\/wp-content\/uploads\/2023\/01\/web-knjizara-logo.webp","contentUrl":"https:\/\/webknjizara.hr\/wp-content\/uploads\/2023\/01\/web-knjizara-logo.webp","width":324,"height":79,"caption":"REDAK D.O.O."},"image":{"@id":"https:\/\/webknjizara.hr\/#\/schema\/logo\/image\/"}}]}},"_links":{"self":[{"href":"https:\/\/webknjizara.hr\/en\/wp-json\/wp\/v2\/product\/8551","targetHints":{"allow":["GET"]}}],"collection":[{"href":"https:\/\/webknjizara.hr\/en\/wp-json\/wp\/v2\/product"}],"about":[{"href":"https:\/\/webknjizara.hr\/en\/wp-json\/wp\/v2\/types\/product"}],"replies":[{"embeddable":true,"href":"https:\/\/webknjizara.hr\/en\/wp-json\/wp\/v2\/comments?post=8551"}],"wp:featuredmedia":[{"embeddable":true,"href":"https:\/\/webknjizara.hr\/en\/wp-json\/wp\/v2\/media\/8507"}],"wp:attachment":[{"href":"https:\/\/webknjizara.hr\/en\/wp-json\/wp\/v2\/media?parent=8551"}],"wp:term":[{"taxonomy":"product_brand","embeddable":true,"href":"https:\/\/webknjizara.hr\/en\/wp-json\/wp\/v2\/product_brand?post=8551"},{"taxonomy":"product_cat","embeddable":true,"href":"https:\/\/webknjizara.hr\/en\/wp-json\/wp\/v2\/product_cat?post=8551"},{"taxonomy":"product_tag","embeddable":true,"href":"https:\/\/webknjizara.hr\/en\/wp-json\/wp\/v2\/product_tag?post=8551"}],"curies":[{"name":"wp","href":"https:\/\/api.w.org\/{rel}","templated":true}]}}