{"id":8549,"date":"2017-08-29T08:03:31","date_gmt":"2017-08-29T08:03:31","guid":{"rendered":"https:\/\/webknjizara.hr\/?product=ljudski-cimbenik-u-prometu-tisak-u-boji-eduard-missoni"},"modified":"2023-02-22T12:08:28","modified_gmt":"2023-02-22T11:08:28","slug":"ljudski-cimbenik-u-prometu-tisak-u-boji-eduard-missoni-686","status":"publish","type":"product","link":"https:\/\/webknjizara.hr\/en\/proizvod\/ljudski-cimbenik-u-prometu-tisak-u-boji-eduard-missoni-686\/","title":{"rendered":"LJUDSKI \u010cIMBENIK U PROMETU  (TISAK U BOJI), Eduard Missoni"},"content":{"rendered":"<p style=\"text-align: justify;\"><strong>Sa\u017eetak:<\/strong>\u00a0<\/p>\n<p>Nakon pro\u010ditanog djela, \u010ditatelj \u0107e mo\u0107i definirati osnovne pojmove o ulozi ljudskog \u010dimbenika u prometu, opisati zna\u010dajke: cestovnog, gradskog, zra\u010dnog, vodnog, po\u0161tanskog, \u017eeljezni\u010dkog i telekomunikacijskog, tj. svih vidova prometa na zdravlje \u010dovjeka. Nabrojati prednosti i nedostatke svakog vida, posebno opisati zna\u010dajke \u010dovjeka, kao najva\u017enijeg sudionika u svim vidovima prometnih mre\u017ea, te njegov me\u0111uodnos sa razli\u010ditim pristupnim tehnologijama.\u00a0<\/p>\n<p>Procijeniti zna\u010daj pojedinog modela u rje\u0161avanju odre\u0111enog izazova (problema) (npr. buke, emisija plinova, elektro-magnetsko zra\u010denje, generiranih prometom), te rije\u0161iti postavljeni problem glede: umora, konzumacije alkoholnih pi\u0107a, droga, lijekova te akutnih i kroni\u010dnih bolesti.<\/p>\n<p>Identificirati, nabrojiti i analizirati razli\u010dite vrste mehanizama te\u0161kog i smrtonosnog ozlje\u0111ivanja, prema razli\u010ditim kriterijima, te na\u010dine pristupa problemu.<\/p>\n<p>Objasniti prednosti i nedostatke pravovremene edukacije odgovaraju\u0107eg nivoa, prijenosa informacija o pojedinim: psihi\u010dkim, psiholo\u0161kim te somatskim funkcijama sudionika u prometu.\u00a0<\/p>\n<p>Izgraditi mehanizme za osiguravanje kvalitetnih i odgovaraju\u0107ih preventivnih aktivnosti, kao i utjecaj osposobljavanja sudionika u prometu, na smanjenje broja prometnih nesre\u0107a, te identifikaciju opasnosti te procjene rizika kod nastanka prometnih nesre\u0107a. Identificirati strukturu i na\u010din pristupa, prometnoj problematici, po dobi i spolu kod razli\u010ditih sudionika, te utjecaj vrijednosti pojedinih multidisciplinarnih parametra, te poticanje suradnje znanstvenika iz drugih podru\u010dja, za kvalitetnije i sigurnije dizajniranje pona\u0161anja u prometu.\u00a0<\/p>\n<p>Donositi zaklju\u010dke temeljene na analizi utjecaja prometa na \u010dovjeka i okoli\u0161, te odabrati: stru\u010dna, znanstvena, rje\u0161enja prilikom sudsko-medicinskog vje\u0161ta\u010denja.<\/p>\n<p style=\"text-align: justify;\"><strong>Bilje\u0161ka o autoru:<\/strong>\u00a0<\/p>\n<p>Prof. dr. sc. Eduard Missoni, dr. med., ro\u0111en je 14. 05. 1957. godine u \u0160ibeniku, gdje je zavr\u0161io osnovnu \u0161kolu i gimnaziju.\u00a0<\/p>\n<p>1975. upisao je, a 1980. diplomirao na Medicinskom fakultetu u Zagrebu, te 1982. god. polo\u017eio stru\u010dni ispit.\u00a0<\/p>\n<p>Jednogodi\u0161nji lije\u010dni\u010dki sta\u017e obavio je u DZ Zapre\u0161i\u0107. Nakon toga radi u primarnoj zdravstvenoj za\u0161titi (DZ &#8220;Novi Zagreb&#8221;, DZ &#8220;MUP-a&#8221; Hrvatske, te DZ &#8220;La\u0161ko&#8221;- Republika Slovenija).<\/p>\n<p>U klini\u010dkoj bolnici &#8220;Sestre milosrdnice&#8221; Zagreb, zapo\u010deo je raditi 1986. na Klinici za Kirurgiju, gdje je izabran u suradni\u010dko zvanje asistenta.\u00a0<\/p>\n<p>Specijalizaciju iz Radioterapije &#8211; Onkologije zapo\u010deo je 1989. Specijalisti\u010dki ispit pola\u017ee 1993. god, kao i poslijediplomski studij iz Onkologije.<\/p>\n<p>Od 1994. predaje na Fakultetu prometnih znanosti i Tehni\u010dkom veleu\u010dili\u0161tu Zagreb, Prometni odjel, kolegije: Prometna medicina, Zrakoplovna medicina, te Zrakoplovna Fiziologija i Psihologija.<\/p>\n<p>Na Medicinskom fakultetu, u Zagrebu, 1996. stekao je akademski stupanj Magistra znanosti, obraniv\u0161i magistarski rad: \u201eParametri imunoreaktivnosti u bolesnica s fibrocisti\u010dnom mastopatijom\u201c.\u00a0<\/p>\n<p>Na Medicinskom fakultetu u Zagrebu 2002. godine obranio je doktorsku disertaciju &#8220;Prevencije ozljeda biciklista&#8221; i stekao akademski stupanj DOKTOR MEDICINSKIH ZNANOSTI IZ PODRU\u010cJA BIOMEDICINE I ZDRAVSTVA.<\/p>\n<p>Sudjelovao je aktivno na mnogim me\u0111unarodnim kongresima i te\u010dajevima, napisao je desetak knjiga, preko100-ak znanstvenih i stru\u010dnih radova. Pod njegovim mentorstvom izra\u0111eno je preko 150 zavr\u0161nih i\/ili diplomskih radova.\u00a0<\/p>\n<p>Sudjeluje u realizaciji desetak stru\u010dno\/znanstvenih projekata. Godine 2005. ispunjava uvjete za izbor u zvanje docenta za znanstveno podru\u010dje biomedicine i zdravstva, javno zdravstvo \u2013 zdravstvena za\u0161tita.<\/p>\n<p>2006. te 2011.g ide na Znanstveno usavr\u0161avanje \u2013 Trauma and Injury Prevention Program- The University of Iowa, USA<br \/>Podru\u010dje znanstvenog rada je \u201eLjudski \u010dimbenik u prometu\u201c.<\/p>\n<p>25.2. 2009. Odlukom Mati\u010dnog odbora za podru\u010dje biomedicine i zdravstva, izabire se u znanstveno zvanje vi\u0161eg znanstvenog suradnika, te u znanstveno-nastavno zvanje izvanrednog profesora.\u00a0<\/p>\n<p>18. 9. 2013. izabire se u znanstveno zvanje znanstvenog savjetnika.<\/p>\n<p>9.6.2015. Izabran u zvanje Redovitog profesora za znanstveno podru\u010dje biomedicine i zdravstva, javno zdravstvo \u2013 zdravstvena za\u0161tita.<\/p>\n<p>Istra\u017eiva\u010d \u2013 suradnik pod mati\u010dnim brojem 214 \u2013 505.<\/p>\n<p>Aktivno se slu\u017ei engleskim i slovenskim jezikom, o\u017eenjen je, otac dvoje djece.<\/p>\n<p style=\"text-align: justify;\"><strong>Klju\u010dne rije\u010di:<\/strong>\u00a0Ljudski \u010dimbenik u prometu, utjecaj prometa na zdravlje, prometne nesre\u0107e, nastradale osobe u prometu, preventivne mjere i aktivnosti, sigurnost u prometu, edukacija.<\/p>\n<p style=\"text-align: justify;\"><strong>Naslov:<\/strong>\u00a0Ljudski \u010dimbenik u prometu (tisak u boji)<br \/><strong>Autor:<\/strong>\u00a0Eduard Missoni<br \/><strong>Broj stranica:<\/strong>\u00a0266<br \/><strong>Nakladnik:<\/strong>\u00a0Fakultet prometnih znanosti<br \/><strong>Godina izdanja:<\/strong>\u00a02017.<br \/><strong>ISBN:<\/strong>\u00a0ISBN 978-953-243-086-8<br \/><strong>Tisak:<\/strong>\u00a0digitalni tisak knjiga &#8211; print na zahtjev\u00a0<\/p>\n<hr \/>\n<p style=\"text-align: justify;\"><strong>Kako naru\u010diti knjigu?\u00a0<\/strong>Proces online kupovine jednako funkcionira za sve kupce, s jedinom razlikom u tome \u0161to \u0161to kupci iz inozemstva za podru\u010dje dostave moraju odabrati &#8220;Europa&#8221; ili &#8220;Ostale zemlje svijeta&#8221;, a za vrstu pla\u0107anja WSPay (kreditna kartica) ili Virmanom (bankovni transfer).<\/p>\n<p style=\"text-align: justify;\">Molimo kliknite ovdje za\u00a0<a href=\"hr\/kako-kupovati\" target=\"_blank\" rel=\"noopener noreferrer\">detaljni vodi\u010d kroz proces narud\u017ebe<\/a>\u00a0ili nas\u00a0<a href=\"hr\/kontakt\" target=\"_blank\" rel=\"noopener noreferrer\">kontaktirajte<\/a>\u00a0za vi\u0161e informacija.<\/p>\n","protected":false},"excerpt":{"rendered":"<p>Sa\u017eetak:\u00a0 Nakon pro\u010ditanog djela, \u010ditatelj \u0107e mo\u0107i definirati osnovne pojmove o ulozi ljudskog \u010dimbenika u prometu, opisati zna\u010dajke: cestovnog, gradskog, zra\u010dnog, vodnog, po\u0161tanskog, \u017eeljezni\u010dkog i telekomunikacijskog, tj. svih vidova prometa na zdravlje \u010dovjeka. Nabrojati prednosti i nedostatke svakog vida, posebno opisati zna\u010dajke \u010dovjeka, kao najva\u017enijeg sudionika u svim vidovima prometnih mre\u017ea, te njegov me\u0111uodnos sa [&hellip;]<\/p>\n","protected":false},"featured_media":8504,"comment_status":"open","ping_status":"closed","template":"","meta":{"_acf_changed":false},"product_brand":[],"product_cat":[1527],"product_tag":[],"class_list":{"0":"post-8549","1":"product","2":"type-product","3":"status-publish","4":"has-post-thumbnail","6":"product_cat-sveucilisni-udzbenici","8":"first","9":"instock","10":"shipping-taxable","11":"purchasable","12":"product-type-simple"},"acf":[],"yoast_head":"<!-- This site is optimized with the Yoast SEO plugin v27.3 - https:\/\/yoast.com\/product\/yoast-seo-wordpress\/ -->\n<title>LJUDSKI \u010cIMBENIK U PROMETU (TISAK U BOJI), Eduard Missoni - Web-knji\u017eara<\/title>\n<meta name=\"robots\" content=\"index, follow, max-snippet:-1, max-image-preview:large, max-video-preview:-1\" \/>\n<link rel=\"canonical\" href=\"https:\/\/webknjizara.hr\/proizvod\/ljudski-cimbenik-u-prometu-tisak-u-boji-eduard-missoni-686\/\" \/>\n<meta property=\"og:locale\" content=\"en_US\" \/>\n<meta property=\"og:type\" content=\"article\" \/>\n<meta property=\"og:title\" content=\"LJUDSKI \u010cIMBENIK U PROMETU (TISAK U BOJI), Eduard Missoni - Web-knji\u017eara\" \/>\n<meta property=\"og:description\" content=\"Sa\u017eetak:\u00a0 Nakon pro\u010ditanog djela, \u010ditatelj \u0107e mo\u0107i definirati osnovne pojmove o ulozi ljudskog \u010dimbenika u prometu, opisati zna\u010dajke: cestovnog, gradskog, zra\u010dnog, vodnog, po\u0161tanskog, \u017eeljezni\u010dkog i telekomunikacijskog, tj. svih vidova prometa na zdravlje \u010dovjeka. Nabrojati prednosti i nedostatke svakog vida, posebno opisati zna\u010dajke \u010dovjeka, kao najva\u017enijeg sudionika u svim vidovima prometnih mre\u017ea, te njegov me\u0111uodnos sa [&hellip;]\" \/>\n<meta property=\"og:url\" content=\"https:\/\/webknjizara.hr\/proizvod\/ljudski-cimbenik-u-prometu-tisak-u-boji-eduard-missoni-686\/\" \/>\n<meta property=\"og:site_name\" content=\"Web-knji\u017eara\" \/>\n<meta property=\"article:modified_time\" content=\"2023-02-22T11:08:28+00:00\" \/>\n<meta property=\"og:image\" content=\"https:\/\/webknjizara.hr\/wp-content\/uploads\/nc\/images\/virtuemart\/product\/naslovnice-za-web.jpg\" \/>\n\t<meta property=\"og:image:width\" content=\"573\" \/>\n\t<meta property=\"og:image:height\" content=\"800\" \/>\n\t<meta property=\"og:image:type\" content=\"image\/jpeg\" \/>\n<meta name=\"twitter:card\" content=\"summary_large_image\" \/>\n<meta name=\"twitter:label1\" content=\"Est. reading time\" \/>\n\t<meta name=\"twitter:data1\" content=\"4 minutes\" \/>\n<script type=\"application\/ld+json\" class=\"yoast-schema-graph\">{\"@context\":\"https:\\\/\\\/schema.org\",\"@graph\":[{\"@type\":\"WebPage\",\"@id\":\"https:\\\/\\\/webknjizara.hr\\\/proizvod\\\/ljudski-cimbenik-u-prometu-tisak-u-boji-eduard-missoni-686\\\/\",\"url\":\"https:\\\/\\\/webknjizara.hr\\\/proizvod\\\/ljudski-cimbenik-u-prometu-tisak-u-boji-eduard-missoni-686\\\/\",\"name\":\"LJUDSKI \u010cIMBENIK U PROMETU (TISAK U BOJI), Eduard Missoni - Web-knji\u017eara\",\"isPartOf\":{\"@id\":\"https:\\\/\\\/webknjizara.hr\\\/#website\"},\"primaryImageOfPage\":{\"@id\":\"https:\\\/\\\/webknjizara.hr\\\/proizvod\\\/ljudski-cimbenik-u-prometu-tisak-u-boji-eduard-missoni-686\\\/#primaryimage\"},\"image\":{\"@id\":\"https:\\\/\\\/webknjizara.hr\\\/proizvod\\\/ljudski-cimbenik-u-prometu-tisak-u-boji-eduard-missoni-686\\\/#primaryimage\"},\"thumbnailUrl\":\"https:\\\/\\\/webknjizara.hr\\\/wp-content\\\/uploads\\\/nc\\\/images\\\/virtuemart\\\/product\\\/naslovnice-za-web.jpg\",\"datePublished\":\"2017-08-29T08:03:31+00:00\",\"dateModified\":\"2023-02-22T11:08:28+00:00\",\"breadcrumb\":{\"@id\":\"https:\\\/\\\/webknjizara.hr\\\/proizvod\\\/ljudski-cimbenik-u-prometu-tisak-u-boji-eduard-missoni-686\\\/#breadcrumb\"},\"inLanguage\":\"en-US\",\"potentialAction\":[{\"@type\":\"ReadAction\",\"target\":[\"https:\\\/\\\/webknjizara.hr\\\/proizvod\\\/ljudski-cimbenik-u-prometu-tisak-u-boji-eduard-missoni-686\\\/\"]}]},{\"@type\":\"ImageObject\",\"inLanguage\":\"en-US\",\"@id\":\"https:\\\/\\\/webknjizara.hr\\\/proizvod\\\/ljudski-cimbenik-u-prometu-tisak-u-boji-eduard-missoni-686\\\/#primaryimage\",\"url\":\"https:\\\/\\\/webknjizara.hr\\\/wp-content\\\/uploads\\\/nc\\\/images\\\/virtuemart\\\/product\\\/naslovnice-za-web.jpg\",\"contentUrl\":\"https:\\\/\\\/webknjizara.hr\\\/wp-content\\\/uploads\\\/nc\\\/images\\\/virtuemart\\\/product\\\/naslovnice-za-web.jpg\",\"width\":573,\"height\":800,\"caption\":\"LJUDSKI \u010cIMBENIK U PROMETU (TISAK U BOJI), Eduard Missoni\"},{\"@type\":\"BreadcrumbList\",\"@id\":\"https:\\\/\\\/webknjizara.hr\\\/proizvod\\\/ljudski-cimbenik-u-prometu-tisak-u-boji-eduard-missoni-686\\\/#breadcrumb\",\"itemListElement\":[{\"@type\":\"ListItem\",\"position\":1,\"name\":\"Po\u010detna stranica\",\"item\":\"https:\\\/\\\/webknjizara.hr\\\/en\\\/\"},{\"@type\":\"ListItem\",\"position\":2,\"name\":\"Shop\",\"item\":\"https:\\\/\\\/webknjizara.hr\\\/shop\\\/\"},{\"@type\":\"ListItem\",\"position\":3,\"name\":\"LJUDSKI \u010cIMBENIK U PROMETU (TISAK U BOJI), Eduard Missoni\"}]},{\"@type\":\"WebSite\",\"@id\":\"https:\\\/\\\/webknjizara.hr\\\/#website\",\"url\":\"https:\\\/\\\/webknjizara.hr\\\/\",\"name\":\"Web Knji\u017eara\",\"description\":\"\",\"publisher\":{\"@id\":\"https:\\\/\\\/webknjizara.hr\\\/#organization\"},\"potentialAction\":[{\"@type\":\"SearchAction\",\"target\":{\"@type\":\"EntryPoint\",\"urlTemplate\":\"https:\\\/\\\/webknjizara.hr\\\/?s={search_term_string}\"},\"query-input\":{\"@type\":\"PropertyValueSpecification\",\"valueRequired\":true,\"valueName\":\"search_term_string\"}}],\"inLanguage\":\"en-US\"},{\"@type\":\"Organization\",\"@id\":\"https:\\\/\\\/webknjizara.hr\\\/#organization\",\"name\":\"REDAK D.O.O.\",\"url\":\"https:\\\/\\\/webknjizara.hr\\\/\",\"logo\":{\"@type\":\"ImageObject\",\"inLanguage\":\"en-US\",\"@id\":\"https:\\\/\\\/webknjizara.hr\\\/#\\\/schema\\\/logo\\\/image\\\/\",\"url\":\"https:\\\/\\\/webknjizara.hr\\\/wp-content\\\/uploads\\\/2023\\\/01\\\/web-knjizara-logo.webp\",\"contentUrl\":\"https:\\\/\\\/webknjizara.hr\\\/wp-content\\\/uploads\\\/2023\\\/01\\\/web-knjizara-logo.webp\",\"width\":324,\"height\":79,\"caption\":\"REDAK D.O.O.\"},\"image\":{\"@id\":\"https:\\\/\\\/webknjizara.hr\\\/#\\\/schema\\\/logo\\\/image\\\/\"}}]}<\/script>\n<!-- \/ Yoast SEO plugin. -->","yoast_head_json":{"title":"LJUDSKI \u010cIMBENIK U PROMETU (TISAK U BOJI), Eduard Missoni - Web-knji\u017eara","robots":{"index":"index","follow":"follow","max-snippet":"max-snippet:-1","max-image-preview":"max-image-preview:large","max-video-preview":"max-video-preview:-1"},"canonical":"https:\/\/webknjizara.hr\/proizvod\/ljudski-cimbenik-u-prometu-tisak-u-boji-eduard-missoni-686\/","og_locale":"en_US","og_type":"article","og_title":"LJUDSKI \u010cIMBENIK U PROMETU (TISAK U BOJI), Eduard Missoni - Web-knji\u017eara","og_description":"Sa\u017eetak:\u00a0 Nakon pro\u010ditanog djela, \u010ditatelj \u0107e mo\u0107i definirati osnovne pojmove o ulozi ljudskog \u010dimbenika u prometu, opisati zna\u010dajke: cestovnog, gradskog, zra\u010dnog, vodnog, po\u0161tanskog, \u017eeljezni\u010dkog i telekomunikacijskog, tj. svih vidova prometa na zdravlje \u010dovjeka. Nabrojati prednosti i nedostatke svakog vida, posebno opisati zna\u010dajke \u010dovjeka, kao najva\u017enijeg sudionika u svim vidovima prometnih mre\u017ea, te njegov me\u0111uodnos sa [&hellip;]","og_url":"https:\/\/webknjizara.hr\/proizvod\/ljudski-cimbenik-u-prometu-tisak-u-boji-eduard-missoni-686\/","og_site_name":"Web-knji\u017eara","article_modified_time":"2023-02-22T11:08:28+00:00","og_image":[{"width":573,"height":800,"url":"https:\/\/webknjizara.hr\/wp-content\/uploads\/nc\/images\/virtuemart\/product\/naslovnice-za-web.jpg","type":"image\/jpeg"}],"twitter_card":"summary_large_image","twitter_misc":{"Est. reading time":"4 minutes"},"schema":{"@context":"https:\/\/schema.org","@graph":[{"@type":"WebPage","@id":"https:\/\/webknjizara.hr\/proizvod\/ljudski-cimbenik-u-prometu-tisak-u-boji-eduard-missoni-686\/","url":"https:\/\/webknjizara.hr\/proizvod\/ljudski-cimbenik-u-prometu-tisak-u-boji-eduard-missoni-686\/","name":"LJUDSKI \u010cIMBENIK U PROMETU (TISAK U BOJI), Eduard Missoni - Web-knji\u017eara","isPartOf":{"@id":"https:\/\/webknjizara.hr\/#website"},"primaryImageOfPage":{"@id":"https:\/\/webknjizara.hr\/proizvod\/ljudski-cimbenik-u-prometu-tisak-u-boji-eduard-missoni-686\/#primaryimage"},"image":{"@id":"https:\/\/webknjizara.hr\/proizvod\/ljudski-cimbenik-u-prometu-tisak-u-boji-eduard-missoni-686\/#primaryimage"},"thumbnailUrl":"https:\/\/webknjizara.hr\/wp-content\/uploads\/nc\/images\/virtuemart\/product\/naslovnice-za-web.jpg","datePublished":"2017-08-29T08:03:31+00:00","dateModified":"2023-02-22T11:08:28+00:00","breadcrumb":{"@id":"https:\/\/webknjizara.hr\/proizvod\/ljudski-cimbenik-u-prometu-tisak-u-boji-eduard-missoni-686\/#breadcrumb"},"inLanguage":"en-US","potentialAction":[{"@type":"ReadAction","target":["https:\/\/webknjizara.hr\/proizvod\/ljudski-cimbenik-u-prometu-tisak-u-boji-eduard-missoni-686\/"]}]},{"@type":"ImageObject","inLanguage":"en-US","@id":"https:\/\/webknjizara.hr\/proizvod\/ljudski-cimbenik-u-prometu-tisak-u-boji-eduard-missoni-686\/#primaryimage","url":"https:\/\/webknjizara.hr\/wp-content\/uploads\/nc\/images\/virtuemart\/product\/naslovnice-za-web.jpg","contentUrl":"https:\/\/webknjizara.hr\/wp-content\/uploads\/nc\/images\/virtuemart\/product\/naslovnice-za-web.jpg","width":573,"height":800,"caption":"LJUDSKI \u010cIMBENIK U PROMETU (TISAK U BOJI), Eduard Missoni"},{"@type":"BreadcrumbList","@id":"https:\/\/webknjizara.hr\/proizvod\/ljudski-cimbenik-u-prometu-tisak-u-boji-eduard-missoni-686\/#breadcrumb","itemListElement":[{"@type":"ListItem","position":1,"name":"Po\u010detna stranica","item":"https:\/\/webknjizara.hr\/en\/"},{"@type":"ListItem","position":2,"name":"Shop","item":"https:\/\/webknjizara.hr\/shop\/"},{"@type":"ListItem","position":3,"name":"LJUDSKI \u010cIMBENIK U PROMETU (TISAK U BOJI), Eduard Missoni"}]},{"@type":"WebSite","@id":"https:\/\/webknjizara.hr\/#website","url":"https:\/\/webknjizara.hr\/","name":"Web Knji\u017eara","description":"","publisher":{"@id":"https:\/\/webknjizara.hr\/#organization"},"potentialAction":[{"@type":"SearchAction","target":{"@type":"EntryPoint","urlTemplate":"https:\/\/webknjizara.hr\/?s={search_term_string}"},"query-input":{"@type":"PropertyValueSpecification","valueRequired":true,"valueName":"search_term_string"}}],"inLanguage":"en-US"},{"@type":"Organization","@id":"https:\/\/webknjizara.hr\/#organization","name":"REDAK D.O.O.","url":"https:\/\/webknjizara.hr\/","logo":{"@type":"ImageObject","inLanguage":"en-US","@id":"https:\/\/webknjizara.hr\/#\/schema\/logo\/image\/","url":"https:\/\/webknjizara.hr\/wp-content\/uploads\/2023\/01\/web-knjizara-logo.webp","contentUrl":"https:\/\/webknjizara.hr\/wp-content\/uploads\/2023\/01\/web-knjizara-logo.webp","width":324,"height":79,"caption":"REDAK D.O.O."},"image":{"@id":"https:\/\/webknjizara.hr\/#\/schema\/logo\/image\/"}}]}},"_links":{"self":[{"href":"https:\/\/webknjizara.hr\/en\/wp-json\/wp\/v2\/product\/8549","targetHints":{"allow":["GET"]}}],"collection":[{"href":"https:\/\/webknjizara.hr\/en\/wp-json\/wp\/v2\/product"}],"about":[{"href":"https:\/\/webknjizara.hr\/en\/wp-json\/wp\/v2\/types\/product"}],"replies":[{"embeddable":true,"href":"https:\/\/webknjizara.hr\/en\/wp-json\/wp\/v2\/comments?post=8549"}],"wp:featuredmedia":[{"embeddable":true,"href":"https:\/\/webknjizara.hr\/en\/wp-json\/wp\/v2\/media\/8504"}],"wp:attachment":[{"href":"https:\/\/webknjizara.hr\/en\/wp-json\/wp\/v2\/media?parent=8549"}],"wp:term":[{"taxonomy":"product_brand","embeddable":true,"href":"https:\/\/webknjizara.hr\/en\/wp-json\/wp\/v2\/product_brand?post=8549"},{"taxonomy":"product_cat","embeddable":true,"href":"https:\/\/webknjizara.hr\/en\/wp-json\/wp\/v2\/product_cat?post=8549"},{"taxonomy":"product_tag","embeddable":true,"href":"https:\/\/webknjizara.hr\/en\/wp-json\/wp\/v2\/product_tag?post=8549"}],"curies":[{"name":"wp","href":"https:\/\/api.w.org\/{rel}","templated":true}]}}