{"id":8548,"date":"2017-08-29T08:03:10","date_gmt":"2017-08-29T08:03:10","guid":{"rendered":"https:\/\/webknjizara.hr\/?product=dronovi-furesti-ubojstvo-marija-juracic"},"modified":"2023-01-02T12:01:43","modified_gmt":"2023-01-02T12:01:43","slug":"dronovi-furesti-ubojstvo-marija-juracic-685","status":"publish","type":"product","link":"https:\/\/webknjizara.hr\/en\/proizvod\/dronovi-furesti-ubojstvo-marija-juracic-685\/","title":{"rendered":"DRONOVI, FURE\u0160TI, UBOJSTVO, Marija Jura\u010di\u0107"},"content":{"rendered":"<p style=\"text-align: justify;\"><strong>Sa\u017eetak:<\/strong>\u00a0<\/p>\n<p><em>&#8220;Roman spisateljice Marije Jura\u010di\u0107 \u201eDronovi, fure\u0161ti, ubojstvo\u201c tre\u0107i je u nizu romana o inspektorici Iki Ekl i njenom pomo\u0107niku Ninnu Ritziju. Istraga ubojstva mlade \u017eene, \u010diji je le\u0161 prona\u0111en na padinama U\u010dke, otvara \u010ditatelju pristup u razne dru\u0161tvene krugove, \u010dije anomalije autorica, lako\u0107om svog izra\u017eaja, preslikava na zbivanja u medijskoj ku\u0107i \u201eIstina\u201c. Zanimljiva kriminalisti\u010dka pri\u010da o monstruoznom planu i s iznena\u0111uju\u0107im raspletom, nadrasta svoje okvire i postaje \u017eiva slika sada\u0161njice u kojoj inteligencija i zlo\u0107a znaju rasti na istom izvoru, a ludilo lako prerasta sve eti\u010dke norme.&#8221;<\/em><\/p>\n<p style=\"text-align: justify;\">&#8211; Rozaida Naglav<\/p>\n<p style=\"text-align: justify;\"><strong>Bilje\u0161ka o autorici:<\/strong><\/p>\n<p style=\"text-align: justify;\">Marija Jura\u010di\u0107, profesorica knji\u017eevnosti i njema\u010dkog jezika, vlasnica je poetskog portala O\u010daravanje. Izdala je nekoliko zbirki poezije i romana, od kojih su romani \u201eUna\u201c i Ljubav u Pompejima\u201c prevedeni na njema\u010dki jezik i objavljeni u Njema\u010dkoj.\u00a0<\/p>\n<p style=\"text-align: justify;\">Svoje pjesme, humoreske i \u010dlanke o jeziku i knji\u017eevnosti objavljuje na poetskom portalu \u201eO\u010daravanje\u201c, \u010dasopisu \u201eHrvatski glas Berlin\u201c i \u010dasopisu \u201eAvlija\u201c.<\/p>\n<p style=\"text-align: justify;\">Marija Jura\u010di\u0107 urednica je niza zbirki poezije hrvatskih autora.<\/p>\n<p style=\"text-align: justify;\"><strong>Klju\u010dne rije\u010di:<\/strong>\u00a0\u201ekriminalisti\u010dki roman\u201c dronovi, ubojstvo<\/p>\n<p style=\"text-align: justify;\"><strong>Linkovi:<\/strong>\u00a0<br \/><a href=\"http:\/\/blog.dnevnik.hr\/julijetabek\/\">http:\/\/blog.dnevnik.hr\/julijetabek\/<br \/><\/a><a href=\"https:\/\/www.facebook.com\/ocarav\/\" target=\"_blank\" rel=\"noopener noreferrer\">https:\/\/www.facebook.com\/ocarav\/<\/a><\/p>\n<p style=\"text-align: justify;\"><strong>E-mail:<\/strong>\u00a0<a href=\"mailto:marijajuracic@net.hr\">Marija Jura\u010di\u0107<\/a>\u00a0<\/p>\n<p style=\"text-align: justify;\"><strong>Naslov:<\/strong>\u00a0Dronovi, fure\u0161ti, ubojstvo<br \/><strong>Autorica:<\/strong>\u00a0Marija Jura\u010di\u0107<br \/><strong>Broj stranica:<\/strong>\u00a0290<br \/><strong>Nakladnik:<\/strong>\u00a0REDAK<br \/><strong>Godina izdanja:<\/strong>\u00a02017.<br \/><strong>ISBN:<\/strong>\u00a0978-953-336-405-6<br \/><strong>Tisak:<\/strong>\u00a0digitalni tisak knjiga &#8211; print na zahtjev\u00a0<\/p>\n<hr \/>\n<p style=\"text-align: justify;\"><strong>Kako naru\u010diti knjigu?\u00a0<\/strong>Proces online kupovine jednako funkcionira za sve kupce, s jedinom razlikom u tome \u0161to \u0161to kupci iz inozemstva za podru\u010dje dostave moraju odabrati &#8220;Europa&#8221; ili &#8220;Ostale zemlje svijeta&#8221;, a za vrstu pla\u0107anja WSPay (kreditna kartica) ili Virmanom (bankovni transfer).<\/p>\n<p style=\"text-align: justify;\">Molimo kliknite ovdje za\u00a0<a href=\"hr\/kako-kupovati\" target=\"_blank\" rel=\"noopener noreferrer\">detaljni vodi\u010d kroz proces narud\u017ebe<\/a>\u00a0ili nas\u00a0<a href=\"hr\/kontakt\" target=\"_blank\" rel=\"noopener noreferrer\">kontaktirajte<\/a>\u00a0za vi\u0161e informacija.<\/p>\n<div id=\"_mcePaste\" class=\"mcePaste mceItemVisualAid mceItemLayer\" style=\"position: absolute; left: 0px; top: -25px; width: 1px; height: 1px; overflow: hidden; text-align: justify;\">\n<p class=\"MsoNormal\"><b>Sa\u017eetak:<\/b>Roman spisateljice Marije Jura\u010di\u0107 \u201eDronovi, fure\u0161ti, ubojstvo\u201c tre\u0107i je u nizu romana o inspektorici Iki Ekl i njenom pomo\u0107niku Ninnu Ritziju. Istraga ubojstva mlade \u017eene, \u010diji je le\u0161 prona\u0111en na padinama U\u010dke, otvara \u010ditatelju pristup u razne dru\u0161tvene krugove, \u010dije anomalije autorica, lako\u0107om svog izra\u017eaja, preslikava na zbivanja u medijskoj ku\u0107i \u201e<i>Istina<\/i>\u201c. Zanimljiva kriminalisti\u010dka pri\u010da o monstruoznom planu i s iznena\u0111uju\u0107im raspletom, nadrasta svoje okvire i postaje \u017eiva slika sada\u0161njice u kojoj inteligencija i zlo\u0107a znaju rasti na istom izvoru, a ludilo lako prerasta sve eti\u010dke norme.<\/p>\n<p class=\"MsoNormal\">Rozaida Naglav<\/p>\n<p class=\"MsoNormal\"><b>\u00a0<\/b><\/p>\n<p class=\"MsoNormal\">\u00a0<\/p>\n<p class=\"MsoNormal\" style=\"margin-bottom: .0001pt; line-height: normal;\"><b>Bilje\u0161ka o autoru\/autorici:\u00a0<\/b>Marija Jura\u010di\u0107, profesorica knji\u017eevnosti i njema\u010dkog jezika, vlasnica je poetskog portala O\u010daravanje. Izdala je nekoliko zbirki poezije i romana, od kojih su romani \u201eUna\u201c i Ljubav u Pompejima\u201c prevedeni na njema\u010dki jezik i objavljeni u Njema\u010dkoj.<\/p>\n<p class=\"MsoNormal\" style=\"margin-bottom: .0001pt; line-height: normal;\">Svoje pjesme, humoreske i \u010dlanke o jeziku i knji\u017eevnosti objavljuje na poetskom portalu \u201eO\u010daravanje\u201c, \u010dasopisu \u201eHrvatski glas Berlin\u201c i \u010dasopisu \u201eAvlija\u201c.<\/p>\n<p class=\"MsoNormal\" style=\"margin-bottom: .0001pt; line-height: normal;\">Marija Jura\u010di\u0107 urednica je niza zbirki poezije hrvatskih autora.<\/p>\n<p class=\"MsoNormal\">\u00a0<\/p>\n<p class=\"MsoNormal\"><b>Klju\u010dne rije\u010di:\u00a0<\/b>\u201ekriminalisti\u010dki roman\u201c dronovi, ubojstvo<\/p>\n<p class=\"MsoNormal\" style=\"margin-bottom: .0001pt; line-height: normal;\"><b>Link:\u00a0<\/b><a href=\"http:\/\/blog.dnevnik.hr\/julijetabek\/\">http:\/\/blog.dnevnik.hr\/julijetabek\/<\/a><\/p>\n<p class=\"MsoNormal\" style=\"margin-bottom: .0001pt; line-height: normal;\">\u00a0<\/p>\n<p class=\"MsoNormal\" style=\"margin-bottom: .0001pt; line-height: normal;\"><a href=\"https:\/\/www.facebook.com\/ocarav\/\">https:\/\/www.facebook.com\/ocarav\/<\/a><\/p>\n<p class=\"MsoNormal\">\u00a0MERGEFIELD LINK<\/p>\n<p class=\"MsoNormal\"><b>E-mail:\u00a0<\/b>\u00a0MERGEFIELD MAIL_ da<\/p>\n<p class=\"MsoNormal\">marijajuracic@net.hr<\/p>\n<p class=\"MsoNormal\"><b>newsletter da<\/b><\/p>\n<p class=\"MsoNormal\">\u00a0<\/p>\n<p><strong>Naslov:\u00a0<\/strong><strong>\u00a0MERGEFIELD NAZIV_KNJIGE\u00a0<\/strong>Dronovi, fure\u0161ti, ubojstvo<br \/><strong>Autor:<\/strong>\u00a0MERGEFIELD &#8220;AUTOR&#8221; Marija Jura\u010di\u0107<br \/><strong>Broj stranica:\u00a0<\/strong>\u00a0MERGEFIELD BROJ_STRANICA 290<br \/><strong>Nakladnik:\u00a0<\/strong><strong>\u00a0MERGEFIELD NAKLADNIK\u00a0<\/strong>REDAK<br \/><strong>Godina izdanja:\u00a0<\/strong><strong>\u00a0MERGEFIELD GODINA_IZDANJA\u00a0<\/strong>2017<strong>.<br \/><\/strong><strong>ISBN:<\/strong>\u00a0MERGEFIELD ISBN 978-953-336-405-6<br \/><strong>Tisak:<\/strong>digitalni tisak knjiga &#8211; print na zahtjev<\/div>\n","protected":false},"excerpt":{"rendered":"<p>Sa\u017eetak:\u00a0 &#8220;Roman spisateljice Marije Jura\u010di\u0107 \u201eDronovi, fure\u0161ti, ubojstvo\u201c tre\u0107i je u nizu romana o inspektorici Iki Ekl i njenom pomo\u0107niku Ninnu Ritziju. Istraga ubojstva mlade \u017eene, \u010diji je le\u0161 prona\u0111en na padinama U\u010dke, otvara \u010ditatelju pristup u razne dru\u0161tvene krugove, \u010dije anomalije autorica, lako\u0107om svog izra\u017eaja, preslikava na zbivanja u medijskoj ku\u0107i \u201eIstina\u201c. Zanimljiva kriminalisti\u010dka [&hellip;]<\/p>\n","protected":false},"featured_media":8502,"comment_status":"open","ping_status":"closed","template":"","meta":{"_acf_changed":false},"product_brand":[],"product_cat":[1510],"product_tag":[],"class_list":{"0":"post-8548","1":"product","2":"type-product","3":"status-publish","4":"has-post-thumbnail","6":"product_cat-nekategorizirane","8":"first","9":"instock","10":"shipping-taxable","11":"purchasable","12":"product-type-simple"},"acf":[],"yoast_head":"<!-- This site is optimized with the Yoast SEO plugin v27.3 - https:\/\/yoast.com\/product\/yoast-seo-wordpress\/ -->\n<title>DRONOVI, FURE\u0160TI, UBOJSTVO, Marija Jura\u010di\u0107 - Web-knji\u017eara<\/title>\n<meta name=\"robots\" content=\"index, follow, max-snippet:-1, max-image-preview:large, max-video-preview:-1\" \/>\n<link rel=\"canonical\" href=\"https:\/\/webknjizara.hr\/proizvod\/dronovi-furesti-ubojstvo-marija-juracic-685\/\" \/>\n<meta property=\"og:locale\" content=\"en_US\" \/>\n<meta property=\"og:type\" content=\"article\" \/>\n<meta property=\"og:title\" content=\"DRONOVI, FURE\u0160TI, UBOJSTVO, Marija Jura\u010di\u0107 - Web-knji\u017eara\" \/>\n<meta property=\"og:description\" content=\"Sa\u017eetak:\u00a0 &#8220;Roman spisateljice Marije Jura\u010di\u0107 \u201eDronovi, fure\u0161ti, ubojstvo\u201c tre\u0107i je u nizu romana o inspektorici Iki Ekl i njenom pomo\u0107niku Ninnu Ritziju. Istraga ubojstva mlade \u017eene, \u010diji je le\u0161 prona\u0111en na padinama U\u010dke, otvara \u010ditatelju pristup u razne dru\u0161tvene krugove, \u010dije anomalije autorica, lako\u0107om svog izra\u017eaja, preslikava na zbivanja u medijskoj ku\u0107i \u201eIstina\u201c. Zanimljiva kriminalisti\u010dka [&hellip;]\" \/>\n<meta property=\"og:url\" content=\"https:\/\/webknjizara.hr\/proizvod\/dronovi-furesti-ubojstvo-marija-juracic-685\/\" \/>\n<meta property=\"og:site_name\" content=\"Web-knji\u017eara\" \/>\n<meta property=\"article:modified_time\" content=\"2023-01-02T12:01:43+00:00\" \/>\n<meta property=\"og:image\" content=\"https:\/\/webknjizara.hr\/wp-content\/uploads\/nc\/images\/virtuemart\/product\/Juracic_naslovnica.jpg\" \/>\n\t<meta property=\"og:image:width\" content=\"573\" \/>\n\t<meta property=\"og:image:height\" content=\"800\" \/>\n\t<meta property=\"og:image:type\" content=\"image\/jpeg\" \/>\n<meta name=\"twitter:card\" content=\"summary_large_image\" \/>\n<meta name=\"twitter:label1\" content=\"Est. reading time\" \/>\n\t<meta name=\"twitter:data1\" content=\"3 minutes\" \/>\n<script type=\"application\/ld+json\" class=\"yoast-schema-graph\">{\"@context\":\"https:\\\/\\\/schema.org\",\"@graph\":[{\"@type\":\"WebPage\",\"@id\":\"https:\\\/\\\/webknjizara.hr\\\/proizvod\\\/dronovi-furesti-ubojstvo-marija-juracic-685\\\/\",\"url\":\"https:\\\/\\\/webknjizara.hr\\\/proizvod\\\/dronovi-furesti-ubojstvo-marija-juracic-685\\\/\",\"name\":\"DRONOVI, FURE\u0160TI, UBOJSTVO, Marija Jura\u010di\u0107 - Web-knji\u017eara\",\"isPartOf\":{\"@id\":\"https:\\\/\\\/webknjizara.hr\\\/#website\"},\"primaryImageOfPage\":{\"@id\":\"https:\\\/\\\/webknjizara.hr\\\/proizvod\\\/dronovi-furesti-ubojstvo-marija-juracic-685\\\/#primaryimage\"},\"image\":{\"@id\":\"https:\\\/\\\/webknjizara.hr\\\/proizvod\\\/dronovi-furesti-ubojstvo-marija-juracic-685\\\/#primaryimage\"},\"thumbnailUrl\":\"https:\\\/\\\/webknjizara.hr\\\/wp-content\\\/uploads\\\/nc\\\/images\\\/virtuemart\\\/product\\\/Juracic_naslovnica.jpg\",\"datePublished\":\"2017-08-29T08:03:10+00:00\",\"dateModified\":\"2023-01-02T12:01:43+00:00\",\"breadcrumb\":{\"@id\":\"https:\\\/\\\/webknjizara.hr\\\/proizvod\\\/dronovi-furesti-ubojstvo-marija-juracic-685\\\/#breadcrumb\"},\"inLanguage\":\"en-US\",\"potentialAction\":[{\"@type\":\"ReadAction\",\"target\":[\"https:\\\/\\\/webknjizara.hr\\\/proizvod\\\/dronovi-furesti-ubojstvo-marija-juracic-685\\\/\"]}]},{\"@type\":\"ImageObject\",\"inLanguage\":\"en-US\",\"@id\":\"https:\\\/\\\/webknjizara.hr\\\/proizvod\\\/dronovi-furesti-ubojstvo-marija-juracic-685\\\/#primaryimage\",\"url\":\"https:\\\/\\\/webknjizara.hr\\\/wp-content\\\/uploads\\\/nc\\\/images\\\/virtuemart\\\/product\\\/Juracic_naslovnica.jpg\",\"contentUrl\":\"https:\\\/\\\/webknjizara.hr\\\/wp-content\\\/uploads\\\/nc\\\/images\\\/virtuemart\\\/product\\\/Juracic_naslovnica.jpg\",\"width\":573,\"height\":800,\"caption\":\"DRONOVI, FURE\u0160TI, UBOJSTVO, Marija Jura\u010di\u0107\"},{\"@type\":\"BreadcrumbList\",\"@id\":\"https:\\\/\\\/webknjizara.hr\\\/proizvod\\\/dronovi-furesti-ubojstvo-marija-juracic-685\\\/#breadcrumb\",\"itemListElement\":[{\"@type\":\"ListItem\",\"position\":1,\"name\":\"Po\u010detna stranica\",\"item\":\"https:\\\/\\\/webknjizara.hr\\\/en\\\/\"},{\"@type\":\"ListItem\",\"position\":2,\"name\":\"Shop\",\"item\":\"https:\\\/\\\/webknjizara.hr\\\/shop\\\/\"},{\"@type\":\"ListItem\",\"position\":3,\"name\":\"DRONOVI, FURE\u0160TI, UBOJSTVO, Marija Jura\u010di\u0107\"}]},{\"@type\":\"WebSite\",\"@id\":\"https:\\\/\\\/webknjizara.hr\\\/#website\",\"url\":\"https:\\\/\\\/webknjizara.hr\\\/\",\"name\":\"Web Knji\u017eara\",\"description\":\"\",\"publisher\":{\"@id\":\"https:\\\/\\\/webknjizara.hr\\\/#organization\"},\"potentialAction\":[{\"@type\":\"SearchAction\",\"target\":{\"@type\":\"EntryPoint\",\"urlTemplate\":\"https:\\\/\\\/webknjizara.hr\\\/?s={search_term_string}\"},\"query-input\":{\"@type\":\"PropertyValueSpecification\",\"valueRequired\":true,\"valueName\":\"search_term_string\"}}],\"inLanguage\":\"en-US\"},{\"@type\":\"Organization\",\"@id\":\"https:\\\/\\\/webknjizara.hr\\\/#organization\",\"name\":\"REDAK D.O.O.\",\"url\":\"https:\\\/\\\/webknjizara.hr\\\/\",\"logo\":{\"@type\":\"ImageObject\",\"inLanguage\":\"en-US\",\"@id\":\"https:\\\/\\\/webknjizara.hr\\\/#\\\/schema\\\/logo\\\/image\\\/\",\"url\":\"https:\\\/\\\/webknjizara.hr\\\/wp-content\\\/uploads\\\/2023\\\/01\\\/web-knjizara-logo.webp\",\"contentUrl\":\"https:\\\/\\\/webknjizara.hr\\\/wp-content\\\/uploads\\\/2023\\\/01\\\/web-knjizara-logo.webp\",\"width\":324,\"height\":79,\"caption\":\"REDAK D.O.O.\"},\"image\":{\"@id\":\"https:\\\/\\\/webknjizara.hr\\\/#\\\/schema\\\/logo\\\/image\\\/\"}}]}<\/script>\n<!-- \/ Yoast SEO plugin. -->","yoast_head_json":{"title":"DRONOVI, FURE\u0160TI, UBOJSTVO, Marija Jura\u010di\u0107 - Web-knji\u017eara","robots":{"index":"index","follow":"follow","max-snippet":"max-snippet:-1","max-image-preview":"max-image-preview:large","max-video-preview":"max-video-preview:-1"},"canonical":"https:\/\/webknjizara.hr\/proizvod\/dronovi-furesti-ubojstvo-marija-juracic-685\/","og_locale":"en_US","og_type":"article","og_title":"DRONOVI, FURE\u0160TI, UBOJSTVO, Marija Jura\u010di\u0107 - Web-knji\u017eara","og_description":"Sa\u017eetak:\u00a0 &#8220;Roman spisateljice Marije Jura\u010di\u0107 \u201eDronovi, fure\u0161ti, ubojstvo\u201c tre\u0107i je u nizu romana o inspektorici Iki Ekl i njenom pomo\u0107niku Ninnu Ritziju. Istraga ubojstva mlade \u017eene, \u010diji je le\u0161 prona\u0111en na padinama U\u010dke, otvara \u010ditatelju pristup u razne dru\u0161tvene krugove, \u010dije anomalije autorica, lako\u0107om svog izra\u017eaja, preslikava na zbivanja u medijskoj ku\u0107i \u201eIstina\u201c. Zanimljiva kriminalisti\u010dka [&hellip;]","og_url":"https:\/\/webknjizara.hr\/proizvod\/dronovi-furesti-ubojstvo-marija-juracic-685\/","og_site_name":"Web-knji\u017eara","article_modified_time":"2023-01-02T12:01:43+00:00","og_image":[{"width":573,"height":800,"url":"https:\/\/webknjizara.hr\/wp-content\/uploads\/nc\/images\/virtuemart\/product\/Juracic_naslovnica.jpg","type":"image\/jpeg"}],"twitter_card":"summary_large_image","twitter_misc":{"Est. reading time":"3 minutes"},"schema":{"@context":"https:\/\/schema.org","@graph":[{"@type":"WebPage","@id":"https:\/\/webknjizara.hr\/proizvod\/dronovi-furesti-ubojstvo-marija-juracic-685\/","url":"https:\/\/webknjizara.hr\/proizvod\/dronovi-furesti-ubojstvo-marija-juracic-685\/","name":"DRONOVI, FURE\u0160TI, UBOJSTVO, Marija Jura\u010di\u0107 - Web-knji\u017eara","isPartOf":{"@id":"https:\/\/webknjizara.hr\/#website"},"primaryImageOfPage":{"@id":"https:\/\/webknjizara.hr\/proizvod\/dronovi-furesti-ubojstvo-marija-juracic-685\/#primaryimage"},"image":{"@id":"https:\/\/webknjizara.hr\/proizvod\/dronovi-furesti-ubojstvo-marija-juracic-685\/#primaryimage"},"thumbnailUrl":"https:\/\/webknjizara.hr\/wp-content\/uploads\/nc\/images\/virtuemart\/product\/Juracic_naslovnica.jpg","datePublished":"2017-08-29T08:03:10+00:00","dateModified":"2023-01-02T12:01:43+00:00","breadcrumb":{"@id":"https:\/\/webknjizara.hr\/proizvod\/dronovi-furesti-ubojstvo-marija-juracic-685\/#breadcrumb"},"inLanguage":"en-US","potentialAction":[{"@type":"ReadAction","target":["https:\/\/webknjizara.hr\/proizvod\/dronovi-furesti-ubojstvo-marija-juracic-685\/"]}]},{"@type":"ImageObject","inLanguage":"en-US","@id":"https:\/\/webknjizara.hr\/proizvod\/dronovi-furesti-ubojstvo-marija-juracic-685\/#primaryimage","url":"https:\/\/webknjizara.hr\/wp-content\/uploads\/nc\/images\/virtuemart\/product\/Juracic_naslovnica.jpg","contentUrl":"https:\/\/webknjizara.hr\/wp-content\/uploads\/nc\/images\/virtuemart\/product\/Juracic_naslovnica.jpg","width":573,"height":800,"caption":"DRONOVI, FURE\u0160TI, UBOJSTVO, Marija Jura\u010di\u0107"},{"@type":"BreadcrumbList","@id":"https:\/\/webknjizara.hr\/proizvod\/dronovi-furesti-ubojstvo-marija-juracic-685\/#breadcrumb","itemListElement":[{"@type":"ListItem","position":1,"name":"Po\u010detna stranica","item":"https:\/\/webknjizara.hr\/en\/"},{"@type":"ListItem","position":2,"name":"Shop","item":"https:\/\/webknjizara.hr\/shop\/"},{"@type":"ListItem","position":3,"name":"DRONOVI, FURE\u0160TI, UBOJSTVO, Marija Jura\u010di\u0107"}]},{"@type":"WebSite","@id":"https:\/\/webknjizara.hr\/#website","url":"https:\/\/webknjizara.hr\/","name":"Web Knji\u017eara","description":"","publisher":{"@id":"https:\/\/webknjizara.hr\/#organization"},"potentialAction":[{"@type":"SearchAction","target":{"@type":"EntryPoint","urlTemplate":"https:\/\/webknjizara.hr\/?s={search_term_string}"},"query-input":{"@type":"PropertyValueSpecification","valueRequired":true,"valueName":"search_term_string"}}],"inLanguage":"en-US"},{"@type":"Organization","@id":"https:\/\/webknjizara.hr\/#organization","name":"REDAK D.O.O.","url":"https:\/\/webknjizara.hr\/","logo":{"@type":"ImageObject","inLanguage":"en-US","@id":"https:\/\/webknjizara.hr\/#\/schema\/logo\/image\/","url":"https:\/\/webknjizara.hr\/wp-content\/uploads\/2023\/01\/web-knjizara-logo.webp","contentUrl":"https:\/\/webknjizara.hr\/wp-content\/uploads\/2023\/01\/web-knjizara-logo.webp","width":324,"height":79,"caption":"REDAK D.O.O."},"image":{"@id":"https:\/\/webknjizara.hr\/#\/schema\/logo\/image\/"}}]}},"_links":{"self":[{"href":"https:\/\/webknjizara.hr\/en\/wp-json\/wp\/v2\/product\/8548","targetHints":{"allow":["GET"]}}],"collection":[{"href":"https:\/\/webknjizara.hr\/en\/wp-json\/wp\/v2\/product"}],"about":[{"href":"https:\/\/webknjizara.hr\/en\/wp-json\/wp\/v2\/types\/product"}],"replies":[{"embeddable":true,"href":"https:\/\/webknjizara.hr\/en\/wp-json\/wp\/v2\/comments?post=8548"}],"wp:featuredmedia":[{"embeddable":true,"href":"https:\/\/webknjizara.hr\/en\/wp-json\/wp\/v2\/media\/8502"}],"wp:attachment":[{"href":"https:\/\/webknjizara.hr\/en\/wp-json\/wp\/v2\/media?parent=8548"}],"wp:term":[{"taxonomy":"product_brand","embeddable":true,"href":"https:\/\/webknjizara.hr\/en\/wp-json\/wp\/v2\/product_brand?post=8548"},{"taxonomy":"product_cat","embeddable":true,"href":"https:\/\/webknjizara.hr\/en\/wp-json\/wp\/v2\/product_cat?post=8548"},{"taxonomy":"product_tag","embeddable":true,"href":"https:\/\/webknjizara.hr\/en\/wp-json\/wp\/v2\/product_tag?post=8548"}],"curies":[{"name":"wp","href":"https:\/\/api.w.org\/{rel}","templated":true}]}}