{"id":8543,"date":"2017-08-29T07:52:55","date_gmt":"2017-08-29T07:52:55","guid":{"rendered":"https:\/\/webknjizara.hr\/?product=planiranje-zracnog-prijevoza-tisak-crno-bijeli-grupa-autora"},"modified":"2023-02-22T12:08:28","modified_gmt":"2023-02-22T11:08:28","slug":"planiranje-zracnog-prijevoza-tisak-crno-bijeli-grupa-autora-681","status":"publish","type":"product","link":"https:\/\/webknjizara.hr\/en\/proizvod\/planiranje-zracnog-prijevoza-tisak-crno-bijeli-grupa-autora-681\/","title":{"rendered":"PLANIRANJE ZRA\u010cNOG PRIJEVOZA (TISAK CRNO &#8211; BIJELI), grupa autora"},"content":{"rendered":"<p style=\"text-align: justify;\"><strong>Sa\u017eetak:<\/strong>\u00a0<\/p>\n<p>Ud\u017ebenik \u201ePlaniranje zra\u010dnog prijevoza\u201c sustavno obra\u0111uje osam sadr\u017eajnih cjelina. Prvi dio sadr\u017ei analizu i ocjenu razvoja zra\u010dnog prometa u svijetu s trendovima promjena koji su okvir za odabir optimalnog poslovnog modela zra\u010dnog prijevoznika. Drugo poglavlje uklju\u010duje detaljnu razradu klju\u010dnih pokazatelja uspje\u0161nosti zra\u010dnih prijevoznika. Sljede\u0107e poglavlje s detaljnim prikazom pokazatelja produktivnosti zrakoplovne kompanije prirodno se nastavlja na prethodnu sadr\u017eajnu cjelinu opisuju\u0107i i suvremene modele ukupne produktivnosti. Klju\u010dne sadr\u017eajne cjeline u \u010detvrtom i petom poglavlju fokusirane su na planiranje i strategiju zrakoplovne kompanije, a posebno su izdvojeni temeljni procesi planiranja koji se odnose na flotu zrakoplova, red letenja, planiranje posada zrakoplova i optimalne potro\u0161nje goriva. Da bi prikaz komponenata planiranih sadr\u017eaja u zra\u010dnom prijevozu bio kompletiran, obra\u0111ena su i poglavlja o sustavima za upravljanje prihodima, modelima profitabilnosti ruta te na kraju i prigodnim prognozama razvoja zra\u010dnog prijevoza u svijetu, Europi i u Hrvatskoj Svako poglavlje zavr\u0161ava s primjerima iz prakse, koji zaokru\u017euju cjelovitost opisanih poslovnih procesa i aktivnosti.<\/p>\n<p style=\"text-align: justify;\"><strong>Bilje\u0161ka o autorima:<\/strong>\u00a0<\/p>\n<p><strong>Mirko Tatalovi\u0107<\/strong>\u00a0ro\u0111en je 1950. godine u Dre\u017enici, Ogulin, Hrvatska. Na Prometnom fakultetu u Zagrebu diplomirao je 1974. godine., a na Ekonomskom fakultetu u Zagrebu diplomirao je 1975. godine. Poslijediplomski studij poha\u0111a na Fakultetu za pomorstvo i saobra\u0107aj u Rijeci, gdje magistrira 1989. godine. Doktorsku disertaciju pod naslovom \u201ePrometno-tehnolo\u0161ki \u010dimbenici optimalizacije produktivnosti zrakoplovne tvrtke\u201c obranio je 2004. godine na Fakultetu prometnih znanosti u Zagrebu.\u00a0<\/p>\n<p style=\"text-align: justify;\"><strong>Ivan Mi\u0161eti\u0107<\/strong>\u00a0je ro\u0111en 1961. u Plo\u010dama. Na Ekonomskom fakultetu Sveu\u010dili\u0161ta u Zagrebu i diplomirao je 1983. godine. Magistrirao je s temom Marketing putni\u010dkih agencija, a doktorirao s disertacijom Upravljanje marketingom zrakoplovnih tvrtki.\u00a0<\/p>\n<p><strong>Jasmin Baji\u0107, dipl. oec.<\/strong>, ro\u0111en je 1959. godine u Tesli\u0107u, u Bosni i Hercegovini. Na Ekonomskom fakultetu Univerziteta u Sarajevu diplomirao je 1983. godine.\u00a0<\/p>\n<p>Trenuta\u010dno je doktorand na doktorskom studiju poslovne ekonomije Ekonomskog fakulteta u Rijeci.<\/p>\n<p>Navedeni su autori knjige \u201eMenad\u017ement zrakoplovne kompanije\u201c u nakladi Mate d.o.o. iz 2012. godine.\u00a0<br \/><strong><br \/>Klju\u010dne rije\u010di:<\/strong>\u00a0Zra\u010dni prijevoz, zrakoplovna kompanija, planiranje, strategija, pokazatelji uspje\u0161nosti, produktivnost, profitabilnost.<\/p>\n<p style=\"text-align: justify;\"><strong>Naslov:<\/strong>\u00a0Planiranje zra\u010dnog prijevoza (tisak crno &#8211; bijeli)<br \/><strong>Autor:<\/strong>\u00a0Mirko Tatalovi\u0107, Ivan Mi\u0161eti\u0107, Jasmin Baji\u0107<br \/><strong>Broj stranica:<\/strong>\u00a0362<br \/><strong>Nakladnik:<\/strong>\u00a0Fakultet prometnih znanosti Zagreb<br \/><strong>Godina izdanja:<\/strong>\u00a02017.<br \/><strong>ISBN:<\/strong>\u00a0978-953-243-087-5<br \/><strong>Tisak:<\/strong>\u00a0digitalni tisak knjiga &#8211; print na zahtjev\u00a0<\/p>\n<hr \/>\n<p style=\"text-align: justify;\"><strong>Kako naru\u010diti knjigu?\u00a0<\/strong>Proces online kupovine jednako funkcionira za sve kupce, s jedinom razlikom u tome \u0161to \u0161to kupci iz inozemstva za podru\u010dje dostave moraju odabrati &#8220;Europa&#8221; ili &#8220;Ostale zemlje svijeta&#8221;, a za vrstu pla\u0107anja WSPay (kreditna kartica) ili Virmanom (bankovni transfer).<\/p>\n<p style=\"text-align: justify;\">Molimo kliknite ovdje za\u00a0<a href=\"hr\/kako-kupovati\" target=\"_blank\" rel=\"noopener noreferrer\">detaljni vodi\u010d kroz proces narud\u017ebe<\/a>\u00a0ili nas\u00a0<a href=\"hr\/kontakt\" target=\"_blank\" rel=\"noopener noreferrer\">kontaktirajte<\/a>\u00a0za vi\u0161e informacija.<\/p>\n","protected":false},"excerpt":{"rendered":"<p>Sa\u017eetak:\u00a0 Ud\u017ebenik \u201ePlaniranje zra\u010dnog prijevoza\u201c sustavno obra\u0111uje osam sadr\u017eajnih cjelina. Prvi dio sadr\u017ei analizu i ocjenu razvoja zra\u010dnog prometa u svijetu s trendovima promjena koji su okvir za odabir optimalnog poslovnog modela zra\u010dnog prijevoznika. Drugo poglavlje uklju\u010duje detaljnu razradu klju\u010dnih pokazatelja uspje\u0161nosti zra\u010dnih prijevoznika. Sljede\u0107e poglavlje s detaljnim prikazom pokazatelja produktivnosti zrakoplovne kompanije prirodno se [&hellip;]<\/p>\n","protected":false},"featured_media":8494,"comment_status":"open","ping_status":"closed","template":"","meta":{"_acf_changed":false},"product_brand":[],"product_cat":[1527],"product_tag":[],"class_list":{"0":"post-8543","1":"product","2":"type-product","3":"status-publish","4":"has-post-thumbnail","6":"product_cat-sveucilisni-udzbenici","8":"first","9":"instock","10":"shipping-taxable","11":"purchasable","12":"product-type-simple"},"acf":[],"yoast_head":"<!-- This site is optimized with the Yoast SEO plugin v27.3 - https:\/\/yoast.com\/product\/yoast-seo-wordpress\/ -->\n<title>PLANIRANJE ZRA\u010cNOG PRIJEVOZA (TISAK CRNO - BIJELI), grupa autora - Web-knji\u017eara<\/title>\n<meta name=\"robots\" content=\"index, follow, max-snippet:-1, max-image-preview:large, max-video-preview:-1\" \/>\n<link rel=\"canonical\" href=\"https:\/\/webknjizara.hr\/proizvod\/planiranje-zracnog-prijevoza-tisak-crno-bijeli-grupa-autora-681\/\" \/>\n<meta property=\"og:locale\" content=\"en_US\" \/>\n<meta property=\"og:type\" content=\"article\" \/>\n<meta property=\"og:title\" content=\"PLANIRANJE ZRA\u010cNOG PRIJEVOZA (TISAK CRNO - BIJELI), grupa autora - Web-knji\u017eara\" \/>\n<meta property=\"og:description\" content=\"Sa\u017eetak:\u00a0 Ud\u017ebenik \u201ePlaniranje zra\u010dnog prijevoza\u201c sustavno obra\u0111uje osam sadr\u017eajnih cjelina. Prvi dio sadr\u017ei analizu i ocjenu razvoja zra\u010dnog prometa u svijetu s trendovima promjena koji su okvir za odabir optimalnog poslovnog modela zra\u010dnog prijevoznika. Drugo poglavlje uklju\u010duje detaljnu razradu klju\u010dnih pokazatelja uspje\u0161nosti zra\u010dnih prijevoznika. Sljede\u0107e poglavlje s detaljnim prikazom pokazatelja produktivnosti zrakoplovne kompanije prirodno se [&hellip;]\" \/>\n<meta property=\"og:url\" content=\"https:\/\/webknjizara.hr\/proizvod\/planiranje-zracnog-prijevoza-tisak-crno-bijeli-grupa-autora-681\/\" \/>\n<meta property=\"og:site_name\" content=\"Web-knji\u017eara\" \/>\n<meta property=\"article:modified_time\" content=\"2023-02-22T11:08:28+00:00\" \/>\n<meta property=\"og:image\" content=\"https:\/\/webknjizara.hr\/wp-content\/uploads\/nc\/images\/virtuemart\/product\/Naslovnica_za_web5.jpg\" \/>\n\t<meta property=\"og:image:width\" content=\"560\" \/>\n\t<meta property=\"og:image:height\" content=\"800\" \/>\n\t<meta property=\"og:image:type\" content=\"image\/jpeg\" \/>\n<meta name=\"twitter:card\" content=\"summary_large_image\" \/>\n<meta name=\"twitter:label1\" content=\"Est. reading time\" \/>\n\t<meta name=\"twitter:data1\" content=\"2 minutes\" \/>\n<script type=\"application\/ld+json\" class=\"yoast-schema-graph\">{\"@context\":\"https:\\\/\\\/schema.org\",\"@graph\":[{\"@type\":\"WebPage\",\"@id\":\"https:\\\/\\\/webknjizara.hr\\\/proizvod\\\/planiranje-zracnog-prijevoza-tisak-crno-bijeli-grupa-autora-681\\\/\",\"url\":\"https:\\\/\\\/webknjizara.hr\\\/proizvod\\\/planiranje-zracnog-prijevoza-tisak-crno-bijeli-grupa-autora-681\\\/\",\"name\":\"PLANIRANJE ZRA\u010cNOG PRIJEVOZA (TISAK CRNO - BIJELI), grupa autora - Web-knji\u017eara\",\"isPartOf\":{\"@id\":\"https:\\\/\\\/webknjizara.hr\\\/#website\"},\"primaryImageOfPage\":{\"@id\":\"https:\\\/\\\/webknjizara.hr\\\/proizvod\\\/planiranje-zracnog-prijevoza-tisak-crno-bijeli-grupa-autora-681\\\/#primaryimage\"},\"image\":{\"@id\":\"https:\\\/\\\/webknjizara.hr\\\/proizvod\\\/planiranje-zracnog-prijevoza-tisak-crno-bijeli-grupa-autora-681\\\/#primaryimage\"},\"thumbnailUrl\":\"https:\\\/\\\/webknjizara.hr\\\/wp-content\\\/uploads\\\/nc\\\/images\\\/virtuemart\\\/product\\\/Naslovnica_za_web5.jpg\",\"datePublished\":\"2017-08-29T07:52:55+00:00\",\"dateModified\":\"2023-02-22T11:08:28+00:00\",\"breadcrumb\":{\"@id\":\"https:\\\/\\\/webknjizara.hr\\\/proizvod\\\/planiranje-zracnog-prijevoza-tisak-crno-bijeli-grupa-autora-681\\\/#breadcrumb\"},\"inLanguage\":\"en-US\",\"potentialAction\":[{\"@type\":\"ReadAction\",\"target\":[\"https:\\\/\\\/webknjizara.hr\\\/proizvod\\\/planiranje-zracnog-prijevoza-tisak-crno-bijeli-grupa-autora-681\\\/\"]}]},{\"@type\":\"ImageObject\",\"inLanguage\":\"en-US\",\"@id\":\"https:\\\/\\\/webknjizara.hr\\\/proizvod\\\/planiranje-zracnog-prijevoza-tisak-crno-bijeli-grupa-autora-681\\\/#primaryimage\",\"url\":\"https:\\\/\\\/webknjizara.hr\\\/wp-content\\\/uploads\\\/nc\\\/images\\\/virtuemart\\\/product\\\/Naslovnica_za_web5.jpg\",\"contentUrl\":\"https:\\\/\\\/webknjizara.hr\\\/wp-content\\\/uploads\\\/nc\\\/images\\\/virtuemart\\\/product\\\/Naslovnica_za_web5.jpg\",\"width\":560,\"height\":800,\"caption\":\"PLANIRANJE ZRA\u010cNOG PRIJEVOZA (TISAK CRNO - BIJELI), grupa autora\"},{\"@type\":\"BreadcrumbList\",\"@id\":\"https:\\\/\\\/webknjizara.hr\\\/proizvod\\\/planiranje-zracnog-prijevoza-tisak-crno-bijeli-grupa-autora-681\\\/#breadcrumb\",\"itemListElement\":[{\"@type\":\"ListItem\",\"position\":1,\"name\":\"Po\u010detna stranica\",\"item\":\"https:\\\/\\\/webknjizara.hr\\\/en\\\/\"},{\"@type\":\"ListItem\",\"position\":2,\"name\":\"Shop\",\"item\":\"https:\\\/\\\/webknjizara.hr\\\/shop\\\/\"},{\"@type\":\"ListItem\",\"position\":3,\"name\":\"PLANIRANJE ZRA\u010cNOG PRIJEVOZA (TISAK CRNO &#8211; BIJELI), grupa autora\"}]},{\"@type\":\"WebSite\",\"@id\":\"https:\\\/\\\/webknjizara.hr\\\/#website\",\"url\":\"https:\\\/\\\/webknjizara.hr\\\/\",\"name\":\"Web Knji\u017eara\",\"description\":\"\",\"publisher\":{\"@id\":\"https:\\\/\\\/webknjizara.hr\\\/#organization\"},\"potentialAction\":[{\"@type\":\"SearchAction\",\"target\":{\"@type\":\"EntryPoint\",\"urlTemplate\":\"https:\\\/\\\/webknjizara.hr\\\/?s={search_term_string}\"},\"query-input\":{\"@type\":\"PropertyValueSpecification\",\"valueRequired\":true,\"valueName\":\"search_term_string\"}}],\"inLanguage\":\"en-US\"},{\"@type\":\"Organization\",\"@id\":\"https:\\\/\\\/webknjizara.hr\\\/#organization\",\"name\":\"REDAK D.O.O.\",\"url\":\"https:\\\/\\\/webknjizara.hr\\\/\",\"logo\":{\"@type\":\"ImageObject\",\"inLanguage\":\"en-US\",\"@id\":\"https:\\\/\\\/webknjizara.hr\\\/#\\\/schema\\\/logo\\\/image\\\/\",\"url\":\"https:\\\/\\\/webknjizara.hr\\\/wp-content\\\/uploads\\\/2023\\\/01\\\/web-knjizara-logo.webp\",\"contentUrl\":\"https:\\\/\\\/webknjizara.hr\\\/wp-content\\\/uploads\\\/2023\\\/01\\\/web-knjizara-logo.webp\",\"width\":324,\"height\":79,\"caption\":\"REDAK D.O.O.\"},\"image\":{\"@id\":\"https:\\\/\\\/webknjizara.hr\\\/#\\\/schema\\\/logo\\\/image\\\/\"}}]}<\/script>\n<!-- \/ Yoast SEO plugin. -->","yoast_head_json":{"title":"PLANIRANJE ZRA\u010cNOG PRIJEVOZA (TISAK CRNO - BIJELI), grupa autora - Web-knji\u017eara","robots":{"index":"index","follow":"follow","max-snippet":"max-snippet:-1","max-image-preview":"max-image-preview:large","max-video-preview":"max-video-preview:-1"},"canonical":"https:\/\/webknjizara.hr\/proizvod\/planiranje-zracnog-prijevoza-tisak-crno-bijeli-grupa-autora-681\/","og_locale":"en_US","og_type":"article","og_title":"PLANIRANJE ZRA\u010cNOG PRIJEVOZA (TISAK CRNO - BIJELI), grupa autora - Web-knji\u017eara","og_description":"Sa\u017eetak:\u00a0 Ud\u017ebenik \u201ePlaniranje zra\u010dnog prijevoza\u201c sustavno obra\u0111uje osam sadr\u017eajnih cjelina. Prvi dio sadr\u017ei analizu i ocjenu razvoja zra\u010dnog prometa u svijetu s trendovima promjena koji su okvir za odabir optimalnog poslovnog modela zra\u010dnog prijevoznika. Drugo poglavlje uklju\u010duje detaljnu razradu klju\u010dnih pokazatelja uspje\u0161nosti zra\u010dnih prijevoznika. Sljede\u0107e poglavlje s detaljnim prikazom pokazatelja produktivnosti zrakoplovne kompanije prirodno se [&hellip;]","og_url":"https:\/\/webknjizara.hr\/proizvod\/planiranje-zracnog-prijevoza-tisak-crno-bijeli-grupa-autora-681\/","og_site_name":"Web-knji\u017eara","article_modified_time":"2023-02-22T11:08:28+00:00","og_image":[{"width":560,"height":800,"url":"https:\/\/webknjizara.hr\/wp-content\/uploads\/nc\/images\/virtuemart\/product\/Naslovnica_za_web5.jpg","type":"image\/jpeg"}],"twitter_card":"summary_large_image","twitter_misc":{"Est. reading time":"2 minutes"},"schema":{"@context":"https:\/\/schema.org","@graph":[{"@type":"WebPage","@id":"https:\/\/webknjizara.hr\/proizvod\/planiranje-zracnog-prijevoza-tisak-crno-bijeli-grupa-autora-681\/","url":"https:\/\/webknjizara.hr\/proizvod\/planiranje-zracnog-prijevoza-tisak-crno-bijeli-grupa-autora-681\/","name":"PLANIRANJE ZRA\u010cNOG PRIJEVOZA (TISAK CRNO - BIJELI), grupa autora - Web-knji\u017eara","isPartOf":{"@id":"https:\/\/webknjizara.hr\/#website"},"primaryImageOfPage":{"@id":"https:\/\/webknjizara.hr\/proizvod\/planiranje-zracnog-prijevoza-tisak-crno-bijeli-grupa-autora-681\/#primaryimage"},"image":{"@id":"https:\/\/webknjizara.hr\/proizvod\/planiranje-zracnog-prijevoza-tisak-crno-bijeli-grupa-autora-681\/#primaryimage"},"thumbnailUrl":"https:\/\/webknjizara.hr\/wp-content\/uploads\/nc\/images\/virtuemart\/product\/Naslovnica_za_web5.jpg","datePublished":"2017-08-29T07:52:55+00:00","dateModified":"2023-02-22T11:08:28+00:00","breadcrumb":{"@id":"https:\/\/webknjizara.hr\/proizvod\/planiranje-zracnog-prijevoza-tisak-crno-bijeli-grupa-autora-681\/#breadcrumb"},"inLanguage":"en-US","potentialAction":[{"@type":"ReadAction","target":["https:\/\/webknjizara.hr\/proizvod\/planiranje-zracnog-prijevoza-tisak-crno-bijeli-grupa-autora-681\/"]}]},{"@type":"ImageObject","inLanguage":"en-US","@id":"https:\/\/webknjizara.hr\/proizvod\/planiranje-zracnog-prijevoza-tisak-crno-bijeli-grupa-autora-681\/#primaryimage","url":"https:\/\/webknjizara.hr\/wp-content\/uploads\/nc\/images\/virtuemart\/product\/Naslovnica_za_web5.jpg","contentUrl":"https:\/\/webknjizara.hr\/wp-content\/uploads\/nc\/images\/virtuemart\/product\/Naslovnica_za_web5.jpg","width":560,"height":800,"caption":"PLANIRANJE ZRA\u010cNOG PRIJEVOZA (TISAK CRNO - BIJELI), grupa autora"},{"@type":"BreadcrumbList","@id":"https:\/\/webknjizara.hr\/proizvod\/planiranje-zracnog-prijevoza-tisak-crno-bijeli-grupa-autora-681\/#breadcrumb","itemListElement":[{"@type":"ListItem","position":1,"name":"Po\u010detna stranica","item":"https:\/\/webknjizara.hr\/en\/"},{"@type":"ListItem","position":2,"name":"Shop","item":"https:\/\/webknjizara.hr\/shop\/"},{"@type":"ListItem","position":3,"name":"PLANIRANJE ZRA\u010cNOG PRIJEVOZA (TISAK CRNO &#8211; BIJELI), grupa autora"}]},{"@type":"WebSite","@id":"https:\/\/webknjizara.hr\/#website","url":"https:\/\/webknjizara.hr\/","name":"Web Knji\u017eara","description":"","publisher":{"@id":"https:\/\/webknjizara.hr\/#organization"},"potentialAction":[{"@type":"SearchAction","target":{"@type":"EntryPoint","urlTemplate":"https:\/\/webknjizara.hr\/?s={search_term_string}"},"query-input":{"@type":"PropertyValueSpecification","valueRequired":true,"valueName":"search_term_string"}}],"inLanguage":"en-US"},{"@type":"Organization","@id":"https:\/\/webknjizara.hr\/#organization","name":"REDAK D.O.O.","url":"https:\/\/webknjizara.hr\/","logo":{"@type":"ImageObject","inLanguage":"en-US","@id":"https:\/\/webknjizara.hr\/#\/schema\/logo\/image\/","url":"https:\/\/webknjizara.hr\/wp-content\/uploads\/2023\/01\/web-knjizara-logo.webp","contentUrl":"https:\/\/webknjizara.hr\/wp-content\/uploads\/2023\/01\/web-knjizara-logo.webp","width":324,"height":79,"caption":"REDAK D.O.O."},"image":{"@id":"https:\/\/webknjizara.hr\/#\/schema\/logo\/image\/"}}]}},"_links":{"self":[{"href":"https:\/\/webknjizara.hr\/en\/wp-json\/wp\/v2\/product\/8543","targetHints":{"allow":["GET"]}}],"collection":[{"href":"https:\/\/webknjizara.hr\/en\/wp-json\/wp\/v2\/product"}],"about":[{"href":"https:\/\/webknjizara.hr\/en\/wp-json\/wp\/v2\/types\/product"}],"replies":[{"embeddable":true,"href":"https:\/\/webknjizara.hr\/en\/wp-json\/wp\/v2\/comments?post=8543"}],"wp:featuredmedia":[{"embeddable":true,"href":"https:\/\/webknjizara.hr\/en\/wp-json\/wp\/v2\/media\/8494"}],"wp:attachment":[{"href":"https:\/\/webknjizara.hr\/en\/wp-json\/wp\/v2\/media?parent=8543"}],"wp:term":[{"taxonomy":"product_brand","embeddable":true,"href":"https:\/\/webknjizara.hr\/en\/wp-json\/wp\/v2\/product_brand?post=8543"},{"taxonomy":"product_cat","embeddable":true,"href":"https:\/\/webknjizara.hr\/en\/wp-json\/wp\/v2\/product_cat?post=8543"},{"taxonomy":"product_tag","embeddable":true,"href":"https:\/\/webknjizara.hr\/en\/wp-json\/wp\/v2\/product_tag?post=8543"}],"curies":[{"name":"wp","href":"https:\/\/api.w.org\/{rel}","templated":true}]}}