{"id":8485,"date":"2017-05-13T20:49:24","date_gmt":"2017-05-13T20:49:24","guid":{"rendered":"https:\/\/webknjizara.hr\/?product=vlad-i-bijela-draga-%e2%80%93-ljubavne-pjesme-njeznog-vampira"},"modified":"2023-02-27T00:17:06","modified_gmt":"2023-02-26T23:17:06","slug":"vlad-i-bijela-draga-ljubavne-pjesme-njeznog-vampira","status":"publish","type":"product","link":"https:\/\/webknjizara.hr\/en\/proizvod\/vlad-i-bijela-draga-ljubavne-pjesme-njeznog-vampira\/","title":{"rendered":"VLAD I BIJELA DRAGA \u2013 LJUBAVNE PJESME NJE\u017dNOG VAMPIRA"},"content":{"rendered":"<p style=\"text-align: justify;\"><strong>Sa\u017eetak:<\/strong> <\/p>\n<p>Vlad se pojavio 2012. godine na poetskom portalu \u201eO\u010daravanje\u201c, \u017eivio je na njemu vi\u0161e od godinu dana kao alter ego pjesnikinje. <br \/>Uvjeren sam da vas ime glavnog junaka asocira na okrutnog vampira Vlada Tepe\u0161a koji je obitavao negdje u visokim planinama Transilvanije, no Vlad iz ove zbirke ne nosi gene svog stra\u0161nog prethodnika. <\/p>\n<p>Je li poetsko nadahnu\u0107e pjesnikinje bio taj Vlad ili je ime puka slu\u010dajnost, nije va\u017eno za ovu pri\u010du. I ovaj Vlad nedefinirane starosti, ali dubokog iskustva i znanja, \u017eivi u hladnom, mra\u010dnom dvorcu, negdje u surim planinama, a jedino mu dru\u0161tvo prave vukovi oko dvorca i njegova bijela, krhka draga koju on ljubi zaneseno, nje\u017eno, iznad svega posesivno, u tu\u017enoj spoznaji da ga ona ne osje\u0107a, da ga odbija na pasivan, ali mo\u0107an na\u010din te ostaje hladna i daleka. <\/p>\n<p>Sna\u017ean je pjesni\u010dki do\u017eivljaj autorice ove zbirke, koja ni sadr\u017eajem ni izrazom ne podsje\u0107a na ni\u0161ta, \u0161to je ona do sada napisala\u2026<\/p>\n<p style=\"text-align: justify;\">Neobi\u010dna je i kompozicija zbirke. U gotovo svakoj pjesmi govori Vlad, ali govori i njegova draga. Unutarnji su to monolozi koji se ukr\u0161tavaju, ali se izravno ne dodiruju, izviru iz du\u0161e, iz uma, ali se ne izmjenjuju, ostaju zatvoreni u dva svijeta od kojih jedan, onaj mra\u010dan, \u017eudi i voli, a drugi, onaj svijetao ostaje nedodirljiv, hladan.<\/p>\n<p style=\"text-align: justify;\">&#8211; Mr.sc. Bo\u017eidar Pasari\u0107, prof.<\/p>\n<p style=\"text-align: justify;\"><strong>Bilje\u0161ka o autorici:<\/strong> <\/p>\n<p>Marija Jura\u010di\u0107, profesorica knji\u017eevnosti i njema\u010dkog jezika, vlasnica je poetskog portala O\u010daravanje. Izdala je nekoliko zbirki poezije i romana, od kojih su romani <a href=\"hr\/component\/virtuemart\/?page=shop.product_details&#038;flypage=flypage.tpl&#038;category_id=4&#038;product_id=328\" target=\"_blank\" rel=\"noopener\">\u201eUna\u201c<\/a> i <a href=\"hr\/about-joomla?page=shop.product_details&#038;flypage=flypage.tpl&#038;category_id=4&#038;product_id=345&#038;vmcchk=1\" target=\"_blank\" rel=\"noopener\">&#8220;Ljubav u Pompejima\u201c<\/a> prevedeni na njema\u010dki jezik i objavljeni u Njema\u010dkoj. <\/p>\n<p>O zbirci pjesama \u201eVlad i bijela draga\u201c autorica ka\u017ee:<\/p>\n<p><em>&#8220;Pohodio me jedne no\u0107i kao sjena, u\u0161ao mi u srce i od tog trenutka zagospodario njime. Diktirao mi je pjesme, obi\u010dno ranim jutrom dok se Sunce jo\u0161 ne bi javilo na obzorju. Na portalu O\u010daravanje postao je osoba, pomalo luckasta, beskrajno osamljena i puna ljubavi prema Ljubavi \u010dovjeka za drugo bi\u0107e. <\/em><\/p>\n<p><em>Vlad je vampir i ne leti s an\u0111elima. On je sam, druga\u010diji, jedini od svoje vrste, iskorijenjen i progonjen, ali i njemu treba utjeha. To je znao i onaj koji je zbog nas postao \u010covjek, spoznao svu ljudsku bol i zlobu i nije se bojao ni gubavaca, ni razbojnika, ni tame, ni isku\u0161enja. Dijelio je kap dobrote i samilosti, gdjegod je svojom ljudskom inkarnacijom mogao doprijeti.<\/em><\/p>\n<p><em>Vlad je imaginacija, ne treba mu krv u ovom krvavome vijeku. Njemu, stra\u0161nome i prezrenom, bi\u0107u s pogre\u0161nom du\u0161om, treba samo topla ljudska rije\u010d. I ljubav.&#8221;<\/em><\/p>\n<p style=\"text-align: justify;\"><strong>Klju\u010dne rije\u010di:<\/strong> \u201eLjubav nje\u017enog vampira\u201c<\/p>\n<p><strong>Linkovi:<\/strong>\u00a0<br \/><a href=\"http:\/\/blog.dnevnik.hr\/julijetabek\/\">http:\/\/blog.dnevnik.hr\/julijetabek\/<br \/><\/a><a href=\"https:\/\/www.facebook.com\/ocarav\/\">https:\/\/www.facebook.com\/ocarav\/<\/a><\/p>\n<p style=\"text-align: justify;\"><strong>E-mail:<\/strong> <a href=\"mailto:marijajuracic@net.hr\">Marija Jura\u010di\u0107<\/a><\/p>\n<p style=\"text-align: justify;\"><strong>Naslov:<\/strong> Vlad i bijela draga \u2013 Ljubavne pjesme nje\u017enog vampira<br \/><strong>Autorica:<\/strong> Marija Jura\u010di\u0107<br \/><strong>Broj stranica:<\/strong> 86<br \/><strong>Nakladnik:<\/strong> REDAK<br \/><strong>Godina izdanja:<\/strong> 2017.<br \/><strong>ISBN:<\/strong> 978-953-336-403-2<br \/><strong>Tisak:<\/strong> digitalni tisak knjiga &#8211; print na zahtjev\u00a0<\/p>\n<hr \/>\n<p style=\"text-align: justify;\"><strong>Kako naru\u010diti knjigu?\u00a0<\/strong>Proces online kupovine jednako funkcionira za sve kupce, s jedinom razlikom u tome \u0161to \u0161to kupci iz inozemstva za podru\u010dje dostave moraju odabrati &#8220;Europa&#8221; ili &#8220;Ostale zemlje svijeta&#8221;, a za vrstu pla\u0107anja WSPay (kreditna kartica) ili Virmanom (bankovni transfer).<\/p>\n<p style=\"text-align: justify;\">Molimo kliknite ovdje za\u00a0<a href=\"hr\/kako-kupovati\" target=\"_blank\" rel=\"noopener\">detaljni vodi\u010d kroz proces narud\u017ebe<\/a>\u00a0ili nas\u00a0<a href=\"hr\/kontakt\" target=\"_blank\" rel=\"noopener\">kontaktirajte<\/a>\u00a0za vi\u0161e informacija.<\/p>\n","protected":false},"excerpt":{"rendered":"<p>Sa\u017eetak: Vlad se pojavio 2012. godine na poetskom portalu \u201eO\u010daravanje\u201c, \u017eivio je na njemu vi\u0161e od godinu dana kao alter ego pjesnikinje. Uvjeren sam da vas ime glavnog junaka asocira na okrutnog vampira Vlada Tepe\u0161a koji je obitavao negdje u visokim planinama Transilvanije, no Vlad iz ove zbirke ne nosi gene svog stra\u0161nog prethodnika. Je [&hellip;]<\/p>\n","protected":false},"featured_media":8486,"comment_status":"open","ping_status":"closed","template":"","meta":{"_acf_changed":false},"product_brand":[],"product_cat":[1515,1383,1385],"product_tag":[],"class_list":{"0":"post-8485","1":"product","2":"type-product","3":"status-publish","4":"has-post-thumbnail","6":"product_cat-romani","7":"product_cat-knjige","8":"product_cat-knjizevnost","9":"pa_autor-marija-juracic","10":"pa_nakladnik-redak","12":"first","13":"instock","14":"shipping-taxable","15":"purchasable","16":"product-type-simple"},"acf":[],"yoast_head":"<!-- This site is optimized with the Yoast SEO plugin v27.3 - https:\/\/yoast.com\/product\/yoast-seo-wordpress\/ -->\n<title>VLAD I BIJELA DRAGA \u2013 LJUBAVNE PJESME NJE\u017dNOG VAMPIRA - Web-knji\u017eara<\/title>\n<meta name=\"robots\" content=\"index, follow, max-snippet:-1, max-image-preview:large, max-video-preview:-1\" \/>\n<link rel=\"canonical\" href=\"https:\/\/webknjizara.hr\/proizvod\/vlad-i-bijela-draga-ljubavne-pjesme-njeznog-vampira\/\" \/>\n<meta property=\"og:locale\" content=\"en_US\" \/>\n<meta property=\"og:type\" content=\"article\" \/>\n<meta property=\"og:title\" content=\"VLAD I BIJELA DRAGA \u2013 LJUBAVNE PJESME NJE\u017dNOG VAMPIRA - Web-knji\u017eara\" \/>\n<meta property=\"og:description\" content=\"Sa\u017eetak: Vlad se pojavio 2012. godine na poetskom portalu \u201eO\u010daravanje\u201c, \u017eivio je na njemu vi\u0161e od godinu dana kao alter ego pjesnikinje. Uvjeren sam da vas ime glavnog junaka asocira na okrutnog vampira Vlada Tepe\u0161a koji je obitavao negdje u visokim planinama Transilvanije, no Vlad iz ove zbirke ne nosi gene svog stra\u0161nog prethodnika. Je [&hellip;]\" \/>\n<meta property=\"og:url\" content=\"https:\/\/webknjizara.hr\/proizvod\/vlad-i-bijela-draga-ljubavne-pjesme-njeznog-vampira\/\" \/>\n<meta property=\"og:site_name\" content=\"Web-knji\u017eara\" \/>\n<meta property=\"article:modified_time\" content=\"2023-02-26T23:17:06+00:00\" \/>\n<meta property=\"og:image\" content=\"https:\/\/webknjizara.hr\/wp-content\/uploads\/nc\/images\/virtuemart\/product\/vlad-i-bijela-dr-59177154ab871.jpg\" \/>\n\t<meta property=\"og:image:width\" content=\"565\" \/>\n\t<meta property=\"og:image:height\" content=\"800\" \/>\n\t<meta property=\"og:image:type\" content=\"image\/jpeg\" \/>\n<meta name=\"twitter:card\" content=\"summary_large_image\" \/>\n<meta name=\"twitter:label1\" content=\"Est. reading time\" \/>\n\t<meta name=\"twitter:data1\" content=\"3 minutes\" \/>\n<script type=\"application\/ld+json\" class=\"yoast-schema-graph\">{\"@context\":\"https:\\\/\\\/schema.org\",\"@graph\":[{\"@type\":\"WebPage\",\"@id\":\"https:\\\/\\\/webknjizara.hr\\\/proizvod\\\/vlad-i-bijela-draga-ljubavne-pjesme-njeznog-vampira\\\/\",\"url\":\"https:\\\/\\\/webknjizara.hr\\\/proizvod\\\/vlad-i-bijela-draga-ljubavne-pjesme-njeznog-vampira\\\/\",\"name\":\"VLAD I BIJELA DRAGA \u2013 LJUBAVNE PJESME NJE\u017dNOG VAMPIRA - Web-knji\u017eara\",\"isPartOf\":{\"@id\":\"https:\\\/\\\/webknjizara.hr\\\/#website\"},\"primaryImageOfPage\":{\"@id\":\"https:\\\/\\\/webknjizara.hr\\\/proizvod\\\/vlad-i-bijela-draga-ljubavne-pjesme-njeznog-vampira\\\/#primaryimage\"},\"image\":{\"@id\":\"https:\\\/\\\/webknjizara.hr\\\/proizvod\\\/vlad-i-bijela-draga-ljubavne-pjesme-njeznog-vampira\\\/#primaryimage\"},\"thumbnailUrl\":\"https:\\\/\\\/webknjizara.hr\\\/wp-content\\\/uploads\\\/nc\\\/images\\\/virtuemart\\\/product\\\/vlad-i-bijela-dr-59177154ab871.jpg\",\"datePublished\":\"2017-05-13T20:49:24+00:00\",\"dateModified\":\"2023-02-26T23:17:06+00:00\",\"breadcrumb\":{\"@id\":\"https:\\\/\\\/webknjizara.hr\\\/proizvod\\\/vlad-i-bijela-draga-ljubavne-pjesme-njeznog-vampira\\\/#breadcrumb\"},\"inLanguage\":\"en-US\",\"potentialAction\":[{\"@type\":\"ReadAction\",\"target\":[\"https:\\\/\\\/webknjizara.hr\\\/proizvod\\\/vlad-i-bijela-draga-ljubavne-pjesme-njeznog-vampira\\\/\"]}]},{\"@type\":\"ImageObject\",\"inLanguage\":\"en-US\",\"@id\":\"https:\\\/\\\/webknjizara.hr\\\/proizvod\\\/vlad-i-bijela-draga-ljubavne-pjesme-njeznog-vampira\\\/#primaryimage\",\"url\":\"https:\\\/\\\/webknjizara.hr\\\/wp-content\\\/uploads\\\/nc\\\/images\\\/virtuemart\\\/product\\\/vlad-i-bijela-dr-59177154ab871.jpg\",\"contentUrl\":\"https:\\\/\\\/webknjizara.hr\\\/wp-content\\\/uploads\\\/nc\\\/images\\\/virtuemart\\\/product\\\/vlad-i-bijela-dr-59177154ab871.jpg\",\"width\":565,\"height\":800,\"caption\":\"VLAD I BIJELA DRAGA \u2013 LJUBAVNE PJESME NJE\u017dNOG VAMPIRA\"},{\"@type\":\"BreadcrumbList\",\"@id\":\"https:\\\/\\\/webknjizara.hr\\\/proizvod\\\/vlad-i-bijela-draga-ljubavne-pjesme-njeznog-vampira\\\/#breadcrumb\",\"itemListElement\":[{\"@type\":\"ListItem\",\"position\":1,\"name\":\"Po\u010detna stranica\",\"item\":\"https:\\\/\\\/webknjizara.hr\\\/en\\\/\"},{\"@type\":\"ListItem\",\"position\":2,\"name\":\"Shop\",\"item\":\"https:\\\/\\\/webknjizara.hr\\\/shop\\\/\"},{\"@type\":\"ListItem\",\"position\":3,\"name\":\"VLAD I BIJELA DRAGA \u2013 LJUBAVNE PJESME NJE\u017dNOG VAMPIRA\"}]},{\"@type\":\"WebSite\",\"@id\":\"https:\\\/\\\/webknjizara.hr\\\/#website\",\"url\":\"https:\\\/\\\/webknjizara.hr\\\/\",\"name\":\"Web Knji\u017eara\",\"description\":\"\",\"publisher\":{\"@id\":\"https:\\\/\\\/webknjizara.hr\\\/#organization\"},\"potentialAction\":[{\"@type\":\"SearchAction\",\"target\":{\"@type\":\"EntryPoint\",\"urlTemplate\":\"https:\\\/\\\/webknjizara.hr\\\/?s={search_term_string}\"},\"query-input\":{\"@type\":\"PropertyValueSpecification\",\"valueRequired\":true,\"valueName\":\"search_term_string\"}}],\"inLanguage\":\"en-US\"},{\"@type\":\"Organization\",\"@id\":\"https:\\\/\\\/webknjizara.hr\\\/#organization\",\"name\":\"REDAK D.O.O.\",\"url\":\"https:\\\/\\\/webknjizara.hr\\\/\",\"logo\":{\"@type\":\"ImageObject\",\"inLanguage\":\"en-US\",\"@id\":\"https:\\\/\\\/webknjizara.hr\\\/#\\\/schema\\\/logo\\\/image\\\/\",\"url\":\"https:\\\/\\\/webknjizara.hr\\\/wp-content\\\/uploads\\\/2023\\\/01\\\/web-knjizara-logo.webp\",\"contentUrl\":\"https:\\\/\\\/webknjizara.hr\\\/wp-content\\\/uploads\\\/2023\\\/01\\\/web-knjizara-logo.webp\",\"width\":324,\"height\":79,\"caption\":\"REDAK D.O.O.\"},\"image\":{\"@id\":\"https:\\\/\\\/webknjizara.hr\\\/#\\\/schema\\\/logo\\\/image\\\/\"}}]}<\/script>\n<!-- \/ Yoast SEO plugin. -->","yoast_head_json":{"title":"VLAD I BIJELA DRAGA \u2013 LJUBAVNE PJESME NJE\u017dNOG VAMPIRA - Web-knji\u017eara","robots":{"index":"index","follow":"follow","max-snippet":"max-snippet:-1","max-image-preview":"max-image-preview:large","max-video-preview":"max-video-preview:-1"},"canonical":"https:\/\/webknjizara.hr\/proizvod\/vlad-i-bijela-draga-ljubavne-pjesme-njeznog-vampira\/","og_locale":"en_US","og_type":"article","og_title":"VLAD I BIJELA DRAGA \u2013 LJUBAVNE PJESME NJE\u017dNOG VAMPIRA - Web-knji\u017eara","og_description":"Sa\u017eetak: Vlad se pojavio 2012. godine na poetskom portalu \u201eO\u010daravanje\u201c, \u017eivio je na njemu vi\u0161e od godinu dana kao alter ego pjesnikinje. Uvjeren sam da vas ime glavnog junaka asocira na okrutnog vampira Vlada Tepe\u0161a koji je obitavao negdje u visokim planinama Transilvanije, no Vlad iz ove zbirke ne nosi gene svog stra\u0161nog prethodnika. Je [&hellip;]","og_url":"https:\/\/webknjizara.hr\/proizvod\/vlad-i-bijela-draga-ljubavne-pjesme-njeznog-vampira\/","og_site_name":"Web-knji\u017eara","article_modified_time":"2023-02-26T23:17:06+00:00","og_image":[{"width":565,"height":800,"url":"https:\/\/webknjizara.hr\/wp-content\/uploads\/nc\/images\/virtuemart\/product\/vlad-i-bijela-dr-59177154ab871.jpg","type":"image\/jpeg"}],"twitter_card":"summary_large_image","twitter_misc":{"Est. reading time":"3 minutes"},"schema":{"@context":"https:\/\/schema.org","@graph":[{"@type":"WebPage","@id":"https:\/\/webknjizara.hr\/proizvod\/vlad-i-bijela-draga-ljubavne-pjesme-njeznog-vampira\/","url":"https:\/\/webknjizara.hr\/proizvod\/vlad-i-bijela-draga-ljubavne-pjesme-njeznog-vampira\/","name":"VLAD I BIJELA DRAGA \u2013 LJUBAVNE PJESME NJE\u017dNOG VAMPIRA - Web-knji\u017eara","isPartOf":{"@id":"https:\/\/webknjizara.hr\/#website"},"primaryImageOfPage":{"@id":"https:\/\/webknjizara.hr\/proizvod\/vlad-i-bijela-draga-ljubavne-pjesme-njeznog-vampira\/#primaryimage"},"image":{"@id":"https:\/\/webknjizara.hr\/proizvod\/vlad-i-bijela-draga-ljubavne-pjesme-njeznog-vampira\/#primaryimage"},"thumbnailUrl":"https:\/\/webknjizara.hr\/wp-content\/uploads\/nc\/images\/virtuemart\/product\/vlad-i-bijela-dr-59177154ab871.jpg","datePublished":"2017-05-13T20:49:24+00:00","dateModified":"2023-02-26T23:17:06+00:00","breadcrumb":{"@id":"https:\/\/webknjizara.hr\/proizvod\/vlad-i-bijela-draga-ljubavne-pjesme-njeznog-vampira\/#breadcrumb"},"inLanguage":"en-US","potentialAction":[{"@type":"ReadAction","target":["https:\/\/webknjizara.hr\/proizvod\/vlad-i-bijela-draga-ljubavne-pjesme-njeznog-vampira\/"]}]},{"@type":"ImageObject","inLanguage":"en-US","@id":"https:\/\/webknjizara.hr\/proizvod\/vlad-i-bijela-draga-ljubavne-pjesme-njeznog-vampira\/#primaryimage","url":"https:\/\/webknjizara.hr\/wp-content\/uploads\/nc\/images\/virtuemart\/product\/vlad-i-bijela-dr-59177154ab871.jpg","contentUrl":"https:\/\/webknjizara.hr\/wp-content\/uploads\/nc\/images\/virtuemart\/product\/vlad-i-bijela-dr-59177154ab871.jpg","width":565,"height":800,"caption":"VLAD I BIJELA DRAGA \u2013 LJUBAVNE PJESME NJE\u017dNOG VAMPIRA"},{"@type":"BreadcrumbList","@id":"https:\/\/webknjizara.hr\/proizvod\/vlad-i-bijela-draga-ljubavne-pjesme-njeznog-vampira\/#breadcrumb","itemListElement":[{"@type":"ListItem","position":1,"name":"Po\u010detna stranica","item":"https:\/\/webknjizara.hr\/en\/"},{"@type":"ListItem","position":2,"name":"Shop","item":"https:\/\/webknjizara.hr\/shop\/"},{"@type":"ListItem","position":3,"name":"VLAD I BIJELA DRAGA \u2013 LJUBAVNE PJESME NJE\u017dNOG VAMPIRA"}]},{"@type":"WebSite","@id":"https:\/\/webknjizara.hr\/#website","url":"https:\/\/webknjizara.hr\/","name":"Web Knji\u017eara","description":"","publisher":{"@id":"https:\/\/webknjizara.hr\/#organization"},"potentialAction":[{"@type":"SearchAction","target":{"@type":"EntryPoint","urlTemplate":"https:\/\/webknjizara.hr\/?s={search_term_string}"},"query-input":{"@type":"PropertyValueSpecification","valueRequired":true,"valueName":"search_term_string"}}],"inLanguage":"en-US"},{"@type":"Organization","@id":"https:\/\/webknjizara.hr\/#organization","name":"REDAK D.O.O.","url":"https:\/\/webknjizara.hr\/","logo":{"@type":"ImageObject","inLanguage":"en-US","@id":"https:\/\/webknjizara.hr\/#\/schema\/logo\/image\/","url":"https:\/\/webknjizara.hr\/wp-content\/uploads\/2023\/01\/web-knjizara-logo.webp","contentUrl":"https:\/\/webknjizara.hr\/wp-content\/uploads\/2023\/01\/web-knjizara-logo.webp","width":324,"height":79,"caption":"REDAK D.O.O."},"image":{"@id":"https:\/\/webknjizara.hr\/#\/schema\/logo\/image\/"}}]}},"_links":{"self":[{"href":"https:\/\/webknjizara.hr\/en\/wp-json\/wp\/v2\/product\/8485","targetHints":{"allow":["GET"]}}],"collection":[{"href":"https:\/\/webknjizara.hr\/en\/wp-json\/wp\/v2\/product"}],"about":[{"href":"https:\/\/webknjizara.hr\/en\/wp-json\/wp\/v2\/types\/product"}],"replies":[{"embeddable":true,"href":"https:\/\/webknjizara.hr\/en\/wp-json\/wp\/v2\/comments?post=8485"}],"wp:featuredmedia":[{"embeddable":true,"href":"https:\/\/webknjizara.hr\/en\/wp-json\/wp\/v2\/media\/8486"}],"wp:attachment":[{"href":"https:\/\/webknjizara.hr\/en\/wp-json\/wp\/v2\/media?parent=8485"}],"wp:term":[{"taxonomy":"product_brand","embeddable":true,"href":"https:\/\/webknjizara.hr\/en\/wp-json\/wp\/v2\/product_brand?post=8485"},{"taxonomy":"product_cat","embeddable":true,"href":"https:\/\/webknjizara.hr\/en\/wp-json\/wp\/v2\/product_cat?post=8485"},{"taxonomy":"product_tag","embeddable":true,"href":"https:\/\/webknjizara.hr\/en\/wp-json\/wp\/v2\/product_tag?post=8485"}],"curies":[{"name":"wp","href":"https:\/\/api.w.org\/{rel}","templated":true}]}}