{"id":8483,"date":"2017-05-10T22:43:58","date_gmt":"2017-05-10T22:43:58","guid":{"rendered":"https:\/\/webknjizara.hr\/?product=putevima-svitanja-brankica-stanic"},"modified":"2023-02-27T00:17:06","modified_gmt":"2023-02-26T23:17:06","slug":"putevima-svitanja-brankica-stanic","status":"publish","type":"product","link":"https:\/\/webknjizara.hr\/en\/proizvod\/putevima-svitanja-brankica-stanic\/","title":{"rendered":"PUTEVIMA SVITANJA, Brankica Stani\u0107"},"content":{"rendered":"<p style=\"text-align: justify;\"><strong>Sa\u017eetak:<\/strong> <\/p>\n<p><em>&#8220;Odrastanjem \u010dovjek \u010desto biva polomljen tako da se kasnije vi\u0161e i ne sje\u0107a kako je izgledao dok je bio cjelina. Ne mo\u017eemo birati obitelj u kojoj \u0107emo se roditi i ne mo\u017eemo utjecati na nesre\u0107e koje nas nenajavljeno do\u010dekuju putem. No mo\u017eemo utjecati na na\u0161 stav prema onome s \u010dime se u \u017eivotu susre\u0107emo &#8211; o njemu ovisi ho\u0107e li nas \u017eivot svakim svojim grubljim potezom polomiti jo\u0161 vi\u0161e ili \u0107e nas samo u\u010diniti \u010dvr\u0161\u0107ima. O stavu koji imamo prema sebi i svijetu oko sebe ovisi ho\u0107emo li probleme do\u017eivljavati kao automatski poraz, kao kaznu, ili \u0107emo ih shvatiti kao izazove i priliku za napredovanje.<\/em><\/p>\n<p><em>Roman Putevima svitanja donosi pri\u010du o fotografkinji Tini koja odlu\u010duje odbaciti koncept &#8220;sre\u0107e&#8221; kakav su joj nametnuli drugi i zakora\u010diti u nepoznato &#8211; Tina napu\u0161ta zaru\u010dnika, Hrvatsku, napu\u0161ta sve \u0161to je poznavala, te se upu\u0161ta u borbu s vlastitim strahovima, kompleksima i nesigurnostima kako bi ponovno prona\u0161la i prihvatila sebe, kako bi prona\u0161la smisao, zadovoljstvo i istinsku sre\u0107u.<\/em><\/p>\n<p><em>Svijet u kojem je Tina odrastala optere\u0107en je tragovima pro\u0161losti, la\u017enim moralom i prikrivenim nezadovoljstvima, svijet je to koji \u010desto po\u010diva na obmani i la\u017enim osmijesima, svijet u kojem se prezire pojedinca koji odlu\u010di istupiti iz zadane uloge.<\/em><\/p>\n<p><em>Tinin put nije bio jednostavan, a najve\u0107e prepreke koje je trebala premostiti nalazile su se upravo unutar nje same. \u010covjeku je potrebno mnogo hrabrosti kako bi poslu\u0161ao i slijedio glas svoga bi\u0107a. A promjena &#8211; ona nikada ne dolazi preko no\u0107i i uvijek sa sobom nosi bol jer se lome stari i nastaju novi svjetovi, jer odlazi poznato, a dolazi nepoznato. No jednom kad se promjena svojim korijenjem uhvati za du\u0161u pojedinca, on vi\u0161e nikada ne mo\u017ee biti isti, on tada mo\u017ee samo rasti i nezamislivo mu postaje vratiti se na staro.<\/em><\/p>\n<p><em>Vje\u0161to isprepli\u0107u\u0107i \u017eivote glavnih likova, sijeku\u0107i sada\u0161njost slikama pro\u0161losti, te premje\u0161taju\u0107i radnju iz Hrvatske u Irsku, autorica gradi dinami\u010dan i zanimljiv svijet romana \u010dije ideje nastavljaju postojati i nakon posljednje stranice, zrcale\u0107i se u unutarnjim iskustvima i skrovitim mislima svakog od nas. Nema \u010dovjeka koji ne bi htio po\u0107i vlastitim putevima svitanja. Ova knjiga pomo\u0107i \u0107e vam da te puteve osvijestite, uva\u017eite i koristite.&#8221;<\/em><\/p>\n<p style=\"text-align: justify;\">&#8211; Ivana Glo\u017ei\u0107<\/p>\n<p style=\"text-align: justify;\"><strong>Bilje\u0161ka o autorici:<\/strong> <\/p>\n<p>Brankica Stani\u0107 je ro\u0111ena 1983. godine u Derventi, BiH. Od svoje pete do tridesete godine \u017eivjela je u \u0160ibeniku, a potom se s obitelji preselila u Irsku. Pisanjem se po\u010dela baviti u srednjoj \u0161koli, kada je ujedno i objavljen njen prvi roman naziva<em> Druga strana medalje<\/em>.<\/p>\n<p style=\"text-align: justify;\">Roman <em>Putevima svitanja<\/em> nastao je 2016. kada se Brankica odlu\u010dila ponovno vratiti pisanju. Radnja u romanu je izmi\u0161ljena, no pojedini likovi su temeljeni na stvarnim osobama, a svi opisi Dublina, koji se mogu prona\u0107i u romanu, preuzeti su sa bloga <em>Dublin efekt<\/em> koji je autorica pokrenula prilikom preseljenja u Irsku.<\/p>\n<p style=\"text-align: justify;\">Na web stranici brankicastanic.com, Brankica redovno pi\u0161e inspiracijsku prozu i obra\u0111uje teme iz osobnog razvoja. Povremeno pi\u0161e i kratke pri\u010de, a jedna od njih, <em>Mogu \u0161to ho\u0107u!Mo\u017ee\u0161&#8230;Ali treba\u0161 li?<\/em>, je u regionalnom natje\u010daju Lola magazina, <em>Ljudi s olovkama<\/em>, osvojila drugo mjesto.<\/p>\n<p>Njeno pisanje odi\u0161e jednostavno\u0161\u0107u, toplinom i suptilno\u0161\u0107u. Svojim tekstovima lako prodire do sr\u017ei problema i poti\u010de na razmi\u0161ljanje. Konkretna je i posjeduje sposobnost da sa malo rije\u010di ka\u017ee puno.<\/p>\n<p style=\"text-align: justify;\">Brankica sa svojim suprugom i sinom trenutno \u017eivi u Dublinu gdje pi\u0161e svoj tre\u0107i roman.<\/p>\n<p style=\"text-align: justify;\"><strong>Klju\u010dne rije\u010di:<\/strong> Samospoznaja, promjene, putevi, Irska, Tina, fotografija, osobni razvoj, potraga, sre\u0107a.<\/p>\n<p><strong>Link:<\/strong> <a href=\"brankicastanic.com%20\" target=\"_blank\" rel=\"noopener noreferrer\">brankicastanic.com <\/a><br \/><strong>E-mail:<\/strong> <a href=\"mailto:stanic.brankica@gmail.com\">Brankica Stani\u0107<\/a><\/p>\n<p style=\"text-align: justify;\"><strong>Naslov:<\/strong> Putevima svitanja<br \/><strong>Autorica:<\/strong> Brankica Stani\u0107<br \/><strong>Broj stranica:<\/strong> 240<br \/><strong>Nakladnik:<\/strong> Redak<br \/><strong>Godina izdanja:<\/strong> 2017.<br \/><strong>ISBN:<\/strong> 978-953-336-400-1<br \/><strong>Tisak:<\/strong> digitalni tisak knjiga &#8211; print na zahtjev\u00a0<\/p>\n<hr \/>\n<p style=\"text-align: justify;\"><strong>Kako naru\u010diti knjigu?\u00a0<\/strong>Proces online kupovine jednako funkcionira za sve kupce, s jedinom razlikom u tome \u0161to \u0161to kupci iz inozemstva za podru\u010dje dostave moraju odabrati &#8220;Europa&#8221; ili &#8220;Ostale zemlje svijeta&#8221;, a za vrstu pla\u0107anja WSPay (kreditna kartica) ili Virmanom (bankovni transfer).<\/p>\n<p style=\"text-align: justify;\">Molimo kliknite ovdje za\u00a0<a href=\"hr\/kako-kupovati\" target=\"_blank\" rel=\"noopener noreferrer\">detaljni vodi\u010d kroz proces narud\u017ebe<\/a>\u00a0ili nas\u00a0<a href=\"hr\/kontakt\" target=\"_blank\" rel=\"noopener noreferrer\">kontaktirajte<\/a>\u00a0za vi\u0161e informacija.<\/p>\n","protected":false},"excerpt":{"rendered":"<p>Sa\u017eetak: &#8220;Odrastanjem \u010dovjek \u010desto biva polomljen tako da se kasnije vi\u0161e i ne sje\u0107a kako je izgledao dok je bio cjelina. Ne mo\u017eemo birati obitelj u kojoj \u0107emo se roditi i ne mo\u017eemo utjecati na nesre\u0107e koje nas nenajavljeno do\u010dekuju putem. No mo\u017eemo utjecati na na\u0161 stav prema onome s \u010dime se u \u017eivotu susre\u0107emo [&hellip;]<\/p>\n","protected":false},"featured_media":8484,"comment_status":"open","ping_status":"closed","template":"","meta":{"_acf_changed":false},"product_brand":[],"product_cat":[1383,1385],"product_tag":[],"class_list":{"0":"post-8483","1":"product","2":"type-product","3":"status-publish","4":"has-post-thumbnail","6":"product_cat-knjige","7":"product_cat-knjizevnost","8":"pa_nakladnik-redak","10":"first","11":"instock","12":"shipping-taxable","13":"purchasable","14":"product-type-simple"},"acf":[],"yoast_head":"<!-- This site is optimized with the Yoast SEO plugin v27.3 - https:\/\/yoast.com\/product\/yoast-seo-wordpress\/ -->\n<title>PUTEVIMA SVITANJA, Brankica Stani\u0107 - Web-knji\u017eara<\/title>\n<meta name=\"robots\" content=\"index, follow, max-snippet:-1, max-image-preview:large, max-video-preview:-1\" \/>\n<link rel=\"canonical\" href=\"https:\/\/webknjizara.hr\/proizvod\/putevima-svitanja-brankica-stanic\/\" \/>\n<meta property=\"og:locale\" content=\"en_US\" \/>\n<meta property=\"og:type\" content=\"article\" \/>\n<meta property=\"og:title\" content=\"PUTEVIMA SVITANJA, Brankica Stani\u0107 - Web-knji\u017eara\" \/>\n<meta property=\"og:description\" content=\"Sa\u017eetak: &#8220;Odrastanjem \u010dovjek \u010desto biva polomljen tako da se kasnije vi\u0161e i ne sje\u0107a kako je izgledao dok je bio cjelina. Ne mo\u017eemo birati obitelj u kojoj \u0107emo se roditi i ne mo\u017eemo utjecati na nesre\u0107e koje nas nenajavljeno do\u010dekuju putem. No mo\u017eemo utjecati na na\u0161 stav prema onome s \u010dime se u \u017eivotu susre\u0107emo [&hellip;]\" \/>\n<meta property=\"og:url\" content=\"https:\/\/webknjizara.hr\/proizvod\/putevima-svitanja-brankica-stanic\/\" \/>\n<meta property=\"og:site_name\" content=\"Web-knji\u017eara\" \/>\n<meta property=\"article:modified_time\" content=\"2023-02-26T23:17:06+00:00\" \/>\n<meta property=\"og:image\" content=\"https:\/\/webknjizara.hr\/wp-content\/uploads\/nc\/images\/virtuemart\/product\/putevima-svitanj-591397ae9860a.jpg\" \/>\n\t<meta property=\"og:image:width\" content=\"521\" \/>\n\t<meta property=\"og:image:height\" content=\"800\" \/>\n\t<meta property=\"og:image:type\" content=\"image\/jpeg\" \/>\n<meta name=\"twitter:card\" content=\"summary_large_image\" \/>\n<meta name=\"twitter:label1\" content=\"Est. reading time\" \/>\n\t<meta name=\"twitter:data1\" content=\"4 minutes\" \/>\n<script type=\"application\/ld+json\" class=\"yoast-schema-graph\">{\"@context\":\"https:\\\/\\\/schema.org\",\"@graph\":[{\"@type\":\"WebPage\",\"@id\":\"https:\\\/\\\/webknjizara.hr\\\/proizvod\\\/putevima-svitanja-brankica-stanic\\\/\",\"url\":\"https:\\\/\\\/webknjizara.hr\\\/proizvod\\\/putevima-svitanja-brankica-stanic\\\/\",\"name\":\"PUTEVIMA SVITANJA, Brankica Stani\u0107 - Web-knji\u017eara\",\"isPartOf\":{\"@id\":\"https:\\\/\\\/webknjizara.hr\\\/#website\"},\"primaryImageOfPage\":{\"@id\":\"https:\\\/\\\/webknjizara.hr\\\/proizvod\\\/putevima-svitanja-brankica-stanic\\\/#primaryimage\"},\"image\":{\"@id\":\"https:\\\/\\\/webknjizara.hr\\\/proizvod\\\/putevima-svitanja-brankica-stanic\\\/#primaryimage\"},\"thumbnailUrl\":\"https:\\\/\\\/webknjizara.hr\\\/wp-content\\\/uploads\\\/nc\\\/images\\\/virtuemart\\\/product\\\/putevima-svitanj-591397ae9860a.jpg\",\"datePublished\":\"2017-05-10T22:43:58+00:00\",\"dateModified\":\"2023-02-26T23:17:06+00:00\",\"breadcrumb\":{\"@id\":\"https:\\\/\\\/webknjizara.hr\\\/proizvod\\\/putevima-svitanja-brankica-stanic\\\/#breadcrumb\"},\"inLanguage\":\"en-US\",\"potentialAction\":[{\"@type\":\"ReadAction\",\"target\":[\"https:\\\/\\\/webknjizara.hr\\\/proizvod\\\/putevima-svitanja-brankica-stanic\\\/\"]}]},{\"@type\":\"ImageObject\",\"inLanguage\":\"en-US\",\"@id\":\"https:\\\/\\\/webknjizara.hr\\\/proizvod\\\/putevima-svitanja-brankica-stanic\\\/#primaryimage\",\"url\":\"https:\\\/\\\/webknjizara.hr\\\/wp-content\\\/uploads\\\/nc\\\/images\\\/virtuemart\\\/product\\\/putevima-svitanj-591397ae9860a.jpg\",\"contentUrl\":\"https:\\\/\\\/webknjizara.hr\\\/wp-content\\\/uploads\\\/nc\\\/images\\\/virtuemart\\\/product\\\/putevima-svitanj-591397ae9860a.jpg\",\"width\":521,\"height\":800,\"caption\":\"PUTEVIMA SVITANJA, Brankica Stani\u0107\"},{\"@type\":\"BreadcrumbList\",\"@id\":\"https:\\\/\\\/webknjizara.hr\\\/proizvod\\\/putevima-svitanja-brankica-stanic\\\/#breadcrumb\",\"itemListElement\":[{\"@type\":\"ListItem\",\"position\":1,\"name\":\"Po\u010detna stranica\",\"item\":\"https:\\\/\\\/webknjizara.hr\\\/en\\\/\"},{\"@type\":\"ListItem\",\"position\":2,\"name\":\"Shop\",\"item\":\"https:\\\/\\\/webknjizara.hr\\\/shop\\\/\"},{\"@type\":\"ListItem\",\"position\":3,\"name\":\"PUTEVIMA SVITANJA, Brankica Stani\u0107\"}]},{\"@type\":\"WebSite\",\"@id\":\"https:\\\/\\\/webknjizara.hr\\\/#website\",\"url\":\"https:\\\/\\\/webknjizara.hr\\\/\",\"name\":\"Web Knji\u017eara\",\"description\":\"\",\"publisher\":{\"@id\":\"https:\\\/\\\/webknjizara.hr\\\/#organization\"},\"potentialAction\":[{\"@type\":\"SearchAction\",\"target\":{\"@type\":\"EntryPoint\",\"urlTemplate\":\"https:\\\/\\\/webknjizara.hr\\\/?s={search_term_string}\"},\"query-input\":{\"@type\":\"PropertyValueSpecification\",\"valueRequired\":true,\"valueName\":\"search_term_string\"}}],\"inLanguage\":\"en-US\"},{\"@type\":\"Organization\",\"@id\":\"https:\\\/\\\/webknjizara.hr\\\/#organization\",\"name\":\"REDAK D.O.O.\",\"url\":\"https:\\\/\\\/webknjizara.hr\\\/\",\"logo\":{\"@type\":\"ImageObject\",\"inLanguage\":\"en-US\",\"@id\":\"https:\\\/\\\/webknjizara.hr\\\/#\\\/schema\\\/logo\\\/image\\\/\",\"url\":\"https:\\\/\\\/webknjizara.hr\\\/wp-content\\\/uploads\\\/2023\\\/01\\\/web-knjizara-logo.webp\",\"contentUrl\":\"https:\\\/\\\/webknjizara.hr\\\/wp-content\\\/uploads\\\/2023\\\/01\\\/web-knjizara-logo.webp\",\"width\":324,\"height\":79,\"caption\":\"REDAK D.O.O.\"},\"image\":{\"@id\":\"https:\\\/\\\/webknjizara.hr\\\/#\\\/schema\\\/logo\\\/image\\\/\"}}]}<\/script>\n<!-- \/ Yoast SEO plugin. -->","yoast_head_json":{"title":"PUTEVIMA SVITANJA, Brankica Stani\u0107 - Web-knji\u017eara","robots":{"index":"index","follow":"follow","max-snippet":"max-snippet:-1","max-image-preview":"max-image-preview:large","max-video-preview":"max-video-preview:-1"},"canonical":"https:\/\/webknjizara.hr\/proizvod\/putevima-svitanja-brankica-stanic\/","og_locale":"en_US","og_type":"article","og_title":"PUTEVIMA SVITANJA, Brankica Stani\u0107 - Web-knji\u017eara","og_description":"Sa\u017eetak: &#8220;Odrastanjem \u010dovjek \u010desto biva polomljen tako da se kasnije vi\u0161e i ne sje\u0107a kako je izgledao dok je bio cjelina. Ne mo\u017eemo birati obitelj u kojoj \u0107emo se roditi i ne mo\u017eemo utjecati na nesre\u0107e koje nas nenajavljeno do\u010dekuju putem. No mo\u017eemo utjecati na na\u0161 stav prema onome s \u010dime se u \u017eivotu susre\u0107emo [&hellip;]","og_url":"https:\/\/webknjizara.hr\/proizvod\/putevima-svitanja-brankica-stanic\/","og_site_name":"Web-knji\u017eara","article_modified_time":"2023-02-26T23:17:06+00:00","og_image":[{"width":521,"height":800,"url":"https:\/\/webknjizara.hr\/wp-content\/uploads\/nc\/images\/virtuemart\/product\/putevima-svitanj-591397ae9860a.jpg","type":"image\/jpeg"}],"twitter_card":"summary_large_image","twitter_misc":{"Est. reading time":"4 minutes"},"schema":{"@context":"https:\/\/schema.org","@graph":[{"@type":"WebPage","@id":"https:\/\/webknjizara.hr\/proizvod\/putevima-svitanja-brankica-stanic\/","url":"https:\/\/webknjizara.hr\/proizvod\/putevima-svitanja-brankica-stanic\/","name":"PUTEVIMA SVITANJA, Brankica Stani\u0107 - Web-knji\u017eara","isPartOf":{"@id":"https:\/\/webknjizara.hr\/#website"},"primaryImageOfPage":{"@id":"https:\/\/webknjizara.hr\/proizvod\/putevima-svitanja-brankica-stanic\/#primaryimage"},"image":{"@id":"https:\/\/webknjizara.hr\/proizvod\/putevima-svitanja-brankica-stanic\/#primaryimage"},"thumbnailUrl":"https:\/\/webknjizara.hr\/wp-content\/uploads\/nc\/images\/virtuemart\/product\/putevima-svitanj-591397ae9860a.jpg","datePublished":"2017-05-10T22:43:58+00:00","dateModified":"2023-02-26T23:17:06+00:00","breadcrumb":{"@id":"https:\/\/webknjizara.hr\/proizvod\/putevima-svitanja-brankica-stanic\/#breadcrumb"},"inLanguage":"en-US","potentialAction":[{"@type":"ReadAction","target":["https:\/\/webknjizara.hr\/proizvod\/putevima-svitanja-brankica-stanic\/"]}]},{"@type":"ImageObject","inLanguage":"en-US","@id":"https:\/\/webknjizara.hr\/proizvod\/putevima-svitanja-brankica-stanic\/#primaryimage","url":"https:\/\/webknjizara.hr\/wp-content\/uploads\/nc\/images\/virtuemart\/product\/putevima-svitanj-591397ae9860a.jpg","contentUrl":"https:\/\/webknjizara.hr\/wp-content\/uploads\/nc\/images\/virtuemart\/product\/putevima-svitanj-591397ae9860a.jpg","width":521,"height":800,"caption":"PUTEVIMA SVITANJA, Brankica Stani\u0107"},{"@type":"BreadcrumbList","@id":"https:\/\/webknjizara.hr\/proizvod\/putevima-svitanja-brankica-stanic\/#breadcrumb","itemListElement":[{"@type":"ListItem","position":1,"name":"Po\u010detna stranica","item":"https:\/\/webknjizara.hr\/en\/"},{"@type":"ListItem","position":2,"name":"Shop","item":"https:\/\/webknjizara.hr\/shop\/"},{"@type":"ListItem","position":3,"name":"PUTEVIMA SVITANJA, Brankica Stani\u0107"}]},{"@type":"WebSite","@id":"https:\/\/webknjizara.hr\/#website","url":"https:\/\/webknjizara.hr\/","name":"Web Knji\u017eara","description":"","publisher":{"@id":"https:\/\/webknjizara.hr\/#organization"},"potentialAction":[{"@type":"SearchAction","target":{"@type":"EntryPoint","urlTemplate":"https:\/\/webknjizara.hr\/?s={search_term_string}"},"query-input":{"@type":"PropertyValueSpecification","valueRequired":true,"valueName":"search_term_string"}}],"inLanguage":"en-US"},{"@type":"Organization","@id":"https:\/\/webknjizara.hr\/#organization","name":"REDAK D.O.O.","url":"https:\/\/webknjizara.hr\/","logo":{"@type":"ImageObject","inLanguage":"en-US","@id":"https:\/\/webknjizara.hr\/#\/schema\/logo\/image\/","url":"https:\/\/webknjizara.hr\/wp-content\/uploads\/2023\/01\/web-knjizara-logo.webp","contentUrl":"https:\/\/webknjizara.hr\/wp-content\/uploads\/2023\/01\/web-knjizara-logo.webp","width":324,"height":79,"caption":"REDAK D.O.O."},"image":{"@id":"https:\/\/webknjizara.hr\/#\/schema\/logo\/image\/"}}]}},"_links":{"self":[{"href":"https:\/\/webknjizara.hr\/en\/wp-json\/wp\/v2\/product\/8483","targetHints":{"allow":["GET"]}}],"collection":[{"href":"https:\/\/webknjizara.hr\/en\/wp-json\/wp\/v2\/product"}],"about":[{"href":"https:\/\/webknjizara.hr\/en\/wp-json\/wp\/v2\/types\/product"}],"replies":[{"embeddable":true,"href":"https:\/\/webknjizara.hr\/en\/wp-json\/wp\/v2\/comments?post=8483"}],"wp:featuredmedia":[{"embeddable":true,"href":"https:\/\/webknjizara.hr\/en\/wp-json\/wp\/v2\/media\/8484"}],"wp:attachment":[{"href":"https:\/\/webknjizara.hr\/en\/wp-json\/wp\/v2\/media?parent=8483"}],"wp:term":[{"taxonomy":"product_brand","embeddable":true,"href":"https:\/\/webknjizara.hr\/en\/wp-json\/wp\/v2\/product_brand?post=8483"},{"taxonomy":"product_cat","embeddable":true,"href":"https:\/\/webknjizara.hr\/en\/wp-json\/wp\/v2\/product_cat?post=8483"},{"taxonomy":"product_tag","embeddable":true,"href":"https:\/\/webknjizara.hr\/en\/wp-json\/wp\/v2\/product_tag?post=8483"}],"curies":[{"name":"wp","href":"https:\/\/api.w.org\/{rel}","templated":true}]}}