{"id":8479,"date":"2017-05-03T21:21:18","date_gmt":"2017-05-03T21:21:18","guid":{"rendered":"https:\/\/webknjizara.hr\/?product=narativna-analiza-razliciti-metodoloski-koncepti-anci-leburic"},"modified":"2023-02-27T00:17:06","modified_gmt":"2023-02-26T23:17:06","slug":"narativna-analiza-razliciti-metodoloski-koncepti","status":"publish","type":"product","link":"https:\/\/webknjizara.hr\/en\/proizvod\/narativna-analiza-razliciti-metodoloski-koncepti\/","title":{"rendered":"NARATIVNA ANALIZA: RAZLI\u010cITI METODOLO\u0160KI KONCEPTI, An\u010di Leburi\u0107"},"content":{"rendered":"<p style=\"text-align: justify;\"><strong>Sa\u017eetak:<\/strong> <\/p>\n<p>Ovo je peta knjiga u <em><strong>Metodolo\u0161koj biblioteci<\/strong><\/em>, u ediciji <em><strong>Metodolo\u0161ke teme<\/strong><\/em> kod splitskog izdava\u010da i tiskara <em>Redak d.o.o.<\/em> Prezentiraju se rezultati istra\u017eiva\u010dke naravi, a studija ima analiti\u010dke ciljeve, uz obja\u0161njene i prezentirane aspekte procesa operacionalizacije i artikulacije niza razli\u010ditih analiti\u010dkih procedura i tehnika. Ondje gdje su se uspjeli istra\u017eiva\u010dki efikasno konstruirati analiti\u010dki kategorijalni aparati kao smislene metodolo\u0161ke cjeline, prikazane su njihove temeljne karakteristike, kon\u00acceptualne dimenzije, kao i ve\u0107ina ostalih dimenzioniranih metodolo\u0161kih alata (protokola, ljestvica, shema itd). <\/p>\n<p>S obzirom na to da je narativna analiza relativno slabije i rje\u0111e kori\u0161tena vrsta analize u sociolo\u0161kim istra\u017eivanjima, studija\u00acma i istra\u017eiva\u010dkim projektima, ovakav metodolo\u0161ki pohod je zna\u010dajan kolektivni pothvat na unapre\u0111enju i intenzivnijem (naro\u010dito analiti\u010dkom) razvitku suvremenih posebnih metodologija, kao \u0161to su npr. sociolo\u0161ka metodologija, medijska metodologija, kulturalna metodologija, feministi\u010dka metodologija i dr.<\/p>\n<p><strong>Bilje\u0161ka o urednici:<br \/><\/strong><br \/><strong>AN\u010cI LEBURI\u0106<\/strong>, redovna je profesorica u trajnom zvanju na katedri sociolo\u0161ke metodologije, Odsjeka za sociologiju Filozofskog fakulteta u Splitu. Objavljuje znanstvene radove iz metodologije dru\u0161tvenih i humanisti\u010dkih istra\u017eivanja, te empirijske studije iz posebnih sociologija. Nositeljica je kolegija na preddiplomskim, diplomskim i doktorskim studijima u zemlji i inozemstvu. Urednica je nekoliko biblioteka u kojima se objavljuju metodolo\u0161ke i sociolo\u0161ke studije. Vodi i sudjeluje u me\u0111unarodnim projektima u kojima se istra\u017euju razvojne, kulturolo\u0161ke, medijske, socijalno-ekolo\u0161ke, urbane i dr. teme. \u010clanica je nekoliko stru\u010dnih asocijacija, te predsjednica Splitske podru\u017enice Hrvatskoga sociolo\u0161kog dru\u0161tva od 2006 god.<\/p>\n<p style=\"text-align: justify;\"><strong>Klju\u010dne rije\u010di:<\/strong> Narativna analiza, kvalitativne analize, istra\u017eiva\u010dke naracije, metodolo\u0161ki koncepti<\/p>\n<p><strong>E-mail:<\/strong> <a href=\"mailto:anci@ffst.hr\">An\u010di Leburi\u0107<\/a><\/p>\n<p style=\"text-align: justify;\"><strong>Naslov:<\/strong> Narativna analiza: razli\u010diti metodolo\u0161ki koncepti<br \/><strong>Autori:<\/strong> An\u010di Leburi\u0107, Baji\u0107, J. i dr.<br \/><strong>Broj stranica:<\/strong> 388<br \/><strong>Nakladnik:<\/strong> REDAK<br \/><strong>Godina izdanja:<\/strong> 2017.<br \/><strong>ISBN:<\/strong> 978-953-336-317-2<br \/><strong>Tisak:<\/strong> digitalni tisak knjiga &#8211; print na zahtjev\u00a0<\/p>\n<hr \/>\n<p style=\"text-align: justify;\"><strong>Kako naru\u010diti knjigu?\u00a0<\/strong>Proces online kupovine jednako funkcionira za sve kupce, s jedinom razlikom u tome \u0161to \u0161to kupci iz inozemstva za podru\u010dje dostave moraju odabrati &#8220;Europa&#8221; ili &#8220;Ostale zemlje svijeta&#8221;, a za vrstu pla\u0107anja WSPay (kreditna kartica) ili Virmanom (bankovni transfer).<\/p>\n<p style=\"text-align: justify;\">Molimo kliknite ovdje za\u00a0<a href=\"hr\/kako-kupovati\" target=\"_blank\" rel=\"noopener noreferrer\">detaljni vodi\u010d kroz proces narud\u017ebe<\/a>\u00a0ili nas\u00a0<a href=\"hr\/kontakt\" target=\"_blank\" rel=\"noopener noreferrer\">kontaktirajte<\/a>\u00a0za vi\u0161e informacija.<\/p>\n","protected":false},"excerpt":{"rendered":"<p>Sa\u017eetak: Ovo je peta knjiga u Metodolo\u0161koj biblioteci, u ediciji Metodolo\u0161ke teme kod splitskog izdava\u010da i tiskara Redak d.o.o. Prezentiraju se rezultati istra\u017eiva\u010dke naravi, a studija ima analiti\u010dke ciljeve, uz obja\u0161njene i prezentirane aspekte procesa operacionalizacije i artikulacije niza razli\u010ditih analiti\u010dkih procedura i tehnika. Ondje gdje su se uspjeli istra\u017eiva\u010dki efikasno konstruirati analiti\u010dki kategorijalni aparati [&hellip;]<\/p>\n","protected":false},"featured_media":8480,"comment_status":"open","ping_status":"closed","template":"","meta":{"_acf_changed":false},"product_brand":[],"product_cat":[1517,1390],"product_tag":[],"class_list":{"0":"post-8479","1":"product","2":"type-product","3":"status-publish","4":"has-post-thumbnail","6":"product_cat-strucna-literatura","7":"product_cat-drustvene-znanosti","8":"pa_nakladnik-redak","10":"first","11":"instock","12":"shipping-taxable","13":"purchasable","14":"product-type-simple"},"acf":[],"yoast_head":"<!-- This site is optimized with the Yoast SEO plugin v27.3 - https:\/\/yoast.com\/product\/yoast-seo-wordpress\/ -->\n<title>NARATIVNA ANALIZA: RAZLI\u010cITI METODOLO\u0160KI KONCEPTI, An\u010di Leburi\u0107 - Web-knji\u017eara<\/title>\n<meta name=\"robots\" content=\"index, follow, max-snippet:-1, max-image-preview:large, max-video-preview:-1\" \/>\n<link rel=\"canonical\" href=\"https:\/\/webknjizara.hr\/proizvod\/narativna-analiza-razliciti-metodoloski-koncepti\/\" \/>\n<meta property=\"og:locale\" content=\"en_US\" \/>\n<meta property=\"og:type\" content=\"article\" \/>\n<meta property=\"og:title\" content=\"NARATIVNA ANALIZA: RAZLI\u010cITI METODOLO\u0160KI KONCEPTI, An\u010di Leburi\u0107 - Web-knji\u017eara\" \/>\n<meta property=\"og:description\" content=\"Sa\u017eetak: Ovo je peta knjiga u Metodolo\u0161koj biblioteci, u ediciji Metodolo\u0161ke teme kod splitskog izdava\u010da i tiskara Redak d.o.o. Prezentiraju se rezultati istra\u017eiva\u010dke naravi, a studija ima analiti\u010dke ciljeve, uz obja\u0161njene i prezentirane aspekte procesa operacionalizacije i artikulacije niza razli\u010ditih analiti\u010dkih procedura i tehnika. Ondje gdje su se uspjeli istra\u017eiva\u010dki efikasno konstruirati analiti\u010dki kategorijalni aparati [&hellip;]\" \/>\n<meta property=\"og:url\" content=\"https:\/\/webknjizara.hr\/proizvod\/narativna-analiza-razliciti-metodoloski-koncepti\/\" \/>\n<meta property=\"og:site_name\" content=\"Web-knji\u017eara\" \/>\n<meta property=\"article:modified_time\" content=\"2023-02-26T23:17:06+00:00\" \/>\n<meta property=\"og:image\" content=\"https:\/\/webknjizara.hr\/wp-content\/uploads\/nc\/images\/virtuemart\/product\/narativna-analiz-590a49ce45639.jpg\" \/>\n\t<meta property=\"og:image:width\" content=\"573\" \/>\n\t<meta property=\"og:image:height\" content=\"800\" \/>\n\t<meta property=\"og:image:type\" content=\"image\/jpeg\" \/>\n<meta name=\"twitter:card\" content=\"summary_large_image\" \/>\n<meta name=\"twitter:label1\" content=\"Est. reading time\" \/>\n\t<meta name=\"twitter:data1\" content=\"2 minutes\" \/>\n<script type=\"application\/ld+json\" class=\"yoast-schema-graph\">{\"@context\":\"https:\\\/\\\/schema.org\",\"@graph\":[{\"@type\":\"WebPage\",\"@id\":\"https:\\\/\\\/webknjizara.hr\\\/proizvod\\\/narativna-analiza-razliciti-metodoloski-koncepti\\\/\",\"url\":\"https:\\\/\\\/webknjizara.hr\\\/proizvod\\\/narativna-analiza-razliciti-metodoloski-koncepti\\\/\",\"name\":\"NARATIVNA ANALIZA: RAZLI\u010cITI METODOLO\u0160KI KONCEPTI, An\u010di Leburi\u0107 - Web-knji\u017eara\",\"isPartOf\":{\"@id\":\"https:\\\/\\\/webknjizara.hr\\\/#website\"},\"primaryImageOfPage\":{\"@id\":\"https:\\\/\\\/webknjizara.hr\\\/proizvod\\\/narativna-analiza-razliciti-metodoloski-koncepti\\\/#primaryimage\"},\"image\":{\"@id\":\"https:\\\/\\\/webknjizara.hr\\\/proizvod\\\/narativna-analiza-razliciti-metodoloski-koncepti\\\/#primaryimage\"},\"thumbnailUrl\":\"https:\\\/\\\/webknjizara.hr\\\/wp-content\\\/uploads\\\/nc\\\/images\\\/virtuemart\\\/product\\\/narativna-analiz-590a49ce45639.jpg\",\"datePublished\":\"2017-05-03T21:21:18+00:00\",\"dateModified\":\"2023-02-26T23:17:06+00:00\",\"breadcrumb\":{\"@id\":\"https:\\\/\\\/webknjizara.hr\\\/proizvod\\\/narativna-analiza-razliciti-metodoloski-koncepti\\\/#breadcrumb\"},\"inLanguage\":\"en-US\",\"potentialAction\":[{\"@type\":\"ReadAction\",\"target\":[\"https:\\\/\\\/webknjizara.hr\\\/proizvod\\\/narativna-analiza-razliciti-metodoloski-koncepti\\\/\"]}]},{\"@type\":\"ImageObject\",\"inLanguage\":\"en-US\",\"@id\":\"https:\\\/\\\/webknjizara.hr\\\/proizvod\\\/narativna-analiza-razliciti-metodoloski-koncepti\\\/#primaryimage\",\"url\":\"https:\\\/\\\/webknjizara.hr\\\/wp-content\\\/uploads\\\/nc\\\/images\\\/virtuemart\\\/product\\\/narativna-analiz-590a49ce45639.jpg\",\"contentUrl\":\"https:\\\/\\\/webknjizara.hr\\\/wp-content\\\/uploads\\\/nc\\\/images\\\/virtuemart\\\/product\\\/narativna-analiz-590a49ce45639.jpg\",\"width\":573,\"height\":800,\"caption\":\"NARATIVNA ANALIZA: RAZLI\u010cITI METODOLO\u0160KI KONCEPTI\"},{\"@type\":\"BreadcrumbList\",\"@id\":\"https:\\\/\\\/webknjizara.hr\\\/proizvod\\\/narativna-analiza-razliciti-metodoloski-koncepti\\\/#breadcrumb\",\"itemListElement\":[{\"@type\":\"ListItem\",\"position\":1,\"name\":\"Po\u010detna stranica\",\"item\":\"https:\\\/\\\/webknjizara.hr\\\/en\\\/\"},{\"@type\":\"ListItem\",\"position\":2,\"name\":\"Shop\",\"item\":\"https:\\\/\\\/webknjizara.hr\\\/shop\\\/\"},{\"@type\":\"ListItem\",\"position\":3,\"name\":\"NARATIVNA ANALIZA: RAZLI\u010cITI METODOLO\u0160KI KONCEPTI, An\u010di Leburi\u0107\"}]},{\"@type\":\"WebSite\",\"@id\":\"https:\\\/\\\/webknjizara.hr\\\/#website\",\"url\":\"https:\\\/\\\/webknjizara.hr\\\/\",\"name\":\"Web Knji\u017eara\",\"description\":\"\",\"publisher\":{\"@id\":\"https:\\\/\\\/webknjizara.hr\\\/#organization\"},\"potentialAction\":[{\"@type\":\"SearchAction\",\"target\":{\"@type\":\"EntryPoint\",\"urlTemplate\":\"https:\\\/\\\/webknjizara.hr\\\/?s={search_term_string}\"},\"query-input\":{\"@type\":\"PropertyValueSpecification\",\"valueRequired\":true,\"valueName\":\"search_term_string\"}}],\"inLanguage\":\"en-US\"},{\"@type\":\"Organization\",\"@id\":\"https:\\\/\\\/webknjizara.hr\\\/#organization\",\"name\":\"REDAK D.O.O.\",\"url\":\"https:\\\/\\\/webknjizara.hr\\\/\",\"logo\":{\"@type\":\"ImageObject\",\"inLanguage\":\"en-US\",\"@id\":\"https:\\\/\\\/webknjizara.hr\\\/#\\\/schema\\\/logo\\\/image\\\/\",\"url\":\"https:\\\/\\\/webknjizara.hr\\\/wp-content\\\/uploads\\\/2023\\\/01\\\/web-knjizara-logo.webp\",\"contentUrl\":\"https:\\\/\\\/webknjizara.hr\\\/wp-content\\\/uploads\\\/2023\\\/01\\\/web-knjizara-logo.webp\",\"width\":324,\"height\":79,\"caption\":\"REDAK D.O.O.\"},\"image\":{\"@id\":\"https:\\\/\\\/webknjizara.hr\\\/#\\\/schema\\\/logo\\\/image\\\/\"}}]}<\/script>\n<!-- \/ Yoast SEO plugin. -->","yoast_head_json":{"title":"NARATIVNA ANALIZA: RAZLI\u010cITI METODOLO\u0160KI KONCEPTI, An\u010di Leburi\u0107 - Web-knji\u017eara","robots":{"index":"index","follow":"follow","max-snippet":"max-snippet:-1","max-image-preview":"max-image-preview:large","max-video-preview":"max-video-preview:-1"},"canonical":"https:\/\/webknjizara.hr\/proizvod\/narativna-analiza-razliciti-metodoloski-koncepti\/","og_locale":"en_US","og_type":"article","og_title":"NARATIVNA ANALIZA: RAZLI\u010cITI METODOLO\u0160KI KONCEPTI, An\u010di Leburi\u0107 - Web-knji\u017eara","og_description":"Sa\u017eetak: Ovo je peta knjiga u Metodolo\u0161koj biblioteci, u ediciji Metodolo\u0161ke teme kod splitskog izdava\u010da i tiskara Redak d.o.o. Prezentiraju se rezultati istra\u017eiva\u010dke naravi, a studija ima analiti\u010dke ciljeve, uz obja\u0161njene i prezentirane aspekte procesa operacionalizacije i artikulacije niza razli\u010ditih analiti\u010dkih procedura i tehnika. Ondje gdje su se uspjeli istra\u017eiva\u010dki efikasno konstruirati analiti\u010dki kategorijalni aparati [&hellip;]","og_url":"https:\/\/webknjizara.hr\/proizvod\/narativna-analiza-razliciti-metodoloski-koncepti\/","og_site_name":"Web-knji\u017eara","article_modified_time":"2023-02-26T23:17:06+00:00","og_image":[{"width":573,"height":800,"url":"https:\/\/webknjizara.hr\/wp-content\/uploads\/nc\/images\/virtuemart\/product\/narativna-analiz-590a49ce45639.jpg","type":"image\/jpeg"}],"twitter_card":"summary_large_image","twitter_misc":{"Est. reading time":"2 minutes"},"schema":{"@context":"https:\/\/schema.org","@graph":[{"@type":"WebPage","@id":"https:\/\/webknjizara.hr\/proizvod\/narativna-analiza-razliciti-metodoloski-koncepti\/","url":"https:\/\/webknjizara.hr\/proizvod\/narativna-analiza-razliciti-metodoloski-koncepti\/","name":"NARATIVNA ANALIZA: RAZLI\u010cITI METODOLO\u0160KI KONCEPTI, An\u010di Leburi\u0107 - Web-knji\u017eara","isPartOf":{"@id":"https:\/\/webknjizara.hr\/#website"},"primaryImageOfPage":{"@id":"https:\/\/webknjizara.hr\/proizvod\/narativna-analiza-razliciti-metodoloski-koncepti\/#primaryimage"},"image":{"@id":"https:\/\/webknjizara.hr\/proizvod\/narativna-analiza-razliciti-metodoloski-koncepti\/#primaryimage"},"thumbnailUrl":"https:\/\/webknjizara.hr\/wp-content\/uploads\/nc\/images\/virtuemart\/product\/narativna-analiz-590a49ce45639.jpg","datePublished":"2017-05-03T21:21:18+00:00","dateModified":"2023-02-26T23:17:06+00:00","breadcrumb":{"@id":"https:\/\/webknjizara.hr\/proizvod\/narativna-analiza-razliciti-metodoloski-koncepti\/#breadcrumb"},"inLanguage":"en-US","potentialAction":[{"@type":"ReadAction","target":["https:\/\/webknjizara.hr\/proizvod\/narativna-analiza-razliciti-metodoloski-koncepti\/"]}]},{"@type":"ImageObject","inLanguage":"en-US","@id":"https:\/\/webknjizara.hr\/proizvod\/narativna-analiza-razliciti-metodoloski-koncepti\/#primaryimage","url":"https:\/\/webknjizara.hr\/wp-content\/uploads\/nc\/images\/virtuemart\/product\/narativna-analiz-590a49ce45639.jpg","contentUrl":"https:\/\/webknjizara.hr\/wp-content\/uploads\/nc\/images\/virtuemart\/product\/narativna-analiz-590a49ce45639.jpg","width":573,"height":800,"caption":"NARATIVNA ANALIZA: RAZLI\u010cITI METODOLO\u0160KI KONCEPTI"},{"@type":"BreadcrumbList","@id":"https:\/\/webknjizara.hr\/proizvod\/narativna-analiza-razliciti-metodoloski-koncepti\/#breadcrumb","itemListElement":[{"@type":"ListItem","position":1,"name":"Po\u010detna stranica","item":"https:\/\/webknjizara.hr\/en\/"},{"@type":"ListItem","position":2,"name":"Shop","item":"https:\/\/webknjizara.hr\/shop\/"},{"@type":"ListItem","position":3,"name":"NARATIVNA ANALIZA: RAZLI\u010cITI METODOLO\u0160KI KONCEPTI, An\u010di Leburi\u0107"}]},{"@type":"WebSite","@id":"https:\/\/webknjizara.hr\/#website","url":"https:\/\/webknjizara.hr\/","name":"Web Knji\u017eara","description":"","publisher":{"@id":"https:\/\/webknjizara.hr\/#organization"},"potentialAction":[{"@type":"SearchAction","target":{"@type":"EntryPoint","urlTemplate":"https:\/\/webknjizara.hr\/?s={search_term_string}"},"query-input":{"@type":"PropertyValueSpecification","valueRequired":true,"valueName":"search_term_string"}}],"inLanguage":"en-US"},{"@type":"Organization","@id":"https:\/\/webknjizara.hr\/#organization","name":"REDAK D.O.O.","url":"https:\/\/webknjizara.hr\/","logo":{"@type":"ImageObject","inLanguage":"en-US","@id":"https:\/\/webknjizara.hr\/#\/schema\/logo\/image\/","url":"https:\/\/webknjizara.hr\/wp-content\/uploads\/2023\/01\/web-knjizara-logo.webp","contentUrl":"https:\/\/webknjizara.hr\/wp-content\/uploads\/2023\/01\/web-knjizara-logo.webp","width":324,"height":79,"caption":"REDAK D.O.O."},"image":{"@id":"https:\/\/webknjizara.hr\/#\/schema\/logo\/image\/"}}]}},"_links":{"self":[{"href":"https:\/\/webknjizara.hr\/en\/wp-json\/wp\/v2\/product\/8479","targetHints":{"allow":["GET"]}}],"collection":[{"href":"https:\/\/webknjizara.hr\/en\/wp-json\/wp\/v2\/product"}],"about":[{"href":"https:\/\/webknjizara.hr\/en\/wp-json\/wp\/v2\/types\/product"}],"replies":[{"embeddable":true,"href":"https:\/\/webknjizara.hr\/en\/wp-json\/wp\/v2\/comments?post=8479"}],"wp:featuredmedia":[{"embeddable":true,"href":"https:\/\/webknjizara.hr\/en\/wp-json\/wp\/v2\/media\/8480"}],"wp:attachment":[{"href":"https:\/\/webknjizara.hr\/en\/wp-json\/wp\/v2\/media?parent=8479"}],"wp:term":[{"taxonomy":"product_brand","embeddable":true,"href":"https:\/\/webknjizara.hr\/en\/wp-json\/wp\/v2\/product_brand?post=8479"},{"taxonomy":"product_cat","embeddable":true,"href":"https:\/\/webknjizara.hr\/en\/wp-json\/wp\/v2\/product_cat?post=8479"},{"taxonomy":"product_tag","embeddable":true,"href":"https:\/\/webknjizara.hr\/en\/wp-json\/wp\/v2\/product_tag?post=8479"}],"curies":[{"name":"wp","href":"https:\/\/api.w.org\/{rel}","templated":true}]}}