{"id":8455,"date":"2017-03-23T21:24:04","date_gmt":"2017-03-23T21:24:04","guid":{"rendered":"https:\/\/webknjizara.hr\/?product=osnove-seksualne-medicine-natasa-mrduljas-dujic"},"modified":"2023-02-27T00:17:04","modified_gmt":"2023-02-26T23:17:04","slug":"osnove-seksualne-medicine-natasa-mrduljas-dujic","status":"publish","type":"product","link":"https:\/\/webknjizara.hr\/en\/proizvod\/osnove-seksualne-medicine-natasa-mrduljas-dujic\/","title":{"rendered":"OSNOVE SEKSUALNE MEDICINE, Nata\u0161a Mrdulja\u0161 &#8211; \u0110uji\u0107"},"content":{"rendered":"<p style=\"text-align: justify;\"><strong>Sa\u017eetak:<\/strong>\u00a0<\/p>\n<p>Teme priru\u010dnika obuhva\u0107aju: komunikaciju o seksualnim problemima, naj\u010de\u0161\u0107e poreme\u0107aje seksualnih funkcija u mu\u0161karaca i \u017eena, definicije i razradu pojmova spola, roda i seksualne orijentacije te rodne disforije. Govori se o kroni\u010dnim bolestima i seksualnosti, kao i o seksualnosti u osoba starije dobi, utjecaju lijekova na seksualnu funkciju, seksualnoj terapiji, seksualnom zlostavljanju i drugim temama zanimljivim profesionalcima i svim zainteresiranima.<\/p>\n<p>Seksualnost kao tema u lije\u010dni\u010dkim ordinacijama i u radu s pacijentima gotovo da i ne postoji. Ovim priru\u010dnikom ukazuje se na pristup problemima iz ovog kompleksnog i interdisciplinarnog podru\u010dja te na komunikaciju o \u201eosjetljivim\u201c sadr\u017eajima s ciljem primjene ste\u010denih znanja u svakodnevnom radu. Na taj na\u010din podi\u017ee se svijest o va\u017enosti seksualnog zdravlja za ukupno zdravlje osobe. Time otvaramo mogu\u0107nosti i pacijentima da o svojoj seksualnosti slobodnije govore i tako podi\u017eu kvalitetu svog \u017eivota i zdravlja.<\/p>\n<p style=\"text-align: justify;\"><strong>Bilje\u0161ka o autorici:<\/strong> <\/p>\n<p>Nata\u0161a Mrdulja\u0161-\u0110uji\u0107, ro\u0111ena 6. svibnja 1964. godine, doktorica medicine \u2013 specijalistica obiteljske medicine, doktorica znanosti. Od 1987. godine radi na otoku Bra\u010du u obiteljskoj medicini, od 1991. godine u Postirama. Magistrira na Medicinskom fakultetu u Rijeci 1996. godine (Magistarski rad: O nekim karakteristikama depresije u bolesnica s karcinomom dojke), a doktorira na Medicinskom fakultetu u Splitu 2014. godine (Doktorska disertacija: Upotreba pisma pacijentu kao metode u edukaciji studenata medicine).<\/p>\n<p>Od 1999. godine, suradnik je Medicinskog fakulteta u Splitu \u2013 Katedre za obiteljsku medicinu, na kojoj je izabrana za asistenta 2002. godine. Pred zavr\u0161etkom je edukacije iz psihoanaliti\u010dke psihoterapije i seksologije.<\/p>\n<p style=\"text-align: justify;\"><strong>Klju\u010dne rije\u010di:<\/strong> seksualno zdravlje, seksualni poreme\u0107aji u \u017eena, seksualni poreme\u0107aji u mu\u0161karaca, seksualnost u osoba starije dobi, poreme\u0107aji rodnog identiteta, seksualna terapija, lijekovi i seksualna funkcija<\/p>\n<p><strong>E-mail:<\/strong> <a href=\"mailto:md.natasa@gmail.com\">Nata\u0161a Mrdulja\u0161 &#8211; \u0110uji\u0107<\/a><\/p>\n<p style=\"text-align: justify;\"><strong>Naslov:<\/strong> Osnove seksualne medicine<br \/><strong>Autor:<\/strong> Nata\u0161a Mrdulja\u0161 &#8211; \u0110uji\u0107 i suradnici<br \/><span id=\"_mce_caret\"><strong>Broj stranica:\u00a0<\/strong><span id=\"_mce_caret\">162<\/span><\/span><br \/><strong>Nakladnik:<\/strong> REDAK<br \/><strong>Godina izdanja:<\/strong> 2017.<br \/><strong>ISBN:<\/strong> 978-953-336-394-3<br \/><strong>Tisak:<\/strong> digitalni tisak knjiga &#8211; print na zahtjev\u00a0<\/p>\n<hr \/>\n<p style=\"text-align: justify;\"><strong>Kako naru\u010diti knjigu?\u00a0<\/strong>Proces online kupovine jednako funkcionira za sve kupce, s jedinom razlikom u tome \u0161to \u0161to kupci iz inozemstva za podru\u010dje dostave moraju odabrati &#8220;Europa&#8221; ili &#8220;Ostale zemlje svijeta&#8221;, a za vrstu pla\u0107anja WSPay (kreditna kartica) ili Virmanom (bankovni transfer).<\/p>\n<p style=\"text-align: justify;\">Molimo kliknite ovdje za\u00a0<a href=\"hr\/kako-kupovati\" target=\"_blank\" rel=\"noopener\">detaljni vodi\u010d kroz proces narud\u017ebe<\/a>\u00a0ili nas\u00a0<a href=\"hr\/kontakt\" target=\"_blank\" rel=\"noopener\">kontaktirajte<\/a>\u00a0za vi\u0161e informacija.<\/p>\n","protected":false},"excerpt":{"rendered":"<p>Sa\u017eetak:\u00a0 Teme priru\u010dnika obuhva\u0107aju: komunikaciju o seksualnim problemima, naj\u010de\u0161\u0107e poreme\u0107aje seksualnih funkcija u mu\u0161karaca i \u017eena, definicije i razradu pojmova spola, roda i seksualne orijentacije te rodne disforije. Govori se o kroni\u010dnim bolestima i seksualnosti, kao i o seksualnosti u osoba starije dobi, utjecaju lijekova na seksualnu funkciju, seksualnoj terapiji, seksualnom zlostavljanju i drugim temama [&hellip;]<\/p>\n","protected":false},"featured_media":8456,"comment_status":"open","ping_status":"closed","template":"","meta":{"_acf_changed":false},"product_brand":[],"product_cat":[1517],"product_tag":[],"class_list":{"0":"post-8455","1":"product","2":"type-product","3":"status-publish","4":"has-post-thumbnail","6":"product_cat-strucna-literatura","7":"pa_autor-natasa-mrduljas-dujic","8":"pa_nakladnik-redak","10":"first","11":"instock","12":"shipping-taxable","13":"purchasable","14":"product-type-simple"},"acf":[],"yoast_head":"<!-- This site is optimized with the Yoast SEO plugin v27.3 - https:\/\/yoast.com\/product\/yoast-seo-wordpress\/ -->\n<title>OSNOVE SEKSUALNE MEDICINE, Nata\u0161a Mrdulja\u0161 - \u0110uji\u0107 - Web-knji\u017eara<\/title>\n<meta name=\"robots\" content=\"index, follow, max-snippet:-1, max-image-preview:large, max-video-preview:-1\" \/>\n<link rel=\"canonical\" href=\"https:\/\/webknjizara.hr\/proizvod\/osnove-seksualne-medicine-natasa-mrduljas-dujic\/\" \/>\n<meta property=\"og:locale\" content=\"en_US\" \/>\n<meta property=\"og:type\" content=\"article\" \/>\n<meta property=\"og:title\" content=\"OSNOVE SEKSUALNE MEDICINE, Nata\u0161a Mrdulja\u0161 - \u0110uji\u0107 - Web-knji\u017eara\" \/>\n<meta property=\"og:description\" content=\"Sa\u017eetak:\u00a0 Teme priru\u010dnika obuhva\u0107aju: komunikaciju o seksualnim problemima, naj\u010de\u0161\u0107e poreme\u0107aje seksualnih funkcija u mu\u0161karaca i \u017eena, definicije i razradu pojmova spola, roda i seksualne orijentacije te rodne disforije. Govori se o kroni\u010dnim bolestima i seksualnosti, kao i o seksualnosti u osoba starije dobi, utjecaju lijekova na seksualnu funkciju, seksualnoj terapiji, seksualnom zlostavljanju i drugim temama [&hellip;]\" \/>\n<meta property=\"og:url\" content=\"https:\/\/webknjizara.hr\/proizvod\/osnove-seksualne-medicine-natasa-mrduljas-dujic\/\" \/>\n<meta property=\"og:site_name\" content=\"Web-knji\u017eara\" \/>\n<meta property=\"article:modified_time\" content=\"2023-02-26T23:17:04+00:00\" \/>\n<meta property=\"og:image\" content=\"https:\/\/webknjizara.hr\/wp-content\/uploads\/nc\/images\/virtuemart\/product\/osnove-seksualne-58d43cf400264.jpg\" \/>\n\t<meta property=\"og:image:width\" content=\"573\" \/>\n\t<meta property=\"og:image:height\" content=\"800\" \/>\n\t<meta property=\"og:image:type\" content=\"image\/jpeg\" \/>\n<meta name=\"twitter:card\" content=\"summary_large_image\" \/>\n<meta name=\"twitter:label1\" content=\"Est. reading time\" \/>\n\t<meta name=\"twitter:data1\" content=\"2 minutes\" \/>\n<script type=\"application\/ld+json\" class=\"yoast-schema-graph\">{\"@context\":\"https:\\\/\\\/schema.org\",\"@graph\":[{\"@type\":\"WebPage\",\"@id\":\"https:\\\/\\\/webknjizara.hr\\\/proizvod\\\/osnove-seksualne-medicine-natasa-mrduljas-dujic\\\/\",\"url\":\"https:\\\/\\\/webknjizara.hr\\\/proizvod\\\/osnove-seksualne-medicine-natasa-mrduljas-dujic\\\/\",\"name\":\"OSNOVE SEKSUALNE MEDICINE, Nata\u0161a Mrdulja\u0161 - \u0110uji\u0107 - Web-knji\u017eara\",\"isPartOf\":{\"@id\":\"https:\\\/\\\/webknjizara.hr\\\/#website\"},\"primaryImageOfPage\":{\"@id\":\"https:\\\/\\\/webknjizara.hr\\\/proizvod\\\/osnove-seksualne-medicine-natasa-mrduljas-dujic\\\/#primaryimage\"},\"image\":{\"@id\":\"https:\\\/\\\/webknjizara.hr\\\/proizvod\\\/osnove-seksualne-medicine-natasa-mrduljas-dujic\\\/#primaryimage\"},\"thumbnailUrl\":\"https:\\\/\\\/webknjizara.hr\\\/wp-content\\\/uploads\\\/nc\\\/images\\\/virtuemart\\\/product\\\/osnove-seksualne-58d43cf400264.jpg\",\"datePublished\":\"2017-03-23T21:24:04+00:00\",\"dateModified\":\"2023-02-26T23:17:04+00:00\",\"breadcrumb\":{\"@id\":\"https:\\\/\\\/webknjizara.hr\\\/proizvod\\\/osnove-seksualne-medicine-natasa-mrduljas-dujic\\\/#breadcrumb\"},\"inLanguage\":\"en-US\",\"potentialAction\":[{\"@type\":\"ReadAction\",\"target\":[\"https:\\\/\\\/webknjizara.hr\\\/proizvod\\\/osnove-seksualne-medicine-natasa-mrduljas-dujic\\\/\"]}]},{\"@type\":\"ImageObject\",\"inLanguage\":\"en-US\",\"@id\":\"https:\\\/\\\/webknjizara.hr\\\/proizvod\\\/osnove-seksualne-medicine-natasa-mrduljas-dujic\\\/#primaryimage\",\"url\":\"https:\\\/\\\/webknjizara.hr\\\/wp-content\\\/uploads\\\/nc\\\/images\\\/virtuemart\\\/product\\\/osnove-seksualne-58d43cf400264.jpg\",\"contentUrl\":\"https:\\\/\\\/webknjizara.hr\\\/wp-content\\\/uploads\\\/nc\\\/images\\\/virtuemart\\\/product\\\/osnove-seksualne-58d43cf400264.jpg\",\"width\":573,\"height\":800,\"caption\":\"OSNOVE SEKSUALNE MEDICINE, Nata\u0161a Mrdulja\u0161 - \u0110uji\u0107\"},{\"@type\":\"BreadcrumbList\",\"@id\":\"https:\\\/\\\/webknjizara.hr\\\/proizvod\\\/osnove-seksualne-medicine-natasa-mrduljas-dujic\\\/#breadcrumb\",\"itemListElement\":[{\"@type\":\"ListItem\",\"position\":1,\"name\":\"Po\u010detna stranica\",\"item\":\"https:\\\/\\\/webknjizara.hr\\\/en\\\/\"},{\"@type\":\"ListItem\",\"position\":2,\"name\":\"Shop\",\"item\":\"https:\\\/\\\/webknjizara.hr\\\/shop\\\/\"},{\"@type\":\"ListItem\",\"position\":3,\"name\":\"OSNOVE SEKSUALNE MEDICINE, Nata\u0161a Mrdulja\u0161 &#8211; \u0110uji\u0107\"}]},{\"@type\":\"WebSite\",\"@id\":\"https:\\\/\\\/webknjizara.hr\\\/#website\",\"url\":\"https:\\\/\\\/webknjizara.hr\\\/\",\"name\":\"Web Knji\u017eara\",\"description\":\"\",\"publisher\":{\"@id\":\"https:\\\/\\\/webknjizara.hr\\\/#organization\"},\"potentialAction\":[{\"@type\":\"SearchAction\",\"target\":{\"@type\":\"EntryPoint\",\"urlTemplate\":\"https:\\\/\\\/webknjizara.hr\\\/?s={search_term_string}\"},\"query-input\":{\"@type\":\"PropertyValueSpecification\",\"valueRequired\":true,\"valueName\":\"search_term_string\"}}],\"inLanguage\":\"en-US\"},{\"@type\":\"Organization\",\"@id\":\"https:\\\/\\\/webknjizara.hr\\\/#organization\",\"name\":\"REDAK D.O.O.\",\"url\":\"https:\\\/\\\/webknjizara.hr\\\/\",\"logo\":{\"@type\":\"ImageObject\",\"inLanguage\":\"en-US\",\"@id\":\"https:\\\/\\\/webknjizara.hr\\\/#\\\/schema\\\/logo\\\/image\\\/\",\"url\":\"https:\\\/\\\/webknjizara.hr\\\/wp-content\\\/uploads\\\/2023\\\/01\\\/web-knjizara-logo.webp\",\"contentUrl\":\"https:\\\/\\\/webknjizara.hr\\\/wp-content\\\/uploads\\\/2023\\\/01\\\/web-knjizara-logo.webp\",\"width\":324,\"height\":79,\"caption\":\"REDAK D.O.O.\"},\"image\":{\"@id\":\"https:\\\/\\\/webknjizara.hr\\\/#\\\/schema\\\/logo\\\/image\\\/\"}}]}<\/script>\n<!-- \/ Yoast SEO plugin. -->","yoast_head_json":{"title":"OSNOVE SEKSUALNE MEDICINE, Nata\u0161a Mrdulja\u0161 - \u0110uji\u0107 - Web-knji\u017eara","robots":{"index":"index","follow":"follow","max-snippet":"max-snippet:-1","max-image-preview":"max-image-preview:large","max-video-preview":"max-video-preview:-1"},"canonical":"https:\/\/webknjizara.hr\/proizvod\/osnove-seksualne-medicine-natasa-mrduljas-dujic\/","og_locale":"en_US","og_type":"article","og_title":"OSNOVE SEKSUALNE MEDICINE, Nata\u0161a Mrdulja\u0161 - \u0110uji\u0107 - Web-knji\u017eara","og_description":"Sa\u017eetak:\u00a0 Teme priru\u010dnika obuhva\u0107aju: komunikaciju o seksualnim problemima, naj\u010de\u0161\u0107e poreme\u0107aje seksualnih funkcija u mu\u0161karaca i \u017eena, definicije i razradu pojmova spola, roda i seksualne orijentacije te rodne disforije. Govori se o kroni\u010dnim bolestima i seksualnosti, kao i o seksualnosti u osoba starije dobi, utjecaju lijekova na seksualnu funkciju, seksualnoj terapiji, seksualnom zlostavljanju i drugim temama [&hellip;]","og_url":"https:\/\/webknjizara.hr\/proizvod\/osnove-seksualne-medicine-natasa-mrduljas-dujic\/","og_site_name":"Web-knji\u017eara","article_modified_time":"2023-02-26T23:17:04+00:00","og_image":[{"width":573,"height":800,"url":"https:\/\/webknjizara.hr\/wp-content\/uploads\/nc\/images\/virtuemart\/product\/osnove-seksualne-58d43cf400264.jpg","type":"image\/jpeg"}],"twitter_card":"summary_large_image","twitter_misc":{"Est. reading time":"2 minutes"},"schema":{"@context":"https:\/\/schema.org","@graph":[{"@type":"WebPage","@id":"https:\/\/webknjizara.hr\/proizvod\/osnove-seksualne-medicine-natasa-mrduljas-dujic\/","url":"https:\/\/webknjizara.hr\/proizvod\/osnove-seksualne-medicine-natasa-mrduljas-dujic\/","name":"OSNOVE SEKSUALNE MEDICINE, Nata\u0161a Mrdulja\u0161 - \u0110uji\u0107 - Web-knji\u017eara","isPartOf":{"@id":"https:\/\/webknjizara.hr\/#website"},"primaryImageOfPage":{"@id":"https:\/\/webknjizara.hr\/proizvod\/osnove-seksualne-medicine-natasa-mrduljas-dujic\/#primaryimage"},"image":{"@id":"https:\/\/webknjizara.hr\/proizvod\/osnove-seksualne-medicine-natasa-mrduljas-dujic\/#primaryimage"},"thumbnailUrl":"https:\/\/webknjizara.hr\/wp-content\/uploads\/nc\/images\/virtuemart\/product\/osnove-seksualne-58d43cf400264.jpg","datePublished":"2017-03-23T21:24:04+00:00","dateModified":"2023-02-26T23:17:04+00:00","breadcrumb":{"@id":"https:\/\/webknjizara.hr\/proizvod\/osnove-seksualne-medicine-natasa-mrduljas-dujic\/#breadcrumb"},"inLanguage":"en-US","potentialAction":[{"@type":"ReadAction","target":["https:\/\/webknjizara.hr\/proizvod\/osnove-seksualne-medicine-natasa-mrduljas-dujic\/"]}]},{"@type":"ImageObject","inLanguage":"en-US","@id":"https:\/\/webknjizara.hr\/proizvod\/osnove-seksualne-medicine-natasa-mrduljas-dujic\/#primaryimage","url":"https:\/\/webknjizara.hr\/wp-content\/uploads\/nc\/images\/virtuemart\/product\/osnove-seksualne-58d43cf400264.jpg","contentUrl":"https:\/\/webknjizara.hr\/wp-content\/uploads\/nc\/images\/virtuemart\/product\/osnove-seksualne-58d43cf400264.jpg","width":573,"height":800,"caption":"OSNOVE SEKSUALNE MEDICINE, Nata\u0161a Mrdulja\u0161 - \u0110uji\u0107"},{"@type":"BreadcrumbList","@id":"https:\/\/webknjizara.hr\/proizvod\/osnove-seksualne-medicine-natasa-mrduljas-dujic\/#breadcrumb","itemListElement":[{"@type":"ListItem","position":1,"name":"Po\u010detna stranica","item":"https:\/\/webknjizara.hr\/en\/"},{"@type":"ListItem","position":2,"name":"Shop","item":"https:\/\/webknjizara.hr\/shop\/"},{"@type":"ListItem","position":3,"name":"OSNOVE SEKSUALNE MEDICINE, Nata\u0161a Mrdulja\u0161 &#8211; \u0110uji\u0107"}]},{"@type":"WebSite","@id":"https:\/\/webknjizara.hr\/#website","url":"https:\/\/webknjizara.hr\/","name":"Web Knji\u017eara","description":"","publisher":{"@id":"https:\/\/webknjizara.hr\/#organization"},"potentialAction":[{"@type":"SearchAction","target":{"@type":"EntryPoint","urlTemplate":"https:\/\/webknjizara.hr\/?s={search_term_string}"},"query-input":{"@type":"PropertyValueSpecification","valueRequired":true,"valueName":"search_term_string"}}],"inLanguage":"en-US"},{"@type":"Organization","@id":"https:\/\/webknjizara.hr\/#organization","name":"REDAK D.O.O.","url":"https:\/\/webknjizara.hr\/","logo":{"@type":"ImageObject","inLanguage":"en-US","@id":"https:\/\/webknjizara.hr\/#\/schema\/logo\/image\/","url":"https:\/\/webknjizara.hr\/wp-content\/uploads\/2023\/01\/web-knjizara-logo.webp","contentUrl":"https:\/\/webknjizara.hr\/wp-content\/uploads\/2023\/01\/web-knjizara-logo.webp","width":324,"height":79,"caption":"REDAK D.O.O."},"image":{"@id":"https:\/\/webknjizara.hr\/#\/schema\/logo\/image\/"}}]}},"_links":{"self":[{"href":"https:\/\/webknjizara.hr\/en\/wp-json\/wp\/v2\/product\/8455","targetHints":{"allow":["GET"]}}],"collection":[{"href":"https:\/\/webknjizara.hr\/en\/wp-json\/wp\/v2\/product"}],"about":[{"href":"https:\/\/webknjizara.hr\/en\/wp-json\/wp\/v2\/types\/product"}],"replies":[{"embeddable":true,"href":"https:\/\/webknjizara.hr\/en\/wp-json\/wp\/v2\/comments?post=8455"}],"wp:featuredmedia":[{"embeddable":true,"href":"https:\/\/webknjizara.hr\/en\/wp-json\/wp\/v2\/media\/8456"}],"wp:attachment":[{"href":"https:\/\/webknjizara.hr\/en\/wp-json\/wp\/v2\/media?parent=8455"}],"wp:term":[{"taxonomy":"product_brand","embeddable":true,"href":"https:\/\/webknjizara.hr\/en\/wp-json\/wp\/v2\/product_brand?post=8455"},{"taxonomy":"product_cat","embeddable":true,"href":"https:\/\/webknjizara.hr\/en\/wp-json\/wp\/v2\/product_cat?post=8455"},{"taxonomy":"product_tag","embeddable":true,"href":"https:\/\/webknjizara.hr\/en\/wp-json\/wp\/v2\/product_tag?post=8455"}],"curies":[{"name":"wp","href":"https:\/\/api.w.org\/{rel}","templated":true}]}}