{"id":8443,"date":"2017-03-13T19:30:12","date_gmt":"2017-03-13T19:30:12","guid":{"rendered":"https:\/\/webknjizara.hr\/?product=borbe-zivota-danny-hauptman"},"modified":"2023-02-27T00:17:03","modified_gmt":"2023-02-26T23:17:03","slug":"borbe-zivota-danny-hauptman","status":"publish","type":"product","link":"https:\/\/webknjizara.hr\/en\/proizvod\/borbe-zivota-danny-hauptman\/","title":{"rendered":"BORBE \u017dIVOTA, Danny Hauptman"},"content":{"rendered":"<p style=\"text-align: justify;\"><strong><br \/>Sa\u017eetak:<\/strong> <\/p>\n<p>U svojem prvijencu \u2013 autobiografskome djelu Borba \u017eivota, Danny Hauptman otkriva svoju \u017eivotnu pri\u010du. Traumati\u010dno djetinjstvo provedeno u nekoliko republika biv\u0161e Jugoslavije ostavlja svoje fragmente u srcu mladi\u0107a koji biva ba\u010den u rat. No\u0161en okolnostima, ali opet vo\u0111en vlastitom \u017eeljom za napretkom i uspjehom, pronalazi svoj put u disciplini vojni\u010dkoga \u017eivota. Vlastita obitelj ga odbacuje, no primaju ga specijalne postrojbe i obavje\u0161tajne slu\u017ebe koje u njemu prepoznaju potencijal te stoga nastavlja svoj put grade\u0107i karijeru za\u0161titnika ljudi.<\/p>\n<p>Pri\u010da je to o izdr\u017eljivosti i opstanku, unato\u010d silama koje na\u0161eg junaka vuku na dno. Nije ovo samo opis doga\u0111aja ne\u010dijeg \u017eivota \u2013 iskrena je to ispovijest \u010dovjeka koji je odlu\u010dio ne zaboraviti kako bi mogao nastaviti dalje. \u010citatelja \u0107e, mo\u017eda i s voajerskim predznakom, zanimati intimni detalji iz Dannyjeva djetinjstva i mladosti, no svoju \u0107e \u010ditateljsku glad zadovoljiti i oni koji iz prve ruke \u017eele znati kako, u prakti\u010dnom smislu, izgleda \u017eivot vojnika, bodyguarda i \u010duvara brodova od navale opasnih pirata.<\/p>\n<p>Uzbudljiva, no nepretenciozna, knjiga biva pro\u010ditana u jednome dahu, kao \u0161to je i napisana. Jer \u017eivotne borbe poznate su svakome od nas. \u201eKad budem imao 80 godina i po\u010dnem sve zaboravljati, \u017eelim otvoriti knjigu i prisjetiti se svega.\u201c, napisao je Danny o svojem djelu, no dozvolimo Borbama \u017eivota da budu pro\u010ditane i ranije.<\/p>\n<p>&#8211; Isidora Vujo\u0161evi\u0107, Vara\u017edin, velja\u010da 2017.<\/p>\n<p style=\"text-align: justify;\"><strong>Bilje\u0161ka o autoru:<\/strong> <\/p>\n<p>Danny Hauptman ro\u0111en je 1974. godine u Karlovcu. Nakon selidbe u Pesnicu u Sloveniji, te nekoliko godina provedenih u Valjevu u Srbiji, vra\u0107a se u rodni grad gdje zavr\u0161ava srednju Tehni\u010dku \u0161kolu. Vojni rok slu\u017ei u Domovinskom ratu, potom pristupa Specijalnoj policiji. Nakon 1996. obavlja poslove za\u0161tite ljudi i novca te niz raznovrsnih srodnih djelatnosti, sve do 2009. godine kada se zapo\u0161ljava u ameri\u010dkoj vojnoj bazi u Afganistanu kao voditelj odjela i poslova logistike za ameri\u010dku vojsku. Godine 2013., nakon obuke u European Security Academy, zapo\u0161ljava se u izraelskoj kompaniji Seagull Maritime Security te odlazi na Sri Lanku gdje se priklju\u010duje timu za \u010duvanje sigurnosti brodova koji plove opasnim morskim rutama poznatim po napadima pirata. Tijekom 2015., mijenja poslodavca te posao osiguranja brodova sljede\u0107ih pola godine nastavlja kao vo\u0111a tima nizozemske kompanije ESS&#038;SA. Odlazi u Jemen, odakle plovi Indijskim oceanom i Crvenim morem. Danny danas \u017eivi ne\u0161to mirnijim \u017eivotom u Limericku u Irskoj, gdje radi kao vojni savjetnik za kanadski Defence UNLIMITED.<\/p>\n<p style=\"text-align: justify;\"><strong>Klju\u010dne rije\u010di:<\/strong> autobiografija, borba za opstanak, Karlovac, Domovinski rat, specijalne postrojbe, obavje\u0161tajne slu\u017ebe, CIA, Afganistan, pirati, osiguranje brodova<\/p>\n<p style=\"text-align: justify;\"><strong>Naslov:<\/strong> Borbe \u017eivota<br \/><strong>Autor:<\/strong> Danny Hauptman<br \/><strong>Broj stranica:<\/strong> 102<br \/><strong>Nakladnik:<\/strong> REDAK<br \/><strong>Godina izdanja:<\/strong> 2017.<br \/><strong>ISBN:<\/strong> 978-953-336-383-7<br \/><strong>Tisak:<\/strong> digitalni tisak knjiga &#8211; print na zahtjev\u00a0<\/p>\n<hr \/>\n<p style=\"text-align: justify;\"><strong>Kako naru\u010diti knjigu?\u00a0<\/strong>Proces online kupovine jednako funkcionira za sve kupce, s jedinom razlikom u tome \u0161to \u0161to kupci iz inozemstva za podru\u010dje dostave moraju odabrati &#8220;Europa&#8221; ili &#8220;Ostale zemlje svijeta&#8221;, a za vrstu pla\u0107anja WSPay (kreditna kartica) ili Virmanom (bankovni transfer).<\/p>\n<p style=\"text-align: justify;\">Molimo kliknite ovdje za\u00a0<a href=\"hr\/kako-kupovati\" target=\"_blank\" rel=\"noopener\">detaljni vodi\u010d kroz proces narud\u017ebe<\/a>\u00a0ili nas\u00a0<a href=\"hr\/kontakt\" target=\"_blank\" rel=\"noopener\">kontaktirajte<\/a>\u00a0za vi\u0161e informacija.<\/p>\n","protected":false},"excerpt":{"rendered":"<p>Sa\u017eetak: U svojem prvijencu \u2013 autobiografskome djelu Borba \u017eivota, Danny Hauptman otkriva svoju \u017eivotnu pri\u010du. Traumati\u010dno djetinjstvo provedeno u nekoliko republika biv\u0161e Jugoslavije ostavlja svoje fragmente u srcu mladi\u0107a koji biva ba\u010den u rat. No\u0161en okolnostima, ali opet vo\u0111en vlastitom \u017eeljom za napretkom i uspjehom, pronalazi svoj put u disciplini vojni\u010dkoga \u017eivota. Vlastita obitelj ga [&hellip;]<\/p>\n","protected":false},"featured_media":8444,"comment_status":"open","ping_status":"closed","template":"","meta":{"_acf_changed":false},"product_brand":[],"product_cat":[1383,1385],"product_tag":[],"class_list":{"0":"post-8443","1":"product","2":"type-product","3":"status-publish","4":"has-post-thumbnail","6":"product_cat-knjige","7":"product_cat-knjizevnost","8":"pa_nakladnik-redak","10":"first","11":"instock","12":"shipping-taxable","13":"purchasable","14":"product-type-simple"},"acf":[],"yoast_head":"<!-- This site is optimized with the Yoast SEO plugin v27.3 - https:\/\/yoast.com\/product\/yoast-seo-wordpress\/ -->\n<title>BORBE \u017dIVOTA, Danny Hauptman - Web-knji\u017eara<\/title>\n<meta name=\"robots\" content=\"index, follow, max-snippet:-1, max-image-preview:large, max-video-preview:-1\" \/>\n<link rel=\"canonical\" href=\"https:\/\/webknjizara.hr\/proizvod\/borbe-zivota-danny-hauptman\/\" \/>\n<meta property=\"og:locale\" content=\"en_US\" \/>\n<meta property=\"og:type\" content=\"article\" \/>\n<meta property=\"og:title\" content=\"BORBE \u017dIVOTA, Danny Hauptman - Web-knji\u017eara\" \/>\n<meta property=\"og:description\" content=\"Sa\u017eetak: U svojem prvijencu \u2013 autobiografskome djelu Borba \u017eivota, Danny Hauptman otkriva svoju \u017eivotnu pri\u010du. Traumati\u010dno djetinjstvo provedeno u nekoliko republika biv\u0161e Jugoslavije ostavlja svoje fragmente u srcu mladi\u0107a koji biva ba\u010den u rat. No\u0161en okolnostima, ali opet vo\u0111en vlastitom \u017eeljom za napretkom i uspjehom, pronalazi svoj put u disciplini vojni\u010dkoga \u017eivota. Vlastita obitelj ga [&hellip;]\" \/>\n<meta property=\"og:url\" content=\"https:\/\/webknjizara.hr\/proizvod\/borbe-zivota-danny-hauptman\/\" \/>\n<meta property=\"og:site_name\" content=\"Web-knji\u017eara\" \/>\n<meta property=\"article:modified_time\" content=\"2023-02-26T23:17:03+00:00\" \/>\n<meta property=\"og:image\" content=\"https:\/\/webknjizara.hr\/wp-content\/uploads\/nc\/images\/virtuemart\/product\/borbe-ivota-d-58c6f3445f392.jpg\" \/>\n\t<meta property=\"og:image:width\" content=\"573\" \/>\n\t<meta property=\"og:image:height\" content=\"800\" \/>\n\t<meta property=\"og:image:type\" content=\"image\/jpeg\" \/>\n<meta name=\"twitter:card\" content=\"summary_large_image\" \/>\n<meta name=\"twitter:label1\" content=\"Est. reading time\" \/>\n\t<meta name=\"twitter:data1\" content=\"3 minutes\" \/>\n<script type=\"application\/ld+json\" class=\"yoast-schema-graph\">{\"@context\":\"https:\\\/\\\/schema.org\",\"@graph\":[{\"@type\":\"WebPage\",\"@id\":\"https:\\\/\\\/webknjizara.hr\\\/proizvod\\\/borbe-zivota-danny-hauptman\\\/\",\"url\":\"https:\\\/\\\/webknjizara.hr\\\/proizvod\\\/borbe-zivota-danny-hauptman\\\/\",\"name\":\"BORBE \u017dIVOTA, Danny Hauptman - Web-knji\u017eara\",\"isPartOf\":{\"@id\":\"https:\\\/\\\/webknjizara.hr\\\/#website\"},\"primaryImageOfPage\":{\"@id\":\"https:\\\/\\\/webknjizara.hr\\\/proizvod\\\/borbe-zivota-danny-hauptman\\\/#primaryimage\"},\"image\":{\"@id\":\"https:\\\/\\\/webknjizara.hr\\\/proizvod\\\/borbe-zivota-danny-hauptman\\\/#primaryimage\"},\"thumbnailUrl\":\"https:\\\/\\\/webknjizara.hr\\\/wp-content\\\/uploads\\\/nc\\\/images\\\/virtuemart\\\/product\\\/borbe-ivota-d-58c6f3445f392.jpg\",\"datePublished\":\"2017-03-13T19:30:12+00:00\",\"dateModified\":\"2023-02-26T23:17:03+00:00\",\"breadcrumb\":{\"@id\":\"https:\\\/\\\/webknjizara.hr\\\/proizvod\\\/borbe-zivota-danny-hauptman\\\/#breadcrumb\"},\"inLanguage\":\"en-US\",\"potentialAction\":[{\"@type\":\"ReadAction\",\"target\":[\"https:\\\/\\\/webknjizara.hr\\\/proizvod\\\/borbe-zivota-danny-hauptman\\\/\"]}]},{\"@type\":\"ImageObject\",\"inLanguage\":\"en-US\",\"@id\":\"https:\\\/\\\/webknjizara.hr\\\/proizvod\\\/borbe-zivota-danny-hauptman\\\/#primaryimage\",\"url\":\"https:\\\/\\\/webknjizara.hr\\\/wp-content\\\/uploads\\\/nc\\\/images\\\/virtuemart\\\/product\\\/borbe-ivota-d-58c6f3445f392.jpg\",\"contentUrl\":\"https:\\\/\\\/webknjizara.hr\\\/wp-content\\\/uploads\\\/nc\\\/images\\\/virtuemart\\\/product\\\/borbe-ivota-d-58c6f3445f392.jpg\",\"width\":573,\"height\":800,\"caption\":\"BORBE \u017dIVOTA, Danny Hauptman\"},{\"@type\":\"BreadcrumbList\",\"@id\":\"https:\\\/\\\/webknjizara.hr\\\/proizvod\\\/borbe-zivota-danny-hauptman\\\/#breadcrumb\",\"itemListElement\":[{\"@type\":\"ListItem\",\"position\":1,\"name\":\"Po\u010detna stranica\",\"item\":\"https:\\\/\\\/webknjizara.hr\\\/en\\\/\"},{\"@type\":\"ListItem\",\"position\":2,\"name\":\"Shop\",\"item\":\"https:\\\/\\\/webknjizara.hr\\\/shop\\\/\"},{\"@type\":\"ListItem\",\"position\":3,\"name\":\"BORBE \u017dIVOTA, Danny Hauptman\"}]},{\"@type\":\"WebSite\",\"@id\":\"https:\\\/\\\/webknjizara.hr\\\/#website\",\"url\":\"https:\\\/\\\/webknjizara.hr\\\/\",\"name\":\"Web Knji\u017eara\",\"description\":\"\",\"publisher\":{\"@id\":\"https:\\\/\\\/webknjizara.hr\\\/#organization\"},\"potentialAction\":[{\"@type\":\"SearchAction\",\"target\":{\"@type\":\"EntryPoint\",\"urlTemplate\":\"https:\\\/\\\/webknjizara.hr\\\/?s={search_term_string}\"},\"query-input\":{\"@type\":\"PropertyValueSpecification\",\"valueRequired\":true,\"valueName\":\"search_term_string\"}}],\"inLanguage\":\"en-US\"},{\"@type\":\"Organization\",\"@id\":\"https:\\\/\\\/webknjizara.hr\\\/#organization\",\"name\":\"REDAK D.O.O.\",\"url\":\"https:\\\/\\\/webknjizara.hr\\\/\",\"logo\":{\"@type\":\"ImageObject\",\"inLanguage\":\"en-US\",\"@id\":\"https:\\\/\\\/webknjizara.hr\\\/#\\\/schema\\\/logo\\\/image\\\/\",\"url\":\"https:\\\/\\\/webknjizara.hr\\\/wp-content\\\/uploads\\\/2023\\\/01\\\/web-knjizara-logo.webp\",\"contentUrl\":\"https:\\\/\\\/webknjizara.hr\\\/wp-content\\\/uploads\\\/2023\\\/01\\\/web-knjizara-logo.webp\",\"width\":324,\"height\":79,\"caption\":\"REDAK D.O.O.\"},\"image\":{\"@id\":\"https:\\\/\\\/webknjizara.hr\\\/#\\\/schema\\\/logo\\\/image\\\/\"}}]}<\/script>\n<!-- \/ Yoast SEO plugin. -->","yoast_head_json":{"title":"BORBE \u017dIVOTA, Danny Hauptman - Web-knji\u017eara","robots":{"index":"index","follow":"follow","max-snippet":"max-snippet:-1","max-image-preview":"max-image-preview:large","max-video-preview":"max-video-preview:-1"},"canonical":"https:\/\/webknjizara.hr\/proizvod\/borbe-zivota-danny-hauptman\/","og_locale":"en_US","og_type":"article","og_title":"BORBE \u017dIVOTA, Danny Hauptman - Web-knji\u017eara","og_description":"Sa\u017eetak: U svojem prvijencu \u2013 autobiografskome djelu Borba \u017eivota, Danny Hauptman otkriva svoju \u017eivotnu pri\u010du. Traumati\u010dno djetinjstvo provedeno u nekoliko republika biv\u0161e Jugoslavije ostavlja svoje fragmente u srcu mladi\u0107a koji biva ba\u010den u rat. No\u0161en okolnostima, ali opet vo\u0111en vlastitom \u017eeljom za napretkom i uspjehom, pronalazi svoj put u disciplini vojni\u010dkoga \u017eivota. Vlastita obitelj ga [&hellip;]","og_url":"https:\/\/webknjizara.hr\/proizvod\/borbe-zivota-danny-hauptman\/","og_site_name":"Web-knji\u017eara","article_modified_time":"2023-02-26T23:17:03+00:00","og_image":[{"width":573,"height":800,"url":"https:\/\/webknjizara.hr\/wp-content\/uploads\/nc\/images\/virtuemart\/product\/borbe-ivota-d-58c6f3445f392.jpg","type":"image\/jpeg"}],"twitter_card":"summary_large_image","twitter_misc":{"Est. reading time":"3 minutes"},"schema":{"@context":"https:\/\/schema.org","@graph":[{"@type":"WebPage","@id":"https:\/\/webknjizara.hr\/proizvod\/borbe-zivota-danny-hauptman\/","url":"https:\/\/webknjizara.hr\/proizvod\/borbe-zivota-danny-hauptman\/","name":"BORBE \u017dIVOTA, Danny Hauptman - Web-knji\u017eara","isPartOf":{"@id":"https:\/\/webknjizara.hr\/#website"},"primaryImageOfPage":{"@id":"https:\/\/webknjizara.hr\/proizvod\/borbe-zivota-danny-hauptman\/#primaryimage"},"image":{"@id":"https:\/\/webknjizara.hr\/proizvod\/borbe-zivota-danny-hauptman\/#primaryimage"},"thumbnailUrl":"https:\/\/webknjizara.hr\/wp-content\/uploads\/nc\/images\/virtuemart\/product\/borbe-ivota-d-58c6f3445f392.jpg","datePublished":"2017-03-13T19:30:12+00:00","dateModified":"2023-02-26T23:17:03+00:00","breadcrumb":{"@id":"https:\/\/webknjizara.hr\/proizvod\/borbe-zivota-danny-hauptman\/#breadcrumb"},"inLanguage":"en-US","potentialAction":[{"@type":"ReadAction","target":["https:\/\/webknjizara.hr\/proizvod\/borbe-zivota-danny-hauptman\/"]}]},{"@type":"ImageObject","inLanguage":"en-US","@id":"https:\/\/webknjizara.hr\/proizvod\/borbe-zivota-danny-hauptman\/#primaryimage","url":"https:\/\/webknjizara.hr\/wp-content\/uploads\/nc\/images\/virtuemart\/product\/borbe-ivota-d-58c6f3445f392.jpg","contentUrl":"https:\/\/webknjizara.hr\/wp-content\/uploads\/nc\/images\/virtuemart\/product\/borbe-ivota-d-58c6f3445f392.jpg","width":573,"height":800,"caption":"BORBE \u017dIVOTA, Danny Hauptman"},{"@type":"BreadcrumbList","@id":"https:\/\/webknjizara.hr\/proizvod\/borbe-zivota-danny-hauptman\/#breadcrumb","itemListElement":[{"@type":"ListItem","position":1,"name":"Po\u010detna stranica","item":"https:\/\/webknjizara.hr\/en\/"},{"@type":"ListItem","position":2,"name":"Shop","item":"https:\/\/webknjizara.hr\/shop\/"},{"@type":"ListItem","position":3,"name":"BORBE \u017dIVOTA, Danny Hauptman"}]},{"@type":"WebSite","@id":"https:\/\/webknjizara.hr\/#website","url":"https:\/\/webknjizara.hr\/","name":"Web Knji\u017eara","description":"","publisher":{"@id":"https:\/\/webknjizara.hr\/#organization"},"potentialAction":[{"@type":"SearchAction","target":{"@type":"EntryPoint","urlTemplate":"https:\/\/webknjizara.hr\/?s={search_term_string}"},"query-input":{"@type":"PropertyValueSpecification","valueRequired":true,"valueName":"search_term_string"}}],"inLanguage":"en-US"},{"@type":"Organization","@id":"https:\/\/webknjizara.hr\/#organization","name":"REDAK D.O.O.","url":"https:\/\/webknjizara.hr\/","logo":{"@type":"ImageObject","inLanguage":"en-US","@id":"https:\/\/webknjizara.hr\/#\/schema\/logo\/image\/","url":"https:\/\/webknjizara.hr\/wp-content\/uploads\/2023\/01\/web-knjizara-logo.webp","contentUrl":"https:\/\/webknjizara.hr\/wp-content\/uploads\/2023\/01\/web-knjizara-logo.webp","width":324,"height":79,"caption":"REDAK D.O.O."},"image":{"@id":"https:\/\/webknjizara.hr\/#\/schema\/logo\/image\/"}}]}},"_links":{"self":[{"href":"https:\/\/webknjizara.hr\/en\/wp-json\/wp\/v2\/product\/8443","targetHints":{"allow":["GET"]}}],"collection":[{"href":"https:\/\/webknjizara.hr\/en\/wp-json\/wp\/v2\/product"}],"about":[{"href":"https:\/\/webknjizara.hr\/en\/wp-json\/wp\/v2\/types\/product"}],"replies":[{"embeddable":true,"href":"https:\/\/webknjizara.hr\/en\/wp-json\/wp\/v2\/comments?post=8443"}],"wp:featuredmedia":[{"embeddable":true,"href":"https:\/\/webknjizara.hr\/en\/wp-json\/wp\/v2\/media\/8444"}],"wp:attachment":[{"href":"https:\/\/webknjizara.hr\/en\/wp-json\/wp\/v2\/media?parent=8443"}],"wp:term":[{"taxonomy":"product_brand","embeddable":true,"href":"https:\/\/webknjizara.hr\/en\/wp-json\/wp\/v2\/product_brand?post=8443"},{"taxonomy":"product_cat","embeddable":true,"href":"https:\/\/webknjizara.hr\/en\/wp-json\/wp\/v2\/product_cat?post=8443"},{"taxonomy":"product_tag","embeddable":true,"href":"https:\/\/webknjizara.hr\/en\/wp-json\/wp\/v2\/product_tag?post=8443"}],"curies":[{"name":"wp","href":"https:\/\/api.w.org\/{rel}","templated":true}]}}