{"id":8441,"date":"2017-03-11T11:19:12","date_gmt":"2017-03-11T11:19:12","guid":{"rendered":"https:\/\/webknjizara.hr\/?product=tajna-procvalih-ljiljana-zeljka-bilic-rodena-bulog"},"modified":"2023-02-27T00:17:03","modified_gmt":"2023-02-26T23:17:03","slug":"tajna-procvalih-ljiljana-zeljka-bilic-rodena-bulog","status":"publish","type":"product","link":"https:\/\/webknjizara.hr\/en\/proizvod\/tajna-procvalih-ljiljana-zeljka-bilic-rodena-bulog\/","title":{"rendered":"TAJNA PROCVALIH LJILJANA, \u017deljka Bili\u0107, ro\u0111ena Bulog"},"content":{"rendered":"<p style=\"text-align: justify;\"><strong><br \/>Sa\u017eetak:<\/strong> <\/p>\n<p>U (proznom) u poeti\u010dnom izri\u010daju opisuje ljubavnu emotivnu, socijhalnu i misaonu tematiku<\/p>\n<p style=\"text-align: justify;\"><strong>Bilje\u0161ka o autorici:<\/strong> <\/p>\n<p>Ro\u0111ena 15. 6. 1955. godine u Vrgorcu i svoj pjesni\u010dki izri\u010daj \u017eivjela je i stvarala u hodu svog duhovnog razvoja<\/p>\n<p style=\"text-align: justify;\"><strong>Klju\u010dne rije\u010di:<\/strong> Ljubavlju, dodir, do\u0111i mi, oprosti, hvala, srce, sudbina, jeka, du\u0161a, iznena\u0111enje, \u017eudnja, sre\u0107a, rije\u010di, vrline, osmijeh, leptir, laste, \u010du\u0111enje, zaspati, hodamo, ljiljan, tajna, slutnja, misao<\/p>\n<p><strong>E-mail:<\/strong> <a href=\"mailto:zeljkabilic1955@gmail.com\">\u017deljka Bili\u0107, ro\u0111ena Bulog<\/a><\/p>\n<p style=\"text-align: justify;\"><strong>Naslov:<\/strong> Tajna procvalih ljiljana<br \/><strong>Autorica:<\/strong> \u017deljka Bili\u0107, ro\u0111ena Bulog<br \/><strong>Broj stranica:<\/strong> 166<br \/><strong>Nakladnik:<\/strong> REDAK<br \/><strong>Godina izdanja:<\/strong> 2017.<br \/><strong>ISBN:<\/strong> 978-953-336-392-9<br \/><strong>Tisak:<\/strong> digitalni tisak knjiga &#8211; print na zahtjev\u00a0<\/p>\n<hr \/>\n<p style=\"text-align: justify;\"><strong>Kako naru\u010diti knjigu?\u00a0<\/strong>Proces online kupovine jednako funkcionira za sve kupce, s jedinom razlikom u tome \u0161to \u0161to kupci iz inozemstva za podru\u010dje dostave moraju odabrati &#8220;Europa&#8221; ili &#8220;Ostale zemlje svijeta&#8221;, a za vrstu pla\u0107anja WSPay (kreditna kartica) ili Virmanom (bankovni transfer).<\/p>\n<p style=\"text-align: justify;\">Molimo kliknite ovdje za\u00a0<a href=\"hr\/kako-kupovati\" target=\"_blank\" rel=\"noopener\">detaljni vodi\u010d kroz proces narud\u017ebe<\/a>\u00a0ili nas\u00a0<a href=\"hr\/kontakt\" target=\"_blank\" rel=\"noopener\">kontaktirajte<\/a>\u00a0za vi\u0161e informacija.<\/p>\n","protected":false},"excerpt":{"rendered":"<p>Sa\u017eetak: U (proznom) u poeti\u010dnom izri\u010daju opisuje ljubavnu emotivnu, socijhalnu i misaonu tematiku Bilje\u0161ka o autorici: Ro\u0111ena 15. 6. 1955. godine u Vrgorcu i svoj pjesni\u010dki izri\u010daj \u017eivjela je i stvarala u hodu svog duhovnog razvoja Klju\u010dne rije\u010di: Ljubavlju, dodir, do\u0111i mi, oprosti, hvala, srce, sudbina, jeka, du\u0161a, iznena\u0111enje, \u017eudnja, sre\u0107a, rije\u010di, vrline, osmijeh, leptir, [&hellip;]<\/p>\n","protected":false},"featured_media":8442,"comment_status":"open","ping_status":"closed","template":"","meta":{"_acf_changed":false},"product_brand":[],"product_cat":[1383,1385],"product_tag":[],"class_list":{"0":"post-8441","1":"product","2":"type-product","3":"status-publish","4":"has-post-thumbnail","6":"product_cat-knjige","7":"product_cat-knjizevnost","8":"pa_autor-franjo-matesin","9":"pa_nakladnik-redak","11":"first","12":"instock","13":"shipping-taxable","14":"purchasable","15":"product-type-simple"},"acf":[],"yoast_head":"<!-- This site is optimized with the Yoast SEO plugin v27.3 - https:\/\/yoast.com\/product\/yoast-seo-wordpress\/ -->\n<title>TAJNA PROCVALIH LJILJANA, \u017deljka Bili\u0107, ro\u0111ena Bulog - Web-knji\u017eara<\/title>\n<meta name=\"robots\" content=\"index, follow, max-snippet:-1, max-image-preview:large, max-video-preview:-1\" \/>\n<link rel=\"canonical\" href=\"https:\/\/webknjizara.hr\/proizvod\/tajna-procvalih-ljiljana-zeljka-bilic-rodena-bulog\/\" \/>\n<meta property=\"og:locale\" content=\"en_US\" \/>\n<meta property=\"og:type\" content=\"article\" \/>\n<meta property=\"og:title\" content=\"TAJNA PROCVALIH LJILJANA, \u017deljka Bili\u0107, ro\u0111ena Bulog - Web-knji\u017eara\" \/>\n<meta property=\"og:description\" content=\"Sa\u017eetak: U (proznom) u poeti\u010dnom izri\u010daju opisuje ljubavnu emotivnu, socijhalnu i misaonu tematiku Bilje\u0161ka o autorici: Ro\u0111ena 15. 6. 1955. godine u Vrgorcu i svoj pjesni\u010dki izri\u010daj \u017eivjela je i stvarala u hodu svog duhovnog razvoja Klju\u010dne rije\u010di: Ljubavlju, dodir, do\u0111i mi, oprosti, hvala, srce, sudbina, jeka, du\u0161a, iznena\u0111enje, \u017eudnja, sre\u0107a, rije\u010di, vrline, osmijeh, leptir, [&hellip;]\" \/>\n<meta property=\"og:url\" content=\"https:\/\/webknjizara.hr\/proizvod\/tajna-procvalih-ljiljana-zeljka-bilic-rodena-bulog\/\" \/>\n<meta property=\"og:site_name\" content=\"Web-knji\u017eara\" \/>\n<meta property=\"article:modified_time\" content=\"2023-02-26T23:17:03+00:00\" \/>\n<meta property=\"og:image\" content=\"https:\/\/webknjizara.hr\/wp-content\/uploads\/nc\/images\/virtuemart\/product\/tajna-procvalih-58c3dd303f7b9.jpg\" \/>\n\t<meta property=\"og:image:width\" content=\"573\" \/>\n\t<meta property=\"og:image:height\" content=\"800\" \/>\n\t<meta property=\"og:image:type\" content=\"image\/jpeg\" \/>\n<meta name=\"twitter:card\" content=\"summary_large_image\" \/>\n<meta name=\"twitter:label1\" content=\"Est. reading time\" \/>\n\t<meta name=\"twitter:data1\" content=\"1 minute\" \/>\n<script type=\"application\/ld+json\" class=\"yoast-schema-graph\">{\"@context\":\"https:\\\/\\\/schema.org\",\"@graph\":[{\"@type\":\"WebPage\",\"@id\":\"https:\\\/\\\/webknjizara.hr\\\/proizvod\\\/tajna-procvalih-ljiljana-zeljka-bilic-rodena-bulog\\\/\",\"url\":\"https:\\\/\\\/webknjizara.hr\\\/proizvod\\\/tajna-procvalih-ljiljana-zeljka-bilic-rodena-bulog\\\/\",\"name\":\"TAJNA PROCVALIH LJILJANA, \u017deljka Bili\u0107, ro\u0111ena Bulog - Web-knji\u017eara\",\"isPartOf\":{\"@id\":\"https:\\\/\\\/webknjizara.hr\\\/#website\"},\"primaryImageOfPage\":{\"@id\":\"https:\\\/\\\/webknjizara.hr\\\/proizvod\\\/tajna-procvalih-ljiljana-zeljka-bilic-rodena-bulog\\\/#primaryimage\"},\"image\":{\"@id\":\"https:\\\/\\\/webknjizara.hr\\\/proizvod\\\/tajna-procvalih-ljiljana-zeljka-bilic-rodena-bulog\\\/#primaryimage\"},\"thumbnailUrl\":\"https:\\\/\\\/webknjizara.hr\\\/wp-content\\\/uploads\\\/nc\\\/images\\\/virtuemart\\\/product\\\/tajna-procvalih-58c3dd303f7b9.jpg\",\"datePublished\":\"2017-03-11T11:19:12+00:00\",\"dateModified\":\"2023-02-26T23:17:03+00:00\",\"breadcrumb\":{\"@id\":\"https:\\\/\\\/webknjizara.hr\\\/proizvod\\\/tajna-procvalih-ljiljana-zeljka-bilic-rodena-bulog\\\/#breadcrumb\"},\"inLanguage\":\"en-US\",\"potentialAction\":[{\"@type\":\"ReadAction\",\"target\":[\"https:\\\/\\\/webknjizara.hr\\\/proizvod\\\/tajna-procvalih-ljiljana-zeljka-bilic-rodena-bulog\\\/\"]}]},{\"@type\":\"ImageObject\",\"inLanguage\":\"en-US\",\"@id\":\"https:\\\/\\\/webknjizara.hr\\\/proizvod\\\/tajna-procvalih-ljiljana-zeljka-bilic-rodena-bulog\\\/#primaryimage\",\"url\":\"https:\\\/\\\/webknjizara.hr\\\/wp-content\\\/uploads\\\/nc\\\/images\\\/virtuemart\\\/product\\\/tajna-procvalih-58c3dd303f7b9.jpg\",\"contentUrl\":\"https:\\\/\\\/webknjizara.hr\\\/wp-content\\\/uploads\\\/nc\\\/images\\\/virtuemart\\\/product\\\/tajna-procvalih-58c3dd303f7b9.jpg\",\"width\":573,\"height\":800,\"caption\":\"TAJNA PROCVALIH LJILJANA, \u017deljka Bili\u0107, ro\u0111ena Bulog\"},{\"@type\":\"BreadcrumbList\",\"@id\":\"https:\\\/\\\/webknjizara.hr\\\/proizvod\\\/tajna-procvalih-ljiljana-zeljka-bilic-rodena-bulog\\\/#breadcrumb\",\"itemListElement\":[{\"@type\":\"ListItem\",\"position\":1,\"name\":\"Po\u010detna stranica\",\"item\":\"https:\\\/\\\/webknjizara.hr\\\/en\\\/\"},{\"@type\":\"ListItem\",\"position\":2,\"name\":\"Shop\",\"item\":\"https:\\\/\\\/webknjizara.hr\\\/shop\\\/\"},{\"@type\":\"ListItem\",\"position\":3,\"name\":\"TAJNA PROCVALIH LJILJANA, \u017deljka Bili\u0107, ro\u0111ena Bulog\"}]},{\"@type\":\"WebSite\",\"@id\":\"https:\\\/\\\/webknjizara.hr\\\/#website\",\"url\":\"https:\\\/\\\/webknjizara.hr\\\/\",\"name\":\"Web Knji\u017eara\",\"description\":\"\",\"publisher\":{\"@id\":\"https:\\\/\\\/webknjizara.hr\\\/#organization\"},\"potentialAction\":[{\"@type\":\"SearchAction\",\"target\":{\"@type\":\"EntryPoint\",\"urlTemplate\":\"https:\\\/\\\/webknjizara.hr\\\/?s={search_term_string}\"},\"query-input\":{\"@type\":\"PropertyValueSpecification\",\"valueRequired\":true,\"valueName\":\"search_term_string\"}}],\"inLanguage\":\"en-US\"},{\"@type\":\"Organization\",\"@id\":\"https:\\\/\\\/webknjizara.hr\\\/#organization\",\"name\":\"REDAK D.O.O.\",\"url\":\"https:\\\/\\\/webknjizara.hr\\\/\",\"logo\":{\"@type\":\"ImageObject\",\"inLanguage\":\"en-US\",\"@id\":\"https:\\\/\\\/webknjizara.hr\\\/#\\\/schema\\\/logo\\\/image\\\/\",\"url\":\"https:\\\/\\\/webknjizara.hr\\\/wp-content\\\/uploads\\\/2023\\\/01\\\/web-knjizara-logo.webp\",\"contentUrl\":\"https:\\\/\\\/webknjizara.hr\\\/wp-content\\\/uploads\\\/2023\\\/01\\\/web-knjizara-logo.webp\",\"width\":324,\"height\":79,\"caption\":\"REDAK D.O.O.\"},\"image\":{\"@id\":\"https:\\\/\\\/webknjizara.hr\\\/#\\\/schema\\\/logo\\\/image\\\/\"}}]}<\/script>\n<!-- \/ Yoast SEO plugin. -->","yoast_head_json":{"title":"TAJNA PROCVALIH LJILJANA, \u017deljka Bili\u0107, ro\u0111ena Bulog - Web-knji\u017eara","robots":{"index":"index","follow":"follow","max-snippet":"max-snippet:-1","max-image-preview":"max-image-preview:large","max-video-preview":"max-video-preview:-1"},"canonical":"https:\/\/webknjizara.hr\/proizvod\/tajna-procvalih-ljiljana-zeljka-bilic-rodena-bulog\/","og_locale":"en_US","og_type":"article","og_title":"TAJNA PROCVALIH LJILJANA, \u017deljka Bili\u0107, ro\u0111ena Bulog - Web-knji\u017eara","og_description":"Sa\u017eetak: U (proznom) u poeti\u010dnom izri\u010daju opisuje ljubavnu emotivnu, socijhalnu i misaonu tematiku Bilje\u0161ka o autorici: Ro\u0111ena 15. 6. 1955. godine u Vrgorcu i svoj pjesni\u010dki izri\u010daj \u017eivjela je i stvarala u hodu svog duhovnog razvoja Klju\u010dne rije\u010di: Ljubavlju, dodir, do\u0111i mi, oprosti, hvala, srce, sudbina, jeka, du\u0161a, iznena\u0111enje, \u017eudnja, sre\u0107a, rije\u010di, vrline, osmijeh, leptir, [&hellip;]","og_url":"https:\/\/webknjizara.hr\/proizvod\/tajna-procvalih-ljiljana-zeljka-bilic-rodena-bulog\/","og_site_name":"Web-knji\u017eara","article_modified_time":"2023-02-26T23:17:03+00:00","og_image":[{"width":573,"height":800,"url":"https:\/\/webknjizara.hr\/wp-content\/uploads\/nc\/images\/virtuemart\/product\/tajna-procvalih-58c3dd303f7b9.jpg","type":"image\/jpeg"}],"twitter_card":"summary_large_image","twitter_misc":{"Est. reading time":"1 minute"},"schema":{"@context":"https:\/\/schema.org","@graph":[{"@type":"WebPage","@id":"https:\/\/webknjizara.hr\/proizvod\/tajna-procvalih-ljiljana-zeljka-bilic-rodena-bulog\/","url":"https:\/\/webknjizara.hr\/proizvod\/tajna-procvalih-ljiljana-zeljka-bilic-rodena-bulog\/","name":"TAJNA PROCVALIH LJILJANA, \u017deljka Bili\u0107, ro\u0111ena Bulog - Web-knji\u017eara","isPartOf":{"@id":"https:\/\/webknjizara.hr\/#website"},"primaryImageOfPage":{"@id":"https:\/\/webknjizara.hr\/proizvod\/tajna-procvalih-ljiljana-zeljka-bilic-rodena-bulog\/#primaryimage"},"image":{"@id":"https:\/\/webknjizara.hr\/proizvod\/tajna-procvalih-ljiljana-zeljka-bilic-rodena-bulog\/#primaryimage"},"thumbnailUrl":"https:\/\/webknjizara.hr\/wp-content\/uploads\/nc\/images\/virtuemart\/product\/tajna-procvalih-58c3dd303f7b9.jpg","datePublished":"2017-03-11T11:19:12+00:00","dateModified":"2023-02-26T23:17:03+00:00","breadcrumb":{"@id":"https:\/\/webknjizara.hr\/proizvod\/tajna-procvalih-ljiljana-zeljka-bilic-rodena-bulog\/#breadcrumb"},"inLanguage":"en-US","potentialAction":[{"@type":"ReadAction","target":["https:\/\/webknjizara.hr\/proizvod\/tajna-procvalih-ljiljana-zeljka-bilic-rodena-bulog\/"]}]},{"@type":"ImageObject","inLanguage":"en-US","@id":"https:\/\/webknjizara.hr\/proizvod\/tajna-procvalih-ljiljana-zeljka-bilic-rodena-bulog\/#primaryimage","url":"https:\/\/webknjizara.hr\/wp-content\/uploads\/nc\/images\/virtuemart\/product\/tajna-procvalih-58c3dd303f7b9.jpg","contentUrl":"https:\/\/webknjizara.hr\/wp-content\/uploads\/nc\/images\/virtuemart\/product\/tajna-procvalih-58c3dd303f7b9.jpg","width":573,"height":800,"caption":"TAJNA PROCVALIH LJILJANA, \u017deljka Bili\u0107, ro\u0111ena Bulog"},{"@type":"BreadcrumbList","@id":"https:\/\/webknjizara.hr\/proizvod\/tajna-procvalih-ljiljana-zeljka-bilic-rodena-bulog\/#breadcrumb","itemListElement":[{"@type":"ListItem","position":1,"name":"Po\u010detna stranica","item":"https:\/\/webknjizara.hr\/en\/"},{"@type":"ListItem","position":2,"name":"Shop","item":"https:\/\/webknjizara.hr\/shop\/"},{"@type":"ListItem","position":3,"name":"TAJNA PROCVALIH LJILJANA, \u017deljka Bili\u0107, ro\u0111ena Bulog"}]},{"@type":"WebSite","@id":"https:\/\/webknjizara.hr\/#website","url":"https:\/\/webknjizara.hr\/","name":"Web Knji\u017eara","description":"","publisher":{"@id":"https:\/\/webknjizara.hr\/#organization"},"potentialAction":[{"@type":"SearchAction","target":{"@type":"EntryPoint","urlTemplate":"https:\/\/webknjizara.hr\/?s={search_term_string}"},"query-input":{"@type":"PropertyValueSpecification","valueRequired":true,"valueName":"search_term_string"}}],"inLanguage":"en-US"},{"@type":"Organization","@id":"https:\/\/webknjizara.hr\/#organization","name":"REDAK D.O.O.","url":"https:\/\/webknjizara.hr\/","logo":{"@type":"ImageObject","inLanguage":"en-US","@id":"https:\/\/webknjizara.hr\/#\/schema\/logo\/image\/","url":"https:\/\/webknjizara.hr\/wp-content\/uploads\/2023\/01\/web-knjizara-logo.webp","contentUrl":"https:\/\/webknjizara.hr\/wp-content\/uploads\/2023\/01\/web-knjizara-logo.webp","width":324,"height":79,"caption":"REDAK D.O.O."},"image":{"@id":"https:\/\/webknjizara.hr\/#\/schema\/logo\/image\/"}}]}},"_links":{"self":[{"href":"https:\/\/webknjizara.hr\/en\/wp-json\/wp\/v2\/product\/8441","targetHints":{"allow":["GET"]}}],"collection":[{"href":"https:\/\/webknjizara.hr\/en\/wp-json\/wp\/v2\/product"}],"about":[{"href":"https:\/\/webknjizara.hr\/en\/wp-json\/wp\/v2\/types\/product"}],"replies":[{"embeddable":true,"href":"https:\/\/webknjizara.hr\/en\/wp-json\/wp\/v2\/comments?post=8441"}],"wp:featuredmedia":[{"embeddable":true,"href":"https:\/\/webknjizara.hr\/en\/wp-json\/wp\/v2\/media\/8442"}],"wp:attachment":[{"href":"https:\/\/webknjizara.hr\/en\/wp-json\/wp\/v2\/media?parent=8441"}],"wp:term":[{"taxonomy":"product_brand","embeddable":true,"href":"https:\/\/webknjizara.hr\/en\/wp-json\/wp\/v2\/product_brand?post=8441"},{"taxonomy":"product_cat","embeddable":true,"href":"https:\/\/webknjizara.hr\/en\/wp-json\/wp\/v2\/product_cat?post=8441"},{"taxonomy":"product_tag","embeddable":true,"href":"https:\/\/webknjizara.hr\/en\/wp-json\/wp\/v2\/product_tag?post=8441"}],"curies":[{"name":"wp","href":"https:\/\/api.w.org\/{rel}","templated":true}]}}