{"id":8439,"date":"2017-03-10T21:47:21","date_gmt":"2017-03-10T21:47:21","guid":{"rendered":"https:\/\/webknjizara.hr\/?product=zbog-tebe-sutim-ljiljana-mestric"},"modified":"2023-02-27T00:17:03","modified_gmt":"2023-02-26T23:17:03","slug":"zbog-tebe-sutim-ljiljana-mestric","status":"publish","type":"product","link":"https:\/\/webknjizara.hr\/en\/proizvod\/zbog-tebe-sutim-ljiljana-mestric\/","title":{"rendered":"ZBOG TEBE \u0160UTIM, Ljiljana Me\u0161tri\u0107"},"content":{"rendered":"<p><strong><br \/>Sa\u017eetak:<\/strong> <\/p>\n<p><em>Pri\u010de Ljiljane Me\u0161tri\u0107 iliti STVARNOST JA\u010cA OD PROZE Kratka pri\u010da, izri\u010dajna forma koja je u prozi ono \u0161to je lapidarna lirika u poeziji, uza svu rasko\u0161nu slobodu koju daruje piscu \u2013 ima i granitno-krute kriterije za postizanje uvjerljivosti: taj \u201eroman u malom\u201c, kako se \u010desto ka\u017ee, mora udovoljiti nizu jasnih zahtjeva, od prepoznatljive i dosljedno izvedene dramske linije do uvjerljivosti dijaloga, ovozemaljskosti likova i situacija kakve se zbivaju u svakodnevnim \u017eivotima storija kojih su knji\u017eevne, ispisane, manje ili vi\u0161e vjeran odraz. Bilo da je narativnog karaktera, ispletena oko zanimljive anegdote ili \u201eposu\u0111ena iz pomaknute stvarnosti\u201c, kratka pri\u010da \u0107e nas se dojmiti \u2013 dojmljivo\u0161\u0107u satkanom iz podudarnosti njenog sadr\u017eaja s memorijskim, kulturolo\u0161kim ili emocionalnim talogom u na\u0161em iskustvu\u2026 pa \u010dak i kad je rije\u010d o \u017eanru koji se (navodno) temelji na znanstvenoj fantastici, budu\u0107i da i najhrabrije izma\u0161tan svijet ipak nosi u sebi kristalnu re\u0161etku jedinoga nam znanog. Pri\u010de Ljiljane Me\u0161tri\u0107 odlikuju se upravo \u201emanekenskom\u201c dosljedno\u0161\u0107u: bilo \u010dime da su pokrenute, oko bilo koje \u017eivotne \u010dinjenice ili (redovito posve uvjerljiva) doga\u0111aja ispredene, one nadma\u0161uju posljednjih godina \u010desto i olako (zlo)rabljen pojam stvarnosne proze: stvarnost je u njenim pripovijetkama ja\u010da od proze. Ona je oslikana bolno izravno, bez okoli\u0161anja \u010dak i kada se zbiju obrati upitne eti\u010dnosti \u2013 kao \u0161to je \u201epripomo\u0107\u201c patnji onoga tko ju je zaslu\u017eio(!) \u2013 a svaki \u010din njenih likova besprijekorno je usidren u mentalitetskom modelu protagonista\u2026 ni\u0161ta nije niti nategnuto, jo\u0161 manje nemogu\u0107e. Priznajem pritom da me prozni rukopis autorice, stubokom razli\u010dit od moga, i poprili\u010dno iznenadio \u2013 s obzirom da pratim produkciju kratke pri\u010de na na\u0161emu jezi\u010dkom podru\u010dju kao selektor\/urednik raznih zbornika, \u010dlan \u017eirija i sl., imam vrlo dobar pregled aktualne produkcije \u2013 i izazvao na i\u0161\u010ditavanje uz namjerno potisnute preferencije ili estetske kanone; prihvatio sam da Ljiljana Me\u0161tri\u0107 gradi vlastitu ina\u010dicu jezgrovita pripovijedanja\u2026 i vjerujem da jest tako. Stoga onima koji \u0107e ponirati u tkivo Ljiljaninih pri\u010da \u2013 gustu svilu, ponekad i posutu prijetnjama poput paukove mre\u017ee \u2013 ne \u017eelim ote\u017eati snala\u017eenje ni umanjiti u\u017eitak istra\u017eivanja uobi\u010dajenim (recenzentskim) ukazivanjem na osobitosti pojedinih pri\u010da: bolje da ih do\u017eive bez posredovanja, svake apriorne prosudbe, jer su sve jednako vrijedne, obojene jednakom originalno\u0161\u0107u i \u017eestinom. Mogu jo\u0161 samo ispisati dobronamjerno upozorenje: \u010duvajte se njenih likova \u2013 ulaze pod ko\u017eu, nastanjuju se u pam\u0107enju\u2026 \u0161to besprijekorno svjedo\u010di o njihovoj \u017eivotnosti.<\/em><\/p>\n<p>&#8211; Stjepo Martinovi\u0107<\/p>\n<p><strong>Bilje\u0161ka o autorici:<\/strong> <\/p>\n<p>Ljiljana Me\u0161tri\u0107 ro\u0111ena je 1955. Godine u Sarajevu. \u017divi u Novom Marofu. Iako je na Pedago\u0161koj akademiji u Zagrebu diplomirala pred\u0161kolski odgoj, radi u zdravstvu i zaljubljena je u knji\u017eevnost i \u010ditanje. Pri\u010de objavljuje u \u010dasopisima i grupnim zbirkama. Pobjednica je knji\u017eevnog natje\u010daja velikogori\u010dke Matice 2011. godine. \u201eZbog tebe \u0161utim\u201c njezina je prva autorska knjiga.<\/p>\n<p><strong>Klju\u010dne rije\u010di:<\/strong> Kratke pri\u010de<\/p>\n<p><strong>Naslov:<\/strong> Zbog tebe \u0161utim<br \/><strong>Autorica:<\/strong> Ljiljana Me\u0161tri\u0107<br \/><strong>Broj stranica:<\/strong> 86<br \/><strong>Nakladnik:<\/strong> Redak<br \/><strong>Godina izdanja:<\/strong> 2017.<br \/><strong>ISBN:<\/strong> 978-953-336-382-0<br \/><strong>Tisak:<\/strong> digitalni tisak knjiga &#8211; print na zahtjev\u00a0<\/p>\n<hr \/>\n<p style=\"text-align: justify;\"><strong>Kako naru\u010diti knjigu?\u00a0<\/strong>Proces online kupovine jednako funkcionira za sve kupce, s jedinom razlikom u tome \u0161to \u0161to kupci iz inozemstva za podru\u010dje dostave moraju odabrati &#8220;Europa&#8221; ili &#8220;Ostale zemlje svijeta&#8221;, a za vrstu pla\u0107anja WSPay (kreditna kartica) ili Virmanom (bankovni transfer).<\/p>\n<p style=\"text-align: justify;\">Molimo kliknite ovdje za\u00a0<a href=\"hr\/kako-kupovati\" target=\"_blank\" rel=\"noopener\">detaljni vodi\u010d kroz proces narud\u017ebe<\/a>\u00a0ili nas\u00a0<a href=\"hr\/kontakt\" target=\"_blank\" rel=\"noopener\">kontaktirajte<\/a>\u00a0za vi\u0161e informacija.<\/p>\n","protected":false},"excerpt":{"rendered":"<p>Sa\u017eetak: Pri\u010de Ljiljane Me\u0161tri\u0107 iliti STVARNOST JA\u010cA OD PROZE Kratka pri\u010da, izri\u010dajna forma koja je u prozi ono \u0161to je lapidarna lirika u poeziji, uza svu rasko\u0161nu slobodu koju daruje piscu \u2013 ima i granitno-krute kriterije za postizanje uvjerljivosti: taj \u201eroman u malom\u201c, kako se \u010desto ka\u017ee, mora udovoljiti nizu jasnih zahtjeva, od prepoznatljive i [&hellip;]<\/p>\n","protected":false},"featured_media":8440,"comment_status":"open","ping_status":"closed","template":"","meta":{"_acf_changed":false},"product_brand":[],"product_cat":[1607],"product_tag":[],"class_list":{"0":"post-8439","1":"product","2":"type-product","3":"status-publish","4":"has-post-thumbnail","6":"product_cat-proza","7":"pa_autor-ljiljana-mestric","8":"pa_nakladnik-redak","10":"first","11":"instock","12":"shipping-taxable","13":"purchasable","14":"product-type-simple"},"acf":[],"yoast_head":"<!-- This site is optimized with the Yoast SEO plugin v27.3 - https:\/\/yoast.com\/product\/yoast-seo-wordpress\/ -->\n<title>ZBOG TEBE \u0160UTIM, Ljiljana Me\u0161tri\u0107 - Web-knji\u017eara<\/title>\n<meta name=\"robots\" content=\"index, follow, max-snippet:-1, max-image-preview:large, max-video-preview:-1\" \/>\n<link rel=\"canonical\" href=\"https:\/\/webknjizara.hr\/proizvod\/zbog-tebe-sutim-ljiljana-mestric\/\" \/>\n<meta property=\"og:locale\" content=\"en_US\" \/>\n<meta property=\"og:type\" content=\"article\" \/>\n<meta property=\"og:title\" content=\"ZBOG TEBE \u0160UTIM, Ljiljana Me\u0161tri\u0107 - Web-knji\u017eara\" \/>\n<meta property=\"og:description\" content=\"Sa\u017eetak: Pri\u010de Ljiljane Me\u0161tri\u0107 iliti STVARNOST JA\u010cA OD PROZE Kratka pri\u010da, izri\u010dajna forma koja je u prozi ono \u0161to je lapidarna lirika u poeziji, uza svu rasko\u0161nu slobodu koju daruje piscu \u2013 ima i granitno-krute kriterije za postizanje uvjerljivosti: taj \u201eroman u malom\u201c, kako se \u010desto ka\u017ee, mora udovoljiti nizu jasnih zahtjeva, od prepoznatljive i [&hellip;]\" \/>\n<meta property=\"og:url\" content=\"https:\/\/webknjizara.hr\/proizvod\/zbog-tebe-sutim-ljiljana-mestric\/\" \/>\n<meta property=\"og:site_name\" content=\"Web-knji\u017eara\" \/>\n<meta property=\"article:modified_time\" content=\"2023-02-26T23:17:03+00:00\" \/>\n<meta property=\"og:image\" content=\"https:\/\/webknjizara.hr\/wp-content\/uploads\/nc\/images\/virtuemart\/product\/zbog-tebe-utim-58c31ee9a5e50.jpg\" \/>\n\t<meta property=\"og:image:width\" content=\"573\" \/>\n\t<meta property=\"og:image:height\" content=\"800\" \/>\n\t<meta property=\"og:image:type\" content=\"image\/jpeg\" \/>\n<meta name=\"twitter:card\" content=\"summary_large_image\" \/>\n<meta name=\"twitter:label1\" content=\"Est. reading time\" \/>\n\t<meta name=\"twitter:data1\" content=\"3 minutes\" \/>\n<script type=\"application\/ld+json\" class=\"yoast-schema-graph\">{\"@context\":\"https:\\\/\\\/schema.org\",\"@graph\":[{\"@type\":\"WebPage\",\"@id\":\"https:\\\/\\\/webknjizara.hr\\\/proizvod\\\/zbog-tebe-sutim-ljiljana-mestric\\\/\",\"url\":\"https:\\\/\\\/webknjizara.hr\\\/proizvod\\\/zbog-tebe-sutim-ljiljana-mestric\\\/\",\"name\":\"ZBOG TEBE \u0160UTIM, Ljiljana Me\u0161tri\u0107 - Web-knji\u017eara\",\"isPartOf\":{\"@id\":\"https:\\\/\\\/webknjizara.hr\\\/#website\"},\"primaryImageOfPage\":{\"@id\":\"https:\\\/\\\/webknjizara.hr\\\/proizvod\\\/zbog-tebe-sutim-ljiljana-mestric\\\/#primaryimage\"},\"image\":{\"@id\":\"https:\\\/\\\/webknjizara.hr\\\/proizvod\\\/zbog-tebe-sutim-ljiljana-mestric\\\/#primaryimage\"},\"thumbnailUrl\":\"https:\\\/\\\/webknjizara.hr\\\/wp-content\\\/uploads\\\/nc\\\/images\\\/virtuemart\\\/product\\\/zbog-tebe-utim-58c31ee9a5e50.jpg\",\"datePublished\":\"2017-03-10T21:47:21+00:00\",\"dateModified\":\"2023-02-26T23:17:03+00:00\",\"breadcrumb\":{\"@id\":\"https:\\\/\\\/webknjizara.hr\\\/proizvod\\\/zbog-tebe-sutim-ljiljana-mestric\\\/#breadcrumb\"},\"inLanguage\":\"en-US\",\"potentialAction\":[{\"@type\":\"ReadAction\",\"target\":[\"https:\\\/\\\/webknjizara.hr\\\/proizvod\\\/zbog-tebe-sutim-ljiljana-mestric\\\/\"]}]},{\"@type\":\"ImageObject\",\"inLanguage\":\"en-US\",\"@id\":\"https:\\\/\\\/webknjizara.hr\\\/proizvod\\\/zbog-tebe-sutim-ljiljana-mestric\\\/#primaryimage\",\"url\":\"https:\\\/\\\/webknjizara.hr\\\/wp-content\\\/uploads\\\/nc\\\/images\\\/virtuemart\\\/product\\\/zbog-tebe-utim-58c31ee9a5e50.jpg\",\"contentUrl\":\"https:\\\/\\\/webknjizara.hr\\\/wp-content\\\/uploads\\\/nc\\\/images\\\/virtuemart\\\/product\\\/zbog-tebe-utim-58c31ee9a5e50.jpg\",\"width\":573,\"height\":800,\"caption\":\"ZBOG TEBE \u0160UTIM, Ljiljana Me\u0161tri\u0107\"},{\"@type\":\"BreadcrumbList\",\"@id\":\"https:\\\/\\\/webknjizara.hr\\\/proizvod\\\/zbog-tebe-sutim-ljiljana-mestric\\\/#breadcrumb\",\"itemListElement\":[{\"@type\":\"ListItem\",\"position\":1,\"name\":\"Po\u010detna stranica\",\"item\":\"https:\\\/\\\/webknjizara.hr\\\/en\\\/\"},{\"@type\":\"ListItem\",\"position\":2,\"name\":\"Shop\",\"item\":\"https:\\\/\\\/webknjizara.hr\\\/shop\\\/\"},{\"@type\":\"ListItem\",\"position\":3,\"name\":\"ZBOG TEBE \u0160UTIM, Ljiljana Me\u0161tri\u0107\"}]},{\"@type\":\"WebSite\",\"@id\":\"https:\\\/\\\/webknjizara.hr\\\/#website\",\"url\":\"https:\\\/\\\/webknjizara.hr\\\/\",\"name\":\"Web Knji\u017eara\",\"description\":\"\",\"publisher\":{\"@id\":\"https:\\\/\\\/webknjizara.hr\\\/#organization\"},\"potentialAction\":[{\"@type\":\"SearchAction\",\"target\":{\"@type\":\"EntryPoint\",\"urlTemplate\":\"https:\\\/\\\/webknjizara.hr\\\/?s={search_term_string}\"},\"query-input\":{\"@type\":\"PropertyValueSpecification\",\"valueRequired\":true,\"valueName\":\"search_term_string\"}}],\"inLanguage\":\"en-US\"},{\"@type\":\"Organization\",\"@id\":\"https:\\\/\\\/webknjizara.hr\\\/#organization\",\"name\":\"REDAK D.O.O.\",\"url\":\"https:\\\/\\\/webknjizara.hr\\\/\",\"logo\":{\"@type\":\"ImageObject\",\"inLanguage\":\"en-US\",\"@id\":\"https:\\\/\\\/webknjizara.hr\\\/#\\\/schema\\\/logo\\\/image\\\/\",\"url\":\"https:\\\/\\\/webknjizara.hr\\\/wp-content\\\/uploads\\\/2023\\\/01\\\/web-knjizara-logo.webp\",\"contentUrl\":\"https:\\\/\\\/webknjizara.hr\\\/wp-content\\\/uploads\\\/2023\\\/01\\\/web-knjizara-logo.webp\",\"width\":324,\"height\":79,\"caption\":\"REDAK D.O.O.\"},\"image\":{\"@id\":\"https:\\\/\\\/webknjizara.hr\\\/#\\\/schema\\\/logo\\\/image\\\/\"}}]}<\/script>\n<!-- \/ Yoast SEO plugin. -->","yoast_head_json":{"title":"ZBOG TEBE \u0160UTIM, Ljiljana Me\u0161tri\u0107 - Web-knji\u017eara","robots":{"index":"index","follow":"follow","max-snippet":"max-snippet:-1","max-image-preview":"max-image-preview:large","max-video-preview":"max-video-preview:-1"},"canonical":"https:\/\/webknjizara.hr\/proizvod\/zbog-tebe-sutim-ljiljana-mestric\/","og_locale":"en_US","og_type":"article","og_title":"ZBOG TEBE \u0160UTIM, Ljiljana Me\u0161tri\u0107 - Web-knji\u017eara","og_description":"Sa\u017eetak: Pri\u010de Ljiljane Me\u0161tri\u0107 iliti STVARNOST JA\u010cA OD PROZE Kratka pri\u010da, izri\u010dajna forma koja je u prozi ono \u0161to je lapidarna lirika u poeziji, uza svu rasko\u0161nu slobodu koju daruje piscu \u2013 ima i granitno-krute kriterije za postizanje uvjerljivosti: taj \u201eroman u malom\u201c, kako se \u010desto ka\u017ee, mora udovoljiti nizu jasnih zahtjeva, od prepoznatljive i [&hellip;]","og_url":"https:\/\/webknjizara.hr\/proizvod\/zbog-tebe-sutim-ljiljana-mestric\/","og_site_name":"Web-knji\u017eara","article_modified_time":"2023-02-26T23:17:03+00:00","og_image":[{"width":573,"height":800,"url":"https:\/\/webknjizara.hr\/wp-content\/uploads\/nc\/images\/virtuemart\/product\/zbog-tebe-utim-58c31ee9a5e50.jpg","type":"image\/jpeg"}],"twitter_card":"summary_large_image","twitter_misc":{"Est. reading time":"3 minutes"},"schema":{"@context":"https:\/\/schema.org","@graph":[{"@type":"WebPage","@id":"https:\/\/webknjizara.hr\/proizvod\/zbog-tebe-sutim-ljiljana-mestric\/","url":"https:\/\/webknjizara.hr\/proizvod\/zbog-tebe-sutim-ljiljana-mestric\/","name":"ZBOG TEBE \u0160UTIM, Ljiljana Me\u0161tri\u0107 - Web-knji\u017eara","isPartOf":{"@id":"https:\/\/webknjizara.hr\/#website"},"primaryImageOfPage":{"@id":"https:\/\/webknjizara.hr\/proizvod\/zbog-tebe-sutim-ljiljana-mestric\/#primaryimage"},"image":{"@id":"https:\/\/webknjizara.hr\/proizvod\/zbog-tebe-sutim-ljiljana-mestric\/#primaryimage"},"thumbnailUrl":"https:\/\/webknjizara.hr\/wp-content\/uploads\/nc\/images\/virtuemart\/product\/zbog-tebe-utim-58c31ee9a5e50.jpg","datePublished":"2017-03-10T21:47:21+00:00","dateModified":"2023-02-26T23:17:03+00:00","breadcrumb":{"@id":"https:\/\/webknjizara.hr\/proizvod\/zbog-tebe-sutim-ljiljana-mestric\/#breadcrumb"},"inLanguage":"en-US","potentialAction":[{"@type":"ReadAction","target":["https:\/\/webknjizara.hr\/proizvod\/zbog-tebe-sutim-ljiljana-mestric\/"]}]},{"@type":"ImageObject","inLanguage":"en-US","@id":"https:\/\/webknjizara.hr\/proizvod\/zbog-tebe-sutim-ljiljana-mestric\/#primaryimage","url":"https:\/\/webknjizara.hr\/wp-content\/uploads\/nc\/images\/virtuemart\/product\/zbog-tebe-utim-58c31ee9a5e50.jpg","contentUrl":"https:\/\/webknjizara.hr\/wp-content\/uploads\/nc\/images\/virtuemart\/product\/zbog-tebe-utim-58c31ee9a5e50.jpg","width":573,"height":800,"caption":"ZBOG TEBE \u0160UTIM, Ljiljana Me\u0161tri\u0107"},{"@type":"BreadcrumbList","@id":"https:\/\/webknjizara.hr\/proizvod\/zbog-tebe-sutim-ljiljana-mestric\/#breadcrumb","itemListElement":[{"@type":"ListItem","position":1,"name":"Po\u010detna stranica","item":"https:\/\/webknjizara.hr\/en\/"},{"@type":"ListItem","position":2,"name":"Shop","item":"https:\/\/webknjizara.hr\/shop\/"},{"@type":"ListItem","position":3,"name":"ZBOG TEBE \u0160UTIM, Ljiljana Me\u0161tri\u0107"}]},{"@type":"WebSite","@id":"https:\/\/webknjizara.hr\/#website","url":"https:\/\/webknjizara.hr\/","name":"Web Knji\u017eara","description":"","publisher":{"@id":"https:\/\/webknjizara.hr\/#organization"},"potentialAction":[{"@type":"SearchAction","target":{"@type":"EntryPoint","urlTemplate":"https:\/\/webknjizara.hr\/?s={search_term_string}"},"query-input":{"@type":"PropertyValueSpecification","valueRequired":true,"valueName":"search_term_string"}}],"inLanguage":"en-US"},{"@type":"Organization","@id":"https:\/\/webknjizara.hr\/#organization","name":"REDAK D.O.O.","url":"https:\/\/webknjizara.hr\/","logo":{"@type":"ImageObject","inLanguage":"en-US","@id":"https:\/\/webknjizara.hr\/#\/schema\/logo\/image\/","url":"https:\/\/webknjizara.hr\/wp-content\/uploads\/2023\/01\/web-knjizara-logo.webp","contentUrl":"https:\/\/webknjizara.hr\/wp-content\/uploads\/2023\/01\/web-knjizara-logo.webp","width":324,"height":79,"caption":"REDAK D.O.O."},"image":{"@id":"https:\/\/webknjizara.hr\/#\/schema\/logo\/image\/"}}]}},"_links":{"self":[{"href":"https:\/\/webknjizara.hr\/en\/wp-json\/wp\/v2\/product\/8439","targetHints":{"allow":["GET"]}}],"collection":[{"href":"https:\/\/webknjizara.hr\/en\/wp-json\/wp\/v2\/product"}],"about":[{"href":"https:\/\/webknjizara.hr\/en\/wp-json\/wp\/v2\/types\/product"}],"replies":[{"embeddable":true,"href":"https:\/\/webknjizara.hr\/en\/wp-json\/wp\/v2\/comments?post=8439"}],"wp:featuredmedia":[{"embeddable":true,"href":"https:\/\/webknjizara.hr\/en\/wp-json\/wp\/v2\/media\/8440"}],"wp:attachment":[{"href":"https:\/\/webknjizara.hr\/en\/wp-json\/wp\/v2\/media?parent=8439"}],"wp:term":[{"taxonomy":"product_brand","embeddable":true,"href":"https:\/\/webknjizara.hr\/en\/wp-json\/wp\/v2\/product_brand?post=8439"},{"taxonomy":"product_cat","embeddable":true,"href":"https:\/\/webknjizara.hr\/en\/wp-json\/wp\/v2\/product_cat?post=8439"},{"taxonomy":"product_tag","embeddable":true,"href":"https:\/\/webknjizara.hr\/en\/wp-json\/wp\/v2\/product_tag?post=8439"}],"curies":[{"name":"wp","href":"https:\/\/api.w.org\/{rel}","templated":true}]}}