{"id":8437,"date":"2017-03-09T22:46:44","date_gmt":"2017-03-09T22:46:44","guid":{"rendered":"https:\/\/webknjizara.hr\/?product=logistika-i-sigurnost-kopnenog-prometa"},"modified":"2023-02-27T00:17:03","modified_gmt":"2023-02-26T23:17:03","slug":"logistika-i-sigurnost-kopnenog-prometa","status":"publish","type":"product","link":"https:\/\/webknjizara.hr\/en\/proizvod\/logistika-i-sigurnost-kopnenog-prometa\/","title":{"rendered":"LOGISTIKA I SIGURNOST KOPNENOG PROMETA"},"content":{"rendered":"<p style=\"text-align: justify;\"><strong>Sa\u017eetak:<\/strong> <\/p>\n<p>Sadr\u017eaj i tekst ud\u017ebenika \u201eLogistika i sigurnost kopnenog prometa\u201c prilago\u0111en je izvedbenom programu kolegija \u201eSigurnost u prometu\u201c, \u201eTehnologija kopnenog prometa\u201c i &#8220;Logistika u kopnenom prometu&#8221; koje studenti Pomorskog fakulteta u Rijeci izu\u010davaju na preddiplomskim i diplomskim studijima Tehnologija i organizacija prometa te Logistika i menad\u017ement u pomorstvu i prometu. <\/p>\n<p>Knjiga obuhva\u0107a tri me\u0111usobno povezana poglavlja unutar kojih se obra\u0111uje problematika poznavanja sigurnosti, logistike i tehnologije cestovnog i \u017eeljezni\u010dkog prijevoza kao nu\u017enog preduvjeta organizacije i provedbe tehnolo\u0161kog procesa kopnenog prometa. Nakon teorijskog prikaza tematske cjeline u pojedinim poglavljima ud\u017ebenik prikazuje numeri\u010dke metode te prakti\u010dne primjere rje\u0161avanja zadataka. Na taj na\u010din rje\u0161enim zadacima se zaokru\u017euje odgovaraju\u0107a materija pojedine cjeline koja je razra\u0111ena u teorijskom dijelu.<\/p>\n<p>Prvi dio ud\u017ebenika s naslovom SIGURNOST KOPNENOG PROMETA nakon opisa temeljnih odrednica i pojmova prikazuje numeri\u010dke primjere te razra\u0111uje programski zadatak analize regulacije prometa na prometnom \u010dvoru koji su studenti obvezni izraditi u okviru kolegija \u201eSigurnost u prometu\u201c.<\/p>\n<p>Drugi dio edicije s naslovom TEHNOLOGIJA CESTOVNOG PROMETA nakon uvodnog teoretskog dijela obra\u0111uje tri tematske jedinice od kojih su za svaku jezgrovito analizirane numeri\u010dke metode, stabilnost cestovnih prijevoznih sredstava, propusna mo\u0107 cestovne prometne infrastrukture te eksploatacija voznog parka. U \u010detvrtom potpoglavlju analizira se i razra\u0111uje modeliranje mre\u017ee javnog gradskog prijevoza putnika.<\/p>\n<p>U tre\u010dem i zadnjem poglavlju s naslovom TEHNOLOGIJA \u017dELJEZNI\u010cKOG PROMETA obra\u0111eno je pet cjelina: osnovne zna\u010dajke tehnologije \u017eeljezni\u010dkog prometa, temeljne postavke \u017eeljezni\u010dke tehnologije, numeri\u010dke metode u analizi \u017eeljezni\u010dkog prometa, vozni redovi u \u017eeljezni\u010dkom prometu,te suvremeno upravljanje na \u017eeljeznici.<\/p>\n<p style=\"text-align: justify;\"><strong>Bilje\u0161ka o autoru:<\/strong> <\/p>\n<p><strong>Dr.sc. Sini\u0161a Vilke<\/strong> <\/p>\n<p>Ro\u0111en je 29.11.1975. godine u Rijeci. Za vrijeme studija radio je u Komercijalnom odjelu poduze\u0107a Viktor Lenac te u Upavnom odjeklu za pomorstvo Primorsko-goranske \u017eupanije.<\/p>\n<p>Diplomirao je (2000.) i magistrirao (2006.) na Pomorskom fakultetu Sveu\u010dili\u0161ta u Rijeci. Obranom doktorske disertacije s naslovom <em>Optimizacija kopnene prometne infrastrukture izme\u0111u paneuropskog koridora V i ogranka VB<\/em> 2012. godine stje\u010de zvanje doktora tehni\u010dkih znanosti iz znanstvenog polja tehnologije prometa i transporta.<\/p>\n<p>Od 2001. do 2009. bio je zaposlen u poduze\u0107u <em>&#8220;Luka Rijeka d.d.&#8221;<\/em>, i to 6 godina u odjelu Operative na poslovima planiranja operativnog poslovanja na Terminalu za generalni teret i na Kontejnerskom terminalu. Ostatak perioda od 2 godine radio je u odjelu Komercijale. <\/p>\n<p>Od 2009. do 2012. godine zaposlen je na Pomorskom fakultetu u Rijeci kao znanstveni novak na radnom mjestu asistenta, od 2012. do 2016. godine na radnom mjestu vi\u0161eg asistenta a od 2016. godine na radnom mjestu docenta. Od akademske godine 2014.\/2015. nositelj\/sunositelj je kolegija: Osnove tehnologije prometa, Prometno in\u017eenjerstvo, Urbani transport i okoli\u0161 a od akademske godine 2015.\/2016. kolegija Logistika u prometu. Od akademske godine 2014.\/2015 nositelj je kolegija Zelena logistika u urbanom prometu koji se izvodi na Poslijediplomskom doktorskom studiju <em>\u201ePomorstvo\u201c<\/em>.<\/p>\n<p>Samostalno ili u koautorstvu objavio je 1 sveu\u010dili\u0161ni ud\u017ebenik te 26 znanstvenih radova u \u010dasopisima i na savjetovanjima s me\u0111unarodnom recenzijom. Kao istra\u017eiva\u010d je sudjelovao na ve\u0107em broju znanstvenih projekata. Sudjeluje na me\u0111unarodnim znanstvenim savjetovanjima iz podru\u010dja Tehnologije i organizacije prometa. \u010clan je Hrvatske akademije znanosti i umjetnosti, Sekcije za morske luke. \u010clan je Hrvatskog znanstvenog dru\u0161tva za promet i Udruge za prou\u010davanje i razvoj pomosrtva. Od 2013. godine glavni je urednik znanstvenog \u010dasopisa Pomorski zbornik \/ <em>Journal of Maritime &amp; Transportation Science<\/em>.<\/p>\n<p>Godine 2014. izabran je u znanstveno zvanje vi\u0161i znanstveni suradnik u znanstvenom podru\u010dju tehni\u010dkih znanosti, polju tehnologija prometa i transport, grani pomorski rije\u010dni promet.<\/p>\n<p style=\"text-align: justify;\"><strong>Prof.dr.sc Hrvoje Bari\u010devi\u0107 (CV)<\/strong><\/p>\n<p>Hrvoje Bari\u010devi\u0107 ro\u0111en je 31. listopada 1953. godine u Rijeci., od oca Ivana (pok.) i majke Branke. Hrvatskog je dr\u017eavljanstva i nacionalnosti, o\u017eenjen, otac troje djece. U Rijeci je zavr\u0161io osnovno i srednje obrazovanje (Tehni\u010dka \u0161kola 1972. godine). Dvije godine radio je na stru\u010dnim poslovima u Tehni\u010dkoj kontroli kvalitete poduze\u0107a \u201cR. Kon\u010dar\u201d u Rijeci, a u razdoblju od 1978. do 1988. godine obavljao nastavnu djelatnost u srednjo\u0161kolskoj ustanovi prometne struke. Sveu\u010dili\u0161ni interfakultetski studij prometa zavr\u0161io je u Zagrebu (1978.), poslijediplomski studij: Integralni i multimodalni transport u Rijeci (1986.), te je u Zagrebu doktorirao 1991. godine na Fakultetu prometnih znanosti obraniv\u0161i disertaciju na temu: \u201cSuvremene transportne tehnologije preduvjet razvoja \u010dvori\u0161ta Rijeke\u201d. Sudionik je brojnih znanstvenih i stru\u010dnih savjetovanja u zemlji i inozemstvu, autor je pet sveu\u010dili\u0161nih ud\u017ebenika, vi\u0161e od sto znanstvenih radova radov, dvadesetak projekata iz podru\u010dja tehnologije prometa, te brojnih ekspertiza, recenzija istudija. Upisan je u registar istra\u017eiva\u010da u Ministarstvu znanosti i tehnologije u Zagrebu u znanstvenom polju Tehnologija prometa i transporta, pod mati\u010dnim brojem 165742. Godine 2002. izabran je u znanstveno-nastavno zvanje \u201credoviti profesor\u201d na Pomorskom fakultetu u Rijeci, gdje je nositelj vi\u0161e kolegija na svim studijskim razinama, me\u0111u kojima su najzna\u010dajniji: <em>Tereti u prometu, Tehnologija kopnenog prometa, Sigurnost u prometu, Logistika u prometu, Planiranje kopnenih prometnih sustava, Urbani promet i okoli\u0161<\/em> i drugi. Na sada\u0161njem poslijediplomskom (doktorskom) studiju Pomorskog fakulteta u Rijeci nositelj je kolegija Logisti\u010dki sustavi u kopnenom prometu. Tijekom vi\u0161e od trideset godina rada djeluje i kao vanjski suradnik na brojnim visoko\u0161kolskim institucijama u R Hrvatskoj.Nositelj je kolegija <em>\u017deljeznice, te \u017deljeznice i tuneli<\/em> na Gra\u0111evinskom fakultetu u Rijeci, Me\u0111unarodno otpremni\u0161tvo na Sveu\u010dili\u0161tu u Zadru, <em>Promet u turizmu<\/em> na Hotelijerskom fakultetu u Iki i Visokoj \u0161koli za turisti\u010dki menad\u017ement u \u0160ibeniku, <em>Tehnologija kopnenog prometa<\/em> i Integralni i multimodalni transport na Pomorskom fakultetu u Splitu, Planiranje kopnenih prometnih sustava i Logistika u kopnenom prometu na Sveu\u010dili\u0161tu u Dubrovniku i dr. \u010clan je brojnih uredni\u0161tava znanstvenih \u010dasopisa, voditelj i predsjednik organizacijskih odbora znanstveno-stru\u010dnih skupova, te stru\u010dnih organizacija Od 1998. do 2006. godine obna\u0161a du\u017enost predsjednika Savjeta za sigurnost prometa na cestama Primorsko-goranske \u017eupanije. I dopredsjednik je Auto-kluba Rijeka. Godine 1993. izbran je za predstojnika Odjela tehnologije prometa, a 1995. za pro\u010delnika Zavoda za tehnologiju i organizaciju pomorskog prometa. Odlukom Upravnog vije\u0107a Sveu\u010dili\u0161ta u Rijeci u mandatnom razdoblju od 1999. do 2001. g. obna\u0161a du\u017enost predstojnika sveu\u010dili\u0161nog Odjela za pomorstvo. U rukovodstvu Pomorskog fakulteta u Rijeci od 2001. do 2004. godine obna\u0161a du\u017enost prodekana za nastavu. Od 2008.g. u drugom je mandatu na mjestu predsjednika Hrvatske komore in\u017eenjera tehnologije prometa i transporta u Zagrebu. U velja\u010di 2001. g. realizira kra\u0107i studijski boravak na Richard Stockton College u ameri\u010dkoj dr\u017eavi New Jersey. Primljen je u \u010dlanstvo Znanstvenog savjeta za pomorstvo HAZU na X. redovitoj skup\u0161tini Savjeta odr\u017eanoj 22. studenoga 1995. godine u Zagrebu.<\/p>\n<p style=\"text-align: justify;\"><strong>Klju\u010dne rije\u010di:<\/strong> Logistika u kopnenom prometu, Sigurnost kopnenog prometa, Tehnologija cestovnog prometa,<br \/>Tehnologija \u017eeljezni\u010dkog prometa<\/p>\n<p><strong>E-mail:<\/strong> <a href=\"mailto:vvranic@pfri.hr\">Dr. sc. Sini\u0161a Vilke<\/a><\/p>\n<p style=\"text-align: justify;\"><strong>Naslov:<\/strong> Logistika i sigurnost kopnenog prometa<br \/><strong>Autor:<\/strong> prof. dr. sc. Hrvoje Bari\u010devi\u0107, doc. Dr. sc. Sini\u0161a Vilke<br \/><strong>Broj stranica:<\/strong> 212<br \/><strong>Nakladnik:<\/strong> Pomorski fakultet u Rijeci<br \/><strong>Godina izdanja:<\/strong> 2016.<br \/><strong>ISBN:<\/strong> 978-953-165-119-6<br \/><strong>Tisak:<\/strong> digitalni tisak knjiga &#8211; print na zahtjev\u00a0<\/p>\n<hr \/>\n<p style=\"text-align: justify;\"><strong>Kako naru\u010diti knjigu?\u00a0<\/strong>Proces online kupovine jednako funkcionira za sve kupce, s jedinom razlikom u tome \u0161to \u0161to kupci iz inozemstva za podru\u010dje dostave moraju odabrati &#8220;Europa&#8221; ili &#8220;Ostale zemlje svijeta&#8221;, a za vrstu pla\u0107anja WSPay (kreditna kartica) ili Virmanom (bankovni transfer).<\/p>\n<p style=\"text-align: justify;\">Molimo kliknite ovdje za\u00a0<a href=\"hr\/kako-kupovati\" target=\"_blank\" rel=\"noopener noreferrer\">detaljni vodi\u010d kroz proces narud\u017ebe<\/a>\u00a0ili nas\u00a0<a href=\"hr\/kontakt\" target=\"_blank\" rel=\"noopener noreferrer\">kontaktirajte<\/a>\u00a0za vi\u0161e informacija.<\/p>\n","protected":false},"excerpt":{"rendered":"<p>Sa\u017eetak: Sadr\u017eaj i tekst ud\u017ebenika \u201eLogistika i sigurnost kopnenog prometa\u201c prilago\u0111en je izvedbenom programu kolegija \u201eSigurnost u prometu\u201c, \u201eTehnologija kopnenog prometa\u201c i &#8220;Logistika u kopnenom prometu&#8221; koje studenti Pomorskog fakulteta u Rijeci izu\u010davaju na preddiplomskim i diplomskim studijima Tehnologija i organizacija prometa te Logistika i menad\u017ement u pomorstvu i prometu. Knjiga obuhva\u0107a tri me\u0111usobno povezana [&hellip;]<\/p>\n","protected":false},"featured_media":8438,"comment_status":"open","ping_status":"closed","template":"","meta":{"_acf_changed":false},"product_brand":[],"product_cat":[1517],"product_tag":[],"class_list":{"0":"post-8437","1":"product","2":"type-product","3":"status-publish","4":"has-post-thumbnail","6":"product_cat-strucna-literatura","7":"pa_autor-doc-dr-sc-sinisa-vilke","8":"pa_autor-prof-dr-sc-hrvoje-baricevic","9":"pa_nakladnik-pomorski-fakultet-u-rijeci","11":"first","12":"instock","13":"shipping-taxable","14":"purchasable","15":"product-type-simple"},"acf":[],"yoast_head":"<!-- This site is optimized with the Yoast SEO plugin v27.3 - https:\/\/yoast.com\/product\/yoast-seo-wordpress\/ -->\n<title>LOGISTIKA I SIGURNOST KOPNENOG PROMETA - Web-knji\u017eara<\/title>\n<meta name=\"robots\" content=\"index, follow, max-snippet:-1, max-image-preview:large, max-video-preview:-1\" \/>\n<link rel=\"canonical\" href=\"https:\/\/webknjizara.hr\/proizvod\/logistika-i-sigurnost-kopnenog-prometa\/\" \/>\n<meta property=\"og:locale\" content=\"en_US\" \/>\n<meta property=\"og:type\" content=\"article\" \/>\n<meta property=\"og:title\" content=\"LOGISTIKA I SIGURNOST KOPNENOG PROMETA - Web-knji\u017eara\" \/>\n<meta property=\"og:description\" content=\"Sa\u017eetak: Sadr\u017eaj i tekst ud\u017ebenika \u201eLogistika i sigurnost kopnenog prometa\u201c prilago\u0111en je izvedbenom programu kolegija \u201eSigurnost u prometu\u201c, \u201eTehnologija kopnenog prometa\u201c i &#8220;Logistika u kopnenom prometu&#8221; koje studenti Pomorskog fakulteta u Rijeci izu\u010davaju na preddiplomskim i diplomskim studijima Tehnologija i organizacija prometa te Logistika i menad\u017ement u pomorstvu i prometu. Knjiga obuhva\u0107a tri me\u0111usobno povezana [&hellip;]\" \/>\n<meta property=\"og:url\" content=\"https:\/\/webknjizara.hr\/proizvod\/logistika-i-sigurnost-kopnenog-prometa\/\" \/>\n<meta property=\"og:site_name\" content=\"Web-knji\u017eara\" \/>\n<meta property=\"article:modified_time\" content=\"2023-02-26T23:17:03+00:00\" \/>\n<meta property=\"og:image\" content=\"https:\/\/webknjizara.hr\/wp-content\/uploads\/nc\/images\/virtuemart\/product\/logistika-i-sigu-58c1db54d4810.jpg\" \/>\n\t<meta property=\"og:image:width\" content=\"348\" \/>\n\t<meta property=\"og:image:height\" content=\"500\" \/>\n\t<meta property=\"og:image:type\" content=\"image\/jpeg\" \/>\n<meta name=\"twitter:card\" content=\"summary_large_image\" \/>\n<meta name=\"twitter:label1\" content=\"Est. reading time\" \/>\n\t<meta name=\"twitter:data1\" content=\"6 minutes\" \/>\n<script type=\"application\/ld+json\" class=\"yoast-schema-graph\">{\"@context\":\"https:\\\/\\\/schema.org\",\"@graph\":[{\"@type\":\"WebPage\",\"@id\":\"https:\\\/\\\/webknjizara.hr\\\/proizvod\\\/logistika-i-sigurnost-kopnenog-prometa\\\/\",\"url\":\"https:\\\/\\\/webknjizara.hr\\\/proizvod\\\/logistika-i-sigurnost-kopnenog-prometa\\\/\",\"name\":\"LOGISTIKA I SIGURNOST KOPNENOG PROMETA - Web-knji\u017eara\",\"isPartOf\":{\"@id\":\"https:\\\/\\\/webknjizara.hr\\\/#website\"},\"primaryImageOfPage\":{\"@id\":\"https:\\\/\\\/webknjizara.hr\\\/proizvod\\\/logistika-i-sigurnost-kopnenog-prometa\\\/#primaryimage\"},\"image\":{\"@id\":\"https:\\\/\\\/webknjizara.hr\\\/proizvod\\\/logistika-i-sigurnost-kopnenog-prometa\\\/#primaryimage\"},\"thumbnailUrl\":\"https:\\\/\\\/webknjizara.hr\\\/wp-content\\\/uploads\\\/nc\\\/images\\\/virtuemart\\\/product\\\/logistika-i-sigu-58c1db54d4810.jpg\",\"datePublished\":\"2017-03-09T22:46:44+00:00\",\"dateModified\":\"2023-02-26T23:17:03+00:00\",\"breadcrumb\":{\"@id\":\"https:\\\/\\\/webknjizara.hr\\\/proizvod\\\/logistika-i-sigurnost-kopnenog-prometa\\\/#breadcrumb\"},\"inLanguage\":\"en-US\",\"potentialAction\":[{\"@type\":\"ReadAction\",\"target\":[\"https:\\\/\\\/webknjizara.hr\\\/proizvod\\\/logistika-i-sigurnost-kopnenog-prometa\\\/\"]}]},{\"@type\":\"ImageObject\",\"inLanguage\":\"en-US\",\"@id\":\"https:\\\/\\\/webknjizara.hr\\\/proizvod\\\/logistika-i-sigurnost-kopnenog-prometa\\\/#primaryimage\",\"url\":\"https:\\\/\\\/webknjizara.hr\\\/wp-content\\\/uploads\\\/nc\\\/images\\\/virtuemart\\\/product\\\/logistika-i-sigu-58c1db54d4810.jpg\",\"contentUrl\":\"https:\\\/\\\/webknjizara.hr\\\/wp-content\\\/uploads\\\/nc\\\/images\\\/virtuemart\\\/product\\\/logistika-i-sigu-58c1db54d4810.jpg\",\"width\":348,\"height\":500,\"caption\":\"LOGISTIKA I SIGURNOST KOPNENOG PROMETA\"},{\"@type\":\"BreadcrumbList\",\"@id\":\"https:\\\/\\\/webknjizara.hr\\\/proizvod\\\/logistika-i-sigurnost-kopnenog-prometa\\\/#breadcrumb\",\"itemListElement\":[{\"@type\":\"ListItem\",\"position\":1,\"name\":\"Po\u010detna stranica\",\"item\":\"https:\\\/\\\/webknjizara.hr\\\/en\\\/\"},{\"@type\":\"ListItem\",\"position\":2,\"name\":\"Shop\",\"item\":\"https:\\\/\\\/webknjizara.hr\\\/shop\\\/\"},{\"@type\":\"ListItem\",\"position\":3,\"name\":\"LOGISTIKA I SIGURNOST KOPNENOG PROMETA\"}]},{\"@type\":\"WebSite\",\"@id\":\"https:\\\/\\\/webknjizara.hr\\\/#website\",\"url\":\"https:\\\/\\\/webknjizara.hr\\\/\",\"name\":\"Web Knji\u017eara\",\"description\":\"\",\"publisher\":{\"@id\":\"https:\\\/\\\/webknjizara.hr\\\/#organization\"},\"potentialAction\":[{\"@type\":\"SearchAction\",\"target\":{\"@type\":\"EntryPoint\",\"urlTemplate\":\"https:\\\/\\\/webknjizara.hr\\\/?s={search_term_string}\"},\"query-input\":{\"@type\":\"PropertyValueSpecification\",\"valueRequired\":true,\"valueName\":\"search_term_string\"}}],\"inLanguage\":\"en-US\"},{\"@type\":\"Organization\",\"@id\":\"https:\\\/\\\/webknjizara.hr\\\/#organization\",\"name\":\"REDAK D.O.O.\",\"url\":\"https:\\\/\\\/webknjizara.hr\\\/\",\"logo\":{\"@type\":\"ImageObject\",\"inLanguage\":\"en-US\",\"@id\":\"https:\\\/\\\/webknjizara.hr\\\/#\\\/schema\\\/logo\\\/image\\\/\",\"url\":\"https:\\\/\\\/webknjizara.hr\\\/wp-content\\\/uploads\\\/2023\\\/01\\\/web-knjizara-logo.webp\",\"contentUrl\":\"https:\\\/\\\/webknjizara.hr\\\/wp-content\\\/uploads\\\/2023\\\/01\\\/web-knjizara-logo.webp\",\"width\":324,\"height\":79,\"caption\":\"REDAK D.O.O.\"},\"image\":{\"@id\":\"https:\\\/\\\/webknjizara.hr\\\/#\\\/schema\\\/logo\\\/image\\\/\"}}]}<\/script>\n<!-- \/ Yoast SEO plugin. -->","yoast_head_json":{"title":"LOGISTIKA I SIGURNOST KOPNENOG PROMETA - Web-knji\u017eara","robots":{"index":"index","follow":"follow","max-snippet":"max-snippet:-1","max-image-preview":"max-image-preview:large","max-video-preview":"max-video-preview:-1"},"canonical":"https:\/\/webknjizara.hr\/proizvod\/logistika-i-sigurnost-kopnenog-prometa\/","og_locale":"en_US","og_type":"article","og_title":"LOGISTIKA I SIGURNOST KOPNENOG PROMETA - Web-knji\u017eara","og_description":"Sa\u017eetak: Sadr\u017eaj i tekst ud\u017ebenika \u201eLogistika i sigurnost kopnenog prometa\u201c prilago\u0111en je izvedbenom programu kolegija \u201eSigurnost u prometu\u201c, \u201eTehnologija kopnenog prometa\u201c i &#8220;Logistika u kopnenom prometu&#8221; koje studenti Pomorskog fakulteta u Rijeci izu\u010davaju na preddiplomskim i diplomskim studijima Tehnologija i organizacija prometa te Logistika i menad\u017ement u pomorstvu i prometu. Knjiga obuhva\u0107a tri me\u0111usobno povezana [&hellip;]","og_url":"https:\/\/webknjizara.hr\/proizvod\/logistika-i-sigurnost-kopnenog-prometa\/","og_site_name":"Web-knji\u017eara","article_modified_time":"2023-02-26T23:17:03+00:00","og_image":[{"width":348,"height":500,"url":"https:\/\/webknjizara.hr\/wp-content\/uploads\/nc\/images\/virtuemart\/product\/logistika-i-sigu-58c1db54d4810.jpg","type":"image\/jpeg"}],"twitter_card":"summary_large_image","twitter_misc":{"Est. reading time":"6 minutes"},"schema":{"@context":"https:\/\/schema.org","@graph":[{"@type":"WebPage","@id":"https:\/\/webknjizara.hr\/proizvod\/logistika-i-sigurnost-kopnenog-prometa\/","url":"https:\/\/webknjizara.hr\/proizvod\/logistika-i-sigurnost-kopnenog-prometa\/","name":"LOGISTIKA I SIGURNOST KOPNENOG PROMETA - Web-knji\u017eara","isPartOf":{"@id":"https:\/\/webknjizara.hr\/#website"},"primaryImageOfPage":{"@id":"https:\/\/webknjizara.hr\/proizvod\/logistika-i-sigurnost-kopnenog-prometa\/#primaryimage"},"image":{"@id":"https:\/\/webknjizara.hr\/proizvod\/logistika-i-sigurnost-kopnenog-prometa\/#primaryimage"},"thumbnailUrl":"https:\/\/webknjizara.hr\/wp-content\/uploads\/nc\/images\/virtuemart\/product\/logistika-i-sigu-58c1db54d4810.jpg","datePublished":"2017-03-09T22:46:44+00:00","dateModified":"2023-02-26T23:17:03+00:00","breadcrumb":{"@id":"https:\/\/webknjizara.hr\/proizvod\/logistika-i-sigurnost-kopnenog-prometa\/#breadcrumb"},"inLanguage":"en-US","potentialAction":[{"@type":"ReadAction","target":["https:\/\/webknjizara.hr\/proizvod\/logistika-i-sigurnost-kopnenog-prometa\/"]}]},{"@type":"ImageObject","inLanguage":"en-US","@id":"https:\/\/webknjizara.hr\/proizvod\/logistika-i-sigurnost-kopnenog-prometa\/#primaryimage","url":"https:\/\/webknjizara.hr\/wp-content\/uploads\/nc\/images\/virtuemart\/product\/logistika-i-sigu-58c1db54d4810.jpg","contentUrl":"https:\/\/webknjizara.hr\/wp-content\/uploads\/nc\/images\/virtuemart\/product\/logistika-i-sigu-58c1db54d4810.jpg","width":348,"height":500,"caption":"LOGISTIKA I SIGURNOST KOPNENOG PROMETA"},{"@type":"BreadcrumbList","@id":"https:\/\/webknjizara.hr\/proizvod\/logistika-i-sigurnost-kopnenog-prometa\/#breadcrumb","itemListElement":[{"@type":"ListItem","position":1,"name":"Po\u010detna stranica","item":"https:\/\/webknjizara.hr\/en\/"},{"@type":"ListItem","position":2,"name":"Shop","item":"https:\/\/webknjizara.hr\/shop\/"},{"@type":"ListItem","position":3,"name":"LOGISTIKA I SIGURNOST KOPNENOG PROMETA"}]},{"@type":"WebSite","@id":"https:\/\/webknjizara.hr\/#website","url":"https:\/\/webknjizara.hr\/","name":"Web Knji\u017eara","description":"","publisher":{"@id":"https:\/\/webknjizara.hr\/#organization"},"potentialAction":[{"@type":"SearchAction","target":{"@type":"EntryPoint","urlTemplate":"https:\/\/webknjizara.hr\/?s={search_term_string}"},"query-input":{"@type":"PropertyValueSpecification","valueRequired":true,"valueName":"search_term_string"}}],"inLanguage":"en-US"},{"@type":"Organization","@id":"https:\/\/webknjizara.hr\/#organization","name":"REDAK D.O.O.","url":"https:\/\/webknjizara.hr\/","logo":{"@type":"ImageObject","inLanguage":"en-US","@id":"https:\/\/webknjizara.hr\/#\/schema\/logo\/image\/","url":"https:\/\/webknjizara.hr\/wp-content\/uploads\/2023\/01\/web-knjizara-logo.webp","contentUrl":"https:\/\/webknjizara.hr\/wp-content\/uploads\/2023\/01\/web-knjizara-logo.webp","width":324,"height":79,"caption":"REDAK D.O.O."},"image":{"@id":"https:\/\/webknjizara.hr\/#\/schema\/logo\/image\/"}}]}},"_links":{"self":[{"href":"https:\/\/webknjizara.hr\/en\/wp-json\/wp\/v2\/product\/8437","targetHints":{"allow":["GET"]}}],"collection":[{"href":"https:\/\/webknjizara.hr\/en\/wp-json\/wp\/v2\/product"}],"about":[{"href":"https:\/\/webknjizara.hr\/en\/wp-json\/wp\/v2\/types\/product"}],"replies":[{"embeddable":true,"href":"https:\/\/webknjizara.hr\/en\/wp-json\/wp\/v2\/comments?post=8437"}],"wp:featuredmedia":[{"embeddable":true,"href":"https:\/\/webknjizara.hr\/en\/wp-json\/wp\/v2\/media\/8438"}],"wp:attachment":[{"href":"https:\/\/webknjizara.hr\/en\/wp-json\/wp\/v2\/media?parent=8437"}],"wp:term":[{"taxonomy":"product_brand","embeddable":true,"href":"https:\/\/webknjizara.hr\/en\/wp-json\/wp\/v2\/product_brand?post=8437"},{"taxonomy":"product_cat","embeddable":true,"href":"https:\/\/webknjizara.hr\/en\/wp-json\/wp\/v2\/product_cat?post=8437"},{"taxonomy":"product_tag","embeddable":true,"href":"https:\/\/webknjizara.hr\/en\/wp-json\/wp\/v2\/product_tag?post=8437"}],"curies":[{"name":"wp","href":"https:\/\/api.w.org\/{rel}","templated":true}]}}