{"id":8431,"date":"2017-02-27T19:00:11","date_gmt":"2017-02-27T19:00:11","guid":{"rendered":"https:\/\/webknjizara.hr\/?product=labirintom-zivota-nakon-mozdanog-udara-ilija-gajski"},"modified":"2023-02-27T00:17:02","modified_gmt":"2023-02-26T23:17:02","slug":"labirintom-zivota-nakon-mozdanog-udara-ilija-gajski","status":"publish","type":"product","link":"https:\/\/webknjizara.hr\/en\/proizvod\/labirintom-zivota-nakon-mozdanog-udara-ilija-gajski\/","title":{"rendered":"LABIRINTOM \u017dIVOTA NAKON MO\u017dDANOG UDARA, Ilija Gajski"},"content":{"rendered":"<p style=\"text-align: justify;\"><strong>Sa\u017eetak:<\/strong> <\/p>\n<p style=\"text-align: justify;\"><span style=\"font-family: arial, helvetica, sans-serif; font-size: 8pt;\">I<span style=\"font-size: 10pt;\">ako je \u017eivot labirint raznolikih prolaza i ulica s nepredvidivo brojnim zanimljivim izlazima, u njemu se kriju i mnoge nepredvi\u0111ene slijepe ulice. \u017divot moje Majde nakon preboljenog mo\u017edanog udara (cerebrovaskularnog inzulta), kao i \u017eivot cijele na\u0161e obitelji po njezinu dolasku s bolni\u010dkog lije\u010denja, postao je zamr\u0161enijim i puno zahtjevnijim labirintom. <\/span><\/span><\/p>\n<p style=\"text-align: justify;\"><span style=\"font-family: arial, helvetica, sans-serif; font-size: 10pt;\">U knjizi je detaljno prikazano na\u0161e obiteljsko putovanje tim labirintom \u017eivota kroz skoro svakodnevne opise doga\u0111anja tijekom prvih pet godina Majdina procesa rehabilitacije kod ku\u0107e. Pro\u0161li smo kroz nebrojen niz slijepih ulica tra\u017ee\u0107i izlaze i rje\u0161avaju\u0107i organiziranje mnogih radnji kojima smo poku\u0161ali pomo\u0107i Majdi kako bi se \u0161to prije vratila na kolosijek \u017eivota iz kojeg je izba\u010dena zbog mo\u017edanog udara. Sa zadovoljstvom se mo\u017eemo pohvaliti da smo u tome dobrim dijelom i uspjeli, ali i dalje smo maksimalno aktivni uz Majdinu neopisivu \u201etvrdoglavu\u201c upornost u \u017eelji da svojim sudjelovanjem u potpunosti iskoristi sve pru\u017eene joj i organizirane vje\u017ebe i pomagala.<\/span><\/p>\n<p style=\"text-align: justify;\"><span style=\"font-size: 10pt; font-family: arial, helvetica, sans-serif;\">Kako bih budu\u0107im pacijentima i njihovim obiteljima smanjio nepotrebna i neu\u010dinkovita putovanja po nekim slijepim ulicama labirinta \u017eivota, sva na\u0161a iskustva preto\u010dio sam na stranice ove knjige koja \u0107e im, \u017eelja mi je, biti dobar vodi\u010d u njihovu procesu rehabilitacije nakon bolni\u010dkog lije\u010denja.<\/span><\/p>\n<p style=\"text-align: justify;\"><span style=\"font-family: arial, helvetica, sans-serif;\"><strong>Bilje\u0161ka o autoru:<\/strong> <\/span><\/p>\n<p>Ilija Gajski je ro\u0111en 1952. godine u Postojni. Diplomirao je pa potom i magistrirao na Fakultetu elektrotehnike i ra\u010dunarstva. Nakon sedmogodi\u0161njeg rada u zvanju asistenta na FER-u, nastavlja raditi u tvornici Kon\u010dar u Zagrebu, a od 1998. godine radi na raznim gradili\u0161tima u na\u0161oj zemlji kao voditelj elektroinstalaterskih radova i kao voditelj gradili\u0161ta. Od 2012. godine je u prijevremenoj mirovini kako bi mogao maksimalno pru\u017eiti potrebnu njegu supruzi Majdi, 100%-tnom invalidu u invalidskim kolicima, nakon preboljelog mo\u017edanog udara.<\/p>\n<p>2014. godine, u nakladni\u0161tvu ReAktive centra d.o.o., izdao je knjigu \u201e\u0160TO?KAKO?GDJE?KADA? NAKON MO\u017dDANOG UDARA, Vodi\u010d za bolesnika, \u010dlanove njegove obitelji ili njegova skrbnika\u201c.<\/p>\n<p style=\"text-align: justify;\"><strong>Klju\u010dne rije\u010di:<\/strong> Mo\u017edani udar, medicinska rehabilitacija, rehabilitacija kod ku\u0107e, ortopedska pomagala, fizikalne vje\u017ebe, logopedske vje\u017ebe, radna terapija, glazbena terapija<\/p>\n<p style=\"text-align: justify;\"><strong>E-mail:<\/strong> <a href=\"mailto:Ilija.gajski@gmail.com\">Ilija Gajski<\/a><\/p>\n<p style=\"text-align: justify;\"><strong>Naslov:<\/strong> LABIRINTOM \u017dIVOTA NAKON MO\u017dDANOG UDARA<br \/><strong>Autor:<\/strong> Ilija Gajski<br \/><strong>Broj stranica:<\/strong> 286<br \/><strong>Nakladnik:<\/strong> REDAK<br \/><strong>Godina izdanja:<\/strong> 2017.<br \/><strong>ISBN:<\/strong> 978-953-336-373-8<br \/><strong>Tisak:<\/strong> digitalni tisak knjiga &#8211; print na zahtjev\u00a0<\/p>\n<hr \/>\n<p style=\"text-align: justify;\"><strong>Kako naru\u010diti knjigu?\u00a0<\/strong>Proces online kupovine jednako funkcionira za sve kupce, s jedinom razlikom u tome \u0161to \u0161to kupci iz inozemstva za podru\u010dje dostave moraju odabrati &#8220;Europa&#8221; ili &#8220;Ostale zemlje svijeta&#8221;, a za vrstu pla\u0107anja WSPay (kreditna kartica) ili Virmanom (bankovni transfer).<\/p>\n<p style=\"text-align: justify;\">Molimo kliknite ovdje za\u00a0<a href=\"hr\/kako-kupovati\" target=\"_blank\" rel=\"noopener\">detaljni vodi\u010d kroz proces narud\u017ebe<\/a>\u00a0ili nas\u00a0<a href=\"hr\/kontakt\" target=\"_blank\" rel=\"noopener\">kontaktirajte<\/a>\u00a0za vi\u0161e informacija.<\/p>\n","protected":false},"excerpt":{"rendered":"<p>Sa\u017eetak: Iako je \u017eivot labirint raznolikih prolaza i ulica s nepredvidivo brojnim zanimljivim izlazima, u njemu se kriju i mnoge nepredvi\u0111ene slijepe ulice. \u017divot moje Majde nakon preboljenog mo\u017edanog udara (cerebrovaskularnog inzulta), kao i \u017eivot cijele na\u0161e obitelji po njezinu dolasku s bolni\u010dkog lije\u010denja, postao je zamr\u0161enijim i puno zahtjevnijim labirintom. U knjizi je detaljno [&hellip;]<\/p>\n","protected":false},"featured_media":8432,"comment_status":"open","ping_status":"closed","template":"","meta":{"_acf_changed":false},"product_brand":[],"product_cat":[1540,1517],"product_tag":[],"class_list":{"0":"post-8431","1":"product","2":"type-product","3":"status-publish","4":"has-post-thumbnail","6":"product_cat-biomedicina-i-zdravstvo","7":"product_cat-strucna-literatura","8":"pa_autor-ilija-gajski","9":"pa_nakladnik-redak","11":"first","12":"instock","13":"shipping-taxable","14":"purchasable","15":"product-type-simple"},"acf":[],"yoast_head":"<!-- This site is optimized with the Yoast SEO plugin v27.3 - https:\/\/yoast.com\/product\/yoast-seo-wordpress\/ -->\n<title>LABIRINTOM \u017dIVOTA NAKON MO\u017dDANOG UDARA, Ilija Gajski - Web-knji\u017eara<\/title>\n<meta name=\"robots\" content=\"index, follow, max-snippet:-1, max-image-preview:large, max-video-preview:-1\" \/>\n<link rel=\"canonical\" href=\"https:\/\/webknjizara.hr\/proizvod\/labirintom-zivota-nakon-mozdanog-udara-ilija-gajski\/\" \/>\n<meta property=\"og:locale\" content=\"en_US\" \/>\n<meta property=\"og:type\" content=\"article\" \/>\n<meta property=\"og:title\" content=\"LABIRINTOM \u017dIVOTA NAKON MO\u017dDANOG UDARA, Ilija Gajski - Web-knji\u017eara\" \/>\n<meta property=\"og:description\" content=\"Sa\u017eetak: Iako je \u017eivot labirint raznolikih prolaza i ulica s nepredvidivo brojnim zanimljivim izlazima, u njemu se kriju i mnoge nepredvi\u0111ene slijepe ulice. \u017divot moje Majde nakon preboljenog mo\u017edanog udara (cerebrovaskularnog inzulta), kao i \u017eivot cijele na\u0161e obitelji po njezinu dolasku s bolni\u010dkog lije\u010denja, postao je zamr\u0161enijim i puno zahtjevnijim labirintom. U knjizi je detaljno [&hellip;]\" \/>\n<meta property=\"og:url\" content=\"https:\/\/webknjizara.hr\/proizvod\/labirintom-zivota-nakon-mozdanog-udara-ilija-gajski\/\" \/>\n<meta property=\"og:site_name\" content=\"Web-knji\u017eara\" \/>\n<meta property=\"article:modified_time\" content=\"2023-02-26T23:17:02+00:00\" \/>\n<meta property=\"og:image\" content=\"https:\/\/webknjizara.hr\/wp-content\/uploads\/nc\/images\/virtuemart\/product\/labirintom-ivo-58b4773bc84f2.jpg\" \/>\n\t<meta property=\"og:image:width\" content=\"565\" \/>\n\t<meta property=\"og:image:height\" content=\"800\" \/>\n\t<meta property=\"og:image:type\" content=\"image\/jpeg\" \/>\n<meta name=\"twitter:card\" content=\"summary_large_image\" \/>\n<meta name=\"twitter:label1\" content=\"Est. reading time\" \/>\n\t<meta name=\"twitter:data1\" content=\"2 minutes\" \/>\n<script type=\"application\/ld+json\" class=\"yoast-schema-graph\">{\"@context\":\"https:\\\/\\\/schema.org\",\"@graph\":[{\"@type\":\"WebPage\",\"@id\":\"https:\\\/\\\/webknjizara.hr\\\/proizvod\\\/labirintom-zivota-nakon-mozdanog-udara-ilija-gajski\\\/\",\"url\":\"https:\\\/\\\/webknjizara.hr\\\/proizvod\\\/labirintom-zivota-nakon-mozdanog-udara-ilija-gajski\\\/\",\"name\":\"LABIRINTOM \u017dIVOTA NAKON MO\u017dDANOG UDARA, Ilija Gajski - Web-knji\u017eara\",\"isPartOf\":{\"@id\":\"https:\\\/\\\/webknjizara.hr\\\/#website\"},\"primaryImageOfPage\":{\"@id\":\"https:\\\/\\\/webknjizara.hr\\\/proizvod\\\/labirintom-zivota-nakon-mozdanog-udara-ilija-gajski\\\/#primaryimage\"},\"image\":{\"@id\":\"https:\\\/\\\/webknjizara.hr\\\/proizvod\\\/labirintom-zivota-nakon-mozdanog-udara-ilija-gajski\\\/#primaryimage\"},\"thumbnailUrl\":\"https:\\\/\\\/webknjizara.hr\\\/wp-content\\\/uploads\\\/nc\\\/images\\\/virtuemart\\\/product\\\/labirintom-ivo-58b4773bc84f2.jpg\",\"datePublished\":\"2017-02-27T19:00:11+00:00\",\"dateModified\":\"2023-02-26T23:17:02+00:00\",\"breadcrumb\":{\"@id\":\"https:\\\/\\\/webknjizara.hr\\\/proizvod\\\/labirintom-zivota-nakon-mozdanog-udara-ilija-gajski\\\/#breadcrumb\"},\"inLanguage\":\"en-US\",\"potentialAction\":[{\"@type\":\"ReadAction\",\"target\":[\"https:\\\/\\\/webknjizara.hr\\\/proizvod\\\/labirintom-zivota-nakon-mozdanog-udara-ilija-gajski\\\/\"]}]},{\"@type\":\"ImageObject\",\"inLanguage\":\"en-US\",\"@id\":\"https:\\\/\\\/webknjizara.hr\\\/proizvod\\\/labirintom-zivota-nakon-mozdanog-udara-ilija-gajski\\\/#primaryimage\",\"url\":\"https:\\\/\\\/webknjizara.hr\\\/wp-content\\\/uploads\\\/nc\\\/images\\\/virtuemart\\\/product\\\/labirintom-ivo-58b4773bc84f2.jpg\",\"contentUrl\":\"https:\\\/\\\/webknjizara.hr\\\/wp-content\\\/uploads\\\/nc\\\/images\\\/virtuemart\\\/product\\\/labirintom-ivo-58b4773bc84f2.jpg\",\"width\":565,\"height\":800,\"caption\":\"LABIRINTOM \u017dIVOTA NAKON MO\u017dDANOG UDARA, Ilija Gajski\"},{\"@type\":\"BreadcrumbList\",\"@id\":\"https:\\\/\\\/webknjizara.hr\\\/proizvod\\\/labirintom-zivota-nakon-mozdanog-udara-ilija-gajski\\\/#breadcrumb\",\"itemListElement\":[{\"@type\":\"ListItem\",\"position\":1,\"name\":\"Po\u010detna stranica\",\"item\":\"https:\\\/\\\/webknjizara.hr\\\/en\\\/\"},{\"@type\":\"ListItem\",\"position\":2,\"name\":\"Shop\",\"item\":\"https:\\\/\\\/webknjizara.hr\\\/shop\\\/\"},{\"@type\":\"ListItem\",\"position\":3,\"name\":\"LABIRINTOM \u017dIVOTA NAKON MO\u017dDANOG UDARA, Ilija Gajski\"}]},{\"@type\":\"WebSite\",\"@id\":\"https:\\\/\\\/webknjizara.hr\\\/#website\",\"url\":\"https:\\\/\\\/webknjizara.hr\\\/\",\"name\":\"Web Knji\u017eara\",\"description\":\"\",\"publisher\":{\"@id\":\"https:\\\/\\\/webknjizara.hr\\\/#organization\"},\"potentialAction\":[{\"@type\":\"SearchAction\",\"target\":{\"@type\":\"EntryPoint\",\"urlTemplate\":\"https:\\\/\\\/webknjizara.hr\\\/?s={search_term_string}\"},\"query-input\":{\"@type\":\"PropertyValueSpecification\",\"valueRequired\":true,\"valueName\":\"search_term_string\"}}],\"inLanguage\":\"en-US\"},{\"@type\":\"Organization\",\"@id\":\"https:\\\/\\\/webknjizara.hr\\\/#organization\",\"name\":\"REDAK D.O.O.\",\"url\":\"https:\\\/\\\/webknjizara.hr\\\/\",\"logo\":{\"@type\":\"ImageObject\",\"inLanguage\":\"en-US\",\"@id\":\"https:\\\/\\\/webknjizara.hr\\\/#\\\/schema\\\/logo\\\/image\\\/\",\"url\":\"https:\\\/\\\/webknjizara.hr\\\/wp-content\\\/uploads\\\/2023\\\/01\\\/web-knjizara-logo.webp\",\"contentUrl\":\"https:\\\/\\\/webknjizara.hr\\\/wp-content\\\/uploads\\\/2023\\\/01\\\/web-knjizara-logo.webp\",\"width\":324,\"height\":79,\"caption\":\"REDAK D.O.O.\"},\"image\":{\"@id\":\"https:\\\/\\\/webknjizara.hr\\\/#\\\/schema\\\/logo\\\/image\\\/\"}}]}<\/script>\n<!-- \/ Yoast SEO plugin. -->","yoast_head_json":{"title":"LABIRINTOM \u017dIVOTA NAKON MO\u017dDANOG UDARA, Ilija Gajski - Web-knji\u017eara","robots":{"index":"index","follow":"follow","max-snippet":"max-snippet:-1","max-image-preview":"max-image-preview:large","max-video-preview":"max-video-preview:-1"},"canonical":"https:\/\/webknjizara.hr\/proizvod\/labirintom-zivota-nakon-mozdanog-udara-ilija-gajski\/","og_locale":"en_US","og_type":"article","og_title":"LABIRINTOM \u017dIVOTA NAKON MO\u017dDANOG UDARA, Ilija Gajski - Web-knji\u017eara","og_description":"Sa\u017eetak: Iako je \u017eivot labirint raznolikih prolaza i ulica s nepredvidivo brojnim zanimljivim izlazima, u njemu se kriju i mnoge nepredvi\u0111ene slijepe ulice. \u017divot moje Majde nakon preboljenog mo\u017edanog udara (cerebrovaskularnog inzulta), kao i \u017eivot cijele na\u0161e obitelji po njezinu dolasku s bolni\u010dkog lije\u010denja, postao je zamr\u0161enijim i puno zahtjevnijim labirintom. U knjizi je detaljno [&hellip;]","og_url":"https:\/\/webknjizara.hr\/proizvod\/labirintom-zivota-nakon-mozdanog-udara-ilija-gajski\/","og_site_name":"Web-knji\u017eara","article_modified_time":"2023-02-26T23:17:02+00:00","og_image":[{"width":565,"height":800,"url":"https:\/\/webknjizara.hr\/wp-content\/uploads\/nc\/images\/virtuemart\/product\/labirintom-ivo-58b4773bc84f2.jpg","type":"image\/jpeg"}],"twitter_card":"summary_large_image","twitter_misc":{"Est. reading time":"2 minutes"},"schema":{"@context":"https:\/\/schema.org","@graph":[{"@type":"WebPage","@id":"https:\/\/webknjizara.hr\/proizvod\/labirintom-zivota-nakon-mozdanog-udara-ilija-gajski\/","url":"https:\/\/webknjizara.hr\/proizvod\/labirintom-zivota-nakon-mozdanog-udara-ilija-gajski\/","name":"LABIRINTOM \u017dIVOTA NAKON MO\u017dDANOG UDARA, Ilija Gajski - Web-knji\u017eara","isPartOf":{"@id":"https:\/\/webknjizara.hr\/#website"},"primaryImageOfPage":{"@id":"https:\/\/webknjizara.hr\/proizvod\/labirintom-zivota-nakon-mozdanog-udara-ilija-gajski\/#primaryimage"},"image":{"@id":"https:\/\/webknjizara.hr\/proizvod\/labirintom-zivota-nakon-mozdanog-udara-ilija-gajski\/#primaryimage"},"thumbnailUrl":"https:\/\/webknjizara.hr\/wp-content\/uploads\/nc\/images\/virtuemart\/product\/labirintom-ivo-58b4773bc84f2.jpg","datePublished":"2017-02-27T19:00:11+00:00","dateModified":"2023-02-26T23:17:02+00:00","breadcrumb":{"@id":"https:\/\/webknjizara.hr\/proizvod\/labirintom-zivota-nakon-mozdanog-udara-ilija-gajski\/#breadcrumb"},"inLanguage":"en-US","potentialAction":[{"@type":"ReadAction","target":["https:\/\/webknjizara.hr\/proizvod\/labirintom-zivota-nakon-mozdanog-udara-ilija-gajski\/"]}]},{"@type":"ImageObject","inLanguage":"en-US","@id":"https:\/\/webknjizara.hr\/proizvod\/labirintom-zivota-nakon-mozdanog-udara-ilija-gajski\/#primaryimage","url":"https:\/\/webknjizara.hr\/wp-content\/uploads\/nc\/images\/virtuemart\/product\/labirintom-ivo-58b4773bc84f2.jpg","contentUrl":"https:\/\/webknjizara.hr\/wp-content\/uploads\/nc\/images\/virtuemart\/product\/labirintom-ivo-58b4773bc84f2.jpg","width":565,"height":800,"caption":"LABIRINTOM \u017dIVOTA NAKON MO\u017dDANOG UDARA, Ilija Gajski"},{"@type":"BreadcrumbList","@id":"https:\/\/webknjizara.hr\/proizvod\/labirintom-zivota-nakon-mozdanog-udara-ilija-gajski\/#breadcrumb","itemListElement":[{"@type":"ListItem","position":1,"name":"Po\u010detna stranica","item":"https:\/\/webknjizara.hr\/en\/"},{"@type":"ListItem","position":2,"name":"Shop","item":"https:\/\/webknjizara.hr\/shop\/"},{"@type":"ListItem","position":3,"name":"LABIRINTOM \u017dIVOTA NAKON MO\u017dDANOG UDARA, Ilija Gajski"}]},{"@type":"WebSite","@id":"https:\/\/webknjizara.hr\/#website","url":"https:\/\/webknjizara.hr\/","name":"Web Knji\u017eara","description":"","publisher":{"@id":"https:\/\/webknjizara.hr\/#organization"},"potentialAction":[{"@type":"SearchAction","target":{"@type":"EntryPoint","urlTemplate":"https:\/\/webknjizara.hr\/?s={search_term_string}"},"query-input":{"@type":"PropertyValueSpecification","valueRequired":true,"valueName":"search_term_string"}}],"inLanguage":"en-US"},{"@type":"Organization","@id":"https:\/\/webknjizara.hr\/#organization","name":"REDAK D.O.O.","url":"https:\/\/webknjizara.hr\/","logo":{"@type":"ImageObject","inLanguage":"en-US","@id":"https:\/\/webknjizara.hr\/#\/schema\/logo\/image\/","url":"https:\/\/webknjizara.hr\/wp-content\/uploads\/2023\/01\/web-knjizara-logo.webp","contentUrl":"https:\/\/webknjizara.hr\/wp-content\/uploads\/2023\/01\/web-knjizara-logo.webp","width":324,"height":79,"caption":"REDAK D.O.O."},"image":{"@id":"https:\/\/webknjizara.hr\/#\/schema\/logo\/image\/"}}]}},"_links":{"self":[{"href":"https:\/\/webknjizara.hr\/en\/wp-json\/wp\/v2\/product\/8431","targetHints":{"allow":["GET"]}}],"collection":[{"href":"https:\/\/webknjizara.hr\/en\/wp-json\/wp\/v2\/product"}],"about":[{"href":"https:\/\/webknjizara.hr\/en\/wp-json\/wp\/v2\/types\/product"}],"replies":[{"embeddable":true,"href":"https:\/\/webknjizara.hr\/en\/wp-json\/wp\/v2\/comments?post=8431"}],"wp:featuredmedia":[{"embeddable":true,"href":"https:\/\/webknjizara.hr\/en\/wp-json\/wp\/v2\/media\/8432"}],"wp:attachment":[{"href":"https:\/\/webknjizara.hr\/en\/wp-json\/wp\/v2\/media?parent=8431"}],"wp:term":[{"taxonomy":"product_brand","embeddable":true,"href":"https:\/\/webknjizara.hr\/en\/wp-json\/wp\/v2\/product_brand?post=8431"},{"taxonomy":"product_cat","embeddable":true,"href":"https:\/\/webknjizara.hr\/en\/wp-json\/wp\/v2\/product_cat?post=8431"},{"taxonomy":"product_tag","embeddable":true,"href":"https:\/\/webknjizara.hr\/en\/wp-json\/wp\/v2\/product_tag?post=8431"}],"curies":[{"name":"wp","href":"https:\/\/api.w.org\/{rel}","templated":true}]}}