{"id":8425,"date":"2017-02-13T19:53:41","date_gmt":"2017-02-13T19:53:41","guid":{"rendered":"https:\/\/webknjizara.hr\/?product=fairway-udzbenik-2016_10-tomislav-skracic"},"modified":"2024-03-01T13:20:48","modified_gmt":"2024-03-01T12:20:48","slug":"fairway-udzbenik-2016-10-tomislav-skracic","status":"publish","type":"product","link":"https:\/\/webknjizara.hr\/en\/proizvod\/fairway-udzbenik-2016-10-tomislav-skracic\/","title":{"rendered":"FAIRWAY ud\u017ebenik 2016_10, Tomislav Skra\u010di\u0107"},"content":{"rendered":"<p style=\"text-align: justify;\"><strong>Sa\u017eetak:\u00a0<\/strong><\/p>\n<p>Foreword<\/p>\n<p>As a Maritime English teacher I noticed there was a need for a topic-based English coursebook that would provide texts and exercises for undergraduate students acquiring competencies related to navigation, nautical tourism, yachts and marina technologies, port management, shipbuilding, shipping companies, shipping and other marine services, fleet and personnel management, environment preservation, and so on.<\/p>\n<p>Participating in international conferences and seminars and discussing this issue with my colleagues and friends from the neighbouring countries, in particular Montenegro and Slovenia, I learned that they too lacked suitable straightforward teaching materials and tools.<\/p>\n<p>The idea for creating this coursebook was encouraged and supported by the University College of Inspection and Personnel Management in Maritime Affairs in Split and the Faculty of Mediterranean Business Studies in Tivat within the Erasmus cooperation between the two institutions.<\/p>\n<p>It is expected that the coursebook will comply not only with the Croatian higher education programs, but also with the Maritime English syllabi designed in Montenegro and Slovenia, the countries that share similar maritime tradition, shipping experience, coastal features, weather patterns and development issues.<\/p>\n<p>My intention is not to teach the students how to become good seamen or businessmen but to improve their language skills, which would make it possible for them to excel in their respective maritime fields. Technical aspects of this coursebook, in this case, mainly serve the purpose of language acquisition.<\/p>\n<p style=\"text-align: justify;\"><strong>Contents<\/strong><br \/>\nUNIT 1 \u2013 Men and vessels<br \/>\nUNIT 2 \u2013 Principal parts of a vessel<br \/>\nUNIT 3 \u2013 Sailing pleasure boats<br \/>\nUNIT 4 \u2013 Power boats<br \/>\nUNIT 5 \u2013 Engines and propulsion<br \/>\nUNIT 6 \u2013 Boatbuilding in Croatia<br \/>\nUNIT 7 \u2013 Traditional boatbuilding<br \/>\nUNIT 8 \u2013 Shipbuilding industry<br \/>\nUNIT 9 \u2013 Restructuring of large shipyards<br \/>\nUNIT 10 \u2013 Merchant ships<br \/>\nUNIT 11 \u2013 Going sailing<br \/>\nUNIT 12 \u2013 Navigation instruments<br \/>\nUNIT 13 \u2013 Charts and aids to navigation<br \/>\nUNIT 14 \u2013 Using compass and charts<br \/>\nUNIT 15 \u2013 Finding our position<br \/>\nUNIT 16 \u2013 Rules of the road<br \/>\nUNIT 17 \u2013 Navigation lights<br \/>\nUNIT 18 \u2013 SOLAS, emergencies and communications<br \/>\nUNIT 19 \u2013 Personal safety<br \/>\nUNIT 20 \u2013 Weather<br \/>\nUNIT 21 \u2013 Anchoring and mooring<br \/>\nUNIT 22 \u2013 Introducing a marina and its surroundings<br \/>\nUNIT 23 \u2013 Portrait of a marina<br \/>\nUNIT 24 \u2013 Nautical tourism \u2013 Croatia&#8217;s competitive product<br \/>\nUNIT 25 \u2013 Marina design trends<br \/>\nUNIT 26 \u2013 Stressors from marina and boating activities<br \/>\nUNIT 27 \u2013 Marine environment conservation<br \/>\nUNIT 28 \u2013 Lastovo \u2013 heading for sustainable development<br \/>\nUNIT 29 \u2013 Split \u2013 a portrait of a port<br \/>\nUNIT 30 \u2013 Port structures and management<br \/>\nUNIT 31 \u2013 Shipping procedure and documentation<br \/>\nUNIT 32 \u2013 Structure of a shipping company<br \/>\nUNIT 33 \u2013 Marine insurance<\/p>\n<p style=\"text-align: justify;\"><strong>Supplements<\/strong><br \/>\nList of abbreviations<br \/>\nGlossary<br \/>\nPractice tests<br \/>\nPractice questions and discussion<\/p>\n<p style=\"text-align: justify;\"><strong>Bilje\u0161ka o autoru:<\/strong><\/p>\n<p><strong>Mr. sc. Tomislav Skra\u010di\u0107<\/strong> je vi\u0161i predava\u010d pomorskog engleskog jezika na Sveu\u010dili\u0161tu u Splitu. Diplomirao je engleski i francuski jezik i knji\u017eevnost na Filozofskom fakultetu u Zadru 1987. godine, a magistarski rad obranio 2005. na Filozofskom fakultetu u Zagrebu. Od 2006. radi na Pomorskom fakultetu u Splitu gdje je 2011. izabran u nastavno zvanje vi\u0161eg predava\u010da. Kao autor ili ko-autor objavio je niz znanstvenih i stru\u010dnih radova kao i ud\u017ebenik engleskog jezika za studente pomorskih fakulteta (Waypoint, Pomorski fakultet Sveu\u010dili\u0161ta u Splitu, 2010), Englesko-hrvatski pomorski rje\u010dnik (Pomorski fakultet u Splitu, 2017), te znanstvenu monografiju (Trubadur i njegov slu\u0161atelj \u2013 Lirika trubadura u uvjetima usmene izvedbe, Matica hrvatska, Dubrovnik, 2013). Zanima ga knji\u017eevnost, pisanje proze, glazba, fotografija, ribolov i jedrenje. O\u017eenjen je i ima tri k\u0107erke.<\/p>\n<p style=\"text-align: justify;\"><strong>Tomislav Skra\u010di\u0107, MA<\/strong>, is a senior lecturer in Maritime English at the University of Split. In 1987 he graduated from Faculty of Arts in Zadar with a BA in English and French language and literature. He earned his master&#8217;s degree in comparative literature from Faculty of Humanities and Social Sciences \u2013 University of Zagreb, in 2005. Since 2006 he has worked at Faculty of Maritime Studies in Split where he was appointed senior lecturer in Maritime English in 2011. He is author or co-author of a number of scientific, professional and conference papers, as well as an English textbook for maritime students (Waypoint, University of Split, July 2010), an English-Croatian Maritime Dictionary (Faculty of Maritime Studies, 2017), and a scientific monograph (Troubadours and their listeners \u2013 Troubadour lyric poems within oral performance context, Matica hrvatska, Dubrovnik, 2013). He is interested in writing fiction, photography, music, sailing and fishing. He is married and has three daughters.<\/p>\n<p style=\"text-align: justify;\"><strong>Klju\u010dne rije\u010di:<\/strong> Fairway, Maritime English, coursebook, glossary, practice tests and questions, ud\u017ebenik, pomorski engleski, glosar, vje\u017ebeLink:<br \/>\n<strong><br \/>\nE-mail:<\/strong> <a href=\"mailto:mskracic2000@yahoo.com\">Tomislav Skra\u010di\u0107<\/a><\/p>\n<p style=\"text-align: justify;\"><strong>Naslov:<\/strong> FAIRWAY ud\u017ebenik 2016_10<br \/>\n<strong>Autor: <\/strong>Tomislav Skra\u010di\u0107<br \/>\n<strong>Broj stranica:<\/strong> 406<br \/>\n<strong>Nakladnik:<\/strong> REDAK<br \/>\n<strong>Godina izdanja:<\/strong> 2016.<br \/>\n<strong>ISBN:<\/strong> 978-953-336-353-0<br \/>\n<strong>Tisak:<\/strong> digitalni tisak knjiga &#8211; print na zahtjev<\/p>\n<hr \/>\n<p style=\"text-align: justify;\"><strong>Kako naru\u010diti knjigu?\u00a0<\/strong>Proces online kupovine jednako funkcionira za sve kupce, s jedinom razlikom u tome \u0161to \u0161to kupci iz inozemstva za podru\u010dje dostave moraju odabrati &#8220;Europa&#8221; ili &#8220;Ostale zemlje svijeta&#8221;, a za vrstu pla\u0107anja WSPay (kreditna kartica) ili Virmanom (bankovni transfer).<\/p>\n<p style=\"text-align: justify;\">Molimo kliknite ovdje za\u00a0<a href=\"hr\/kako-kupovati\" target=\"_blank\" rel=\"noopener\">detaljni vodi\u010d kroz proces narud\u017ebe<\/a>\u00a0ili nas\u00a0<a href=\"hr\/kontakt\" target=\"_blank\" rel=\"noopener\">kontaktirajte<\/a>\u00a0za vi\u0161e informacija.<\/p>\n","protected":false},"excerpt":{"rendered":"<p>Sa\u017eetak:\u00a0 Foreword As a Maritime English teacher I noticed there was a need for a topic-based English coursebook that would provide texts and exercises for undergraduate students acquiring competencies related to navigation, nautical tourism, yachts and marina technologies, port management, shipbuilding, shipping companies, shipping and other marine services, fleet and personnel management, environment preservation, and [&hellip;]<\/p>\n","protected":false},"featured_media":8426,"comment_status":"open","ping_status":"closed","template":"","meta":{"_acf_changed":false},"product_brand":[],"product_cat":[1539],"product_tag":[],"class_list":{"0":"post-8425","1":"product","2":"type-product","3":"status-publish","4":"has-post-thumbnail","6":"product_cat-sveucilisni-udzbenici-i-prirucnici","7":"pa_autor-tomislav-skracic","8":"pa_nakladnik-redak","10":"first","11":"instock","12":"shipping-taxable","13":"purchasable","14":"product-type-simple"},"acf":[],"yoast_head":"<!-- This site is optimized with the Yoast SEO plugin v27.3 - https:\/\/yoast.com\/product\/yoast-seo-wordpress\/ -->\n<title>FAIRWAY ud\u017ebenik 2016_10, Tomislav Skra\u010di\u0107 - Web-knji\u017eara<\/title>\n<meta name=\"robots\" content=\"index, follow, max-snippet:-1, max-image-preview:large, max-video-preview:-1\" \/>\n<link rel=\"canonical\" href=\"https:\/\/webknjizara.hr\/proizvod\/fairway-udzbenik-2016-10-tomislav-skracic\/\" \/>\n<meta property=\"og:locale\" content=\"en_US\" \/>\n<meta property=\"og:type\" content=\"article\" \/>\n<meta property=\"og:title\" content=\"FAIRWAY ud\u017ebenik 2016_10, Tomislav Skra\u010di\u0107 - Web-knji\u017eara\" \/>\n<meta property=\"og:description\" content=\"Sa\u017eetak:\u00a0 Foreword As a Maritime English teacher I noticed there was a need for a topic-based English coursebook that would provide texts and exercises for undergraduate students acquiring competencies related to navigation, nautical tourism, yachts and marina technologies, port management, shipbuilding, shipping companies, shipping and other marine services, fleet and personnel management, environment preservation, and [&hellip;]\" \/>\n<meta property=\"og:url\" content=\"https:\/\/webknjizara.hr\/proizvod\/fairway-udzbenik-2016-10-tomislav-skracic\/\" \/>\n<meta property=\"og:site_name\" content=\"Web-knji\u017eara\" \/>\n<meta property=\"article:modified_time\" content=\"2024-03-01T12:20:48+00:00\" \/>\n<meta property=\"og:image\" content=\"https:\/\/webknjizara.hr\/wp-content\/uploads\/nc\/images\/virtuemart\/product\/fairway-ud-beni-58a20ec507040.jpg\" \/>\n\t<meta property=\"og:image:width\" content=\"573\" \/>\n\t<meta property=\"og:image:height\" content=\"800\" \/>\n\t<meta property=\"og:image:type\" content=\"image\/jpeg\" \/>\n<meta name=\"twitter:card\" content=\"summary_large_image\" \/>\n<meta name=\"twitter:label1\" content=\"Est. reading time\" \/>\n\t<meta name=\"twitter:data1\" content=\"5 minutes\" \/>\n<script type=\"application\/ld+json\" class=\"yoast-schema-graph\">{\"@context\":\"https:\\\/\\\/schema.org\",\"@graph\":[{\"@type\":\"WebPage\",\"@id\":\"https:\\\/\\\/webknjizara.hr\\\/proizvod\\\/fairway-udzbenik-2016-10-tomislav-skracic\\\/\",\"url\":\"https:\\\/\\\/webknjizara.hr\\\/proizvod\\\/fairway-udzbenik-2016-10-tomislav-skracic\\\/\",\"name\":\"FAIRWAY ud\u017ebenik 2016_10, Tomislav Skra\u010di\u0107 - Web-knji\u017eara\",\"isPartOf\":{\"@id\":\"https:\\\/\\\/webknjizara.hr\\\/#website\"},\"primaryImageOfPage\":{\"@id\":\"https:\\\/\\\/webknjizara.hr\\\/proizvod\\\/fairway-udzbenik-2016-10-tomislav-skracic\\\/#primaryimage\"},\"image\":{\"@id\":\"https:\\\/\\\/webknjizara.hr\\\/proizvod\\\/fairway-udzbenik-2016-10-tomislav-skracic\\\/#primaryimage\"},\"thumbnailUrl\":\"https:\\\/\\\/webknjizara.hr\\\/wp-content\\\/uploads\\\/nc\\\/images\\\/virtuemart\\\/product\\\/fairway-ud-beni-58a20ec507040.jpg\",\"datePublished\":\"2017-02-13T19:53:41+00:00\",\"dateModified\":\"2024-03-01T12:20:48+00:00\",\"breadcrumb\":{\"@id\":\"https:\\\/\\\/webknjizara.hr\\\/proizvod\\\/fairway-udzbenik-2016-10-tomislav-skracic\\\/#breadcrumb\"},\"inLanguage\":\"en-US\",\"potentialAction\":[{\"@type\":\"ReadAction\",\"target\":[\"https:\\\/\\\/webknjizara.hr\\\/proizvod\\\/fairway-udzbenik-2016-10-tomislav-skracic\\\/\"]}]},{\"@type\":\"ImageObject\",\"inLanguage\":\"en-US\",\"@id\":\"https:\\\/\\\/webknjizara.hr\\\/proizvod\\\/fairway-udzbenik-2016-10-tomislav-skracic\\\/#primaryimage\",\"url\":\"https:\\\/\\\/webknjizara.hr\\\/wp-content\\\/uploads\\\/nc\\\/images\\\/virtuemart\\\/product\\\/fairway-ud-beni-58a20ec507040.jpg\",\"contentUrl\":\"https:\\\/\\\/webknjizara.hr\\\/wp-content\\\/uploads\\\/nc\\\/images\\\/virtuemart\\\/product\\\/fairway-ud-beni-58a20ec507040.jpg\",\"width\":573,\"height\":800,\"caption\":\"FAIRWAY ud\u017ebenik 2016_10, Tomislav Skra\u010di\u0107\"},{\"@type\":\"BreadcrumbList\",\"@id\":\"https:\\\/\\\/webknjizara.hr\\\/proizvod\\\/fairway-udzbenik-2016-10-tomislav-skracic\\\/#breadcrumb\",\"itemListElement\":[{\"@type\":\"ListItem\",\"position\":1,\"name\":\"Po\u010detna stranica\",\"item\":\"https:\\\/\\\/webknjizara.hr\\\/en\\\/\"},{\"@type\":\"ListItem\",\"position\":2,\"name\":\"Shop\",\"item\":\"https:\\\/\\\/webknjizara.hr\\\/shop\\\/\"},{\"@type\":\"ListItem\",\"position\":3,\"name\":\"FAIRWAY ud\u017ebenik 2016_10, Tomislav Skra\u010di\u0107\"}]},{\"@type\":\"WebSite\",\"@id\":\"https:\\\/\\\/webknjizara.hr\\\/#website\",\"url\":\"https:\\\/\\\/webknjizara.hr\\\/\",\"name\":\"Web Knji\u017eara\",\"description\":\"\",\"publisher\":{\"@id\":\"https:\\\/\\\/webknjizara.hr\\\/#organization\"},\"potentialAction\":[{\"@type\":\"SearchAction\",\"target\":{\"@type\":\"EntryPoint\",\"urlTemplate\":\"https:\\\/\\\/webknjizara.hr\\\/?s={search_term_string}\"},\"query-input\":{\"@type\":\"PropertyValueSpecification\",\"valueRequired\":true,\"valueName\":\"search_term_string\"}}],\"inLanguage\":\"en-US\"},{\"@type\":\"Organization\",\"@id\":\"https:\\\/\\\/webknjizara.hr\\\/#organization\",\"name\":\"REDAK D.O.O.\",\"url\":\"https:\\\/\\\/webknjizara.hr\\\/\",\"logo\":{\"@type\":\"ImageObject\",\"inLanguage\":\"en-US\",\"@id\":\"https:\\\/\\\/webknjizara.hr\\\/#\\\/schema\\\/logo\\\/image\\\/\",\"url\":\"https:\\\/\\\/webknjizara.hr\\\/wp-content\\\/uploads\\\/2023\\\/01\\\/web-knjizara-logo.webp\",\"contentUrl\":\"https:\\\/\\\/webknjizara.hr\\\/wp-content\\\/uploads\\\/2023\\\/01\\\/web-knjizara-logo.webp\",\"width\":324,\"height\":79,\"caption\":\"REDAK D.O.O.\"},\"image\":{\"@id\":\"https:\\\/\\\/webknjizara.hr\\\/#\\\/schema\\\/logo\\\/image\\\/\"}}]}<\/script>\n<!-- \/ Yoast SEO plugin. -->","yoast_head_json":{"title":"FAIRWAY ud\u017ebenik 2016_10, Tomislav Skra\u010di\u0107 - Web-knji\u017eara","robots":{"index":"index","follow":"follow","max-snippet":"max-snippet:-1","max-image-preview":"max-image-preview:large","max-video-preview":"max-video-preview:-1"},"canonical":"https:\/\/webknjizara.hr\/proizvod\/fairway-udzbenik-2016-10-tomislav-skracic\/","og_locale":"en_US","og_type":"article","og_title":"FAIRWAY ud\u017ebenik 2016_10, Tomislav Skra\u010di\u0107 - Web-knji\u017eara","og_description":"Sa\u017eetak:\u00a0 Foreword As a Maritime English teacher I noticed there was a need for a topic-based English coursebook that would provide texts and exercises for undergraduate students acquiring competencies related to navigation, nautical tourism, yachts and marina technologies, port management, shipbuilding, shipping companies, shipping and other marine services, fleet and personnel management, environment preservation, and [&hellip;]","og_url":"https:\/\/webknjizara.hr\/proizvod\/fairway-udzbenik-2016-10-tomislav-skracic\/","og_site_name":"Web-knji\u017eara","article_modified_time":"2024-03-01T12:20:48+00:00","og_image":[{"width":573,"height":800,"url":"https:\/\/webknjizara.hr\/wp-content\/uploads\/nc\/images\/virtuemart\/product\/fairway-ud-beni-58a20ec507040.jpg","type":"image\/jpeg"}],"twitter_card":"summary_large_image","twitter_misc":{"Est. reading time":"5 minutes"},"schema":{"@context":"https:\/\/schema.org","@graph":[{"@type":"WebPage","@id":"https:\/\/webknjizara.hr\/proizvod\/fairway-udzbenik-2016-10-tomislav-skracic\/","url":"https:\/\/webknjizara.hr\/proizvod\/fairway-udzbenik-2016-10-tomislav-skracic\/","name":"FAIRWAY ud\u017ebenik 2016_10, Tomislav Skra\u010di\u0107 - Web-knji\u017eara","isPartOf":{"@id":"https:\/\/webknjizara.hr\/#website"},"primaryImageOfPage":{"@id":"https:\/\/webknjizara.hr\/proizvod\/fairway-udzbenik-2016-10-tomislav-skracic\/#primaryimage"},"image":{"@id":"https:\/\/webknjizara.hr\/proizvod\/fairway-udzbenik-2016-10-tomislav-skracic\/#primaryimage"},"thumbnailUrl":"https:\/\/webknjizara.hr\/wp-content\/uploads\/nc\/images\/virtuemart\/product\/fairway-ud-beni-58a20ec507040.jpg","datePublished":"2017-02-13T19:53:41+00:00","dateModified":"2024-03-01T12:20:48+00:00","breadcrumb":{"@id":"https:\/\/webknjizara.hr\/proizvod\/fairway-udzbenik-2016-10-tomislav-skracic\/#breadcrumb"},"inLanguage":"en-US","potentialAction":[{"@type":"ReadAction","target":["https:\/\/webknjizara.hr\/proizvod\/fairway-udzbenik-2016-10-tomislav-skracic\/"]}]},{"@type":"ImageObject","inLanguage":"en-US","@id":"https:\/\/webknjizara.hr\/proizvod\/fairway-udzbenik-2016-10-tomislav-skracic\/#primaryimage","url":"https:\/\/webknjizara.hr\/wp-content\/uploads\/nc\/images\/virtuemart\/product\/fairway-ud-beni-58a20ec507040.jpg","contentUrl":"https:\/\/webknjizara.hr\/wp-content\/uploads\/nc\/images\/virtuemart\/product\/fairway-ud-beni-58a20ec507040.jpg","width":573,"height":800,"caption":"FAIRWAY ud\u017ebenik 2016_10, Tomislav Skra\u010di\u0107"},{"@type":"BreadcrumbList","@id":"https:\/\/webknjizara.hr\/proizvod\/fairway-udzbenik-2016-10-tomislav-skracic\/#breadcrumb","itemListElement":[{"@type":"ListItem","position":1,"name":"Po\u010detna stranica","item":"https:\/\/webknjizara.hr\/en\/"},{"@type":"ListItem","position":2,"name":"Shop","item":"https:\/\/webknjizara.hr\/shop\/"},{"@type":"ListItem","position":3,"name":"FAIRWAY ud\u017ebenik 2016_10, Tomislav Skra\u010di\u0107"}]},{"@type":"WebSite","@id":"https:\/\/webknjizara.hr\/#website","url":"https:\/\/webknjizara.hr\/","name":"Web Knji\u017eara","description":"","publisher":{"@id":"https:\/\/webknjizara.hr\/#organization"},"potentialAction":[{"@type":"SearchAction","target":{"@type":"EntryPoint","urlTemplate":"https:\/\/webknjizara.hr\/?s={search_term_string}"},"query-input":{"@type":"PropertyValueSpecification","valueRequired":true,"valueName":"search_term_string"}}],"inLanguage":"en-US"},{"@type":"Organization","@id":"https:\/\/webknjizara.hr\/#organization","name":"REDAK D.O.O.","url":"https:\/\/webknjizara.hr\/","logo":{"@type":"ImageObject","inLanguage":"en-US","@id":"https:\/\/webknjizara.hr\/#\/schema\/logo\/image\/","url":"https:\/\/webknjizara.hr\/wp-content\/uploads\/2023\/01\/web-knjizara-logo.webp","contentUrl":"https:\/\/webknjizara.hr\/wp-content\/uploads\/2023\/01\/web-knjizara-logo.webp","width":324,"height":79,"caption":"REDAK D.O.O."},"image":{"@id":"https:\/\/webknjizara.hr\/#\/schema\/logo\/image\/"}}]}},"_links":{"self":[{"href":"https:\/\/webknjizara.hr\/en\/wp-json\/wp\/v2\/product\/8425","targetHints":{"allow":["GET"]}}],"collection":[{"href":"https:\/\/webknjizara.hr\/en\/wp-json\/wp\/v2\/product"}],"about":[{"href":"https:\/\/webknjizara.hr\/en\/wp-json\/wp\/v2\/types\/product"}],"replies":[{"embeddable":true,"href":"https:\/\/webknjizara.hr\/en\/wp-json\/wp\/v2\/comments?post=8425"}],"wp:featuredmedia":[{"embeddable":true,"href":"https:\/\/webknjizara.hr\/en\/wp-json\/wp\/v2\/media\/8426"}],"wp:attachment":[{"href":"https:\/\/webknjizara.hr\/en\/wp-json\/wp\/v2\/media?parent=8425"}],"wp:term":[{"taxonomy":"product_brand","embeddable":true,"href":"https:\/\/webknjizara.hr\/en\/wp-json\/wp\/v2\/product_brand?post=8425"},{"taxonomy":"product_cat","embeddable":true,"href":"https:\/\/webknjizara.hr\/en\/wp-json\/wp\/v2\/product_cat?post=8425"},{"taxonomy":"product_tag","embeddable":true,"href":"https:\/\/webknjizara.hr\/en\/wp-json\/wp\/v2\/product_tag?post=8425"}],"curies":[{"name":"wp","href":"https:\/\/api.w.org\/{rel}","templated":true}]}}