{"id":8421,"date":"2017-02-09T21:26:17","date_gmt":"2017-02-09T21:26:17","guid":{"rendered":"https:\/\/webknjizara.hr\/?product=jezicni-mikrovolti-marijan-palmovic"},"modified":"2023-02-27T00:17:00","modified_gmt":"2023-02-26T23:17:00","slug":"jezicni-mikrovolti-marijan-palmovic","status":"publish","type":"product","link":"https:\/\/webknjizara.hr\/en\/proizvod\/jezicni-mikrovolti-marijan-palmovic\/","title":{"rendered":"JEZI\u010cNI MIKROVOLTI, Marijan Palmovi\u0107"},"content":{"rendered":"<p style=\"text-align: justify;\"><strong>Sa\u017eetak:<\/strong> <\/p>\n<p>\u0160to se doga\u0111a u na\u0161im glavama dok slu\u0161amo re\u010denice vlastita jezika, gledamo televiziju ili razgovaramo s prijateljima? Kako je mogu\u0107e da bez imalo muke, \u010dak i bez obzira na svoju volju, odmah prepoznajemo pojedina\u010dne rije\u010di, da ih povezujemo u neke cjeline i na kraju shvatimo zna\u010denje \u010ditave re\u010denice?<\/p>\n<p style=\"text-align: justify;\">Ova pitanja samo su neka od temeljnih pitanja discipline koja se zove psiholingvistika, a nalazi se negdje na pola puta izme\u0111u psihologije i lingvistike. Sve do nedavno jedini na\u010din da se na to pitanje poku\u0161a izna\u0107i odgovor, bio je\u00a0posredan. Moglo se istra\u017eivati \u0161to se doga\u0111a s jezi\u010dnim razumijevanjem (ili \u0161ire, s jezi\u010dnom obradom), kod osoba koje su, na primjer pretrpjele mo\u017edani udar. Pri tome je istra\u017eivana brzina \u010ditanja svojevrsnih gramati\u010dkih konstrukcija ili se manipuliralo vremenom reakcije u raznim jezi\u010dnim zadatcima. Tek u novije vrijeme razvoj metoda funkcionalnog oslikavanja mozga, omogu\u0107io nam je neposredni uvid u mo\u017edanu aktivnost za vrijeme dok govornik slu\u0161a re\u010denicu.<\/p>\n<p style=\"text-align: justify;\">Tako je ro\u0111ena cijela jedna nova disciplina koju neki zovu neuroznanost jezika ili kognitivna neuroznanost jezika, a koja je ukratko prikazana u ovoj knji\u017eici,<\/p>\n<p style=\"text-align: justify;\"><strong>Iz recenzije:<\/strong> <\/p>\n<p>Autor teksta o\u010digledno pi\u0161e s velikom lako\u0107om i stilom koji lako privu\u010de i one koji se bave tim podru\u010djem i kojima je ono poznato. Cijeli je tekst potkrepljen s nizom primjera, \u010desto vrlo duhovitih, te velikim brojem slika koje nam materiju zorno pribli\u017eavaju.<\/p>\n<p style=\"text-align: justify;\"><strong>Bilje\u0161ka o autoru:<\/strong> <\/p>\n<p>Marijan Palmovi\u0107 je izvanredni profesor Sveu\u010dili\u0161ta u Zagrebu, na Odsjeku za logopediju Edukacijsko rehabilitacijskog fakulteta. Znanstvena istra\u017eivanja obuhva\u0107aju jezi\u010dni razvoj, jezi\u010dnu obradu i kognitivnu neuroznanost. Nositelj je nekoliko sveu\u010dili\u0161nih kolegija iz navedene tematike. Bio je voditelj i suradnik vi\u0161e doma\u0107ih i me\u0111unarodnih znanstvenih projekata i autor ili koautor ve\u0107eg broja znanstvenih radova.<\/p>\n<p style=\"text-align: justify;\"><strong>Klju\u010dne rije\u010di:<\/strong> Jezik, obrada jezika, psiholingvistika, neurlonigvistika kognitivna neuroznanost, potencijali, neuralna arhitektura, pa\u017enja, razumijevanje, vrijeme reakcije, kimograf, funkcionalno oslikavanje mozga, modeli, magnetka rezonancija<\/p>\n<p><strong>Link:<\/strong> <a href=\"http:\/\/www.erf.unizg.hr\/hr\/odsjeci\/ozl\/marijan-palmovic\">http:\/\/www.erf.unizg.hr\/hr\/odsjeci\/ozl\/marijan-palmovic<\/a> <br \/><strong>E-mail:<\/strong> <a href=\"mailto:ured@idd.hr\">Marijan Palmovi\u0107<\/a><\/p>\n<p style=\"text-align: justify;\"><strong>Naslov:<\/strong> Jezi\u010dni mikrovolti<br \/><strong>Autor:<\/strong> Marijan Palmovi\u0107<br \/><strong>Broj stranica:<\/strong> 70<br \/><strong>Nakladnik:<\/strong> Hrvatsko interdisciplinarno dru\u0161tvo<br \/><strong>Godina izdanja:<\/strong> 2016.<br \/><strong>ISBN:<\/strong> 978-953-7568-02-3<br \/><strong>Tisak:<\/strong> digitalni tisak knjiga &#8211; print na zahtjev\u00a0<\/p>\n<hr \/>\n<p style=\"text-align: justify;\"><strong>Kako naru\u010diti knjigu?\u00a0<\/strong>Proces online kupovine jednako funkcionira za sve kupce, s jedinom razlikom u tome \u0161to \u0161to kupci iz inozemstva za podru\u010dje dostave moraju odabrati &#8220;Europa&#8221; ili &#8220;Ostale zemlje svijeta&#8221;, a za vrstu pla\u0107anja WSPay (kreditna kartica) ili Virmanom (bankovni transfer).<\/p>\n<p style=\"text-align: justify;\">Molimo kliknite ovdje za\u00a0<a href=\"hr\/kako-kupovati\" target=\"_blank\" rel=\"noopener noreferrer\">detaljni vodi\u010d kroz proces narud\u017ebe<\/a>\u00a0ili nas\u00a0<a href=\"hr\/kontakt\" target=\"_blank\" rel=\"noopener noreferrer\">kontaktirajte<\/a>\u00a0za vi\u0161e informacija.<\/p>\n","protected":false},"excerpt":{"rendered":"<p>Sa\u017eetak: \u0160to se doga\u0111a u na\u0161im glavama dok slu\u0161amo re\u010denice vlastita jezika, gledamo televiziju ili razgovaramo s prijateljima? Kako je mogu\u0107e da bez imalo muke, \u010dak i bez obzira na svoju volju, odmah prepoznajemo pojedina\u010dne rije\u010di, da ih povezujemo u neke cjeline i na kraju shvatimo zna\u010denje \u010ditave re\u010denice? Ova pitanja samo su neka od [&hellip;]<\/p>\n","protected":false},"featured_media":8422,"comment_status":"open","ping_status":"closed","template":"","meta":{"_acf_changed":false},"product_brand":[],"product_cat":[1489],"product_tag":[],"class_list":{"0":"post-8421","1":"product","2":"type-product","3":"status-publish","4":"has-post-thumbnail","6":"product_cat-publicistika","7":"pa_autor-marijan-palmovic","8":"pa_nakladnik-hrvatsko-interdisciplinarno-drustvo","10":"first","11":"instock","12":"shipping-taxable","13":"purchasable","14":"product-type-simple"},"acf":[],"yoast_head":"<!-- This site is optimized with the Yoast SEO plugin v27.3 - https:\/\/yoast.com\/product\/yoast-seo-wordpress\/ -->\n<title>JEZI\u010cNI MIKROVOLTI, Marijan Palmovi\u0107 - Web-knji\u017eara<\/title>\n<meta name=\"robots\" content=\"index, follow, max-snippet:-1, max-image-preview:large, max-video-preview:-1\" \/>\n<link rel=\"canonical\" href=\"https:\/\/webknjizara.hr\/proizvod\/jezicni-mikrovolti-marijan-palmovic\/\" \/>\n<meta property=\"og:locale\" content=\"en_US\" \/>\n<meta property=\"og:type\" content=\"article\" \/>\n<meta property=\"og:title\" content=\"JEZI\u010cNI MIKROVOLTI, Marijan Palmovi\u0107 - Web-knji\u017eara\" \/>\n<meta property=\"og:description\" content=\"Sa\u017eetak: \u0160to se doga\u0111a u na\u0161im glavama dok slu\u0161amo re\u010denice vlastita jezika, gledamo televiziju ili razgovaramo s prijateljima? Kako je mogu\u0107e da bez imalo muke, \u010dak i bez obzira na svoju volju, odmah prepoznajemo pojedina\u010dne rije\u010di, da ih povezujemo u neke cjeline i na kraju shvatimo zna\u010denje \u010ditave re\u010denice? Ova pitanja samo su neka od [&hellip;]\" \/>\n<meta property=\"og:url\" content=\"https:\/\/webknjizara.hr\/proizvod\/jezicni-mikrovolti-marijan-palmovic\/\" \/>\n<meta property=\"og:site_name\" content=\"Web-knji\u017eara\" \/>\n<meta property=\"article:modified_time\" content=\"2023-02-26T23:17:00+00:00\" \/>\n<meta property=\"og:image\" content=\"https:\/\/webknjizara.hr\/wp-content\/uploads\/nc\/images\/virtuemart\/product\/jezi-ni-mikrovo-589cde795300b.jpg\" \/>\n\t<meta property=\"og:image:width\" content=\"573\" \/>\n\t<meta property=\"og:image:height\" content=\"779\" \/>\n\t<meta property=\"og:image:type\" content=\"image\/jpeg\" \/>\n<meta name=\"twitter:card\" content=\"summary_large_image\" \/>\n<meta name=\"twitter:label1\" content=\"Est. reading time\" \/>\n\t<meta name=\"twitter:data1\" content=\"2 minutes\" \/>\n<script type=\"application\/ld+json\" class=\"yoast-schema-graph\">{\"@context\":\"https:\\\/\\\/schema.org\",\"@graph\":[{\"@type\":\"WebPage\",\"@id\":\"https:\\\/\\\/webknjizara.hr\\\/proizvod\\\/jezicni-mikrovolti-marijan-palmovic\\\/\",\"url\":\"https:\\\/\\\/webknjizara.hr\\\/proizvod\\\/jezicni-mikrovolti-marijan-palmovic\\\/\",\"name\":\"JEZI\u010cNI MIKROVOLTI, Marijan Palmovi\u0107 - Web-knji\u017eara\",\"isPartOf\":{\"@id\":\"https:\\\/\\\/webknjizara.hr\\\/#website\"},\"primaryImageOfPage\":{\"@id\":\"https:\\\/\\\/webknjizara.hr\\\/proizvod\\\/jezicni-mikrovolti-marijan-palmovic\\\/#primaryimage\"},\"image\":{\"@id\":\"https:\\\/\\\/webknjizara.hr\\\/proizvod\\\/jezicni-mikrovolti-marijan-palmovic\\\/#primaryimage\"},\"thumbnailUrl\":\"https:\\\/\\\/webknjizara.hr\\\/wp-content\\\/uploads\\\/nc\\\/images\\\/virtuemart\\\/product\\\/jezi-ni-mikrovo-589cde795300b.jpg\",\"datePublished\":\"2017-02-09T21:26:17+00:00\",\"dateModified\":\"2023-02-26T23:17:00+00:00\",\"breadcrumb\":{\"@id\":\"https:\\\/\\\/webknjizara.hr\\\/proizvod\\\/jezicni-mikrovolti-marijan-palmovic\\\/#breadcrumb\"},\"inLanguage\":\"en-US\",\"potentialAction\":[{\"@type\":\"ReadAction\",\"target\":[\"https:\\\/\\\/webknjizara.hr\\\/proizvod\\\/jezicni-mikrovolti-marijan-palmovic\\\/\"]}]},{\"@type\":\"ImageObject\",\"inLanguage\":\"en-US\",\"@id\":\"https:\\\/\\\/webknjizara.hr\\\/proizvod\\\/jezicni-mikrovolti-marijan-palmovic\\\/#primaryimage\",\"url\":\"https:\\\/\\\/webknjizara.hr\\\/wp-content\\\/uploads\\\/nc\\\/images\\\/virtuemart\\\/product\\\/jezi-ni-mikrovo-589cde795300b.jpg\",\"contentUrl\":\"https:\\\/\\\/webknjizara.hr\\\/wp-content\\\/uploads\\\/nc\\\/images\\\/virtuemart\\\/product\\\/jezi-ni-mikrovo-589cde795300b.jpg\",\"width\":573,\"height\":779,\"caption\":\"JEZI\u010cNI MIKROVOLTI, Marijan Palmovi\u0107\"},{\"@type\":\"BreadcrumbList\",\"@id\":\"https:\\\/\\\/webknjizara.hr\\\/proizvod\\\/jezicni-mikrovolti-marijan-palmovic\\\/#breadcrumb\",\"itemListElement\":[{\"@type\":\"ListItem\",\"position\":1,\"name\":\"Po\u010detna stranica\",\"item\":\"https:\\\/\\\/webknjizara.hr\\\/en\\\/\"},{\"@type\":\"ListItem\",\"position\":2,\"name\":\"Shop\",\"item\":\"https:\\\/\\\/webknjizara.hr\\\/shop\\\/\"},{\"@type\":\"ListItem\",\"position\":3,\"name\":\"JEZI\u010cNI MIKROVOLTI, Marijan Palmovi\u0107\"}]},{\"@type\":\"WebSite\",\"@id\":\"https:\\\/\\\/webknjizara.hr\\\/#website\",\"url\":\"https:\\\/\\\/webknjizara.hr\\\/\",\"name\":\"Web Knji\u017eara\",\"description\":\"\",\"publisher\":{\"@id\":\"https:\\\/\\\/webknjizara.hr\\\/#organization\"},\"potentialAction\":[{\"@type\":\"SearchAction\",\"target\":{\"@type\":\"EntryPoint\",\"urlTemplate\":\"https:\\\/\\\/webknjizara.hr\\\/?s={search_term_string}\"},\"query-input\":{\"@type\":\"PropertyValueSpecification\",\"valueRequired\":true,\"valueName\":\"search_term_string\"}}],\"inLanguage\":\"en-US\"},{\"@type\":\"Organization\",\"@id\":\"https:\\\/\\\/webknjizara.hr\\\/#organization\",\"name\":\"REDAK D.O.O.\",\"url\":\"https:\\\/\\\/webknjizara.hr\\\/\",\"logo\":{\"@type\":\"ImageObject\",\"inLanguage\":\"en-US\",\"@id\":\"https:\\\/\\\/webknjizara.hr\\\/#\\\/schema\\\/logo\\\/image\\\/\",\"url\":\"https:\\\/\\\/webknjizara.hr\\\/wp-content\\\/uploads\\\/2023\\\/01\\\/web-knjizara-logo.webp\",\"contentUrl\":\"https:\\\/\\\/webknjizara.hr\\\/wp-content\\\/uploads\\\/2023\\\/01\\\/web-knjizara-logo.webp\",\"width\":324,\"height\":79,\"caption\":\"REDAK D.O.O.\"},\"image\":{\"@id\":\"https:\\\/\\\/webknjizara.hr\\\/#\\\/schema\\\/logo\\\/image\\\/\"}}]}<\/script>\n<!-- \/ Yoast SEO plugin. -->","yoast_head_json":{"title":"JEZI\u010cNI MIKROVOLTI, Marijan Palmovi\u0107 - Web-knji\u017eara","robots":{"index":"index","follow":"follow","max-snippet":"max-snippet:-1","max-image-preview":"max-image-preview:large","max-video-preview":"max-video-preview:-1"},"canonical":"https:\/\/webknjizara.hr\/proizvod\/jezicni-mikrovolti-marijan-palmovic\/","og_locale":"en_US","og_type":"article","og_title":"JEZI\u010cNI MIKROVOLTI, Marijan Palmovi\u0107 - Web-knji\u017eara","og_description":"Sa\u017eetak: \u0160to se doga\u0111a u na\u0161im glavama dok slu\u0161amo re\u010denice vlastita jezika, gledamo televiziju ili razgovaramo s prijateljima? Kako je mogu\u0107e da bez imalo muke, \u010dak i bez obzira na svoju volju, odmah prepoznajemo pojedina\u010dne rije\u010di, da ih povezujemo u neke cjeline i na kraju shvatimo zna\u010denje \u010ditave re\u010denice? Ova pitanja samo su neka od [&hellip;]","og_url":"https:\/\/webknjizara.hr\/proizvod\/jezicni-mikrovolti-marijan-palmovic\/","og_site_name":"Web-knji\u017eara","article_modified_time":"2023-02-26T23:17:00+00:00","og_image":[{"width":573,"height":779,"url":"https:\/\/webknjizara.hr\/wp-content\/uploads\/nc\/images\/virtuemart\/product\/jezi-ni-mikrovo-589cde795300b.jpg","type":"image\/jpeg"}],"twitter_card":"summary_large_image","twitter_misc":{"Est. reading time":"2 minutes"},"schema":{"@context":"https:\/\/schema.org","@graph":[{"@type":"WebPage","@id":"https:\/\/webknjizara.hr\/proizvod\/jezicni-mikrovolti-marijan-palmovic\/","url":"https:\/\/webknjizara.hr\/proizvod\/jezicni-mikrovolti-marijan-palmovic\/","name":"JEZI\u010cNI MIKROVOLTI, Marijan Palmovi\u0107 - Web-knji\u017eara","isPartOf":{"@id":"https:\/\/webknjizara.hr\/#website"},"primaryImageOfPage":{"@id":"https:\/\/webknjizara.hr\/proizvod\/jezicni-mikrovolti-marijan-palmovic\/#primaryimage"},"image":{"@id":"https:\/\/webknjizara.hr\/proizvod\/jezicni-mikrovolti-marijan-palmovic\/#primaryimage"},"thumbnailUrl":"https:\/\/webknjizara.hr\/wp-content\/uploads\/nc\/images\/virtuemart\/product\/jezi-ni-mikrovo-589cde795300b.jpg","datePublished":"2017-02-09T21:26:17+00:00","dateModified":"2023-02-26T23:17:00+00:00","breadcrumb":{"@id":"https:\/\/webknjizara.hr\/proizvod\/jezicni-mikrovolti-marijan-palmovic\/#breadcrumb"},"inLanguage":"en-US","potentialAction":[{"@type":"ReadAction","target":["https:\/\/webknjizara.hr\/proizvod\/jezicni-mikrovolti-marijan-palmovic\/"]}]},{"@type":"ImageObject","inLanguage":"en-US","@id":"https:\/\/webknjizara.hr\/proizvod\/jezicni-mikrovolti-marijan-palmovic\/#primaryimage","url":"https:\/\/webknjizara.hr\/wp-content\/uploads\/nc\/images\/virtuemart\/product\/jezi-ni-mikrovo-589cde795300b.jpg","contentUrl":"https:\/\/webknjizara.hr\/wp-content\/uploads\/nc\/images\/virtuemart\/product\/jezi-ni-mikrovo-589cde795300b.jpg","width":573,"height":779,"caption":"JEZI\u010cNI MIKROVOLTI, Marijan Palmovi\u0107"},{"@type":"BreadcrumbList","@id":"https:\/\/webknjizara.hr\/proizvod\/jezicni-mikrovolti-marijan-palmovic\/#breadcrumb","itemListElement":[{"@type":"ListItem","position":1,"name":"Po\u010detna stranica","item":"https:\/\/webknjizara.hr\/en\/"},{"@type":"ListItem","position":2,"name":"Shop","item":"https:\/\/webknjizara.hr\/shop\/"},{"@type":"ListItem","position":3,"name":"JEZI\u010cNI MIKROVOLTI, Marijan Palmovi\u0107"}]},{"@type":"WebSite","@id":"https:\/\/webknjizara.hr\/#website","url":"https:\/\/webknjizara.hr\/","name":"Web Knji\u017eara","description":"","publisher":{"@id":"https:\/\/webknjizara.hr\/#organization"},"potentialAction":[{"@type":"SearchAction","target":{"@type":"EntryPoint","urlTemplate":"https:\/\/webknjizara.hr\/?s={search_term_string}"},"query-input":{"@type":"PropertyValueSpecification","valueRequired":true,"valueName":"search_term_string"}}],"inLanguage":"en-US"},{"@type":"Organization","@id":"https:\/\/webknjizara.hr\/#organization","name":"REDAK D.O.O.","url":"https:\/\/webknjizara.hr\/","logo":{"@type":"ImageObject","inLanguage":"en-US","@id":"https:\/\/webknjizara.hr\/#\/schema\/logo\/image\/","url":"https:\/\/webknjizara.hr\/wp-content\/uploads\/2023\/01\/web-knjizara-logo.webp","contentUrl":"https:\/\/webknjizara.hr\/wp-content\/uploads\/2023\/01\/web-knjizara-logo.webp","width":324,"height":79,"caption":"REDAK D.O.O."},"image":{"@id":"https:\/\/webknjizara.hr\/#\/schema\/logo\/image\/"}}]}},"_links":{"self":[{"href":"https:\/\/webknjizara.hr\/en\/wp-json\/wp\/v2\/product\/8421","targetHints":{"allow":["GET"]}}],"collection":[{"href":"https:\/\/webknjizara.hr\/en\/wp-json\/wp\/v2\/product"}],"about":[{"href":"https:\/\/webknjizara.hr\/en\/wp-json\/wp\/v2\/types\/product"}],"replies":[{"embeddable":true,"href":"https:\/\/webknjizara.hr\/en\/wp-json\/wp\/v2\/comments?post=8421"}],"wp:featuredmedia":[{"embeddable":true,"href":"https:\/\/webknjizara.hr\/en\/wp-json\/wp\/v2\/media\/8422"}],"wp:attachment":[{"href":"https:\/\/webknjizara.hr\/en\/wp-json\/wp\/v2\/media?parent=8421"}],"wp:term":[{"taxonomy":"product_brand","embeddable":true,"href":"https:\/\/webknjizara.hr\/en\/wp-json\/wp\/v2\/product_brand?post=8421"},{"taxonomy":"product_cat","embeddable":true,"href":"https:\/\/webknjizara.hr\/en\/wp-json\/wp\/v2\/product_cat?post=8421"},{"taxonomy":"product_tag","embeddable":true,"href":"https:\/\/webknjizara.hr\/en\/wp-json\/wp\/v2\/product_tag?post=8421"}],"curies":[{"name":"wp","href":"https:\/\/api.w.org\/{rel}","templated":true}]}}