{"id":8419,"date":"2017-02-05T21:20:01","date_gmt":"2017-02-05T21:20:01","guid":{"rendered":"https:\/\/webknjizara.hr\/?product=menuet-za-svijet-nikola-turkalj"},"modified":"2024-01-23T17:39:13","modified_gmt":"2024-01-23T16:39:13","slug":"menuet-za-svijet-nikola-turkalj","status":"publish","type":"product","link":"https:\/\/webknjizara.hr\/en\/proizvod\/menuet-za-svijet-nikola-turkalj\/","title":{"rendered":"MENUET ZA SVIJET, Nikola Turkalj"},"content":{"rendered":"<p style=\"text-align: justify;\"><strong>Sa\u017eetak:<\/strong><\/p>\n<p>Ovom zbirkom nas pjesnik vra\u0107a u neki idili\u010dan svijet, svijet djetinjstva, prijateljstva i istinske ljubavi. Dominantni motivi i teme iz svakodnevnice preto\u010deni u pjesni\u010dke slike zaustavljaju na stranicama zbirke pjesnikov do\u017eivljaj svijeta u kojem \u017eivi. Izra\u017eavaju\u0107i svoje najintimnije osje\u0107aje nije podlegao pateti\u010dnoj retorici i sivilu, ve\u0107 i u naizgled te\u0161kim temama iskazuje djetinju nadu i vedrinu.<\/p>\n<p style=\"text-align: justify;\"><strong>Bilje\u0161ka o autoru:<\/strong><\/p>\n<p>Nikola Turkalj (23) ro\u0111en je 6. velja\u010de 1993. godine u Somboru, gradu na samom sjeveru Ba\u010dke u Vojvodini, te je djetinjstvo proveo odrastaju\u0107i u Ba\u010dkom Mono\u0161toru.<\/p>\n<p>Okru\u017eenje tom sredinom ve\u0107 u ranom djetinjstvu ispoljava njegove umjetni\u010dke osobine te zapo\u010dinje graditi , crtati i pisati poeziju. Naravno da ta dijela nisu bila reprezentativna, ali su svakako bila va\u017ena za stjecanje iskustava i njegovo konstantno napredovanje.<\/p>\n<p>Nakon zavr\u0161etka gimnazije upisuje fakultet gra\u0111evinarstva gdje 2014. godine zavr\u0161ava tre\u0107u godinu fakulteta i sti\u010de zvanje bacc.ing.aedif. ( ing.gra\u0111. ). Trenutno je zaposlen u gra\u0111evinskoj tvrtki Radnik d.d. iz Kri\u017eevaca u kojoj radi i danas.<\/p>\n<p style=\"text-align: justify;\"><strong>Klju\u010dne rije\u010di:<\/strong> Poezija, zbirka poezije, Menuet, Svijet, Menuet za svijet, Pjesma, Slike, Ilustracije, Nikola, Nikola Turkalj, Turkalj, impresija, hommage, djelo, Radnik, Kri\u017eevci.<\/p>\n<p style=\"text-align: justify;\"><strong>Naslov:<\/strong> MENUET ZA SVIJET<br \/>\n<strong>Autor:<\/strong> Nikola Turkalj<br \/>\n<strong>Broj stranica:<\/strong> 106<br \/>\n<strong>Nakladnik:<\/strong> REDAK<br \/>\n<strong>Godina izdanja:<\/strong> 2017.<br \/>\n<strong>ISBN:<\/strong> 978-953-336-376-9<br \/>\n<strong>Tisak:<\/strong> digitalni tisak knjiga &#8211; print na zahtjev<\/p>\n<hr \/>\n<p style=\"text-align: justify;\"><strong>Kako naru\u010diti knjigu?\u00a0<\/strong>Proces online kupovine jednako funkcionira za sve kupce, s jedinom razlikom u tome \u0161to \u0161to kupci iz inozemstva za podru\u010dje dostave moraju odabrati &#8220;Europa&#8221; ili &#8220;Ostale zemlje svijeta&#8221;, a za vrstu pla\u0107anja WSPay (kreditna kartica) ili Virmanom (bankovni transfer).<\/p>\n<p style=\"text-align: justify;\">Molimo kliknite ovdje za\u00a0<a href=\"hr\/kako-kupovati\" target=\"_blank\" rel=\"noopener\">detaljni vodi\u010d kroz proces narud\u017ebe<\/a>\u00a0ili nas\u00a0<a href=\"hr\/kontakt\" target=\"_blank\" rel=\"noopener\">kontaktirajte<\/a>\u00a0za vi\u0161e informacija.<\/p>\n","protected":false},"excerpt":{"rendered":"<p>Sa\u017eetak: Ovom zbirkom nas pjesnik vra\u0107a u neki idili\u010dan svijet, svijet djetinjstva, prijateljstva i istinske ljubavi. Dominantni motivi i teme iz svakodnevnice preto\u010deni u pjesni\u010dke slike zaustavljaju na stranicama zbirke pjesnikov do\u017eivljaj svijeta u kojem \u017eivi. Izra\u017eavaju\u0107i svoje najintimnije osje\u0107aje nije podlegao pateti\u010dnoj retorici i sivilu, ve\u0107 i u naizgled te\u0161kim temama iskazuje djetinju nadu [&hellip;]<\/p>\n","protected":false},"featured_media":8420,"comment_status":"open","ping_status":"closed","template":"","meta":{"_acf_changed":false},"product_brand":[],"product_cat":[1383,1385,1388],"product_tag":[],"class_list":{"0":"post-8419","1":"product","2":"type-product","3":"status-publish","4":"has-post-thumbnail","6":"product_cat-knjige","7":"product_cat-knjizevnost","8":"product_cat-poezija","9":"pa_autor-nikola-turkalj","10":"pa_nakladnik-redak","12":"first","13":"instock","14":"shipping-taxable","15":"purchasable","16":"product-type-simple"},"acf":[],"yoast_head":"<!-- This site is optimized with the Yoast SEO plugin v27.3 - https:\/\/yoast.com\/product\/yoast-seo-wordpress\/ -->\n<title>MENUET ZA SVIJET, Nikola Turkalj - Web-knji\u017eara<\/title>\n<meta name=\"robots\" content=\"index, follow, max-snippet:-1, max-image-preview:large, max-video-preview:-1\" \/>\n<link rel=\"canonical\" href=\"https:\/\/webknjizara.hr\/proizvod\/menuet-za-svijet-nikola-turkalj\/\" \/>\n<meta property=\"og:locale\" content=\"en_US\" \/>\n<meta property=\"og:type\" content=\"article\" \/>\n<meta property=\"og:title\" content=\"MENUET ZA SVIJET, Nikola Turkalj - Web-knji\u017eara\" \/>\n<meta property=\"og:description\" content=\"Sa\u017eetak: Ovom zbirkom nas pjesnik vra\u0107a u neki idili\u010dan svijet, svijet djetinjstva, prijateljstva i istinske ljubavi. Dominantni motivi i teme iz svakodnevnice preto\u010deni u pjesni\u010dke slike zaustavljaju na stranicama zbirke pjesnikov do\u017eivljaj svijeta u kojem \u017eivi. Izra\u017eavaju\u0107i svoje najintimnije osje\u0107aje nije podlegao pateti\u010dnoj retorici i sivilu, ve\u0107 i u naizgled te\u0161kim temama iskazuje djetinju nadu [&hellip;]\" \/>\n<meta property=\"og:url\" content=\"https:\/\/webknjizara.hr\/proizvod\/menuet-za-svijet-nikola-turkalj\/\" \/>\n<meta property=\"og:site_name\" content=\"Web-knji\u017eara\" \/>\n<meta property=\"article:modified_time\" content=\"2024-01-23T16:39:13+00:00\" \/>\n<meta property=\"og:image\" content=\"https:\/\/webknjizara.hr\/wp-content\/uploads\/nc\/images\/virtuemart\/product\/menuet-za-svijet-58979720455b9.jpg\" \/>\n\t<meta property=\"og:image:width\" content=\"557\" \/>\n\t<meta property=\"og:image:height\" content=\"800\" \/>\n\t<meta property=\"og:image:type\" content=\"image\/jpeg\" \/>\n<meta name=\"twitter:card\" content=\"summary_large_image\" \/>\n<meta name=\"twitter:label1\" content=\"Est. reading time\" \/>\n\t<meta name=\"twitter:data1\" content=\"2 minutes\" \/>\n<script type=\"application\/ld+json\" class=\"yoast-schema-graph\">{\"@context\":\"https:\\\/\\\/schema.org\",\"@graph\":[{\"@type\":\"WebPage\",\"@id\":\"https:\\\/\\\/webknjizara.hr\\\/proizvod\\\/menuet-za-svijet-nikola-turkalj\\\/\",\"url\":\"https:\\\/\\\/webknjizara.hr\\\/proizvod\\\/menuet-za-svijet-nikola-turkalj\\\/\",\"name\":\"MENUET ZA SVIJET, Nikola Turkalj - Web-knji\u017eara\",\"isPartOf\":{\"@id\":\"https:\\\/\\\/webknjizara.hr\\\/#website\"},\"primaryImageOfPage\":{\"@id\":\"https:\\\/\\\/webknjizara.hr\\\/proizvod\\\/menuet-za-svijet-nikola-turkalj\\\/#primaryimage\"},\"image\":{\"@id\":\"https:\\\/\\\/webknjizara.hr\\\/proizvod\\\/menuet-za-svijet-nikola-turkalj\\\/#primaryimage\"},\"thumbnailUrl\":\"https:\\\/\\\/webknjizara.hr\\\/wp-content\\\/uploads\\\/nc\\\/images\\\/virtuemart\\\/product\\\/menuet-za-svijet-58979720455b9.jpg\",\"datePublished\":\"2017-02-05T21:20:01+00:00\",\"dateModified\":\"2024-01-23T16:39:13+00:00\",\"breadcrumb\":{\"@id\":\"https:\\\/\\\/webknjizara.hr\\\/proizvod\\\/menuet-za-svijet-nikola-turkalj\\\/#breadcrumb\"},\"inLanguage\":\"en-US\",\"potentialAction\":[{\"@type\":\"ReadAction\",\"target\":[\"https:\\\/\\\/webknjizara.hr\\\/proizvod\\\/menuet-za-svijet-nikola-turkalj\\\/\"]}]},{\"@type\":\"ImageObject\",\"inLanguage\":\"en-US\",\"@id\":\"https:\\\/\\\/webknjizara.hr\\\/proizvod\\\/menuet-za-svijet-nikola-turkalj\\\/#primaryimage\",\"url\":\"https:\\\/\\\/webknjizara.hr\\\/wp-content\\\/uploads\\\/nc\\\/images\\\/virtuemart\\\/product\\\/menuet-za-svijet-58979720455b9.jpg\",\"contentUrl\":\"https:\\\/\\\/webknjizara.hr\\\/wp-content\\\/uploads\\\/nc\\\/images\\\/virtuemart\\\/product\\\/menuet-za-svijet-58979720455b9.jpg\",\"width\":557,\"height\":800,\"caption\":\"MENUET ZA SVIJET, Nikola Turkalj\"},{\"@type\":\"BreadcrumbList\",\"@id\":\"https:\\\/\\\/webknjizara.hr\\\/proizvod\\\/menuet-za-svijet-nikola-turkalj\\\/#breadcrumb\",\"itemListElement\":[{\"@type\":\"ListItem\",\"position\":1,\"name\":\"Po\u010detna stranica\",\"item\":\"https:\\\/\\\/webknjizara.hr\\\/en\\\/\"},{\"@type\":\"ListItem\",\"position\":2,\"name\":\"Shop\",\"item\":\"https:\\\/\\\/webknjizara.hr\\\/shop\\\/\"},{\"@type\":\"ListItem\",\"position\":3,\"name\":\"MENUET ZA SVIJET, Nikola Turkalj\"}]},{\"@type\":\"WebSite\",\"@id\":\"https:\\\/\\\/webknjizara.hr\\\/#website\",\"url\":\"https:\\\/\\\/webknjizara.hr\\\/\",\"name\":\"Web Knji\u017eara\",\"description\":\"\",\"publisher\":{\"@id\":\"https:\\\/\\\/webknjizara.hr\\\/#organization\"},\"potentialAction\":[{\"@type\":\"SearchAction\",\"target\":{\"@type\":\"EntryPoint\",\"urlTemplate\":\"https:\\\/\\\/webknjizara.hr\\\/?s={search_term_string}\"},\"query-input\":{\"@type\":\"PropertyValueSpecification\",\"valueRequired\":true,\"valueName\":\"search_term_string\"}}],\"inLanguage\":\"en-US\"},{\"@type\":\"Organization\",\"@id\":\"https:\\\/\\\/webknjizara.hr\\\/#organization\",\"name\":\"REDAK D.O.O.\",\"url\":\"https:\\\/\\\/webknjizara.hr\\\/\",\"logo\":{\"@type\":\"ImageObject\",\"inLanguage\":\"en-US\",\"@id\":\"https:\\\/\\\/webknjizara.hr\\\/#\\\/schema\\\/logo\\\/image\\\/\",\"url\":\"https:\\\/\\\/webknjizara.hr\\\/wp-content\\\/uploads\\\/2023\\\/01\\\/web-knjizara-logo.webp\",\"contentUrl\":\"https:\\\/\\\/webknjizara.hr\\\/wp-content\\\/uploads\\\/2023\\\/01\\\/web-knjizara-logo.webp\",\"width\":324,\"height\":79,\"caption\":\"REDAK D.O.O.\"},\"image\":{\"@id\":\"https:\\\/\\\/webknjizara.hr\\\/#\\\/schema\\\/logo\\\/image\\\/\"}}]}<\/script>\n<!-- \/ Yoast SEO plugin. -->","yoast_head_json":{"title":"MENUET ZA SVIJET, Nikola Turkalj - Web-knji\u017eara","robots":{"index":"index","follow":"follow","max-snippet":"max-snippet:-1","max-image-preview":"max-image-preview:large","max-video-preview":"max-video-preview:-1"},"canonical":"https:\/\/webknjizara.hr\/proizvod\/menuet-za-svijet-nikola-turkalj\/","og_locale":"en_US","og_type":"article","og_title":"MENUET ZA SVIJET, Nikola Turkalj - Web-knji\u017eara","og_description":"Sa\u017eetak: Ovom zbirkom nas pjesnik vra\u0107a u neki idili\u010dan svijet, svijet djetinjstva, prijateljstva i istinske ljubavi. Dominantni motivi i teme iz svakodnevnice preto\u010deni u pjesni\u010dke slike zaustavljaju na stranicama zbirke pjesnikov do\u017eivljaj svijeta u kojem \u017eivi. Izra\u017eavaju\u0107i svoje najintimnije osje\u0107aje nije podlegao pateti\u010dnoj retorici i sivilu, ve\u0107 i u naizgled te\u0161kim temama iskazuje djetinju nadu [&hellip;]","og_url":"https:\/\/webknjizara.hr\/proizvod\/menuet-za-svijet-nikola-turkalj\/","og_site_name":"Web-knji\u017eara","article_modified_time":"2024-01-23T16:39:13+00:00","og_image":[{"width":557,"height":800,"url":"https:\/\/webknjizara.hr\/wp-content\/uploads\/nc\/images\/virtuemart\/product\/menuet-za-svijet-58979720455b9.jpg","type":"image\/jpeg"}],"twitter_card":"summary_large_image","twitter_misc":{"Est. reading time":"2 minutes"},"schema":{"@context":"https:\/\/schema.org","@graph":[{"@type":"WebPage","@id":"https:\/\/webknjizara.hr\/proizvod\/menuet-za-svijet-nikola-turkalj\/","url":"https:\/\/webknjizara.hr\/proizvod\/menuet-za-svijet-nikola-turkalj\/","name":"MENUET ZA SVIJET, Nikola Turkalj - Web-knji\u017eara","isPartOf":{"@id":"https:\/\/webknjizara.hr\/#website"},"primaryImageOfPage":{"@id":"https:\/\/webknjizara.hr\/proizvod\/menuet-za-svijet-nikola-turkalj\/#primaryimage"},"image":{"@id":"https:\/\/webknjizara.hr\/proizvod\/menuet-za-svijet-nikola-turkalj\/#primaryimage"},"thumbnailUrl":"https:\/\/webknjizara.hr\/wp-content\/uploads\/nc\/images\/virtuemart\/product\/menuet-za-svijet-58979720455b9.jpg","datePublished":"2017-02-05T21:20:01+00:00","dateModified":"2024-01-23T16:39:13+00:00","breadcrumb":{"@id":"https:\/\/webknjizara.hr\/proizvod\/menuet-za-svijet-nikola-turkalj\/#breadcrumb"},"inLanguage":"en-US","potentialAction":[{"@type":"ReadAction","target":["https:\/\/webknjizara.hr\/proizvod\/menuet-za-svijet-nikola-turkalj\/"]}]},{"@type":"ImageObject","inLanguage":"en-US","@id":"https:\/\/webknjizara.hr\/proizvod\/menuet-za-svijet-nikola-turkalj\/#primaryimage","url":"https:\/\/webknjizara.hr\/wp-content\/uploads\/nc\/images\/virtuemart\/product\/menuet-za-svijet-58979720455b9.jpg","contentUrl":"https:\/\/webknjizara.hr\/wp-content\/uploads\/nc\/images\/virtuemart\/product\/menuet-za-svijet-58979720455b9.jpg","width":557,"height":800,"caption":"MENUET ZA SVIJET, Nikola Turkalj"},{"@type":"BreadcrumbList","@id":"https:\/\/webknjizara.hr\/proizvod\/menuet-za-svijet-nikola-turkalj\/#breadcrumb","itemListElement":[{"@type":"ListItem","position":1,"name":"Po\u010detna stranica","item":"https:\/\/webknjizara.hr\/en\/"},{"@type":"ListItem","position":2,"name":"Shop","item":"https:\/\/webknjizara.hr\/shop\/"},{"@type":"ListItem","position":3,"name":"MENUET ZA SVIJET, Nikola Turkalj"}]},{"@type":"WebSite","@id":"https:\/\/webknjizara.hr\/#website","url":"https:\/\/webknjizara.hr\/","name":"Web Knji\u017eara","description":"","publisher":{"@id":"https:\/\/webknjizara.hr\/#organization"},"potentialAction":[{"@type":"SearchAction","target":{"@type":"EntryPoint","urlTemplate":"https:\/\/webknjizara.hr\/?s={search_term_string}"},"query-input":{"@type":"PropertyValueSpecification","valueRequired":true,"valueName":"search_term_string"}}],"inLanguage":"en-US"},{"@type":"Organization","@id":"https:\/\/webknjizara.hr\/#organization","name":"REDAK D.O.O.","url":"https:\/\/webknjizara.hr\/","logo":{"@type":"ImageObject","inLanguage":"en-US","@id":"https:\/\/webknjizara.hr\/#\/schema\/logo\/image\/","url":"https:\/\/webknjizara.hr\/wp-content\/uploads\/2023\/01\/web-knjizara-logo.webp","contentUrl":"https:\/\/webknjizara.hr\/wp-content\/uploads\/2023\/01\/web-knjizara-logo.webp","width":324,"height":79,"caption":"REDAK D.O.O."},"image":{"@id":"https:\/\/webknjizara.hr\/#\/schema\/logo\/image\/"}}]}},"_links":{"self":[{"href":"https:\/\/webknjizara.hr\/en\/wp-json\/wp\/v2\/product\/8419","targetHints":{"allow":["GET"]}}],"collection":[{"href":"https:\/\/webknjizara.hr\/en\/wp-json\/wp\/v2\/product"}],"about":[{"href":"https:\/\/webknjizara.hr\/en\/wp-json\/wp\/v2\/types\/product"}],"replies":[{"embeddable":true,"href":"https:\/\/webknjizara.hr\/en\/wp-json\/wp\/v2\/comments?post=8419"}],"wp:featuredmedia":[{"embeddable":true,"href":"https:\/\/webknjizara.hr\/en\/wp-json\/wp\/v2\/media\/8420"}],"wp:attachment":[{"href":"https:\/\/webknjizara.hr\/en\/wp-json\/wp\/v2\/media?parent=8419"}],"wp:term":[{"taxonomy":"product_brand","embeddable":true,"href":"https:\/\/webknjizara.hr\/en\/wp-json\/wp\/v2\/product_brand?post=8419"},{"taxonomy":"product_cat","embeddable":true,"href":"https:\/\/webknjizara.hr\/en\/wp-json\/wp\/v2\/product_cat?post=8419"},{"taxonomy":"product_tag","embeddable":true,"href":"https:\/\/webknjizara.hr\/en\/wp-json\/wp\/v2\/product_tag?post=8419"}],"curies":[{"name":"wp","href":"https:\/\/api.w.org\/{rel}","templated":true}]}}