{"id":8413,"date":"2017-01-28T08:26:43","date_gmt":"2017-01-28T08:26:43","guid":{"rendered":"https:\/\/webknjizara.hr\/?product=matematicki-album-zbirka-zadataka-otvorenog-tipa-b-gotovac"},"modified":"2023-02-27T00:17:00","modified_gmt":"2023-02-26T23:17:00","slug":"matematicki-album-zbirka-zadataka-otvorenog-tipa-b-gotovac","status":"publish","type":"product","link":"https:\/\/webknjizara.hr\/en\/proizvod\/matematicki-album-zbirka-zadataka-otvorenog-tipa-b-gotovac\/","title":{"rendered":"MATEMATI\u010cKI ALBUM-ZBIRKA ZADATAKA OTVORENOG TIPA, B. Gotovac"},"content":{"rendered":"<p style=\"text-align: justify;\"><strong>Sa\u017eetak:<\/strong> <\/p>\n<p>Zbirka zadataka Matemati\u010dki album proiza\u0161la je iz uradaka studenata Kemijsko-tehnolo\u0161kog fakulteta u Splitu nastalih u okviru dvaju sukcesivnih projekata. Matemati\u010dki album nije klasi\u010dna zbirka zadataka iz matematike. Zbirka je koncipirana tako da \u010ditatelj mo\u017ee sudjelovati i u oba projekta virtualno.<\/p>\n<p>Priroda Matemati\u010dkog albuma otvara brojne mogu\u0107nosti za njegov daljnji razvoj i oplemenjivanje.<\/p>\n<p style=\"text-align: justify;\"><strong>Osvrti i recenzije:<\/strong><\/p>\n<p style=\"text-align: justify;\">Matemati\u010dki album, vrlo je neobi\u010dna i zanimljiva zbirka zadataka. Za ovaj se album ne mo\u017ee re\u0107i, evo jo\u0161 jedne zbirke a ima ih tako mnogo, je li uop\u0107e bila potrebna. Da, potrebna je, jer zbirki poput ove doista nema, za sada je ova jedinstvena. Ali sigurna sam da ne\u0107e tako ostati ve\u0107 da \u0107e biti poticaj i autorici, ali i drugim matemati\u010darima da kreiraju matemati\u010dke zadatke na nov na\u010din.<\/p>\n<p>Ova zbirka je, moglo bi se re\u0107i pionirski poku\u0161aj mijenjanja paradigme o matematici.<\/p>\n<p><strong>&#8211; Izv. prof. dr. sc. Mirjana Nazor<\/strong><\/p>\n<p style=\"text-align: justify;\">Potvrdio bih da prilo\u017eeni materijal u potpunosti zadovoljava pedago\u0161ke i didakti\u010dke standarde suvremene znanosti u odgojno-obrazovnom procesu. <\/p>\n<p>\u0160to su studenti postigli matemati\u010dkim zadacima koje su osmislili?<\/p>\n<p>Najkra\u0107e re\u010deno ilustrirali su metodiku matemati\u010dkog modeliranja i simulacija. Iz svega prezentiranog u djelima pokazan je interdisciplinarni pristup u nastavnom procesu. Interdisciplinarnost u znanosti je imperativ sada\u0161njeg trenutka.<\/p>\n<p><strong>&#8211; Prof. dr. sc. Davor Ru\u0161i\u0107<\/strong><\/p>\n<p style=\"text-align: justify;\">Djelo<em> \u201eMatemati\u010dki album-zbirka zadataka otvorenog tipa\u201c<\/em> predstavlja zna\u010dajan doprinos promi\u0161ljanju didaktike matematike. <\/p>\n<p>Smatram da je ovo djelo vrlo inspirativno i poti\u010de na kreativnost studente, ali i nastavnike matematike, predmeta koji se \u010desto do\u017eivljava vrlo suhoparnim. Kada bi se matematika u nastavi povezivala vi\u0161e sa svakodnevnim \u017eivotom i objektima koji nas okru\u017euju, sigurno bi ona bila puno interesantnija u\u010denicima i studentima.<\/p>\n<p><strong>&#8211; Prof. dr. sc. Franjo Sokoli\u0107<\/strong><\/p>\n<p style=\"text-align: justify;\">Ova je zbirka dobar po\u010detak u promicanju druga\u010dijeg pogleda na matematiku i nastavu matematike i kao takva je neizostavan nastavni materijal za svakog kreativnog nastavnika koji \u017eeli svoje u\u010denike\/studente potaknuti na razmi\u0161ljanje, stvaranje i kreativno izra\u017eavanje.<\/p>\n<p>Upute za kori\u0161tenje <em>Matemati\u010dkog albuma<\/em> su dobro osmi\u0161ljene i napisane, pa je zbirka interaktivnog karaktera i time druga\u010dija od svega \u0161to postoji na tr\u017ei\u0161tu. Vrijednost Matemati\u010dkog albuma je utoliko ve\u0107a kada znamo da su u njega svoje vrijeme i trud ulo\u017eili studenti kojima matematika nije prioritet, a od kojih su mnogi kroz rad na ovim projektima promijenili stav prema matematici.<\/p>\n<p><strong>&#8211; \u017deljka Zori\u0107, pred.<\/strong><\/p>\n<p><strong>Bilje\u0161ka o autorici:<\/strong> <\/p>\n<p>Branka Gotovac diplomirala je i magistrirala na Prirodoslovno-matemati\u010dkom fakultetu u Splitu. Zaposlena je na Kemijsko-tehnolo\u0161kom fakultetu u Splitu kao vi\u0161i predava\u010d na Katedri za matematiku. Radila je u nekoliko gimnazija i na Veleu\u010dili\u0161tu u Splitu, te u splitskom \u017denskom \u0111a\u010dkom domu. <br \/>Istra\u017eiva\u010dke interese i profesionalno djelovanje usmjerila je ka unaprje\u0111enju nastavnog rada na obrazovnoj vertikali. \u010clanica je strukovnih udruga.<\/p>\n<p style=\"text-align: justify;\"><strong>Klju\u010dne rije\u010di:<\/strong> aktivno u\u010denje i pou\u010davanje, nastava matematike, stavovi prema matematici, zadaci otvorenog tipa<\/p>\n<p><strong>E-mail:<\/strong> <a href=\"mailto:gotovac@ktf-split.hr\">Branka Gotovac<\/a><\/p>\n<p style=\"text-align: justify;\"><strong>Naslov:<\/strong> Matemati\u010dki album-zbirka zadataka otvorenog tipa<br \/><strong>Autorica:<\/strong> Branka Gotovac<br \/><strong>Broj stranica:<\/strong> 130<br \/><strong>Nakladnik:<\/strong> Redak<br \/><strong>Godina izdanja:<\/strong> 2016.<br \/><strong>ISBN:<\/strong> 978-953-336-374-5<br \/><strong>Tisak:<\/strong> digitalni tisak knjiga &#8211; print na zahtjev\u00a0<\/p>\n<hr \/>\n<p style=\"text-align: justify;\"><strong>Kako naru\u010diti knjigu?\u00a0<\/strong>Proces online kupovine jednako funkcionira za sve kupce, s jedinom razlikom u tome \u0161to \u0161to kupci iz inozemstva za podru\u010dje dostave moraju odabrati &#8220;Europa&#8221; ili &#8220;Ostale zemlje svijeta&#8221;, a za vrstu pla\u0107anja WSPay (kreditna kartica) ili Virmanom (bankovni transfer).<\/p>\n<p style=\"text-align: justify;\">Molimo kliknite ovdje za\u00a0<a href=\"hr\/kako-kupovati\" target=\"_blank\" rel=\"noopener\">detaljni vodi\u010d kroz proces narud\u017ebe<\/a>\u00a0ili nas\u00a0<a href=\"hr\/kontakt\" target=\"_blank\" rel=\"noopener\">kontaktirajte<\/a>\u00a0za vi\u0161e informacija.<\/p>\n","protected":false},"excerpt":{"rendered":"<p>Sa\u017eetak: Zbirka zadataka Matemati\u010dki album proiza\u0161la je iz uradaka studenata Kemijsko-tehnolo\u0161kog fakulteta u Splitu nastalih u okviru dvaju sukcesivnih projekata. Matemati\u010dki album nije klasi\u010dna zbirka zadataka iz matematike. Zbirka je koncipirana tako da \u010ditatelj mo\u017ee sudjelovati i u oba projekta virtualno. Priroda Matemati\u010dkog albuma otvara brojne mogu\u0107nosti za njegov daljnji razvoj i oplemenjivanje. Osvrti i [&hellip;]<\/p>\n","protected":false},"featured_media":8414,"comment_status":"open","ping_status":"closed","template":"","meta":{"_acf_changed":false},"product_brand":[],"product_cat":[1539],"product_tag":[],"class_list":{"0":"post-8413","1":"product","2":"type-product","3":"status-publish","4":"has-post-thumbnail","6":"product_cat-sveucilisni-udzbenici-i-prirucnici","7":"pa_nakladnik-redak","9":"first","10":"instock","11":"shipping-taxable","12":"purchasable","13":"product-type-simple"},"acf":[],"yoast_head":"<!-- This site is optimized with the Yoast SEO plugin v27.3 - https:\/\/yoast.com\/product\/yoast-seo-wordpress\/ -->\n<title>MATEMATI\u010cKI ALBUM-ZBIRKA ZADATAKA OTVORENOG TIPA, B. Gotovac - Web-knji\u017eara<\/title>\n<meta name=\"robots\" content=\"index, follow, max-snippet:-1, max-image-preview:large, max-video-preview:-1\" \/>\n<link rel=\"canonical\" href=\"https:\/\/webknjizara.hr\/proizvod\/matematicki-album-zbirka-zadataka-otvorenog-tipa-b-gotovac\/\" \/>\n<meta property=\"og:locale\" content=\"en_US\" \/>\n<meta property=\"og:type\" content=\"article\" \/>\n<meta property=\"og:title\" content=\"MATEMATI\u010cKI ALBUM-ZBIRKA ZADATAKA OTVORENOG TIPA, B. Gotovac - Web-knji\u017eara\" \/>\n<meta property=\"og:description\" content=\"Sa\u017eetak: Zbirka zadataka Matemati\u010dki album proiza\u0161la je iz uradaka studenata Kemijsko-tehnolo\u0161kog fakulteta u Splitu nastalih u okviru dvaju sukcesivnih projekata. Matemati\u010dki album nije klasi\u010dna zbirka zadataka iz matematike. Zbirka je koncipirana tako da \u010ditatelj mo\u017ee sudjelovati i u oba projekta virtualno. Priroda Matemati\u010dkog albuma otvara brojne mogu\u0107nosti za njegov daljnji razvoj i oplemenjivanje. Osvrti i [&hellip;]\" \/>\n<meta property=\"og:url\" content=\"https:\/\/webknjizara.hr\/proizvod\/matematicki-album-zbirka-zadataka-otvorenog-tipa-b-gotovac\/\" \/>\n<meta property=\"og:site_name\" content=\"Web-knji\u017eara\" \/>\n<meta property=\"article:modified_time\" content=\"2023-02-26T23:17:00+00:00\" \/>\n<meta property=\"og:image\" content=\"https:\/\/webknjizara.hr\/wp-content\/uploads\/nc\/images\/virtuemart\/product\/matemati-ki-alb-588c55c3bcd51.jpg\" \/>\n\t<meta property=\"og:image:width\" content=\"573\" \/>\n\t<meta property=\"og:image:height\" content=\"800\" \/>\n\t<meta property=\"og:image:type\" content=\"image\/jpeg\" \/>\n<meta name=\"twitter:card\" content=\"summary_large_image\" \/>\n<meta name=\"twitter:label1\" content=\"Est. reading time\" \/>\n\t<meta name=\"twitter:data1\" content=\"3 minutes\" \/>\n<script type=\"application\/ld+json\" class=\"yoast-schema-graph\">{\"@context\":\"https:\\\/\\\/schema.org\",\"@graph\":[{\"@type\":\"WebPage\",\"@id\":\"https:\\\/\\\/webknjizara.hr\\\/proizvod\\\/matematicki-album-zbirka-zadataka-otvorenog-tipa-b-gotovac\\\/\",\"url\":\"https:\\\/\\\/webknjizara.hr\\\/proizvod\\\/matematicki-album-zbirka-zadataka-otvorenog-tipa-b-gotovac\\\/\",\"name\":\"MATEMATI\u010cKI ALBUM-ZBIRKA ZADATAKA OTVORENOG TIPA, B. Gotovac - Web-knji\u017eara\",\"isPartOf\":{\"@id\":\"https:\\\/\\\/webknjizara.hr\\\/#website\"},\"primaryImageOfPage\":{\"@id\":\"https:\\\/\\\/webknjizara.hr\\\/proizvod\\\/matematicki-album-zbirka-zadataka-otvorenog-tipa-b-gotovac\\\/#primaryimage\"},\"image\":{\"@id\":\"https:\\\/\\\/webknjizara.hr\\\/proizvod\\\/matematicki-album-zbirka-zadataka-otvorenog-tipa-b-gotovac\\\/#primaryimage\"},\"thumbnailUrl\":\"https:\\\/\\\/webknjizara.hr\\\/wp-content\\\/uploads\\\/nc\\\/images\\\/virtuemart\\\/product\\\/matemati-ki-alb-588c55c3bcd51.jpg\",\"datePublished\":\"2017-01-28T08:26:43+00:00\",\"dateModified\":\"2023-02-26T23:17:00+00:00\",\"breadcrumb\":{\"@id\":\"https:\\\/\\\/webknjizara.hr\\\/proizvod\\\/matematicki-album-zbirka-zadataka-otvorenog-tipa-b-gotovac\\\/#breadcrumb\"},\"inLanguage\":\"en-US\",\"potentialAction\":[{\"@type\":\"ReadAction\",\"target\":[\"https:\\\/\\\/webknjizara.hr\\\/proizvod\\\/matematicki-album-zbirka-zadataka-otvorenog-tipa-b-gotovac\\\/\"]}]},{\"@type\":\"ImageObject\",\"inLanguage\":\"en-US\",\"@id\":\"https:\\\/\\\/webknjizara.hr\\\/proizvod\\\/matematicki-album-zbirka-zadataka-otvorenog-tipa-b-gotovac\\\/#primaryimage\",\"url\":\"https:\\\/\\\/webknjizara.hr\\\/wp-content\\\/uploads\\\/nc\\\/images\\\/virtuemart\\\/product\\\/matemati-ki-alb-588c55c3bcd51.jpg\",\"contentUrl\":\"https:\\\/\\\/webknjizara.hr\\\/wp-content\\\/uploads\\\/nc\\\/images\\\/virtuemart\\\/product\\\/matemati-ki-alb-588c55c3bcd51.jpg\",\"width\":573,\"height\":800,\"caption\":\"MATEMATI\u010cKI ALBUM-ZBIRKA ZADATAKA OTVORENOG TIPA, B. Gotovac\"},{\"@type\":\"BreadcrumbList\",\"@id\":\"https:\\\/\\\/webknjizara.hr\\\/proizvod\\\/matematicki-album-zbirka-zadataka-otvorenog-tipa-b-gotovac\\\/#breadcrumb\",\"itemListElement\":[{\"@type\":\"ListItem\",\"position\":1,\"name\":\"Po\u010detna stranica\",\"item\":\"https:\\\/\\\/webknjizara.hr\\\/en\\\/\"},{\"@type\":\"ListItem\",\"position\":2,\"name\":\"Shop\",\"item\":\"https:\\\/\\\/webknjizara.hr\\\/shop\\\/\"},{\"@type\":\"ListItem\",\"position\":3,\"name\":\"MATEMATI\u010cKI ALBUM-ZBIRKA ZADATAKA OTVORENOG TIPA, B. Gotovac\"}]},{\"@type\":\"WebSite\",\"@id\":\"https:\\\/\\\/webknjizara.hr\\\/#website\",\"url\":\"https:\\\/\\\/webknjizara.hr\\\/\",\"name\":\"Web Knji\u017eara\",\"description\":\"\",\"publisher\":{\"@id\":\"https:\\\/\\\/webknjizara.hr\\\/#organization\"},\"potentialAction\":[{\"@type\":\"SearchAction\",\"target\":{\"@type\":\"EntryPoint\",\"urlTemplate\":\"https:\\\/\\\/webknjizara.hr\\\/?s={search_term_string}\"},\"query-input\":{\"@type\":\"PropertyValueSpecification\",\"valueRequired\":true,\"valueName\":\"search_term_string\"}}],\"inLanguage\":\"en-US\"},{\"@type\":\"Organization\",\"@id\":\"https:\\\/\\\/webknjizara.hr\\\/#organization\",\"name\":\"REDAK D.O.O.\",\"url\":\"https:\\\/\\\/webknjizara.hr\\\/\",\"logo\":{\"@type\":\"ImageObject\",\"inLanguage\":\"en-US\",\"@id\":\"https:\\\/\\\/webknjizara.hr\\\/#\\\/schema\\\/logo\\\/image\\\/\",\"url\":\"https:\\\/\\\/webknjizara.hr\\\/wp-content\\\/uploads\\\/2023\\\/01\\\/web-knjizara-logo.webp\",\"contentUrl\":\"https:\\\/\\\/webknjizara.hr\\\/wp-content\\\/uploads\\\/2023\\\/01\\\/web-knjizara-logo.webp\",\"width\":324,\"height\":79,\"caption\":\"REDAK D.O.O.\"},\"image\":{\"@id\":\"https:\\\/\\\/webknjizara.hr\\\/#\\\/schema\\\/logo\\\/image\\\/\"}}]}<\/script>\n<!-- \/ Yoast SEO plugin. -->","yoast_head_json":{"title":"MATEMATI\u010cKI ALBUM-ZBIRKA ZADATAKA OTVORENOG TIPA, B. Gotovac - Web-knji\u017eara","robots":{"index":"index","follow":"follow","max-snippet":"max-snippet:-1","max-image-preview":"max-image-preview:large","max-video-preview":"max-video-preview:-1"},"canonical":"https:\/\/webknjizara.hr\/proizvod\/matematicki-album-zbirka-zadataka-otvorenog-tipa-b-gotovac\/","og_locale":"en_US","og_type":"article","og_title":"MATEMATI\u010cKI ALBUM-ZBIRKA ZADATAKA OTVORENOG TIPA, B. Gotovac - Web-knji\u017eara","og_description":"Sa\u017eetak: Zbirka zadataka Matemati\u010dki album proiza\u0161la je iz uradaka studenata Kemijsko-tehnolo\u0161kog fakulteta u Splitu nastalih u okviru dvaju sukcesivnih projekata. Matemati\u010dki album nije klasi\u010dna zbirka zadataka iz matematike. Zbirka je koncipirana tako da \u010ditatelj mo\u017ee sudjelovati i u oba projekta virtualno. Priroda Matemati\u010dkog albuma otvara brojne mogu\u0107nosti za njegov daljnji razvoj i oplemenjivanje. Osvrti i [&hellip;]","og_url":"https:\/\/webknjizara.hr\/proizvod\/matematicki-album-zbirka-zadataka-otvorenog-tipa-b-gotovac\/","og_site_name":"Web-knji\u017eara","article_modified_time":"2023-02-26T23:17:00+00:00","og_image":[{"width":573,"height":800,"url":"https:\/\/webknjizara.hr\/wp-content\/uploads\/nc\/images\/virtuemart\/product\/matemati-ki-alb-588c55c3bcd51.jpg","type":"image\/jpeg"}],"twitter_card":"summary_large_image","twitter_misc":{"Est. reading time":"3 minutes"},"schema":{"@context":"https:\/\/schema.org","@graph":[{"@type":"WebPage","@id":"https:\/\/webknjizara.hr\/proizvod\/matematicki-album-zbirka-zadataka-otvorenog-tipa-b-gotovac\/","url":"https:\/\/webknjizara.hr\/proizvod\/matematicki-album-zbirka-zadataka-otvorenog-tipa-b-gotovac\/","name":"MATEMATI\u010cKI ALBUM-ZBIRKA ZADATAKA OTVORENOG TIPA, B. Gotovac - Web-knji\u017eara","isPartOf":{"@id":"https:\/\/webknjizara.hr\/#website"},"primaryImageOfPage":{"@id":"https:\/\/webknjizara.hr\/proizvod\/matematicki-album-zbirka-zadataka-otvorenog-tipa-b-gotovac\/#primaryimage"},"image":{"@id":"https:\/\/webknjizara.hr\/proizvod\/matematicki-album-zbirka-zadataka-otvorenog-tipa-b-gotovac\/#primaryimage"},"thumbnailUrl":"https:\/\/webknjizara.hr\/wp-content\/uploads\/nc\/images\/virtuemart\/product\/matemati-ki-alb-588c55c3bcd51.jpg","datePublished":"2017-01-28T08:26:43+00:00","dateModified":"2023-02-26T23:17:00+00:00","breadcrumb":{"@id":"https:\/\/webknjizara.hr\/proizvod\/matematicki-album-zbirka-zadataka-otvorenog-tipa-b-gotovac\/#breadcrumb"},"inLanguage":"en-US","potentialAction":[{"@type":"ReadAction","target":["https:\/\/webknjizara.hr\/proizvod\/matematicki-album-zbirka-zadataka-otvorenog-tipa-b-gotovac\/"]}]},{"@type":"ImageObject","inLanguage":"en-US","@id":"https:\/\/webknjizara.hr\/proizvod\/matematicki-album-zbirka-zadataka-otvorenog-tipa-b-gotovac\/#primaryimage","url":"https:\/\/webknjizara.hr\/wp-content\/uploads\/nc\/images\/virtuemart\/product\/matemati-ki-alb-588c55c3bcd51.jpg","contentUrl":"https:\/\/webknjizara.hr\/wp-content\/uploads\/nc\/images\/virtuemart\/product\/matemati-ki-alb-588c55c3bcd51.jpg","width":573,"height":800,"caption":"MATEMATI\u010cKI ALBUM-ZBIRKA ZADATAKA OTVORENOG TIPA, B. Gotovac"},{"@type":"BreadcrumbList","@id":"https:\/\/webknjizara.hr\/proizvod\/matematicki-album-zbirka-zadataka-otvorenog-tipa-b-gotovac\/#breadcrumb","itemListElement":[{"@type":"ListItem","position":1,"name":"Po\u010detna stranica","item":"https:\/\/webknjizara.hr\/en\/"},{"@type":"ListItem","position":2,"name":"Shop","item":"https:\/\/webknjizara.hr\/shop\/"},{"@type":"ListItem","position":3,"name":"MATEMATI\u010cKI ALBUM-ZBIRKA ZADATAKA OTVORENOG TIPA, B. Gotovac"}]},{"@type":"WebSite","@id":"https:\/\/webknjizara.hr\/#website","url":"https:\/\/webknjizara.hr\/","name":"Web Knji\u017eara","description":"","publisher":{"@id":"https:\/\/webknjizara.hr\/#organization"},"potentialAction":[{"@type":"SearchAction","target":{"@type":"EntryPoint","urlTemplate":"https:\/\/webknjizara.hr\/?s={search_term_string}"},"query-input":{"@type":"PropertyValueSpecification","valueRequired":true,"valueName":"search_term_string"}}],"inLanguage":"en-US"},{"@type":"Organization","@id":"https:\/\/webknjizara.hr\/#organization","name":"REDAK D.O.O.","url":"https:\/\/webknjizara.hr\/","logo":{"@type":"ImageObject","inLanguage":"en-US","@id":"https:\/\/webknjizara.hr\/#\/schema\/logo\/image\/","url":"https:\/\/webknjizara.hr\/wp-content\/uploads\/2023\/01\/web-knjizara-logo.webp","contentUrl":"https:\/\/webknjizara.hr\/wp-content\/uploads\/2023\/01\/web-knjizara-logo.webp","width":324,"height":79,"caption":"REDAK D.O.O."},"image":{"@id":"https:\/\/webknjizara.hr\/#\/schema\/logo\/image\/"}}]}},"_links":{"self":[{"href":"https:\/\/webknjizara.hr\/en\/wp-json\/wp\/v2\/product\/8413","targetHints":{"allow":["GET"]}}],"collection":[{"href":"https:\/\/webknjizara.hr\/en\/wp-json\/wp\/v2\/product"}],"about":[{"href":"https:\/\/webknjizara.hr\/en\/wp-json\/wp\/v2\/types\/product"}],"replies":[{"embeddable":true,"href":"https:\/\/webknjizara.hr\/en\/wp-json\/wp\/v2\/comments?post=8413"}],"wp:featuredmedia":[{"embeddable":true,"href":"https:\/\/webknjizara.hr\/en\/wp-json\/wp\/v2\/media\/8414"}],"wp:attachment":[{"href":"https:\/\/webknjizara.hr\/en\/wp-json\/wp\/v2\/media?parent=8413"}],"wp:term":[{"taxonomy":"product_brand","embeddable":true,"href":"https:\/\/webknjizara.hr\/en\/wp-json\/wp\/v2\/product_brand?post=8413"},{"taxonomy":"product_cat","embeddable":true,"href":"https:\/\/webknjizara.hr\/en\/wp-json\/wp\/v2\/product_cat?post=8413"},{"taxonomy":"product_tag","embeddable":true,"href":"https:\/\/webknjizara.hr\/en\/wp-json\/wp\/v2\/product_tag?post=8413"}],"curies":[{"name":"wp","href":"https:\/\/api.w.org\/{rel}","templated":true}]}}