{"id":8393,"date":"2016-12-23T23:03:38","date_gmt":"2016-12-23T23:03:38","guid":{"rendered":"https:\/\/webknjizara.hr\/?product=na-dah-boba-grljusic"},"modified":"2023-02-27T00:16:58","modified_gmt":"2023-02-26T23:16:58","slug":"na-dah-boba-grljusic","status":"publish","type":"product","link":"https:\/\/webknjizara.hr\/en\/proizvod\/na-dah-boba-grljusic\/","title":{"rendered":"NA DAH, Boba Grlju\u0161i\u0107"},"content":{"rendered":"<p style=\"text-align: justify;\"><strong>Sa\u017eetak:<\/strong> <\/p>\n<p>Kada sam po\u010dela \u010ditati rukopis lirske proze \u201eNa dah\u201c pjesnikinje Bobe Grlju\u0161i\u0107, \u00a0znala sam da u tom rukopisu ne\u0107u tra\u017eiti samo lijepu refleksiju stvarnosti, emocija i impresija, ve\u0107 da \u0107e me rije\u010di voditi mnogo dublje, tamo gdje se kriju svi uzroci na\u0161eg postojanja, postupaka i djelovanja. Bio je to dubok uron u ono ljudsko, skriveno koje se ne otkriva odjednom kao cjelina velike istine, nego polako, u detaljima kao djeli\u0107 \u00a0\u010dovje\u010djeg bitka.\u00a0<\/p>\n<p style=\"text-align: justify;\">Roni se na dah. Tekstovi su kratki, nabijeni zna\u010denjem pa svojom esencijom ne odvla\u010de pa\u017enju na sporedno jer dah je kratak, a jedini pomo\u0107ni instrument je um ronioca.<\/p>\n<p style=\"text-align: justify;\">Kada se roni na dah, skida se sa sebe svaki balast. Tako postupa i pjesnikinja. Ona uo\u010dava i prihva\u0107a ono svakodnevno, cikli\u010dno, ono bogomdano, ali se time ne optere\u0107uje; za izlazak Sunca ima divljenje, za ki\u0161u ki\u0161obran, za lo\u0161e raspolo\u017eenje \u0161minku za usne, za prolaznost prosijane uspomene. Pro\u0161lo je bilo i ne postoji vi\u0161e. No, ono ostavlja tragove na du\u0161i. Name\u0107e se i nastoji o\u017eivjeti bol koju je u trenutku, dok je bilo nadmo\u0107no, ukopalo duboko u odre\u0111eni kvadrant \u010dovje\u010djeg uma.<\/p>\n<p style=\"text-align: justify;\"><em>\u201eA kvalitetno sje\u0107anje ne boli\u201c <\/em>ka\u017ee pjesnikinja<em>\u201c, \u00a0i stoga ne tugujem, samo ovla\u0161 prevu\u010dem prstom preko osjetilnog \u00a0o\u017eiljka\u2026<\/em><\/p>\n<p style=\"text-align: justify;\">&#8211; Prof. Marija Jura\u010di\u0107<\/p>\n<p style=\"text-align: justify;\"><strong>Bilje\u0161ka o autorici:<\/strong> <\/p>\n<p>Boba Grlju\u0161i\u0107 je ro\u0111ena u Jablanici 1953. \u00a0godine, a odrasla je u Vojvodini. \u017divi i djeluje u Podstrani.<\/p>\n<p style=\"text-align: justify;\">Objavila je tri zbirke poezije: \u201eDodiri\u201c 2008. \u201eKrug\u201c 2012. i \u201eVrijeme je za mene\u201c 2013.<\/p>\n<p style=\"text-align: justify;\"><strong>Bilje\u0161ka o urednici:<\/strong><\/p>\n<p style=\"text-align: justify;\">Marija Jura\u010di\u0107, profesorica kroatistike i germanistike vodi portal za objavu poezije\u201cO\u010daravanje\u201c. Objavila je nekoliko zbirki poezije te sedam romana od kojih su dva prevedena i objavljena u Njema\u010dkoj.<\/p>\n<p style=\"text-align: justify;\">Uredila je i lektorirala niz knjiga razli\u010ditih autora.<\/p>\n<p style=\"text-align: justify;\"><strong>Klju\u010dne rije\u010di:<\/strong> Lirska proza, psihologija\u00a0<\/p>\n<p style=\"text-align: justify;\"><strong>E-mail:<\/strong> <a href=\"mailto:miriva8@yahoo.com\">Boba Grlju\u0161i\u0107<\/a>\u00a0<\/p>\n<p style=\"text-align: justify;\"><strong>Naslov:<\/strong> Na dah<br \/><strong>Autorica:<\/strong> Boba Grlju\u0161i\u0107<br \/><strong>Broj stranica:<\/strong> 80<br \/><strong>Nakladnik:<\/strong> REDAK<br \/><strong>Godina izdanja:<\/strong> 2016.<br \/><strong>ISBN:<\/strong> 978-953-336-345-5<br \/><strong>Tisak:<\/strong> digitalni tisak knjiga &#8211; print na zahtjev\u00a0<\/p>\n<hr \/>\n<p style=\"text-align: justify;\"><strong>Kako naru\u010diti knjigu?\u00a0<\/strong>Proces online kupovine jednako funkcionira za sve kupce, s jedinom razlikom u tome \u0161to \u0161to kupci iz inozemstva za podru\u010dje dostave moraju odabrati &#8220;Europa&#8221; ili &#8220;Ostale zemlje svijeta&#8221;, a za vrstu pla\u0107anja WSPay (kreditna kartica) ili Virmanom (bankovni transfer).<\/p>\n<p style=\"text-align: justify;\">Molimo kliknite ovdje za\u00a0<a href=\"hr\/kako-kupovati\" target=\"_blank\" rel=\"noopener\">detaljni vodi\u010d kroz proces narud\u017ebe<\/a>\u00a0ili nas\u00a0<a href=\"hr\/kontakt\" target=\"_blank\" rel=\"noopener\">kontaktirajte<\/a>\u00a0za vi\u0161e informacija.<\/p>\n<div id=\"_mcePaste\" class=\"mcePaste\" style=\"position: absolute; left: 0px; top: -25px; width: 1px; height: 1px; overflow: hidden; text-align: justify;\">\n<p class=\"MsoNormal\" style=\"text-align: justify; text-indent: 35.4pt;\"><b>Sa\u017eetak:<\/b> Kada sam po\u010dela \u010ditati rukopis lirske proze \u201eNa dah\u201c pjesnikinje Bobe Grlju\u0161i\u0107,\u00a0 znala sam da u tom rukopisu ne\u0107u tra\u017eiti samo lijepu refleksiju stvarnosti, emocija i impresija, ve\u0107 da \u0107e me rije\u010di voditi mnogo dublje, tamo gdje se kriju svi uzroci na\u0161eg postojanja, postupaka i djelovanja. Bio je to dubok uron u ono ljudsko, skriveno koje se ne otkriva odjednom kao cjelina velike istine, nego polako, u detaljima kao djeli\u0107\u00a0 \u010dovje\u010djeg bitka. <\/p>\n<p class=\"MsoNormal\" style=\"text-align: justify; text-indent: 35.4pt;\"> Roni se na dah. Tekstovi su kratki, nabijeni zna\u010denjem pa svojom esencijom ne odvla\u010de pa\u017enju na sporedno jer dah je kratak, a jedini pomo\u0107ni instrument je um ronioca.<\/p>\n<p class=\"MsoNormal\" style=\"text-align: justify;\">Kada se roni na dah, skida se sa sebe svaki balast. Tako postupa i pjesnikinja. Ona uo\u010dava i prihva\u0107a ono svakodnevno, cikli\u010dno, ono bogomdano, ali se time ne optere\u0107uje; za izlazak Sunca ima divljenje, za ki\u0161u ki\u0161obran, za lo\u0161e raspolo\u017eenje \u0161minku za usne, za prolaznost prosijane uspomene. Pro\u0161lo je bilo i ne postoji vi\u0161e. No, ono ostavlja tragove na du\u0161i. Name\u0107e se i nastoji o\u017eivjeti bol koju je u trenutku, dok je bilo nadmo\u0107no, ukopalo duboko u odre\u0111eni kvadrant \u010dovje\u010djeg uma.<\/p>\n<p class=\"MsoNormal\" style=\"text-align: justify;\">\u201eA <i>kvalitetno sje\u0107anje ne boli\u201c <\/i>ka\u017ee pjesnikinja<i>\u201c,\u00a0 i stoga ne tugujem, samo ovla\u0161 prevu\u010dem prstom preko osjetilnog\u00a0 o\u017eiljka\u2026<\/i><\/p>\n<p class=\"MsoNormal\"><i>Prof. Marija Jura\u010di\u0107<\/i><b><\/b><\/p>\n<p class=\"MsoNormal\">\u00a0<\/p>\n<p class=\"MsoNormal\" style=\"text-align: justify;\"><b>Bilje\u0161ka o autoru\/autorici: <\/b>Boba Grlju\u0161i\u0107 je ro\u0111ena u Jablanici 1953.\u00a0 godine, a odrasla je u Vojvodini. \u017divi i djeluje u Podstrani.<br \/> Objavila je tri zbirke poezije: \u201eDodiri\u201c 2008. \u201eKrug\u201c 2012. i \u201eVrijeme je za mene\u201c 2013.<\/p>\n<p class=\"MsoNormal\" style=\"margin-bottom: .0001pt; line-height: normal;\"><b>Bilje\u0161ka o urednici:<\/b><\/p>\n<p class=\"MsoNormal\" style=\"margin-bottom: .0001pt; line-height: normal;\">Marija Jura\u010di\u0107, profesorica kroatistike i germanistike vodi portal za objavu poezije\u201cO\u010daravanje\u201c. Objavila je nekoliko zbirki poezije te sedam romana od kojih su dva prevedena i objavljena u Njema\u010dkoj.<\/p>\n<p class=\"MsoNormal\">Uredila je i lektorirala niz knjiga razli\u010ditih autora.<b><\/b><\/p>\n<p class=\"MsoNormal\">\u00a0<\/p>\n<p class=\"MsoNormal\"><b>Klju\u010dne rije\u010di: <\/b>Lirska proza, psihologija<b><\/b><\/p>\n<p class=\"MsoNormal\"><b>Link: <\/b><span style=\"mso-element:field-begin\"><\/span>\u00a0<\/span>MERGEFIELD LINK <\/span><span style=\"mso-element:field-end\"><\/span><\/span><\/p>\n<p class=\"MsoNormal\"><b>E-mail: da<\/b><\/p>\n<p class=\"MsoNormal\"><b>\u00a0<\/b><span style=\"mso-element:field-begin\"><\/span>\u00a0<\/span>MERGEFIELD MAIL_ <span style=\"mso-element: field-separator\"><\/span><\/span>miriva8@yahoo.com0<span style=\"mso-element:field-end\"><\/span><\/span><\/p>\n<p class=\"MsoNormal\"><b>newsleter; da <\/b><\/p>\n<p class=\"MsoNormal\">\u00a0<\/p>\n<p><strong>Naslov: <\/strong><strong><\/span>\u00a0<\/span>MERGEFIELD NAZIV_KNJIGE <\/span><\/span><\/strong>Na dah<strong><span lang=\"EN-US style='font-size: 11.0pt;line-height:115%;font-family:Arial\"><span style=\"mso-element: field-end\"><\/span><\/span><\/strong><br \/> <strong>Autor:<\/strong> <span style=\"mso-element:field-begin\"><\/span>\u00a0<\/span>MERGEFIELD &#8220;AUTOR&#8221; <\/span><\/span>Boba Grlju\u0161i\u0107<span style=\"mso-element:field-end\"><\/span><\/span><br \/> <strong>Broj stranica: <\/strong><\/span>\u00a0<\/span>MERGEFIELD BROJ_STRANICA <\/span><\/span>80<\/span><\/span><br \/> <strong>Nakladnik: <\/strong><strong><\/span>\u00a0<\/span>MERGEFIELD NAKLADNIK <span style=\"mso-element: field-separator\"><\/span><\/span><\/strong>REDAK<strong><\/span><\/span><\/strong><br \/> <strong>Godina izdanja: <\/strong><strong><\/span>\u00a0<\/span>MERGEFIELD GODINA_IZDANJA <\/span><\/span><\/strong>2016<strong><\/span><\/span><\/strong><strong>.<br \/> <\/strong><strong>ISBN:<\/strong> <span lang=\"EN-US style='font-size:11.0pt;line-height:115%;font-family:Arial\"><span style=\"mso-element:field-begin\"><\/span>\u00a0<\/span>MERGEFIELD ISBN <span style=\"mso-element:field-separator\"><\/span><\/span>978-953-336-345-5<span style=\"mso-element:field-end\"><\/span><\/span><br \/> <strong>Tisak:<\/strong> digitalni tisak knjiga &#8211; print na zahtjev<\/div>\n","protected":false},"excerpt":{"rendered":"<p>Sa\u017eetak: Kada sam po\u010dela \u010ditati rukopis lirske proze \u201eNa dah\u201c pjesnikinje Bobe Grlju\u0161i\u0107, \u00a0znala sam da u tom rukopisu ne\u0107u tra\u017eiti samo lijepu refleksiju stvarnosti, emocija i impresija, ve\u0107 da \u0107e me rije\u010di voditi mnogo dublje, tamo gdje se kriju svi uzroci na\u0161eg postojanja, postupaka i djelovanja. Bio je to dubok uron u ono ljudsko, [&hellip;]<\/p>\n","protected":false},"featured_media":8394,"comment_status":"open","ping_status":"closed","template":"","meta":{"_acf_changed":false},"product_brand":[],"product_cat":[1383,1385],"product_tag":[],"class_list":{"0":"post-8393","1":"product","2":"type-product","3":"status-publish","4":"has-post-thumbnail","6":"product_cat-knjige","7":"product_cat-knjizevnost","8":"pa_nakladnik-redak","10":"first","11":"instock","12":"shipping-taxable","13":"purchasable","14":"product-type-simple"},"acf":[],"yoast_head":"<!-- This site is optimized with the Yoast SEO plugin v27.3 - https:\/\/yoast.com\/product\/yoast-seo-wordpress\/ -->\n<title>NA DAH, Boba Grlju\u0161i\u0107 - Web-knji\u017eara<\/title>\n<meta name=\"robots\" content=\"index, follow, max-snippet:-1, max-image-preview:large, max-video-preview:-1\" \/>\n<link rel=\"canonical\" href=\"https:\/\/webknjizara.hr\/proizvod\/na-dah-boba-grljusic\/\" \/>\n<meta property=\"og:locale\" content=\"en_US\" \/>\n<meta property=\"og:type\" content=\"article\" \/>\n<meta property=\"og:title\" content=\"NA DAH, Boba Grlju\u0161i\u0107 - Web-knji\u017eara\" \/>\n<meta property=\"og:description\" content=\"Sa\u017eetak: Kada sam po\u010dela \u010ditati rukopis lirske proze \u201eNa dah\u201c pjesnikinje Bobe Grlju\u0161i\u0107, \u00a0znala sam da u tom rukopisu ne\u0107u tra\u017eiti samo lijepu refleksiju stvarnosti, emocija i impresija, ve\u0107 da \u0107e me rije\u010di voditi mnogo dublje, tamo gdje se kriju svi uzroci na\u0161eg postojanja, postupaka i djelovanja. Bio je to dubok uron u ono ljudsko, [&hellip;]\" \/>\n<meta property=\"og:url\" content=\"https:\/\/webknjizara.hr\/proizvod\/na-dah-boba-grljusic\/\" \/>\n<meta property=\"og:site_name\" content=\"Web-knji\u017eara\" \/>\n<meta property=\"article:modified_time\" content=\"2023-02-26T23:16:58+00:00\" \/>\n<meta property=\"og:image\" content=\"https:\/\/webknjizara.hr\/wp-content\/uploads\/nc\/images\/virtuemart\/product\/na-dah-boba-grl-585dad4a23122.jpg\" \/>\n\t<meta property=\"og:image:width\" content=\"573\" \/>\n\t<meta property=\"og:image:height\" content=\"800\" \/>\n\t<meta property=\"og:image:type\" content=\"image\/jpeg\" \/>\n<meta name=\"twitter:card\" content=\"summary_large_image\" \/>\n<meta name=\"twitter:label1\" content=\"Est. reading time\" \/>\n\t<meta name=\"twitter:data1\" content=\"4 minutes\" \/>\n<script type=\"application\/ld+json\" class=\"yoast-schema-graph\">{\"@context\":\"https:\\\/\\\/schema.org\",\"@graph\":[{\"@type\":\"WebPage\",\"@id\":\"https:\\\/\\\/webknjizara.hr\\\/proizvod\\\/na-dah-boba-grljusic\\\/\",\"url\":\"https:\\\/\\\/webknjizara.hr\\\/proizvod\\\/na-dah-boba-grljusic\\\/\",\"name\":\"NA DAH, Boba Grlju\u0161i\u0107 - Web-knji\u017eara\",\"isPartOf\":{\"@id\":\"https:\\\/\\\/webknjizara.hr\\\/#website\"},\"primaryImageOfPage\":{\"@id\":\"https:\\\/\\\/webknjizara.hr\\\/proizvod\\\/na-dah-boba-grljusic\\\/#primaryimage\"},\"image\":{\"@id\":\"https:\\\/\\\/webknjizara.hr\\\/proizvod\\\/na-dah-boba-grljusic\\\/#primaryimage\"},\"thumbnailUrl\":\"https:\\\/\\\/webknjizara.hr\\\/wp-content\\\/uploads\\\/nc\\\/images\\\/virtuemart\\\/product\\\/na-dah-boba-grl-585dad4a23122.jpg\",\"datePublished\":\"2016-12-23T23:03:38+00:00\",\"dateModified\":\"2023-02-26T23:16:58+00:00\",\"breadcrumb\":{\"@id\":\"https:\\\/\\\/webknjizara.hr\\\/proizvod\\\/na-dah-boba-grljusic\\\/#breadcrumb\"},\"inLanguage\":\"en-US\",\"potentialAction\":[{\"@type\":\"ReadAction\",\"target\":[\"https:\\\/\\\/webknjizara.hr\\\/proizvod\\\/na-dah-boba-grljusic\\\/\"]}]},{\"@type\":\"ImageObject\",\"inLanguage\":\"en-US\",\"@id\":\"https:\\\/\\\/webknjizara.hr\\\/proizvod\\\/na-dah-boba-grljusic\\\/#primaryimage\",\"url\":\"https:\\\/\\\/webknjizara.hr\\\/wp-content\\\/uploads\\\/nc\\\/images\\\/virtuemart\\\/product\\\/na-dah-boba-grl-585dad4a23122.jpg\",\"contentUrl\":\"https:\\\/\\\/webknjizara.hr\\\/wp-content\\\/uploads\\\/nc\\\/images\\\/virtuemart\\\/product\\\/na-dah-boba-grl-585dad4a23122.jpg\",\"width\":573,\"height\":800,\"caption\":\"NA DAH, Boba Grlju\u0161i\u0107\"},{\"@type\":\"BreadcrumbList\",\"@id\":\"https:\\\/\\\/webknjizara.hr\\\/proizvod\\\/na-dah-boba-grljusic\\\/#breadcrumb\",\"itemListElement\":[{\"@type\":\"ListItem\",\"position\":1,\"name\":\"Po\u010detna stranica\",\"item\":\"https:\\\/\\\/webknjizara.hr\\\/en\\\/\"},{\"@type\":\"ListItem\",\"position\":2,\"name\":\"Shop\",\"item\":\"https:\\\/\\\/webknjizara.hr\\\/shop\\\/\"},{\"@type\":\"ListItem\",\"position\":3,\"name\":\"NA DAH, Boba Grlju\u0161i\u0107\"}]},{\"@type\":\"WebSite\",\"@id\":\"https:\\\/\\\/webknjizara.hr\\\/#website\",\"url\":\"https:\\\/\\\/webknjizara.hr\\\/\",\"name\":\"Web Knji\u017eara\",\"description\":\"\",\"publisher\":{\"@id\":\"https:\\\/\\\/webknjizara.hr\\\/#organization\"},\"potentialAction\":[{\"@type\":\"SearchAction\",\"target\":{\"@type\":\"EntryPoint\",\"urlTemplate\":\"https:\\\/\\\/webknjizara.hr\\\/?s={search_term_string}\"},\"query-input\":{\"@type\":\"PropertyValueSpecification\",\"valueRequired\":true,\"valueName\":\"search_term_string\"}}],\"inLanguage\":\"en-US\"},{\"@type\":\"Organization\",\"@id\":\"https:\\\/\\\/webknjizara.hr\\\/#organization\",\"name\":\"REDAK D.O.O.\",\"url\":\"https:\\\/\\\/webknjizara.hr\\\/\",\"logo\":{\"@type\":\"ImageObject\",\"inLanguage\":\"en-US\",\"@id\":\"https:\\\/\\\/webknjizara.hr\\\/#\\\/schema\\\/logo\\\/image\\\/\",\"url\":\"https:\\\/\\\/webknjizara.hr\\\/wp-content\\\/uploads\\\/2023\\\/01\\\/web-knjizara-logo.webp\",\"contentUrl\":\"https:\\\/\\\/webknjizara.hr\\\/wp-content\\\/uploads\\\/2023\\\/01\\\/web-knjizara-logo.webp\",\"width\":324,\"height\":79,\"caption\":\"REDAK D.O.O.\"},\"image\":{\"@id\":\"https:\\\/\\\/webknjizara.hr\\\/#\\\/schema\\\/logo\\\/image\\\/\"}}]}<\/script>\n<!-- \/ Yoast SEO plugin. -->","yoast_head_json":{"title":"NA DAH, Boba Grlju\u0161i\u0107 - Web-knji\u017eara","robots":{"index":"index","follow":"follow","max-snippet":"max-snippet:-1","max-image-preview":"max-image-preview:large","max-video-preview":"max-video-preview:-1"},"canonical":"https:\/\/webknjizara.hr\/proizvod\/na-dah-boba-grljusic\/","og_locale":"en_US","og_type":"article","og_title":"NA DAH, Boba Grlju\u0161i\u0107 - Web-knji\u017eara","og_description":"Sa\u017eetak: Kada sam po\u010dela \u010ditati rukopis lirske proze \u201eNa dah\u201c pjesnikinje Bobe Grlju\u0161i\u0107, \u00a0znala sam da u tom rukopisu ne\u0107u tra\u017eiti samo lijepu refleksiju stvarnosti, emocija i impresija, ve\u0107 da \u0107e me rije\u010di voditi mnogo dublje, tamo gdje se kriju svi uzroci na\u0161eg postojanja, postupaka i djelovanja. Bio je to dubok uron u ono ljudsko, [&hellip;]","og_url":"https:\/\/webknjizara.hr\/proizvod\/na-dah-boba-grljusic\/","og_site_name":"Web-knji\u017eara","article_modified_time":"2023-02-26T23:16:58+00:00","og_image":[{"width":573,"height":800,"url":"https:\/\/webknjizara.hr\/wp-content\/uploads\/nc\/images\/virtuemart\/product\/na-dah-boba-grl-585dad4a23122.jpg","type":"image\/jpeg"}],"twitter_card":"summary_large_image","twitter_misc":{"Est. reading time":"4 minutes"},"schema":{"@context":"https:\/\/schema.org","@graph":[{"@type":"WebPage","@id":"https:\/\/webknjizara.hr\/proizvod\/na-dah-boba-grljusic\/","url":"https:\/\/webknjizara.hr\/proizvod\/na-dah-boba-grljusic\/","name":"NA DAH, Boba Grlju\u0161i\u0107 - Web-knji\u017eara","isPartOf":{"@id":"https:\/\/webknjizara.hr\/#website"},"primaryImageOfPage":{"@id":"https:\/\/webknjizara.hr\/proizvod\/na-dah-boba-grljusic\/#primaryimage"},"image":{"@id":"https:\/\/webknjizara.hr\/proizvod\/na-dah-boba-grljusic\/#primaryimage"},"thumbnailUrl":"https:\/\/webknjizara.hr\/wp-content\/uploads\/nc\/images\/virtuemart\/product\/na-dah-boba-grl-585dad4a23122.jpg","datePublished":"2016-12-23T23:03:38+00:00","dateModified":"2023-02-26T23:16:58+00:00","breadcrumb":{"@id":"https:\/\/webknjizara.hr\/proizvod\/na-dah-boba-grljusic\/#breadcrumb"},"inLanguage":"en-US","potentialAction":[{"@type":"ReadAction","target":["https:\/\/webknjizara.hr\/proizvod\/na-dah-boba-grljusic\/"]}]},{"@type":"ImageObject","inLanguage":"en-US","@id":"https:\/\/webknjizara.hr\/proizvod\/na-dah-boba-grljusic\/#primaryimage","url":"https:\/\/webknjizara.hr\/wp-content\/uploads\/nc\/images\/virtuemart\/product\/na-dah-boba-grl-585dad4a23122.jpg","contentUrl":"https:\/\/webknjizara.hr\/wp-content\/uploads\/nc\/images\/virtuemart\/product\/na-dah-boba-grl-585dad4a23122.jpg","width":573,"height":800,"caption":"NA DAH, Boba Grlju\u0161i\u0107"},{"@type":"BreadcrumbList","@id":"https:\/\/webknjizara.hr\/proizvod\/na-dah-boba-grljusic\/#breadcrumb","itemListElement":[{"@type":"ListItem","position":1,"name":"Po\u010detna stranica","item":"https:\/\/webknjizara.hr\/en\/"},{"@type":"ListItem","position":2,"name":"Shop","item":"https:\/\/webknjizara.hr\/shop\/"},{"@type":"ListItem","position":3,"name":"NA DAH, Boba Grlju\u0161i\u0107"}]},{"@type":"WebSite","@id":"https:\/\/webknjizara.hr\/#website","url":"https:\/\/webknjizara.hr\/","name":"Web Knji\u017eara","description":"","publisher":{"@id":"https:\/\/webknjizara.hr\/#organization"},"potentialAction":[{"@type":"SearchAction","target":{"@type":"EntryPoint","urlTemplate":"https:\/\/webknjizara.hr\/?s={search_term_string}"},"query-input":{"@type":"PropertyValueSpecification","valueRequired":true,"valueName":"search_term_string"}}],"inLanguage":"en-US"},{"@type":"Organization","@id":"https:\/\/webknjizara.hr\/#organization","name":"REDAK D.O.O.","url":"https:\/\/webknjizara.hr\/","logo":{"@type":"ImageObject","inLanguage":"en-US","@id":"https:\/\/webknjizara.hr\/#\/schema\/logo\/image\/","url":"https:\/\/webknjizara.hr\/wp-content\/uploads\/2023\/01\/web-knjizara-logo.webp","contentUrl":"https:\/\/webknjizara.hr\/wp-content\/uploads\/2023\/01\/web-knjizara-logo.webp","width":324,"height":79,"caption":"REDAK D.O.O."},"image":{"@id":"https:\/\/webknjizara.hr\/#\/schema\/logo\/image\/"}}]}},"_links":{"self":[{"href":"https:\/\/webknjizara.hr\/en\/wp-json\/wp\/v2\/product\/8393","targetHints":{"allow":["GET"]}}],"collection":[{"href":"https:\/\/webknjizara.hr\/en\/wp-json\/wp\/v2\/product"}],"about":[{"href":"https:\/\/webknjizara.hr\/en\/wp-json\/wp\/v2\/types\/product"}],"replies":[{"embeddable":true,"href":"https:\/\/webknjizara.hr\/en\/wp-json\/wp\/v2\/comments?post=8393"}],"wp:featuredmedia":[{"embeddable":true,"href":"https:\/\/webknjizara.hr\/en\/wp-json\/wp\/v2\/media\/8394"}],"wp:attachment":[{"href":"https:\/\/webknjizara.hr\/en\/wp-json\/wp\/v2\/media?parent=8393"}],"wp:term":[{"taxonomy":"product_brand","embeddable":true,"href":"https:\/\/webknjizara.hr\/en\/wp-json\/wp\/v2\/product_brand?post=8393"},{"taxonomy":"product_cat","embeddable":true,"href":"https:\/\/webknjizara.hr\/en\/wp-json\/wp\/v2\/product_cat?post=8393"},{"taxonomy":"product_tag","embeddable":true,"href":"https:\/\/webknjizara.hr\/en\/wp-json\/wp\/v2\/product_tag?post=8393"}],"curies":[{"name":"wp","href":"https:\/\/api.w.org\/{rel}","templated":true}]}}