{"id":8379,"date":"2016-12-08T19:05:42","date_gmt":"2016-12-08T19:05:42","guid":{"rendered":"https:\/\/webknjizara.hr\/?product=znanstveni-casopis-%e2%80%9einterdisc-descrip-of-complex-systems%e2%80%9c"},"modified":"2023-02-27T00:16:56","modified_gmt":"2023-02-26T23:16:56","slug":"znanstveni-casopis-interdisc-descrip-of-complex-systems_w-0589","status":"publish","type":"product","link":"https:\/\/webknjizara.hr\/en\/proizvod\/znanstveni-casopis-interdisc-descrip-of-complex-systems_w-0589\/","title":{"rendered":"ZNANSTVENI \u010cASOPIS \u201eINTERDISC. DESCRIP. OF COMPLEX SYSTEMS\u201c"},"content":{"rendered":"<p style=\"text-align: justify;\"><strong><br \/>Sa\u017eetak:<\/strong> <\/p>\n<p>Objavljeni radovi ulaze u podru\u010dje kognitivne neuroznanosti i razmatraju na\u010dine kako apsolutno opisati iskustvo, u\u010denje, osje\u0107aje i namjere, moralno prosu\u0111ivanje, razvojne aspekte i razmatranje boli.<\/p>\n<p style=\"text-align: justify;\"><strong>Bilje\u0161ka o autorima:<\/strong> <\/p>\n<p>Autori su istra\u017eiva\u010di iz podru\u010dja kognitivne neuroznanosti.<\/p>\n<p> T. Strle, T. Pustovrh, M. McCollister Pirc, T. Bregant, M. Malec, U. Korde\u0161, F. Klauster i L. Tacol<\/p>\n<p style=\"text-align: justify;\"><strong>Klju\u010dne rije\u010di:<\/strong> Interdisciplinarnost, kompleksni sustavi, neuroznanost, kognicija, kognitivna neuroznanost, osje\u0107aj, razmi\u0161ljanje, misao, prosu\u0111ivanje, moral, matemati\u010dka pismenost, obrazovanje djece, bol, istra\u017eivanje boli, uvjerenja, vjerovanje, introspekcija, budizam<\/p>\n<p><strong>Link:<\/strong> <a href=\"http:\/\/indecs.eu\/index.php?s=14_4&#038;y=2016\">http:\/\/indecs.eu\/index.php?s=14_4&#038;y=2016<\/a><strong><br \/><\/strong><\/p>\n<p style=\"text-align: justify;\"><strong>Naslov:<\/strong> Znanstveni \u010dasopis Interdisciplinary Description of Complex Systems 14(4) <br \/><strong>Autor:<\/strong> grupa autora<br \/><strong>Broj stranica:<\/strong> 80<br \/><strong>Nakladnik:<\/strong> Hrvatsko interdisciplinarno dru\u0161tvo<br \/><strong>Godina izdanja:<\/strong> 2016.<br \/><strong>ISBN:<\/strong> ISSN 1334-4684<br \/><strong>Tisak:<\/strong> digitalni tisak knjiga &#8211; print na zahtjev\u00a0<\/p>\n<hr \/>\n<p style=\"text-align: justify;\"><strong>Kako naru\u010diti knjigu?\u00a0<\/strong>Proces online kupovine jednako funkcionira za sve kupce, s jedinom razlikom u tome \u0161to \u0161to kupci iz inozemstva za podru\u010dje dostave moraju odabrati &#8220;Europa&#8221; ili &#8220;Ostale zemlje svijeta&#8221;, a za vrstu pla\u0107anja WSPay (kreditna kartica) ili Virmanom (bankovni transfer).<\/p>\n<p style=\"text-align: justify;\">Molimo kliknite ovdje za\u00a0<a href=\"hr\/kako-kupovati\" target=\"_blank\" rel=\"noopener\">detaljni vodi\u010d kroz proces narud\u017ebe<\/a>\u00a0ili nas\u00a0<a href=\"hr\/kontakt\" target=\"_blank\" rel=\"noopener\">kontaktirajte<\/a>\u00a0za vi\u0161e informacija.<\/p>\n","protected":false},"excerpt":{"rendered":"<p>Sa\u017eetak: Objavljeni radovi ulaze u podru\u010dje kognitivne neuroznanosti i razmatraju na\u010dine kako apsolutno opisati iskustvo, u\u010denje, osje\u0107aje i namjere, moralno prosu\u0111ivanje, razvojne aspekte i razmatranje boli. Bilje\u0161ka o autorima: Autori su istra\u017eiva\u010di iz podru\u010dja kognitivne neuroznanosti. T. Strle, T. Pustovrh, M. McCollister Pirc, T. Bregant, M. Malec, U. Korde\u0161, F. Klauster i L. Tacol Klju\u010dne [&hellip;]<\/p>\n","protected":false},"featured_media":8380,"comment_status":"open","ping_status":"closed","template":"","meta":{"_acf_changed":false},"product_brand":[],"product_cat":[1539],"product_tag":[],"class_list":{"0":"post-8379","1":"product","2":"type-product","3":"status-publish","4":"has-post-thumbnail","6":"product_cat-sveucilisni-udzbenici-i-prirucnici","7":"pa_autor-josip-stepanic","8":"pa_nakladnik-hrvatsko-interdisciplinarno-drustvo","10":"first","11":"instock","12":"shipping-taxable","13":"purchasable","14":"product-type-simple"},"acf":[],"yoast_head":"<!-- This site is optimized with the Yoast SEO plugin v27.3 - https:\/\/yoast.com\/product\/yoast-seo-wordpress\/ -->\n<title>ZNANSTVENI \u010cASOPIS \u201eINTERDISC. DESCRIP. OF COMPLEX SYSTEMS\u201c - Web-knji\u017eara<\/title>\n<meta name=\"robots\" content=\"index, follow, max-snippet:-1, max-image-preview:large, max-video-preview:-1\" \/>\n<link rel=\"canonical\" href=\"https:\/\/webknjizara.hr\/proizvod\/znanstveni-casopis-interdisc-descrip-of-complex-systems_w-0589\/\" \/>\n<meta property=\"og:locale\" content=\"en_US\" \/>\n<meta property=\"og:type\" content=\"article\" \/>\n<meta property=\"og:title\" content=\"ZNANSTVENI \u010cASOPIS \u201eINTERDISC. DESCRIP. OF COMPLEX SYSTEMS\u201c - Web-knji\u017eara\" \/>\n<meta property=\"og:description\" content=\"Sa\u017eetak: Objavljeni radovi ulaze u podru\u010dje kognitivne neuroznanosti i razmatraju na\u010dine kako apsolutno opisati iskustvo, u\u010denje, osje\u0107aje i namjere, moralno prosu\u0111ivanje, razvojne aspekte i razmatranje boli. Bilje\u0161ka o autorima: Autori su istra\u017eiva\u010di iz podru\u010dja kognitivne neuroznanosti. T. Strle, T. Pustovrh, M. McCollister Pirc, T. Bregant, M. Malec, U. Korde\u0161, F. Klauster i L. Tacol Klju\u010dne [&hellip;]\" \/>\n<meta property=\"og:url\" content=\"https:\/\/webknjizara.hr\/proizvod\/znanstveni-casopis-interdisc-descrip-of-complex-systems_w-0589\/\" \/>\n<meta property=\"og:site_name\" content=\"Web-knji\u017eara\" \/>\n<meta property=\"article:modified_time\" content=\"2023-02-26T23:16:56+00:00\" \/>\n<meta property=\"og:image\" content=\"https:\/\/webknjizara.hr\/wp-content\/uploads\/nc\/images\/virtuemart\/product\/znanstveni-aso-5849af06f0868.jpg\" \/>\n\t<meta property=\"og:image:width\" content=\"573\" \/>\n\t<meta property=\"og:image:height\" content=\"800\" \/>\n\t<meta property=\"og:image:type\" content=\"image\/jpeg\" \/>\n<meta name=\"twitter:card\" content=\"summary_large_image\" \/>\n<meta name=\"twitter:label1\" content=\"Est. reading time\" \/>\n\t<meta name=\"twitter:data1\" content=\"1 minute\" \/>\n<script type=\"application\/ld+json\" class=\"yoast-schema-graph\">{\"@context\":\"https:\\\/\\\/schema.org\",\"@graph\":[{\"@type\":\"WebPage\",\"@id\":\"https:\\\/\\\/webknjizara.hr\\\/proizvod\\\/znanstveni-casopis-interdisc-descrip-of-complex-systems_w-0589\\\/\",\"url\":\"https:\\\/\\\/webknjizara.hr\\\/proizvod\\\/znanstveni-casopis-interdisc-descrip-of-complex-systems_w-0589\\\/\",\"name\":\"ZNANSTVENI \u010cASOPIS \u201eINTERDISC. DESCRIP. OF COMPLEX SYSTEMS\u201c - Web-knji\u017eara\",\"isPartOf\":{\"@id\":\"https:\\\/\\\/webknjizara.hr\\\/#website\"},\"primaryImageOfPage\":{\"@id\":\"https:\\\/\\\/webknjizara.hr\\\/proizvod\\\/znanstveni-casopis-interdisc-descrip-of-complex-systems_w-0589\\\/#primaryimage\"},\"image\":{\"@id\":\"https:\\\/\\\/webknjizara.hr\\\/proizvod\\\/znanstveni-casopis-interdisc-descrip-of-complex-systems_w-0589\\\/#primaryimage\"},\"thumbnailUrl\":\"https:\\\/\\\/webknjizara.hr\\\/wp-content\\\/uploads\\\/nc\\\/images\\\/virtuemart\\\/product\\\/znanstveni-aso-5849af06f0868.jpg\",\"datePublished\":\"2016-12-08T19:05:42+00:00\",\"dateModified\":\"2023-02-26T23:16:56+00:00\",\"breadcrumb\":{\"@id\":\"https:\\\/\\\/webknjizara.hr\\\/proizvod\\\/znanstveni-casopis-interdisc-descrip-of-complex-systems_w-0589\\\/#breadcrumb\"},\"inLanguage\":\"en-US\",\"potentialAction\":[{\"@type\":\"ReadAction\",\"target\":[\"https:\\\/\\\/webknjizara.hr\\\/proizvod\\\/znanstveni-casopis-interdisc-descrip-of-complex-systems_w-0589\\\/\"]}]},{\"@type\":\"ImageObject\",\"inLanguage\":\"en-US\",\"@id\":\"https:\\\/\\\/webknjizara.hr\\\/proizvod\\\/znanstveni-casopis-interdisc-descrip-of-complex-systems_w-0589\\\/#primaryimage\",\"url\":\"https:\\\/\\\/webknjizara.hr\\\/wp-content\\\/uploads\\\/nc\\\/images\\\/virtuemart\\\/product\\\/znanstveni-aso-5849af06f0868.jpg\",\"contentUrl\":\"https:\\\/\\\/webknjizara.hr\\\/wp-content\\\/uploads\\\/nc\\\/images\\\/virtuemart\\\/product\\\/znanstveni-aso-5849af06f0868.jpg\",\"width\":573,\"height\":800,\"caption\":\"ZNANSTVENI \u010cASOPIS \u201eINTERDISC. DESCRIP. OF COMPLEX SYSTEMS\u201c\"},{\"@type\":\"BreadcrumbList\",\"@id\":\"https:\\\/\\\/webknjizara.hr\\\/proizvod\\\/znanstveni-casopis-interdisc-descrip-of-complex-systems_w-0589\\\/#breadcrumb\",\"itemListElement\":[{\"@type\":\"ListItem\",\"position\":1,\"name\":\"Po\u010detna stranica\",\"item\":\"https:\\\/\\\/webknjizara.hr\\\/en\\\/\"},{\"@type\":\"ListItem\",\"position\":2,\"name\":\"Shop\",\"item\":\"https:\\\/\\\/webknjizara.hr\\\/shop\\\/\"},{\"@type\":\"ListItem\",\"position\":3,\"name\":\"ZNANSTVENI \u010cASOPIS \u201eINTERDISC. DESCRIP. OF COMPLEX SYSTEMS\u201c\"}]},{\"@type\":\"WebSite\",\"@id\":\"https:\\\/\\\/webknjizara.hr\\\/#website\",\"url\":\"https:\\\/\\\/webknjizara.hr\\\/\",\"name\":\"Web Knji\u017eara\",\"description\":\"\",\"publisher\":{\"@id\":\"https:\\\/\\\/webknjizara.hr\\\/#organization\"},\"potentialAction\":[{\"@type\":\"SearchAction\",\"target\":{\"@type\":\"EntryPoint\",\"urlTemplate\":\"https:\\\/\\\/webknjizara.hr\\\/?s={search_term_string}\"},\"query-input\":{\"@type\":\"PropertyValueSpecification\",\"valueRequired\":true,\"valueName\":\"search_term_string\"}}],\"inLanguage\":\"en-US\"},{\"@type\":\"Organization\",\"@id\":\"https:\\\/\\\/webknjizara.hr\\\/#organization\",\"name\":\"REDAK D.O.O.\",\"url\":\"https:\\\/\\\/webknjizara.hr\\\/\",\"logo\":{\"@type\":\"ImageObject\",\"inLanguage\":\"en-US\",\"@id\":\"https:\\\/\\\/webknjizara.hr\\\/#\\\/schema\\\/logo\\\/image\\\/\",\"url\":\"https:\\\/\\\/webknjizara.hr\\\/wp-content\\\/uploads\\\/2023\\\/01\\\/web-knjizara-logo.webp\",\"contentUrl\":\"https:\\\/\\\/webknjizara.hr\\\/wp-content\\\/uploads\\\/2023\\\/01\\\/web-knjizara-logo.webp\",\"width\":324,\"height\":79,\"caption\":\"REDAK D.O.O.\"},\"image\":{\"@id\":\"https:\\\/\\\/webknjizara.hr\\\/#\\\/schema\\\/logo\\\/image\\\/\"}}]}<\/script>\n<!-- \/ Yoast SEO plugin. -->","yoast_head_json":{"title":"ZNANSTVENI \u010cASOPIS \u201eINTERDISC. DESCRIP. OF COMPLEX SYSTEMS\u201c - Web-knji\u017eara","robots":{"index":"index","follow":"follow","max-snippet":"max-snippet:-1","max-image-preview":"max-image-preview:large","max-video-preview":"max-video-preview:-1"},"canonical":"https:\/\/webknjizara.hr\/proizvod\/znanstveni-casopis-interdisc-descrip-of-complex-systems_w-0589\/","og_locale":"en_US","og_type":"article","og_title":"ZNANSTVENI \u010cASOPIS \u201eINTERDISC. DESCRIP. OF COMPLEX SYSTEMS\u201c - Web-knji\u017eara","og_description":"Sa\u017eetak: Objavljeni radovi ulaze u podru\u010dje kognitivne neuroznanosti i razmatraju na\u010dine kako apsolutno opisati iskustvo, u\u010denje, osje\u0107aje i namjere, moralno prosu\u0111ivanje, razvojne aspekte i razmatranje boli. Bilje\u0161ka o autorima: Autori su istra\u017eiva\u010di iz podru\u010dja kognitivne neuroznanosti. T. Strle, T. Pustovrh, M. McCollister Pirc, T. Bregant, M. Malec, U. Korde\u0161, F. Klauster i L. Tacol Klju\u010dne [&hellip;]","og_url":"https:\/\/webknjizara.hr\/proizvod\/znanstveni-casopis-interdisc-descrip-of-complex-systems_w-0589\/","og_site_name":"Web-knji\u017eara","article_modified_time":"2023-02-26T23:16:56+00:00","og_image":[{"width":573,"height":800,"url":"https:\/\/webknjizara.hr\/wp-content\/uploads\/nc\/images\/virtuemart\/product\/znanstveni-aso-5849af06f0868.jpg","type":"image\/jpeg"}],"twitter_card":"summary_large_image","twitter_misc":{"Est. reading time":"1 minute"},"schema":{"@context":"https:\/\/schema.org","@graph":[{"@type":"WebPage","@id":"https:\/\/webknjizara.hr\/proizvod\/znanstveni-casopis-interdisc-descrip-of-complex-systems_w-0589\/","url":"https:\/\/webknjizara.hr\/proizvod\/znanstveni-casopis-interdisc-descrip-of-complex-systems_w-0589\/","name":"ZNANSTVENI \u010cASOPIS \u201eINTERDISC. DESCRIP. OF COMPLEX SYSTEMS\u201c - Web-knji\u017eara","isPartOf":{"@id":"https:\/\/webknjizara.hr\/#website"},"primaryImageOfPage":{"@id":"https:\/\/webknjizara.hr\/proizvod\/znanstveni-casopis-interdisc-descrip-of-complex-systems_w-0589\/#primaryimage"},"image":{"@id":"https:\/\/webknjizara.hr\/proizvod\/znanstveni-casopis-interdisc-descrip-of-complex-systems_w-0589\/#primaryimage"},"thumbnailUrl":"https:\/\/webknjizara.hr\/wp-content\/uploads\/nc\/images\/virtuemart\/product\/znanstveni-aso-5849af06f0868.jpg","datePublished":"2016-12-08T19:05:42+00:00","dateModified":"2023-02-26T23:16:56+00:00","breadcrumb":{"@id":"https:\/\/webknjizara.hr\/proizvod\/znanstveni-casopis-interdisc-descrip-of-complex-systems_w-0589\/#breadcrumb"},"inLanguage":"en-US","potentialAction":[{"@type":"ReadAction","target":["https:\/\/webknjizara.hr\/proizvod\/znanstveni-casopis-interdisc-descrip-of-complex-systems_w-0589\/"]}]},{"@type":"ImageObject","inLanguage":"en-US","@id":"https:\/\/webknjizara.hr\/proizvod\/znanstveni-casopis-interdisc-descrip-of-complex-systems_w-0589\/#primaryimage","url":"https:\/\/webknjizara.hr\/wp-content\/uploads\/nc\/images\/virtuemart\/product\/znanstveni-aso-5849af06f0868.jpg","contentUrl":"https:\/\/webknjizara.hr\/wp-content\/uploads\/nc\/images\/virtuemart\/product\/znanstveni-aso-5849af06f0868.jpg","width":573,"height":800,"caption":"ZNANSTVENI \u010cASOPIS \u201eINTERDISC. DESCRIP. OF COMPLEX SYSTEMS\u201c"},{"@type":"BreadcrumbList","@id":"https:\/\/webknjizara.hr\/proizvod\/znanstveni-casopis-interdisc-descrip-of-complex-systems_w-0589\/#breadcrumb","itemListElement":[{"@type":"ListItem","position":1,"name":"Po\u010detna stranica","item":"https:\/\/webknjizara.hr\/en\/"},{"@type":"ListItem","position":2,"name":"Shop","item":"https:\/\/webknjizara.hr\/shop\/"},{"@type":"ListItem","position":3,"name":"ZNANSTVENI \u010cASOPIS \u201eINTERDISC. DESCRIP. OF COMPLEX SYSTEMS\u201c"}]},{"@type":"WebSite","@id":"https:\/\/webknjizara.hr\/#website","url":"https:\/\/webknjizara.hr\/","name":"Web Knji\u017eara","description":"","publisher":{"@id":"https:\/\/webknjizara.hr\/#organization"},"potentialAction":[{"@type":"SearchAction","target":{"@type":"EntryPoint","urlTemplate":"https:\/\/webknjizara.hr\/?s={search_term_string}"},"query-input":{"@type":"PropertyValueSpecification","valueRequired":true,"valueName":"search_term_string"}}],"inLanguage":"en-US"},{"@type":"Organization","@id":"https:\/\/webknjizara.hr\/#organization","name":"REDAK D.O.O.","url":"https:\/\/webknjizara.hr\/","logo":{"@type":"ImageObject","inLanguage":"en-US","@id":"https:\/\/webknjizara.hr\/#\/schema\/logo\/image\/","url":"https:\/\/webknjizara.hr\/wp-content\/uploads\/2023\/01\/web-knjizara-logo.webp","contentUrl":"https:\/\/webknjizara.hr\/wp-content\/uploads\/2023\/01\/web-knjizara-logo.webp","width":324,"height":79,"caption":"REDAK D.O.O."},"image":{"@id":"https:\/\/webknjizara.hr\/#\/schema\/logo\/image\/"}}]}},"_links":{"self":[{"href":"https:\/\/webknjizara.hr\/en\/wp-json\/wp\/v2\/product\/8379","targetHints":{"allow":["GET"]}}],"collection":[{"href":"https:\/\/webknjizara.hr\/en\/wp-json\/wp\/v2\/product"}],"about":[{"href":"https:\/\/webknjizara.hr\/en\/wp-json\/wp\/v2\/types\/product"}],"replies":[{"embeddable":true,"href":"https:\/\/webknjizara.hr\/en\/wp-json\/wp\/v2\/comments?post=8379"}],"wp:featuredmedia":[{"embeddable":true,"href":"https:\/\/webknjizara.hr\/en\/wp-json\/wp\/v2\/media\/8380"}],"wp:attachment":[{"href":"https:\/\/webknjizara.hr\/en\/wp-json\/wp\/v2\/media?parent=8379"}],"wp:term":[{"taxonomy":"product_brand","embeddable":true,"href":"https:\/\/webknjizara.hr\/en\/wp-json\/wp\/v2\/product_brand?post=8379"},{"taxonomy":"product_cat","embeddable":true,"href":"https:\/\/webknjizara.hr\/en\/wp-json\/wp\/v2\/product_cat?post=8379"},{"taxonomy":"product_tag","embeddable":true,"href":"https:\/\/webknjizara.hr\/en\/wp-json\/wp\/v2\/product_tag?post=8379"}],"curies":[{"name":"wp","href":"https:\/\/api.w.org\/{rel}","templated":true}]}}