{"id":8371,"date":"2016-12-02T21:56:38","date_gmt":"2016-12-02T21:56:38","guid":{"rendered":"https:\/\/webknjizara.hr\/?product=peta-dimenzija-tomislav-beronic"},"modified":"2023-02-27T00:16:56","modified_gmt":"2023-02-26T23:16:56","slug":"peta-dimenzija-tomislav-beronic","status":"publish","type":"product","link":"https:\/\/webknjizara.hr\/en\/proizvod\/peta-dimenzija-tomislav-beronic\/","title":{"rendered":"PETA DIMENZIJA, Tomislav Beroni\u0107"},"content":{"rendered":"<p style=\"text-align: justify;\"><strong><br \/>Sa\u017eetak:<\/strong> <\/p>\n<p>Mlada znanstvenica tijekom eksperimenata s Teslinim zavojnicama otkriva prolaz u petu dimenziju, duhovni prostor ispunjen sje\u0107anjima. Svojim aktivnostima dovodi u opasnost i sebe i druge. Razumijevanje i ljubav pronalazi tamo gdje ih najmanje o\u010dekuje. Znati\u017eelja i opasnosti koje joj prijete odvode je na zanimljive lokacije, a izleti u petu dimenziju do susreta sa zna\u010dajnim osobama iz znanosti i duhovnosti. Svaki novi susret pribli\u017eava je spoznaji da je sve to \u0161to radi samo priprema za misiju koju tek treba otkriti.<\/p>\n<p style=\"text-align: justify;\"><strong>Bilje\u0161ka o autoru:<\/strong> <\/p>\n<p>Ro\u0111en 1965. u Vukovaru<\/p>\n<p>Matemati\u010dku gimnaziju zavr\u0161io u Vukovaru 1984.<\/p>\n<p>Studirao matematiku i cestovni promet na Sveu\u010dili\u0161tu u Zagrebu. <\/p>\n<p>Cijeli profesionalni vijek radi kao programer u Hrvatskoj, \u0160vicarskoj i Njema\u010dkoj.<\/p>\n<p>Stalno \u017eivi u Hrvatskoj od 1998. <\/p>\n<p>Autor vi\u0161e ra\u010dunalnih programa uglavnom u turisti\u010dkom sektoru.<\/p>\n<p style=\"text-align: justify;\"><strong>Klju\u010dne rije\u010di:<\/strong> akcija; avantura; znanstvena fantastika; putovanja; vremeplov; znanost; vjera<\/p>\n<p><strong>E-mail:<\/strong> <a href=\"mailto:tomislav@ured.hr\">Tomislav Beroni\u0107<\/a><\/p>\n<p style=\"text-align: justify;\"><strong>Naslov:<\/strong> Peta dimenzija<br \/><strong>Autor:<\/strong> Tomislav Beroni\u0107<br \/><strong>Broj stranica:<\/strong> 278<br \/><strong>Nakladnik:<\/strong> REDAK<br \/><strong>Godina izdanja:<\/strong> 2016.<br \/><strong>ISBN:<\/strong> 978-953-336-363-9<br \/><strong>Tisak:<\/strong> digitalni tisak knjiga &#8211; print na zahtjev\u00a0<\/p>\n<hr \/>\n<p style=\"text-align: justify;\"><strong>Kako naru\u010diti knjigu?\u00a0<\/strong>Proces online kupovine jednako funkcionira za sve kupce, s jedinom razlikom u tome \u0161to \u0161to kupci iz inozemstva za podru\u010dje dostave moraju odabrati &#8220;Europa&#8221; ili &#8220;Ostale zemlje svijeta&#8221;, a za vrstu pla\u0107anja WSPay (kreditna kartica) ili Virmanom (bankovni transfer).<\/p>\n<p style=\"text-align: justify;\">Molimo kliknite ovdje za\u00a0<a href=\"hr\/kako-kupovati\" target=\"_blank\" rel=\"noopener\">detaljni vodi\u010d kroz proces narud\u017ebe<\/a>\u00a0ili nas\u00a0<a href=\"hr\/kontakt\" target=\"_blank\" rel=\"noopener\">kontaktirajte<\/a>\u00a0za vi\u0161e informacija.<\/p>\n","protected":false},"excerpt":{"rendered":"<p>Sa\u017eetak: Mlada znanstvenica tijekom eksperimenata s Teslinim zavojnicama otkriva prolaz u petu dimenziju, duhovni prostor ispunjen sje\u0107anjima. Svojim aktivnostima dovodi u opasnost i sebe i druge. Razumijevanje i ljubav pronalazi tamo gdje ih najmanje o\u010dekuje. Znati\u017eelja i opasnosti koje joj prijete odvode je na zanimljive lokacije, a izleti u petu dimenziju do susreta sa zna\u010dajnim [&hellip;]<\/p>\n","protected":false},"featured_media":8372,"comment_status":"open","ping_status":"closed","template":"","meta":{"_acf_changed":false},"product_brand":[],"product_cat":[1383,1385],"product_tag":[],"class_list":{"0":"post-8371","1":"product","2":"type-product","3":"status-publish","4":"has-post-thumbnail","6":"product_cat-knjige","7":"product_cat-knjizevnost","8":"pa_autor-tomislav-beronic","9":"pa_nakladnik-redak","11":"first","12":"instock","13":"shipping-taxable","14":"purchasable","15":"product-type-simple"},"acf":[],"yoast_head":"<!-- This site is optimized with the Yoast SEO plugin v27.3 - https:\/\/yoast.com\/product\/yoast-seo-wordpress\/ -->\n<title>PETA DIMENZIJA, Tomislav Beroni\u0107 - Web-knji\u017eara<\/title>\n<meta name=\"robots\" content=\"index, follow, max-snippet:-1, max-image-preview:large, max-video-preview:-1\" \/>\n<link rel=\"canonical\" href=\"https:\/\/webknjizara.hr\/proizvod\/peta-dimenzija-tomislav-beronic\/\" \/>\n<meta property=\"og:locale\" content=\"en_US\" \/>\n<meta property=\"og:type\" content=\"article\" \/>\n<meta property=\"og:title\" content=\"PETA DIMENZIJA, Tomislav Beroni\u0107 - Web-knji\u017eara\" \/>\n<meta property=\"og:description\" content=\"Sa\u017eetak: Mlada znanstvenica tijekom eksperimenata s Teslinim zavojnicama otkriva prolaz u petu dimenziju, duhovni prostor ispunjen sje\u0107anjima. Svojim aktivnostima dovodi u opasnost i sebe i druge. Razumijevanje i ljubav pronalazi tamo gdje ih najmanje o\u010dekuje. Znati\u017eelja i opasnosti koje joj prijete odvode je na zanimljive lokacije, a izleti u petu dimenziju do susreta sa zna\u010dajnim [&hellip;]\" \/>\n<meta property=\"og:url\" content=\"https:\/\/webknjizara.hr\/proizvod\/peta-dimenzija-tomislav-beronic\/\" \/>\n<meta property=\"og:site_name\" content=\"Web-knji\u017eara\" \/>\n<meta property=\"article:modified_time\" content=\"2023-02-26T23:16:56+00:00\" \/>\n<meta property=\"og:image\" content=\"https:\/\/webknjizara.hr\/wp-content\/uploads\/nc\/images\/virtuemart\/product\/peta-dimenzija-5841ee16a959a.jpg\" \/>\n\t<meta property=\"og:image:width\" content=\"573\" \/>\n\t<meta property=\"og:image:height\" content=\"800\" \/>\n\t<meta property=\"og:image:type\" content=\"image\/jpeg\" \/>\n<meta name=\"twitter:card\" content=\"summary_large_image\" \/>\n<meta name=\"twitter:label1\" content=\"Est. reading time\" \/>\n\t<meta name=\"twitter:data1\" content=\"1 minute\" \/>\n<script type=\"application\/ld+json\" class=\"yoast-schema-graph\">{\"@context\":\"https:\\\/\\\/schema.org\",\"@graph\":[{\"@type\":\"WebPage\",\"@id\":\"https:\\\/\\\/webknjizara.hr\\\/proizvod\\\/peta-dimenzija-tomislav-beronic\\\/\",\"url\":\"https:\\\/\\\/webknjizara.hr\\\/proizvod\\\/peta-dimenzija-tomislav-beronic\\\/\",\"name\":\"PETA DIMENZIJA, Tomislav Beroni\u0107 - Web-knji\u017eara\",\"isPartOf\":{\"@id\":\"https:\\\/\\\/webknjizara.hr\\\/#website\"},\"primaryImageOfPage\":{\"@id\":\"https:\\\/\\\/webknjizara.hr\\\/proizvod\\\/peta-dimenzija-tomislav-beronic\\\/#primaryimage\"},\"image\":{\"@id\":\"https:\\\/\\\/webknjizara.hr\\\/proizvod\\\/peta-dimenzija-tomislav-beronic\\\/#primaryimage\"},\"thumbnailUrl\":\"https:\\\/\\\/webknjizara.hr\\\/wp-content\\\/uploads\\\/nc\\\/images\\\/virtuemart\\\/product\\\/peta-dimenzija-5841ee16a959a.jpg\",\"datePublished\":\"2016-12-02T21:56:38+00:00\",\"dateModified\":\"2023-02-26T23:16:56+00:00\",\"breadcrumb\":{\"@id\":\"https:\\\/\\\/webknjizara.hr\\\/proizvod\\\/peta-dimenzija-tomislav-beronic\\\/#breadcrumb\"},\"inLanguage\":\"en-US\",\"potentialAction\":[{\"@type\":\"ReadAction\",\"target\":[\"https:\\\/\\\/webknjizara.hr\\\/proizvod\\\/peta-dimenzija-tomislav-beronic\\\/\"]}]},{\"@type\":\"ImageObject\",\"inLanguage\":\"en-US\",\"@id\":\"https:\\\/\\\/webknjizara.hr\\\/proizvod\\\/peta-dimenzija-tomislav-beronic\\\/#primaryimage\",\"url\":\"https:\\\/\\\/webknjizara.hr\\\/wp-content\\\/uploads\\\/nc\\\/images\\\/virtuemart\\\/product\\\/peta-dimenzija-5841ee16a959a.jpg\",\"contentUrl\":\"https:\\\/\\\/webknjizara.hr\\\/wp-content\\\/uploads\\\/nc\\\/images\\\/virtuemart\\\/product\\\/peta-dimenzija-5841ee16a959a.jpg\",\"width\":573,\"height\":800,\"caption\":\"PETA DIMENZIJA, Tomislav Beroni\u0107\"},{\"@type\":\"BreadcrumbList\",\"@id\":\"https:\\\/\\\/webknjizara.hr\\\/proizvod\\\/peta-dimenzija-tomislav-beronic\\\/#breadcrumb\",\"itemListElement\":[{\"@type\":\"ListItem\",\"position\":1,\"name\":\"Po\u010detna stranica\",\"item\":\"https:\\\/\\\/webknjizara.hr\\\/en\\\/\"},{\"@type\":\"ListItem\",\"position\":2,\"name\":\"Shop\",\"item\":\"https:\\\/\\\/webknjizara.hr\\\/shop\\\/\"},{\"@type\":\"ListItem\",\"position\":3,\"name\":\"PETA DIMENZIJA, Tomislav Beroni\u0107\"}]},{\"@type\":\"WebSite\",\"@id\":\"https:\\\/\\\/webknjizara.hr\\\/#website\",\"url\":\"https:\\\/\\\/webknjizara.hr\\\/\",\"name\":\"Web Knji\u017eara\",\"description\":\"\",\"publisher\":{\"@id\":\"https:\\\/\\\/webknjizara.hr\\\/#organization\"},\"potentialAction\":[{\"@type\":\"SearchAction\",\"target\":{\"@type\":\"EntryPoint\",\"urlTemplate\":\"https:\\\/\\\/webknjizara.hr\\\/?s={search_term_string}\"},\"query-input\":{\"@type\":\"PropertyValueSpecification\",\"valueRequired\":true,\"valueName\":\"search_term_string\"}}],\"inLanguage\":\"en-US\"},{\"@type\":\"Organization\",\"@id\":\"https:\\\/\\\/webknjizara.hr\\\/#organization\",\"name\":\"REDAK D.O.O.\",\"url\":\"https:\\\/\\\/webknjizara.hr\\\/\",\"logo\":{\"@type\":\"ImageObject\",\"inLanguage\":\"en-US\",\"@id\":\"https:\\\/\\\/webknjizara.hr\\\/#\\\/schema\\\/logo\\\/image\\\/\",\"url\":\"https:\\\/\\\/webknjizara.hr\\\/wp-content\\\/uploads\\\/2023\\\/01\\\/web-knjizara-logo.webp\",\"contentUrl\":\"https:\\\/\\\/webknjizara.hr\\\/wp-content\\\/uploads\\\/2023\\\/01\\\/web-knjizara-logo.webp\",\"width\":324,\"height\":79,\"caption\":\"REDAK D.O.O.\"},\"image\":{\"@id\":\"https:\\\/\\\/webknjizara.hr\\\/#\\\/schema\\\/logo\\\/image\\\/\"}}]}<\/script>\n<!-- \/ Yoast SEO plugin. -->","yoast_head_json":{"title":"PETA DIMENZIJA, Tomislav Beroni\u0107 - Web-knji\u017eara","robots":{"index":"index","follow":"follow","max-snippet":"max-snippet:-1","max-image-preview":"max-image-preview:large","max-video-preview":"max-video-preview:-1"},"canonical":"https:\/\/webknjizara.hr\/proizvod\/peta-dimenzija-tomislav-beronic\/","og_locale":"en_US","og_type":"article","og_title":"PETA DIMENZIJA, Tomislav Beroni\u0107 - Web-knji\u017eara","og_description":"Sa\u017eetak: Mlada znanstvenica tijekom eksperimenata s Teslinim zavojnicama otkriva prolaz u petu dimenziju, duhovni prostor ispunjen sje\u0107anjima. Svojim aktivnostima dovodi u opasnost i sebe i druge. Razumijevanje i ljubav pronalazi tamo gdje ih najmanje o\u010dekuje. Znati\u017eelja i opasnosti koje joj prijete odvode je na zanimljive lokacije, a izleti u petu dimenziju do susreta sa zna\u010dajnim [&hellip;]","og_url":"https:\/\/webknjizara.hr\/proizvod\/peta-dimenzija-tomislav-beronic\/","og_site_name":"Web-knji\u017eara","article_modified_time":"2023-02-26T23:16:56+00:00","og_image":[{"width":573,"height":800,"url":"https:\/\/webknjizara.hr\/wp-content\/uploads\/nc\/images\/virtuemart\/product\/peta-dimenzija-5841ee16a959a.jpg","type":"image\/jpeg"}],"twitter_card":"summary_large_image","twitter_misc":{"Est. reading time":"1 minute"},"schema":{"@context":"https:\/\/schema.org","@graph":[{"@type":"WebPage","@id":"https:\/\/webknjizara.hr\/proizvod\/peta-dimenzija-tomislav-beronic\/","url":"https:\/\/webknjizara.hr\/proizvod\/peta-dimenzija-tomislav-beronic\/","name":"PETA DIMENZIJA, Tomislav Beroni\u0107 - Web-knji\u017eara","isPartOf":{"@id":"https:\/\/webknjizara.hr\/#website"},"primaryImageOfPage":{"@id":"https:\/\/webknjizara.hr\/proizvod\/peta-dimenzija-tomislav-beronic\/#primaryimage"},"image":{"@id":"https:\/\/webknjizara.hr\/proizvod\/peta-dimenzija-tomislav-beronic\/#primaryimage"},"thumbnailUrl":"https:\/\/webknjizara.hr\/wp-content\/uploads\/nc\/images\/virtuemart\/product\/peta-dimenzija-5841ee16a959a.jpg","datePublished":"2016-12-02T21:56:38+00:00","dateModified":"2023-02-26T23:16:56+00:00","breadcrumb":{"@id":"https:\/\/webknjizara.hr\/proizvod\/peta-dimenzija-tomislav-beronic\/#breadcrumb"},"inLanguage":"en-US","potentialAction":[{"@type":"ReadAction","target":["https:\/\/webknjizara.hr\/proizvod\/peta-dimenzija-tomislav-beronic\/"]}]},{"@type":"ImageObject","inLanguage":"en-US","@id":"https:\/\/webknjizara.hr\/proizvod\/peta-dimenzija-tomislav-beronic\/#primaryimage","url":"https:\/\/webknjizara.hr\/wp-content\/uploads\/nc\/images\/virtuemart\/product\/peta-dimenzija-5841ee16a959a.jpg","contentUrl":"https:\/\/webknjizara.hr\/wp-content\/uploads\/nc\/images\/virtuemart\/product\/peta-dimenzija-5841ee16a959a.jpg","width":573,"height":800,"caption":"PETA DIMENZIJA, Tomislav Beroni\u0107"},{"@type":"BreadcrumbList","@id":"https:\/\/webknjizara.hr\/proizvod\/peta-dimenzija-tomislav-beronic\/#breadcrumb","itemListElement":[{"@type":"ListItem","position":1,"name":"Po\u010detna stranica","item":"https:\/\/webknjizara.hr\/en\/"},{"@type":"ListItem","position":2,"name":"Shop","item":"https:\/\/webknjizara.hr\/shop\/"},{"@type":"ListItem","position":3,"name":"PETA DIMENZIJA, Tomislav Beroni\u0107"}]},{"@type":"WebSite","@id":"https:\/\/webknjizara.hr\/#website","url":"https:\/\/webknjizara.hr\/","name":"Web Knji\u017eara","description":"","publisher":{"@id":"https:\/\/webknjizara.hr\/#organization"},"potentialAction":[{"@type":"SearchAction","target":{"@type":"EntryPoint","urlTemplate":"https:\/\/webknjizara.hr\/?s={search_term_string}"},"query-input":{"@type":"PropertyValueSpecification","valueRequired":true,"valueName":"search_term_string"}}],"inLanguage":"en-US"},{"@type":"Organization","@id":"https:\/\/webknjizara.hr\/#organization","name":"REDAK D.O.O.","url":"https:\/\/webknjizara.hr\/","logo":{"@type":"ImageObject","inLanguage":"en-US","@id":"https:\/\/webknjizara.hr\/#\/schema\/logo\/image\/","url":"https:\/\/webknjizara.hr\/wp-content\/uploads\/2023\/01\/web-knjizara-logo.webp","contentUrl":"https:\/\/webknjizara.hr\/wp-content\/uploads\/2023\/01\/web-knjizara-logo.webp","width":324,"height":79,"caption":"REDAK D.O.O."},"image":{"@id":"https:\/\/webknjizara.hr\/#\/schema\/logo\/image\/"}}]}},"_links":{"self":[{"href":"https:\/\/webknjizara.hr\/en\/wp-json\/wp\/v2\/product\/8371","targetHints":{"allow":["GET"]}}],"collection":[{"href":"https:\/\/webknjizara.hr\/en\/wp-json\/wp\/v2\/product"}],"about":[{"href":"https:\/\/webknjizara.hr\/en\/wp-json\/wp\/v2\/types\/product"}],"replies":[{"embeddable":true,"href":"https:\/\/webknjizara.hr\/en\/wp-json\/wp\/v2\/comments?post=8371"}],"wp:featuredmedia":[{"embeddable":true,"href":"https:\/\/webknjizara.hr\/en\/wp-json\/wp\/v2\/media\/8372"}],"wp:attachment":[{"href":"https:\/\/webknjizara.hr\/en\/wp-json\/wp\/v2\/media?parent=8371"}],"wp:term":[{"taxonomy":"product_brand","embeddable":true,"href":"https:\/\/webknjizara.hr\/en\/wp-json\/wp\/v2\/product_brand?post=8371"},{"taxonomy":"product_cat","embeddable":true,"href":"https:\/\/webknjizara.hr\/en\/wp-json\/wp\/v2\/product_cat?post=8371"},{"taxonomy":"product_tag","embeddable":true,"href":"https:\/\/webknjizara.hr\/en\/wp-json\/wp\/v2\/product_tag?post=8371"}],"curies":[{"name":"wp","href":"https:\/\/api.w.org\/{rel}","templated":true}]}}