{"id":8363,"date":"2016-11-29T21:13:40","date_gmt":"2016-11-29T21:13:40","guid":{"rendered":"https:\/\/webknjizara.hr\/?product=gradske-prometnice-tisak-crno-bijeli-ivan-legac-etal"},"modified":"2023-02-27T00:16:55","modified_gmt":"2023-02-26T23:16:55","slug":"gradske-prometnice-tisak-crno-bijeli-ivan-legac-et-al","status":"publish","type":"product","link":"https:\/\/webknjizara.hr\/en\/proizvod\/gradske-prometnice-tisak-crno-bijeli-ivan-legac-et-al\/","title":{"rendered":"GRADSKE PROMETNICE (tisak crno &#8211; bijeli), Ivan Legac et.al."},"content":{"rendered":"<p style=\"text-align: justify;\"><strong><br \/>Ovo je crno-bijela verzija knjige. Kliknite <a href=\"hr\/component\/virtuemart\/?page=shop.product_details&#038;flypage=flypage.tpl&#038;product_id=617\" target=\"_blank\" rel=\"noopener\">ovdje<\/a> za verziju u boji.<\/p>\n<p>Sa\u017eetak:<\/strong>\u00a0<\/p>\n<p>Knjiga je po temeljnoj namjeni posve\u0107ena razvoju istra\u017eiva\u010dkog pristupa u rje\u0161avanju problema i \u0161irem razvoju prometno-tehni\u010dke struke za urbana podru\u010dja. U strukturno-sadr\u017eajnom pogledu \u010detiri su ve\u0107e tematske cjeline ove knjige: poglavlja I.-IV. opisuju urbanisti\u010dko-prometnu problematiku, velike prometne podsustave te okvire za projektiranje gradskih prometnica. Poglavlja V.-VI. detaljno obra\u0111uju primjerena gradska raskri\u017eja u razini. Poglavlja VII.-X. posve\u0107ena su parkirali\u0161tima i gara\u017enim prostorima te posebnim prometnicama i prometu. Zavr\u0161nu skupinu \u010dine poglavlja XI.-XIV. s osnovnim sadr\u017eajima iz podru\u010dja opreme, signalizacije te osnova odr\u017eavanja prometne infrastrukture.<\/p>\n<p style=\"text-align: justify;\"><strong>Klju\u010dne rije\u010di:<\/strong> javni gradski promet, raskri\u017eja u razini, kru\u017ena raskri\u017eja, parkirali\u0161ta i gara\u017ee, tra\u010dni\u010dki sustavi, oprema i infrastruktura, signalizacija, projektna dokumentacija<\/p>\n<p style=\"text-align: justify;\"><strong>Naslov:<\/strong> Gradske prometnice (tisak crno &#8211; bijeli)<br \/><strong>Autor:<\/strong> Ivan Legac i koautori<br \/><strong>Broj stranica:<\/strong> 404<br \/><strong>Nakladnik:<\/strong> Fakultet prometnih znanosti<br \/><strong>Godina izdanja:<\/strong> 2011.<br \/><strong>ISBN:<\/strong> 978-953-243-049-3<br \/><strong>Tisak:<\/strong> digitalni tisak knjiga &#8211; print na zahtjev\u00a0<\/p>\n<hr \/>\n<p style=\"text-align: justify;\"><strong>Kako naru\u010diti knjigu?\u00a0<\/strong>Proces online kupovine jednako funkcionira za sve kupce, s jedinom razlikom u tome \u0161to \u0161to kupci iz inozemstva za podru\u010dje dostave moraju odabrati &#8220;Europa&#8221; ili &#8220;Ostale zemlje svijeta&#8221;, a za vrstu pla\u0107anja WSPay (kreditna kartica) ili Virmanom (bankovni transfer).<\/p>\n<p style=\"text-align: justify;\">Molimo kliknite ovdje za\u00a0<a href=\"hr\/kako-kupovati\" target=\"_blank\" rel=\"noopener\">detaljni vodi\u010d kroz proces narud\u017ebe<\/a>\u00a0ili nas\u00a0<a href=\"hr\/kontakt\" target=\"_blank\" rel=\"noopener\">kontaktirajte<\/a>\u00a0za vi\u0161e informacija.<\/p>\n","protected":false},"excerpt":{"rendered":"<p>Ovo je crno-bijela verzija knjige. Kliknite ovdje za verziju u boji. Sa\u017eetak:\u00a0 Knjiga je po temeljnoj namjeni posve\u0107ena razvoju istra\u017eiva\u010dkog pristupa u rje\u0161avanju problema i \u0161irem razvoju prometno-tehni\u010dke struke za urbana podru\u010dja. U strukturno-sadr\u017eajnom pogledu \u010detiri su ve\u0107e tematske cjeline ove knjige: poglavlja I.-IV. opisuju urbanisti\u010dko-prometnu problematiku, velike prometne podsustave te okvire za projektiranje gradskih [&hellip;]<\/p>\n","protected":false},"featured_media":8364,"comment_status":"open","ping_status":"closed","template":"","meta":{"_acf_changed":false},"product_brand":[],"product_cat":[1539],"product_tag":[],"class_list":{"0":"post-8363","1":"product","2":"type-product","3":"status-publish","4":"has-post-thumbnail","6":"product_cat-sveucilisni-udzbenici-i-prirucnici","7":"pa_autor-ivan-legac-i-koautori","8":"pa_nakladnik-fakultet-prometnih-znanosti","10":"first","11":"instock","12":"shipping-taxable","13":"purchasable","14":"product-type-simple"},"acf":[],"yoast_head":"<!-- This site is optimized with the Yoast SEO plugin v27.3 - https:\/\/yoast.com\/product\/yoast-seo-wordpress\/ -->\n<title>GRADSKE PROMETNICE (tisak crno - bijeli), Ivan Legac et.al. - Web-knji\u017eara<\/title>\n<meta name=\"robots\" content=\"index, follow, max-snippet:-1, max-image-preview:large, max-video-preview:-1\" \/>\n<link rel=\"canonical\" href=\"https:\/\/webknjizara.hr\/proizvod\/gradske-prometnice-tisak-crno-bijeli-ivan-legac-et-al\/\" \/>\n<meta property=\"og:locale\" content=\"en_US\" \/>\n<meta property=\"og:type\" content=\"article\" \/>\n<meta property=\"og:title\" content=\"GRADSKE PROMETNICE (tisak crno - bijeli), Ivan Legac et.al. - Web-knji\u017eara\" \/>\n<meta property=\"og:description\" content=\"Ovo je crno-bijela verzija knjige. Kliknite ovdje za verziju u boji. Sa\u017eetak:\u00a0 Knjiga je po temeljnoj namjeni posve\u0107ena razvoju istra\u017eiva\u010dkog pristupa u rje\u0161avanju problema i \u0161irem razvoju prometno-tehni\u010dke struke za urbana podru\u010dja. U strukturno-sadr\u017eajnom pogledu \u010detiri su ve\u0107e tematske cjeline ove knjige: poglavlja I.-IV. opisuju urbanisti\u010dko-prometnu problematiku, velike prometne podsustave te okvire za projektiranje gradskih [&hellip;]\" \/>\n<meta property=\"og:url\" content=\"https:\/\/webknjizara.hr\/proizvod\/gradske-prometnice-tisak-crno-bijeli-ivan-legac-et-al\/\" \/>\n<meta property=\"og:site_name\" content=\"Web-knji\u017eara\" \/>\n<meta property=\"article:modified_time\" content=\"2023-02-26T23:16:55+00:00\" \/>\n<meta property=\"og:image\" content=\"https:\/\/webknjizara.hr\/wp-content\/uploads\/nc\/images\/virtuemart\/product\/gradske-prometni-583defa5235b5.jpg\" \/>\n\t<meta property=\"og:image:width\" content=\"557\" \/>\n\t<meta property=\"og:image:height\" content=\"800\" \/>\n\t<meta property=\"og:image:type\" content=\"image\/jpeg\" \/>\n<meta name=\"twitter:card\" content=\"summary_large_image\" \/>\n<meta name=\"twitter:label1\" content=\"Est. reading time\" \/>\n\t<meta name=\"twitter:data1\" content=\"1 minute\" \/>\n<script type=\"application\/ld+json\" class=\"yoast-schema-graph\">{\"@context\":\"https:\\\/\\\/schema.org\",\"@graph\":[{\"@type\":\"WebPage\",\"@id\":\"https:\\\/\\\/webknjizara.hr\\\/proizvod\\\/gradske-prometnice-tisak-crno-bijeli-ivan-legac-et-al\\\/\",\"url\":\"https:\\\/\\\/webknjizara.hr\\\/proizvod\\\/gradske-prometnice-tisak-crno-bijeli-ivan-legac-et-al\\\/\",\"name\":\"GRADSKE PROMETNICE (tisak crno - bijeli), Ivan Legac et.al. - Web-knji\u017eara\",\"isPartOf\":{\"@id\":\"https:\\\/\\\/webknjizara.hr\\\/#website\"},\"primaryImageOfPage\":{\"@id\":\"https:\\\/\\\/webknjizara.hr\\\/proizvod\\\/gradske-prometnice-tisak-crno-bijeli-ivan-legac-et-al\\\/#primaryimage\"},\"image\":{\"@id\":\"https:\\\/\\\/webknjizara.hr\\\/proizvod\\\/gradske-prometnice-tisak-crno-bijeli-ivan-legac-et-al\\\/#primaryimage\"},\"thumbnailUrl\":\"https:\\\/\\\/webknjizara.hr\\\/wp-content\\\/uploads\\\/nc\\\/images\\\/virtuemart\\\/product\\\/gradske-prometni-583defa5235b5.jpg\",\"datePublished\":\"2016-11-29T21:13:40+00:00\",\"dateModified\":\"2023-02-26T23:16:55+00:00\",\"breadcrumb\":{\"@id\":\"https:\\\/\\\/webknjizara.hr\\\/proizvod\\\/gradske-prometnice-tisak-crno-bijeli-ivan-legac-et-al\\\/#breadcrumb\"},\"inLanguage\":\"en-US\",\"potentialAction\":[{\"@type\":\"ReadAction\",\"target\":[\"https:\\\/\\\/webknjizara.hr\\\/proizvod\\\/gradske-prometnice-tisak-crno-bijeli-ivan-legac-et-al\\\/\"]}]},{\"@type\":\"ImageObject\",\"inLanguage\":\"en-US\",\"@id\":\"https:\\\/\\\/webknjizara.hr\\\/proizvod\\\/gradske-prometnice-tisak-crno-bijeli-ivan-legac-et-al\\\/#primaryimage\",\"url\":\"https:\\\/\\\/webknjizara.hr\\\/wp-content\\\/uploads\\\/nc\\\/images\\\/virtuemart\\\/product\\\/gradske-prometni-583defa5235b5.jpg\",\"contentUrl\":\"https:\\\/\\\/webknjizara.hr\\\/wp-content\\\/uploads\\\/nc\\\/images\\\/virtuemart\\\/product\\\/gradske-prometni-583defa5235b5.jpg\",\"width\":557,\"height\":800,\"caption\":\"GRADSKE PROMETNICE (tisak crno - bijeli), Ivan Legac et.al.\"},{\"@type\":\"BreadcrumbList\",\"@id\":\"https:\\\/\\\/webknjizara.hr\\\/proizvod\\\/gradske-prometnice-tisak-crno-bijeli-ivan-legac-et-al\\\/#breadcrumb\",\"itemListElement\":[{\"@type\":\"ListItem\",\"position\":1,\"name\":\"Po\u010detna stranica\",\"item\":\"https:\\\/\\\/webknjizara.hr\\\/en\\\/\"},{\"@type\":\"ListItem\",\"position\":2,\"name\":\"Shop\",\"item\":\"https:\\\/\\\/webknjizara.hr\\\/shop\\\/\"},{\"@type\":\"ListItem\",\"position\":3,\"name\":\"GRADSKE PROMETNICE (tisak crno &#8211; bijeli), Ivan Legac et.al.\"}]},{\"@type\":\"WebSite\",\"@id\":\"https:\\\/\\\/webknjizara.hr\\\/#website\",\"url\":\"https:\\\/\\\/webknjizara.hr\\\/\",\"name\":\"Web Knji\u017eara\",\"description\":\"\",\"publisher\":{\"@id\":\"https:\\\/\\\/webknjizara.hr\\\/#organization\"},\"potentialAction\":[{\"@type\":\"SearchAction\",\"target\":{\"@type\":\"EntryPoint\",\"urlTemplate\":\"https:\\\/\\\/webknjizara.hr\\\/?s={search_term_string}\"},\"query-input\":{\"@type\":\"PropertyValueSpecification\",\"valueRequired\":true,\"valueName\":\"search_term_string\"}}],\"inLanguage\":\"en-US\"},{\"@type\":\"Organization\",\"@id\":\"https:\\\/\\\/webknjizara.hr\\\/#organization\",\"name\":\"REDAK D.O.O.\",\"url\":\"https:\\\/\\\/webknjizara.hr\\\/\",\"logo\":{\"@type\":\"ImageObject\",\"inLanguage\":\"en-US\",\"@id\":\"https:\\\/\\\/webknjizara.hr\\\/#\\\/schema\\\/logo\\\/image\\\/\",\"url\":\"https:\\\/\\\/webknjizara.hr\\\/wp-content\\\/uploads\\\/2023\\\/01\\\/web-knjizara-logo.webp\",\"contentUrl\":\"https:\\\/\\\/webknjizara.hr\\\/wp-content\\\/uploads\\\/2023\\\/01\\\/web-knjizara-logo.webp\",\"width\":324,\"height\":79,\"caption\":\"REDAK D.O.O.\"},\"image\":{\"@id\":\"https:\\\/\\\/webknjizara.hr\\\/#\\\/schema\\\/logo\\\/image\\\/\"}}]}<\/script>\n<!-- \/ Yoast SEO plugin. -->","yoast_head_json":{"title":"GRADSKE PROMETNICE (tisak crno - bijeli), Ivan Legac et.al. - Web-knji\u017eara","robots":{"index":"index","follow":"follow","max-snippet":"max-snippet:-1","max-image-preview":"max-image-preview:large","max-video-preview":"max-video-preview:-1"},"canonical":"https:\/\/webknjizara.hr\/proizvod\/gradske-prometnice-tisak-crno-bijeli-ivan-legac-et-al\/","og_locale":"en_US","og_type":"article","og_title":"GRADSKE PROMETNICE (tisak crno - bijeli), Ivan Legac et.al. - Web-knji\u017eara","og_description":"Ovo je crno-bijela verzija knjige. Kliknite ovdje za verziju u boji. Sa\u017eetak:\u00a0 Knjiga je po temeljnoj namjeni posve\u0107ena razvoju istra\u017eiva\u010dkog pristupa u rje\u0161avanju problema i \u0161irem razvoju prometno-tehni\u010dke struke za urbana podru\u010dja. U strukturno-sadr\u017eajnom pogledu \u010detiri su ve\u0107e tematske cjeline ove knjige: poglavlja I.-IV. opisuju urbanisti\u010dko-prometnu problematiku, velike prometne podsustave te okvire za projektiranje gradskih [&hellip;]","og_url":"https:\/\/webknjizara.hr\/proizvod\/gradske-prometnice-tisak-crno-bijeli-ivan-legac-et-al\/","og_site_name":"Web-knji\u017eara","article_modified_time":"2023-02-26T23:16:55+00:00","og_image":[{"width":557,"height":800,"url":"https:\/\/webknjizara.hr\/wp-content\/uploads\/nc\/images\/virtuemart\/product\/gradske-prometni-583defa5235b5.jpg","type":"image\/jpeg"}],"twitter_card":"summary_large_image","twitter_misc":{"Est. reading time":"1 minute"},"schema":{"@context":"https:\/\/schema.org","@graph":[{"@type":"WebPage","@id":"https:\/\/webknjizara.hr\/proizvod\/gradske-prometnice-tisak-crno-bijeli-ivan-legac-et-al\/","url":"https:\/\/webknjizara.hr\/proizvod\/gradske-prometnice-tisak-crno-bijeli-ivan-legac-et-al\/","name":"GRADSKE PROMETNICE (tisak crno - bijeli), Ivan Legac et.al. - Web-knji\u017eara","isPartOf":{"@id":"https:\/\/webknjizara.hr\/#website"},"primaryImageOfPage":{"@id":"https:\/\/webknjizara.hr\/proizvod\/gradske-prometnice-tisak-crno-bijeli-ivan-legac-et-al\/#primaryimage"},"image":{"@id":"https:\/\/webknjizara.hr\/proizvod\/gradske-prometnice-tisak-crno-bijeli-ivan-legac-et-al\/#primaryimage"},"thumbnailUrl":"https:\/\/webknjizara.hr\/wp-content\/uploads\/nc\/images\/virtuemart\/product\/gradske-prometni-583defa5235b5.jpg","datePublished":"2016-11-29T21:13:40+00:00","dateModified":"2023-02-26T23:16:55+00:00","breadcrumb":{"@id":"https:\/\/webknjizara.hr\/proizvod\/gradske-prometnice-tisak-crno-bijeli-ivan-legac-et-al\/#breadcrumb"},"inLanguage":"en-US","potentialAction":[{"@type":"ReadAction","target":["https:\/\/webknjizara.hr\/proizvod\/gradske-prometnice-tisak-crno-bijeli-ivan-legac-et-al\/"]}]},{"@type":"ImageObject","inLanguage":"en-US","@id":"https:\/\/webknjizara.hr\/proizvod\/gradske-prometnice-tisak-crno-bijeli-ivan-legac-et-al\/#primaryimage","url":"https:\/\/webknjizara.hr\/wp-content\/uploads\/nc\/images\/virtuemart\/product\/gradske-prometni-583defa5235b5.jpg","contentUrl":"https:\/\/webknjizara.hr\/wp-content\/uploads\/nc\/images\/virtuemart\/product\/gradske-prometni-583defa5235b5.jpg","width":557,"height":800,"caption":"GRADSKE PROMETNICE (tisak crno - bijeli), Ivan Legac et.al."},{"@type":"BreadcrumbList","@id":"https:\/\/webknjizara.hr\/proizvod\/gradske-prometnice-tisak-crno-bijeli-ivan-legac-et-al\/#breadcrumb","itemListElement":[{"@type":"ListItem","position":1,"name":"Po\u010detna stranica","item":"https:\/\/webknjizara.hr\/en\/"},{"@type":"ListItem","position":2,"name":"Shop","item":"https:\/\/webknjizara.hr\/shop\/"},{"@type":"ListItem","position":3,"name":"GRADSKE PROMETNICE (tisak crno &#8211; bijeli), Ivan Legac et.al."}]},{"@type":"WebSite","@id":"https:\/\/webknjizara.hr\/#website","url":"https:\/\/webknjizara.hr\/","name":"Web Knji\u017eara","description":"","publisher":{"@id":"https:\/\/webknjizara.hr\/#organization"},"potentialAction":[{"@type":"SearchAction","target":{"@type":"EntryPoint","urlTemplate":"https:\/\/webknjizara.hr\/?s={search_term_string}"},"query-input":{"@type":"PropertyValueSpecification","valueRequired":true,"valueName":"search_term_string"}}],"inLanguage":"en-US"},{"@type":"Organization","@id":"https:\/\/webknjizara.hr\/#organization","name":"REDAK D.O.O.","url":"https:\/\/webknjizara.hr\/","logo":{"@type":"ImageObject","inLanguage":"en-US","@id":"https:\/\/webknjizara.hr\/#\/schema\/logo\/image\/","url":"https:\/\/webknjizara.hr\/wp-content\/uploads\/2023\/01\/web-knjizara-logo.webp","contentUrl":"https:\/\/webknjizara.hr\/wp-content\/uploads\/2023\/01\/web-knjizara-logo.webp","width":324,"height":79,"caption":"REDAK D.O.O."},"image":{"@id":"https:\/\/webknjizara.hr\/#\/schema\/logo\/image\/"}}]}},"_links":{"self":[{"href":"https:\/\/webknjizara.hr\/en\/wp-json\/wp\/v2\/product\/8363","targetHints":{"allow":["GET"]}}],"collection":[{"href":"https:\/\/webknjizara.hr\/en\/wp-json\/wp\/v2\/product"}],"about":[{"href":"https:\/\/webknjizara.hr\/en\/wp-json\/wp\/v2\/types\/product"}],"replies":[{"embeddable":true,"href":"https:\/\/webknjizara.hr\/en\/wp-json\/wp\/v2\/comments?post=8363"}],"wp:featuredmedia":[{"embeddable":true,"href":"https:\/\/webknjizara.hr\/en\/wp-json\/wp\/v2\/media\/8364"}],"wp:attachment":[{"href":"https:\/\/webknjizara.hr\/en\/wp-json\/wp\/v2\/media?parent=8363"}],"wp:term":[{"taxonomy":"product_brand","embeddable":true,"href":"https:\/\/webknjizara.hr\/en\/wp-json\/wp\/v2\/product_brand?post=8363"},{"taxonomy":"product_cat","embeddable":true,"href":"https:\/\/webknjizara.hr\/en\/wp-json\/wp\/v2\/product_cat?post=8363"},{"taxonomy":"product_tag","embeddable":true,"href":"https:\/\/webknjizara.hr\/en\/wp-json\/wp\/v2\/product_tag?post=8363"}],"curies":[{"name":"wp","href":"https:\/\/api.w.org\/{rel}","templated":true}]}}