{"id":8359,"date":"2016-11-18T23:59:51","date_gmt":"2016-11-18T23:59:51","guid":{"rendered":"https:\/\/webknjizara.hr\/?product=heretici-vladimir-jakopanec"},"modified":"2023-02-27T00:16:55","modified_gmt":"2023-02-26T23:16:55","slug":"heretici-vladimir-jakopanec","status":"publish","type":"product","link":"https:\/\/webknjizara.hr\/en\/proizvod\/heretici-vladimir-jakopanec\/","title":{"rendered":"HERETICI, Vladimir Jakopanec"},"content":{"rendered":"<p style=\"text-align: justify;\"><strong>Sa\u017eetak:<\/strong> <\/p>\n<p>Vladimir Jakopanec, autor romana <em>U zamci Nefretitis<\/em> i zbirke kratkih pri\u010da <a href=\"index.php?page=shop.product_details&#038;flypage=flypage.tpl&#038;product_id=450&#038;category_id=4&#038;vmcchk=1&#038;option=com_virtuemart&#038;Itemid=28\" target=\"_blank\" rel=\"noopener\"><em>Omorina<\/em><\/a>, u svom novom romanu Heretici inspiriran je posve novom temom, koja u nas jo\u0161 uvijek nije dovoljno obra\u0111ena. U fokusu njegova promi\u0161ljanja ovoga puta je sudar novih, iluzornih i starih, oko\u0161talih dru\u0161tvenih i religijskih ideja i sustava na tradicionalno katoli\u010dkom, hrvatskom tlu dvadesetoga stolje\u0107a. <\/p>\n<p>Roman je zami\u0161ljen kao nesvakida\u0161nja surova potraga za istinom i spoznajom. Dvije su to, zapravo pri\u010de, iz dva razli\u010dita perioda hrvatske povijesti. Iako vremenski udaljene, one se kako radnja odmi\u010de, sve vi\u0161e pribli\u017eavaju jedna drugoj, da bi se na kraju srele i stopile u jednu intrigantnu pri\u010du o izgubljenosti i nadi, ljubavi i \u017ertvi, koje \u010desto prate svaku iskrenu potragu za istinom. <\/p>\n<p>Glavni likovi romana su svakodnevni, obi\u010dni ljudi, koje \u017eivot dovodi u situacije u kojima \u0107e se susresti s ne\u010dim novim, nepoznatim, i ti \u0107e im se novi izazovi \u010diniti pravim odgovorom na vje\u010dito tra\u017eenje po\u010detka i smisla. Iako u romanu ima podosta dru\u0161tvenih, povijesnih, filozofskih i teolo\u0161kih rasprava i nedoumica, koje su znala\u010dki i gotovo neprimjetno ugra\u0111ene u pri\u010du, pisac ne tvrdi tko je u pravu i ne otkriva gdje je istina. On svoje junake stavlja u situacije u kojima \u0107e se, tra\u017ee\u0107i smisao vjere i istine, morati sukobiti s dru\u0161tvom i samima sobom, situacije u kojima \u0107e na vitalna pitanja smisla morati sami prona\u0107i odgovore, kad se ponovno na\u0111u na po\u010detku kruga odakle su i krenuli. Nije to pri\u010da o besmislu, ve\u0107 o tragi\u010dnom putu tra\u017eenja smisla, koga je ponekad u kompliciranom dru\u0161tvenom labirintu gotovo nemogu\u0107e na\u0107i.<\/p>\n<p>Jakopanec u svom pripovijedanju osim izuzetne, dramski odli\u010dno obra\u0111ene fabule, koristi i sna\u017ene stilske kontraste, \u0161to pri\u010di daje poseban kolorit, o\u0161trinu i dinamiku. U dijelovima romana koji nas vra\u0107aju u seosku stvarnost zagorskoga seljaka iz vremena Prvoga svjetskog rata, autor se slu\u017ei stilom koji neodoljivo podsje\u0107a na hrvatski realisti\u010dki roman, da bi u drugoj pri\u010di iz sedamdesetih pro\u0161loga stolje\u0107a, sve dobilo na suvremenosti, ubrzanju i dinamici. Vrlo virtuozno, autor dakle, kroz pri\u010du vodi dva stila, dva glavna lika iz dva razli\u010dita vremenska perioda, dva razli\u010dita momenta hrvatske povijesti, dvije religije, dva razli\u010dita puta u tra\u017eenju istih odgovora. Ono \u0161to povezuje ovaj dualizam, glavna je ideja romana: dakle susret jednostavnih, radoznalih i ambicioznih ljudi s novom vizijom \u017eivota, novim idejama, \u0161to u njima budi \u017eelju za promjenom i napretkom, \u017eelju da dosegnu istinu i da spoznaju smisao postojanja. Izi\u0161av\u0161i iz stereotipnih dru\u0161tvenih oklopa koji ih sputavaju, misle da kre\u0107u u ne\u0161to bolje i vrjednije \u017eivljenja. Na\u017ealost, na tom romanti\u010dnom putu otkrivanja fatamorgane velikih \u017eivotnih istina, susre\u0107u se i s interesima raznih manipulatora i oko\u0161talih dru\u0161tvenih institucija, koje ih u tom ambicioznom i naivnom poletu ubijaju i ru\u0161e. \u010covjekova skromna svakodnevica, tako\u0111er je ponekad ispresijecana velikim povijesnim doga\u0111anjima, i u svemu tome on biva dezorijentiran u stvarnosti i u njoj se gubi. <\/p>\n<p> Jakopanec se u izri\u010daju slu\u017ei \u010ditavom lepezom jezi\u010dnih mogu\u0107nosti i nudi nam svu rasko\u0161 hrvatskoga jezika: od standardnog, koji je ugra\u0111en u naraciju pripovjeda\u010da, preko zagreba\u010dkog slenga, pa sve do rasko\u0161noga, autenti\u010dnog zagorsko-vo\u0107anskog dijalekta, koga je autor ukrao zaboravu.<\/p>\n<p style=\"text-align: justify;\"><strong>Bilje\u0161ka o autoru:<\/strong> <\/p>\n<p>Vladimir Jakopanec, ro\u0111en je 1948. godine u \u017eivopisnome selu Vo\u0107a Gornja, u srcu Hrvatskoga Zagorja, a odrastao u Koprivnici gdje je zavr\u0161io osnovnu \u0161kolu. Vladimir Jakopanec studirao je engleski i hrvatski jezik na Filozofskom fakultetu i teologiju na Katoli\u010dkom bogoslovnom fakultetu u Zagrebu. Od 1987. Vladimir Jakopanec \u017eivi i radi u Melbournu, gdje je dvadesetak godina vodio studio za restauriranje pozla\u0107enih antikviteta i skulpturu u bronci. Povremeno pi\u0161e za hrvatski tisak u Australiji, a bio je i dugogodi\u0161nji urednik i voditelj hrvatskoga programa na <em>3mdr<\/em> radiju u Melbourneu. Posljednjih godina radi kao nastavnik hrvatskoga jezika na Victorian School of Languages u Melbourneu.<\/p>\n<p>Prva zbirka pjesama objavljena mu je 1977. u Zagrebu, a onda <em>Rije\u010d i njene sjene<\/em> 2002. u Melbourneu. Prozu je po\u010deo objavljivati 2013. i to romanom <em>U zamci Nefretitis<\/em>, da bi 2015. objavio knjigu pri\u010da <em>Omorina<\/em>, koja je iza\u0161la u dva izdanja: <em>Redak<\/em>, Split, za Hrvatsku i <em>Galeria<\/em>, Melbourne, za Australiju.<\/p>\n<p style=\"text-align: justify;\"><strong>Klju\u010dne rije\u010di:<\/strong> Roman, hrvatsko prolje\u0107e, ljubav, Prvi svjetski rat, religija, protestantizam, katolici, Zagreb, Vo\u0107a, Zagorje<\/p>\n<p><strong>E-mail:<\/strong>\u00a0<a href=\"mailto:jakopanetz@hotmail.com\">Vladimir Jakopanec<\/a><\/p>\n<p style=\"text-align: justify;\"><strong>Naslov:<\/strong> Heretici<br \/><strong>Autor:<\/strong> Vladimir Jakopanec<br \/><strong>Broj stranica:<\/strong> 332<br \/><strong>Nakladnik:<\/strong> REDAK<br \/><strong>Godina izdanja:<\/strong> 2016.<br \/><strong>ISBN:<\/strong> 978-953-336-349-3<br \/><strong>Tisak:<\/strong> digitalni tisak knjiga &#8211; print na zahtjev\u00a0<\/p>\n<hr \/>\n<p style=\"text-align: justify;\"><strong>Kako naru\u010diti knjigu?\u00a0<\/strong>Proces online kupovine jednako funkcionira za sve kupce, s jedinom razlikom u tome \u0161to \u0161to kupci iz inozemstva za podru\u010dje dostave moraju odabrati &#8220;Europa&#8221; ili &#8220;Ostale zemlje svijeta&#8221;, a za vrstu pla\u0107anja WSPay (kreditna kartica) ili Virmanom (bankovni transfer).<\/p>\n<p style=\"text-align: justify;\">Molimo kliknite ovdje za\u00a0<a href=\"hr\/kako-kupovati\" target=\"_blank\" rel=\"noopener\">detaljni vodi\u010d kroz proces narud\u017ebe<\/a>\u00a0ili nas\u00a0<a href=\"hr\/kontakt\" target=\"_blank\" rel=\"noopener\">kontaktirajte<\/a>\u00a0za vi\u0161e informacija.<\/p>\n","protected":false},"excerpt":{"rendered":"<p>Sa\u017eetak: Vladimir Jakopanec, autor romana U zamci Nefretitis i zbirke kratkih pri\u010da Omorina, u svom novom romanu Heretici inspiriran je posve novom temom, koja u nas jo\u0161 uvijek nije dovoljno obra\u0111ena. U fokusu njegova promi\u0161ljanja ovoga puta je sudar novih, iluzornih i starih, oko\u0161talih dru\u0161tvenih i religijskih ideja i sustava na tradicionalno katoli\u010dkom, hrvatskom tlu [&hellip;]<\/p>\n","protected":false},"featured_media":8360,"comment_status":"open","ping_status":"closed","template":"","meta":{"_acf_changed":false},"product_brand":[],"product_cat":[1383,1385],"product_tag":[],"class_list":{"0":"post-8359","1":"product","2":"type-product","3":"status-publish","4":"has-post-thumbnail","6":"product_cat-knjige","7":"product_cat-knjizevnost","8":"pa_autor-vladimir-jakopanec","9":"pa_nakladnik-redak","11":"first","12":"instock","13":"shipping-taxable","14":"purchasable","15":"product-type-simple"},"acf":[],"yoast_head":"<!-- This site is optimized with the Yoast SEO plugin v27.3 - https:\/\/yoast.com\/product\/yoast-seo-wordpress\/ -->\n<title>HERETICI, Vladimir Jakopanec - Web-knji\u017eara<\/title>\n<meta name=\"robots\" content=\"index, follow, max-snippet:-1, max-image-preview:large, max-video-preview:-1\" \/>\n<link rel=\"canonical\" href=\"https:\/\/webknjizara.hr\/proizvod\/heretici-vladimir-jakopanec\/\" \/>\n<meta property=\"og:locale\" content=\"en_US\" \/>\n<meta property=\"og:type\" content=\"article\" \/>\n<meta property=\"og:title\" content=\"HERETICI, Vladimir Jakopanec - Web-knji\u017eara\" \/>\n<meta property=\"og:description\" content=\"Sa\u017eetak: Vladimir Jakopanec, autor romana U zamci Nefretitis i zbirke kratkih pri\u010da Omorina, u svom novom romanu Heretici inspiriran je posve novom temom, koja u nas jo\u0161 uvijek nije dovoljno obra\u0111ena. U fokusu njegova promi\u0161ljanja ovoga puta je sudar novih, iluzornih i starih, oko\u0161talih dru\u0161tvenih i religijskih ideja i sustava na tradicionalno katoli\u010dkom, hrvatskom tlu [&hellip;]\" \/>\n<meta property=\"og:url\" content=\"https:\/\/webknjizara.hr\/proizvod\/heretici-vladimir-jakopanec\/\" \/>\n<meta property=\"og:site_name\" content=\"Web-knji\u017eara\" \/>\n<meta property=\"article:modified_time\" content=\"2023-02-26T23:16:55+00:00\" \/>\n<meta property=\"og:image\" content=\"https:\/\/webknjizara.hr\/wp-content\/uploads\/nc\/images\/virtuemart\/product\/heretici-vladim-582f95f77126e.jpg\" \/>\n\t<meta property=\"og:image:width\" content=\"573\" \/>\n\t<meta property=\"og:image:height\" content=\"800\" \/>\n\t<meta property=\"og:image:type\" content=\"image\/jpeg\" \/>\n<meta name=\"twitter:card\" content=\"summary_large_image\" \/>\n<meta name=\"twitter:label1\" content=\"Est. reading time\" \/>\n\t<meta name=\"twitter:data1\" content=\"4 minutes\" \/>\n<script type=\"application\/ld+json\" class=\"yoast-schema-graph\">{\"@context\":\"https:\\\/\\\/schema.org\",\"@graph\":[{\"@type\":\"WebPage\",\"@id\":\"https:\\\/\\\/webknjizara.hr\\\/proizvod\\\/heretici-vladimir-jakopanec\\\/\",\"url\":\"https:\\\/\\\/webknjizara.hr\\\/proizvod\\\/heretici-vladimir-jakopanec\\\/\",\"name\":\"HERETICI, Vladimir Jakopanec - Web-knji\u017eara\",\"isPartOf\":{\"@id\":\"https:\\\/\\\/webknjizara.hr\\\/#website\"},\"primaryImageOfPage\":{\"@id\":\"https:\\\/\\\/webknjizara.hr\\\/proizvod\\\/heretici-vladimir-jakopanec\\\/#primaryimage\"},\"image\":{\"@id\":\"https:\\\/\\\/webknjizara.hr\\\/proizvod\\\/heretici-vladimir-jakopanec\\\/#primaryimage\"},\"thumbnailUrl\":\"https:\\\/\\\/webknjizara.hr\\\/wp-content\\\/uploads\\\/nc\\\/images\\\/virtuemart\\\/product\\\/heretici-vladim-582f95f77126e.jpg\",\"datePublished\":\"2016-11-18T23:59:51+00:00\",\"dateModified\":\"2023-02-26T23:16:55+00:00\",\"breadcrumb\":{\"@id\":\"https:\\\/\\\/webknjizara.hr\\\/proizvod\\\/heretici-vladimir-jakopanec\\\/#breadcrumb\"},\"inLanguage\":\"en-US\",\"potentialAction\":[{\"@type\":\"ReadAction\",\"target\":[\"https:\\\/\\\/webknjizara.hr\\\/proizvod\\\/heretici-vladimir-jakopanec\\\/\"]}]},{\"@type\":\"ImageObject\",\"inLanguage\":\"en-US\",\"@id\":\"https:\\\/\\\/webknjizara.hr\\\/proizvod\\\/heretici-vladimir-jakopanec\\\/#primaryimage\",\"url\":\"https:\\\/\\\/webknjizara.hr\\\/wp-content\\\/uploads\\\/nc\\\/images\\\/virtuemart\\\/product\\\/heretici-vladim-582f95f77126e.jpg\",\"contentUrl\":\"https:\\\/\\\/webknjizara.hr\\\/wp-content\\\/uploads\\\/nc\\\/images\\\/virtuemart\\\/product\\\/heretici-vladim-582f95f77126e.jpg\",\"width\":573,\"height\":800,\"caption\":\"HERETICI, Vladimir Jakopanec\"},{\"@type\":\"BreadcrumbList\",\"@id\":\"https:\\\/\\\/webknjizara.hr\\\/proizvod\\\/heretici-vladimir-jakopanec\\\/#breadcrumb\",\"itemListElement\":[{\"@type\":\"ListItem\",\"position\":1,\"name\":\"Po\u010detna stranica\",\"item\":\"https:\\\/\\\/webknjizara.hr\\\/en\\\/\"},{\"@type\":\"ListItem\",\"position\":2,\"name\":\"Shop\",\"item\":\"https:\\\/\\\/webknjizara.hr\\\/shop\\\/\"},{\"@type\":\"ListItem\",\"position\":3,\"name\":\"HERETICI, Vladimir Jakopanec\"}]},{\"@type\":\"WebSite\",\"@id\":\"https:\\\/\\\/webknjizara.hr\\\/#website\",\"url\":\"https:\\\/\\\/webknjizara.hr\\\/\",\"name\":\"Web Knji\u017eara\",\"description\":\"\",\"publisher\":{\"@id\":\"https:\\\/\\\/webknjizara.hr\\\/#organization\"},\"potentialAction\":[{\"@type\":\"SearchAction\",\"target\":{\"@type\":\"EntryPoint\",\"urlTemplate\":\"https:\\\/\\\/webknjizara.hr\\\/?s={search_term_string}\"},\"query-input\":{\"@type\":\"PropertyValueSpecification\",\"valueRequired\":true,\"valueName\":\"search_term_string\"}}],\"inLanguage\":\"en-US\"},{\"@type\":\"Organization\",\"@id\":\"https:\\\/\\\/webknjizara.hr\\\/#organization\",\"name\":\"REDAK D.O.O.\",\"url\":\"https:\\\/\\\/webknjizara.hr\\\/\",\"logo\":{\"@type\":\"ImageObject\",\"inLanguage\":\"en-US\",\"@id\":\"https:\\\/\\\/webknjizara.hr\\\/#\\\/schema\\\/logo\\\/image\\\/\",\"url\":\"https:\\\/\\\/webknjizara.hr\\\/wp-content\\\/uploads\\\/2023\\\/01\\\/web-knjizara-logo.webp\",\"contentUrl\":\"https:\\\/\\\/webknjizara.hr\\\/wp-content\\\/uploads\\\/2023\\\/01\\\/web-knjizara-logo.webp\",\"width\":324,\"height\":79,\"caption\":\"REDAK D.O.O.\"},\"image\":{\"@id\":\"https:\\\/\\\/webknjizara.hr\\\/#\\\/schema\\\/logo\\\/image\\\/\"}}]}<\/script>\n<!-- \/ Yoast SEO plugin. -->","yoast_head_json":{"title":"HERETICI, Vladimir Jakopanec - Web-knji\u017eara","robots":{"index":"index","follow":"follow","max-snippet":"max-snippet:-1","max-image-preview":"max-image-preview:large","max-video-preview":"max-video-preview:-1"},"canonical":"https:\/\/webknjizara.hr\/proizvod\/heretici-vladimir-jakopanec\/","og_locale":"en_US","og_type":"article","og_title":"HERETICI, Vladimir Jakopanec - Web-knji\u017eara","og_description":"Sa\u017eetak: Vladimir Jakopanec, autor romana U zamci Nefretitis i zbirke kratkih pri\u010da Omorina, u svom novom romanu Heretici inspiriran je posve novom temom, koja u nas jo\u0161 uvijek nije dovoljno obra\u0111ena. U fokusu njegova promi\u0161ljanja ovoga puta je sudar novih, iluzornih i starih, oko\u0161talih dru\u0161tvenih i religijskih ideja i sustava na tradicionalno katoli\u010dkom, hrvatskom tlu [&hellip;]","og_url":"https:\/\/webknjizara.hr\/proizvod\/heretici-vladimir-jakopanec\/","og_site_name":"Web-knji\u017eara","article_modified_time":"2023-02-26T23:16:55+00:00","og_image":[{"width":573,"height":800,"url":"https:\/\/webknjizara.hr\/wp-content\/uploads\/nc\/images\/virtuemart\/product\/heretici-vladim-582f95f77126e.jpg","type":"image\/jpeg"}],"twitter_card":"summary_large_image","twitter_misc":{"Est. reading time":"4 minutes"},"schema":{"@context":"https:\/\/schema.org","@graph":[{"@type":"WebPage","@id":"https:\/\/webknjizara.hr\/proizvod\/heretici-vladimir-jakopanec\/","url":"https:\/\/webknjizara.hr\/proizvod\/heretici-vladimir-jakopanec\/","name":"HERETICI, Vladimir Jakopanec - Web-knji\u017eara","isPartOf":{"@id":"https:\/\/webknjizara.hr\/#website"},"primaryImageOfPage":{"@id":"https:\/\/webknjizara.hr\/proizvod\/heretici-vladimir-jakopanec\/#primaryimage"},"image":{"@id":"https:\/\/webknjizara.hr\/proizvod\/heretici-vladimir-jakopanec\/#primaryimage"},"thumbnailUrl":"https:\/\/webknjizara.hr\/wp-content\/uploads\/nc\/images\/virtuemart\/product\/heretici-vladim-582f95f77126e.jpg","datePublished":"2016-11-18T23:59:51+00:00","dateModified":"2023-02-26T23:16:55+00:00","breadcrumb":{"@id":"https:\/\/webknjizara.hr\/proizvod\/heretici-vladimir-jakopanec\/#breadcrumb"},"inLanguage":"en-US","potentialAction":[{"@type":"ReadAction","target":["https:\/\/webknjizara.hr\/proizvod\/heretici-vladimir-jakopanec\/"]}]},{"@type":"ImageObject","inLanguage":"en-US","@id":"https:\/\/webknjizara.hr\/proizvod\/heretici-vladimir-jakopanec\/#primaryimage","url":"https:\/\/webknjizara.hr\/wp-content\/uploads\/nc\/images\/virtuemart\/product\/heretici-vladim-582f95f77126e.jpg","contentUrl":"https:\/\/webknjizara.hr\/wp-content\/uploads\/nc\/images\/virtuemart\/product\/heretici-vladim-582f95f77126e.jpg","width":573,"height":800,"caption":"HERETICI, Vladimir Jakopanec"},{"@type":"BreadcrumbList","@id":"https:\/\/webknjizara.hr\/proizvod\/heretici-vladimir-jakopanec\/#breadcrumb","itemListElement":[{"@type":"ListItem","position":1,"name":"Po\u010detna stranica","item":"https:\/\/webknjizara.hr\/en\/"},{"@type":"ListItem","position":2,"name":"Shop","item":"https:\/\/webknjizara.hr\/shop\/"},{"@type":"ListItem","position":3,"name":"HERETICI, Vladimir Jakopanec"}]},{"@type":"WebSite","@id":"https:\/\/webknjizara.hr\/#website","url":"https:\/\/webknjizara.hr\/","name":"Web Knji\u017eara","description":"","publisher":{"@id":"https:\/\/webknjizara.hr\/#organization"},"potentialAction":[{"@type":"SearchAction","target":{"@type":"EntryPoint","urlTemplate":"https:\/\/webknjizara.hr\/?s={search_term_string}"},"query-input":{"@type":"PropertyValueSpecification","valueRequired":true,"valueName":"search_term_string"}}],"inLanguage":"en-US"},{"@type":"Organization","@id":"https:\/\/webknjizara.hr\/#organization","name":"REDAK D.O.O.","url":"https:\/\/webknjizara.hr\/","logo":{"@type":"ImageObject","inLanguage":"en-US","@id":"https:\/\/webknjizara.hr\/#\/schema\/logo\/image\/","url":"https:\/\/webknjizara.hr\/wp-content\/uploads\/2023\/01\/web-knjizara-logo.webp","contentUrl":"https:\/\/webknjizara.hr\/wp-content\/uploads\/2023\/01\/web-knjizara-logo.webp","width":324,"height":79,"caption":"REDAK D.O.O."},"image":{"@id":"https:\/\/webknjizara.hr\/#\/schema\/logo\/image\/"}}]}},"_links":{"self":[{"href":"https:\/\/webknjizara.hr\/en\/wp-json\/wp\/v2\/product\/8359","targetHints":{"allow":["GET"]}}],"collection":[{"href":"https:\/\/webknjizara.hr\/en\/wp-json\/wp\/v2\/product"}],"about":[{"href":"https:\/\/webknjizara.hr\/en\/wp-json\/wp\/v2\/types\/product"}],"replies":[{"embeddable":true,"href":"https:\/\/webknjizara.hr\/en\/wp-json\/wp\/v2\/comments?post=8359"}],"wp:featuredmedia":[{"embeddable":true,"href":"https:\/\/webknjizara.hr\/en\/wp-json\/wp\/v2\/media\/8360"}],"wp:attachment":[{"href":"https:\/\/webknjizara.hr\/en\/wp-json\/wp\/v2\/media?parent=8359"}],"wp:term":[{"taxonomy":"product_brand","embeddable":true,"href":"https:\/\/webknjizara.hr\/en\/wp-json\/wp\/v2\/product_brand?post=8359"},{"taxonomy":"product_cat","embeddable":true,"href":"https:\/\/webknjizara.hr\/en\/wp-json\/wp\/v2\/product_cat?post=8359"},{"taxonomy":"product_tag","embeddable":true,"href":"https:\/\/webknjizara.hr\/en\/wp-json\/wp\/v2\/product_tag?post=8359"}],"curies":[{"name":"wp","href":"https:\/\/api.w.org\/{rel}","templated":true}]}}