{"id":8353,"date":"2016-11-15T19:22:07","date_gmt":"2016-11-15T19:22:07","guid":{"rendered":"https:\/\/webknjizara.hr\/?product=mir-duse-miroslav-boric"},"modified":"2023-02-27T00:16:55","modified_gmt":"2023-02-26T23:16:55","slug":"mir-duse-miroslav-boric","status":"publish","type":"product","link":"https:\/\/webknjizara.hr\/en\/proizvod\/mir-duse-miroslav-boric\/","title":{"rendered":"MIR DU\u0160E, Miroslav Bori\u0107"},"content":{"rendered":"<p style=\"text-align: justify;\"><strong><br \/>Sa\u017eetak:<\/strong>\u00a0\u00a0<\/p>\n<p><em>Ova nova autorova samostalna knjiga poezije,\u201c Mir\u00a0du\u0161e\u201c, otkriva nam najplemenitije osje\u0107aje prema\u00a0\u017eenskome bi\u0107u te va\u017enost, snagu i veli\u010dinu ljubavi.\u00a0Romantik u du\u0161i, gospodin pravoga \u0161lifa i razigrano\u00a0zavodljivog pjesni\u010dkog \u0161arma svojim stihovima podastire nam istinito bogatsvo dobrodu\u0161nosti. Otkriva nam svoje\u00a0snove, \u017eelje, nadanja i htijenja vezana za lik \u017eene.\u00a0<\/em><\/p>\n<p><em>Kroz njegove stihove progovara srce, du\u0161a pjeva, a snovi su\u00a0ispunjeni senzualno\u0161\u0107u i puteno\u0161\u0107u slave\u0107i bogatsva \u017eenskoga\u00a0tijela i bi\u0107a. On \u017eenu postavlja na pijedestal \u017eivota nazivaju\u0107i ju\u00a0vilom i tepaju\u0107i joj rije\u010dju malena. Glorificiranje \u017eene ne umanjuje\u00a0\u010dak i kada opisuje \u017eivotne situacije razdvojenosti ili odbijanja,<\/em><br \/><em>dapa\u010de snagu svoje ljubavi pokazuje prihva\u0107anjem \u017ertve odlaskom\u00a0u ime ljubavi i sre\u0107e \u017eene.\u00a0Autor je pjesnik i \u010dovjek slobodnoga duha, a \u0161irokih i\u00a0otvorenih pogleda te kao takav ponosno progovara o seksualnosti\u00a0vje\u0161to ni\u017eu\u0107i profinjene rije\u010di u stihovi bez imalo vulgarnosti.\u00a0Romanti\u010dne du\u0161e ne odustaje od ljubavi i kada progovara\u00a0sjetom ili optere\u0107en grubo\u0161\u0107u i surovo\u0161\u0107u stvarnoga \u017eivota. Svoju\u00a0snagu crpi iz osje\u0107aja stvaraju\u0107i stihove u kojima isprepli\u0107e san i\u00a0javu, pro\u0161lost i sada\u0161njost ne gube\u0107i spoznaju istine koja mu je\u00a0temeljno mjerilo vrijednosti \u010dime \u010ditatelja poti\u010de na razmi\u0161ljanje i\u00a0samopropitivanje. Sve pjesme su odraz njegove duhovnosti, sna\u017ene ljepote \u010diste\u00a0osje\u0107ajnosti kao i veli\u010dine njegovih misaonih prostranstava.\u00a0<\/em><\/p>\n<p><em>On je pjesnik slobodnog stiha, neoptere\u0107en ritmom i zadanim\u00a0pjesni\u010dkim formama. Pi\u0161e jezikom razumljivim \u201cobi\u010dnom\u201c \u010dovjeku kao i dijalektom svoga rodnoga otoka Raba.\u00a0Znaju\u0107i njegovu neiscrpnost vrela stihova unaprijed se\u00a0radujem i nestrpljivo \u010dekam novu knjigu pjesama jer nam autor\u00a0zasigurno ima jo\u0161 mnogo za pru\u017eiti i podijeliti sa nama.<\/em><\/p>\n<p style=\"text-align: justify;\">&#8211; Spisateljica Mirjana Gaura<\/p>\n<p><em>Vo najnovoto poetska kniga &#8220;Mirot na dusata&#8221;, poetot\u00a0Miroslav Mirko Boric, ni gi otkriva najblagorodnite cuvstva\u00a0kon zenskoto bitie, odnosno goleminata i mokta na ljubovta.\u00a0Romantik vo srceto, poetot Bori\u0107, so prefinetost i razigran\u00a0poetski \u0161arm, ni go pretstavuva vistinskototo bogatstvo na\u00a0\u010duvstvata.Toj, ni gi otkriva svoite sonista, zelbi i nadezi vo vrska so\u00a0likot na zenata. <\/em><\/p>\n<p><em>Preku svojata poezija, zboruva za zaljubenoto srce,\u00a0du\u0161ata pee a sonistata se ispolneti so senzualnost, i na takov na\u010din\u00a0go iskazuva bogatstvoto na \u017eenskoto telo i bitie. Toj ja stava\u00a0\u017eenata na piedestal na \u017eivotot, narekuvajki ja samovila, zboruvajki i so ne\u017eni i milni zborovi. Vozdignuvanjeto na \u017eenata ne e\u00a0namaleno i koga poetot opisuva \u017eivotni situacii na podelba i\u00a0odbivanje. Avtorot e poet i \u010dovek so sloboden duh, so \u0161irok i\u00a0otvore \u00a0pogled i kako takov, gordo zboruva za seksualnosta, vesto\u00a0pisuva so prefineti zborovi bez vulgarnost\u00a0Romanti\u010dnite du\u0161i ne se otkazuvaat od ljubovta. I koga poetot\u00a0Bori\u0107 e zamislen ili optovaren od surovosta na realniot svet, toj\u00a0pak ja slavi ljubovta. Poetot, svojata sila ja crpi od \u010duvstvata na\u00a0sozdavanje na stihovite kade \u0161to se isprepletuva sonot i javeto,\u00a0minatoto i segasnosta, bez gubenje na poznavanjeto na vistinata\u00a0deka toa e osnovna merka za vrednosta na ona \u0161to \u010ditatelot saka\u00a0da pro\u010dita.<\/em><\/p>\n<p><em>Site pesni na poetot Bori\u0107, odnosno goleminata na poetskata\u00a0misla se odraz na negovata duhovnost i mokna ubavina na\u00a0negoviot senzibilitet.\u00a0Toj e poet so sloboden stil i neoptereten za poetskata forma,\u00a0pisuva ednostavno na razbirliv dijalekt, prete\u017eno na dijalektot \u0161to\u00a0se upotrebuva na ostrovot Rab, voedno i negovo rodno mesto.\u00a0Znaejki ja negovata neiscrpna misla i prekrasna poezija, od\u00a0napred se raduvam i nestrplivo ja o\u010dekuvam novata zbirka poezija\u00a0na poetot Miroslav Mirko Bori\u0107, za koj i ne se somnevam deka ima\u00a0uste mnogu stihovi da ni dade.<\/em><\/p>\n<p>&#8211; Pisatelka Mirjana Gaura<br \/>Prevela na Makedonski Julijana Marinkovik<\/p>\n<p><strong>Bilje\u0161ka o autoru:<\/strong> <\/p>\n<p>Miroslav Bori\u0107 ro\u0111en je u Starom gradu, na otoku Rabu, u Starom rodili\u0161tu\u00a031.12.1959.god. Kao ugostiteljski radnik u ranoj mladosti\u00a0otisnuo se na more i ve\u0107 tada osjetio potrebu za pisanjem. Pisao\u00a0je, ali svoje pjesme nije objavljivao. Svoje stihove sada\u00a0objavljuje na blogu i na facebooku. Ima veliku podr\u0161ku \u010ditaoca\u00a0pa mu je to veliki poticaj u pisanju. <\/p>\n<p>Godine 2012.objavio je\u00a0zbirku, svoj prvijenac &#8220;Zrno stiha&#8221;. Sa radovima se predstavio i\u00a0TV emisiji &#8220;Od subote do subote&#8221;, TV Nova Pula.\u00a0Objavio je nekoliko samostalnih zbirki a zastupljen je i u vi\u0161e\u00a0zajedni\u010dkih zbirki. &#8220;Pi\u0161e na knji\u017eevnom hrvatskom jeziku i\u00a0dijalektu svog zavi\u010daja, na sve teme, zavisno od trenutka i<br \/>inspiracije. Redovni je \u010dlan HKD-a (Hrvatskog knji\u017eevnog dru\u0161tva)\u00a0Hrvatsko knji\u017eevno dru\u0161tvo &#8211; Croatianwriters&#8217; association\u00a0\u010clan je: Kreativne radionice Balkan &#8211; Beograd.<\/p>\n<p style=\"text-align: justify;\"><strong>E-mail:<\/strong> <a href=\"mailto:miroslav.boric@yahoo.com\">Miroslav Bori\u0107<\/a><\/p>\n<p style=\"text-align: justify;\"><strong>Naslov:<\/strong> Mir du\u0161e<br \/><strong>Autor:<\/strong> Miroslav Bori\u0107<br \/><strong>Broj stranica:<\/strong> 102<br \/><strong>Nakladnik:<\/strong> REDAK<br \/><strong>Godina izdanja:<\/strong> 2016.<br \/><strong>ISBN:<\/strong> 978-953-336-153-6<br \/><strong>Tisak:<\/strong> digitalni tisak knjiga &#8211; print na zahtjev\u00a0<\/p>\n<hr \/>\n<p style=\"text-align: justify;\"><strong>Kako naru\u010diti knjigu?\u00a0<\/strong>Proces online kupovine jednako funkcionira za sve kupce, s jedinom razlikom u tome \u0161to \u0161to kupci iz inozemstva za podru\u010dje dostave moraju odabrati &#8220;Europa&#8221; ili &#8220;Ostale zemlje svijeta&#8221;, a za vrstu pla\u0107anja WSPay (kreditna kartica) ili Virmanom (bankovni transfer).<\/p>\n<p style=\"text-align: justify;\">Molimo kliknite ovdje za\u00a0<a href=\"hr\/kako-kupovati\" target=\"_blank\" rel=\"noopener\">detaljni vodi\u010d kroz proces narud\u017ebe<\/a>\u00a0ili nas\u00a0<a href=\"hr\/kontakt\" target=\"_blank\" rel=\"noopener\">kontaktirajte<\/a>\u00a0za vi\u0161e informacija.<\/p>\n","protected":false},"excerpt":{"rendered":"<p>Sa\u017eetak:\u00a0\u00a0 Ova nova autorova samostalna knjiga poezije,\u201c Mir\u00a0du\u0161e\u201c, otkriva nam najplemenitije osje\u0107aje prema\u00a0\u017eenskome bi\u0107u te va\u017enost, snagu i veli\u010dinu ljubavi.\u00a0Romantik u du\u0161i, gospodin pravoga \u0161lifa i razigrano\u00a0zavodljivog pjesni\u010dkog \u0161arma svojim stihovima podastire nam istinito bogatsvo dobrodu\u0161nosti. Otkriva nam svoje\u00a0snove, \u017eelje, nadanja i htijenja vezana za lik \u017eene.\u00a0 Kroz njegove stihove progovara srce, du\u0161a pjeva, a [&hellip;]<\/p>\n","protected":false},"featured_media":8354,"comment_status":"open","ping_status":"closed","template":"","meta":{"_acf_changed":false},"product_brand":[],"product_cat":[1383,1385,1388],"product_tag":[],"class_list":{"0":"post-8353","1":"product","2":"type-product","3":"status-publish","4":"has-post-thumbnail","6":"product_cat-knjige","7":"product_cat-knjizevnost","8":"product_cat-poezija","9":"pa_autor-miroslav-boric","10":"pa_nakladnik-redak","12":"first","13":"instock","14":"shipping-taxable","15":"purchasable","16":"product-type-simple"},"acf":[],"yoast_head":"<!-- This site is optimized with the Yoast SEO plugin v27.3 - https:\/\/yoast.com\/product\/yoast-seo-wordpress\/ -->\n<title>MIR DU\u0160E, Miroslav Bori\u0107 - Web-knji\u017eara<\/title>\n<meta name=\"robots\" content=\"index, follow, max-snippet:-1, max-image-preview:large, max-video-preview:-1\" \/>\n<link rel=\"canonical\" href=\"https:\/\/webknjizara.hr\/proizvod\/mir-duse-miroslav-boric\/\" \/>\n<meta property=\"og:locale\" content=\"en_US\" \/>\n<meta property=\"og:type\" content=\"article\" \/>\n<meta property=\"og:title\" content=\"MIR DU\u0160E, Miroslav Bori\u0107 - Web-knji\u017eara\" \/>\n<meta property=\"og:description\" content=\"Sa\u017eetak:\u00a0\u00a0 Ova nova autorova samostalna knjiga poezije,\u201c Mir\u00a0du\u0161e\u201c, otkriva nam najplemenitije osje\u0107aje prema\u00a0\u017eenskome bi\u0107u te va\u017enost, snagu i veli\u010dinu ljubavi.\u00a0Romantik u du\u0161i, gospodin pravoga \u0161lifa i razigrano\u00a0zavodljivog pjesni\u010dkog \u0161arma svojim stihovima podastire nam istinito bogatsvo dobrodu\u0161nosti. Otkriva nam svoje\u00a0snove, \u017eelje, nadanja i htijenja vezana za lik \u017eene.\u00a0 Kroz njegove stihove progovara srce, du\u0161a pjeva, a [&hellip;]\" \/>\n<meta property=\"og:url\" content=\"https:\/\/webknjizara.hr\/proizvod\/mir-duse-miroslav-boric\/\" \/>\n<meta property=\"og:site_name\" content=\"Web-knji\u017eara\" \/>\n<meta property=\"article:modified_time\" content=\"2023-02-26T23:16:55+00:00\" \/>\n<meta property=\"og:image\" content=\"https:\/\/webknjizara.hr\/wp-content\/uploads\/nc\/images\/virtuemart\/product\/mir-du-e-miros-582b605f19196.jpg\" \/>\n\t<meta property=\"og:image:width\" content=\"573\" \/>\n\t<meta property=\"og:image:height\" content=\"800\" \/>\n\t<meta property=\"og:image:type\" content=\"image\/jpeg\" \/>\n<meta name=\"twitter:card\" content=\"summary_large_image\" \/>\n<meta name=\"twitter:label1\" content=\"Est. reading time\" \/>\n\t<meta name=\"twitter:data1\" content=\"4 minutes\" \/>\n<script type=\"application\/ld+json\" class=\"yoast-schema-graph\">{\"@context\":\"https:\\\/\\\/schema.org\",\"@graph\":[{\"@type\":\"WebPage\",\"@id\":\"https:\\\/\\\/webknjizara.hr\\\/proizvod\\\/mir-duse-miroslav-boric\\\/\",\"url\":\"https:\\\/\\\/webknjizara.hr\\\/proizvod\\\/mir-duse-miroslav-boric\\\/\",\"name\":\"MIR DU\u0160E, Miroslav Bori\u0107 - Web-knji\u017eara\",\"isPartOf\":{\"@id\":\"https:\\\/\\\/webknjizara.hr\\\/#website\"},\"primaryImageOfPage\":{\"@id\":\"https:\\\/\\\/webknjizara.hr\\\/proizvod\\\/mir-duse-miroslav-boric\\\/#primaryimage\"},\"image\":{\"@id\":\"https:\\\/\\\/webknjizara.hr\\\/proizvod\\\/mir-duse-miroslav-boric\\\/#primaryimage\"},\"thumbnailUrl\":\"https:\\\/\\\/webknjizara.hr\\\/wp-content\\\/uploads\\\/nc\\\/images\\\/virtuemart\\\/product\\\/mir-du-e-miros-582b605f19196.jpg\",\"datePublished\":\"2016-11-15T19:22:07+00:00\",\"dateModified\":\"2023-02-26T23:16:55+00:00\",\"breadcrumb\":{\"@id\":\"https:\\\/\\\/webknjizara.hr\\\/proizvod\\\/mir-duse-miroslav-boric\\\/#breadcrumb\"},\"inLanguage\":\"en-US\",\"potentialAction\":[{\"@type\":\"ReadAction\",\"target\":[\"https:\\\/\\\/webknjizara.hr\\\/proizvod\\\/mir-duse-miroslav-boric\\\/\"]}]},{\"@type\":\"ImageObject\",\"inLanguage\":\"en-US\",\"@id\":\"https:\\\/\\\/webknjizara.hr\\\/proizvod\\\/mir-duse-miroslav-boric\\\/#primaryimage\",\"url\":\"https:\\\/\\\/webknjizara.hr\\\/wp-content\\\/uploads\\\/nc\\\/images\\\/virtuemart\\\/product\\\/mir-du-e-miros-582b605f19196.jpg\",\"contentUrl\":\"https:\\\/\\\/webknjizara.hr\\\/wp-content\\\/uploads\\\/nc\\\/images\\\/virtuemart\\\/product\\\/mir-du-e-miros-582b605f19196.jpg\",\"width\":573,\"height\":800,\"caption\":\"MIR DU\u0160E, Miroslav Bori\u0107\"},{\"@type\":\"BreadcrumbList\",\"@id\":\"https:\\\/\\\/webknjizara.hr\\\/proizvod\\\/mir-duse-miroslav-boric\\\/#breadcrumb\",\"itemListElement\":[{\"@type\":\"ListItem\",\"position\":1,\"name\":\"Po\u010detna stranica\",\"item\":\"https:\\\/\\\/webknjizara.hr\\\/en\\\/\"},{\"@type\":\"ListItem\",\"position\":2,\"name\":\"Shop\",\"item\":\"https:\\\/\\\/webknjizara.hr\\\/shop\\\/\"},{\"@type\":\"ListItem\",\"position\":3,\"name\":\"MIR DU\u0160E, Miroslav Bori\u0107\"}]},{\"@type\":\"WebSite\",\"@id\":\"https:\\\/\\\/webknjizara.hr\\\/#website\",\"url\":\"https:\\\/\\\/webknjizara.hr\\\/\",\"name\":\"Web Knji\u017eara\",\"description\":\"\",\"publisher\":{\"@id\":\"https:\\\/\\\/webknjizara.hr\\\/#organization\"},\"potentialAction\":[{\"@type\":\"SearchAction\",\"target\":{\"@type\":\"EntryPoint\",\"urlTemplate\":\"https:\\\/\\\/webknjizara.hr\\\/?s={search_term_string}\"},\"query-input\":{\"@type\":\"PropertyValueSpecification\",\"valueRequired\":true,\"valueName\":\"search_term_string\"}}],\"inLanguage\":\"en-US\"},{\"@type\":\"Organization\",\"@id\":\"https:\\\/\\\/webknjizara.hr\\\/#organization\",\"name\":\"REDAK D.O.O.\",\"url\":\"https:\\\/\\\/webknjizara.hr\\\/\",\"logo\":{\"@type\":\"ImageObject\",\"inLanguage\":\"en-US\",\"@id\":\"https:\\\/\\\/webknjizara.hr\\\/#\\\/schema\\\/logo\\\/image\\\/\",\"url\":\"https:\\\/\\\/webknjizara.hr\\\/wp-content\\\/uploads\\\/2023\\\/01\\\/web-knjizara-logo.webp\",\"contentUrl\":\"https:\\\/\\\/webknjizara.hr\\\/wp-content\\\/uploads\\\/2023\\\/01\\\/web-knjizara-logo.webp\",\"width\":324,\"height\":79,\"caption\":\"REDAK D.O.O.\"},\"image\":{\"@id\":\"https:\\\/\\\/webknjizara.hr\\\/#\\\/schema\\\/logo\\\/image\\\/\"}}]}<\/script>\n<!-- \/ Yoast SEO plugin. -->","yoast_head_json":{"title":"MIR DU\u0160E, Miroslav Bori\u0107 - Web-knji\u017eara","robots":{"index":"index","follow":"follow","max-snippet":"max-snippet:-1","max-image-preview":"max-image-preview:large","max-video-preview":"max-video-preview:-1"},"canonical":"https:\/\/webknjizara.hr\/proizvod\/mir-duse-miroslav-boric\/","og_locale":"en_US","og_type":"article","og_title":"MIR DU\u0160E, Miroslav Bori\u0107 - Web-knji\u017eara","og_description":"Sa\u017eetak:\u00a0\u00a0 Ova nova autorova samostalna knjiga poezije,\u201c Mir\u00a0du\u0161e\u201c, otkriva nam najplemenitije osje\u0107aje prema\u00a0\u017eenskome bi\u0107u te va\u017enost, snagu i veli\u010dinu ljubavi.\u00a0Romantik u du\u0161i, gospodin pravoga \u0161lifa i razigrano\u00a0zavodljivog pjesni\u010dkog \u0161arma svojim stihovima podastire nam istinito bogatsvo dobrodu\u0161nosti. Otkriva nam svoje\u00a0snove, \u017eelje, nadanja i htijenja vezana za lik \u017eene.\u00a0 Kroz njegove stihove progovara srce, du\u0161a pjeva, a [&hellip;]","og_url":"https:\/\/webknjizara.hr\/proizvod\/mir-duse-miroslav-boric\/","og_site_name":"Web-knji\u017eara","article_modified_time":"2023-02-26T23:16:55+00:00","og_image":[{"width":573,"height":800,"url":"https:\/\/webknjizara.hr\/wp-content\/uploads\/nc\/images\/virtuemart\/product\/mir-du-e-miros-582b605f19196.jpg","type":"image\/jpeg"}],"twitter_card":"summary_large_image","twitter_misc":{"Est. reading time":"4 minutes"},"schema":{"@context":"https:\/\/schema.org","@graph":[{"@type":"WebPage","@id":"https:\/\/webknjizara.hr\/proizvod\/mir-duse-miroslav-boric\/","url":"https:\/\/webknjizara.hr\/proizvod\/mir-duse-miroslav-boric\/","name":"MIR DU\u0160E, Miroslav Bori\u0107 - Web-knji\u017eara","isPartOf":{"@id":"https:\/\/webknjizara.hr\/#website"},"primaryImageOfPage":{"@id":"https:\/\/webknjizara.hr\/proizvod\/mir-duse-miroslav-boric\/#primaryimage"},"image":{"@id":"https:\/\/webknjizara.hr\/proizvod\/mir-duse-miroslav-boric\/#primaryimage"},"thumbnailUrl":"https:\/\/webknjizara.hr\/wp-content\/uploads\/nc\/images\/virtuemart\/product\/mir-du-e-miros-582b605f19196.jpg","datePublished":"2016-11-15T19:22:07+00:00","dateModified":"2023-02-26T23:16:55+00:00","breadcrumb":{"@id":"https:\/\/webknjizara.hr\/proizvod\/mir-duse-miroslav-boric\/#breadcrumb"},"inLanguage":"en-US","potentialAction":[{"@type":"ReadAction","target":["https:\/\/webknjizara.hr\/proizvod\/mir-duse-miroslav-boric\/"]}]},{"@type":"ImageObject","inLanguage":"en-US","@id":"https:\/\/webknjizara.hr\/proizvod\/mir-duse-miroslav-boric\/#primaryimage","url":"https:\/\/webknjizara.hr\/wp-content\/uploads\/nc\/images\/virtuemart\/product\/mir-du-e-miros-582b605f19196.jpg","contentUrl":"https:\/\/webknjizara.hr\/wp-content\/uploads\/nc\/images\/virtuemart\/product\/mir-du-e-miros-582b605f19196.jpg","width":573,"height":800,"caption":"MIR DU\u0160E, Miroslav Bori\u0107"},{"@type":"BreadcrumbList","@id":"https:\/\/webknjizara.hr\/proizvod\/mir-duse-miroslav-boric\/#breadcrumb","itemListElement":[{"@type":"ListItem","position":1,"name":"Po\u010detna stranica","item":"https:\/\/webknjizara.hr\/en\/"},{"@type":"ListItem","position":2,"name":"Shop","item":"https:\/\/webknjizara.hr\/shop\/"},{"@type":"ListItem","position":3,"name":"MIR DU\u0160E, Miroslav Bori\u0107"}]},{"@type":"WebSite","@id":"https:\/\/webknjizara.hr\/#website","url":"https:\/\/webknjizara.hr\/","name":"Web Knji\u017eara","description":"","publisher":{"@id":"https:\/\/webknjizara.hr\/#organization"},"potentialAction":[{"@type":"SearchAction","target":{"@type":"EntryPoint","urlTemplate":"https:\/\/webknjizara.hr\/?s={search_term_string}"},"query-input":{"@type":"PropertyValueSpecification","valueRequired":true,"valueName":"search_term_string"}}],"inLanguage":"en-US"},{"@type":"Organization","@id":"https:\/\/webknjizara.hr\/#organization","name":"REDAK D.O.O.","url":"https:\/\/webknjizara.hr\/","logo":{"@type":"ImageObject","inLanguage":"en-US","@id":"https:\/\/webknjizara.hr\/#\/schema\/logo\/image\/","url":"https:\/\/webknjizara.hr\/wp-content\/uploads\/2023\/01\/web-knjizara-logo.webp","contentUrl":"https:\/\/webknjizara.hr\/wp-content\/uploads\/2023\/01\/web-knjizara-logo.webp","width":324,"height":79,"caption":"REDAK D.O.O."},"image":{"@id":"https:\/\/webknjizara.hr\/#\/schema\/logo\/image\/"}}]}},"_links":{"self":[{"href":"https:\/\/webknjizara.hr\/en\/wp-json\/wp\/v2\/product\/8353","targetHints":{"allow":["GET"]}}],"collection":[{"href":"https:\/\/webknjizara.hr\/en\/wp-json\/wp\/v2\/product"}],"about":[{"href":"https:\/\/webknjizara.hr\/en\/wp-json\/wp\/v2\/types\/product"}],"replies":[{"embeddable":true,"href":"https:\/\/webknjizara.hr\/en\/wp-json\/wp\/v2\/comments?post=8353"}],"wp:featuredmedia":[{"embeddable":true,"href":"https:\/\/webknjizara.hr\/en\/wp-json\/wp\/v2\/media\/8354"}],"wp:attachment":[{"href":"https:\/\/webknjizara.hr\/en\/wp-json\/wp\/v2\/media?parent=8353"}],"wp:term":[{"taxonomy":"product_brand","embeddable":true,"href":"https:\/\/webknjizara.hr\/en\/wp-json\/wp\/v2\/product_brand?post=8353"},{"taxonomy":"product_cat","embeddable":true,"href":"https:\/\/webknjizara.hr\/en\/wp-json\/wp\/v2\/product_cat?post=8353"},{"taxonomy":"product_tag","embeddable":true,"href":"https:\/\/webknjizara.hr\/en\/wp-json\/wp\/v2\/product_tag?post=8353"}],"curies":[{"name":"wp","href":"https:\/\/api.w.org\/{rel}","templated":true}]}}