{"id":8341,"date":"2016-11-07T20:34:20","date_gmt":"2016-11-07T20:34:20","guid":{"rendered":"https:\/\/webknjizara.hr\/?product=otisak-vala-jadranka-radic"},"modified":"2023-02-27T00:16:53","modified_gmt":"2023-02-26T23:16:53","slug":"otisak-vala-jadranka-radic","status":"publish","type":"product","link":"https:\/\/webknjizara.hr\/en\/proizvod\/otisak-vala-jadranka-radic\/","title":{"rendered":"OTISAK VALA, Jadranka Radi\u0107"},"content":{"rendered":"<p><strong>Sa\u017eetak:<\/strong> <\/p>\n<p><em>\u201eU pjesmama slobodnih forma, s grafi\u010dki istaknutim i iz cjelina istrgnutim stihovima u kojima se preta\u010du i rasta\u010du misli, pjesnikinja (se) poku\u0161ava objasniti podastiru\u0107i nam \u010das zamagljene pa jasne slike, zvukove u\u017eurbanoga grada i zvonjavu zvona, pomicanje zrnca pijeska i let oblaka. I sve je u isto vrijeme besmisleno i smisleno, ljudi i rije\u010di, naizgled bezna\u010dajne \u017eivotne situacije i bljeskovi uvida u tajnu i tajanstvo \u017eivota, svijest o beskona\u010dnosti i o prolaznosti. \u2026<br \/><\/em><br \/><em>U pjesmama Jadranke Radi\u0107 svaki pucanj zabilje\u017een u ti\u0161ini ostaje, more je ispeglano ispod klupa, barke se kroz cvr\u010dke penju, pu\u0161e jutro&#8230; objedinjuju se slike i zvukovi tjeraju\u0107i \u010ditatelja da zastane i sam uhva\u0107en u ljepoti trenutka.\u201c<\/em><\/p>\n<p>&#8211; (izvadak iz pogovora prof. M. \u010capalije)<\/p>\n<p><strong>Bilje\u0161ka o autorici:<\/strong> <\/p>\n<p>Jadranka Radi\u0107 (ro\u0111. Krstulovi\u0107) ro\u0111ena je 2. kolovoza 1973. u Splitu. <\/p>\n<p>Na Prirodoslovno-matemati\u010dkom fakultetu u Zagrebu zavr\u0161ila je dodiplomski studij biologije-ekologije, a zatim, dok je radila u Rovinju u Centru za istra\u017eivanje mora Instituta \u201eRu\u0111er Bo\u0161kovi\u0107\u201c, i poslijediplomski studij oceanologije.<\/p>\n<p>Bavila se raznim poslovima, ekologijom i za\u0161titom okoli\u0161a, znanstvenim radom i pisanjem znanstveno-popularnih \u010dlanaka te pou\u010davanjem i radom s djecom. Poeziju je po\u010dela pisati u srednjo\u0161kolskim danima, do sada je objavila nekoliko pjesama u dva zbornika.<\/p>\n<p><strong>Klju\u010dne rije\u010di:<\/strong> Jadranka Radi\u0107, otisak, val<br \/><strong>E-mail:<\/strong> <a href=\"mailto:jadrok@yahoo.com\">Jadranka Radi\u0107<\/a><\/p>\n<p><strong>Naslov:<\/strong> Otisak vala<br \/><strong>Autorica:<\/strong> Jadranka Radi\u0107<br \/><strong>Broj stranica:<\/strong> 70<br \/><strong>Nakladnik:<\/strong> REDAK<br \/><strong>Godina izdanja:<\/strong> 2016.<br \/><strong>ISBN:<\/strong> 978-953-336-359-2<br \/><strong>Tisak:<\/strong> digitalni tisak knjiga &#8211; print na zahtjev\u00a0<\/p>\n<hr \/>\n<p style=\"text-align: justify;\"><strong>Kako naru\u010diti knjigu?\u00a0<\/strong>Proces online kupovine jednako funkcionira za sve kupce, s jedinom razlikom u tome \u0161to \u0161to kupci iz inozemstva za podru\u010dje dostave moraju odabrati &#8220;Europa&#8221; ili &#8220;Ostale zemlje svijeta&#8221;, a za vrstu pla\u0107anja WSPay (kreditna kartica) ili Virmanom (bankovni transfer).<\/p>\n<p style=\"text-align: justify;\">Molimo kliknite ovdje za\u00a0<a href=\"hr\/kako-kupovati\" target=\"_blank\" rel=\"noopener\">detaljni vodi\u010d kroz proces narud\u017ebe<\/a>\u00a0ili nas\u00a0<a href=\"hr\/kontakt\" target=\"_blank\" rel=\"noopener\">kontaktirajte<\/a>\u00a0za vi\u0161e informacija.<\/p>\n","protected":false},"excerpt":{"rendered":"<p>Sa\u017eetak: \u201eU pjesmama slobodnih forma, s grafi\u010dki istaknutim i iz cjelina istrgnutim stihovima u kojima se preta\u010du i rasta\u010du misli, pjesnikinja (se) poku\u0161ava objasniti podastiru\u0107i nam \u010das zamagljene pa jasne slike, zvukove u\u017eurbanoga grada i zvonjavu zvona, pomicanje zrnca pijeska i let oblaka. I sve je u isto vrijeme besmisleno i smisleno, ljudi i rije\u010di, [&hellip;]<\/p>\n","protected":false},"featured_media":8342,"comment_status":"open","ping_status":"closed","template":"","meta":{"_acf_changed":false},"product_brand":[],"product_cat":[1383,1385,1388],"product_tag":[],"class_list":{"0":"post-8341","1":"product","2":"type-product","3":"status-publish","4":"has-post-thumbnail","6":"product_cat-knjige","7":"product_cat-knjizevnost","8":"product_cat-poezija","9":"pa_autor-jadranka-radic","10":"pa_nakladnik-redak","12":"first","13":"instock","14":"shipping-taxable","15":"purchasable","16":"product-type-simple"},"acf":[],"yoast_head":"<!-- This site is optimized with the Yoast SEO plugin v27.3 - https:\/\/yoast.com\/product\/yoast-seo-wordpress\/ -->\n<title>OTISAK VALA, Jadranka Radi\u0107 - Web-knji\u017eara<\/title>\n<meta name=\"robots\" content=\"index, follow, max-snippet:-1, max-image-preview:large, max-video-preview:-1\" \/>\n<link rel=\"canonical\" href=\"https:\/\/webknjizara.hr\/proizvod\/otisak-vala-jadranka-radic\/\" \/>\n<meta property=\"og:locale\" content=\"en_US\" \/>\n<meta property=\"og:type\" content=\"article\" \/>\n<meta property=\"og:title\" content=\"OTISAK VALA, Jadranka Radi\u0107 - Web-knji\u017eara\" \/>\n<meta property=\"og:description\" content=\"Sa\u017eetak: \u201eU pjesmama slobodnih forma, s grafi\u010dki istaknutim i iz cjelina istrgnutim stihovima u kojima se preta\u010du i rasta\u010du misli, pjesnikinja (se) poku\u0161ava objasniti podastiru\u0107i nam \u010das zamagljene pa jasne slike, zvukove u\u017eurbanoga grada i zvonjavu zvona, pomicanje zrnca pijeska i let oblaka. I sve je u isto vrijeme besmisleno i smisleno, ljudi i rije\u010di, [&hellip;]\" \/>\n<meta property=\"og:url\" content=\"https:\/\/webknjizara.hr\/proizvod\/otisak-vala-jadranka-radic\/\" \/>\n<meta property=\"og:site_name\" content=\"Web-knji\u017eara\" \/>\n<meta property=\"article:modified_time\" content=\"2023-02-26T23:16:53+00:00\" \/>\n<meta property=\"og:image\" content=\"https:\/\/webknjizara.hr\/wp-content\/uploads\/nc\/images\/virtuemart\/product\/otisak-vala-jad-5820e54c82d5a.jpg\" \/>\n\t<meta property=\"og:image:width\" content=\"573\" \/>\n\t<meta property=\"og:image:height\" content=\"800\" \/>\n\t<meta property=\"og:image:type\" content=\"image\/jpeg\" \/>\n<meta name=\"twitter:card\" content=\"summary_large_image\" \/>\n<meta name=\"twitter:label1\" content=\"Est. reading time\" \/>\n\t<meta name=\"twitter:data1\" content=\"2 minutes\" \/>\n<script type=\"application\/ld+json\" class=\"yoast-schema-graph\">{\"@context\":\"https:\\\/\\\/schema.org\",\"@graph\":[{\"@type\":\"WebPage\",\"@id\":\"https:\\\/\\\/webknjizara.hr\\\/proizvod\\\/otisak-vala-jadranka-radic\\\/\",\"url\":\"https:\\\/\\\/webknjizara.hr\\\/proizvod\\\/otisak-vala-jadranka-radic\\\/\",\"name\":\"OTISAK VALA, Jadranka Radi\u0107 - Web-knji\u017eara\",\"isPartOf\":{\"@id\":\"https:\\\/\\\/webknjizara.hr\\\/#website\"},\"primaryImageOfPage\":{\"@id\":\"https:\\\/\\\/webknjizara.hr\\\/proizvod\\\/otisak-vala-jadranka-radic\\\/#primaryimage\"},\"image\":{\"@id\":\"https:\\\/\\\/webknjizara.hr\\\/proizvod\\\/otisak-vala-jadranka-radic\\\/#primaryimage\"},\"thumbnailUrl\":\"https:\\\/\\\/webknjizara.hr\\\/wp-content\\\/uploads\\\/nc\\\/images\\\/virtuemart\\\/product\\\/otisak-vala-jad-5820e54c82d5a.jpg\",\"datePublished\":\"2016-11-07T20:34:20+00:00\",\"dateModified\":\"2023-02-26T23:16:53+00:00\",\"breadcrumb\":{\"@id\":\"https:\\\/\\\/webknjizara.hr\\\/proizvod\\\/otisak-vala-jadranka-radic\\\/#breadcrumb\"},\"inLanguage\":\"en-US\",\"potentialAction\":[{\"@type\":\"ReadAction\",\"target\":[\"https:\\\/\\\/webknjizara.hr\\\/proizvod\\\/otisak-vala-jadranka-radic\\\/\"]}]},{\"@type\":\"ImageObject\",\"inLanguage\":\"en-US\",\"@id\":\"https:\\\/\\\/webknjizara.hr\\\/proizvod\\\/otisak-vala-jadranka-radic\\\/#primaryimage\",\"url\":\"https:\\\/\\\/webknjizara.hr\\\/wp-content\\\/uploads\\\/nc\\\/images\\\/virtuemart\\\/product\\\/otisak-vala-jad-5820e54c82d5a.jpg\",\"contentUrl\":\"https:\\\/\\\/webknjizara.hr\\\/wp-content\\\/uploads\\\/nc\\\/images\\\/virtuemart\\\/product\\\/otisak-vala-jad-5820e54c82d5a.jpg\",\"width\":573,\"height\":800,\"caption\":\"OTISAK VALA, Jadranka Radi\u0107\"},{\"@type\":\"BreadcrumbList\",\"@id\":\"https:\\\/\\\/webknjizara.hr\\\/proizvod\\\/otisak-vala-jadranka-radic\\\/#breadcrumb\",\"itemListElement\":[{\"@type\":\"ListItem\",\"position\":1,\"name\":\"Po\u010detna stranica\",\"item\":\"https:\\\/\\\/webknjizara.hr\\\/en\\\/\"},{\"@type\":\"ListItem\",\"position\":2,\"name\":\"Shop\",\"item\":\"https:\\\/\\\/webknjizara.hr\\\/shop\\\/\"},{\"@type\":\"ListItem\",\"position\":3,\"name\":\"OTISAK VALA, Jadranka Radi\u0107\"}]},{\"@type\":\"WebSite\",\"@id\":\"https:\\\/\\\/webknjizara.hr\\\/#website\",\"url\":\"https:\\\/\\\/webknjizara.hr\\\/\",\"name\":\"Web Knji\u017eara\",\"description\":\"\",\"publisher\":{\"@id\":\"https:\\\/\\\/webknjizara.hr\\\/#organization\"},\"potentialAction\":[{\"@type\":\"SearchAction\",\"target\":{\"@type\":\"EntryPoint\",\"urlTemplate\":\"https:\\\/\\\/webknjizara.hr\\\/?s={search_term_string}\"},\"query-input\":{\"@type\":\"PropertyValueSpecification\",\"valueRequired\":true,\"valueName\":\"search_term_string\"}}],\"inLanguage\":\"en-US\"},{\"@type\":\"Organization\",\"@id\":\"https:\\\/\\\/webknjizara.hr\\\/#organization\",\"name\":\"REDAK D.O.O.\",\"url\":\"https:\\\/\\\/webknjizara.hr\\\/\",\"logo\":{\"@type\":\"ImageObject\",\"inLanguage\":\"en-US\",\"@id\":\"https:\\\/\\\/webknjizara.hr\\\/#\\\/schema\\\/logo\\\/image\\\/\",\"url\":\"https:\\\/\\\/webknjizara.hr\\\/wp-content\\\/uploads\\\/2023\\\/01\\\/web-knjizara-logo.webp\",\"contentUrl\":\"https:\\\/\\\/webknjizara.hr\\\/wp-content\\\/uploads\\\/2023\\\/01\\\/web-knjizara-logo.webp\",\"width\":324,\"height\":79,\"caption\":\"REDAK D.O.O.\"},\"image\":{\"@id\":\"https:\\\/\\\/webknjizara.hr\\\/#\\\/schema\\\/logo\\\/image\\\/\"}}]}<\/script>\n<!-- \/ Yoast SEO plugin. -->","yoast_head_json":{"title":"OTISAK VALA, Jadranka Radi\u0107 - Web-knji\u017eara","robots":{"index":"index","follow":"follow","max-snippet":"max-snippet:-1","max-image-preview":"max-image-preview:large","max-video-preview":"max-video-preview:-1"},"canonical":"https:\/\/webknjizara.hr\/proizvod\/otisak-vala-jadranka-radic\/","og_locale":"en_US","og_type":"article","og_title":"OTISAK VALA, Jadranka Radi\u0107 - Web-knji\u017eara","og_description":"Sa\u017eetak: \u201eU pjesmama slobodnih forma, s grafi\u010dki istaknutim i iz cjelina istrgnutim stihovima u kojima se preta\u010du i rasta\u010du misli, pjesnikinja (se) poku\u0161ava objasniti podastiru\u0107i nam \u010das zamagljene pa jasne slike, zvukove u\u017eurbanoga grada i zvonjavu zvona, pomicanje zrnca pijeska i let oblaka. I sve je u isto vrijeme besmisleno i smisleno, ljudi i rije\u010di, [&hellip;]","og_url":"https:\/\/webknjizara.hr\/proizvod\/otisak-vala-jadranka-radic\/","og_site_name":"Web-knji\u017eara","article_modified_time":"2023-02-26T23:16:53+00:00","og_image":[{"width":573,"height":800,"url":"https:\/\/webknjizara.hr\/wp-content\/uploads\/nc\/images\/virtuemart\/product\/otisak-vala-jad-5820e54c82d5a.jpg","type":"image\/jpeg"}],"twitter_card":"summary_large_image","twitter_misc":{"Est. reading time":"2 minutes"},"schema":{"@context":"https:\/\/schema.org","@graph":[{"@type":"WebPage","@id":"https:\/\/webknjizara.hr\/proizvod\/otisak-vala-jadranka-radic\/","url":"https:\/\/webknjizara.hr\/proizvod\/otisak-vala-jadranka-radic\/","name":"OTISAK VALA, Jadranka Radi\u0107 - Web-knji\u017eara","isPartOf":{"@id":"https:\/\/webknjizara.hr\/#website"},"primaryImageOfPage":{"@id":"https:\/\/webknjizara.hr\/proizvod\/otisak-vala-jadranka-radic\/#primaryimage"},"image":{"@id":"https:\/\/webknjizara.hr\/proizvod\/otisak-vala-jadranka-radic\/#primaryimage"},"thumbnailUrl":"https:\/\/webknjizara.hr\/wp-content\/uploads\/nc\/images\/virtuemart\/product\/otisak-vala-jad-5820e54c82d5a.jpg","datePublished":"2016-11-07T20:34:20+00:00","dateModified":"2023-02-26T23:16:53+00:00","breadcrumb":{"@id":"https:\/\/webknjizara.hr\/proizvod\/otisak-vala-jadranka-radic\/#breadcrumb"},"inLanguage":"en-US","potentialAction":[{"@type":"ReadAction","target":["https:\/\/webknjizara.hr\/proizvod\/otisak-vala-jadranka-radic\/"]}]},{"@type":"ImageObject","inLanguage":"en-US","@id":"https:\/\/webknjizara.hr\/proizvod\/otisak-vala-jadranka-radic\/#primaryimage","url":"https:\/\/webknjizara.hr\/wp-content\/uploads\/nc\/images\/virtuemart\/product\/otisak-vala-jad-5820e54c82d5a.jpg","contentUrl":"https:\/\/webknjizara.hr\/wp-content\/uploads\/nc\/images\/virtuemart\/product\/otisak-vala-jad-5820e54c82d5a.jpg","width":573,"height":800,"caption":"OTISAK VALA, Jadranka Radi\u0107"},{"@type":"BreadcrumbList","@id":"https:\/\/webknjizara.hr\/proizvod\/otisak-vala-jadranka-radic\/#breadcrumb","itemListElement":[{"@type":"ListItem","position":1,"name":"Po\u010detna stranica","item":"https:\/\/webknjizara.hr\/en\/"},{"@type":"ListItem","position":2,"name":"Shop","item":"https:\/\/webknjizara.hr\/shop\/"},{"@type":"ListItem","position":3,"name":"OTISAK VALA, Jadranka Radi\u0107"}]},{"@type":"WebSite","@id":"https:\/\/webknjizara.hr\/#website","url":"https:\/\/webknjizara.hr\/","name":"Web Knji\u017eara","description":"","publisher":{"@id":"https:\/\/webknjizara.hr\/#organization"},"potentialAction":[{"@type":"SearchAction","target":{"@type":"EntryPoint","urlTemplate":"https:\/\/webknjizara.hr\/?s={search_term_string}"},"query-input":{"@type":"PropertyValueSpecification","valueRequired":true,"valueName":"search_term_string"}}],"inLanguage":"en-US"},{"@type":"Organization","@id":"https:\/\/webknjizara.hr\/#organization","name":"REDAK D.O.O.","url":"https:\/\/webknjizara.hr\/","logo":{"@type":"ImageObject","inLanguage":"en-US","@id":"https:\/\/webknjizara.hr\/#\/schema\/logo\/image\/","url":"https:\/\/webknjizara.hr\/wp-content\/uploads\/2023\/01\/web-knjizara-logo.webp","contentUrl":"https:\/\/webknjizara.hr\/wp-content\/uploads\/2023\/01\/web-knjizara-logo.webp","width":324,"height":79,"caption":"REDAK D.O.O."},"image":{"@id":"https:\/\/webknjizara.hr\/#\/schema\/logo\/image\/"}}]}},"_links":{"self":[{"href":"https:\/\/webknjizara.hr\/en\/wp-json\/wp\/v2\/product\/8341","targetHints":{"allow":["GET"]}}],"collection":[{"href":"https:\/\/webknjizara.hr\/en\/wp-json\/wp\/v2\/product"}],"about":[{"href":"https:\/\/webknjizara.hr\/en\/wp-json\/wp\/v2\/types\/product"}],"replies":[{"embeddable":true,"href":"https:\/\/webknjizara.hr\/en\/wp-json\/wp\/v2\/comments?post=8341"}],"wp:featuredmedia":[{"embeddable":true,"href":"https:\/\/webknjizara.hr\/en\/wp-json\/wp\/v2\/media\/8342"}],"wp:attachment":[{"href":"https:\/\/webknjizara.hr\/en\/wp-json\/wp\/v2\/media?parent=8341"}],"wp:term":[{"taxonomy":"product_brand","embeddable":true,"href":"https:\/\/webknjizara.hr\/en\/wp-json\/wp\/v2\/product_brand?post=8341"},{"taxonomy":"product_cat","embeddable":true,"href":"https:\/\/webknjizara.hr\/en\/wp-json\/wp\/v2\/product_cat?post=8341"},{"taxonomy":"product_tag","embeddable":true,"href":"https:\/\/webknjizara.hr\/en\/wp-json\/wp\/v2\/product_tag?post=8341"}],"curies":[{"name":"wp","href":"https:\/\/api.w.org\/{rel}","templated":true}]}}