{"id":8335,"date":"2016-10-25T17:39:12","date_gmt":"2016-10-25T17:39:12","guid":{"rendered":"https:\/\/webknjizara.hr\/?product=zbornik-radova-xvi-kongresa-hdod-hlz"},"modified":"2023-02-27T00:16:52","modified_gmt":"2023-02-26T23:16:52","slug":"zbornik-radova-xvi-kongresa-hdod-hlz","status":"publish","type":"product","link":"https:\/\/webknjizara.hr\/en\/proizvod\/zbornik-radova-xvi-kongresa-hdod-hlz\/","title":{"rendered":"ZBORNIK RADOVA XVI. KONGRESA HDOD &#8211; HLZ"},"content":{"rendered":"<p style=\"text-align: justify;\"><strong>Sa\u017eetak:<\/strong> <\/p>\n<p><strong><em>PROSLOV<\/em><br \/><\/strong><br \/><em>Drage kolegice i kolege, \u0160esnaesti kongres Hrvatskoga dru\u0161tva obiteljskih\u00a0doktora trebao je biti mjesto za objavu niza novosti u promjeni funkcioniranja\u00a0zdravstvenog sustava u Republici Hrvatskoj, ali se to na\u017ealost zbog nedavnih\u00a0politi\u010dkih zbivanja ipak ne\u0107e dogoditi. Zbog svima poznatih okolnosti odgo\u0111ena\u00a0je promjena zakona o zdravstvenom osiguranju i zakona o zdravstvenoj za\u0161titi,\u00a0koja je trebala biti temelj boljih uvjeta za rad svih lije\u010dnika obiteljske medicine,\u00a0te se toplo nadam da \u0107e se taj proces ipak nastaviti. Koliko smo to zaslu\u017eili\u00a0pokazuje i godi\u0161nje izvje\u0161\u0107e HZZO-a u kojem je vrlo jasno istaknut golem<\/em><br \/><em>posao koji naprave lije\u010dnici obiteljske medicine, \u010desto i u nemogu\u0107im uvjetima\u00a0za kvalitetan rad.<\/em><\/p>\n<p><em>Sredi\u0161nja je tema 16. kongresa skrb za kardiolo\u0161kog bolesnika kao jedne\u00a0od naju\u010destalije skupine bolesnika koji nam svakodnevno dolaze u praksu. U\u00a0svjetlu \u010dinjenice da su kardiovaskularne bolesti i dalje vode\u0107i uzrok smrtnosti\u00a0u na\u0161oj zemlji, svi mi zajedno mo\u017eemo i moramo vi\u0161e vremena posvetiti ovim\u00a0bolesnicima i ulagati u prevenciju ovih bolesti. Druga tema vezana je uz sve\u00a0ve\u0107i broj bolesnika s razli\u010ditim ko\u017enim bolestima u svjetlu novih mogu\u0107nosti\u00a0dijagnostike i terapije u ordinacijama obiteljske medicine te bolje suradnje s\u00a0konzultantima. Ponovno smo se dotaknuli tema vezanih uz indikatore kvalitete\u00a0rada i jednake prihode za lije\u010dnike u obiteljskoj medicini kao stupovima na\u00a0kojima treba graditi sustav primarne zdravstvene za\u0161tite. Posebno pak veseli\u00a0\u010dinjenica da ove godine na kongresu imamo vi\u0161e od \u010detrdeset izlaganja iz\u00a0razli\u010ditih podru\u010dja medicine uz aktivno sudjelovanje na\u0161ih specijalizanata,\u00a0\u010dime se kao stru\u010dno dru\u0161tvo Hrvatskoga lije\u010dni\u010dkog zbora posebno ponosimo.\u00a0Osim toga kongres je poprimio prepoznatljiv regionalni karakter s vi\u0161e od 130\u00a0sudionika iz zemalja u okru\u017eju.<\/em><\/p>\n<p><em>Od lije\u010dnika obiteljske medicine u Republici Hrvatskoj puno se o\u010dekuje, ne\u00a0samo da bude dobar dijagnosti\u010dar nego i da zbrine ve\u0107inu bolesnika koji mu\u00a0do\u0111u u ambulantu i na taj na\u010din rastereti bolni\u010dki dio zdravstvenog sustava.\u00a0Nu\u017ean je preduvjet za to ulaganje u ljude, opremu i edukaciju. Ne manje va\u017eno\u00a0jest i izjedna\u010davanje u financijskim prihodima lije\u010dnika u domovima zdravlja\u00a0s lije\u010dnicima u koncesiji te otvaranje mogu\u0107nosti za dodatno prihodovanje na\u00a0slobodnom tr\u017ei\u0161tu. Sve ono \u0161to sustav o\u010dekuje od nas sasvim je u skladu s\u00a0onim \u0161to mi kao lije\u010dnici obiteljske medicine \u017eelimo i znamo raditi, ali isti taj\u00a0sustav nas limitira i ne dopu\u0161ta nam da ostvarimo svoj maksimalni potencijal u struci. Nemogu\u0107e je, s ovim brojem lije\u010dnika obiteljske medicine i njihovim\u00a0preoptere\u0107enim ordinacijama u sustavu \u0161irom otvorenih vrata osiguranicima,\u00a0o\u010dekivati da mi mo\u017eemo raditi bolje i vi\u0161e se baviti strukom. Isto tako, nastavak\u00a0je programa specijalizacije iz obiteljske medicine pod velikim upitnikom, jer\u00a0nije jasno tko bi trebao osigurati sredstva za tro\u0161kove specijalizacije, s obzirom\u00a0na nesretnu \u010dinjenicu da je na\u0161 pravilnik izdvojen iz zajedni\u010dkog pravilnika\u00a0o specijalisti\u010dkom usavr\u0161avanju. Jedino mogu\u0107e rje\u0161enje ovog problema jest\u00a0da se specijalizacija iz obiteljske medicine vrati u zajedni\u010dki pravilnik te da\u00a0dijelimo sudbinu ostalih lije\u010dnika koji rade u sustavu. Novi sustav ugovaranja\u00a0stavio je obiteljsku medicinu na klju\u010dno mjesto u zdravstvenom sustavu, ali bez\u00a0odgovaraju\u0107ih zakonskih promjena, financiranja specijalizacije i novih timova\u00a0te\u0161ko je o\u010dekivati bilo kakav zna\u010dajniji pomak u ostvarivanju ovakve ideje.<\/em><\/p>\n<p><em>Mo\u017eda je na neki na\u010din u vremenima u kojima \u017eivimo i previ\u0161e o\u010dekivati da\u00a0lije\u010dnik obiteljske medicine od kojeg svi toliko puno o\u010dekuju bude i zadovoljan\u00a0lije\u010dnik, ali je to potpuno legitiman i razuman zahtjev. Te\u0161ko je graditi sustav\u00a0s nezadovoljnim lije\u010dnicima i nezadovoljnim bolesnicima, a siguran sam da\u00a0bez promjene svijesti o tom koliko je va\u017ean lije\u010dnik za jedno dru\u0161tvo i lokalnu\u00a0zajednicu nema zna\u010dajnijeg pomaka naprijed u rje\u0161avanju ovog problema.\u00a0Velika tragedija za na\u0161u struku, a o tome prije nekoliko godina nije bilo ni\u00a0govora, jest \u010dinjenica da su Hrvatsku po\u010deli napu\u0161tati i specijalisti obiteljske\u00a0medicine, a razlozi odlaska su naj\u010de\u0161\u0107e nemogu\u0107i uvjeti za rad i nemogu\u0107nost\u00a0dobivanja koncesije. U tom svjetlu se s pravom pitamo jesmo li mi uistinu toliko\u00a0bogata i toliko rasipna zemlja da si mo\u017eemo priu\u0161titi \u0161kolovanje specijalista\u00a0obiteljske medicine za bogate europske zemlje, a s druge strane ispada da smo\u00a0jako siroma\u0161ni kad treba ulagati u lije\u010dnike koji rade u sustavu. Svakako se\u00a0nadamo da \u0107e se u punom potencijalu ostvariti projekti Ministarstva zdravlja\u00a0i HZZO-a za nabavku opreme i raspisivanje natje\u010daja za specijalizacije iz\u00a0obiteljske medicine za slabije razvijene \u017eupanije kroz projekte Europskih\u00a0fondova, ali bez realnih dodatnih ulaganja sredstava lokalne zajednice u ove\u00a0projekte bit \u0107e u\u017easno te\u0161ko zadr\u017eati lije\u010dnike koji tamo ve\u0107 rade i privu\u0107i\u00a0nove. Bez nastavka programa specijalisti\u010dkog usavr\u0161avanja iz obiteljske\u00a0medicine te\u0161ko je zamisliti bilo kakav razvoj i budu\u0107nost na\u0161e struke, a samim\u00a0time i sustava koji na njoj po\u010diva. Nadamo se da \u0107e zna\u010denje i va\u017enost lije\u010dnika\u00a0obiteljske medicine ipak pridonijeti u planiranju zdravstvenog sustava koji se\u00a0temelji na zadovoljnom lije\u010dniku, jer bez toga nema ni plodova na\u0161eg rada,\u00a0odnosno zadovoljnih bolesnika.<\/em><\/p>\n<p style=\"text-align: justify;\">&#8211; Predsjednik HDOD-HLZ-a<\/p>\n<p style=\"text-align: justify;\"><strong>Bilje\u0161ka o autoru:<\/strong> <\/p>\n<p>Dragan Soldo ro\u0111en je 1978. godine u \u0160irokom Brijegu, maturirao 1996. u gimnaziji \u00abFra. Dominik Mandi\u0107\u00bb i iste godine upisao Medicinski fakultet u Zagrebu. Diplomirao 2002. godine i po\u010deo raditi kao znanstveni novak &#8211; asistent na Katedri za obiteljsku medicinu. Od travnja 2007. g. radi kao lije\u010dnik obiteljske medicine na pola radnog vremena u Zdravstvenoj stanici Dugave-Travno, Dom zdravlja Zagreb Centar. Zavr\u0161io specijalizaciju iz obiteljske medicine i polo\u017eio specijalisti\u010dki ispit 2008. Upisao znanstveni poslijediplomski studij \u00abBiomedicina i zdravstvo\u00bb na Medicinskom fakultetu u Zagrebu i radi na izradi doktorske disertacije u sklopu me\u0111unarodnog projekta APRES (The Appropriateness of Prescribing Antibiotics in Primary Health Care in Europe with Respect to Antibiotic Resistance). \u010clan Hrvatskog dru\u0161tva obiteljskih doktora od 2004. Godine, a od 2012. godine obna\u0161a du\u017enost predsjednika Dru\u0161tva. Aktivno sudjeluje u radu Dru\u0161tva nastavnika op\u0107e\/obiteljske medicine i \u010dlan je europskih udru\u017eenja lije\u010dnika obiteljske medicine EURACT i EGPRN u kojem je i nacionalni predstavnik za Republiku Hrvatsku.<\/p>\n<p style=\"text-align: justify;\"><strong>Klju\u010dne rije\u010di:<\/strong> HDOD, zbornik obiteljske medicine, obiteljska medicina<\/p>\n<p><strong>Link:<\/strong> <a href=\"http:\/\/www.hdod.net%20\" target=\"_blank\" rel=\"noopener\">www.hdod.net <\/a><br \/><strong>E-mail:<\/strong> <a href=\"mailto:drsoldo@yahoo.com\">Dragan Soldo<\/a><\/p>\n<p style=\"text-align: justify;\"><strong>Naslov:<\/strong> Zbornik radova XVI. Kongresa HDOD &#8211; HLZ<br \/><strong>Autor:<\/strong> Hrvatsko dru\u0161tvo obiteljskih doktora<br \/><strong>Broj stranica:<\/strong> 424<br \/><strong>Nakladnik:<\/strong> Hrvatski lije\u010dni\u010dki zbor &#8211; Hrvatsko dru\u0161tvo obiteljskih doktora<br \/><strong>Godina izdanja:<\/strong> 2016.<br \/><strong>ISBN:<\/strong> 978-953-7789-03-9<br \/><strong>Tisak:<\/strong> digitalni tisak knjiga &#8211; print na zahtjev\u00a0<\/p>\n<hr \/>\n<p style=\"text-align: justify;\"><strong>Kako naru\u010diti knjigu?\u00a0<\/strong>Proces online kupovine jednako funkcionira za sve kupce, s jedinom razlikom u tome \u0161to \u0161to kupci iz inozemstva za podru\u010dje dostave moraju odabrati &#8220;Europa&#8221; ili &#8220;Ostale zemlje svijeta&#8221;, a za vrstu pla\u0107anja WSPay (kreditna kartica) ili Virmanom (bankovni transfer).<\/p>\n<p style=\"text-align: justify;\">Molimo kliknite ovdje za\u00a0<a href=\"hr\/kako-kupovati\" target=\"_blank\" rel=\"noopener\">detaljni vodi\u010d kroz proces narud\u017ebe<\/a>\u00a0ili nas\u00a0<a href=\"hr\/kontakt\" target=\"_blank\" rel=\"noopener\">kontaktirajte<\/a>\u00a0za vi\u0161e informacija.<\/p>\n","protected":false},"excerpt":{"rendered":"<p>Sa\u017eetak: PROSLOVDrage kolegice i kolege, \u0160esnaesti kongres Hrvatskoga dru\u0161tva obiteljskih\u00a0doktora trebao je biti mjesto za objavu niza novosti u promjeni funkcioniranja\u00a0zdravstvenog sustava u Republici Hrvatskoj, ali se to na\u017ealost zbog nedavnih\u00a0politi\u010dkih zbivanja ipak ne\u0107e dogoditi. Zbog svima poznatih okolnosti odgo\u0111ena\u00a0je promjena zakona o zdravstvenom osiguranju i zakona o zdravstvenoj za\u0161titi,\u00a0koja je trebala biti temelj boljih [&hellip;]<\/p>\n","protected":false},"featured_media":8336,"comment_status":"open","ping_status":"closed","template":"","meta":{"_acf_changed":false},"product_brand":[],"product_cat":[1540,1517],"product_tag":[],"class_list":{"0":"post-8335","1":"product","2":"type-product","3":"status-publish","4":"has-post-thumbnail","6":"product_cat-biomedicina-i-zdravstvo","7":"product_cat-strucna-literatura","8":"pa_autor-hrvatsko-drustvo-obiteljskih-doktora","9":"pa_nakladnik-hrvatski-lijecnicki-zbor-hrvatsko-drustvo-obiteljskih-doktora","11":"first","12":"instock","13":"shipping-taxable","14":"purchasable","15":"product-type-simple"},"acf":[],"yoast_head":"<!-- This site is optimized with the Yoast SEO plugin v27.3 - https:\/\/yoast.com\/product\/yoast-seo-wordpress\/ -->\n<title>ZBORNIK RADOVA XVI. KONGRESA HDOD - HLZ - Web-knji\u017eara<\/title>\n<meta name=\"robots\" content=\"index, follow, max-snippet:-1, max-image-preview:large, max-video-preview:-1\" \/>\n<link rel=\"canonical\" href=\"https:\/\/webknjizara.hr\/proizvod\/zbornik-radova-xvi-kongresa-hdod-hlz\/\" \/>\n<meta property=\"og:locale\" content=\"en_US\" \/>\n<meta property=\"og:type\" content=\"article\" \/>\n<meta property=\"og:title\" content=\"ZBORNIK RADOVA XVI. KONGRESA HDOD - HLZ - Web-knji\u017eara\" \/>\n<meta property=\"og:description\" content=\"Sa\u017eetak: PROSLOVDrage kolegice i kolege, \u0160esnaesti kongres Hrvatskoga dru\u0161tva obiteljskih\u00a0doktora trebao je biti mjesto za objavu niza novosti u promjeni funkcioniranja\u00a0zdravstvenog sustava u Republici Hrvatskoj, ali se to na\u017ealost zbog nedavnih\u00a0politi\u010dkih zbivanja ipak ne\u0107e dogoditi. Zbog svima poznatih okolnosti odgo\u0111ena\u00a0je promjena zakona o zdravstvenom osiguranju i zakona o zdravstvenoj za\u0161titi,\u00a0koja je trebala biti temelj boljih [&hellip;]\" \/>\n<meta property=\"og:url\" content=\"https:\/\/webknjizara.hr\/proizvod\/zbornik-radova-xvi-kongresa-hdod-hlz\/\" \/>\n<meta property=\"og:site_name\" content=\"Web-knji\u017eara\" \/>\n<meta property=\"article:modified_time\" content=\"2023-02-26T23:16:52+00:00\" \/>\n<meta property=\"og:image\" content=\"https:\/\/webknjizara.hr\/wp-content\/uploads\/nc\/images\/virtuemart\/product\/zbornik-radova-x-580f98c058d94.jpg\" \/>\n\t<meta property=\"og:image:width\" content=\"496\" \/>\n\t<meta property=\"og:image:height\" content=\"693\" \/>\n\t<meta property=\"og:image:type\" content=\"image\/jpeg\" \/>\n<meta name=\"twitter:card\" content=\"summary_large_image\" \/>\n<meta name=\"twitter:label1\" content=\"Est. reading time\" \/>\n\t<meta name=\"twitter:data1\" content=\"6 minutes\" \/>\n<script type=\"application\/ld+json\" class=\"yoast-schema-graph\">{\"@context\":\"https:\\\/\\\/schema.org\",\"@graph\":[{\"@type\":\"WebPage\",\"@id\":\"https:\\\/\\\/webknjizara.hr\\\/proizvod\\\/zbornik-radova-xvi-kongresa-hdod-hlz\\\/\",\"url\":\"https:\\\/\\\/webknjizara.hr\\\/proizvod\\\/zbornik-radova-xvi-kongresa-hdod-hlz\\\/\",\"name\":\"ZBORNIK RADOVA XVI. KONGRESA HDOD - HLZ - Web-knji\u017eara\",\"isPartOf\":{\"@id\":\"https:\\\/\\\/webknjizara.hr\\\/#website\"},\"primaryImageOfPage\":{\"@id\":\"https:\\\/\\\/webknjizara.hr\\\/proizvod\\\/zbornik-radova-xvi-kongresa-hdod-hlz\\\/#primaryimage\"},\"image\":{\"@id\":\"https:\\\/\\\/webknjizara.hr\\\/proizvod\\\/zbornik-radova-xvi-kongresa-hdod-hlz\\\/#primaryimage\"},\"thumbnailUrl\":\"https:\\\/\\\/webknjizara.hr\\\/wp-content\\\/uploads\\\/nc\\\/images\\\/virtuemart\\\/product\\\/zbornik-radova-x-580f98c058d94.jpg\",\"datePublished\":\"2016-10-25T17:39:12+00:00\",\"dateModified\":\"2023-02-26T23:16:52+00:00\",\"breadcrumb\":{\"@id\":\"https:\\\/\\\/webknjizara.hr\\\/proizvod\\\/zbornik-radova-xvi-kongresa-hdod-hlz\\\/#breadcrumb\"},\"inLanguage\":\"en-US\",\"potentialAction\":[{\"@type\":\"ReadAction\",\"target\":[\"https:\\\/\\\/webknjizara.hr\\\/proizvod\\\/zbornik-radova-xvi-kongresa-hdod-hlz\\\/\"]}]},{\"@type\":\"ImageObject\",\"inLanguage\":\"en-US\",\"@id\":\"https:\\\/\\\/webknjizara.hr\\\/proizvod\\\/zbornik-radova-xvi-kongresa-hdod-hlz\\\/#primaryimage\",\"url\":\"https:\\\/\\\/webknjizara.hr\\\/wp-content\\\/uploads\\\/nc\\\/images\\\/virtuemart\\\/product\\\/zbornik-radova-x-580f98c058d94.jpg\",\"contentUrl\":\"https:\\\/\\\/webknjizara.hr\\\/wp-content\\\/uploads\\\/nc\\\/images\\\/virtuemart\\\/product\\\/zbornik-radova-x-580f98c058d94.jpg\",\"width\":496,\"height\":693,\"caption\":\"ZBORNIK RADOVA XVI. KONGRESA HDOD - HLZ\"},{\"@type\":\"BreadcrumbList\",\"@id\":\"https:\\\/\\\/webknjizara.hr\\\/proizvod\\\/zbornik-radova-xvi-kongresa-hdod-hlz\\\/#breadcrumb\",\"itemListElement\":[{\"@type\":\"ListItem\",\"position\":1,\"name\":\"Po\u010detna stranica\",\"item\":\"https:\\\/\\\/webknjizara.hr\\\/en\\\/\"},{\"@type\":\"ListItem\",\"position\":2,\"name\":\"Shop\",\"item\":\"https:\\\/\\\/webknjizara.hr\\\/shop\\\/\"},{\"@type\":\"ListItem\",\"position\":3,\"name\":\"ZBORNIK RADOVA XVI. KONGRESA HDOD &#8211; HLZ\"}]},{\"@type\":\"WebSite\",\"@id\":\"https:\\\/\\\/webknjizara.hr\\\/#website\",\"url\":\"https:\\\/\\\/webknjizara.hr\\\/\",\"name\":\"Web Knji\u017eara\",\"description\":\"\",\"publisher\":{\"@id\":\"https:\\\/\\\/webknjizara.hr\\\/#organization\"},\"potentialAction\":[{\"@type\":\"SearchAction\",\"target\":{\"@type\":\"EntryPoint\",\"urlTemplate\":\"https:\\\/\\\/webknjizara.hr\\\/?s={search_term_string}\"},\"query-input\":{\"@type\":\"PropertyValueSpecification\",\"valueRequired\":true,\"valueName\":\"search_term_string\"}}],\"inLanguage\":\"en-US\"},{\"@type\":\"Organization\",\"@id\":\"https:\\\/\\\/webknjizara.hr\\\/#organization\",\"name\":\"REDAK D.O.O.\",\"url\":\"https:\\\/\\\/webknjizara.hr\\\/\",\"logo\":{\"@type\":\"ImageObject\",\"inLanguage\":\"en-US\",\"@id\":\"https:\\\/\\\/webknjizara.hr\\\/#\\\/schema\\\/logo\\\/image\\\/\",\"url\":\"https:\\\/\\\/webknjizara.hr\\\/wp-content\\\/uploads\\\/2023\\\/01\\\/web-knjizara-logo.webp\",\"contentUrl\":\"https:\\\/\\\/webknjizara.hr\\\/wp-content\\\/uploads\\\/2023\\\/01\\\/web-knjizara-logo.webp\",\"width\":324,\"height\":79,\"caption\":\"REDAK D.O.O.\"},\"image\":{\"@id\":\"https:\\\/\\\/webknjizara.hr\\\/#\\\/schema\\\/logo\\\/image\\\/\"}}]}<\/script>\n<!-- \/ Yoast SEO plugin. -->","yoast_head_json":{"title":"ZBORNIK RADOVA XVI. KONGRESA HDOD - HLZ - Web-knji\u017eara","robots":{"index":"index","follow":"follow","max-snippet":"max-snippet:-1","max-image-preview":"max-image-preview:large","max-video-preview":"max-video-preview:-1"},"canonical":"https:\/\/webknjizara.hr\/proizvod\/zbornik-radova-xvi-kongresa-hdod-hlz\/","og_locale":"en_US","og_type":"article","og_title":"ZBORNIK RADOVA XVI. KONGRESA HDOD - HLZ - Web-knji\u017eara","og_description":"Sa\u017eetak: PROSLOVDrage kolegice i kolege, \u0160esnaesti kongres Hrvatskoga dru\u0161tva obiteljskih\u00a0doktora trebao je biti mjesto za objavu niza novosti u promjeni funkcioniranja\u00a0zdravstvenog sustava u Republici Hrvatskoj, ali se to na\u017ealost zbog nedavnih\u00a0politi\u010dkih zbivanja ipak ne\u0107e dogoditi. Zbog svima poznatih okolnosti odgo\u0111ena\u00a0je promjena zakona o zdravstvenom osiguranju i zakona o zdravstvenoj za\u0161titi,\u00a0koja je trebala biti temelj boljih [&hellip;]","og_url":"https:\/\/webknjizara.hr\/proizvod\/zbornik-radova-xvi-kongresa-hdod-hlz\/","og_site_name":"Web-knji\u017eara","article_modified_time":"2023-02-26T23:16:52+00:00","og_image":[{"width":496,"height":693,"url":"https:\/\/webknjizara.hr\/wp-content\/uploads\/nc\/images\/virtuemart\/product\/zbornik-radova-x-580f98c058d94.jpg","type":"image\/jpeg"}],"twitter_card":"summary_large_image","twitter_misc":{"Est. reading time":"6 minutes"},"schema":{"@context":"https:\/\/schema.org","@graph":[{"@type":"WebPage","@id":"https:\/\/webknjizara.hr\/proizvod\/zbornik-radova-xvi-kongresa-hdod-hlz\/","url":"https:\/\/webknjizara.hr\/proizvod\/zbornik-radova-xvi-kongresa-hdod-hlz\/","name":"ZBORNIK RADOVA XVI. KONGRESA HDOD - HLZ - Web-knji\u017eara","isPartOf":{"@id":"https:\/\/webknjizara.hr\/#website"},"primaryImageOfPage":{"@id":"https:\/\/webknjizara.hr\/proizvod\/zbornik-radova-xvi-kongresa-hdod-hlz\/#primaryimage"},"image":{"@id":"https:\/\/webknjizara.hr\/proizvod\/zbornik-radova-xvi-kongresa-hdod-hlz\/#primaryimage"},"thumbnailUrl":"https:\/\/webknjizara.hr\/wp-content\/uploads\/nc\/images\/virtuemart\/product\/zbornik-radova-x-580f98c058d94.jpg","datePublished":"2016-10-25T17:39:12+00:00","dateModified":"2023-02-26T23:16:52+00:00","breadcrumb":{"@id":"https:\/\/webknjizara.hr\/proizvod\/zbornik-radova-xvi-kongresa-hdod-hlz\/#breadcrumb"},"inLanguage":"en-US","potentialAction":[{"@type":"ReadAction","target":["https:\/\/webknjizara.hr\/proizvod\/zbornik-radova-xvi-kongresa-hdod-hlz\/"]}]},{"@type":"ImageObject","inLanguage":"en-US","@id":"https:\/\/webknjizara.hr\/proizvod\/zbornik-radova-xvi-kongresa-hdod-hlz\/#primaryimage","url":"https:\/\/webknjizara.hr\/wp-content\/uploads\/nc\/images\/virtuemart\/product\/zbornik-radova-x-580f98c058d94.jpg","contentUrl":"https:\/\/webknjizara.hr\/wp-content\/uploads\/nc\/images\/virtuemart\/product\/zbornik-radova-x-580f98c058d94.jpg","width":496,"height":693,"caption":"ZBORNIK RADOVA XVI. KONGRESA HDOD - HLZ"},{"@type":"BreadcrumbList","@id":"https:\/\/webknjizara.hr\/proizvod\/zbornik-radova-xvi-kongresa-hdod-hlz\/#breadcrumb","itemListElement":[{"@type":"ListItem","position":1,"name":"Po\u010detna stranica","item":"https:\/\/webknjizara.hr\/en\/"},{"@type":"ListItem","position":2,"name":"Shop","item":"https:\/\/webknjizara.hr\/shop\/"},{"@type":"ListItem","position":3,"name":"ZBORNIK RADOVA XVI. KONGRESA HDOD &#8211; HLZ"}]},{"@type":"WebSite","@id":"https:\/\/webknjizara.hr\/#website","url":"https:\/\/webknjizara.hr\/","name":"Web Knji\u017eara","description":"","publisher":{"@id":"https:\/\/webknjizara.hr\/#organization"},"potentialAction":[{"@type":"SearchAction","target":{"@type":"EntryPoint","urlTemplate":"https:\/\/webknjizara.hr\/?s={search_term_string}"},"query-input":{"@type":"PropertyValueSpecification","valueRequired":true,"valueName":"search_term_string"}}],"inLanguage":"en-US"},{"@type":"Organization","@id":"https:\/\/webknjizara.hr\/#organization","name":"REDAK D.O.O.","url":"https:\/\/webknjizara.hr\/","logo":{"@type":"ImageObject","inLanguage":"en-US","@id":"https:\/\/webknjizara.hr\/#\/schema\/logo\/image\/","url":"https:\/\/webknjizara.hr\/wp-content\/uploads\/2023\/01\/web-knjizara-logo.webp","contentUrl":"https:\/\/webknjizara.hr\/wp-content\/uploads\/2023\/01\/web-knjizara-logo.webp","width":324,"height":79,"caption":"REDAK D.O.O."},"image":{"@id":"https:\/\/webknjizara.hr\/#\/schema\/logo\/image\/"}}]}},"_links":{"self":[{"href":"https:\/\/webknjizara.hr\/en\/wp-json\/wp\/v2\/product\/8335","targetHints":{"allow":["GET"]}}],"collection":[{"href":"https:\/\/webknjizara.hr\/en\/wp-json\/wp\/v2\/product"}],"about":[{"href":"https:\/\/webknjizara.hr\/en\/wp-json\/wp\/v2\/types\/product"}],"replies":[{"embeddable":true,"href":"https:\/\/webknjizara.hr\/en\/wp-json\/wp\/v2\/comments?post=8335"}],"wp:featuredmedia":[{"embeddable":true,"href":"https:\/\/webknjizara.hr\/en\/wp-json\/wp\/v2\/media\/8336"}],"wp:attachment":[{"href":"https:\/\/webknjizara.hr\/en\/wp-json\/wp\/v2\/media?parent=8335"}],"wp:term":[{"taxonomy":"product_brand","embeddable":true,"href":"https:\/\/webknjizara.hr\/en\/wp-json\/wp\/v2\/product_brand?post=8335"},{"taxonomy":"product_cat","embeddable":true,"href":"https:\/\/webknjizara.hr\/en\/wp-json\/wp\/v2\/product_cat?post=8335"},{"taxonomy":"product_tag","embeddable":true,"href":"https:\/\/webknjizara.hr\/en\/wp-json\/wp\/v2\/product_tag?post=8335"}],"curies":[{"name":"wp","href":"https:\/\/api.w.org\/{rel}","templated":true}]}}