{"id":8315,"date":"2016-09-20T07:28:36","date_gmt":"2016-09-20T07:28:36","guid":{"rendered":"https:\/\/webknjizara.hr\/?product=ne-sefe-natasa-matosin-grbic"},"modified":"2023-02-27T00:16:51","modified_gmt":"2023-02-26T23:16:51","slug":"ne-sefe-natasa-matosin-grbic","status":"publish","type":"product","link":"https:\/\/webknjizara.hr\/en\/proizvod\/ne-sefe-natasa-matosin-grbic\/","title":{"rendered":"NE, \u0160EFE, Nata\u0161a Mato\u0161in Grbi\u0107"},"content":{"rendered":"<p style=\"text-align: justify;\"><strong><br \/>Sa\u017eetak:<\/strong> <\/p>\n<p>Prva knjiga koja otvoreno govori o ra\u0161irenoj pojavi mobbinga. Pru\u017ea primjere pona\u0161anja koja predstavljaju mobbing, zdravstvene smetnje koje se javljaju kod mobbingiranih osoba, lije\u010denje i druge na\u010dine izlaska iz uloge \u017ertve. U knjizi je i autori\u010dino osobno iskustvo prolaska kroz mobbing, zdravstvene i druge smetnje koje je imala, osvje\u0161tavanje problema te put do ozdravljenja. Cilj knjige je osvijestiti problem mobbinga i njegove \u0161tetne posljedice na svim dru\u0161tvenim razinama jer mobbing nije samo problem mobbera i mobbingirane osobe, ve\u0107 i jedan od uzroka neproduktivnosti brojnih tvrtki, posebno javnih i dr\u017eavnih. U mobbingu nema pobjednika, svi gube.<\/p>\n<p style=\"text-align: justify;\"><strong>Bilje\u0161ka o autorici:<\/strong> <\/p>\n<p>Ro\u0111ena je i \u017eivi sa suprugom u Sisku. Po struci je magistar prava. Pravni fakultet zavr\u0161ila je u Zagrebu. Radila je dugi niz godina u pravosu\u0111u. Kroz radni vijek je promijenila jo\u0161 nekoliko tvrtki i razli\u010ditih radnih mjesta, a sa zadnjeg, koje je i opisano u ovoj knjizi, oti\u0161la je zbog mobbinga.<\/p>\n<p style=\"text-align: justify;\"><strong>Klju\u010dne rije\u010di:<\/strong> Mobbing, \u017ertva, zlostavljanje, iskori\u0161tavanje, izolacija, prekovremeni rad, depresija, lije\u010denje, psihoterapija, strah, sram , \u0161to je mobbing<br \/><strong><\/strong><br \/><strong>E-mail:<\/strong> <a href=\"mailto:natasa.lavin@gmail.com\">Nata\u0161a Mato\u0161in Grbi\u0107<\/a><\/p>\n<p style=\"text-align: justify;\"><strong>Naslov:<\/strong> Ne, \u0161efe<br \/><strong>Autorica:<\/strong> Nata\u0161a Mato\u0161in Grbi\u0107<br \/><strong>Broj stranica:<\/strong> 100<br \/><strong>Nakladnik:<\/strong> REDAK<br \/><strong>Godina izdanja:<\/strong> 2016.<br \/><strong>ISBN:<\/strong> 978-953-336-332-5<br \/><strong>Tisak:<\/strong> digitalni tisak knjiga &#8211; print na zahtjev\u00a0<\/p>\n<hr \/>\n<p style=\"text-align: justify;\"><strong>Kako naru\u010diti knjigu?\u00a0<\/strong>Proces online kupovine jednako funkcionira za sve kupce, s jedinom razlikom u tome \u0161to \u0161to kupci iz inozemstva za podru\u010dje dostave moraju odabrati &#8220;Europa&#8221; ili &#8220;Ostale zemlje svijeta&#8221;, a za vrstu pla\u0107anja WSPay (kreditna kartica) ili Virmanom (bankovni transfer).<\/p>\n<p style=\"text-align: justify;\">Molimo kliknite ovdje za\u00a0<a href=\"hr\/kako-kupovati\" target=\"_blank\" rel=\"noopener\">detaljni vodi\u010d kroz proces narud\u017ebe<\/a>\u00a0ili nas\u00a0<a href=\"hr\/kontakt\" target=\"_blank\" rel=\"noopener\">kontaktirajte<\/a>\u00a0za vi\u0161e informacija.<\/p>\n","protected":false},"excerpt":{"rendered":"<p>Sa\u017eetak: Prva knjiga koja otvoreno govori o ra\u0161irenoj pojavi mobbinga. Pru\u017ea primjere pona\u0161anja koja predstavljaju mobbing, zdravstvene smetnje koje se javljaju kod mobbingiranih osoba, lije\u010denje i druge na\u010dine izlaska iz uloge \u017ertve. U knjizi je i autori\u010dino osobno iskustvo prolaska kroz mobbing, zdravstvene i druge smetnje koje je imala, osvje\u0161tavanje problema te put do ozdravljenja. [&hellip;]<\/p>\n","protected":false},"featured_media":8316,"comment_status":"open","ping_status":"closed","template":"","meta":{"_acf_changed":false},"product_brand":[],"product_cat":[1489],"product_tag":[],"class_list":{"0":"post-8315","1":"product","2":"type-product","3":"status-publish","4":"has-post-thumbnail","6":"product_cat-publicistika","7":"pa_autor-natasa-matosin-grbic","8":"pa_nakladnik-redak","10":"first","11":"instock","12":"shipping-taxable","13":"purchasable","14":"product-type-simple"},"acf":[],"yoast_head":"<!-- This site is optimized with the Yoast SEO plugin v27.3 - https:\/\/yoast.com\/product\/yoast-seo-wordpress\/ -->\n<title>NE, \u0160EFE, Nata\u0161a Mato\u0161in Grbi\u0107 - Web-knji\u017eara<\/title>\n<meta name=\"robots\" content=\"index, follow, max-snippet:-1, max-image-preview:large, max-video-preview:-1\" \/>\n<link rel=\"canonical\" href=\"https:\/\/webknjizara.hr\/proizvod\/ne-sefe-natasa-matosin-grbic\/\" \/>\n<meta property=\"og:locale\" content=\"en_US\" \/>\n<meta property=\"og:type\" content=\"article\" \/>\n<meta property=\"og:title\" content=\"NE, \u0160EFE, Nata\u0161a Mato\u0161in Grbi\u0107 - Web-knji\u017eara\" \/>\n<meta property=\"og:description\" content=\"Sa\u017eetak: Prva knjiga koja otvoreno govori o ra\u0161irenoj pojavi mobbinga. Pru\u017ea primjere pona\u0161anja koja predstavljaju mobbing, zdravstvene smetnje koje se javljaju kod mobbingiranih osoba, lije\u010denje i druge na\u010dine izlaska iz uloge \u017ertve. U knjizi je i autori\u010dino osobno iskustvo prolaska kroz mobbing, zdravstvene i druge smetnje koje je imala, osvje\u0161tavanje problema te put do ozdravljenja. [&hellip;]\" \/>\n<meta property=\"og:url\" content=\"https:\/\/webknjizara.hr\/proizvod\/ne-sefe-natasa-matosin-grbic\/\" \/>\n<meta property=\"og:site_name\" content=\"Web-knji\u017eara\" \/>\n<meta property=\"article:modified_time\" content=\"2023-02-26T23:16:51+00:00\" \/>\n<meta property=\"og:image\" content=\"https:\/\/webknjizara.hr\/wp-content\/uploads\/nc\/images\/virtuemart\/product\/ne-efe-nata-57e0e524abe2e.jpg\" \/>\n\t<meta property=\"og:image:width\" content=\"573\" \/>\n\t<meta property=\"og:image:height\" content=\"800\" \/>\n\t<meta property=\"og:image:type\" content=\"image\/jpeg\" \/>\n<meta name=\"twitter:card\" content=\"summary_large_image\" \/>\n<meta name=\"twitter:label1\" content=\"Est. reading time\" \/>\n\t<meta name=\"twitter:data1\" content=\"1 minute\" \/>\n<script type=\"application\/ld+json\" class=\"yoast-schema-graph\">{\"@context\":\"https:\\\/\\\/schema.org\",\"@graph\":[{\"@type\":\"WebPage\",\"@id\":\"https:\\\/\\\/webknjizara.hr\\\/proizvod\\\/ne-sefe-natasa-matosin-grbic\\\/\",\"url\":\"https:\\\/\\\/webknjizara.hr\\\/proizvod\\\/ne-sefe-natasa-matosin-grbic\\\/\",\"name\":\"NE, \u0160EFE, Nata\u0161a Mato\u0161in Grbi\u0107 - Web-knji\u017eara\",\"isPartOf\":{\"@id\":\"https:\\\/\\\/webknjizara.hr\\\/#website\"},\"primaryImageOfPage\":{\"@id\":\"https:\\\/\\\/webknjizara.hr\\\/proizvod\\\/ne-sefe-natasa-matosin-grbic\\\/#primaryimage\"},\"image\":{\"@id\":\"https:\\\/\\\/webknjizara.hr\\\/proizvod\\\/ne-sefe-natasa-matosin-grbic\\\/#primaryimage\"},\"thumbnailUrl\":\"https:\\\/\\\/webknjizara.hr\\\/wp-content\\\/uploads\\\/nc\\\/images\\\/virtuemart\\\/product\\\/ne-efe-nata-57e0e524abe2e.jpg\",\"datePublished\":\"2016-09-20T07:28:36+00:00\",\"dateModified\":\"2023-02-26T23:16:51+00:00\",\"breadcrumb\":{\"@id\":\"https:\\\/\\\/webknjizara.hr\\\/proizvod\\\/ne-sefe-natasa-matosin-grbic\\\/#breadcrumb\"},\"inLanguage\":\"en-US\",\"potentialAction\":[{\"@type\":\"ReadAction\",\"target\":[\"https:\\\/\\\/webknjizara.hr\\\/proizvod\\\/ne-sefe-natasa-matosin-grbic\\\/\"]}]},{\"@type\":\"ImageObject\",\"inLanguage\":\"en-US\",\"@id\":\"https:\\\/\\\/webknjizara.hr\\\/proizvod\\\/ne-sefe-natasa-matosin-grbic\\\/#primaryimage\",\"url\":\"https:\\\/\\\/webknjizara.hr\\\/wp-content\\\/uploads\\\/nc\\\/images\\\/virtuemart\\\/product\\\/ne-efe-nata-57e0e524abe2e.jpg\",\"contentUrl\":\"https:\\\/\\\/webknjizara.hr\\\/wp-content\\\/uploads\\\/nc\\\/images\\\/virtuemart\\\/product\\\/ne-efe-nata-57e0e524abe2e.jpg\",\"width\":573,\"height\":800,\"caption\":\"NE, \u0160EFE, Nata\u0161a Mato\u0161in Grbi\u0107\"},{\"@type\":\"BreadcrumbList\",\"@id\":\"https:\\\/\\\/webknjizara.hr\\\/proizvod\\\/ne-sefe-natasa-matosin-grbic\\\/#breadcrumb\",\"itemListElement\":[{\"@type\":\"ListItem\",\"position\":1,\"name\":\"Po\u010detna stranica\",\"item\":\"https:\\\/\\\/webknjizara.hr\\\/en\\\/\"},{\"@type\":\"ListItem\",\"position\":2,\"name\":\"Shop\",\"item\":\"https:\\\/\\\/webknjizara.hr\\\/shop\\\/\"},{\"@type\":\"ListItem\",\"position\":3,\"name\":\"NE, \u0160EFE, Nata\u0161a Mato\u0161in Grbi\u0107\"}]},{\"@type\":\"WebSite\",\"@id\":\"https:\\\/\\\/webknjizara.hr\\\/#website\",\"url\":\"https:\\\/\\\/webknjizara.hr\\\/\",\"name\":\"Web Knji\u017eara\",\"description\":\"\",\"publisher\":{\"@id\":\"https:\\\/\\\/webknjizara.hr\\\/#organization\"},\"potentialAction\":[{\"@type\":\"SearchAction\",\"target\":{\"@type\":\"EntryPoint\",\"urlTemplate\":\"https:\\\/\\\/webknjizara.hr\\\/?s={search_term_string}\"},\"query-input\":{\"@type\":\"PropertyValueSpecification\",\"valueRequired\":true,\"valueName\":\"search_term_string\"}}],\"inLanguage\":\"en-US\"},{\"@type\":\"Organization\",\"@id\":\"https:\\\/\\\/webknjizara.hr\\\/#organization\",\"name\":\"REDAK D.O.O.\",\"url\":\"https:\\\/\\\/webknjizara.hr\\\/\",\"logo\":{\"@type\":\"ImageObject\",\"inLanguage\":\"en-US\",\"@id\":\"https:\\\/\\\/webknjizara.hr\\\/#\\\/schema\\\/logo\\\/image\\\/\",\"url\":\"https:\\\/\\\/webknjizara.hr\\\/wp-content\\\/uploads\\\/2023\\\/01\\\/web-knjizara-logo.webp\",\"contentUrl\":\"https:\\\/\\\/webknjizara.hr\\\/wp-content\\\/uploads\\\/2023\\\/01\\\/web-knjizara-logo.webp\",\"width\":324,\"height\":79,\"caption\":\"REDAK D.O.O.\"},\"image\":{\"@id\":\"https:\\\/\\\/webknjizara.hr\\\/#\\\/schema\\\/logo\\\/image\\\/\"}}]}<\/script>\n<!-- \/ Yoast SEO plugin. -->","yoast_head_json":{"title":"NE, \u0160EFE, Nata\u0161a Mato\u0161in Grbi\u0107 - Web-knji\u017eara","robots":{"index":"index","follow":"follow","max-snippet":"max-snippet:-1","max-image-preview":"max-image-preview:large","max-video-preview":"max-video-preview:-1"},"canonical":"https:\/\/webknjizara.hr\/proizvod\/ne-sefe-natasa-matosin-grbic\/","og_locale":"en_US","og_type":"article","og_title":"NE, \u0160EFE, Nata\u0161a Mato\u0161in Grbi\u0107 - Web-knji\u017eara","og_description":"Sa\u017eetak: Prva knjiga koja otvoreno govori o ra\u0161irenoj pojavi mobbinga. Pru\u017ea primjere pona\u0161anja koja predstavljaju mobbing, zdravstvene smetnje koje se javljaju kod mobbingiranih osoba, lije\u010denje i druge na\u010dine izlaska iz uloge \u017ertve. U knjizi je i autori\u010dino osobno iskustvo prolaska kroz mobbing, zdravstvene i druge smetnje koje je imala, osvje\u0161tavanje problema te put do ozdravljenja. [&hellip;]","og_url":"https:\/\/webknjizara.hr\/proizvod\/ne-sefe-natasa-matosin-grbic\/","og_site_name":"Web-knji\u017eara","article_modified_time":"2023-02-26T23:16:51+00:00","og_image":[{"width":573,"height":800,"url":"https:\/\/webknjizara.hr\/wp-content\/uploads\/nc\/images\/virtuemart\/product\/ne-efe-nata-57e0e524abe2e.jpg","type":"image\/jpeg"}],"twitter_card":"summary_large_image","twitter_misc":{"Est. reading time":"1 minute"},"schema":{"@context":"https:\/\/schema.org","@graph":[{"@type":"WebPage","@id":"https:\/\/webknjizara.hr\/proizvod\/ne-sefe-natasa-matosin-grbic\/","url":"https:\/\/webknjizara.hr\/proizvod\/ne-sefe-natasa-matosin-grbic\/","name":"NE, \u0160EFE, Nata\u0161a Mato\u0161in Grbi\u0107 - Web-knji\u017eara","isPartOf":{"@id":"https:\/\/webknjizara.hr\/#website"},"primaryImageOfPage":{"@id":"https:\/\/webknjizara.hr\/proizvod\/ne-sefe-natasa-matosin-grbic\/#primaryimage"},"image":{"@id":"https:\/\/webknjizara.hr\/proizvod\/ne-sefe-natasa-matosin-grbic\/#primaryimage"},"thumbnailUrl":"https:\/\/webknjizara.hr\/wp-content\/uploads\/nc\/images\/virtuemart\/product\/ne-efe-nata-57e0e524abe2e.jpg","datePublished":"2016-09-20T07:28:36+00:00","dateModified":"2023-02-26T23:16:51+00:00","breadcrumb":{"@id":"https:\/\/webknjizara.hr\/proizvod\/ne-sefe-natasa-matosin-grbic\/#breadcrumb"},"inLanguage":"en-US","potentialAction":[{"@type":"ReadAction","target":["https:\/\/webknjizara.hr\/proizvod\/ne-sefe-natasa-matosin-grbic\/"]}]},{"@type":"ImageObject","inLanguage":"en-US","@id":"https:\/\/webknjizara.hr\/proizvod\/ne-sefe-natasa-matosin-grbic\/#primaryimage","url":"https:\/\/webknjizara.hr\/wp-content\/uploads\/nc\/images\/virtuemart\/product\/ne-efe-nata-57e0e524abe2e.jpg","contentUrl":"https:\/\/webknjizara.hr\/wp-content\/uploads\/nc\/images\/virtuemart\/product\/ne-efe-nata-57e0e524abe2e.jpg","width":573,"height":800,"caption":"NE, \u0160EFE, Nata\u0161a Mato\u0161in Grbi\u0107"},{"@type":"BreadcrumbList","@id":"https:\/\/webknjizara.hr\/proizvod\/ne-sefe-natasa-matosin-grbic\/#breadcrumb","itemListElement":[{"@type":"ListItem","position":1,"name":"Po\u010detna stranica","item":"https:\/\/webknjizara.hr\/en\/"},{"@type":"ListItem","position":2,"name":"Shop","item":"https:\/\/webknjizara.hr\/shop\/"},{"@type":"ListItem","position":3,"name":"NE, \u0160EFE, Nata\u0161a Mato\u0161in Grbi\u0107"}]},{"@type":"WebSite","@id":"https:\/\/webknjizara.hr\/#website","url":"https:\/\/webknjizara.hr\/","name":"Web Knji\u017eara","description":"","publisher":{"@id":"https:\/\/webknjizara.hr\/#organization"},"potentialAction":[{"@type":"SearchAction","target":{"@type":"EntryPoint","urlTemplate":"https:\/\/webknjizara.hr\/?s={search_term_string}"},"query-input":{"@type":"PropertyValueSpecification","valueRequired":true,"valueName":"search_term_string"}}],"inLanguage":"en-US"},{"@type":"Organization","@id":"https:\/\/webknjizara.hr\/#organization","name":"REDAK D.O.O.","url":"https:\/\/webknjizara.hr\/","logo":{"@type":"ImageObject","inLanguage":"en-US","@id":"https:\/\/webknjizara.hr\/#\/schema\/logo\/image\/","url":"https:\/\/webknjizara.hr\/wp-content\/uploads\/2023\/01\/web-knjizara-logo.webp","contentUrl":"https:\/\/webknjizara.hr\/wp-content\/uploads\/2023\/01\/web-knjizara-logo.webp","width":324,"height":79,"caption":"REDAK D.O.O."},"image":{"@id":"https:\/\/webknjizara.hr\/#\/schema\/logo\/image\/"}}]}},"_links":{"self":[{"href":"https:\/\/webknjizara.hr\/en\/wp-json\/wp\/v2\/product\/8315","targetHints":{"allow":["GET"]}}],"collection":[{"href":"https:\/\/webknjizara.hr\/en\/wp-json\/wp\/v2\/product"}],"about":[{"href":"https:\/\/webknjizara.hr\/en\/wp-json\/wp\/v2\/types\/product"}],"replies":[{"embeddable":true,"href":"https:\/\/webknjizara.hr\/en\/wp-json\/wp\/v2\/comments?post=8315"}],"wp:featuredmedia":[{"embeddable":true,"href":"https:\/\/webknjizara.hr\/en\/wp-json\/wp\/v2\/media\/8316"}],"wp:attachment":[{"href":"https:\/\/webknjizara.hr\/en\/wp-json\/wp\/v2\/media?parent=8315"}],"wp:term":[{"taxonomy":"product_brand","embeddable":true,"href":"https:\/\/webknjizara.hr\/en\/wp-json\/wp\/v2\/product_brand?post=8315"},{"taxonomy":"product_cat","embeddable":true,"href":"https:\/\/webknjizara.hr\/en\/wp-json\/wp\/v2\/product_cat?post=8315"},{"taxonomy":"product_tag","embeddable":true,"href":"https:\/\/webknjizara.hr\/en\/wp-json\/wp\/v2\/product_tag?post=8315"}],"curies":[{"name":"wp","href":"https:\/\/api.w.org\/{rel}","templated":true}]}}