{"id":8311,"date":"2016-09-18T18:21:51","date_gmt":"2016-09-18T18:21:51","guid":{"rendered":"https:\/\/webknjizara.hr\/?product=kad-rijeci-postanu-oruzje-mirjana-juric"},"modified":"2023-02-27T00:16:51","modified_gmt":"2023-02-26T23:16:51","slug":"kad-rijeci-postanu-oruzje-mirjana-juric","status":"publish","type":"product","link":"https:\/\/webknjizara.hr\/en\/proizvod\/kad-rijeci-postanu-oruzje-mirjana-juric\/","title":{"rendered":"KAD RIJE\u010cI POSTANU ORU\u017dJE, Mirjana Juri\u0107"},"content":{"rendered":"<p style=\"text-align: justify;\"><strong><span style=\"text-decoration: underline;\"><br \/>Kupnjom ove knjige poma\u017eete radu Centra za hagioterapiju Split<\/span><\/p>\n<p>Sa\u017eetak:<\/strong> <\/p>\n<p>Ovo je knjiga svjedo\u010denja o obra\u0107enju \u017eene koja je u svojoj pedesetpetoj godini \u017eivota u patnji upoznala Boga.<\/p>\n<p style=\"text-align: justify;\">Osvrt prof. Ane Peri\u0161i\u0107:<\/p>\n<p style=\"text-align: justify;\"><em>\u201eCijeli moj \u017eivot bio je vapaj za smislom. Trudila sam se svim svojim snagama da ljudi koji me poznaju ne otkriju da sam nesretna.\u201c <\/em><\/p>\n<p><em>Ovim rije\u010dima mogao bi se sa\u017eeti sukus autori\u010dine knjige. Autorica je imala potrebu podijeliti svoju patnju s ljudima sli\u010dnog \u017eivotnog iskustva, \u0161tovi\u0161e uzroke i izlaz iz nje.<\/em><\/p>\n<p><em>S obzirom da autorica nije profesionalna spisateljica, u knjizi se mije\u0161aju i ponavljaju dijelovi iz ranog djetinjstva i vremena odba\u010denosti od bliskih osoba te razli\u010dita iskustva koja je stjecala da bi prona\u0161la izlaz iz osobne patnje. <\/em><\/p>\n<p><em>No, to je minorno pred \u017eeljom autorice da izrazi dubinu boli osamljenog, poni\u017eenog, napu\u0161tenog, bezvrijednog i nekorisnog \u010dovjeka te cilj za kojim je tragala, da u sebi osvijesti tko ona zapravo jest i kako joj je \u017eivjeti unato\u010d svemu pro\u017eivljenom. <\/em><\/p>\n<p><em>Autorica je \u017eivi svjedok istinitosti rije\u010di iz \u201eSvetoga pisma\u201c: \u201eTko kuca, otvorit \u0107e mu se i tko tra\u017ei, na\u0107i \u0107e.\u201c Ona je traga\u010dica za smislom, za onim dubokim \u201eja\u201c u sebi i za Onim od koga i zbog koga ona jest u svijetu. Slijedila je mnoge duhovne obnove, Sveto pismo, citate mnogih mudrih ljudi, duhovnu pomo\u0107 i uspjela je prona\u0107i sebe. Ono \u0161to je najva\u017enije, autorica se oslonila na Boga koji je lijek i lije\u010dnik \u010dovjekove du\u0161e.<\/em><\/p>\n<p><em>\u010citatelj \u0107e uo\u010diti da joj ni danas \u017eivot nije lak, da se bori i otkriva smisao za ovo vrijeme. U tome i jest kvaliteta ove knjige, jer ne daje gotovi recept ve\u0107 poti\u010de \u010ditatelja da tra\u017ei svoj put, svoj izlaz i svoje originalno poslanje. <\/em><\/p>\n<p><em>Autorici osobno zahvaljujem \u0161to me obogatila svojom iskreno\u0161\u0107u i ponizno\u0161\u0107u, \u0161to mi je ukazala \u010dast da budem dio njene intime \u2013 najve\u0107eg blaga koje \u010dovjek ima. <\/em><\/p>\n<p><em>Mirjana, sretno!<\/em><\/p>\n<p style=\"text-align: justify;\"><strong>Bilje\u0161ka o autorici:<\/strong><\/p>\n<p style=\"text-align: justify;\"><strong>Klju\u010dne rije\u010di:<\/strong> Hagioterapija, patnja, obra\u0107enje, \u017eivotni smisao, iz tame u svjetlo, prof. Tomislav Ivan\u010di\u0107, obitelj, \u0161kola \u017eivota, zajednica, molitva i rije\u010d, pitanje smisla \u017eivota<\/p>\n<p style=\"text-align: justify;\"><strong>Naslov:<\/strong> Kad rije\u010di postanu oru\u017eje<br \/><strong>Autorica:<\/strong> Mirjana Juri\u0107<br \/><strong>Broj stranica:<\/strong> 105<br \/><strong>Nakladnik:<\/strong> REDAK<br \/><strong>Godina izdanja:<\/strong> 2016.<br \/><strong>ISBN:<\/strong> 978-953-336-314-1<br \/><strong>Tisak:<\/strong> digitalni tisak knjiga &#8211; print na zahtjev\u00a0<\/p>\n<hr \/>\n<p style=\"text-align: justify;\"><strong>Kako naru\u010diti knjigu?\u00a0<\/strong>Proces online kupovine jednako funkcionira za sve kupce, s jedinom razlikom u tome \u0161to \u0161to kupci iz inozemstva za podru\u010dje dostave moraju odabrati &#8220;Europa&#8221; ili &#8220;Ostale zemlje svijeta&#8221;, a za vrstu pla\u0107anja WSPay (kreditna kartica) ili Virmanom (bankovni transfer).<\/p>\n<p style=\"text-align: justify;\">Molimo kliknite ovdje za\u00a0<a href=\"hr\/kako-kupovati\" target=\"_blank\" rel=\"noopener\">detaljni vodi\u010d kroz proces narud\u017ebe<\/a>\u00a0ili nas\u00a0<a href=\"hr\/kontakt\" target=\"_blank\" rel=\"noopener\">kontaktirajte<\/a>\u00a0za vi\u0161e informacija.<\/p>\n","protected":false},"excerpt":{"rendered":"<p>Kupnjom ove knjige poma\u017eete radu Centra za hagioterapiju Split Sa\u017eetak: Ovo je knjiga svjedo\u010denja o obra\u0107enju \u017eene koja je u svojoj pedesetpetoj godini \u017eivota u patnji upoznala Boga. Osvrt prof. Ane Peri\u0161i\u0107: \u201eCijeli moj \u017eivot bio je vapaj za smislom. Trudila sam se svim svojim snagama da ljudi koji me poznaju ne otkriju da sam [&hellip;]<\/p>\n","protected":false},"featured_media":8312,"comment_status":"open","ping_status":"closed","template":"","meta":{"_acf_changed":false},"product_brand":[],"product_cat":[1383,1385],"product_tag":[],"class_list":{"0":"post-8311","1":"product","2":"type-product","3":"status-publish","4":"has-post-thumbnail","6":"product_cat-knjige","7":"product_cat-knjizevnost","8":"pa_autor-mirjana-juric","9":"pa_nakladnik-redak","11":"first","12":"instock","13":"shipping-taxable","14":"purchasable","15":"product-type-simple"},"acf":[],"yoast_head":"<!-- This site is optimized with the Yoast SEO plugin v27.3 - https:\/\/yoast.com\/product\/yoast-seo-wordpress\/ -->\n<title>KAD RIJE\u010cI POSTANU ORU\u017dJE, Mirjana Juri\u0107 - Web-knji\u017eara<\/title>\n<meta name=\"robots\" content=\"index, follow, max-snippet:-1, max-image-preview:large, max-video-preview:-1\" \/>\n<link rel=\"canonical\" href=\"https:\/\/webknjizara.hr\/proizvod\/kad-rijeci-postanu-oruzje-mirjana-juric\/\" \/>\n<meta property=\"og:locale\" content=\"en_US\" \/>\n<meta property=\"og:type\" content=\"article\" \/>\n<meta property=\"og:title\" content=\"KAD RIJE\u010cI POSTANU ORU\u017dJE, Mirjana Juri\u0107 - Web-knji\u017eara\" \/>\n<meta property=\"og:description\" content=\"Kupnjom ove knjige poma\u017eete radu Centra za hagioterapiju Split Sa\u017eetak: Ovo je knjiga svjedo\u010denja o obra\u0107enju \u017eene koja je u svojoj pedesetpetoj godini \u017eivota u patnji upoznala Boga. Osvrt prof. Ane Peri\u0161i\u0107: \u201eCijeli moj \u017eivot bio je vapaj za smislom. Trudila sam se svim svojim snagama da ljudi koji me poznaju ne otkriju da sam [&hellip;]\" \/>\n<meta property=\"og:url\" content=\"https:\/\/webknjizara.hr\/proizvod\/kad-rijeci-postanu-oruzje-mirjana-juric\/\" \/>\n<meta property=\"og:site_name\" content=\"Web-knji\u017eara\" \/>\n<meta property=\"article:modified_time\" content=\"2023-02-26T23:16:51+00:00\" \/>\n<meta property=\"og:image\" content=\"https:\/\/webknjizara.hr\/wp-content\/uploads\/nc\/images\/virtuemart\/product\/kad-rije-i-post-57dedb3feef44.jpg\" \/>\n\t<meta property=\"og:image:width\" content=\"573\" \/>\n\t<meta property=\"og:image:height\" content=\"800\" \/>\n\t<meta property=\"og:image:type\" content=\"image\/jpeg\" \/>\n<meta name=\"twitter:card\" content=\"summary_large_image\" \/>\n<meta name=\"twitter:label1\" content=\"Est. reading time\" \/>\n\t<meta name=\"twitter:data1\" content=\"2 minutes\" \/>\n<script type=\"application\/ld+json\" class=\"yoast-schema-graph\">{\"@context\":\"https:\\\/\\\/schema.org\",\"@graph\":[{\"@type\":\"WebPage\",\"@id\":\"https:\\\/\\\/webknjizara.hr\\\/proizvod\\\/kad-rijeci-postanu-oruzje-mirjana-juric\\\/\",\"url\":\"https:\\\/\\\/webknjizara.hr\\\/proizvod\\\/kad-rijeci-postanu-oruzje-mirjana-juric\\\/\",\"name\":\"KAD RIJE\u010cI POSTANU ORU\u017dJE, Mirjana Juri\u0107 - Web-knji\u017eara\",\"isPartOf\":{\"@id\":\"https:\\\/\\\/webknjizara.hr\\\/#website\"},\"primaryImageOfPage\":{\"@id\":\"https:\\\/\\\/webknjizara.hr\\\/proizvod\\\/kad-rijeci-postanu-oruzje-mirjana-juric\\\/#primaryimage\"},\"image\":{\"@id\":\"https:\\\/\\\/webknjizara.hr\\\/proizvod\\\/kad-rijeci-postanu-oruzje-mirjana-juric\\\/#primaryimage\"},\"thumbnailUrl\":\"https:\\\/\\\/webknjizara.hr\\\/wp-content\\\/uploads\\\/nc\\\/images\\\/virtuemart\\\/product\\\/kad-rije-i-post-57dedb3feef44.jpg\",\"datePublished\":\"2016-09-18T18:21:51+00:00\",\"dateModified\":\"2023-02-26T23:16:51+00:00\",\"breadcrumb\":{\"@id\":\"https:\\\/\\\/webknjizara.hr\\\/proizvod\\\/kad-rijeci-postanu-oruzje-mirjana-juric\\\/#breadcrumb\"},\"inLanguage\":\"en-US\",\"potentialAction\":[{\"@type\":\"ReadAction\",\"target\":[\"https:\\\/\\\/webknjizara.hr\\\/proizvod\\\/kad-rijeci-postanu-oruzje-mirjana-juric\\\/\"]}]},{\"@type\":\"ImageObject\",\"inLanguage\":\"en-US\",\"@id\":\"https:\\\/\\\/webknjizara.hr\\\/proizvod\\\/kad-rijeci-postanu-oruzje-mirjana-juric\\\/#primaryimage\",\"url\":\"https:\\\/\\\/webknjizara.hr\\\/wp-content\\\/uploads\\\/nc\\\/images\\\/virtuemart\\\/product\\\/kad-rije-i-post-57dedb3feef44.jpg\",\"contentUrl\":\"https:\\\/\\\/webknjizara.hr\\\/wp-content\\\/uploads\\\/nc\\\/images\\\/virtuemart\\\/product\\\/kad-rije-i-post-57dedb3feef44.jpg\",\"width\":573,\"height\":800,\"caption\":\"KAD RIJE\u010cI POSTANU ORU\u017dJE, Mirjana Juri\u0107\"},{\"@type\":\"BreadcrumbList\",\"@id\":\"https:\\\/\\\/webknjizara.hr\\\/proizvod\\\/kad-rijeci-postanu-oruzje-mirjana-juric\\\/#breadcrumb\",\"itemListElement\":[{\"@type\":\"ListItem\",\"position\":1,\"name\":\"Po\u010detna stranica\",\"item\":\"https:\\\/\\\/webknjizara.hr\\\/en\\\/\"},{\"@type\":\"ListItem\",\"position\":2,\"name\":\"Shop\",\"item\":\"https:\\\/\\\/webknjizara.hr\\\/shop\\\/\"},{\"@type\":\"ListItem\",\"position\":3,\"name\":\"KAD RIJE\u010cI POSTANU ORU\u017dJE, Mirjana Juri\u0107\"}]},{\"@type\":\"WebSite\",\"@id\":\"https:\\\/\\\/webknjizara.hr\\\/#website\",\"url\":\"https:\\\/\\\/webknjizara.hr\\\/\",\"name\":\"Web Knji\u017eara\",\"description\":\"\",\"publisher\":{\"@id\":\"https:\\\/\\\/webknjizara.hr\\\/#organization\"},\"potentialAction\":[{\"@type\":\"SearchAction\",\"target\":{\"@type\":\"EntryPoint\",\"urlTemplate\":\"https:\\\/\\\/webknjizara.hr\\\/?s={search_term_string}\"},\"query-input\":{\"@type\":\"PropertyValueSpecification\",\"valueRequired\":true,\"valueName\":\"search_term_string\"}}],\"inLanguage\":\"en-US\"},{\"@type\":\"Organization\",\"@id\":\"https:\\\/\\\/webknjizara.hr\\\/#organization\",\"name\":\"REDAK D.O.O.\",\"url\":\"https:\\\/\\\/webknjizara.hr\\\/\",\"logo\":{\"@type\":\"ImageObject\",\"inLanguage\":\"en-US\",\"@id\":\"https:\\\/\\\/webknjizara.hr\\\/#\\\/schema\\\/logo\\\/image\\\/\",\"url\":\"https:\\\/\\\/webknjizara.hr\\\/wp-content\\\/uploads\\\/2023\\\/01\\\/web-knjizara-logo.webp\",\"contentUrl\":\"https:\\\/\\\/webknjizara.hr\\\/wp-content\\\/uploads\\\/2023\\\/01\\\/web-knjizara-logo.webp\",\"width\":324,\"height\":79,\"caption\":\"REDAK D.O.O.\"},\"image\":{\"@id\":\"https:\\\/\\\/webknjizara.hr\\\/#\\\/schema\\\/logo\\\/image\\\/\"}}]}<\/script>\n<!-- \/ Yoast SEO plugin. -->","yoast_head_json":{"title":"KAD RIJE\u010cI POSTANU ORU\u017dJE, Mirjana Juri\u0107 - Web-knji\u017eara","robots":{"index":"index","follow":"follow","max-snippet":"max-snippet:-1","max-image-preview":"max-image-preview:large","max-video-preview":"max-video-preview:-1"},"canonical":"https:\/\/webknjizara.hr\/proizvod\/kad-rijeci-postanu-oruzje-mirjana-juric\/","og_locale":"en_US","og_type":"article","og_title":"KAD RIJE\u010cI POSTANU ORU\u017dJE, Mirjana Juri\u0107 - Web-knji\u017eara","og_description":"Kupnjom ove knjige poma\u017eete radu Centra za hagioterapiju Split Sa\u017eetak: Ovo je knjiga svjedo\u010denja o obra\u0107enju \u017eene koja je u svojoj pedesetpetoj godini \u017eivota u patnji upoznala Boga. Osvrt prof. Ane Peri\u0161i\u0107: \u201eCijeli moj \u017eivot bio je vapaj za smislom. Trudila sam se svim svojim snagama da ljudi koji me poznaju ne otkriju da sam [&hellip;]","og_url":"https:\/\/webknjizara.hr\/proizvod\/kad-rijeci-postanu-oruzje-mirjana-juric\/","og_site_name":"Web-knji\u017eara","article_modified_time":"2023-02-26T23:16:51+00:00","og_image":[{"width":573,"height":800,"url":"https:\/\/webknjizara.hr\/wp-content\/uploads\/nc\/images\/virtuemart\/product\/kad-rije-i-post-57dedb3feef44.jpg","type":"image\/jpeg"}],"twitter_card":"summary_large_image","twitter_misc":{"Est. reading time":"2 minutes"},"schema":{"@context":"https:\/\/schema.org","@graph":[{"@type":"WebPage","@id":"https:\/\/webknjizara.hr\/proizvod\/kad-rijeci-postanu-oruzje-mirjana-juric\/","url":"https:\/\/webknjizara.hr\/proizvod\/kad-rijeci-postanu-oruzje-mirjana-juric\/","name":"KAD RIJE\u010cI POSTANU ORU\u017dJE, Mirjana Juri\u0107 - Web-knji\u017eara","isPartOf":{"@id":"https:\/\/webknjizara.hr\/#website"},"primaryImageOfPage":{"@id":"https:\/\/webknjizara.hr\/proizvod\/kad-rijeci-postanu-oruzje-mirjana-juric\/#primaryimage"},"image":{"@id":"https:\/\/webknjizara.hr\/proizvod\/kad-rijeci-postanu-oruzje-mirjana-juric\/#primaryimage"},"thumbnailUrl":"https:\/\/webknjizara.hr\/wp-content\/uploads\/nc\/images\/virtuemart\/product\/kad-rije-i-post-57dedb3feef44.jpg","datePublished":"2016-09-18T18:21:51+00:00","dateModified":"2023-02-26T23:16:51+00:00","breadcrumb":{"@id":"https:\/\/webknjizara.hr\/proizvod\/kad-rijeci-postanu-oruzje-mirjana-juric\/#breadcrumb"},"inLanguage":"en-US","potentialAction":[{"@type":"ReadAction","target":["https:\/\/webknjizara.hr\/proizvod\/kad-rijeci-postanu-oruzje-mirjana-juric\/"]}]},{"@type":"ImageObject","inLanguage":"en-US","@id":"https:\/\/webknjizara.hr\/proizvod\/kad-rijeci-postanu-oruzje-mirjana-juric\/#primaryimage","url":"https:\/\/webknjizara.hr\/wp-content\/uploads\/nc\/images\/virtuemart\/product\/kad-rije-i-post-57dedb3feef44.jpg","contentUrl":"https:\/\/webknjizara.hr\/wp-content\/uploads\/nc\/images\/virtuemart\/product\/kad-rije-i-post-57dedb3feef44.jpg","width":573,"height":800,"caption":"KAD RIJE\u010cI POSTANU ORU\u017dJE, Mirjana Juri\u0107"},{"@type":"BreadcrumbList","@id":"https:\/\/webknjizara.hr\/proizvod\/kad-rijeci-postanu-oruzje-mirjana-juric\/#breadcrumb","itemListElement":[{"@type":"ListItem","position":1,"name":"Po\u010detna stranica","item":"https:\/\/webknjizara.hr\/en\/"},{"@type":"ListItem","position":2,"name":"Shop","item":"https:\/\/webknjizara.hr\/shop\/"},{"@type":"ListItem","position":3,"name":"KAD RIJE\u010cI POSTANU ORU\u017dJE, Mirjana Juri\u0107"}]},{"@type":"WebSite","@id":"https:\/\/webknjizara.hr\/#website","url":"https:\/\/webknjizara.hr\/","name":"Web Knji\u017eara","description":"","publisher":{"@id":"https:\/\/webknjizara.hr\/#organization"},"potentialAction":[{"@type":"SearchAction","target":{"@type":"EntryPoint","urlTemplate":"https:\/\/webknjizara.hr\/?s={search_term_string}"},"query-input":{"@type":"PropertyValueSpecification","valueRequired":true,"valueName":"search_term_string"}}],"inLanguage":"en-US"},{"@type":"Organization","@id":"https:\/\/webknjizara.hr\/#organization","name":"REDAK D.O.O.","url":"https:\/\/webknjizara.hr\/","logo":{"@type":"ImageObject","inLanguage":"en-US","@id":"https:\/\/webknjizara.hr\/#\/schema\/logo\/image\/","url":"https:\/\/webknjizara.hr\/wp-content\/uploads\/2023\/01\/web-knjizara-logo.webp","contentUrl":"https:\/\/webknjizara.hr\/wp-content\/uploads\/2023\/01\/web-knjizara-logo.webp","width":324,"height":79,"caption":"REDAK D.O.O."},"image":{"@id":"https:\/\/webknjizara.hr\/#\/schema\/logo\/image\/"}}]}},"_links":{"self":[{"href":"https:\/\/webknjizara.hr\/en\/wp-json\/wp\/v2\/product\/8311","targetHints":{"allow":["GET"]}}],"collection":[{"href":"https:\/\/webknjizara.hr\/en\/wp-json\/wp\/v2\/product"}],"about":[{"href":"https:\/\/webknjizara.hr\/en\/wp-json\/wp\/v2\/types\/product"}],"replies":[{"embeddable":true,"href":"https:\/\/webknjizara.hr\/en\/wp-json\/wp\/v2\/comments?post=8311"}],"wp:featuredmedia":[{"embeddable":true,"href":"https:\/\/webknjizara.hr\/en\/wp-json\/wp\/v2\/media\/8312"}],"wp:attachment":[{"href":"https:\/\/webknjizara.hr\/en\/wp-json\/wp\/v2\/media?parent=8311"}],"wp:term":[{"taxonomy":"product_brand","embeddable":true,"href":"https:\/\/webknjizara.hr\/en\/wp-json\/wp\/v2\/product_brand?post=8311"},{"taxonomy":"product_cat","embeddable":true,"href":"https:\/\/webknjizara.hr\/en\/wp-json\/wp\/v2\/product_cat?post=8311"},{"taxonomy":"product_tag","embeddable":true,"href":"https:\/\/webknjizara.hr\/en\/wp-json\/wp\/v2\/product_tag?post=8311"}],"curies":[{"name":"wp","href":"https:\/\/api.w.org\/{rel}","templated":true}]}}