{"id":8299,"date":"2016-08-24T00:03:32","date_gmt":"2016-08-24T00:03:32","guid":{"rendered":"https:\/\/webknjizara.hr\/?product=ured-zivota-lidija-gradinscak"},"modified":"2023-02-27T00:16:49","modified_gmt":"2023-02-26T23:16:49","slug":"ured-zivota-lidija-gradinscak","status":"publish","type":"product","link":"https:\/\/webknjizara.hr\/en\/proizvod\/ured-zivota-lidija-gradinscak\/","title":{"rendered":"URED \u017dIVOTA, Lidija Gradin\u0161\u0107ak"},"content":{"rendered":"<p><strong><br \/>Sa\u017eetak:<\/strong>\u00a0<\/p>\n<p>Stela je mlada razvedena \u017eena u ranim tridesetima koja izlaskom iz skoro desetogodi\u0161njeg monotonog i problemati\u010dnog braka ostaje zbunjena svojom novonastalom slobodom. Nedostatak motivacije za \u017eivotne aktivnosti i bezvoljnost natalo\u017eena u braku, zaklju\u010dali su joj um, pa tako i interes za bilo kakva dru\u0161tvena doga\u0111anja.\u00a0<\/p>\n<p>Rade\u0107i ne osobito zanimljiv \u010dinovni\u010dki posao, Stela gotovo svakodnevno vrijeme provodi i\u0161\u010dekuju\u0107i s nestrpljenjem kraj radnog vremena razmi\u0161ljaju\u0107i o paleti mu\u0161karaca slojevitih karaktera upoznatih preko dru\u0161tvenih mre\u017ea nakon oporavka od bra\u010dnog brodoloma. Ni\u0161ta manje nisu jednostavni niti \u017eivoti Stelinih prijateljica s kojima ne dijeli ni\u0161ta zajedni\u010dko osim vremena provedenog u izlascima, zabavama i no\u0107nom \u017eivotu. I ponekom putovanju.<\/p>\n<p>Stvari se po\u010dnu mijenjati tek kad Stela nevoljko i pod zanimljivim okolnostima upozna mladog i pa\u017eljivog susjeda koji se nedavno doselio u maj\u010dino susjedstvo. To \u0107e se njoj u\u010diniti kao dobar po\u010detak promjena.\u00a0<\/p>\n<p><strong>Bilje\u0161ka o autorici:<\/strong>\u00a0<\/p>\n<p>Ro\u0111ena sam 17.10.1967. godine u Zagrebu gdje \u017eivim i radim. U slobodno vrijeme \u010ditam, pi\u0161em, volonter sam u Udruzi uto\u010di\u0161ta kuni\u0107a i divljih ze\u010deva\u00a0<em>&#8220;Mrkvica&#8221;<\/em>. Volim i putovanja koja su uklju\u010divala dosta europskih zemalja, jedan period svog \u017eivota radila sam u Moskvi, te sam imala priliku proputovati kroz petnaestak dr\u017eava SAD-a.\u00a0<\/p>\n<p>Pozitivnim i optimisti\u010dnim pogledom na \u017eivot poklonjena mi je kreativnost, a jedna od njih uklju\u010duje i pisanje.<\/p>\n<p>Svedenim i sjetnim umjetni\u010dkim pristupom, urbanim stilom i jezgrovitim re\u010denicama dajem pri\u010du o mladoj \u017eeni koja se odlu\u010duje iza\u0107i iz monotonog braka i pritom se osje\u0107a neprilago\u0111enom i izgubljenom u \u0161umi novih mogu\u0107nosti koje joj \u017eivot nudi. Pri\u010da o \u017eenama za \u017eene, a i za mu\u0161karce koji ih \u017eele bolje upoznati. Jer one su pomalo luckaste, djetinjaste, sna\u017ene, ranjive, osje\u0107ajne, ponekad zlo\u010deste, \u017eeljne ljubavi, tu\u017ene, depresivne, vesele. One su jednostavno, \u017eene.<\/p>\n<p>\u017denska fikcija sa primjesama romantike, za\u010dinjena je humorom koji u svom zadatku \u017eeli \u010ditatelju pokazati koliko je sposoban omek\u0161ati i razoru\u017eati gotovo ve\u0107inu situacija sa kojom se susre\u0107emo u svakodnevnom \u017eivotu. Ako to \u017eelimo, uvijek mo\u017eemo prona\u0107i ne\u0161to \u0161to \u0107e nas nasmijati ili razveseliti i zbog toga nije potrebno gledati samo na crnu stranu \u017eivota.<\/p>\n<p><strong>Klju\u010dne rije\u010di:<\/strong>\u00a0Humor, \u017eena, \u017eivot, optimizam, zabava<\/p>\n<p><strong>Naslov:<\/strong>\u00a0Ured \u017eivota<br \/><strong>Autorica:<\/strong>\u00a0Lidija Gradin\u0161\u0107ak<br \/><strong>Broj stranica:<\/strong>\u00a0170<br \/><strong>Nakladnik:<\/strong>\u00a0REDAK<br \/><strong>Godina izdanja:<\/strong>\u00a02016.<br \/><strong>ISBN:<\/strong>\u00a0978-953-336-327-1<br \/><strong>Tisak:<\/strong>\u00a0digitalni tisak knjiga &#8211; print na zahtjev\u00a0<\/p>\n<hr \/>\n<p style=\"text-align: justify;\"><strong>Kako naru\u010diti knjigu?\u00a0<\/strong>Proces online kupovine jednako funkcionira za sve kupce, s jedinom razlikom u tome \u0161to \u0161to kupci iz inozemstva za podru\u010dje dostave moraju odabrati &#8220;Europa&#8221; ili &#8220;Ostale zemlje svijeta&#8221;, a za vrstu pla\u0107anja WSPay (kreditna kartica) ili Virmanom (bankovni transfer).<\/p>\n<p style=\"text-align: justify;\">Molimo kliknite ovdje za\u00a0<a href=\"hr\/kako-kupovati\" target=\"_blank\" rel=\"noopener\">detaljni vodi\u010d kroz proces narud\u017ebe<\/a>\u00a0ili nas\u00a0<a href=\"hr\/kontakt\" target=\"_blank\" rel=\"noopener\">kontaktirajte<\/a>\u00a0za vi\u0161e informacija.<\/p>\n","protected":false},"excerpt":{"rendered":"<p>Sa\u017eetak:\u00a0 Stela je mlada razvedena \u017eena u ranim tridesetima koja izlaskom iz skoro desetogodi\u0161njeg monotonog i problemati\u010dnog braka ostaje zbunjena svojom novonastalom slobodom. Nedostatak motivacije za \u017eivotne aktivnosti i bezvoljnost natalo\u017eena u braku, zaklju\u010dali su joj um, pa tako i interes za bilo kakva dru\u0161tvena doga\u0111anja.\u00a0 Rade\u0107i ne osobito zanimljiv \u010dinovni\u010dki posao, Stela gotovo svakodnevno [&hellip;]<\/p>\n","protected":false},"featured_media":8300,"comment_status":"open","ping_status":"closed","template":"","meta":{"_acf_changed":false},"product_brand":[],"product_cat":[1515,1383,1385],"product_tag":[],"class_list":{"0":"post-8299","1":"product","2":"type-product","3":"status-publish","4":"has-post-thumbnail","6":"product_cat-romani","7":"product_cat-knjige","8":"product_cat-knjizevnost","9":"pa_autor-lidija-gradinscak","10":"pa_nakladnik-redak","12":"first","13":"instock","14":"shipping-taxable","15":"purchasable","16":"product-type-simple"},"acf":[],"yoast_head":"<!-- This site is optimized with the Yoast SEO plugin v27.3 - https:\/\/yoast.com\/product\/yoast-seo-wordpress\/ -->\n<title>URED \u017dIVOTA, Lidija Gradin\u0161\u0107ak - Web-knji\u017eara<\/title>\n<meta name=\"robots\" content=\"index, follow, max-snippet:-1, max-image-preview:large, max-video-preview:-1\" \/>\n<link rel=\"canonical\" href=\"https:\/\/webknjizara.hr\/proizvod\/ured-zivota-lidija-gradinscak\/\" \/>\n<meta property=\"og:locale\" content=\"en_US\" \/>\n<meta property=\"og:type\" content=\"article\" \/>\n<meta property=\"og:title\" content=\"URED \u017dIVOTA, Lidija Gradin\u0161\u0107ak - Web-knji\u017eara\" \/>\n<meta property=\"og:description\" content=\"Sa\u017eetak:\u00a0 Stela je mlada razvedena \u017eena u ranim tridesetima koja izlaskom iz skoro desetogodi\u0161njeg monotonog i problemati\u010dnog braka ostaje zbunjena svojom novonastalom slobodom. Nedostatak motivacije za \u017eivotne aktivnosti i bezvoljnost natalo\u017eena u braku, zaklju\u010dali su joj um, pa tako i interes za bilo kakva dru\u0161tvena doga\u0111anja.\u00a0 Rade\u0107i ne osobito zanimljiv \u010dinovni\u010dki posao, Stela gotovo svakodnevno [&hellip;]\" \/>\n<meta property=\"og:url\" content=\"https:\/\/webknjizara.hr\/proizvod\/ured-zivota-lidija-gradinscak\/\" \/>\n<meta property=\"og:site_name\" content=\"Web-knji\u017eara\" \/>\n<meta property=\"article:modified_time\" content=\"2023-02-26T23:16:49+00:00\" \/>\n<meta property=\"og:image\" content=\"https:\/\/webknjizara.hr\/wp-content\/uploads\/nc\/images\/virtuemart\/product\/ured-ivota-li-57bce454e72bd.jpg\" \/>\n\t<meta property=\"og:image:width\" content=\"496\" \/>\n\t<meta property=\"og:image:height\" content=\"693\" \/>\n\t<meta property=\"og:image:type\" content=\"image\/jpeg\" \/>\n<meta name=\"twitter:card\" content=\"summary_large_image\" \/>\n<meta name=\"twitter:label1\" content=\"Est. reading time\" \/>\n\t<meta name=\"twitter:data1\" content=\"2 minutes\" \/>\n<script type=\"application\/ld+json\" class=\"yoast-schema-graph\">{\"@context\":\"https:\\\/\\\/schema.org\",\"@graph\":[{\"@type\":\"WebPage\",\"@id\":\"https:\\\/\\\/webknjizara.hr\\\/proizvod\\\/ured-zivota-lidija-gradinscak\\\/\",\"url\":\"https:\\\/\\\/webknjizara.hr\\\/proizvod\\\/ured-zivota-lidija-gradinscak\\\/\",\"name\":\"URED \u017dIVOTA, Lidija Gradin\u0161\u0107ak - Web-knji\u017eara\",\"isPartOf\":{\"@id\":\"https:\\\/\\\/webknjizara.hr\\\/#website\"},\"primaryImageOfPage\":{\"@id\":\"https:\\\/\\\/webknjizara.hr\\\/proizvod\\\/ured-zivota-lidija-gradinscak\\\/#primaryimage\"},\"image\":{\"@id\":\"https:\\\/\\\/webknjizara.hr\\\/proizvod\\\/ured-zivota-lidija-gradinscak\\\/#primaryimage\"},\"thumbnailUrl\":\"https:\\\/\\\/webknjizara.hr\\\/wp-content\\\/uploads\\\/nc\\\/images\\\/virtuemart\\\/product\\\/ured-ivota-li-57bce454e72bd.jpg\",\"datePublished\":\"2016-08-24T00:03:32+00:00\",\"dateModified\":\"2023-02-26T23:16:49+00:00\",\"breadcrumb\":{\"@id\":\"https:\\\/\\\/webknjizara.hr\\\/proizvod\\\/ured-zivota-lidija-gradinscak\\\/#breadcrumb\"},\"inLanguage\":\"en-US\",\"potentialAction\":[{\"@type\":\"ReadAction\",\"target\":[\"https:\\\/\\\/webknjizara.hr\\\/proizvod\\\/ured-zivota-lidija-gradinscak\\\/\"]}]},{\"@type\":\"ImageObject\",\"inLanguage\":\"en-US\",\"@id\":\"https:\\\/\\\/webknjizara.hr\\\/proizvod\\\/ured-zivota-lidija-gradinscak\\\/#primaryimage\",\"url\":\"https:\\\/\\\/webknjizara.hr\\\/wp-content\\\/uploads\\\/nc\\\/images\\\/virtuemart\\\/product\\\/ured-ivota-li-57bce454e72bd.jpg\",\"contentUrl\":\"https:\\\/\\\/webknjizara.hr\\\/wp-content\\\/uploads\\\/nc\\\/images\\\/virtuemart\\\/product\\\/ured-ivota-li-57bce454e72bd.jpg\",\"width\":496,\"height\":693,\"caption\":\"URED \u017dIVOTA, Lidija Gradin\u0161\u0107ak\"},{\"@type\":\"BreadcrumbList\",\"@id\":\"https:\\\/\\\/webknjizara.hr\\\/proizvod\\\/ured-zivota-lidija-gradinscak\\\/#breadcrumb\",\"itemListElement\":[{\"@type\":\"ListItem\",\"position\":1,\"name\":\"Po\u010detna stranica\",\"item\":\"https:\\\/\\\/webknjizara.hr\\\/en\\\/\"},{\"@type\":\"ListItem\",\"position\":2,\"name\":\"Shop\",\"item\":\"https:\\\/\\\/webknjizara.hr\\\/shop\\\/\"},{\"@type\":\"ListItem\",\"position\":3,\"name\":\"URED \u017dIVOTA, Lidija Gradin\u0161\u0107ak\"}]},{\"@type\":\"WebSite\",\"@id\":\"https:\\\/\\\/webknjizara.hr\\\/#website\",\"url\":\"https:\\\/\\\/webknjizara.hr\\\/\",\"name\":\"Web Knji\u017eara\",\"description\":\"\",\"publisher\":{\"@id\":\"https:\\\/\\\/webknjizara.hr\\\/#organization\"},\"potentialAction\":[{\"@type\":\"SearchAction\",\"target\":{\"@type\":\"EntryPoint\",\"urlTemplate\":\"https:\\\/\\\/webknjizara.hr\\\/?s={search_term_string}\"},\"query-input\":{\"@type\":\"PropertyValueSpecification\",\"valueRequired\":true,\"valueName\":\"search_term_string\"}}],\"inLanguage\":\"en-US\"},{\"@type\":\"Organization\",\"@id\":\"https:\\\/\\\/webknjizara.hr\\\/#organization\",\"name\":\"REDAK D.O.O.\",\"url\":\"https:\\\/\\\/webknjizara.hr\\\/\",\"logo\":{\"@type\":\"ImageObject\",\"inLanguage\":\"en-US\",\"@id\":\"https:\\\/\\\/webknjizara.hr\\\/#\\\/schema\\\/logo\\\/image\\\/\",\"url\":\"https:\\\/\\\/webknjizara.hr\\\/wp-content\\\/uploads\\\/2023\\\/01\\\/web-knjizara-logo.webp\",\"contentUrl\":\"https:\\\/\\\/webknjizara.hr\\\/wp-content\\\/uploads\\\/2023\\\/01\\\/web-knjizara-logo.webp\",\"width\":324,\"height\":79,\"caption\":\"REDAK D.O.O.\"},\"image\":{\"@id\":\"https:\\\/\\\/webknjizara.hr\\\/#\\\/schema\\\/logo\\\/image\\\/\"}}]}<\/script>\n<!-- \/ Yoast SEO plugin. -->","yoast_head_json":{"title":"URED \u017dIVOTA, Lidija Gradin\u0161\u0107ak - Web-knji\u017eara","robots":{"index":"index","follow":"follow","max-snippet":"max-snippet:-1","max-image-preview":"max-image-preview:large","max-video-preview":"max-video-preview:-1"},"canonical":"https:\/\/webknjizara.hr\/proizvod\/ured-zivota-lidija-gradinscak\/","og_locale":"en_US","og_type":"article","og_title":"URED \u017dIVOTA, Lidija Gradin\u0161\u0107ak - Web-knji\u017eara","og_description":"Sa\u017eetak:\u00a0 Stela je mlada razvedena \u017eena u ranim tridesetima koja izlaskom iz skoro desetogodi\u0161njeg monotonog i problemati\u010dnog braka ostaje zbunjena svojom novonastalom slobodom. Nedostatak motivacije za \u017eivotne aktivnosti i bezvoljnost natalo\u017eena u braku, zaklju\u010dali su joj um, pa tako i interes za bilo kakva dru\u0161tvena doga\u0111anja.\u00a0 Rade\u0107i ne osobito zanimljiv \u010dinovni\u010dki posao, Stela gotovo svakodnevno [&hellip;]","og_url":"https:\/\/webknjizara.hr\/proizvod\/ured-zivota-lidija-gradinscak\/","og_site_name":"Web-knji\u017eara","article_modified_time":"2023-02-26T23:16:49+00:00","og_image":[{"width":496,"height":693,"url":"https:\/\/webknjizara.hr\/wp-content\/uploads\/nc\/images\/virtuemart\/product\/ured-ivota-li-57bce454e72bd.jpg","type":"image\/jpeg"}],"twitter_card":"summary_large_image","twitter_misc":{"Est. reading time":"2 minutes"},"schema":{"@context":"https:\/\/schema.org","@graph":[{"@type":"WebPage","@id":"https:\/\/webknjizara.hr\/proizvod\/ured-zivota-lidija-gradinscak\/","url":"https:\/\/webknjizara.hr\/proizvod\/ured-zivota-lidija-gradinscak\/","name":"URED \u017dIVOTA, Lidija Gradin\u0161\u0107ak - Web-knji\u017eara","isPartOf":{"@id":"https:\/\/webknjizara.hr\/#website"},"primaryImageOfPage":{"@id":"https:\/\/webknjizara.hr\/proizvod\/ured-zivota-lidija-gradinscak\/#primaryimage"},"image":{"@id":"https:\/\/webknjizara.hr\/proizvod\/ured-zivota-lidija-gradinscak\/#primaryimage"},"thumbnailUrl":"https:\/\/webknjizara.hr\/wp-content\/uploads\/nc\/images\/virtuemart\/product\/ured-ivota-li-57bce454e72bd.jpg","datePublished":"2016-08-24T00:03:32+00:00","dateModified":"2023-02-26T23:16:49+00:00","breadcrumb":{"@id":"https:\/\/webknjizara.hr\/proizvod\/ured-zivota-lidija-gradinscak\/#breadcrumb"},"inLanguage":"en-US","potentialAction":[{"@type":"ReadAction","target":["https:\/\/webknjizara.hr\/proizvod\/ured-zivota-lidija-gradinscak\/"]}]},{"@type":"ImageObject","inLanguage":"en-US","@id":"https:\/\/webknjizara.hr\/proizvod\/ured-zivota-lidija-gradinscak\/#primaryimage","url":"https:\/\/webknjizara.hr\/wp-content\/uploads\/nc\/images\/virtuemart\/product\/ured-ivota-li-57bce454e72bd.jpg","contentUrl":"https:\/\/webknjizara.hr\/wp-content\/uploads\/nc\/images\/virtuemart\/product\/ured-ivota-li-57bce454e72bd.jpg","width":496,"height":693,"caption":"URED \u017dIVOTA, Lidija Gradin\u0161\u0107ak"},{"@type":"BreadcrumbList","@id":"https:\/\/webknjizara.hr\/proizvod\/ured-zivota-lidija-gradinscak\/#breadcrumb","itemListElement":[{"@type":"ListItem","position":1,"name":"Po\u010detna stranica","item":"https:\/\/webknjizara.hr\/en\/"},{"@type":"ListItem","position":2,"name":"Shop","item":"https:\/\/webknjizara.hr\/shop\/"},{"@type":"ListItem","position":3,"name":"URED \u017dIVOTA, Lidija Gradin\u0161\u0107ak"}]},{"@type":"WebSite","@id":"https:\/\/webknjizara.hr\/#website","url":"https:\/\/webknjizara.hr\/","name":"Web Knji\u017eara","description":"","publisher":{"@id":"https:\/\/webknjizara.hr\/#organization"},"potentialAction":[{"@type":"SearchAction","target":{"@type":"EntryPoint","urlTemplate":"https:\/\/webknjizara.hr\/?s={search_term_string}"},"query-input":{"@type":"PropertyValueSpecification","valueRequired":true,"valueName":"search_term_string"}}],"inLanguage":"en-US"},{"@type":"Organization","@id":"https:\/\/webknjizara.hr\/#organization","name":"REDAK D.O.O.","url":"https:\/\/webknjizara.hr\/","logo":{"@type":"ImageObject","inLanguage":"en-US","@id":"https:\/\/webknjizara.hr\/#\/schema\/logo\/image\/","url":"https:\/\/webknjizara.hr\/wp-content\/uploads\/2023\/01\/web-knjizara-logo.webp","contentUrl":"https:\/\/webknjizara.hr\/wp-content\/uploads\/2023\/01\/web-knjizara-logo.webp","width":324,"height":79,"caption":"REDAK D.O.O."},"image":{"@id":"https:\/\/webknjizara.hr\/#\/schema\/logo\/image\/"}}]}},"_links":{"self":[{"href":"https:\/\/webknjizara.hr\/en\/wp-json\/wp\/v2\/product\/8299","targetHints":{"allow":["GET"]}}],"collection":[{"href":"https:\/\/webknjizara.hr\/en\/wp-json\/wp\/v2\/product"}],"about":[{"href":"https:\/\/webknjizara.hr\/en\/wp-json\/wp\/v2\/types\/product"}],"replies":[{"embeddable":true,"href":"https:\/\/webknjizara.hr\/en\/wp-json\/wp\/v2\/comments?post=8299"}],"wp:featuredmedia":[{"embeddable":true,"href":"https:\/\/webknjizara.hr\/en\/wp-json\/wp\/v2\/media\/8300"}],"wp:attachment":[{"href":"https:\/\/webknjizara.hr\/en\/wp-json\/wp\/v2\/media?parent=8299"}],"wp:term":[{"taxonomy":"product_brand","embeddable":true,"href":"https:\/\/webknjizara.hr\/en\/wp-json\/wp\/v2\/product_brand?post=8299"},{"taxonomy":"product_cat","embeddable":true,"href":"https:\/\/webknjizara.hr\/en\/wp-json\/wp\/v2\/product_cat?post=8299"},{"taxonomy":"product_tag","embeddable":true,"href":"https:\/\/webknjizara.hr\/en\/wp-json\/wp\/v2\/product_tag?post=8299"}],"curies":[{"name":"wp","href":"https:\/\/api.w.org\/{rel}","templated":true}]}}