{"id":8285,"date":"2016-08-09T13:16:19","date_gmt":"2016-08-09T13:16:19","guid":{"rendered":"https:\/\/webknjizara.hr\/?product=poezija-mojih-iluzija-marin-cavelis"},"modified":"2023-02-27T00:16:49","modified_gmt":"2023-02-26T23:16:49","slug":"poezija-mojih-iluzija-marin-cavelis","status":"publish","type":"product","link":"https:\/\/webknjizara.hr\/en\/proizvod\/poezija-mojih-iluzija-marin-cavelis\/","title":{"rendered":"POEZIJA MOJIH ILUZIJA, Marin \u010caveli\u0161"},"content":{"rendered":"<p style=\"text-align: justify;\"><strong><br \/>Sa\u017eetak:<\/strong> <\/p>\n<p><em>O tom prihvatanju i spoznaji, da smo na kraju dana sami i da se mo\u017eemo, osim na Boga, osloniti samo na na\u0161e vlastite snage i um. U jednoj pjesmi ka\u017ee: lijek za du\u0161u je humor&#8230; I potpuno je u pravu. Zato njegova poezija obiluje humorom. Jer je ljekovit&#8230;<\/em><\/p>\n<p><em>Pro\u010ditajte pjesme Marina \u010caveli\u0161a. One razgaljuju \u017eivotnu ozbiljnost i katkad nepodno\u0161ljivu melanholiju na\u0161e svakodnevice.<\/em><\/p>\n<p style=\"text-align: justify;\">&#8211; Dubravka Vela\u0161evi\u0107 dr. med. pjesnikinja, akademik DANU, Podgorica Crna Gora<\/p>\n<p><em>Marin \u010caveli\u0161 se voli igrati. Njegove su igra\u010dke misli i rije\u010di. Ostavlja dojam iluzioniste koji non\u0161alantno \u017eonglira rije\u010dima, a one, kao u \u010darobnoj kutijici, same pronalaze svoje mjesto. Osvoji vas u trenutku. Iluzija. Ona koja zadivljuje, koja tra\u017ei jo\u0161. <\/em><\/p>\n<p><em>Pjesme su njegove izbru\u0161ene do savr\u0161ene jednostavnosti; jasne, zanimljive, pomalo drske, pomalo podrugljive, ali uvijek \u010dovje\u010dne. Na njih se reagira osmijehom. Ne bodu, a kazuju, ne bole, a zare\u017eu.<\/em><\/p>\n<p>&#8211; Prof. Marija Jura\u010di\u0107, pjesnikinja i knji\u017eevnica<\/p>\n<p style=\"text-align: justify;\"><strong>Bilje\u0161ka o autoru:<\/strong> <\/p>\n<p>Marin \u010caveli\u0161 je ro\u0111en 1959. godine. Podrijetlom je s otoka Pelje\u0161ca, a danas \u017eivi i stvara u Podgorici, u Crnoj Gori. Po struci je in\u017eenjer elektrotehnike . \u010clan je Hrvatskog Nacionalnog Vije\u0107a Grne Gore. <\/p>\n<p>Prvo izdanje ove zbirke je objavio 2014. godine u Crnoj Gori . Redovito objavljuje na hrvatskom poetskom portalu \u201eO\u010daravanje\u201c. Pjesme mu se nalaze u nekoliko zbornika poezije koji su tiskani u Crnoj Gori i Srbiji, a tako\u0111er u knji\u017eevnom \u010dasopisu \u201eAvlija\u201c (Crna Gora). <\/p>\n<p>Objavljivao je znanstvene radove iz fizike i elektrotehnike, kao i knjigu iz teorijske fizike. Tako\u0111er pi\u0161e za tisak \u010dlanke, izvje\u0161\u0107a o de\u0161avanjima u zajednici Hrvata u Crnoj Gori.<\/p>\n<p style=\"text-align: justify;\"><strong>Bilje\u0161ka o urednici:<\/strong> <\/p>\n<p>Marija Jura\u010di\u0107, profesorica kroatistike i germanistike vodi portal za objavu poezije \u201cO\u010daravanje\u201c. Objavila je nekoliko zbirki poezije te sedam romana od kojih su dva prevedena i objavljena u Njema\u010dkoj.<\/p>\n<p>Uredila je i lektorirala niz knjiga razli\u010ditih autora.<\/p>\n<p style=\"text-align: justify;\"><strong>Klju\u010dne rije\u010di:<\/strong> Poezija, humor, iluzije<\/p>\n<p><strong>E-mail:<\/strong> <a href=\"mailto:mac@t-com.me\">Marin \u010caveli\u0161<\/a><\/p>\n<p style=\"text-align: justify;\"><strong>Naslov:<\/strong> Poezija mojih iluzija<br \/><strong>Autor:<\/strong> Marin \u010caveli\u0161<br \/><strong>Broj stranica:<\/strong> 72<br \/><strong>Nakladnik: <\/strong>REDAK<br \/><strong>Godina izdanja:<\/strong> 2016.<br \/><strong>ISBN:<\/strong> 978-953-336-324-0<br \/><strong>Tisak:<\/strong> digitalni tisak knjiga &#8211; print na zahtjev\u00a0<\/p>\n<hr \/>\n<p style=\"text-align: justify;\"><strong>Kako naru\u010diti knjigu?\u00a0<\/strong>Proces online kupovine jednako funkcionira za sve kupce, s jedinom razlikom u tome \u0161to \u0161to kupci iz inozemstva za podru\u010dje dostave moraju odabrati &#8220;Europa&#8221; ili &#8220;Ostale zemlje svijeta&#8221;, a za vrstu pla\u0107anja WSPay (kreditna kartica) ili Virmanom (bankovni transfer).<\/p>\n<p style=\"text-align: justify;\">Molimo kliknite ovdje za\u00a0<a href=\"hr\/kako-kupovati\" target=\"_blank\" rel=\"noopener\">detaljni vodi\u010d kroz proces narud\u017ebe<\/a>\u00a0ili nas\u00a0<a href=\"hr\/kontakt\" target=\"_blank\" rel=\"noopener\">kontaktirajte<\/a>\u00a0za vi\u0161e informacija.<\/p>\n","protected":false},"excerpt":{"rendered":"<p>Sa\u017eetak: O tom prihvatanju i spoznaji, da smo na kraju dana sami i da se mo\u017eemo, osim na Boga, osloniti samo na na\u0161e vlastite snage i um. U jednoj pjesmi ka\u017ee: lijek za du\u0161u je humor&#8230; I potpuno je u pravu. Zato njegova poezija obiluje humorom. Jer je ljekovit&#8230; Pro\u010ditajte pjesme Marina \u010caveli\u0161a. One razgaljuju [&hellip;]<\/p>\n","protected":false},"featured_media":8286,"comment_status":"open","ping_status":"closed","template":"","meta":{"_acf_changed":false},"product_brand":[],"product_cat":[1383,1385,1388],"product_tag":[],"class_list":{"0":"post-8285","1":"product","2":"type-product","3":"status-publish","4":"has-post-thumbnail","6":"product_cat-knjige","7":"product_cat-knjizevnost","8":"product_cat-poezija","9":"pa_autor-marin-cavelis","10":"pa_nakladnik-redak","12":"first","13":"instock","14":"shipping-taxable","15":"purchasable","16":"product-type-simple"},"acf":[],"yoast_head":"<!-- This site is optimized with the Yoast SEO plugin v27.3 - https:\/\/yoast.com\/product\/yoast-seo-wordpress\/ -->\n<title>POEZIJA MOJIH ILUZIJA, Marin \u010caveli\u0161 - Web-knji\u017eara<\/title>\n<meta name=\"robots\" content=\"index, follow, max-snippet:-1, max-image-preview:large, max-video-preview:-1\" \/>\n<link rel=\"canonical\" href=\"https:\/\/webknjizara.hr\/proizvod\/poezija-mojih-iluzija-marin-cavelis\/\" \/>\n<meta property=\"og:locale\" content=\"en_US\" \/>\n<meta property=\"og:type\" content=\"article\" \/>\n<meta property=\"og:title\" content=\"POEZIJA MOJIH ILUZIJA, Marin \u010caveli\u0161 - Web-knji\u017eara\" \/>\n<meta property=\"og:description\" content=\"Sa\u017eetak: O tom prihvatanju i spoznaji, da smo na kraju dana sami i da se mo\u017eemo, osim na Boga, osloniti samo na na\u0161e vlastite snage i um. U jednoj pjesmi ka\u017ee: lijek za du\u0161u je humor&#8230; I potpuno je u pravu. Zato njegova poezija obiluje humorom. Jer je ljekovit&#8230; Pro\u010ditajte pjesme Marina \u010caveli\u0161a. One razgaljuju [&hellip;]\" \/>\n<meta property=\"og:url\" content=\"https:\/\/webknjizara.hr\/proizvod\/poezija-mojih-iluzija-marin-cavelis\/\" \/>\n<meta property=\"og:site_name\" content=\"Web-knji\u017eara\" \/>\n<meta property=\"article:modified_time\" content=\"2023-02-26T23:16:49+00:00\" \/>\n<meta property=\"og:image\" content=\"https:\/\/webknjizara.hr\/wp-content\/uploads\/nc\/images\/virtuemart\/product\/poezija-mojih-il-57a9d7a329bb2.jpg\" \/>\n\t<meta property=\"og:image:width\" content=\"496\" \/>\n\t<meta property=\"og:image:height\" content=\"693\" \/>\n\t<meta property=\"og:image:type\" content=\"image\/jpeg\" \/>\n<meta name=\"twitter:card\" content=\"summary_large_image\" \/>\n<meta name=\"twitter:label1\" content=\"Est. reading time\" \/>\n\t<meta name=\"twitter:data1\" content=\"2 minutes\" \/>\n<script type=\"application\/ld+json\" class=\"yoast-schema-graph\">{\"@context\":\"https:\\\/\\\/schema.org\",\"@graph\":[{\"@type\":\"WebPage\",\"@id\":\"https:\\\/\\\/webknjizara.hr\\\/proizvod\\\/poezija-mojih-iluzija-marin-cavelis\\\/\",\"url\":\"https:\\\/\\\/webknjizara.hr\\\/proizvod\\\/poezija-mojih-iluzija-marin-cavelis\\\/\",\"name\":\"POEZIJA MOJIH ILUZIJA, Marin \u010caveli\u0161 - Web-knji\u017eara\",\"isPartOf\":{\"@id\":\"https:\\\/\\\/webknjizara.hr\\\/#website\"},\"primaryImageOfPage\":{\"@id\":\"https:\\\/\\\/webknjizara.hr\\\/proizvod\\\/poezija-mojih-iluzija-marin-cavelis\\\/#primaryimage\"},\"image\":{\"@id\":\"https:\\\/\\\/webknjizara.hr\\\/proizvod\\\/poezija-mojih-iluzija-marin-cavelis\\\/#primaryimage\"},\"thumbnailUrl\":\"https:\\\/\\\/webknjizara.hr\\\/wp-content\\\/uploads\\\/nc\\\/images\\\/virtuemart\\\/product\\\/poezija-mojih-il-57a9d7a329bb2.jpg\",\"datePublished\":\"2016-08-09T13:16:19+00:00\",\"dateModified\":\"2023-02-26T23:16:49+00:00\",\"breadcrumb\":{\"@id\":\"https:\\\/\\\/webknjizara.hr\\\/proizvod\\\/poezija-mojih-iluzija-marin-cavelis\\\/#breadcrumb\"},\"inLanguage\":\"en-US\",\"potentialAction\":[{\"@type\":\"ReadAction\",\"target\":[\"https:\\\/\\\/webknjizara.hr\\\/proizvod\\\/poezija-mojih-iluzija-marin-cavelis\\\/\"]}]},{\"@type\":\"ImageObject\",\"inLanguage\":\"en-US\",\"@id\":\"https:\\\/\\\/webknjizara.hr\\\/proizvod\\\/poezija-mojih-iluzija-marin-cavelis\\\/#primaryimage\",\"url\":\"https:\\\/\\\/webknjizara.hr\\\/wp-content\\\/uploads\\\/nc\\\/images\\\/virtuemart\\\/product\\\/poezija-mojih-il-57a9d7a329bb2.jpg\",\"contentUrl\":\"https:\\\/\\\/webknjizara.hr\\\/wp-content\\\/uploads\\\/nc\\\/images\\\/virtuemart\\\/product\\\/poezija-mojih-il-57a9d7a329bb2.jpg\",\"width\":496,\"height\":693,\"caption\":\"POEZIJA MOJIH ILUZIJA, Marin \u010caveli\u0161\"},{\"@type\":\"BreadcrumbList\",\"@id\":\"https:\\\/\\\/webknjizara.hr\\\/proizvod\\\/poezija-mojih-iluzija-marin-cavelis\\\/#breadcrumb\",\"itemListElement\":[{\"@type\":\"ListItem\",\"position\":1,\"name\":\"Po\u010detna stranica\",\"item\":\"https:\\\/\\\/webknjizara.hr\\\/en\\\/\"},{\"@type\":\"ListItem\",\"position\":2,\"name\":\"Shop\",\"item\":\"https:\\\/\\\/webknjizara.hr\\\/shop\\\/\"},{\"@type\":\"ListItem\",\"position\":3,\"name\":\"POEZIJA MOJIH ILUZIJA, Marin \u010caveli\u0161\"}]},{\"@type\":\"WebSite\",\"@id\":\"https:\\\/\\\/webknjizara.hr\\\/#website\",\"url\":\"https:\\\/\\\/webknjizara.hr\\\/\",\"name\":\"Web Knji\u017eara\",\"description\":\"\",\"publisher\":{\"@id\":\"https:\\\/\\\/webknjizara.hr\\\/#organization\"},\"potentialAction\":[{\"@type\":\"SearchAction\",\"target\":{\"@type\":\"EntryPoint\",\"urlTemplate\":\"https:\\\/\\\/webknjizara.hr\\\/?s={search_term_string}\"},\"query-input\":{\"@type\":\"PropertyValueSpecification\",\"valueRequired\":true,\"valueName\":\"search_term_string\"}}],\"inLanguage\":\"en-US\"},{\"@type\":\"Organization\",\"@id\":\"https:\\\/\\\/webknjizara.hr\\\/#organization\",\"name\":\"REDAK D.O.O.\",\"url\":\"https:\\\/\\\/webknjizara.hr\\\/\",\"logo\":{\"@type\":\"ImageObject\",\"inLanguage\":\"en-US\",\"@id\":\"https:\\\/\\\/webknjizara.hr\\\/#\\\/schema\\\/logo\\\/image\\\/\",\"url\":\"https:\\\/\\\/webknjizara.hr\\\/wp-content\\\/uploads\\\/2023\\\/01\\\/web-knjizara-logo.webp\",\"contentUrl\":\"https:\\\/\\\/webknjizara.hr\\\/wp-content\\\/uploads\\\/2023\\\/01\\\/web-knjizara-logo.webp\",\"width\":324,\"height\":79,\"caption\":\"REDAK D.O.O.\"},\"image\":{\"@id\":\"https:\\\/\\\/webknjizara.hr\\\/#\\\/schema\\\/logo\\\/image\\\/\"}}]}<\/script>\n<!-- \/ Yoast SEO plugin. -->","yoast_head_json":{"title":"POEZIJA MOJIH ILUZIJA, Marin \u010caveli\u0161 - Web-knji\u017eara","robots":{"index":"index","follow":"follow","max-snippet":"max-snippet:-1","max-image-preview":"max-image-preview:large","max-video-preview":"max-video-preview:-1"},"canonical":"https:\/\/webknjizara.hr\/proizvod\/poezija-mojih-iluzija-marin-cavelis\/","og_locale":"en_US","og_type":"article","og_title":"POEZIJA MOJIH ILUZIJA, Marin \u010caveli\u0161 - Web-knji\u017eara","og_description":"Sa\u017eetak: O tom prihvatanju i spoznaji, da smo na kraju dana sami i da se mo\u017eemo, osim na Boga, osloniti samo na na\u0161e vlastite snage i um. U jednoj pjesmi ka\u017ee: lijek za du\u0161u je humor&#8230; I potpuno je u pravu. Zato njegova poezija obiluje humorom. Jer je ljekovit&#8230; Pro\u010ditajte pjesme Marina \u010caveli\u0161a. One razgaljuju [&hellip;]","og_url":"https:\/\/webknjizara.hr\/proizvod\/poezija-mojih-iluzija-marin-cavelis\/","og_site_name":"Web-knji\u017eara","article_modified_time":"2023-02-26T23:16:49+00:00","og_image":[{"width":496,"height":693,"url":"https:\/\/webknjizara.hr\/wp-content\/uploads\/nc\/images\/virtuemart\/product\/poezija-mojih-il-57a9d7a329bb2.jpg","type":"image\/jpeg"}],"twitter_card":"summary_large_image","twitter_misc":{"Est. reading time":"2 minutes"},"schema":{"@context":"https:\/\/schema.org","@graph":[{"@type":"WebPage","@id":"https:\/\/webknjizara.hr\/proizvod\/poezija-mojih-iluzija-marin-cavelis\/","url":"https:\/\/webknjizara.hr\/proizvod\/poezija-mojih-iluzija-marin-cavelis\/","name":"POEZIJA MOJIH ILUZIJA, Marin \u010caveli\u0161 - Web-knji\u017eara","isPartOf":{"@id":"https:\/\/webknjizara.hr\/#website"},"primaryImageOfPage":{"@id":"https:\/\/webknjizara.hr\/proizvod\/poezija-mojih-iluzija-marin-cavelis\/#primaryimage"},"image":{"@id":"https:\/\/webknjizara.hr\/proizvod\/poezija-mojih-iluzija-marin-cavelis\/#primaryimage"},"thumbnailUrl":"https:\/\/webknjizara.hr\/wp-content\/uploads\/nc\/images\/virtuemart\/product\/poezija-mojih-il-57a9d7a329bb2.jpg","datePublished":"2016-08-09T13:16:19+00:00","dateModified":"2023-02-26T23:16:49+00:00","breadcrumb":{"@id":"https:\/\/webknjizara.hr\/proizvod\/poezija-mojih-iluzija-marin-cavelis\/#breadcrumb"},"inLanguage":"en-US","potentialAction":[{"@type":"ReadAction","target":["https:\/\/webknjizara.hr\/proizvod\/poezija-mojih-iluzija-marin-cavelis\/"]}]},{"@type":"ImageObject","inLanguage":"en-US","@id":"https:\/\/webknjizara.hr\/proizvod\/poezija-mojih-iluzija-marin-cavelis\/#primaryimage","url":"https:\/\/webknjizara.hr\/wp-content\/uploads\/nc\/images\/virtuemart\/product\/poezija-mojih-il-57a9d7a329bb2.jpg","contentUrl":"https:\/\/webknjizara.hr\/wp-content\/uploads\/nc\/images\/virtuemart\/product\/poezija-mojih-il-57a9d7a329bb2.jpg","width":496,"height":693,"caption":"POEZIJA MOJIH ILUZIJA, Marin \u010caveli\u0161"},{"@type":"BreadcrumbList","@id":"https:\/\/webknjizara.hr\/proizvod\/poezija-mojih-iluzija-marin-cavelis\/#breadcrumb","itemListElement":[{"@type":"ListItem","position":1,"name":"Po\u010detna stranica","item":"https:\/\/webknjizara.hr\/en\/"},{"@type":"ListItem","position":2,"name":"Shop","item":"https:\/\/webknjizara.hr\/shop\/"},{"@type":"ListItem","position":3,"name":"POEZIJA MOJIH ILUZIJA, Marin \u010caveli\u0161"}]},{"@type":"WebSite","@id":"https:\/\/webknjizara.hr\/#website","url":"https:\/\/webknjizara.hr\/","name":"Web Knji\u017eara","description":"","publisher":{"@id":"https:\/\/webknjizara.hr\/#organization"},"potentialAction":[{"@type":"SearchAction","target":{"@type":"EntryPoint","urlTemplate":"https:\/\/webknjizara.hr\/?s={search_term_string}"},"query-input":{"@type":"PropertyValueSpecification","valueRequired":true,"valueName":"search_term_string"}}],"inLanguage":"en-US"},{"@type":"Organization","@id":"https:\/\/webknjizara.hr\/#organization","name":"REDAK D.O.O.","url":"https:\/\/webknjizara.hr\/","logo":{"@type":"ImageObject","inLanguage":"en-US","@id":"https:\/\/webknjizara.hr\/#\/schema\/logo\/image\/","url":"https:\/\/webknjizara.hr\/wp-content\/uploads\/2023\/01\/web-knjizara-logo.webp","contentUrl":"https:\/\/webknjizara.hr\/wp-content\/uploads\/2023\/01\/web-knjizara-logo.webp","width":324,"height":79,"caption":"REDAK D.O.O."},"image":{"@id":"https:\/\/webknjizara.hr\/#\/schema\/logo\/image\/"}}]}},"_links":{"self":[{"href":"https:\/\/webknjizara.hr\/en\/wp-json\/wp\/v2\/product\/8285","targetHints":{"allow":["GET"]}}],"collection":[{"href":"https:\/\/webknjizara.hr\/en\/wp-json\/wp\/v2\/product"}],"about":[{"href":"https:\/\/webknjizara.hr\/en\/wp-json\/wp\/v2\/types\/product"}],"replies":[{"embeddable":true,"href":"https:\/\/webknjizara.hr\/en\/wp-json\/wp\/v2\/comments?post=8285"}],"wp:featuredmedia":[{"embeddable":true,"href":"https:\/\/webknjizara.hr\/en\/wp-json\/wp\/v2\/media\/8286"}],"wp:attachment":[{"href":"https:\/\/webknjizara.hr\/en\/wp-json\/wp\/v2\/media?parent=8285"}],"wp:term":[{"taxonomy":"product_brand","embeddable":true,"href":"https:\/\/webknjizara.hr\/en\/wp-json\/wp\/v2\/product_brand?post=8285"},{"taxonomy":"product_cat","embeddable":true,"href":"https:\/\/webknjizara.hr\/en\/wp-json\/wp\/v2\/product_cat?post=8285"},{"taxonomy":"product_tag","embeddable":true,"href":"https:\/\/webknjizara.hr\/en\/wp-json\/wp\/v2\/product_tag?post=8285"}],"curies":[{"name":"wp","href":"https:\/\/api.w.org\/{rel}","templated":true}]}}