{"id":8277,"date":"2016-07-28T19:47:21","date_gmt":"2016-07-28T19:47:21","guid":{"rendered":"https:\/\/webknjizara.hr\/?product=blutiger-halbmond-haira-lacmanovic-heydenreuter"},"modified":"2023-02-27T00:16:48","modified_gmt":"2023-02-26T23:16:48","slug":"blutiger-halbmond-haira-lacmanovic-heydenreuter","status":"publish","type":"product","link":"https:\/\/webknjizara.hr\/en\/proizvod\/blutiger-halbmond-haira-lacmanovic-heydenreuter\/","title":{"rendered":"BLUTIGER HALBMOND, Haira Lacmanovi\u0107-Heydenreuter"},"content":{"rendered":"<p style=\"text-align: justify;\"><strong><br \/>Sa\u017eetak:<\/strong> <\/p>\n<p>Das Drama behandelt den Angriff der Turken auf das venezianische Dalmatien und auf die Stadt \u0160ibenik, vor allem im Jahre 1647. Geschildert wird das Aufeinanderstossen der moslemischen und christlichen Zivilisationen auf dalmatinischem Boden an Hand des Schicksals einer jungen Frau, die sich nach Frieden, Liebe und Freiheit sehnt.<\/p>\n<p style=\"text-align: justify;\"><strong>Bilje\u0161ka o autorici:<\/strong> <\/p>\n<p>Haira Lacmanovi\u0107- Heydenreuter wurde in \u0160ibenik\/ Kroatien geboren, wo sie ihr Abitur ablegte. Sie studierte in Zadar und M\u00fcnchen Kunstgeschichte, Germanistik, Slawistik und S\u00fcdosteuropageschichte. Sie schrieb eine Magisterarbeit \u00fcber den Untergang der Republik Ragusa (Dubrovnik). Ihre Dissertation mit dem Titel &#8220;Dalmatien in Wien. Die dalmatinischen Abgeordneten im Wiener Reichsrat 1867-1918&#8221; verfasste Frau Lacmanovi\u0107-Heydenreuter an der Ludwig- Maximilian-Universit\u00e4t in M\u00fcnchen im Bereich S\u00fcdosteuropageschichte. Dieses Buch ist ein wichtiger Beitrag zur kroatischen Geschichte im 19. und 20. Jahrhundert.<\/p>\n<p>Die Autorin arbeitet als wissenschaftliche Mitarbeiterin an verschiedenen historischen Projekten und Ausstellungen. Sie ist Mitglied der ukrainischen Universit\u00e4t Kirowograd, wo sie eine Ehrendoktorw\u00fcrde emphangen hat. Am Institut f\u00fcr deusch-ukrainische Bezihungen in M\u00fcnchen hat sie von 2002-2009 eine Stipendienprogramm betreut.<\/p>\n<p> <a href=\"en\/book-store?page=shop.product_details&#038;flypage=flypage.tpl&#038;category_id=4&#038;product_id=505&#038;vmcchk=1\" target=\"_blank\" rel=\"noopener\">Das Drama &#8220;Blutiger Halbmond&#8221;<\/a> ist das erste Drama der Autorin. Es schildert vor allem die Ereignise um das denkw\u00fcrdige Jahr 1647 in der dalmatinischen Stadt \u0160ibenik, wo seit 150 Jahren die Familie Lacmanovi\u0107 unterhalb der Festung Barone (\u0160ubi\u0107evac) ans\u00e4ssig ist. Diese Festung tr\u00e4gt den Name des deutschen Generals Baron (Freiherr) Christoph Martin von Degenfeld, der sie gebaut und \u0160ibenik 1647 gegen die Turken verteitigt hat.<\/p>\n<p style=\"text-align: justify;\"><strong>Klju\u010dne rije\u010di:<\/strong> Dalmatien und \u0160ibenik in der Zeit der venezianischen Republik, insbesondere in den Jahren 1645 bis 1648; der Angriff der T\u00fcrken auf \u0160ibenik im Jahre 1647; Festung Barone (\u0160ubi\u0107evac); das Leben des Barons Christoph Martin von Degenfeld (1599-1653).<\/p>\n<p style=\"text-align: justify;\"><strong>Naslov:<\/strong> BLUTIGER HALBMOND<br \/><strong>Autorica:<\/strong> Haira Lacmanovi\u0107-Heydenreuter<br \/><strong>Broj stranica:<\/strong> 78<br \/><strong>Nakladnik:<\/strong> REDAK<br \/><strong>Godina izdanja:<\/strong> 2016.<br \/><strong>ISBN:<\/strong> 978-953-336-320-2<br \/><strong>Tisak:<\/strong> digitalni tisak knjiga &#8211; print na zahtjev\u00a0<\/p>\n<hr \/>\n<p style=\"text-align: justify;\"><strong>Kako naru\u010diti knjigu?\u00a0<\/strong>Proces online kupovine jednako funkcionira za sve kupce, s jedinom razlikom u tome \u0161to \u0161to kupci iz inozemstva za podru\u010dje dostave moraju odabrati &#8220;Europa&#8221; ili &#8220;Ostale zemlje svijeta&#8221;, a za vrstu pla\u0107anja WSPay (kreditna kartica) ili Virmanom (bankovni transfer).<\/p>\n<p style=\"text-align: justify;\">Molimo kliknite ovdje za\u00a0<a href=\"hr\/kako-kupovati\" target=\"_blank\" rel=\"noopener\">detaljni vodi\u010d kroz proces narud\u017ebe<\/a>\u00a0ili nas\u00a0<a href=\"hr\/kontakt\" target=\"_blank\" rel=\"noopener\">kontaktirajte<\/a>\u00a0za vi\u0161e informacija.<\/p>\n","protected":false},"excerpt":{"rendered":"<p>Sa\u017eetak: Das Drama behandelt den Angriff der Turken auf das venezianische Dalmatien und auf die Stadt \u0160ibenik, vor allem im Jahre 1647. Geschildert wird das Aufeinanderstossen der moslemischen und christlichen Zivilisationen auf dalmatinischem Boden an Hand des Schicksals einer jungen Frau, die sich nach Frieden, Liebe und Freiheit sehnt. Bilje\u0161ka o autorici: Haira Lacmanovi\u0107- Heydenreuter [&hellip;]<\/p>\n","protected":false},"featured_media":8278,"comment_status":"open","ping_status":"closed","template":"","meta":{"_acf_changed":false},"product_brand":[],"product_cat":[1383,1385],"product_tag":[],"class_list":{"0":"post-8277","1":"product","2":"type-product","3":"status-publish","4":"has-post-thumbnail","6":"product_cat-knjige","7":"product_cat-knjizevnost","8":"pa_autor-haira-lacmanovic-heydenreuter","9":"pa_nakladnik-redak","11":"first","12":"instock","13":"shipping-taxable","14":"purchasable","15":"product-type-simple"},"acf":[],"yoast_head":"<!-- This site is optimized with the Yoast SEO plugin v27.3 - https:\/\/yoast.com\/product\/yoast-seo-wordpress\/ -->\n<title>BLUTIGER HALBMOND, Haira Lacmanovi\u0107-Heydenreuter - Web-knji\u017eara<\/title>\n<meta name=\"robots\" content=\"index, follow, max-snippet:-1, max-image-preview:large, max-video-preview:-1\" \/>\n<link rel=\"canonical\" href=\"https:\/\/webknjizara.hr\/proizvod\/blutiger-halbmond-haira-lacmanovic-heydenreuter\/\" \/>\n<meta property=\"og:locale\" content=\"en_US\" \/>\n<meta property=\"og:type\" content=\"article\" \/>\n<meta property=\"og:title\" content=\"BLUTIGER HALBMOND, Haira Lacmanovi\u0107-Heydenreuter - Web-knji\u017eara\" \/>\n<meta property=\"og:description\" content=\"Sa\u017eetak: Das Drama behandelt den Angriff der Turken auf das venezianische Dalmatien und auf die Stadt \u0160ibenik, vor allem im Jahre 1647. Geschildert wird das Aufeinanderstossen der moslemischen und christlichen Zivilisationen auf dalmatinischem Boden an Hand des Schicksals einer jungen Frau, die sich nach Frieden, Liebe und Freiheit sehnt. Bilje\u0161ka o autorici: Haira Lacmanovi\u0107- Heydenreuter [&hellip;]\" \/>\n<meta property=\"og:url\" content=\"https:\/\/webknjizara.hr\/proizvod\/blutiger-halbmond-haira-lacmanovic-heydenreuter\/\" \/>\n<meta property=\"og:site_name\" content=\"Web-knji\u017eara\" \/>\n<meta property=\"article:modified_time\" content=\"2023-02-26T23:16:48+00:00\" \/>\n<meta property=\"og:image\" content=\"https:\/\/webknjizara.hr\/wp-content\/uploads\/nc\/images\/virtuemart\/product\/blutiger-halbmon-579a61490daca.jpg\" \/>\n\t<meta property=\"og:image:width\" content=\"358\" \/>\n\t<meta property=\"og:image:height\" content=\"500\" \/>\n\t<meta property=\"og:image:type\" content=\"image\/jpeg\" \/>\n<meta name=\"twitter:card\" content=\"summary_large_image\" \/>\n<meta name=\"twitter:label1\" content=\"Est. reading time\" \/>\n\t<meta name=\"twitter:data1\" content=\"2 minutes\" \/>\n<script type=\"application\/ld+json\" class=\"yoast-schema-graph\">{\"@context\":\"https:\\\/\\\/schema.org\",\"@graph\":[{\"@type\":\"WebPage\",\"@id\":\"https:\\\/\\\/webknjizara.hr\\\/proizvod\\\/blutiger-halbmond-haira-lacmanovic-heydenreuter\\\/\",\"url\":\"https:\\\/\\\/webknjizara.hr\\\/proizvod\\\/blutiger-halbmond-haira-lacmanovic-heydenreuter\\\/\",\"name\":\"BLUTIGER HALBMOND, Haira Lacmanovi\u0107-Heydenreuter - Web-knji\u017eara\",\"isPartOf\":{\"@id\":\"https:\\\/\\\/webknjizara.hr\\\/#website\"},\"primaryImageOfPage\":{\"@id\":\"https:\\\/\\\/webknjizara.hr\\\/proizvod\\\/blutiger-halbmond-haira-lacmanovic-heydenreuter\\\/#primaryimage\"},\"image\":{\"@id\":\"https:\\\/\\\/webknjizara.hr\\\/proizvod\\\/blutiger-halbmond-haira-lacmanovic-heydenreuter\\\/#primaryimage\"},\"thumbnailUrl\":\"https:\\\/\\\/webknjizara.hr\\\/wp-content\\\/uploads\\\/nc\\\/images\\\/virtuemart\\\/product\\\/blutiger-halbmon-579a61490daca.jpg\",\"datePublished\":\"2016-07-28T19:47:21+00:00\",\"dateModified\":\"2023-02-26T23:16:48+00:00\",\"breadcrumb\":{\"@id\":\"https:\\\/\\\/webknjizara.hr\\\/proizvod\\\/blutiger-halbmond-haira-lacmanovic-heydenreuter\\\/#breadcrumb\"},\"inLanguage\":\"en-US\",\"potentialAction\":[{\"@type\":\"ReadAction\",\"target\":[\"https:\\\/\\\/webknjizara.hr\\\/proizvod\\\/blutiger-halbmond-haira-lacmanovic-heydenreuter\\\/\"]}]},{\"@type\":\"ImageObject\",\"inLanguage\":\"en-US\",\"@id\":\"https:\\\/\\\/webknjizara.hr\\\/proizvod\\\/blutiger-halbmond-haira-lacmanovic-heydenreuter\\\/#primaryimage\",\"url\":\"https:\\\/\\\/webknjizara.hr\\\/wp-content\\\/uploads\\\/nc\\\/images\\\/virtuemart\\\/product\\\/blutiger-halbmon-579a61490daca.jpg\",\"contentUrl\":\"https:\\\/\\\/webknjizara.hr\\\/wp-content\\\/uploads\\\/nc\\\/images\\\/virtuemart\\\/product\\\/blutiger-halbmon-579a61490daca.jpg\",\"width\":358,\"height\":500,\"caption\":\"BLUTIGER HALBMOND, Haira Lacmanovi\u0107-Heydenreuter\"},{\"@type\":\"BreadcrumbList\",\"@id\":\"https:\\\/\\\/webknjizara.hr\\\/proizvod\\\/blutiger-halbmond-haira-lacmanovic-heydenreuter\\\/#breadcrumb\",\"itemListElement\":[{\"@type\":\"ListItem\",\"position\":1,\"name\":\"Po\u010detna stranica\",\"item\":\"https:\\\/\\\/webknjizara.hr\\\/en\\\/\"},{\"@type\":\"ListItem\",\"position\":2,\"name\":\"Shop\",\"item\":\"https:\\\/\\\/webknjizara.hr\\\/shop\\\/\"},{\"@type\":\"ListItem\",\"position\":3,\"name\":\"BLUTIGER HALBMOND, Haira Lacmanovi\u0107-Heydenreuter\"}]},{\"@type\":\"WebSite\",\"@id\":\"https:\\\/\\\/webknjizara.hr\\\/#website\",\"url\":\"https:\\\/\\\/webknjizara.hr\\\/\",\"name\":\"Web Knji\u017eara\",\"description\":\"\",\"publisher\":{\"@id\":\"https:\\\/\\\/webknjizara.hr\\\/#organization\"},\"potentialAction\":[{\"@type\":\"SearchAction\",\"target\":{\"@type\":\"EntryPoint\",\"urlTemplate\":\"https:\\\/\\\/webknjizara.hr\\\/?s={search_term_string}\"},\"query-input\":{\"@type\":\"PropertyValueSpecification\",\"valueRequired\":true,\"valueName\":\"search_term_string\"}}],\"inLanguage\":\"en-US\"},{\"@type\":\"Organization\",\"@id\":\"https:\\\/\\\/webknjizara.hr\\\/#organization\",\"name\":\"REDAK D.O.O.\",\"url\":\"https:\\\/\\\/webknjizara.hr\\\/\",\"logo\":{\"@type\":\"ImageObject\",\"inLanguage\":\"en-US\",\"@id\":\"https:\\\/\\\/webknjizara.hr\\\/#\\\/schema\\\/logo\\\/image\\\/\",\"url\":\"https:\\\/\\\/webknjizara.hr\\\/wp-content\\\/uploads\\\/2023\\\/01\\\/web-knjizara-logo.webp\",\"contentUrl\":\"https:\\\/\\\/webknjizara.hr\\\/wp-content\\\/uploads\\\/2023\\\/01\\\/web-knjizara-logo.webp\",\"width\":324,\"height\":79,\"caption\":\"REDAK D.O.O.\"},\"image\":{\"@id\":\"https:\\\/\\\/webknjizara.hr\\\/#\\\/schema\\\/logo\\\/image\\\/\"}}]}<\/script>\n<!-- \/ Yoast SEO plugin. -->","yoast_head_json":{"title":"BLUTIGER HALBMOND, Haira Lacmanovi\u0107-Heydenreuter - Web-knji\u017eara","robots":{"index":"index","follow":"follow","max-snippet":"max-snippet:-1","max-image-preview":"max-image-preview:large","max-video-preview":"max-video-preview:-1"},"canonical":"https:\/\/webknjizara.hr\/proizvod\/blutiger-halbmond-haira-lacmanovic-heydenreuter\/","og_locale":"en_US","og_type":"article","og_title":"BLUTIGER HALBMOND, Haira Lacmanovi\u0107-Heydenreuter - Web-knji\u017eara","og_description":"Sa\u017eetak: Das Drama behandelt den Angriff der Turken auf das venezianische Dalmatien und auf die Stadt \u0160ibenik, vor allem im Jahre 1647. Geschildert wird das Aufeinanderstossen der moslemischen und christlichen Zivilisationen auf dalmatinischem Boden an Hand des Schicksals einer jungen Frau, die sich nach Frieden, Liebe und Freiheit sehnt. Bilje\u0161ka o autorici: Haira Lacmanovi\u0107- Heydenreuter [&hellip;]","og_url":"https:\/\/webknjizara.hr\/proizvod\/blutiger-halbmond-haira-lacmanovic-heydenreuter\/","og_site_name":"Web-knji\u017eara","article_modified_time":"2023-02-26T23:16:48+00:00","og_image":[{"width":358,"height":500,"url":"https:\/\/webknjizara.hr\/wp-content\/uploads\/nc\/images\/virtuemart\/product\/blutiger-halbmon-579a61490daca.jpg","type":"image\/jpeg"}],"twitter_card":"summary_large_image","twitter_misc":{"Est. reading time":"2 minutes"},"schema":{"@context":"https:\/\/schema.org","@graph":[{"@type":"WebPage","@id":"https:\/\/webknjizara.hr\/proizvod\/blutiger-halbmond-haira-lacmanovic-heydenreuter\/","url":"https:\/\/webknjizara.hr\/proizvod\/blutiger-halbmond-haira-lacmanovic-heydenreuter\/","name":"BLUTIGER HALBMOND, Haira Lacmanovi\u0107-Heydenreuter - Web-knji\u017eara","isPartOf":{"@id":"https:\/\/webknjizara.hr\/#website"},"primaryImageOfPage":{"@id":"https:\/\/webknjizara.hr\/proizvod\/blutiger-halbmond-haira-lacmanovic-heydenreuter\/#primaryimage"},"image":{"@id":"https:\/\/webknjizara.hr\/proizvod\/blutiger-halbmond-haira-lacmanovic-heydenreuter\/#primaryimage"},"thumbnailUrl":"https:\/\/webknjizara.hr\/wp-content\/uploads\/nc\/images\/virtuemart\/product\/blutiger-halbmon-579a61490daca.jpg","datePublished":"2016-07-28T19:47:21+00:00","dateModified":"2023-02-26T23:16:48+00:00","breadcrumb":{"@id":"https:\/\/webknjizara.hr\/proizvod\/blutiger-halbmond-haira-lacmanovic-heydenreuter\/#breadcrumb"},"inLanguage":"en-US","potentialAction":[{"@type":"ReadAction","target":["https:\/\/webknjizara.hr\/proizvod\/blutiger-halbmond-haira-lacmanovic-heydenreuter\/"]}]},{"@type":"ImageObject","inLanguage":"en-US","@id":"https:\/\/webknjizara.hr\/proizvod\/blutiger-halbmond-haira-lacmanovic-heydenreuter\/#primaryimage","url":"https:\/\/webknjizara.hr\/wp-content\/uploads\/nc\/images\/virtuemart\/product\/blutiger-halbmon-579a61490daca.jpg","contentUrl":"https:\/\/webknjizara.hr\/wp-content\/uploads\/nc\/images\/virtuemart\/product\/blutiger-halbmon-579a61490daca.jpg","width":358,"height":500,"caption":"BLUTIGER HALBMOND, Haira Lacmanovi\u0107-Heydenreuter"},{"@type":"BreadcrumbList","@id":"https:\/\/webknjizara.hr\/proizvod\/blutiger-halbmond-haira-lacmanovic-heydenreuter\/#breadcrumb","itemListElement":[{"@type":"ListItem","position":1,"name":"Po\u010detna stranica","item":"https:\/\/webknjizara.hr\/en\/"},{"@type":"ListItem","position":2,"name":"Shop","item":"https:\/\/webknjizara.hr\/shop\/"},{"@type":"ListItem","position":3,"name":"BLUTIGER HALBMOND, Haira Lacmanovi\u0107-Heydenreuter"}]},{"@type":"WebSite","@id":"https:\/\/webknjizara.hr\/#website","url":"https:\/\/webknjizara.hr\/","name":"Web Knji\u017eara","description":"","publisher":{"@id":"https:\/\/webknjizara.hr\/#organization"},"potentialAction":[{"@type":"SearchAction","target":{"@type":"EntryPoint","urlTemplate":"https:\/\/webknjizara.hr\/?s={search_term_string}"},"query-input":{"@type":"PropertyValueSpecification","valueRequired":true,"valueName":"search_term_string"}}],"inLanguage":"en-US"},{"@type":"Organization","@id":"https:\/\/webknjizara.hr\/#organization","name":"REDAK D.O.O.","url":"https:\/\/webknjizara.hr\/","logo":{"@type":"ImageObject","inLanguage":"en-US","@id":"https:\/\/webknjizara.hr\/#\/schema\/logo\/image\/","url":"https:\/\/webknjizara.hr\/wp-content\/uploads\/2023\/01\/web-knjizara-logo.webp","contentUrl":"https:\/\/webknjizara.hr\/wp-content\/uploads\/2023\/01\/web-knjizara-logo.webp","width":324,"height":79,"caption":"REDAK D.O.O."},"image":{"@id":"https:\/\/webknjizara.hr\/#\/schema\/logo\/image\/"}}]}},"_links":{"self":[{"href":"https:\/\/webknjizara.hr\/en\/wp-json\/wp\/v2\/product\/8277","targetHints":{"allow":["GET"]}}],"collection":[{"href":"https:\/\/webknjizara.hr\/en\/wp-json\/wp\/v2\/product"}],"about":[{"href":"https:\/\/webknjizara.hr\/en\/wp-json\/wp\/v2\/types\/product"}],"replies":[{"embeddable":true,"href":"https:\/\/webknjizara.hr\/en\/wp-json\/wp\/v2\/comments?post=8277"}],"wp:featuredmedia":[{"embeddable":true,"href":"https:\/\/webknjizara.hr\/en\/wp-json\/wp\/v2\/media\/8278"}],"wp:attachment":[{"href":"https:\/\/webknjizara.hr\/en\/wp-json\/wp\/v2\/media?parent=8277"}],"wp:term":[{"taxonomy":"product_brand","embeddable":true,"href":"https:\/\/webknjizara.hr\/en\/wp-json\/wp\/v2\/product_brand?post=8277"},{"taxonomy":"product_cat","embeddable":true,"href":"https:\/\/webknjizara.hr\/en\/wp-json\/wp\/v2\/product_cat?post=8277"},{"taxonomy":"product_tag","embeddable":true,"href":"https:\/\/webknjizara.hr\/en\/wp-json\/wp\/v2\/product_tag?post=8277"}],"curies":[{"name":"wp","href":"https:\/\/api.w.org\/{rel}","templated":true}]}}