{"id":8273,"date":"2016-07-25T20:47:00","date_gmt":"2016-07-25T20:47:00","guid":{"rendered":"https:\/\/webknjizara.hr\/?product=diz-%e2%80%93-djeca-iznad-zakona-ponovno-na-okupu-kiki-rain"},"modified":"2023-02-27T00:16:48","modified_gmt":"2023-02-26T23:16:48","slug":"d-i-z-djeca-iznad-zakona-ponovno-na-okupu-kiki-rain","status":"publish","type":"product","link":"https:\/\/webknjizara.hr\/en\/proizvod\/d-i-z-djeca-iznad-zakona-ponovno-na-okupu-kiki-rain\/","title":{"rendered":"D.I.Z. \u2013 Djeca iznad zakona, Ponovno na okupu, Kiki Rain"},"content":{"rendered":"<p style=\"text-align: justify;\"><strong>\u00a0<\/strong><\/p>\n<p style=\"text-align: justify;\"><strong>Sa\u017eetak:<\/strong> <\/p>\n<p>Ovo je <a href=\"hr\/about-joomla?page=shop.product_details&#038;flypage=flypage.tpl&#038;category_id=4&#038;product_id=452&#038;vmcchk=1\" target=\"_blank\" rel=\"noopener\">nastavak pri\u010de<\/a> o Katji i Niki koja prati njihov bjeg od ljudi koji ih dr\u017ee. One saznaju kako su zapravo dobile mo\u0107i koja je bila njihova osnovna misija prije nego se sve promijenilo. DIZ-ovci su suo\u010deni s mnogim prijetnjama i tajnama, la\u017eima i prijevarama. Izgubili su svoj cilj, svrha njihove borbe i bje\u017eanja je nestala, a svim spurima mo\u0107i su naposlijetku oduzete. Suo\u010div\u0161i se s realno\u0161\u0107u i poku\u0161avaju\u0107i im dati misiju Robi ovaj put saziva i biv\u0161e DIZ-ovce i Zmajare da se ujedine.<\/p>\n<p style=\"text-align: justify;\"><strong>Bilje\u0161ka o autorici:<\/strong> <\/p>\n<p>Ovo je njena druga izdana knjiga koja se nadovezuje na prvu.<\/p>\n<p><strong>Bilje\u0161ka o uredniku:<\/strong> <\/p>\n<p>Zavr\u0161io Grafi\u010dki fakultet u Zagrebu. Od tada zaposlen u privatnim firmama na poslovima pripreme i izrade grafi\u010dkih proizvoda u Zagrebu i Virovitici.<\/p>\n<p><strong>Klju\u010dne rije\u010di:<\/strong> DIZ, mo\u0107i, Kiki Rain, djeca, tinejd\u017eeri, iznad zakona<\/p>\n<p style=\"text-align: justify;\"><strong>Naslov:<\/strong> D.I.Z. \u2013 Djeca iznad zakona, Ponovno na okupu<br \/><strong>Autorica:<\/strong> Kiki Rain<br \/><strong>Broj stranica:<\/strong> 154<br \/><strong>Nakladnik:<\/strong> Vedran Stani\u0107 (vlastita naklada)<br \/><strong>Godina izdanja:<\/strong> 2016.<br \/><strong>ISBN:<\/strong> 978-953-58642-1-9<br \/><strong>Tisak:<\/strong> digitalni tisak knjiga &#8211; print na zahtjev\u00a0<\/p>\n<hr \/>\n<p style=\"text-align: justify;\"><strong>Kako naru\u010diti knjigu?\u00a0<\/strong>Proces online kupovine jednako funkcionira za sve kupce, s jedinom razlikom u tome \u0161to \u0161to kupci iz inozemstva za podru\u010dje dostave moraju odabrati &#8220;Europa&#8221; ili &#8220;Ostale zemlje svijeta&#8221;, a za vrstu pla\u0107anja WSPay (kreditna kartica) ili Virmanom (bankovni transfer).<\/p>\n<p style=\"text-align: justify;\">Molimo kliknite ovdje za\u00a0<a href=\"hr\/kako-kupovati\" target=\"_blank\" rel=\"noopener\">detaljni vodi\u010d kroz proces narud\u017ebe<\/a>\u00a0ili nas\u00a0<a href=\"hr\/kontakt\" target=\"_blank\" rel=\"noopener\">kontaktirajte<\/a>\u00a0za vi\u0161e informacija.<\/p>\n","protected":false},"excerpt":{"rendered":"<p>\u00a0 Sa\u017eetak: Ovo je nastavak pri\u010de o Katji i Niki koja prati njihov bjeg od ljudi koji ih dr\u017ee. One saznaju kako su zapravo dobile mo\u0107i koja je bila njihova osnovna misija prije nego se sve promijenilo. DIZ-ovci su suo\u010deni s mnogim prijetnjama i tajnama, la\u017eima i prijevarama. Izgubili su svoj cilj, svrha njihove borbe [&hellip;]<\/p>\n","protected":false},"featured_media":8274,"comment_status":"open","ping_status":"closed","template":"","meta":{"_acf_changed":false},"product_brand":[],"product_cat":[1383,1385],"product_tag":[],"class_list":{"0":"post-8273","1":"product","2":"type-product","3":"status-publish","4":"has-post-thumbnail","6":"product_cat-knjige","7":"product_cat-knjizevnost","8":"pa_autor-kiki-rain","9":"pa_nakladnik-vedran-stanic","11":"first","12":"instock","13":"shipping-taxable","14":"purchasable","15":"product-type-simple"},"acf":[],"yoast_head":"<!-- This site is optimized with the Yoast SEO plugin v27.3 - https:\/\/yoast.com\/product\/yoast-seo-wordpress\/ -->\n<title>D.I.Z. \u2013 Djeca iznad zakona, Ponovno na okupu, Kiki Rain - Web-knji\u017eara<\/title>\n<meta name=\"robots\" content=\"index, follow, max-snippet:-1, max-image-preview:large, max-video-preview:-1\" \/>\n<link rel=\"canonical\" href=\"https:\/\/webknjizara.hr\/proizvod\/d-i-z-djeca-iznad-zakona-ponovno-na-okupu-kiki-rain\/\" \/>\n<meta property=\"og:locale\" content=\"en_US\" \/>\n<meta property=\"og:type\" content=\"article\" \/>\n<meta property=\"og:title\" content=\"D.I.Z. \u2013 Djeca iznad zakona, Ponovno na okupu, Kiki Rain - Web-knji\u017eara\" \/>\n<meta property=\"og:description\" content=\"\u00a0 Sa\u017eetak: Ovo je nastavak pri\u010de o Katji i Niki koja prati njihov bjeg od ljudi koji ih dr\u017ee. One saznaju kako su zapravo dobile mo\u0107i koja je bila njihova osnovna misija prije nego se sve promijenilo. DIZ-ovci su suo\u010deni s mnogim prijetnjama i tajnama, la\u017eima i prijevarama. Izgubili su svoj cilj, svrha njihove borbe [&hellip;]\" \/>\n<meta property=\"og:url\" content=\"https:\/\/webknjizara.hr\/proizvod\/d-i-z-djeca-iznad-zakona-ponovno-na-okupu-kiki-rain\/\" \/>\n<meta property=\"og:site_name\" content=\"Web-knji\u017eara\" \/>\n<meta property=\"article:modified_time\" content=\"2023-02-26T23:16:48+00:00\" \/>\n<meta property=\"og:image\" content=\"https:\/\/webknjizara.hr\/wp-content\/uploads\/nc\/images\/virtuemart\/product\/d-i-z-djeca-57967ac428641.jpg\" \/>\n\t<meta property=\"og:image:width\" content=\"460\" \/>\n\t<meta property=\"og:image:height\" content=\"693\" \/>\n\t<meta property=\"og:image:type\" content=\"image\/jpeg\" \/>\n<meta name=\"twitter:card\" content=\"summary_large_image\" \/>\n<meta name=\"twitter:label1\" content=\"Est. reading time\" \/>\n\t<meta name=\"twitter:data1\" content=\"1 minute\" \/>\n<script type=\"application\/ld+json\" class=\"yoast-schema-graph\">{\"@context\":\"https:\\\/\\\/schema.org\",\"@graph\":[{\"@type\":\"WebPage\",\"@id\":\"https:\\\/\\\/webknjizara.hr\\\/proizvod\\\/d-i-z-djeca-iznad-zakona-ponovno-na-okupu-kiki-rain\\\/\",\"url\":\"https:\\\/\\\/webknjizara.hr\\\/proizvod\\\/d-i-z-djeca-iznad-zakona-ponovno-na-okupu-kiki-rain\\\/\",\"name\":\"D.I.Z. \u2013 Djeca iznad zakona, Ponovno na okupu, Kiki Rain - Web-knji\u017eara\",\"isPartOf\":{\"@id\":\"https:\\\/\\\/webknjizara.hr\\\/#website\"},\"primaryImageOfPage\":{\"@id\":\"https:\\\/\\\/webknjizara.hr\\\/proizvod\\\/d-i-z-djeca-iznad-zakona-ponovno-na-okupu-kiki-rain\\\/#primaryimage\"},\"image\":{\"@id\":\"https:\\\/\\\/webknjizara.hr\\\/proizvod\\\/d-i-z-djeca-iznad-zakona-ponovno-na-okupu-kiki-rain\\\/#primaryimage\"},\"thumbnailUrl\":\"https:\\\/\\\/webknjizara.hr\\\/wp-content\\\/uploads\\\/nc\\\/images\\\/virtuemart\\\/product\\\/d-i-z-djeca-57967ac428641.jpg\",\"datePublished\":\"2016-07-25T20:47:00+00:00\",\"dateModified\":\"2023-02-26T23:16:48+00:00\",\"breadcrumb\":{\"@id\":\"https:\\\/\\\/webknjizara.hr\\\/proizvod\\\/d-i-z-djeca-iznad-zakona-ponovno-na-okupu-kiki-rain\\\/#breadcrumb\"},\"inLanguage\":\"en-US\",\"potentialAction\":[{\"@type\":\"ReadAction\",\"target\":[\"https:\\\/\\\/webknjizara.hr\\\/proizvod\\\/d-i-z-djeca-iznad-zakona-ponovno-na-okupu-kiki-rain\\\/\"]}]},{\"@type\":\"ImageObject\",\"inLanguage\":\"en-US\",\"@id\":\"https:\\\/\\\/webknjizara.hr\\\/proizvod\\\/d-i-z-djeca-iznad-zakona-ponovno-na-okupu-kiki-rain\\\/#primaryimage\",\"url\":\"https:\\\/\\\/webknjizara.hr\\\/wp-content\\\/uploads\\\/nc\\\/images\\\/virtuemart\\\/product\\\/d-i-z-djeca-57967ac428641.jpg\",\"contentUrl\":\"https:\\\/\\\/webknjizara.hr\\\/wp-content\\\/uploads\\\/nc\\\/images\\\/virtuemart\\\/product\\\/d-i-z-djeca-57967ac428641.jpg\",\"width\":460,\"height\":693,\"caption\":\"D.I.Z. \u2013 Djeca iznad zakona, Ponovno na okupu, Kiki Rain\"},{\"@type\":\"BreadcrumbList\",\"@id\":\"https:\\\/\\\/webknjizara.hr\\\/proizvod\\\/d-i-z-djeca-iznad-zakona-ponovno-na-okupu-kiki-rain\\\/#breadcrumb\",\"itemListElement\":[{\"@type\":\"ListItem\",\"position\":1,\"name\":\"Po\u010detna stranica\",\"item\":\"https:\\\/\\\/webknjizara.hr\\\/en\\\/\"},{\"@type\":\"ListItem\",\"position\":2,\"name\":\"Shop\",\"item\":\"https:\\\/\\\/webknjizara.hr\\\/shop\\\/\"},{\"@type\":\"ListItem\",\"position\":3,\"name\":\"D.I.Z. \u2013 Djeca iznad zakona, Ponovno na okupu, Kiki Rain\"}]},{\"@type\":\"WebSite\",\"@id\":\"https:\\\/\\\/webknjizara.hr\\\/#website\",\"url\":\"https:\\\/\\\/webknjizara.hr\\\/\",\"name\":\"Web Knji\u017eara\",\"description\":\"\",\"publisher\":{\"@id\":\"https:\\\/\\\/webknjizara.hr\\\/#organization\"},\"potentialAction\":[{\"@type\":\"SearchAction\",\"target\":{\"@type\":\"EntryPoint\",\"urlTemplate\":\"https:\\\/\\\/webknjizara.hr\\\/?s={search_term_string}\"},\"query-input\":{\"@type\":\"PropertyValueSpecification\",\"valueRequired\":true,\"valueName\":\"search_term_string\"}}],\"inLanguage\":\"en-US\"},{\"@type\":\"Organization\",\"@id\":\"https:\\\/\\\/webknjizara.hr\\\/#organization\",\"name\":\"REDAK D.O.O.\",\"url\":\"https:\\\/\\\/webknjizara.hr\\\/\",\"logo\":{\"@type\":\"ImageObject\",\"inLanguage\":\"en-US\",\"@id\":\"https:\\\/\\\/webknjizara.hr\\\/#\\\/schema\\\/logo\\\/image\\\/\",\"url\":\"https:\\\/\\\/webknjizara.hr\\\/wp-content\\\/uploads\\\/2023\\\/01\\\/web-knjizara-logo.webp\",\"contentUrl\":\"https:\\\/\\\/webknjizara.hr\\\/wp-content\\\/uploads\\\/2023\\\/01\\\/web-knjizara-logo.webp\",\"width\":324,\"height\":79,\"caption\":\"REDAK D.O.O.\"},\"image\":{\"@id\":\"https:\\\/\\\/webknjizara.hr\\\/#\\\/schema\\\/logo\\\/image\\\/\"}}]}<\/script>\n<!-- \/ Yoast SEO plugin. -->","yoast_head_json":{"title":"D.I.Z. \u2013 Djeca iznad zakona, Ponovno na okupu, Kiki Rain - Web-knji\u017eara","robots":{"index":"index","follow":"follow","max-snippet":"max-snippet:-1","max-image-preview":"max-image-preview:large","max-video-preview":"max-video-preview:-1"},"canonical":"https:\/\/webknjizara.hr\/proizvod\/d-i-z-djeca-iznad-zakona-ponovno-na-okupu-kiki-rain\/","og_locale":"en_US","og_type":"article","og_title":"D.I.Z. \u2013 Djeca iznad zakona, Ponovno na okupu, Kiki Rain - Web-knji\u017eara","og_description":"\u00a0 Sa\u017eetak: Ovo je nastavak pri\u010de o Katji i Niki koja prati njihov bjeg od ljudi koji ih dr\u017ee. One saznaju kako su zapravo dobile mo\u0107i koja je bila njihova osnovna misija prije nego se sve promijenilo. DIZ-ovci su suo\u010deni s mnogim prijetnjama i tajnama, la\u017eima i prijevarama. Izgubili su svoj cilj, svrha njihove borbe [&hellip;]","og_url":"https:\/\/webknjizara.hr\/proizvod\/d-i-z-djeca-iznad-zakona-ponovno-na-okupu-kiki-rain\/","og_site_name":"Web-knji\u017eara","article_modified_time":"2023-02-26T23:16:48+00:00","og_image":[{"width":460,"height":693,"url":"https:\/\/webknjizara.hr\/wp-content\/uploads\/nc\/images\/virtuemart\/product\/d-i-z-djeca-57967ac428641.jpg","type":"image\/jpeg"}],"twitter_card":"summary_large_image","twitter_misc":{"Est. reading time":"1 minute"},"schema":{"@context":"https:\/\/schema.org","@graph":[{"@type":"WebPage","@id":"https:\/\/webknjizara.hr\/proizvod\/d-i-z-djeca-iznad-zakona-ponovno-na-okupu-kiki-rain\/","url":"https:\/\/webknjizara.hr\/proizvod\/d-i-z-djeca-iznad-zakona-ponovno-na-okupu-kiki-rain\/","name":"D.I.Z. \u2013 Djeca iznad zakona, Ponovno na okupu, Kiki Rain - Web-knji\u017eara","isPartOf":{"@id":"https:\/\/webknjizara.hr\/#website"},"primaryImageOfPage":{"@id":"https:\/\/webknjizara.hr\/proizvod\/d-i-z-djeca-iznad-zakona-ponovno-na-okupu-kiki-rain\/#primaryimage"},"image":{"@id":"https:\/\/webknjizara.hr\/proizvod\/d-i-z-djeca-iznad-zakona-ponovno-na-okupu-kiki-rain\/#primaryimage"},"thumbnailUrl":"https:\/\/webknjizara.hr\/wp-content\/uploads\/nc\/images\/virtuemart\/product\/d-i-z-djeca-57967ac428641.jpg","datePublished":"2016-07-25T20:47:00+00:00","dateModified":"2023-02-26T23:16:48+00:00","breadcrumb":{"@id":"https:\/\/webknjizara.hr\/proizvod\/d-i-z-djeca-iznad-zakona-ponovno-na-okupu-kiki-rain\/#breadcrumb"},"inLanguage":"en-US","potentialAction":[{"@type":"ReadAction","target":["https:\/\/webknjizara.hr\/proizvod\/d-i-z-djeca-iznad-zakona-ponovno-na-okupu-kiki-rain\/"]}]},{"@type":"ImageObject","inLanguage":"en-US","@id":"https:\/\/webknjizara.hr\/proizvod\/d-i-z-djeca-iznad-zakona-ponovno-na-okupu-kiki-rain\/#primaryimage","url":"https:\/\/webknjizara.hr\/wp-content\/uploads\/nc\/images\/virtuemart\/product\/d-i-z-djeca-57967ac428641.jpg","contentUrl":"https:\/\/webknjizara.hr\/wp-content\/uploads\/nc\/images\/virtuemart\/product\/d-i-z-djeca-57967ac428641.jpg","width":460,"height":693,"caption":"D.I.Z. \u2013 Djeca iznad zakona, Ponovno na okupu, Kiki Rain"},{"@type":"BreadcrumbList","@id":"https:\/\/webknjizara.hr\/proizvod\/d-i-z-djeca-iznad-zakona-ponovno-na-okupu-kiki-rain\/#breadcrumb","itemListElement":[{"@type":"ListItem","position":1,"name":"Po\u010detna stranica","item":"https:\/\/webknjizara.hr\/en\/"},{"@type":"ListItem","position":2,"name":"Shop","item":"https:\/\/webknjizara.hr\/shop\/"},{"@type":"ListItem","position":3,"name":"D.I.Z. \u2013 Djeca iznad zakona, Ponovno na okupu, Kiki Rain"}]},{"@type":"WebSite","@id":"https:\/\/webknjizara.hr\/#website","url":"https:\/\/webknjizara.hr\/","name":"Web Knji\u017eara","description":"","publisher":{"@id":"https:\/\/webknjizara.hr\/#organization"},"potentialAction":[{"@type":"SearchAction","target":{"@type":"EntryPoint","urlTemplate":"https:\/\/webknjizara.hr\/?s={search_term_string}"},"query-input":{"@type":"PropertyValueSpecification","valueRequired":true,"valueName":"search_term_string"}}],"inLanguage":"en-US"},{"@type":"Organization","@id":"https:\/\/webknjizara.hr\/#organization","name":"REDAK D.O.O.","url":"https:\/\/webknjizara.hr\/","logo":{"@type":"ImageObject","inLanguage":"en-US","@id":"https:\/\/webknjizara.hr\/#\/schema\/logo\/image\/","url":"https:\/\/webknjizara.hr\/wp-content\/uploads\/2023\/01\/web-knjizara-logo.webp","contentUrl":"https:\/\/webknjizara.hr\/wp-content\/uploads\/2023\/01\/web-knjizara-logo.webp","width":324,"height":79,"caption":"REDAK D.O.O."},"image":{"@id":"https:\/\/webknjizara.hr\/#\/schema\/logo\/image\/"}}]}},"_links":{"self":[{"href":"https:\/\/webknjizara.hr\/en\/wp-json\/wp\/v2\/product\/8273","targetHints":{"allow":["GET"]}}],"collection":[{"href":"https:\/\/webknjizara.hr\/en\/wp-json\/wp\/v2\/product"}],"about":[{"href":"https:\/\/webknjizara.hr\/en\/wp-json\/wp\/v2\/types\/product"}],"replies":[{"embeddable":true,"href":"https:\/\/webknjizara.hr\/en\/wp-json\/wp\/v2\/comments?post=8273"}],"wp:featuredmedia":[{"embeddable":true,"href":"https:\/\/webknjizara.hr\/en\/wp-json\/wp\/v2\/media\/8274"}],"wp:attachment":[{"href":"https:\/\/webknjizara.hr\/en\/wp-json\/wp\/v2\/media?parent=8273"}],"wp:term":[{"taxonomy":"product_brand","embeddable":true,"href":"https:\/\/webknjizara.hr\/en\/wp-json\/wp\/v2\/product_brand?post=8273"},{"taxonomy":"product_cat","embeddable":true,"href":"https:\/\/webknjizara.hr\/en\/wp-json\/wp\/v2\/product_cat?post=8273"},{"taxonomy":"product_tag","embeddable":true,"href":"https:\/\/webknjizara.hr\/en\/wp-json\/wp\/v2\/product_tag?post=8273"}],"curies":[{"name":"wp","href":"https:\/\/api.w.org\/{rel}","templated":true}]}}