{"id":8269,"date":"2016-07-18T19:12:56","date_gmt":"2016-07-18T19:12:56","guid":{"rendered":"https:\/\/webknjizara.hr\/?product=u-labirintu-ivo-mador"},"modified":"2023-02-27T00:16:48","modified_gmt":"2023-02-26T23:16:48","slug":"u-labirintu-ivo-mador","status":"publish","type":"product","link":"https:\/\/webknjizara.hr\/en\/proizvod\/u-labirintu-ivo-mador\/","title":{"rendered":"U LABIRINTU, Ivo Ma\u0111or"},"content":{"rendered":"<p style=\"text-align: justify;\"><strong><br \/>Bilje\u0161ka o autoru:<\/strong> <\/p>\n<p>Ro\u0111en sam 17. o\u017eujka 1936. u onda, reko\u0161e, najzaostalijem dijelu biv\u0161e Kraljevine. Malari\u010dna delta Neretve bez ikakvih ljudskih dostignu\u0107a bila je pa\u0107enica svog stanovni\u0161tva. Oranje, kopanje, veslanje, lancanje la\u0111e po mutnoj Neretvi bore\u0107i se za opstanak \u017eivota.<br \/> Onda je do\u0161ao Drugi svjetski rat, onemogu\u0107io i ono malo napretka. Opismenjivanje i \u0161kolovanje bila je lutrija koju su tek pojedinci imali.<br \/> Ipak, vremenom se pobolj\u0161ao \u017eivotni standard. \u0160ezdesetih godina onoga stolje\u0107a krenula je melioracija delte, nestalo je mo\u010dvara, komaraca, Kinina i otvorila se kod ljudi ro\u0111ena snaga za pojedine vrline koje posjeduje svaki \u010dovjek, sloboda svijesti, prestanak borbe za goli \u017eivot.<br \/> Jest kasno, ali isplati se u\u017eivati pri kraju kada me neodoljivo vu\u010de \u017eelja i u\u017eitak pisanja, izlazi ono \u0161to je bilo slo\u017eeno duboko u podsvijesti.<br \/> Od 1988. \u017eivim i radim u selu Blace na morskoj strani bogate delte. <br \/> Okru\u017een sam vi\u0161enacionalnim ljudima, turistima, \u0161ire\u0107i tako djelokrug svoje spoznaje o ljudima, vjerama, rasama, izlaze\u0107i tako iz onog koje ko\u010di napredak.<\/p>\n<p style=\"text-align: justify;\"><strong>Klju\u010dne rije\u010di:<\/strong> Ma\u0111or, ljubav, strast, pretvorba, \u017eena<\/p>\n<p style=\"text-align: justify;\"><strong>Naslov:<\/strong> U labirintu<br \/><strong>Autor:<\/strong> Ivo Ma\u0111or<br \/><strong>Broj stranica:<\/strong> 272<br \/><strong>Nakladnik:<\/strong> REDAK<br \/><strong>Godina izdanja:<\/strong> 2016.<br \/><strong>ISBN:<\/strong> 978-953-336-323-3<br \/><strong>Tisak:<\/strong> digitalni tisak knjiga &#8211; print na zahtjev\u00a0<\/p>\n<hr \/>\n<p style=\"text-align: justify;\"><strong>Kako naru\u010diti knjigu?\u00a0<\/strong>Proces online kupovine jednako funkcionira za sve kupce, s jedinom razlikom u tome \u0161to \u0161to kupci iz inozemstva za podru\u010dje dostave moraju odabrati &#8220;Europa&#8221; ili &#8220;Ostale zemlje svijeta&#8221;, a za vrstu pla\u0107anja WSPay (kreditna kartica) ili Virmanom (bankovni transfer).<\/p>\n<p style=\"text-align: justify;\">Molimo kliknite ovdje za\u00a0<a href=\"hr\/kako-kupovati\" target=\"_blank\" rel=\"noopener\">detaljni vodi\u010d kroz proces narud\u017ebe<\/a>\u00a0ili nas\u00a0<a href=\"hr\/kontakt\" target=\"_blank\" rel=\"noopener\">kontaktirajte<\/a>\u00a0za vi\u0161e informacija.<\/p>\n","protected":false},"excerpt":{"rendered":"<p>Bilje\u0161ka o autoru: Ro\u0111en sam 17. o\u017eujka 1936. u onda, reko\u0161e, najzaostalijem dijelu biv\u0161e Kraljevine. Malari\u010dna delta Neretve bez ikakvih ljudskih dostignu\u0107a bila je pa\u0107enica svog stanovni\u0161tva. Oranje, kopanje, veslanje, lancanje la\u0111e po mutnoj Neretvi bore\u0107i se za opstanak \u017eivota. Onda je do\u0161ao Drugi svjetski rat, onemogu\u0107io i ono malo napretka. Opismenjivanje i \u0161kolovanje bila [&hellip;]<\/p>\n","protected":false},"featured_media":8270,"comment_status":"open","ping_status":"closed","template":"","meta":{"_acf_changed":false},"product_brand":[],"product_cat":[1383,1385],"product_tag":[],"class_list":{"0":"post-8269","1":"product","2":"type-product","3":"status-publish","4":"has-post-thumbnail","6":"product_cat-knjige","7":"product_cat-knjizevnost","8":"pa_autor-ivo-mador","9":"pa_nakladnik-redak","11":"first","12":"instock","13":"shipping-taxable","14":"purchasable","15":"product-type-simple"},"acf":[],"yoast_head":"<!-- This site is optimized with the Yoast SEO plugin v27.3 - https:\/\/yoast.com\/product\/yoast-seo-wordpress\/ -->\n<title>U LABIRINTU, Ivo Ma\u0111or - Web-knji\u017eara<\/title>\n<meta name=\"robots\" content=\"index, follow, max-snippet:-1, max-image-preview:large, max-video-preview:-1\" \/>\n<link rel=\"canonical\" href=\"https:\/\/webknjizara.hr\/proizvod\/u-labirintu-ivo-mador\/\" \/>\n<meta property=\"og:locale\" content=\"en_US\" \/>\n<meta property=\"og:type\" content=\"article\" \/>\n<meta property=\"og:title\" content=\"U LABIRINTU, Ivo Ma\u0111or - Web-knji\u017eara\" \/>\n<meta property=\"og:description\" content=\"Bilje\u0161ka o autoru: Ro\u0111en sam 17. o\u017eujka 1936. u onda, reko\u0161e, najzaostalijem dijelu biv\u0161e Kraljevine. Malari\u010dna delta Neretve bez ikakvih ljudskih dostignu\u0107a bila je pa\u0107enica svog stanovni\u0161tva. Oranje, kopanje, veslanje, lancanje la\u0111e po mutnoj Neretvi bore\u0107i se za opstanak \u017eivota. Onda je do\u0161ao Drugi svjetski rat, onemogu\u0107io i ono malo napretka. Opismenjivanje i \u0161kolovanje bila [&hellip;]\" \/>\n<meta property=\"og:url\" content=\"https:\/\/webknjizara.hr\/proizvod\/u-labirintu-ivo-mador\/\" \/>\n<meta property=\"og:site_name\" content=\"Web-knji\u017eara\" \/>\n<meta property=\"article:modified_time\" content=\"2023-02-26T23:16:48+00:00\" \/>\n<meta property=\"og:image\" content=\"https:\/\/webknjizara.hr\/wp-content\/uploads\/nc\/images\/virtuemart\/product\/u-labirintu-ivo-5790ca6a02d34.jpg\" \/>\n\t<meta property=\"og:image:width\" content=\"358\" \/>\n\t<meta property=\"og:image:height\" content=\"500\" \/>\n\t<meta property=\"og:image:type\" content=\"image\/jpeg\" \/>\n<meta name=\"twitter:card\" content=\"summary_large_image\" \/>\n<meta name=\"twitter:label1\" content=\"Est. reading time\" \/>\n\t<meta name=\"twitter:data1\" content=\"1 minute\" \/>\n<script type=\"application\/ld+json\" class=\"yoast-schema-graph\">{\"@context\":\"https:\\\/\\\/schema.org\",\"@graph\":[{\"@type\":\"WebPage\",\"@id\":\"https:\\\/\\\/webknjizara.hr\\\/proizvod\\\/u-labirintu-ivo-mador\\\/\",\"url\":\"https:\\\/\\\/webknjizara.hr\\\/proizvod\\\/u-labirintu-ivo-mador\\\/\",\"name\":\"U LABIRINTU, Ivo Ma\u0111or - Web-knji\u017eara\",\"isPartOf\":{\"@id\":\"https:\\\/\\\/webknjizara.hr\\\/#website\"},\"primaryImageOfPage\":{\"@id\":\"https:\\\/\\\/webknjizara.hr\\\/proizvod\\\/u-labirintu-ivo-mador\\\/#primaryimage\"},\"image\":{\"@id\":\"https:\\\/\\\/webknjizara.hr\\\/proizvod\\\/u-labirintu-ivo-mador\\\/#primaryimage\"},\"thumbnailUrl\":\"https:\\\/\\\/webknjizara.hr\\\/wp-content\\\/uploads\\\/nc\\\/images\\\/virtuemart\\\/product\\\/u-labirintu-ivo-5790ca6a02d34.jpg\",\"datePublished\":\"2016-07-18T19:12:56+00:00\",\"dateModified\":\"2023-02-26T23:16:48+00:00\",\"breadcrumb\":{\"@id\":\"https:\\\/\\\/webknjizara.hr\\\/proizvod\\\/u-labirintu-ivo-mador\\\/#breadcrumb\"},\"inLanguage\":\"en-US\",\"potentialAction\":[{\"@type\":\"ReadAction\",\"target\":[\"https:\\\/\\\/webknjizara.hr\\\/proizvod\\\/u-labirintu-ivo-mador\\\/\"]}]},{\"@type\":\"ImageObject\",\"inLanguage\":\"en-US\",\"@id\":\"https:\\\/\\\/webknjizara.hr\\\/proizvod\\\/u-labirintu-ivo-mador\\\/#primaryimage\",\"url\":\"https:\\\/\\\/webknjizara.hr\\\/wp-content\\\/uploads\\\/nc\\\/images\\\/virtuemart\\\/product\\\/u-labirintu-ivo-5790ca6a02d34.jpg\",\"contentUrl\":\"https:\\\/\\\/webknjizara.hr\\\/wp-content\\\/uploads\\\/nc\\\/images\\\/virtuemart\\\/product\\\/u-labirintu-ivo-5790ca6a02d34.jpg\",\"width\":358,\"height\":500,\"caption\":\"U LABIRINTU, Ivo Ma\u0111or\"},{\"@type\":\"BreadcrumbList\",\"@id\":\"https:\\\/\\\/webknjizara.hr\\\/proizvod\\\/u-labirintu-ivo-mador\\\/#breadcrumb\",\"itemListElement\":[{\"@type\":\"ListItem\",\"position\":1,\"name\":\"Po\u010detna stranica\",\"item\":\"https:\\\/\\\/webknjizara.hr\\\/en\\\/\"},{\"@type\":\"ListItem\",\"position\":2,\"name\":\"Shop\",\"item\":\"https:\\\/\\\/webknjizara.hr\\\/shop\\\/\"},{\"@type\":\"ListItem\",\"position\":3,\"name\":\"U LABIRINTU, Ivo Ma\u0111or\"}]},{\"@type\":\"WebSite\",\"@id\":\"https:\\\/\\\/webknjizara.hr\\\/#website\",\"url\":\"https:\\\/\\\/webknjizara.hr\\\/\",\"name\":\"Web Knji\u017eara\",\"description\":\"\",\"publisher\":{\"@id\":\"https:\\\/\\\/webknjizara.hr\\\/#organization\"},\"potentialAction\":[{\"@type\":\"SearchAction\",\"target\":{\"@type\":\"EntryPoint\",\"urlTemplate\":\"https:\\\/\\\/webknjizara.hr\\\/?s={search_term_string}\"},\"query-input\":{\"@type\":\"PropertyValueSpecification\",\"valueRequired\":true,\"valueName\":\"search_term_string\"}}],\"inLanguage\":\"en-US\"},{\"@type\":\"Organization\",\"@id\":\"https:\\\/\\\/webknjizara.hr\\\/#organization\",\"name\":\"REDAK D.O.O.\",\"url\":\"https:\\\/\\\/webknjizara.hr\\\/\",\"logo\":{\"@type\":\"ImageObject\",\"inLanguage\":\"en-US\",\"@id\":\"https:\\\/\\\/webknjizara.hr\\\/#\\\/schema\\\/logo\\\/image\\\/\",\"url\":\"https:\\\/\\\/webknjizara.hr\\\/wp-content\\\/uploads\\\/2023\\\/01\\\/web-knjizara-logo.webp\",\"contentUrl\":\"https:\\\/\\\/webknjizara.hr\\\/wp-content\\\/uploads\\\/2023\\\/01\\\/web-knjizara-logo.webp\",\"width\":324,\"height\":79,\"caption\":\"REDAK D.O.O.\"},\"image\":{\"@id\":\"https:\\\/\\\/webknjizara.hr\\\/#\\\/schema\\\/logo\\\/image\\\/\"}}]}<\/script>\n<!-- \/ Yoast SEO plugin. -->","yoast_head_json":{"title":"U LABIRINTU, Ivo Ma\u0111or - Web-knji\u017eara","robots":{"index":"index","follow":"follow","max-snippet":"max-snippet:-1","max-image-preview":"max-image-preview:large","max-video-preview":"max-video-preview:-1"},"canonical":"https:\/\/webknjizara.hr\/proizvod\/u-labirintu-ivo-mador\/","og_locale":"en_US","og_type":"article","og_title":"U LABIRINTU, Ivo Ma\u0111or - Web-knji\u017eara","og_description":"Bilje\u0161ka o autoru: Ro\u0111en sam 17. o\u017eujka 1936. u onda, reko\u0161e, najzaostalijem dijelu biv\u0161e Kraljevine. Malari\u010dna delta Neretve bez ikakvih ljudskih dostignu\u0107a bila je pa\u0107enica svog stanovni\u0161tva. Oranje, kopanje, veslanje, lancanje la\u0111e po mutnoj Neretvi bore\u0107i se za opstanak \u017eivota. Onda je do\u0161ao Drugi svjetski rat, onemogu\u0107io i ono malo napretka. Opismenjivanje i \u0161kolovanje bila [&hellip;]","og_url":"https:\/\/webknjizara.hr\/proizvod\/u-labirintu-ivo-mador\/","og_site_name":"Web-knji\u017eara","article_modified_time":"2023-02-26T23:16:48+00:00","og_image":[{"width":358,"height":500,"url":"https:\/\/webknjizara.hr\/wp-content\/uploads\/nc\/images\/virtuemart\/product\/u-labirintu-ivo-5790ca6a02d34.jpg","type":"image\/jpeg"}],"twitter_card":"summary_large_image","twitter_misc":{"Est. reading time":"1 minute"},"schema":{"@context":"https:\/\/schema.org","@graph":[{"@type":"WebPage","@id":"https:\/\/webknjizara.hr\/proizvod\/u-labirintu-ivo-mador\/","url":"https:\/\/webknjizara.hr\/proizvod\/u-labirintu-ivo-mador\/","name":"U LABIRINTU, Ivo Ma\u0111or - Web-knji\u017eara","isPartOf":{"@id":"https:\/\/webknjizara.hr\/#website"},"primaryImageOfPage":{"@id":"https:\/\/webknjizara.hr\/proizvod\/u-labirintu-ivo-mador\/#primaryimage"},"image":{"@id":"https:\/\/webknjizara.hr\/proizvod\/u-labirintu-ivo-mador\/#primaryimage"},"thumbnailUrl":"https:\/\/webknjizara.hr\/wp-content\/uploads\/nc\/images\/virtuemart\/product\/u-labirintu-ivo-5790ca6a02d34.jpg","datePublished":"2016-07-18T19:12:56+00:00","dateModified":"2023-02-26T23:16:48+00:00","breadcrumb":{"@id":"https:\/\/webknjizara.hr\/proizvod\/u-labirintu-ivo-mador\/#breadcrumb"},"inLanguage":"en-US","potentialAction":[{"@type":"ReadAction","target":["https:\/\/webknjizara.hr\/proizvod\/u-labirintu-ivo-mador\/"]}]},{"@type":"ImageObject","inLanguage":"en-US","@id":"https:\/\/webknjizara.hr\/proizvod\/u-labirintu-ivo-mador\/#primaryimage","url":"https:\/\/webknjizara.hr\/wp-content\/uploads\/nc\/images\/virtuemart\/product\/u-labirintu-ivo-5790ca6a02d34.jpg","contentUrl":"https:\/\/webknjizara.hr\/wp-content\/uploads\/nc\/images\/virtuemart\/product\/u-labirintu-ivo-5790ca6a02d34.jpg","width":358,"height":500,"caption":"U LABIRINTU, Ivo Ma\u0111or"},{"@type":"BreadcrumbList","@id":"https:\/\/webknjizara.hr\/proizvod\/u-labirintu-ivo-mador\/#breadcrumb","itemListElement":[{"@type":"ListItem","position":1,"name":"Po\u010detna stranica","item":"https:\/\/webknjizara.hr\/en\/"},{"@type":"ListItem","position":2,"name":"Shop","item":"https:\/\/webknjizara.hr\/shop\/"},{"@type":"ListItem","position":3,"name":"U LABIRINTU, Ivo Ma\u0111or"}]},{"@type":"WebSite","@id":"https:\/\/webknjizara.hr\/#website","url":"https:\/\/webknjizara.hr\/","name":"Web Knji\u017eara","description":"","publisher":{"@id":"https:\/\/webknjizara.hr\/#organization"},"potentialAction":[{"@type":"SearchAction","target":{"@type":"EntryPoint","urlTemplate":"https:\/\/webknjizara.hr\/?s={search_term_string}"},"query-input":{"@type":"PropertyValueSpecification","valueRequired":true,"valueName":"search_term_string"}}],"inLanguage":"en-US"},{"@type":"Organization","@id":"https:\/\/webknjizara.hr\/#organization","name":"REDAK D.O.O.","url":"https:\/\/webknjizara.hr\/","logo":{"@type":"ImageObject","inLanguage":"en-US","@id":"https:\/\/webknjizara.hr\/#\/schema\/logo\/image\/","url":"https:\/\/webknjizara.hr\/wp-content\/uploads\/2023\/01\/web-knjizara-logo.webp","contentUrl":"https:\/\/webknjizara.hr\/wp-content\/uploads\/2023\/01\/web-knjizara-logo.webp","width":324,"height":79,"caption":"REDAK D.O.O."},"image":{"@id":"https:\/\/webknjizara.hr\/#\/schema\/logo\/image\/"}}]}},"_links":{"self":[{"href":"https:\/\/webknjizara.hr\/en\/wp-json\/wp\/v2\/product\/8269","targetHints":{"allow":["GET"]}}],"collection":[{"href":"https:\/\/webknjizara.hr\/en\/wp-json\/wp\/v2\/product"}],"about":[{"href":"https:\/\/webknjizara.hr\/en\/wp-json\/wp\/v2\/types\/product"}],"replies":[{"embeddable":true,"href":"https:\/\/webknjizara.hr\/en\/wp-json\/wp\/v2\/comments?post=8269"}],"wp:featuredmedia":[{"embeddable":true,"href":"https:\/\/webknjizara.hr\/en\/wp-json\/wp\/v2\/media\/8270"}],"wp:attachment":[{"href":"https:\/\/webknjizara.hr\/en\/wp-json\/wp\/v2\/media?parent=8269"}],"wp:term":[{"taxonomy":"product_brand","embeddable":true,"href":"https:\/\/webknjizara.hr\/en\/wp-json\/wp\/v2\/product_brand?post=8269"},{"taxonomy":"product_cat","embeddable":true,"href":"https:\/\/webknjizara.hr\/en\/wp-json\/wp\/v2\/product_cat?post=8269"},{"taxonomy":"product_tag","embeddable":true,"href":"https:\/\/webknjizara.hr\/en\/wp-json\/wp\/v2\/product_tag?post=8269"}],"curies":[{"name":"wp","href":"https:\/\/api.w.org\/{rel}","templated":true}]}}