{"id":8205,"date":"2016-04-18T22:13:48","date_gmt":"2016-04-18T22:13:48","guid":{"rendered":"https:\/\/webknjizara.hr\/?product=stvar-ravnoteze-skupina-autora"},"modified":"2023-02-27T00:16:43","modified_gmt":"2023-02-26T23:16:43","slug":"stvar-ravnoteze-skupina-autora","status":"publish","type":"product","link":"https:\/\/webknjizara.hr\/en\/proizvod\/stvar-ravnoteze-skupina-autora\/","title":{"rendered":"STVAR RAVNOTE\u017dE, skupina autora"},"content":{"rendered":"<p style=\"text-align: justify;\"><strong>Sa\u017eetak:<\/strong> Trideset sjajnih pri\u010da od kojih vi\u0161e njih nagra\u0111enih.<\/p>\n<p style=\"text-align: justify;\"><strong>Bilje\u0161ka o autorima:<\/strong> <\/p>\n<p>Rije\u010dka skupina autora koja se oformila kroz zajedni\u010dko dru\u017eenje na radionici pisanja \u201cTinta 910\u201d objedinila je pri\u010de u rukopis pod naslovom \u201cStvar ravnote\u017ee\u201d. <\/p>\n<p>U knjizi su zastupljeni autori: Vlasta Lini\u0107, Anita Vein Devi\u0107, , Danila Lini\u0107, Gordana Leni\u0107. Radionicu je vodila Diana Rosandi\u0107 \u017divkovi\u0107.<\/p>\n<p style=\"text-align: justify;\"><strong>Klju\u010dne rije\u010di:<\/strong> Diana Rosandi\u0107 \u017divkovi\u0107 profesionalna knji\u017eevnica, nagra\u0111ivana, prevo\u0111ena, objavila dvadeset knjige, uredila vi\u0161e od \u0161ezdeset. Stvara u Rijeci<\/p>\n<p><strong>E-mail:<\/strong> <a href=\"mailto:dianarosandic@gmail.com\">Diana Rosandi\u0107<\/a><\/p>\n<p style=\"text-align: justify;\"><strong>Naslov:<\/strong> Stvar ravnote\u017ee<br \/><strong>Autori:<\/strong> Skupina autora<br \/><strong>Broj stranica:<\/strong> 186<br \/><strong>Nakladnik:<\/strong> REDAK<br \/><strong>Godina izdanja:<\/strong> 2016.<br \/><strong>ISBN:<\/strong> 978-953-336-289-2<br \/><strong>Tisak:<\/strong> digitalni tisak knjiga &#8211; print na zahtjev\u00a0<\/p>\n<hr \/>\n<p style=\"text-align: justify;\"><strong>Kako naru\u010diti knjigu?\u00a0<\/strong>Proces online kupovine jednako funkcionira za sve kupce, s jedinom razlikom u tome \u0161to \u0161to kupci iz inozemstva za podru\u010dje dostave moraju odabrati &#8220;Europa&#8221; ili &#8220;Ostale zemlje svijeta&#8221;, a za vrstu pla\u0107anja WSPay (kreditna kartica) ili Virmanom (bankovni transfer).<\/p>\n<p style=\"text-align: justify;\">Molimo kliknite ovdje za\u00a0<a href=\"hr\/kako-kupovati\" target=\"_blank\" rel=\"noopener\">detaljni vodi\u010d kroz proces narud\u017ebe<\/a>\u00a0ili nas\u00a0<a href=\"hr\/kontakt\" target=\"_blank\" rel=\"noopener\">kontaktirajte<\/a>\u00a0za vi\u0161e informacija.<\/p>\n","protected":false},"excerpt":{"rendered":"<p>Sa\u017eetak: Trideset sjajnih pri\u010da od kojih vi\u0161e njih nagra\u0111enih. Bilje\u0161ka o autorima: Rije\u010dka skupina autora koja se oformila kroz zajedni\u010dko dru\u017eenje na radionici pisanja \u201cTinta 910\u201d objedinila je pri\u010de u rukopis pod naslovom \u201cStvar ravnote\u017ee\u201d. U knjizi su zastupljeni autori: Vlasta Lini\u0107, Anita Vein Devi\u0107, , Danila Lini\u0107, Gordana Leni\u0107. Radionicu je vodila Diana Rosandi\u0107 [&hellip;]<\/p>\n","protected":false},"featured_media":8206,"comment_status":"open","ping_status":"closed","template":"","meta":{"_acf_changed":false},"product_brand":[],"product_cat":[1383,1385],"product_tag":[],"class_list":{"0":"post-8205","1":"product","2":"type-product","3":"status-publish","4":"has-post-thumbnail","6":"product_cat-knjige","7":"product_cat-knjizevnost","8":"pa_autor-skupina-autora","9":"pa_nakladnik-redak","11":"first","12":"instock","13":"shipping-taxable","14":"purchasable","15":"product-type-simple"},"acf":[],"yoast_head":"<!-- This site is optimized with the Yoast SEO plugin v27.3 - https:\/\/yoast.com\/product\/yoast-seo-wordpress\/ -->\n<title>STVAR RAVNOTE\u017dE, skupina autora - Web-knji\u017eara<\/title>\n<meta name=\"robots\" content=\"index, follow, max-snippet:-1, max-image-preview:large, max-video-preview:-1\" \/>\n<link rel=\"canonical\" href=\"https:\/\/webknjizara.hr\/proizvod\/stvar-ravnoteze-skupina-autora\/\" \/>\n<meta property=\"og:locale\" content=\"en_US\" \/>\n<meta property=\"og:type\" content=\"article\" \/>\n<meta property=\"og:title\" content=\"STVAR RAVNOTE\u017dE, skupina autora - Web-knji\u017eara\" \/>\n<meta property=\"og:description\" content=\"Sa\u017eetak: Trideset sjajnih pri\u010da od kojih vi\u0161e njih nagra\u0111enih. Bilje\u0161ka o autorima: Rije\u010dka skupina autora koja se oformila kroz zajedni\u010dko dru\u017eenje na radionici pisanja \u201cTinta 910\u201d objedinila je pri\u010de u rukopis pod naslovom \u201cStvar ravnote\u017ee\u201d. U knjizi su zastupljeni autori: Vlasta Lini\u0107, Anita Vein Devi\u0107, , Danila Lini\u0107, Gordana Leni\u0107. Radionicu je vodila Diana Rosandi\u0107 [&hellip;]\" \/>\n<meta property=\"og:url\" content=\"https:\/\/webknjizara.hr\/proizvod\/stvar-ravnoteze-skupina-autora\/\" \/>\n<meta property=\"og:site_name\" content=\"Web-knji\u017eara\" \/>\n<meta property=\"article:modified_time\" content=\"2023-02-26T23:16:43+00:00\" \/>\n<meta property=\"og:image\" content=\"https:\/\/webknjizara.hr\/wp-content\/uploads\/nc\/images\/virtuemart\/product\/stvar-ravnote-e-57155c1c047a6.jpg\" \/>\n\t<meta property=\"og:image:width\" content=\"303\" \/>\n\t<meta property=\"og:image:height\" content=\"500\" \/>\n\t<meta property=\"og:image:type\" content=\"image\/jpeg\" \/>\n<meta name=\"twitter:card\" content=\"summary_large_image\" \/>\n<meta name=\"twitter:label1\" content=\"Est. reading time\" \/>\n\t<meta name=\"twitter:data1\" content=\"1 minute\" \/>\n<script type=\"application\/ld+json\" class=\"yoast-schema-graph\">{\"@context\":\"https:\\\/\\\/schema.org\",\"@graph\":[{\"@type\":\"WebPage\",\"@id\":\"https:\\\/\\\/webknjizara.hr\\\/proizvod\\\/stvar-ravnoteze-skupina-autora\\\/\",\"url\":\"https:\\\/\\\/webknjizara.hr\\\/proizvod\\\/stvar-ravnoteze-skupina-autora\\\/\",\"name\":\"STVAR RAVNOTE\u017dE, skupina autora - Web-knji\u017eara\",\"isPartOf\":{\"@id\":\"https:\\\/\\\/webknjizara.hr\\\/#website\"},\"primaryImageOfPage\":{\"@id\":\"https:\\\/\\\/webknjizara.hr\\\/proizvod\\\/stvar-ravnoteze-skupina-autora\\\/#primaryimage\"},\"image\":{\"@id\":\"https:\\\/\\\/webknjizara.hr\\\/proizvod\\\/stvar-ravnoteze-skupina-autora\\\/#primaryimage\"},\"thumbnailUrl\":\"https:\\\/\\\/webknjizara.hr\\\/wp-content\\\/uploads\\\/nc\\\/images\\\/virtuemart\\\/product\\\/stvar-ravnote-e-57155c1c047a6.jpg\",\"datePublished\":\"2016-04-18T22:13:48+00:00\",\"dateModified\":\"2023-02-26T23:16:43+00:00\",\"breadcrumb\":{\"@id\":\"https:\\\/\\\/webknjizara.hr\\\/proizvod\\\/stvar-ravnoteze-skupina-autora\\\/#breadcrumb\"},\"inLanguage\":\"en-US\",\"potentialAction\":[{\"@type\":\"ReadAction\",\"target\":[\"https:\\\/\\\/webknjizara.hr\\\/proizvod\\\/stvar-ravnoteze-skupina-autora\\\/\"]}]},{\"@type\":\"ImageObject\",\"inLanguage\":\"en-US\",\"@id\":\"https:\\\/\\\/webknjizara.hr\\\/proizvod\\\/stvar-ravnoteze-skupina-autora\\\/#primaryimage\",\"url\":\"https:\\\/\\\/webknjizara.hr\\\/wp-content\\\/uploads\\\/nc\\\/images\\\/virtuemart\\\/product\\\/stvar-ravnote-e-57155c1c047a6.jpg\",\"contentUrl\":\"https:\\\/\\\/webknjizara.hr\\\/wp-content\\\/uploads\\\/nc\\\/images\\\/virtuemart\\\/product\\\/stvar-ravnote-e-57155c1c047a6.jpg\",\"width\":303,\"height\":500,\"caption\":\"STVAR RAVNOTE\u017dE, skupina autora\"},{\"@type\":\"BreadcrumbList\",\"@id\":\"https:\\\/\\\/webknjizara.hr\\\/proizvod\\\/stvar-ravnoteze-skupina-autora\\\/#breadcrumb\",\"itemListElement\":[{\"@type\":\"ListItem\",\"position\":1,\"name\":\"Po\u010detna stranica\",\"item\":\"https:\\\/\\\/webknjizara.hr\\\/en\\\/\"},{\"@type\":\"ListItem\",\"position\":2,\"name\":\"Shop\",\"item\":\"https:\\\/\\\/webknjizara.hr\\\/shop\\\/\"},{\"@type\":\"ListItem\",\"position\":3,\"name\":\"STVAR RAVNOTE\u017dE, skupina autora\"}]},{\"@type\":\"WebSite\",\"@id\":\"https:\\\/\\\/webknjizara.hr\\\/#website\",\"url\":\"https:\\\/\\\/webknjizara.hr\\\/\",\"name\":\"Web Knji\u017eara\",\"description\":\"\",\"publisher\":{\"@id\":\"https:\\\/\\\/webknjizara.hr\\\/#organization\"},\"potentialAction\":[{\"@type\":\"SearchAction\",\"target\":{\"@type\":\"EntryPoint\",\"urlTemplate\":\"https:\\\/\\\/webknjizara.hr\\\/?s={search_term_string}\"},\"query-input\":{\"@type\":\"PropertyValueSpecification\",\"valueRequired\":true,\"valueName\":\"search_term_string\"}}],\"inLanguage\":\"en-US\"},{\"@type\":\"Organization\",\"@id\":\"https:\\\/\\\/webknjizara.hr\\\/#organization\",\"name\":\"REDAK D.O.O.\",\"url\":\"https:\\\/\\\/webknjizara.hr\\\/\",\"logo\":{\"@type\":\"ImageObject\",\"inLanguage\":\"en-US\",\"@id\":\"https:\\\/\\\/webknjizara.hr\\\/#\\\/schema\\\/logo\\\/image\\\/\",\"url\":\"https:\\\/\\\/webknjizara.hr\\\/wp-content\\\/uploads\\\/2023\\\/01\\\/web-knjizara-logo.webp\",\"contentUrl\":\"https:\\\/\\\/webknjizara.hr\\\/wp-content\\\/uploads\\\/2023\\\/01\\\/web-knjizara-logo.webp\",\"width\":324,\"height\":79,\"caption\":\"REDAK D.O.O.\"},\"image\":{\"@id\":\"https:\\\/\\\/webknjizara.hr\\\/#\\\/schema\\\/logo\\\/image\\\/\"}}]}<\/script>\n<!-- \/ Yoast SEO plugin. -->","yoast_head_json":{"title":"STVAR RAVNOTE\u017dE, skupina autora - Web-knji\u017eara","robots":{"index":"index","follow":"follow","max-snippet":"max-snippet:-1","max-image-preview":"max-image-preview:large","max-video-preview":"max-video-preview:-1"},"canonical":"https:\/\/webknjizara.hr\/proizvod\/stvar-ravnoteze-skupina-autora\/","og_locale":"en_US","og_type":"article","og_title":"STVAR RAVNOTE\u017dE, skupina autora - Web-knji\u017eara","og_description":"Sa\u017eetak: Trideset sjajnih pri\u010da od kojih vi\u0161e njih nagra\u0111enih. Bilje\u0161ka o autorima: Rije\u010dka skupina autora koja se oformila kroz zajedni\u010dko dru\u017eenje na radionici pisanja \u201cTinta 910\u201d objedinila je pri\u010de u rukopis pod naslovom \u201cStvar ravnote\u017ee\u201d. U knjizi su zastupljeni autori: Vlasta Lini\u0107, Anita Vein Devi\u0107, , Danila Lini\u0107, Gordana Leni\u0107. Radionicu je vodila Diana Rosandi\u0107 [&hellip;]","og_url":"https:\/\/webknjizara.hr\/proizvod\/stvar-ravnoteze-skupina-autora\/","og_site_name":"Web-knji\u017eara","article_modified_time":"2023-02-26T23:16:43+00:00","og_image":[{"width":303,"height":500,"url":"https:\/\/webknjizara.hr\/wp-content\/uploads\/nc\/images\/virtuemart\/product\/stvar-ravnote-e-57155c1c047a6.jpg","type":"image\/jpeg"}],"twitter_card":"summary_large_image","twitter_misc":{"Est. reading time":"1 minute"},"schema":{"@context":"https:\/\/schema.org","@graph":[{"@type":"WebPage","@id":"https:\/\/webknjizara.hr\/proizvod\/stvar-ravnoteze-skupina-autora\/","url":"https:\/\/webknjizara.hr\/proizvod\/stvar-ravnoteze-skupina-autora\/","name":"STVAR RAVNOTE\u017dE, skupina autora - Web-knji\u017eara","isPartOf":{"@id":"https:\/\/webknjizara.hr\/#website"},"primaryImageOfPage":{"@id":"https:\/\/webknjizara.hr\/proizvod\/stvar-ravnoteze-skupina-autora\/#primaryimage"},"image":{"@id":"https:\/\/webknjizara.hr\/proizvod\/stvar-ravnoteze-skupina-autora\/#primaryimage"},"thumbnailUrl":"https:\/\/webknjizara.hr\/wp-content\/uploads\/nc\/images\/virtuemart\/product\/stvar-ravnote-e-57155c1c047a6.jpg","datePublished":"2016-04-18T22:13:48+00:00","dateModified":"2023-02-26T23:16:43+00:00","breadcrumb":{"@id":"https:\/\/webknjizara.hr\/proizvod\/stvar-ravnoteze-skupina-autora\/#breadcrumb"},"inLanguage":"en-US","potentialAction":[{"@type":"ReadAction","target":["https:\/\/webknjizara.hr\/proizvod\/stvar-ravnoteze-skupina-autora\/"]}]},{"@type":"ImageObject","inLanguage":"en-US","@id":"https:\/\/webknjizara.hr\/proizvod\/stvar-ravnoteze-skupina-autora\/#primaryimage","url":"https:\/\/webknjizara.hr\/wp-content\/uploads\/nc\/images\/virtuemart\/product\/stvar-ravnote-e-57155c1c047a6.jpg","contentUrl":"https:\/\/webknjizara.hr\/wp-content\/uploads\/nc\/images\/virtuemart\/product\/stvar-ravnote-e-57155c1c047a6.jpg","width":303,"height":500,"caption":"STVAR RAVNOTE\u017dE, skupina autora"},{"@type":"BreadcrumbList","@id":"https:\/\/webknjizara.hr\/proizvod\/stvar-ravnoteze-skupina-autora\/#breadcrumb","itemListElement":[{"@type":"ListItem","position":1,"name":"Po\u010detna stranica","item":"https:\/\/webknjizara.hr\/en\/"},{"@type":"ListItem","position":2,"name":"Shop","item":"https:\/\/webknjizara.hr\/shop\/"},{"@type":"ListItem","position":3,"name":"STVAR RAVNOTE\u017dE, skupina autora"}]},{"@type":"WebSite","@id":"https:\/\/webknjizara.hr\/#website","url":"https:\/\/webknjizara.hr\/","name":"Web Knji\u017eara","description":"","publisher":{"@id":"https:\/\/webknjizara.hr\/#organization"},"potentialAction":[{"@type":"SearchAction","target":{"@type":"EntryPoint","urlTemplate":"https:\/\/webknjizara.hr\/?s={search_term_string}"},"query-input":{"@type":"PropertyValueSpecification","valueRequired":true,"valueName":"search_term_string"}}],"inLanguage":"en-US"},{"@type":"Organization","@id":"https:\/\/webknjizara.hr\/#organization","name":"REDAK D.O.O.","url":"https:\/\/webknjizara.hr\/","logo":{"@type":"ImageObject","inLanguage":"en-US","@id":"https:\/\/webknjizara.hr\/#\/schema\/logo\/image\/","url":"https:\/\/webknjizara.hr\/wp-content\/uploads\/2023\/01\/web-knjizara-logo.webp","contentUrl":"https:\/\/webknjizara.hr\/wp-content\/uploads\/2023\/01\/web-knjizara-logo.webp","width":324,"height":79,"caption":"REDAK D.O.O."},"image":{"@id":"https:\/\/webknjizara.hr\/#\/schema\/logo\/image\/"}}]}},"_links":{"self":[{"href":"https:\/\/webknjizara.hr\/en\/wp-json\/wp\/v2\/product\/8205","targetHints":{"allow":["GET"]}}],"collection":[{"href":"https:\/\/webknjizara.hr\/en\/wp-json\/wp\/v2\/product"}],"about":[{"href":"https:\/\/webknjizara.hr\/en\/wp-json\/wp\/v2\/types\/product"}],"replies":[{"embeddable":true,"href":"https:\/\/webknjizara.hr\/en\/wp-json\/wp\/v2\/comments?post=8205"}],"wp:featuredmedia":[{"embeddable":true,"href":"https:\/\/webknjizara.hr\/en\/wp-json\/wp\/v2\/media\/8206"}],"wp:attachment":[{"href":"https:\/\/webknjizara.hr\/en\/wp-json\/wp\/v2\/media?parent=8205"}],"wp:term":[{"taxonomy":"product_brand","embeddable":true,"href":"https:\/\/webknjizara.hr\/en\/wp-json\/wp\/v2\/product_brand?post=8205"},{"taxonomy":"product_cat","embeddable":true,"href":"https:\/\/webknjizara.hr\/en\/wp-json\/wp\/v2\/product_cat?post=8205"},{"taxonomy":"product_tag","embeddable":true,"href":"https:\/\/webknjizara.hr\/en\/wp-json\/wp\/v2\/product_tag?post=8205"}],"curies":[{"name":"wp","href":"https:\/\/api.w.org\/{rel}","templated":true}]}}