{"id":8203,"date":"2016-04-15T18:58:20","date_gmt":"2016-04-15T18:58:20","guid":{"rendered":"https:\/\/webknjizara.hr\/?product=znameniti-rimljani-zlatko-lukic"},"modified":"2023-02-27T00:16:43","modified_gmt":"2023-02-26T23:16:43","slug":"znameniti-rimljani-zlatko-lukic","status":"publish","type":"product","link":"https:\/\/webknjizara.hr\/en\/proizvod\/znameniti-rimljani-zlatko-lukic\/","title":{"rendered":"ZNAMENITI RIMLJANI, Zlatko Luki\u0107"},"content":{"rendered":"<p style=\"text-align: justify;\"><strong><br \/>Sa\u017eetak:<\/strong> <span style=\"font-family: arial,helvetica,sans-serif; font-size: 10pt;\"><b><span style=\"line-height: 115%;\">Znameniti Rimljani<\/span><\/b><span style=\"line-height: 115%;\"> je djelo koja se \u010dita od mjesta gdje padne pogled u nasumice otvorenu knjigu jer je ura\u0111ena kao leksikon u kojem jedna osoba asocira na drugu. Ako \u017eelite znati sve tajne careva iz prve i najva\u017enije dinastije Rima, zakulisne igre njihovih \u017eena i ljubavnica, te intrige koje su odredile njihovu sudbinu ova knjiga je pravo \u0161tivo za vas. Na vrlo pregledan na\u010din o\u017eivljena je najburnija epoha anti\u010dkog Rima; od gra\u0111anskih ratova do kraja Julijevsko-Klaudijevske dinastije. Pred vama se kre\u0107e velika galerija likova: ljubavni trokut Cezar \u2013 Kleopatra \u2013 Antonije, la\u017eni branitelji Republike Sula i Pompej, ludi carevi Kaligula i Neron, \u017eene koje su bile siva eminencija vlasti: Livija, \u017eena cara Augusta i Agripina, \u017eena cara Klaudija, te matrone: Oktavija, Fulvija i Antonija Tu je govornik Ciceron, filozof Seneka, a uz njih i trolist rimske knji\u017eevnosti Vergilije, Horacije i Ovidije. Kraj njih su i neprijatelji Rima: Spartak, Arminije, Vercingetoriks, Tigran Veliki, Mitridat i branitelji: Agripa, Germanik, Lukul, Mesala. Upoznajte Rim kroz \u017eivote Rimljana. Knjiga je oboga\u0107ena sa 67 rodoslovnih shema i 12 velikih rodoslovnih stabala obitelji i dinastija gdje se jasno i pregledno mogu vidjeti svi rodbinski odnosi.<\/span><\/span><\/p>\n<p style=\"text-align: justify;\"><strong>Bilje\u0161ka o autoru:<\/strong> Ro\u0111en u Zagrebu, \u017eivio do 1992. u Banjaluci, poslije u egzilu, od 2006. \u017eivi u Splitu. Autor je vi\u0161e knjiga, nagra\u0111enih romana, kratke proze, drama i poezije. Objavljuje svoja djela u BiH i Hrvatskoj.<\/p>\n<p style=\"text-align: justify;\"><strong>Klju\u010dne rije\u010di:<\/strong> Cezar, August, Tiberije, Kaligula, Klaudije, Neron, Kleopatra, Livija, Ciceron, Marko, Antonije, Oktavija, Klaudija, Agripina, Antonija, Mecena, Sula, Pompej, Seneka, Vergilije, Ovidije, Prvi trijumvirat, proskripcije, Senat, Agripa, Fulvija, Mesalilna, Sabina Popeja, Scipion, Hortenzija, Gaj Marije, Lukul, Katon, Germanik, Herod, Brut, Kras, Lepid, Cecilija, Kornelija, Kasije, Marcela, Emilija, Julija, Livila, Druzila, Spartak, Baton, Arminije, Vercingetoriks, Farnak, Boudicca, Tigran Veliki, Mitridat.<\/p>\n<p><strong>Link:<\/strong> <a href=\"http:\/\/www.zlatkolukic.com\/\">http:\/\/www.zlatkolukic.com\/<\/a><br \/><a href=\"http:\/\/www.book-of-kings.com\/\">http:\/\/www.book-of-kings.com\/<\/a><br \/><strong>E-mail:<\/strong> <a href=\"mailto:aurelius777@gmail.com\">Zlatko Luki\u0107<\/a><\/p>\n<p style=\"text-align: justify;\"><strong>Naslov:<\/strong> Znameniti Rimljani<br \/><strong>Autor:<\/strong> Zlatko Luki\u0107<br \/><strong>Broj stranica:<\/strong> 246<br \/><strong>Nakladnik:<\/strong> REDAK<br \/><strong>Godina izdanja:<\/strong> 2016.<br \/><strong>ISBN:<\/strong> 978-953-336-294-6<br \/><strong>Tisak:<\/strong> digitalni tisak knjiga &#8211; print na zahtjev\u00a0<\/p>\n<hr \/>\n<p style=\"text-align: justify;\"><strong>Kako naru\u010diti knjigu?\u00a0<\/strong>Proces online kupovine jednako funkcionira za sve kupce, s jedinom razlikom u tome \u0161to \u0161to kupci iz inozemstva za podru\u010dje dostave moraju odabrati &#8220;Europa&#8221; ili &#8220;Ostale zemlje svijeta&#8221;, a za vrstu pla\u0107anja WSPay (kreditna kartica) ili Virmanom (bankovni transfer).<\/p>\n<p style=\"text-align: justify;\">Molimo kliknite ovdje za\u00a0<a href=\"hr\/kako-kupovati\" target=\"_blank\" rel=\"noopener\">detaljni vodi\u010d kroz proces narud\u017ebe<\/a>\u00a0ili nas\u00a0<a href=\"hr\/kontakt\" target=\"_blank\" rel=\"noopener\">kontaktirajte<\/a>\u00a0za vi\u0161e informacija.<\/p>\n","protected":false},"excerpt":{"rendered":"<p>Sa\u017eetak: Znameniti Rimljani je djelo koja se \u010dita od mjesta gdje padne pogled u nasumice otvorenu knjigu jer je ura\u0111ena kao leksikon u kojem jedna osoba asocira na drugu. Ako \u017eelite znati sve tajne careva iz prve i najva\u017enije dinastije Rima, zakulisne igre njihovih \u017eena i ljubavnica, te intrige koje su odredile njihovu sudbinu ova [&hellip;]<\/p>\n","protected":false},"featured_media":8204,"comment_status":"open","ping_status":"closed","template":"","meta":{"_acf_changed":false},"product_brand":[],"product_cat":[1517],"product_tag":[],"class_list":{"0":"post-8203","1":"product","2":"type-product","3":"status-publish","4":"has-post-thumbnail","6":"product_cat-strucna-literatura","7":"pa_autor-zlatko-lukic","8":"pa_nakladnik-redak","10":"first","11":"instock","12":"shipping-taxable","13":"purchasable","14":"product-type-simple"},"acf":[],"yoast_head":"<!-- This site is optimized with the Yoast SEO plugin v27.3 - https:\/\/yoast.com\/product\/yoast-seo-wordpress\/ -->\n<title>ZNAMENITI RIMLJANI, Zlatko Luki\u0107 - Web-knji\u017eara<\/title>\n<meta name=\"robots\" content=\"index, follow, max-snippet:-1, max-image-preview:large, max-video-preview:-1\" \/>\n<link rel=\"canonical\" href=\"https:\/\/webknjizara.hr\/proizvod\/znameniti-rimljani-zlatko-lukic\/\" \/>\n<meta property=\"og:locale\" content=\"en_US\" \/>\n<meta property=\"og:type\" content=\"article\" \/>\n<meta property=\"og:title\" content=\"ZNAMENITI RIMLJANI, Zlatko Luki\u0107 - Web-knji\u017eara\" \/>\n<meta property=\"og:description\" content=\"Sa\u017eetak: Znameniti Rimljani je djelo koja se \u010dita od mjesta gdje padne pogled u nasumice otvorenu knjigu jer je ura\u0111ena kao leksikon u kojem jedna osoba asocira na drugu. Ako \u017eelite znati sve tajne careva iz prve i najva\u017enije dinastije Rima, zakulisne igre njihovih \u017eena i ljubavnica, te intrige koje su odredile njihovu sudbinu ova [&hellip;]\" \/>\n<meta property=\"og:url\" content=\"https:\/\/webknjizara.hr\/proizvod\/znameniti-rimljani-zlatko-lukic\/\" \/>\n<meta property=\"og:site_name\" content=\"Web-knji\u017eara\" \/>\n<meta property=\"article:modified_time\" content=\"2023-02-26T23:16:43+00:00\" \/>\n<meta property=\"og:image\" content=\"https:\/\/webknjizara.hr\/wp-content\/uploads\/nc\/images\/virtuemart\/product\/znameniti-rimlja-571139cc8e586.jpg\" \/>\n\t<meta property=\"og:image:width\" content=\"358\" \/>\n\t<meta property=\"og:image:height\" content=\"500\" \/>\n\t<meta property=\"og:image:type\" content=\"image\/jpeg\" \/>\n<meta name=\"twitter:card\" content=\"summary_large_image\" \/>\n<meta name=\"twitter:label1\" content=\"Est. reading time\" \/>\n\t<meta name=\"twitter:data1\" content=\"2 minutes\" \/>\n<script type=\"application\/ld+json\" class=\"yoast-schema-graph\">{\"@context\":\"https:\\\/\\\/schema.org\",\"@graph\":[{\"@type\":\"WebPage\",\"@id\":\"https:\\\/\\\/webknjizara.hr\\\/proizvod\\\/znameniti-rimljani-zlatko-lukic\\\/\",\"url\":\"https:\\\/\\\/webknjizara.hr\\\/proizvod\\\/znameniti-rimljani-zlatko-lukic\\\/\",\"name\":\"ZNAMENITI RIMLJANI, Zlatko Luki\u0107 - Web-knji\u017eara\",\"isPartOf\":{\"@id\":\"https:\\\/\\\/webknjizara.hr\\\/#website\"},\"primaryImageOfPage\":{\"@id\":\"https:\\\/\\\/webknjizara.hr\\\/proizvod\\\/znameniti-rimljani-zlatko-lukic\\\/#primaryimage\"},\"image\":{\"@id\":\"https:\\\/\\\/webknjizara.hr\\\/proizvod\\\/znameniti-rimljani-zlatko-lukic\\\/#primaryimage\"},\"thumbnailUrl\":\"https:\\\/\\\/webknjizara.hr\\\/wp-content\\\/uploads\\\/nc\\\/images\\\/virtuemart\\\/product\\\/znameniti-rimlja-571139cc8e586.jpg\",\"datePublished\":\"2016-04-15T18:58:20+00:00\",\"dateModified\":\"2023-02-26T23:16:43+00:00\",\"breadcrumb\":{\"@id\":\"https:\\\/\\\/webknjizara.hr\\\/proizvod\\\/znameniti-rimljani-zlatko-lukic\\\/#breadcrumb\"},\"inLanguage\":\"en-US\",\"potentialAction\":[{\"@type\":\"ReadAction\",\"target\":[\"https:\\\/\\\/webknjizara.hr\\\/proizvod\\\/znameniti-rimljani-zlatko-lukic\\\/\"]}]},{\"@type\":\"ImageObject\",\"inLanguage\":\"en-US\",\"@id\":\"https:\\\/\\\/webknjizara.hr\\\/proizvod\\\/znameniti-rimljani-zlatko-lukic\\\/#primaryimage\",\"url\":\"https:\\\/\\\/webknjizara.hr\\\/wp-content\\\/uploads\\\/nc\\\/images\\\/virtuemart\\\/product\\\/znameniti-rimlja-571139cc8e586.jpg\",\"contentUrl\":\"https:\\\/\\\/webknjizara.hr\\\/wp-content\\\/uploads\\\/nc\\\/images\\\/virtuemart\\\/product\\\/znameniti-rimlja-571139cc8e586.jpg\",\"width\":358,\"height\":500,\"caption\":\"ZNAMENITI RIMLJANI, Zlatko Luki\u0107\"},{\"@type\":\"BreadcrumbList\",\"@id\":\"https:\\\/\\\/webknjizara.hr\\\/proizvod\\\/znameniti-rimljani-zlatko-lukic\\\/#breadcrumb\",\"itemListElement\":[{\"@type\":\"ListItem\",\"position\":1,\"name\":\"Po\u010detna stranica\",\"item\":\"https:\\\/\\\/webknjizara.hr\\\/en\\\/\"},{\"@type\":\"ListItem\",\"position\":2,\"name\":\"Shop\",\"item\":\"https:\\\/\\\/webknjizara.hr\\\/shop\\\/\"},{\"@type\":\"ListItem\",\"position\":3,\"name\":\"ZNAMENITI RIMLJANI, Zlatko Luki\u0107\"}]},{\"@type\":\"WebSite\",\"@id\":\"https:\\\/\\\/webknjizara.hr\\\/#website\",\"url\":\"https:\\\/\\\/webknjizara.hr\\\/\",\"name\":\"Web Knji\u017eara\",\"description\":\"\",\"publisher\":{\"@id\":\"https:\\\/\\\/webknjizara.hr\\\/#organization\"},\"potentialAction\":[{\"@type\":\"SearchAction\",\"target\":{\"@type\":\"EntryPoint\",\"urlTemplate\":\"https:\\\/\\\/webknjizara.hr\\\/?s={search_term_string}\"},\"query-input\":{\"@type\":\"PropertyValueSpecification\",\"valueRequired\":true,\"valueName\":\"search_term_string\"}}],\"inLanguage\":\"en-US\"},{\"@type\":\"Organization\",\"@id\":\"https:\\\/\\\/webknjizara.hr\\\/#organization\",\"name\":\"REDAK D.O.O.\",\"url\":\"https:\\\/\\\/webknjizara.hr\\\/\",\"logo\":{\"@type\":\"ImageObject\",\"inLanguage\":\"en-US\",\"@id\":\"https:\\\/\\\/webknjizara.hr\\\/#\\\/schema\\\/logo\\\/image\\\/\",\"url\":\"https:\\\/\\\/webknjizara.hr\\\/wp-content\\\/uploads\\\/2023\\\/01\\\/web-knjizara-logo.webp\",\"contentUrl\":\"https:\\\/\\\/webknjizara.hr\\\/wp-content\\\/uploads\\\/2023\\\/01\\\/web-knjizara-logo.webp\",\"width\":324,\"height\":79,\"caption\":\"REDAK D.O.O.\"},\"image\":{\"@id\":\"https:\\\/\\\/webknjizara.hr\\\/#\\\/schema\\\/logo\\\/image\\\/\"}}]}<\/script>\n<!-- \/ Yoast SEO plugin. -->","yoast_head_json":{"title":"ZNAMENITI RIMLJANI, Zlatko Luki\u0107 - Web-knji\u017eara","robots":{"index":"index","follow":"follow","max-snippet":"max-snippet:-1","max-image-preview":"max-image-preview:large","max-video-preview":"max-video-preview:-1"},"canonical":"https:\/\/webknjizara.hr\/proizvod\/znameniti-rimljani-zlatko-lukic\/","og_locale":"en_US","og_type":"article","og_title":"ZNAMENITI RIMLJANI, Zlatko Luki\u0107 - Web-knji\u017eara","og_description":"Sa\u017eetak: Znameniti Rimljani je djelo koja se \u010dita od mjesta gdje padne pogled u nasumice otvorenu knjigu jer je ura\u0111ena kao leksikon u kojem jedna osoba asocira na drugu. Ako \u017eelite znati sve tajne careva iz prve i najva\u017enije dinastije Rima, zakulisne igre njihovih \u017eena i ljubavnica, te intrige koje su odredile njihovu sudbinu ova [&hellip;]","og_url":"https:\/\/webknjizara.hr\/proizvod\/znameniti-rimljani-zlatko-lukic\/","og_site_name":"Web-knji\u017eara","article_modified_time":"2023-02-26T23:16:43+00:00","og_image":[{"width":358,"height":500,"url":"https:\/\/webknjizara.hr\/wp-content\/uploads\/nc\/images\/virtuemart\/product\/znameniti-rimlja-571139cc8e586.jpg","type":"image\/jpeg"}],"twitter_card":"summary_large_image","twitter_misc":{"Est. reading time":"2 minutes"},"schema":{"@context":"https:\/\/schema.org","@graph":[{"@type":"WebPage","@id":"https:\/\/webknjizara.hr\/proizvod\/znameniti-rimljani-zlatko-lukic\/","url":"https:\/\/webknjizara.hr\/proizvod\/znameniti-rimljani-zlatko-lukic\/","name":"ZNAMENITI RIMLJANI, Zlatko Luki\u0107 - Web-knji\u017eara","isPartOf":{"@id":"https:\/\/webknjizara.hr\/#website"},"primaryImageOfPage":{"@id":"https:\/\/webknjizara.hr\/proizvod\/znameniti-rimljani-zlatko-lukic\/#primaryimage"},"image":{"@id":"https:\/\/webknjizara.hr\/proizvod\/znameniti-rimljani-zlatko-lukic\/#primaryimage"},"thumbnailUrl":"https:\/\/webknjizara.hr\/wp-content\/uploads\/nc\/images\/virtuemart\/product\/znameniti-rimlja-571139cc8e586.jpg","datePublished":"2016-04-15T18:58:20+00:00","dateModified":"2023-02-26T23:16:43+00:00","breadcrumb":{"@id":"https:\/\/webknjizara.hr\/proizvod\/znameniti-rimljani-zlatko-lukic\/#breadcrumb"},"inLanguage":"en-US","potentialAction":[{"@type":"ReadAction","target":["https:\/\/webknjizara.hr\/proizvod\/znameniti-rimljani-zlatko-lukic\/"]}]},{"@type":"ImageObject","inLanguage":"en-US","@id":"https:\/\/webknjizara.hr\/proizvod\/znameniti-rimljani-zlatko-lukic\/#primaryimage","url":"https:\/\/webknjizara.hr\/wp-content\/uploads\/nc\/images\/virtuemart\/product\/znameniti-rimlja-571139cc8e586.jpg","contentUrl":"https:\/\/webknjizara.hr\/wp-content\/uploads\/nc\/images\/virtuemart\/product\/znameniti-rimlja-571139cc8e586.jpg","width":358,"height":500,"caption":"ZNAMENITI RIMLJANI, Zlatko Luki\u0107"},{"@type":"BreadcrumbList","@id":"https:\/\/webknjizara.hr\/proizvod\/znameniti-rimljani-zlatko-lukic\/#breadcrumb","itemListElement":[{"@type":"ListItem","position":1,"name":"Po\u010detna stranica","item":"https:\/\/webknjizara.hr\/en\/"},{"@type":"ListItem","position":2,"name":"Shop","item":"https:\/\/webknjizara.hr\/shop\/"},{"@type":"ListItem","position":3,"name":"ZNAMENITI RIMLJANI, Zlatko Luki\u0107"}]},{"@type":"WebSite","@id":"https:\/\/webknjizara.hr\/#website","url":"https:\/\/webknjizara.hr\/","name":"Web Knji\u017eara","description":"","publisher":{"@id":"https:\/\/webknjizara.hr\/#organization"},"potentialAction":[{"@type":"SearchAction","target":{"@type":"EntryPoint","urlTemplate":"https:\/\/webknjizara.hr\/?s={search_term_string}"},"query-input":{"@type":"PropertyValueSpecification","valueRequired":true,"valueName":"search_term_string"}}],"inLanguage":"en-US"},{"@type":"Organization","@id":"https:\/\/webknjizara.hr\/#organization","name":"REDAK D.O.O.","url":"https:\/\/webknjizara.hr\/","logo":{"@type":"ImageObject","inLanguage":"en-US","@id":"https:\/\/webknjizara.hr\/#\/schema\/logo\/image\/","url":"https:\/\/webknjizara.hr\/wp-content\/uploads\/2023\/01\/web-knjizara-logo.webp","contentUrl":"https:\/\/webknjizara.hr\/wp-content\/uploads\/2023\/01\/web-knjizara-logo.webp","width":324,"height":79,"caption":"REDAK D.O.O."},"image":{"@id":"https:\/\/webknjizara.hr\/#\/schema\/logo\/image\/"}}]}},"_links":{"self":[{"href":"https:\/\/webknjizara.hr\/en\/wp-json\/wp\/v2\/product\/8203","targetHints":{"allow":["GET"]}}],"collection":[{"href":"https:\/\/webknjizara.hr\/en\/wp-json\/wp\/v2\/product"}],"about":[{"href":"https:\/\/webknjizara.hr\/en\/wp-json\/wp\/v2\/types\/product"}],"replies":[{"embeddable":true,"href":"https:\/\/webknjizara.hr\/en\/wp-json\/wp\/v2\/comments?post=8203"}],"wp:featuredmedia":[{"embeddable":true,"href":"https:\/\/webknjizara.hr\/en\/wp-json\/wp\/v2\/media\/8204"}],"wp:attachment":[{"href":"https:\/\/webknjizara.hr\/en\/wp-json\/wp\/v2\/media?parent=8203"}],"wp:term":[{"taxonomy":"product_brand","embeddable":true,"href":"https:\/\/webknjizara.hr\/en\/wp-json\/wp\/v2\/product_brand?post=8203"},{"taxonomy":"product_cat","embeddable":true,"href":"https:\/\/webknjizara.hr\/en\/wp-json\/wp\/v2\/product_cat?post=8203"},{"taxonomy":"product_tag","embeddable":true,"href":"https:\/\/webknjizara.hr\/en\/wp-json\/wp\/v2\/product_tag?post=8203"}],"curies":[{"name":"wp","href":"https:\/\/api.w.org\/{rel}","templated":true}]}}