{"id":8201,"date":"2016-04-14T15:01:05","date_gmt":"2016-04-14T15:01:05","guid":{"rendered":"https:\/\/webknjizara.hr\/?product=zbirka-metodoloskih-instrumenata-iz-socioloskih-istrazivanja-anci-leburic"},"modified":"2023-02-27T00:16:42","modified_gmt":"2023-02-26T23:16:42","slug":"zbirka-metodoloskih-instrumenata-iz-socioloskih-istrazivanja","status":"publish","type":"product","link":"https:\/\/webknjizara.hr\/en\/proizvod\/zbirka-metodoloskih-instrumenata-iz-socioloskih-istrazivanja\/","title":{"rendered":"ZBIRKA METODOLO\u0160KIH INSTRUMENATA IZ SOCIOLO\u0160KIH ISTRA\u017dIVANJA, An\u010di Leburi\u0107"},"content":{"rendered":"<p style=\"text-align: justify;\"><strong><br \/>Sa\u017eetak:<\/strong> <\/p>\n<p>Nepuna tri desetlje\u0107a aktivnoga bavljenja istra\u017eiva\u010dkim poslom omogu\u0107ila su nam oblikovanje <em>Zbirke<\/em> u kojoj je bilo relevantno prezentirati konstruirane metodolo\u0161ke instrumente, koje smo primijenili u funkciji istra\u017eiva\u010dkih terena ili mjernih testiranja odre\u0111enih teorijskih teza. Ipak, temeljni uredni\u010dki cilj naglasio je metodolo\u0161ko artikuliranje svih istra\u017eiva\u010dkih faza, bez obzira na njihovu temeljnu teorijsko-metodolo\u0161ku orijentaciju: kvantitativnu, kvalitativnu ili mje\u0161ovitu.<\/p>\n<p>Objavljujemo <strong>Zbirku metodolo\u0161kih instrumenata iz sociolo\u0161kih istra\u017eivanja<\/strong> <strong>(publiciranih od 1991. do 2015.)<\/strong> kao Knjigu br.1. u <strong>Metodolo\u0161koj biblioteci<\/strong> pod naslovom <strong>Teme iz posebnih metodologija.<\/strong> Ovdje publiciran metodolo\u0161ki instrumen\u00actarij, uglavnom je kori\u0161ten u analiti\u010dke svrhe, pa ga s tom namjerom i u sli\u010dnom metodolo\u0161kom kontekstu i objavljujemo, kao relevantno analiti\u010dko oru\u0111e koje mo\u017ee koristiti razli\u010ditim profi\u00aclima stru\u010dnjaka i razli\u010ditim profesijama i zanimanjima.<\/p>\n<p>Ve\u0107ina objavljenih studija obiluje rezultatima iz empirijskih istra\u017eivanja, koja su u vremenskom razdoblju od po\u010detka 90-ih god. 20. st. do 2015., objavljena i javno promovirana, pa su brojni istra\u017eiva\u010dki nalazi komentirani i evaluirani na razne na\u010dine. Pre\u00acte\u017eno je rije\u010d o lokalnim (splitskim) ili \u017eupanijskim, ali i o nacionalnim istra\u017eiva\u010dkim uzorcima i poduzorcima niza dru\u0161tvenih slojeva (ili strata konstruiranih po razli\u010ditim kriterijima). \u010ce\u0161\u0107e su elaborirani sociolo\u0161ki pristupi, dok je nekoliko interdisciplinarnih studija.<\/p>\n<p style=\"text-align: justify;\"><strong>Bilje\u0161ka o autorima:<\/strong> <\/p>\n<p><strong>AN\u010cI LEBURI\u0106<\/strong>, redovna je profesorica u trajnom zvanju na katedri sociolo\u0161ke metodologije, Odsjeka za sociologiju Filozofskog fakulteta u Splitu. Objavljuje znanstvene radove iz metodologije dru\u0161tvenih i humanisti\u010dkih istra\u017eivanja, te empirijske studije iz posebnih sociologija. Nositeljica je kolegija na preddiplomskim, diplomskim i doktorskim studijima u zemlji i inozemstvu. Urednica je nekoliko biblioteka u kojima se objavljuju metodolo\u0161ke i sociolo\u0161ke studije. Vodi i sudjeluje u me\u0111unarodnim projektima u kojima se istra\u017euju razvojne, kulturolo\u0161ke, medijske, socijalno-ekolo\u0161ke, urbane i dr. teme. \u010clanica je nekoliko stru\u010dnih asocijacija, te predsjednica Splitske podru\u017enice Hrvatskoga sociolo\u0161kog dru\u0161tva od 2006 god.<\/p>\n<p>E-mail:\u00a0<a href=\"mailto:anci.leburic@gmail.com\">An\u010di Leburi\u0107<\/a>; Web:\u00a0<a href=\"http:\/\/www.ancileburic.com\" target=\"_blank\" rel=\"noopener noreferrer\">www.ancileburic.com<\/a><\/p>\n<p><strong>ANTONIA NIN\u010cEVI\u0106<\/strong>, ro\u0111ena 1993. godine u Splitu, gdje je zavr\u0161ila osnovnu \u0161kolu i V. op\u0107u gimnaziju \u201eVladimir Nazor\u201c. Akademski naziv prvostupnice (baccalaurea) sociologije stekla je 2015. godine na Filozofskom fakultetu u Splitu. Tema zavr\u0161nog rada bila je Kvaliteta \u017eivota u Splitu. <\/p>\n<p>Studentica je prve godine diplomskog studija i demonstratorica na metodolo\u0161kim kolegijima <em>Kvalitativne analize u dru\u0161tvenim istra\u017eivanjima, Kvantitativne analize u dru\u0161tvenim istra\u017eivanjima i Kulturolo\u0161ka istra\u017eivanja i metode<\/em>, nositeljice prof. dr. sc. An\u010di Leburi\u0107. <\/p>\n<p><strong>E-mail:<\/strong>\u00a0<a href=\"mailto:antonia.nincevic@gmail.com\">Antonia Nin\u010devi\u0107<\/a><\/p>\n<p><strong>Bilje\u0161ka o urednici:<\/strong><\/p>\n<p><strong>AN\u010cI LEBURI\u0106<\/strong>, redovna je profesorica u trajnom zvanju na katedri sociolo\u0161ke metodologije, Odsjeka za sociologiju Filozofskog fakulteta u Splitu. Objavljuje znanstvene radove iz metodologije dru\u0161tvenih i humanisti\u010dkih istra\u017eivanja, te empirijske studije iz posebnih sociologija. Nositeljica je kolegija na preddiplomskim, diplomskim i doktorskim studijima u zemlji i inozemstvu. Urednica je nekoliko biblioteka u kojima se objavljuju metodolo\u0161ke i sociolo\u0161ke studije. Vodi i sudjeluje u me\u0111unarodnim projektima u kojima se istra\u017euju razvojne, kulturolo\u0161ke, medijske, socijalno-ekolo\u0161ke, urbane i dr. teme. \u010clanica je nekoliko stru\u010dnih asocijacija, te predsjednica Splitske podru\u017enice Hrvatskoga sociolo\u0161kog dru\u0161tva od 2006 god.<\/p>\n<p>E-mail: <a href=\"mailto:anci.leburic@gmail.com\">An\u010di Leburi\u0107<\/a>; Web: <a href=\"http:\/\/www.ancileburic.com\" target=\"_blank\" rel=\"noopener noreferrer\">www.ancileburic.com<\/a><\/p>\n<p style=\"text-align: justify;\"><strong>Klju\u010dne rije\u010di:<\/strong> analiti\u010dki instrumenti, upitnici, protokoli, empirijske studije, sociolo\u0161ka istra\u017eivanja<br \/><strong><br \/>Link:<\/strong> <a href=\"http:\/\/www.ancileburic.com\" target=\"_blank\" rel=\"noopener noreferrer\">www.ancileburic.com<\/a> <br \/><strong>E-mail:\u00a0<\/strong><a href=\"mailto:anci@ffst.hr\">An\u010di Leburi\u0107<\/a>\u00a0<\/p>\n<p style=\"text-align: justify;\"><strong>Naslov:<\/strong> Zbirka metodolo\u0161kih instrumenata iz sociolo\u0161kih istra\u017eivanja (publiciranih od 1991. do 2015.)<br \/><strong>Autori:<\/strong> An\u010di Leburi\u0107, Antonia Nin\u010devi\u0107<br \/><strong>Broj stranica:<\/strong> 390<br \/><strong>Nakladnik:<\/strong> REDAK<br \/><strong>Godina izdanja:<\/strong> 2016.<br \/><strong>ISBN:<\/strong> 978-953-336-290-8<br \/><strong>Tisak:<\/strong> digitalni tisak knjiga &#8211; print na zahtjev\u00a0<\/p>\n<hr \/>\n<p style=\"text-align: justify;\"><strong>Kako naru\u010diti knjigu?\u00a0<\/strong>Proces online kupovine jednako funkcionira za sve kupce, s jedinom razlikom u tome \u0161to \u0161to kupci iz inozemstva za podru\u010dje dostave moraju odabrati &#8220;Europa&#8221; ili &#8220;Ostale zemlje svijeta&#8221;, a za vrstu pla\u0107anja WSPay (kreditna kartica) ili Virmanom (bankovni transfer).<\/p>\n<p style=\"text-align: justify;\">Molimo kliknite ovdje za\u00a0<a href=\"hr\/kako-kupovati\" target=\"_blank\" rel=\"noopener noreferrer\">detaljni vodi\u010d kroz proces narud\u017ebe<\/a>\u00a0ili nas\u00a0<a href=\"hr\/kontakt\" target=\"_blank\" rel=\"noopener noreferrer\">kontaktirajte<\/a>\u00a0za vi\u0161e informacija.<\/p>\n","protected":false},"excerpt":{"rendered":"<p>Sa\u017eetak: Nepuna tri desetlje\u0107a aktivnoga bavljenja istra\u017eiva\u010dkim poslom omogu\u0107ila su nam oblikovanje Zbirke u kojoj je bilo relevantno prezentirati konstruirane metodolo\u0161ke instrumente, koje smo primijenili u funkciji istra\u017eiva\u010dkih terena ili mjernih testiranja odre\u0111enih teorijskih teza. Ipak, temeljni uredni\u010dki cilj naglasio je metodolo\u0161ko artikuliranje svih istra\u017eiva\u010dkih faza, bez obzira na njihovu temeljnu teorijsko-metodolo\u0161ku orijentaciju: kvantitativnu, kvalitativnu [&hellip;]<\/p>\n","protected":false},"featured_media":8202,"comment_status":"open","ping_status":"closed","template":"","meta":{"_acf_changed":false},"product_brand":[],"product_cat":[1517,1390],"product_tag":[],"class_list":{"0":"post-8201","1":"product","2":"type-product","3":"status-publish","4":"has-post-thumbnail","6":"product_cat-strucna-literatura","7":"product_cat-drustvene-znanosti","8":"pa_nakladnik-redak","10":"first","11":"instock","12":"shipping-taxable","13":"purchasable","14":"product-type-simple"},"acf":[],"yoast_head":"<!-- This site is optimized with the Yoast SEO plugin v27.3 - https:\/\/yoast.com\/product\/yoast-seo-wordpress\/ -->\n<title>ZBIRKA METODOLO\u0160KIH INSTRUMENATA IZ SOCIOLO\u0160KIH ISTRA\u017dIVANJA, An\u010di Leburi\u0107 - Web-knji\u017eara<\/title>\n<meta name=\"robots\" content=\"index, follow, max-snippet:-1, max-image-preview:large, max-video-preview:-1\" \/>\n<link rel=\"canonical\" href=\"https:\/\/webknjizara.hr\/proizvod\/zbirka-metodoloskih-instrumenata-iz-socioloskih-istrazivanja\/\" \/>\n<meta property=\"og:locale\" content=\"en_US\" \/>\n<meta property=\"og:type\" content=\"article\" \/>\n<meta property=\"og:title\" content=\"ZBIRKA METODOLO\u0160KIH INSTRUMENATA IZ SOCIOLO\u0160KIH ISTRA\u017dIVANJA, An\u010di Leburi\u0107 - Web-knji\u017eara\" \/>\n<meta property=\"og:description\" content=\"Sa\u017eetak: Nepuna tri desetlje\u0107a aktivnoga bavljenja istra\u017eiva\u010dkim poslom omogu\u0107ila su nam oblikovanje Zbirke u kojoj je bilo relevantno prezentirati konstruirane metodolo\u0161ke instrumente, koje smo primijenili u funkciji istra\u017eiva\u010dkih terena ili mjernih testiranja odre\u0111enih teorijskih teza. Ipak, temeljni uredni\u010dki cilj naglasio je metodolo\u0161ko artikuliranje svih istra\u017eiva\u010dkih faza, bez obzira na njihovu temeljnu teorijsko-metodolo\u0161ku orijentaciju: kvantitativnu, kvalitativnu [&hellip;]\" \/>\n<meta property=\"og:url\" content=\"https:\/\/webknjizara.hr\/proizvod\/zbirka-metodoloskih-instrumenata-iz-socioloskih-istrazivanja\/\" \/>\n<meta property=\"og:site_name\" content=\"Web-knji\u017eara\" \/>\n<meta property=\"article:modified_time\" content=\"2023-02-26T23:16:42+00:00\" \/>\n<meta property=\"og:image\" content=\"https:\/\/webknjizara.hr\/wp-content\/uploads\/nc\/images\/virtuemart\/product\/zbirka-metodolo-570fb0b1e2898.jpg\" \/>\n\t<meta property=\"og:image:width\" content=\"358\" \/>\n\t<meta property=\"og:image:height\" content=\"500\" \/>\n\t<meta property=\"og:image:type\" content=\"image\/jpeg\" \/>\n<meta name=\"twitter:card\" content=\"summary_large_image\" \/>\n<meta name=\"twitter:label1\" content=\"Est. reading time\" \/>\n\t<meta name=\"twitter:data1\" content=\"3 minutes\" \/>\n<script type=\"application\/ld+json\" class=\"yoast-schema-graph\">{\"@context\":\"https:\\\/\\\/schema.org\",\"@graph\":[{\"@type\":\"WebPage\",\"@id\":\"https:\\\/\\\/webknjizara.hr\\\/proizvod\\\/zbirka-metodoloskih-instrumenata-iz-socioloskih-istrazivanja\\\/\",\"url\":\"https:\\\/\\\/webknjizara.hr\\\/proizvod\\\/zbirka-metodoloskih-instrumenata-iz-socioloskih-istrazivanja\\\/\",\"name\":\"ZBIRKA METODOLO\u0160KIH INSTRUMENATA IZ SOCIOLO\u0160KIH ISTRA\u017dIVANJA, An\u010di Leburi\u0107 - Web-knji\u017eara\",\"isPartOf\":{\"@id\":\"https:\\\/\\\/webknjizara.hr\\\/#website\"},\"primaryImageOfPage\":{\"@id\":\"https:\\\/\\\/webknjizara.hr\\\/proizvod\\\/zbirka-metodoloskih-instrumenata-iz-socioloskih-istrazivanja\\\/#primaryimage\"},\"image\":{\"@id\":\"https:\\\/\\\/webknjizara.hr\\\/proizvod\\\/zbirka-metodoloskih-instrumenata-iz-socioloskih-istrazivanja\\\/#primaryimage\"},\"thumbnailUrl\":\"https:\\\/\\\/webknjizara.hr\\\/wp-content\\\/uploads\\\/nc\\\/images\\\/virtuemart\\\/product\\\/zbirka-metodolo-570fb0b1e2898.jpg\",\"datePublished\":\"2016-04-14T15:01:05+00:00\",\"dateModified\":\"2023-02-26T23:16:42+00:00\",\"breadcrumb\":{\"@id\":\"https:\\\/\\\/webknjizara.hr\\\/proizvod\\\/zbirka-metodoloskih-instrumenata-iz-socioloskih-istrazivanja\\\/#breadcrumb\"},\"inLanguage\":\"en-US\",\"potentialAction\":[{\"@type\":\"ReadAction\",\"target\":[\"https:\\\/\\\/webknjizara.hr\\\/proizvod\\\/zbirka-metodoloskih-instrumenata-iz-socioloskih-istrazivanja\\\/\"]}]},{\"@type\":\"ImageObject\",\"inLanguage\":\"en-US\",\"@id\":\"https:\\\/\\\/webknjizara.hr\\\/proizvod\\\/zbirka-metodoloskih-instrumenata-iz-socioloskih-istrazivanja\\\/#primaryimage\",\"url\":\"https:\\\/\\\/webknjizara.hr\\\/wp-content\\\/uploads\\\/nc\\\/images\\\/virtuemart\\\/product\\\/zbirka-metodolo-570fb0b1e2898.jpg\",\"contentUrl\":\"https:\\\/\\\/webknjizara.hr\\\/wp-content\\\/uploads\\\/nc\\\/images\\\/virtuemart\\\/product\\\/zbirka-metodolo-570fb0b1e2898.jpg\",\"width\":358,\"height\":500,\"caption\":\"ZBIRKA METODOLO\u0160KIH INSTRUMENATA IZ SOCIOLO\u0160KIH ISTRA\u017dIVANJA\"},{\"@type\":\"BreadcrumbList\",\"@id\":\"https:\\\/\\\/webknjizara.hr\\\/proizvod\\\/zbirka-metodoloskih-instrumenata-iz-socioloskih-istrazivanja\\\/#breadcrumb\",\"itemListElement\":[{\"@type\":\"ListItem\",\"position\":1,\"name\":\"Po\u010detna stranica\",\"item\":\"https:\\\/\\\/webknjizara.hr\\\/en\\\/\"},{\"@type\":\"ListItem\",\"position\":2,\"name\":\"Shop\",\"item\":\"https:\\\/\\\/webknjizara.hr\\\/shop\\\/\"},{\"@type\":\"ListItem\",\"position\":3,\"name\":\"ZBIRKA METODOLO\u0160KIH INSTRUMENATA IZ SOCIOLO\u0160KIH ISTRA\u017dIVANJA, An\u010di Leburi\u0107\"}]},{\"@type\":\"WebSite\",\"@id\":\"https:\\\/\\\/webknjizara.hr\\\/#website\",\"url\":\"https:\\\/\\\/webknjizara.hr\\\/\",\"name\":\"Web Knji\u017eara\",\"description\":\"\",\"publisher\":{\"@id\":\"https:\\\/\\\/webknjizara.hr\\\/#organization\"},\"potentialAction\":[{\"@type\":\"SearchAction\",\"target\":{\"@type\":\"EntryPoint\",\"urlTemplate\":\"https:\\\/\\\/webknjizara.hr\\\/?s={search_term_string}\"},\"query-input\":{\"@type\":\"PropertyValueSpecification\",\"valueRequired\":true,\"valueName\":\"search_term_string\"}}],\"inLanguage\":\"en-US\"},{\"@type\":\"Organization\",\"@id\":\"https:\\\/\\\/webknjizara.hr\\\/#organization\",\"name\":\"REDAK D.O.O.\",\"url\":\"https:\\\/\\\/webknjizara.hr\\\/\",\"logo\":{\"@type\":\"ImageObject\",\"inLanguage\":\"en-US\",\"@id\":\"https:\\\/\\\/webknjizara.hr\\\/#\\\/schema\\\/logo\\\/image\\\/\",\"url\":\"https:\\\/\\\/webknjizara.hr\\\/wp-content\\\/uploads\\\/2023\\\/01\\\/web-knjizara-logo.webp\",\"contentUrl\":\"https:\\\/\\\/webknjizara.hr\\\/wp-content\\\/uploads\\\/2023\\\/01\\\/web-knjizara-logo.webp\",\"width\":324,\"height\":79,\"caption\":\"REDAK D.O.O.\"},\"image\":{\"@id\":\"https:\\\/\\\/webknjizara.hr\\\/#\\\/schema\\\/logo\\\/image\\\/\"}}]}<\/script>\n<!-- \/ Yoast SEO plugin. -->","yoast_head_json":{"title":"ZBIRKA METODOLO\u0160KIH INSTRUMENATA IZ SOCIOLO\u0160KIH ISTRA\u017dIVANJA, An\u010di Leburi\u0107 - Web-knji\u017eara","robots":{"index":"index","follow":"follow","max-snippet":"max-snippet:-1","max-image-preview":"max-image-preview:large","max-video-preview":"max-video-preview:-1"},"canonical":"https:\/\/webknjizara.hr\/proizvod\/zbirka-metodoloskih-instrumenata-iz-socioloskih-istrazivanja\/","og_locale":"en_US","og_type":"article","og_title":"ZBIRKA METODOLO\u0160KIH INSTRUMENATA IZ SOCIOLO\u0160KIH ISTRA\u017dIVANJA, An\u010di Leburi\u0107 - Web-knji\u017eara","og_description":"Sa\u017eetak: Nepuna tri desetlje\u0107a aktivnoga bavljenja istra\u017eiva\u010dkim poslom omogu\u0107ila su nam oblikovanje Zbirke u kojoj je bilo relevantno prezentirati konstruirane metodolo\u0161ke instrumente, koje smo primijenili u funkciji istra\u017eiva\u010dkih terena ili mjernih testiranja odre\u0111enih teorijskih teza. Ipak, temeljni uredni\u010dki cilj naglasio je metodolo\u0161ko artikuliranje svih istra\u017eiva\u010dkih faza, bez obzira na njihovu temeljnu teorijsko-metodolo\u0161ku orijentaciju: kvantitativnu, kvalitativnu [&hellip;]","og_url":"https:\/\/webknjizara.hr\/proizvod\/zbirka-metodoloskih-instrumenata-iz-socioloskih-istrazivanja\/","og_site_name":"Web-knji\u017eara","article_modified_time":"2023-02-26T23:16:42+00:00","og_image":[{"width":358,"height":500,"url":"https:\/\/webknjizara.hr\/wp-content\/uploads\/nc\/images\/virtuemart\/product\/zbirka-metodolo-570fb0b1e2898.jpg","type":"image\/jpeg"}],"twitter_card":"summary_large_image","twitter_misc":{"Est. reading time":"3 minutes"},"schema":{"@context":"https:\/\/schema.org","@graph":[{"@type":"WebPage","@id":"https:\/\/webknjizara.hr\/proizvod\/zbirka-metodoloskih-instrumenata-iz-socioloskih-istrazivanja\/","url":"https:\/\/webknjizara.hr\/proizvod\/zbirka-metodoloskih-instrumenata-iz-socioloskih-istrazivanja\/","name":"ZBIRKA METODOLO\u0160KIH INSTRUMENATA IZ SOCIOLO\u0160KIH ISTRA\u017dIVANJA, An\u010di Leburi\u0107 - Web-knji\u017eara","isPartOf":{"@id":"https:\/\/webknjizara.hr\/#website"},"primaryImageOfPage":{"@id":"https:\/\/webknjizara.hr\/proizvod\/zbirka-metodoloskih-instrumenata-iz-socioloskih-istrazivanja\/#primaryimage"},"image":{"@id":"https:\/\/webknjizara.hr\/proizvod\/zbirka-metodoloskih-instrumenata-iz-socioloskih-istrazivanja\/#primaryimage"},"thumbnailUrl":"https:\/\/webknjizara.hr\/wp-content\/uploads\/nc\/images\/virtuemart\/product\/zbirka-metodolo-570fb0b1e2898.jpg","datePublished":"2016-04-14T15:01:05+00:00","dateModified":"2023-02-26T23:16:42+00:00","breadcrumb":{"@id":"https:\/\/webknjizara.hr\/proizvod\/zbirka-metodoloskih-instrumenata-iz-socioloskih-istrazivanja\/#breadcrumb"},"inLanguage":"en-US","potentialAction":[{"@type":"ReadAction","target":["https:\/\/webknjizara.hr\/proizvod\/zbirka-metodoloskih-instrumenata-iz-socioloskih-istrazivanja\/"]}]},{"@type":"ImageObject","inLanguage":"en-US","@id":"https:\/\/webknjizara.hr\/proizvod\/zbirka-metodoloskih-instrumenata-iz-socioloskih-istrazivanja\/#primaryimage","url":"https:\/\/webknjizara.hr\/wp-content\/uploads\/nc\/images\/virtuemart\/product\/zbirka-metodolo-570fb0b1e2898.jpg","contentUrl":"https:\/\/webknjizara.hr\/wp-content\/uploads\/nc\/images\/virtuemart\/product\/zbirka-metodolo-570fb0b1e2898.jpg","width":358,"height":500,"caption":"ZBIRKA METODOLO\u0160KIH INSTRUMENATA IZ SOCIOLO\u0160KIH ISTRA\u017dIVANJA"},{"@type":"BreadcrumbList","@id":"https:\/\/webknjizara.hr\/proizvod\/zbirka-metodoloskih-instrumenata-iz-socioloskih-istrazivanja\/#breadcrumb","itemListElement":[{"@type":"ListItem","position":1,"name":"Po\u010detna stranica","item":"https:\/\/webknjizara.hr\/en\/"},{"@type":"ListItem","position":2,"name":"Shop","item":"https:\/\/webknjizara.hr\/shop\/"},{"@type":"ListItem","position":3,"name":"ZBIRKA METODOLO\u0160KIH INSTRUMENATA IZ SOCIOLO\u0160KIH ISTRA\u017dIVANJA, An\u010di Leburi\u0107"}]},{"@type":"WebSite","@id":"https:\/\/webknjizara.hr\/#website","url":"https:\/\/webknjizara.hr\/","name":"Web Knji\u017eara","description":"","publisher":{"@id":"https:\/\/webknjizara.hr\/#organization"},"potentialAction":[{"@type":"SearchAction","target":{"@type":"EntryPoint","urlTemplate":"https:\/\/webknjizara.hr\/?s={search_term_string}"},"query-input":{"@type":"PropertyValueSpecification","valueRequired":true,"valueName":"search_term_string"}}],"inLanguage":"en-US"},{"@type":"Organization","@id":"https:\/\/webknjizara.hr\/#organization","name":"REDAK D.O.O.","url":"https:\/\/webknjizara.hr\/","logo":{"@type":"ImageObject","inLanguage":"en-US","@id":"https:\/\/webknjizara.hr\/#\/schema\/logo\/image\/","url":"https:\/\/webknjizara.hr\/wp-content\/uploads\/2023\/01\/web-knjizara-logo.webp","contentUrl":"https:\/\/webknjizara.hr\/wp-content\/uploads\/2023\/01\/web-knjizara-logo.webp","width":324,"height":79,"caption":"REDAK D.O.O."},"image":{"@id":"https:\/\/webknjizara.hr\/#\/schema\/logo\/image\/"}}]}},"_links":{"self":[{"href":"https:\/\/webknjizara.hr\/en\/wp-json\/wp\/v2\/product\/8201","targetHints":{"allow":["GET"]}}],"collection":[{"href":"https:\/\/webknjizara.hr\/en\/wp-json\/wp\/v2\/product"}],"about":[{"href":"https:\/\/webknjizara.hr\/en\/wp-json\/wp\/v2\/types\/product"}],"replies":[{"embeddable":true,"href":"https:\/\/webknjizara.hr\/en\/wp-json\/wp\/v2\/comments?post=8201"}],"wp:featuredmedia":[{"embeddable":true,"href":"https:\/\/webknjizara.hr\/en\/wp-json\/wp\/v2\/media\/8202"}],"wp:attachment":[{"href":"https:\/\/webknjizara.hr\/en\/wp-json\/wp\/v2\/media?parent=8201"}],"wp:term":[{"taxonomy":"product_brand","embeddable":true,"href":"https:\/\/webknjizara.hr\/en\/wp-json\/wp\/v2\/product_brand?post=8201"},{"taxonomy":"product_cat","embeddable":true,"href":"https:\/\/webknjizara.hr\/en\/wp-json\/wp\/v2\/product_cat?post=8201"},{"taxonomy":"product_tag","embeddable":true,"href":"https:\/\/webknjizara.hr\/en\/wp-json\/wp\/v2\/product_tag?post=8201"}],"curies":[{"name":"wp","href":"https:\/\/api.w.org\/{rel}","templated":true}]}}