{"id":8195,"date":"2016-04-04T23:55:24","date_gmt":"2016-04-04T23:55:24","guid":{"rendered":"https:\/\/webknjizara.hr\/?product=koraci-kroz-cemerike-stanka-srsen"},"modified":"2023-02-27T00:16:42","modified_gmt":"2023-02-26T23:16:42","slug":"koraci-kroz-cemerike-stanka-srsen","status":"publish","type":"product","link":"https:\/\/webknjizara.hr\/en\/proizvod\/koraci-kroz-cemerike-stanka-srsen\/","title":{"rendered":"KORACI KROZ \u010cEMERIKE, Stanka Sr\u0161en"},"content":{"rendered":"<p style=\"text-align: justify;\"><strong><br \/>Sa\u017eetak:<\/strong> <\/p>\n<p><em>\u201eKoraci kroz \u010demerike\u201c<\/em> je prva zbirka pjesama Stanke Sr\u0161en. Naslov zbirke nije slu\u010dajno odabran. Ostao je u podsvijesti kao slika iz ranog djetinjstva kada je djevoj\u010dica morala prolaziti uz \u010demerike koje su se protezale s obje strane uskog puteljka. Bile su tako visoke, ili je ona bila tako mala, da se bojala i\u0107i kroz njihov mra\u010dni tunel. Ostale su urezane u domenu podsvjesnog kao simbol \u017eivotnog puta, kao \u010demer \u017eivota. No te \u010demerike vi\u0161e ne izazivaju strah jer djevoj\u010dica je postala \u017eena, a strah je nadvladan mirnim promi\u0161ljanjem svega \u0161to \u017eivot nosi. <\/p>\n<p><em><strong>\/Koraci kroz \u010demerike\/<br \/><\/strong><\/em><br \/><em>Jo\u0161 ponekad <\/em><br \/><em>kroz \u010demerike stare<\/em><br \/><em>\u010dujem umorne<\/em><br \/><em>korake<\/em><br \/><em>spoti\u010du se<\/em><br \/><em>po sivom, golom<\/em><br \/><em>kamenju.<\/em><\/p>\n<p>\u0160to me je privuklo poeziji Stanke Sr\u0161en? Za\u0161to mi se njene pjesme svi\u0111aju i za\u0161to prema njima osje\u0107am neku vrstu po\u0161tovanja? Mo\u017eda zato \u0161to su njezini stihovi poetski odraz \u017eivota \u010dovje\u010djeg jer je tkivo \u017eivota gra\u0111eno od tuge i veselja, \u010dudno tkivo prevrtljivo, koje \u010dini na\u0161u svakodnevicu.<\/p>\n<p>Poezija ne mo\u017ee ukloniti tugu iz na\u0161ih \u017eivota, ali nam mo\u017ee pru\u017eiti uto\u010di\u0161te, mjesto topline i mira, gnijezdo u kojem vladaju prisnost i ljubav, mjesto u kojem se lijepe polomljene misli, a du\u0161a odmara. Svijet poezije Stanke Sr\u0161en je upravo takvo mjesto; milo, toplo, nje\u017eno, gotovo svileno i ponekad sneno\u2026<\/p>\n<p>&#8211; Marija Jura\u010di\u0107, prof.<\/p>\n<p style=\"text-align: justify;\"><strong>Bilje\u0161ka o autorici:<\/strong> <\/p>\n<p>Stanka Sr\u0161en ro\u0111ena je u Metkovi\u0107u. Djetinjstvo je provela\u00a0u malom selu Grad, u op\u0107ini Slivno, a danas \u017eivi i radi u\u00a0Blacama. Iako poeziju pi\u0161e od djevoja\u010dkih dana,<br \/>objavljivati ju je po\u010dela tek prije nekoliko godina i to na\u00a0internetskim portalima O\u010daravanje i Pesen si te u \u010dasopisu\u00a0za umjetnost i znanost Hrvatska misao.<\/p>\n<p>Pjesme su joj objavljene u zajedni\u010dkoj zbirci poezije autora\u00a0portala O\u010daravanje \u201e\u010cuvari rije\u010di\u201c.<\/p>\n<p>\u201eKoraci kroz \u010demerike\u201c je njena prva samostalna zbirka\u00a0poezije.<\/p>\n<p style=\"text-align: justify;\"><strong>Bilje\u0161ka o urednici:<\/strong> <\/p>\n<p>Portal \u201eO\u010daravanje\u201c u vlasni\u0161tvu Marije Jura\u010di\u0107 je portal koji promi\u010de dobru poeziju i promovira nove pjesnike. Marija Jura\u010di\u0107, profesorica knji\u017eevnosti i njema\u010dkog jezika urednica je poetskog portala <em>O\u010daravanje<\/em>. Izdala je nekoliko zbirki poezije te romane s kriminalisti\u010dkom tematikom; <em>Buga, Toma, Una, Jedne zime u Hrastovu, Zona<\/em>.<\/p>\n<p>Svoje romane Ljubav u Pompejima i Una prevela je na njema\u010dki jezik pa je njema\u010dki izdava\u010d knjige postavio na Amazon.<\/p>\n<p style=\"text-align: justify;\"><strong>Klju\u010dne rije\u010di:<\/strong> Poezija<\/p>\n<p style=\"text-align: justify;\"><strong>Naslov:<\/strong> Koraci kroz \u010demerike<br \/><strong>Autorica:<\/strong> Stanka Sr\u0161en<br \/><strong>Broj stranica:<\/strong> 114<br \/><strong>Nakladnik:<\/strong> REDAK<br \/><strong>Godina izdanja:<\/strong> 2016.<br \/><strong>ISBN:<\/strong> 978-953-336-287-8<br \/><strong>Tisak:<\/strong> digitalni tisak knjiga &#8211; print na zahtjev\u00a0<\/p>\n<hr \/>\n<p style=\"text-align: justify;\"><strong>Kako naru\u010diti knjigu?\u00a0<\/strong>Proces online kupovine jednako funkcionira za sve kupce, s jedinom razlikom u tome \u0161to \u0161to kupci iz inozemstva za podru\u010dje dostave moraju odabrati &#8220;Europa&#8221; ili &#8220;Ostale zemlje svijeta&#8221;, a za vrstu pla\u0107anja WSPay (kreditna kartica) ili Virmanom (bankovni transfer).<\/p>\n<p style=\"text-align: justify;\">Molimo kliknite ovdje za\u00a0<a href=\"hr\/kako-kupovati\" target=\"_blank\" rel=\"noopener\">detaljni vodi\u010d kroz proces narud\u017ebe<\/a>\u00a0ili nas\u00a0<a href=\"hr\/kontakt\" target=\"_blank\" rel=\"noopener\">kontaktirajte<\/a>\u00a0za vi\u0161e informacija.<\/p>\n","protected":false},"excerpt":{"rendered":"<p>Sa\u017eetak: \u201eKoraci kroz \u010demerike\u201c je prva zbirka pjesama Stanke Sr\u0161en. Naslov zbirke nije slu\u010dajno odabran. Ostao je u podsvijesti kao slika iz ranog djetinjstva kada je djevoj\u010dica morala prolaziti uz \u010demerike koje su se protezale s obje strane uskog puteljka. Bile su tako visoke, ili je ona bila tako mala, da se bojala i\u0107i kroz [&hellip;]<\/p>\n","protected":false},"featured_media":8196,"comment_status":"open","ping_status":"closed","template":"","meta":{"_acf_changed":false},"product_brand":[],"product_cat":[1383,1385,1388],"product_tag":[],"class_list":{"0":"post-8195","1":"product","2":"type-product","3":"status-publish","4":"has-post-thumbnail","6":"product_cat-knjige","7":"product_cat-knjizevnost","8":"product_cat-poezija","9":"pa_autor-stanka-srsen","10":"pa_nakladnik-redak","12":"first","13":"instock","14":"shipping-taxable","15":"purchasable","16":"product-type-simple"},"acf":[],"yoast_head":"<!-- This site is optimized with the Yoast SEO plugin v27.3 - https:\/\/yoast.com\/product\/yoast-seo-wordpress\/ -->\n<title>KORACI KROZ \u010cEMERIKE, Stanka Sr\u0161en - Web-knji\u017eara<\/title>\n<meta name=\"robots\" content=\"index, follow, max-snippet:-1, max-image-preview:large, max-video-preview:-1\" \/>\n<link rel=\"canonical\" href=\"https:\/\/webknjizara.hr\/proizvod\/koraci-kroz-cemerike-stanka-srsen\/\" \/>\n<meta property=\"og:locale\" content=\"en_US\" \/>\n<meta property=\"og:type\" content=\"article\" \/>\n<meta property=\"og:title\" content=\"KORACI KROZ \u010cEMERIKE, Stanka Sr\u0161en - Web-knji\u017eara\" \/>\n<meta property=\"og:description\" content=\"Sa\u017eetak: \u201eKoraci kroz \u010demerike\u201c je prva zbirka pjesama Stanke Sr\u0161en. Naslov zbirke nije slu\u010dajno odabran. Ostao je u podsvijesti kao slika iz ranog djetinjstva kada je djevoj\u010dica morala prolaziti uz \u010demerike koje su se protezale s obje strane uskog puteljka. Bile su tako visoke, ili je ona bila tako mala, da se bojala i\u0107i kroz [&hellip;]\" \/>\n<meta property=\"og:url\" content=\"https:\/\/webknjizara.hr\/proizvod\/koraci-kroz-cemerike-stanka-srsen\/\" \/>\n<meta property=\"og:site_name\" content=\"Web-knji\u017eara\" \/>\n<meta property=\"article:modified_time\" content=\"2023-02-26T23:16:42+00:00\" \/>\n<meta property=\"og:image\" content=\"https:\/\/webknjizara.hr\/wp-content\/uploads\/nc\/images\/virtuemart\/product\/koraci-kroz-em-5702feecdbe30.jpg\" \/>\n\t<meta property=\"og:image:width\" content=\"358\" \/>\n\t<meta property=\"og:image:height\" content=\"500\" \/>\n\t<meta property=\"og:image:type\" content=\"image\/jpeg\" \/>\n<meta name=\"twitter:card\" content=\"summary_large_image\" \/>\n<meta name=\"twitter:label1\" content=\"Est. reading time\" \/>\n\t<meta name=\"twitter:data1\" content=\"3 minutes\" \/>\n<script type=\"application\/ld+json\" class=\"yoast-schema-graph\">{\"@context\":\"https:\\\/\\\/schema.org\",\"@graph\":[{\"@type\":\"WebPage\",\"@id\":\"https:\\\/\\\/webknjizara.hr\\\/proizvod\\\/koraci-kroz-cemerike-stanka-srsen\\\/\",\"url\":\"https:\\\/\\\/webknjizara.hr\\\/proizvod\\\/koraci-kroz-cemerike-stanka-srsen\\\/\",\"name\":\"KORACI KROZ \u010cEMERIKE, Stanka Sr\u0161en - Web-knji\u017eara\",\"isPartOf\":{\"@id\":\"https:\\\/\\\/webknjizara.hr\\\/#website\"},\"primaryImageOfPage\":{\"@id\":\"https:\\\/\\\/webknjizara.hr\\\/proizvod\\\/koraci-kroz-cemerike-stanka-srsen\\\/#primaryimage\"},\"image\":{\"@id\":\"https:\\\/\\\/webknjizara.hr\\\/proizvod\\\/koraci-kroz-cemerike-stanka-srsen\\\/#primaryimage\"},\"thumbnailUrl\":\"https:\\\/\\\/webknjizara.hr\\\/wp-content\\\/uploads\\\/nc\\\/images\\\/virtuemart\\\/product\\\/koraci-kroz-em-5702feecdbe30.jpg\",\"datePublished\":\"2016-04-04T23:55:24+00:00\",\"dateModified\":\"2023-02-26T23:16:42+00:00\",\"breadcrumb\":{\"@id\":\"https:\\\/\\\/webknjizara.hr\\\/proizvod\\\/koraci-kroz-cemerike-stanka-srsen\\\/#breadcrumb\"},\"inLanguage\":\"en-US\",\"potentialAction\":[{\"@type\":\"ReadAction\",\"target\":[\"https:\\\/\\\/webknjizara.hr\\\/proizvod\\\/koraci-kroz-cemerike-stanka-srsen\\\/\"]}]},{\"@type\":\"ImageObject\",\"inLanguage\":\"en-US\",\"@id\":\"https:\\\/\\\/webknjizara.hr\\\/proizvod\\\/koraci-kroz-cemerike-stanka-srsen\\\/#primaryimage\",\"url\":\"https:\\\/\\\/webknjizara.hr\\\/wp-content\\\/uploads\\\/nc\\\/images\\\/virtuemart\\\/product\\\/koraci-kroz-em-5702feecdbe30.jpg\",\"contentUrl\":\"https:\\\/\\\/webknjizara.hr\\\/wp-content\\\/uploads\\\/nc\\\/images\\\/virtuemart\\\/product\\\/koraci-kroz-em-5702feecdbe30.jpg\",\"width\":358,\"height\":500,\"caption\":\"KORACI KROZ \u010cEMERIKE, Stanka Sr\u0161en\"},{\"@type\":\"BreadcrumbList\",\"@id\":\"https:\\\/\\\/webknjizara.hr\\\/proizvod\\\/koraci-kroz-cemerike-stanka-srsen\\\/#breadcrumb\",\"itemListElement\":[{\"@type\":\"ListItem\",\"position\":1,\"name\":\"Po\u010detna stranica\",\"item\":\"https:\\\/\\\/webknjizara.hr\\\/en\\\/\"},{\"@type\":\"ListItem\",\"position\":2,\"name\":\"Shop\",\"item\":\"https:\\\/\\\/webknjizara.hr\\\/shop\\\/\"},{\"@type\":\"ListItem\",\"position\":3,\"name\":\"KORACI KROZ \u010cEMERIKE, Stanka Sr\u0161en\"}]},{\"@type\":\"WebSite\",\"@id\":\"https:\\\/\\\/webknjizara.hr\\\/#website\",\"url\":\"https:\\\/\\\/webknjizara.hr\\\/\",\"name\":\"Web Knji\u017eara\",\"description\":\"\",\"publisher\":{\"@id\":\"https:\\\/\\\/webknjizara.hr\\\/#organization\"},\"potentialAction\":[{\"@type\":\"SearchAction\",\"target\":{\"@type\":\"EntryPoint\",\"urlTemplate\":\"https:\\\/\\\/webknjizara.hr\\\/?s={search_term_string}\"},\"query-input\":{\"@type\":\"PropertyValueSpecification\",\"valueRequired\":true,\"valueName\":\"search_term_string\"}}],\"inLanguage\":\"en-US\"},{\"@type\":\"Organization\",\"@id\":\"https:\\\/\\\/webknjizara.hr\\\/#organization\",\"name\":\"REDAK D.O.O.\",\"url\":\"https:\\\/\\\/webknjizara.hr\\\/\",\"logo\":{\"@type\":\"ImageObject\",\"inLanguage\":\"en-US\",\"@id\":\"https:\\\/\\\/webknjizara.hr\\\/#\\\/schema\\\/logo\\\/image\\\/\",\"url\":\"https:\\\/\\\/webknjizara.hr\\\/wp-content\\\/uploads\\\/2023\\\/01\\\/web-knjizara-logo.webp\",\"contentUrl\":\"https:\\\/\\\/webknjizara.hr\\\/wp-content\\\/uploads\\\/2023\\\/01\\\/web-knjizara-logo.webp\",\"width\":324,\"height\":79,\"caption\":\"REDAK D.O.O.\"},\"image\":{\"@id\":\"https:\\\/\\\/webknjizara.hr\\\/#\\\/schema\\\/logo\\\/image\\\/\"}}]}<\/script>\n<!-- \/ Yoast SEO plugin. -->","yoast_head_json":{"title":"KORACI KROZ \u010cEMERIKE, Stanka Sr\u0161en - Web-knji\u017eara","robots":{"index":"index","follow":"follow","max-snippet":"max-snippet:-1","max-image-preview":"max-image-preview:large","max-video-preview":"max-video-preview:-1"},"canonical":"https:\/\/webknjizara.hr\/proizvod\/koraci-kroz-cemerike-stanka-srsen\/","og_locale":"en_US","og_type":"article","og_title":"KORACI KROZ \u010cEMERIKE, Stanka Sr\u0161en - Web-knji\u017eara","og_description":"Sa\u017eetak: \u201eKoraci kroz \u010demerike\u201c je prva zbirka pjesama Stanke Sr\u0161en. Naslov zbirke nije slu\u010dajno odabran. Ostao je u podsvijesti kao slika iz ranog djetinjstva kada je djevoj\u010dica morala prolaziti uz \u010demerike koje su se protezale s obje strane uskog puteljka. Bile su tako visoke, ili je ona bila tako mala, da se bojala i\u0107i kroz [&hellip;]","og_url":"https:\/\/webknjizara.hr\/proizvod\/koraci-kroz-cemerike-stanka-srsen\/","og_site_name":"Web-knji\u017eara","article_modified_time":"2023-02-26T23:16:42+00:00","og_image":[{"width":358,"height":500,"url":"https:\/\/webknjizara.hr\/wp-content\/uploads\/nc\/images\/virtuemart\/product\/koraci-kroz-em-5702feecdbe30.jpg","type":"image\/jpeg"}],"twitter_card":"summary_large_image","twitter_misc":{"Est. reading time":"3 minutes"},"schema":{"@context":"https:\/\/schema.org","@graph":[{"@type":"WebPage","@id":"https:\/\/webknjizara.hr\/proizvod\/koraci-kroz-cemerike-stanka-srsen\/","url":"https:\/\/webknjizara.hr\/proizvod\/koraci-kroz-cemerike-stanka-srsen\/","name":"KORACI KROZ \u010cEMERIKE, Stanka Sr\u0161en - Web-knji\u017eara","isPartOf":{"@id":"https:\/\/webknjizara.hr\/#website"},"primaryImageOfPage":{"@id":"https:\/\/webknjizara.hr\/proizvod\/koraci-kroz-cemerike-stanka-srsen\/#primaryimage"},"image":{"@id":"https:\/\/webknjizara.hr\/proizvod\/koraci-kroz-cemerike-stanka-srsen\/#primaryimage"},"thumbnailUrl":"https:\/\/webknjizara.hr\/wp-content\/uploads\/nc\/images\/virtuemart\/product\/koraci-kroz-em-5702feecdbe30.jpg","datePublished":"2016-04-04T23:55:24+00:00","dateModified":"2023-02-26T23:16:42+00:00","breadcrumb":{"@id":"https:\/\/webknjizara.hr\/proizvod\/koraci-kroz-cemerike-stanka-srsen\/#breadcrumb"},"inLanguage":"en-US","potentialAction":[{"@type":"ReadAction","target":["https:\/\/webknjizara.hr\/proizvod\/koraci-kroz-cemerike-stanka-srsen\/"]}]},{"@type":"ImageObject","inLanguage":"en-US","@id":"https:\/\/webknjizara.hr\/proizvod\/koraci-kroz-cemerike-stanka-srsen\/#primaryimage","url":"https:\/\/webknjizara.hr\/wp-content\/uploads\/nc\/images\/virtuemart\/product\/koraci-kroz-em-5702feecdbe30.jpg","contentUrl":"https:\/\/webknjizara.hr\/wp-content\/uploads\/nc\/images\/virtuemart\/product\/koraci-kroz-em-5702feecdbe30.jpg","width":358,"height":500,"caption":"KORACI KROZ \u010cEMERIKE, Stanka Sr\u0161en"},{"@type":"BreadcrumbList","@id":"https:\/\/webknjizara.hr\/proizvod\/koraci-kroz-cemerike-stanka-srsen\/#breadcrumb","itemListElement":[{"@type":"ListItem","position":1,"name":"Po\u010detna stranica","item":"https:\/\/webknjizara.hr\/en\/"},{"@type":"ListItem","position":2,"name":"Shop","item":"https:\/\/webknjizara.hr\/shop\/"},{"@type":"ListItem","position":3,"name":"KORACI KROZ \u010cEMERIKE, Stanka Sr\u0161en"}]},{"@type":"WebSite","@id":"https:\/\/webknjizara.hr\/#website","url":"https:\/\/webknjizara.hr\/","name":"Web Knji\u017eara","description":"","publisher":{"@id":"https:\/\/webknjizara.hr\/#organization"},"potentialAction":[{"@type":"SearchAction","target":{"@type":"EntryPoint","urlTemplate":"https:\/\/webknjizara.hr\/?s={search_term_string}"},"query-input":{"@type":"PropertyValueSpecification","valueRequired":true,"valueName":"search_term_string"}}],"inLanguage":"en-US"},{"@type":"Organization","@id":"https:\/\/webknjizara.hr\/#organization","name":"REDAK D.O.O.","url":"https:\/\/webknjizara.hr\/","logo":{"@type":"ImageObject","inLanguage":"en-US","@id":"https:\/\/webknjizara.hr\/#\/schema\/logo\/image\/","url":"https:\/\/webknjizara.hr\/wp-content\/uploads\/2023\/01\/web-knjizara-logo.webp","contentUrl":"https:\/\/webknjizara.hr\/wp-content\/uploads\/2023\/01\/web-knjizara-logo.webp","width":324,"height":79,"caption":"REDAK D.O.O."},"image":{"@id":"https:\/\/webknjizara.hr\/#\/schema\/logo\/image\/"}}]}},"_links":{"self":[{"href":"https:\/\/webknjizara.hr\/en\/wp-json\/wp\/v2\/product\/8195","targetHints":{"allow":["GET"]}}],"collection":[{"href":"https:\/\/webknjizara.hr\/en\/wp-json\/wp\/v2\/product"}],"about":[{"href":"https:\/\/webknjizara.hr\/en\/wp-json\/wp\/v2\/types\/product"}],"replies":[{"embeddable":true,"href":"https:\/\/webknjizara.hr\/en\/wp-json\/wp\/v2\/comments?post=8195"}],"wp:featuredmedia":[{"embeddable":true,"href":"https:\/\/webknjizara.hr\/en\/wp-json\/wp\/v2\/media\/8196"}],"wp:attachment":[{"href":"https:\/\/webknjizara.hr\/en\/wp-json\/wp\/v2\/media?parent=8195"}],"wp:term":[{"taxonomy":"product_brand","embeddable":true,"href":"https:\/\/webknjizara.hr\/en\/wp-json\/wp\/v2\/product_brand?post=8195"},{"taxonomy":"product_cat","embeddable":true,"href":"https:\/\/webknjizara.hr\/en\/wp-json\/wp\/v2\/product_cat?post=8195"},{"taxonomy":"product_tag","embeddable":true,"href":"https:\/\/webknjizara.hr\/en\/wp-json\/wp\/v2\/product_tag?post=8195"}],"curies":[{"name":"wp","href":"https:\/\/api.w.org\/{rel}","templated":true}]}}