{"id":8191,"date":"2016-03-23T13:04:09","date_gmt":"2016-03-23T13:04:09","guid":{"rendered":"https:\/\/webknjizara.hr\/?product=numerical-methods-iv-interpolation-and-shape-functions"},"modified":"2023-02-27T00:16:42","modified_gmt":"2023-02-26T23:16:42","slug":"numerical-methods-iv-interpolation-and-shape-functions_w-0407","status":"publish","type":"product","link":"https:\/\/webknjizara.hr\/en\/proizvod\/numerical-methods-iv-interpolation-and-shape-functions_w-0407\/","title":{"rendered":"Numerical Methods IV &#8211; INTERPOLATION AND SHAPE FUNCTIONS"},"content":{"rendered":"<p style=\"text-align: justify;\"><span style=\"color: #ff0000;\"><strong>Format:<\/strong><\/span>\u00a0Colour on White Paper, 6.30&#8243;x8.86&#8243; (225&#215;160 mm), Paperback, 270 pages.<\/p>\n<p style=\"text-align: justify;\"><span style=\"color: #339966;\"><strong>Several other Colour and Black &#038; White options are also available.<\/strong><\/span><\/p>\n<p style=\"text-align: justify;\"><span style=\"color: #ff0000;\"><strong>An Black and White option<\/strong><\/span>\u00a0can be found <a href=\"hr\/about-joomla?page=shop.product_details&#038;flypage=flypage.tpl&#038;product_id=529&#038;vmcchk=1\" target=\"_blank\" rel=\"noopener\">here<\/a>.<\/p>\n<p style=\"text-align: justify;\"><strong>About the book:<\/strong><\/p>\n<p style=\"text-align: justify;\"><span style=\"color: #0000ff;\"><strong>An excellent textbook<\/strong><\/span>\u00a0established at several universities. Primarily written for students at technical universities, it is also a very useful handbook for engineers, PhD students and scientists. Now available in several forms at all continents.<\/p>\n<p style=\"text-align: justify;\"><span style=\"color: #0000ff;\"><strong>This textbook introduces the reader<\/strong><\/span>\u00a0into various interpolation methods. The interpolation domain is usually divided into interpolation elements, such as finite elements and boundary elements. Interpolation on these elements is provided by shape functions, which are systematically defined in global and local coordinates by using null-points, null-lines or null-planes.<\/p>\n<p style=\"text-align: justify;\"><span style=\"color: #0000ff;\"><strong>Why the interpolation and shape functions are so important?<\/strong><\/span>\u00a0Simply, because various various numerical methods (such as FEM and BEM) are based on them.<\/p>\n<p style=\"text-align: justify;\"><span style=\"color: #0000ff;\"><strong>The book is divided into seven chapters.<\/strong><\/span>\u00a0The first chapter briefly explaines a background of interpolation. There is explained a difference between simple interpolation methods and higher level interpolation methods, as well as two kinds of interpolation formulas which uses coordinate and shape functions. In the second chapter are described various polynomial interpolation methods. It is also shown how Chebyshev polynomial interpolation my suppress Runge\u2019s phenomenon and reduce interpolation error. In the third chapter non-polynomial methods (exponential, logarithmic, and rational) are discussed. These methods are important if the interpolation is performed over the semi-infinite or infinite domain, while described Fourier interpolations should be used if the interpolation function is periodic. Piecewise interpolation with one dimensional interpolation elements and splines are described in the fourth chapter. Interpolation on triangular and rectangular elements, as well as construction of their shape functions are described in the fifth and sixth chapter. Finally, volume interpolation elements (tetrahedral, prismatic and cube elements) are described in seventh chapter.<\/p>\n<p><span style=\"color: #0000ff;\"><strong>Practical application<\/strong><\/span>\u00a0is supported by 10 algorithms and 43 examples. Described interpolation elements can be easily used in finite and boundary element methods. Besides its practical usage, the given text with 131 figures and 26 tables, represents a valuable background for understanding, developing and applying various numerical methods.<\/p>\n<p style=\"text-align: justify;\"><strong>Reviewed by:<\/strong><\/p>\n<p style=\"text-align: justify;\"><span style=\"color: #0000ff;\"><strong>Prof. Maja Fo\u0161ner, D.Sc.<\/strong><\/span>, University of Maribor, Slovenia<\/p>\n<p style=\"text-align: justify;\"><span style=\"color: #0000ff;\"><strong>Prof. Damir Jelaska, D.Sc.<\/strong><\/span>, University of Split, Croatia<\/p>\n<p style=\"text-align: justify;\"><span style=\"color: #0000ff;\"><strong>Prof. Valery Lysenko, D.Sc.<\/strong><\/span>, Academic of the Russian Metrological Academy, Russian Research Institute for Metrological Service, Russia<\/p>\n<p style=\"text-align: justify;\"><span style=\"color: #0000ff;\"><strong>Prof. Iztok Potr\u010d, D.Sc.<\/strong><\/span>, University of Maribor, Slovenia<\/p>\n<p style=\"text-align: justify;\"><span style=\"color: #0000ff;\"><strong>Prof. Evgeny Pushkar, D.Sc.<\/strong><\/span>, Member correspondent of the Russian Academy of Natural Sciences, Moscow State Industrial University, Russia<\/p>\n<p><strong>Proof reading by:<\/strong><\/p>\n<p style=\"text-align: justify;\"><span style=\"color: #0000ff;\"><strong>Ksenija Mance, prof.<\/strong><\/span>, University of Rijeka, Croatia<\/p>\n<p style=\"text-align: justify;\"><strong>Author:<\/strong><\/p>\n<p><span style=\"color: #0000ff;\"><strong>Boris Obsieger, D.Sc.<\/strong><\/span>, professor at the University of Rijeka, Croatia. Head of Section for Machine Elements at the Faculty of Engineering in Rijeka. Holds lectures on Machine Elements Design, Robot Elements Design, Numerical Methods in Design and Boundary Element Method. Several invited lectures. President of CADAM Conferences. Main editor of international journal Advanced Engineering. Author of several books and a lot of scientific papers.<\/p>\n<p style=\"text-align: justify;\"><strong><br \/>Klju\u010dne rije\u010di:<\/strong>\u00a0Newton interpolation, Lagrange interpolation, Chebyshev interpolation, Shape functions, FEM and BEM elements<\/p>\n<p><strong>Link:<\/strong>\u00a0<a href=\"http:\/\/university-books.eu\"><\/a><a href=\"http:\/\/university-books.eu\">http:\/\/university-books.eu<\/a><\/p>\n<p style=\"text-align: justify;\"><strong>Naslov:<\/strong>\u00a0Numerical Methods IV-INTERPOLATION AND SHAPE FUNCTIONS (unutra\u0161njost u boji)<br \/><strong>Autor:<\/strong>\u00a0Boris Obsieger<br \/><strong>Broj stranica:<\/strong>\u00a0274<br \/><strong>Nakladnik:<\/strong>\u00a0Vlastita naklada<br \/><strong>Godina izdanja: .<\/strong><br \/><strong>ISBN:<\/strong>\u00a0978-953-7919-23-8<br \/><strong>Tisak:<\/strong>\u00a0digitalni tisak knjiga &#8211; print na zahtjev\u00a0<\/p>\n<hr \/>\n<p style=\"text-align: justify;\"><strong>Kako naru\u010diti knjigu?\u00a0<\/strong>Proces online kupovine jednako funkcionira za sve kupce, s jedinom razlikom u tome \u0161to \u0161to kupci iz inozemstva za podru\u010dje dostave moraju odabrati &#8220;Europa&#8221; ili &#8220;Ostale zemlje svijeta&#8221;, a za vrstu pla\u0107anja WSPay (kreditna kartica) ili Virmanom (bankovni transfer).<\/p>\n<p style=\"text-align: justify;\">Molimo kliknite ovdje za\u00a0<a href=\"hr\/kako-kupovati\" target=\"_blank\" rel=\"noopener\">detaljni vodi\u010d kroz proces narud\u017ebe<\/a>\u00a0ili nas\u00a0<a href=\"hr\/kontakt\" target=\"_blank\" rel=\"noopener\">kontaktirajte<\/a>\u00a0za vi\u0161e informacija.<\/p>\n","protected":false},"excerpt":{"rendered":"<p>Format:\u00a0Colour on White Paper, 6.30&#8243;x8.86&#8243; (225&#215;160 mm), Paperback, 270 pages. Several other Colour and Black &#038; White options are also available. An Black and White option\u00a0can be found here. About the book: An excellent textbook\u00a0established at several universities. Primarily written for students at technical universities, it is also a very useful handbook for engineers, PhD [&hellip;]<\/p>\n","protected":false},"featured_media":8192,"comment_status":"open","ping_status":"closed","template":"","meta":{"_acf_changed":false},"product_brand":[],"product_cat":[1539],"product_tag":[],"class_list":{"0":"post-8191","1":"product","2":"type-product","3":"status-publish","4":"has-post-thumbnail","6":"product_cat-sveucilisni-udzbenici-i-prirucnici","7":"pa_nakladnik-vlastita-naklada","9":"first","10":"instock","11":"shipping-taxable","12":"purchasable","13":"product-type-simple"},"acf":[],"yoast_head":"<!-- This site is optimized with the Yoast SEO plugin v27.3 - https:\/\/yoast.com\/product\/yoast-seo-wordpress\/ -->\n<title>Numerical Methods IV - INTERPOLATION AND SHAPE FUNCTIONS - Web-knji\u017eara<\/title>\n<meta name=\"robots\" content=\"index, follow, max-snippet:-1, max-image-preview:large, max-video-preview:-1\" \/>\n<link rel=\"canonical\" href=\"https:\/\/webknjizara.hr\/proizvod\/numerical-methods-iv-interpolation-and-shape-functions_w-0407\/\" \/>\n<meta property=\"og:locale\" content=\"en_US\" \/>\n<meta property=\"og:type\" content=\"article\" \/>\n<meta property=\"og:title\" content=\"Numerical Methods IV - INTERPOLATION AND SHAPE FUNCTIONS - Web-knji\u017eara\" \/>\n<meta property=\"og:description\" content=\"Format:\u00a0Colour on White Paper, 6.30&#8243;x8.86&#8243; (225&#215;160 mm), Paperback, 270 pages. Several other Colour and Black &#038; White options are also available. An Black and White option\u00a0can be found here. About the book: An excellent textbook\u00a0established at several universities. Primarily written for students at technical universities, it is also a very useful handbook for engineers, PhD [&hellip;]\" \/>\n<meta property=\"og:url\" content=\"https:\/\/webknjizara.hr\/proizvod\/numerical-methods-iv-interpolation-and-shape-functions_w-0407\/\" \/>\n<meta property=\"og:site_name\" content=\"Web-knji\u017eara\" \/>\n<meta property=\"article:modified_time\" content=\"2023-02-26T23:16:42+00:00\" \/>\n<meta property=\"og:image\" content=\"https:\/\/webknjizara.hr\/wp-content\/uploads\/nc\/images\/virtuemart\/product\/numerical-method-56f294499bbb2.jpg\" \/>\n\t<meta property=\"og:image:width\" content=\"358\" \/>\n\t<meta property=\"og:image:height\" content=\"500\" \/>\n\t<meta property=\"og:image:type\" content=\"image\/jpeg\" \/>\n<meta name=\"twitter:card\" content=\"summary_large_image\" \/>\n<meta name=\"twitter:label1\" content=\"Est. reading time\" \/>\n\t<meta name=\"twitter:data1\" content=\"3 minutes\" \/>\n<script type=\"application\/ld+json\" class=\"yoast-schema-graph\">{\"@context\":\"https:\\\/\\\/schema.org\",\"@graph\":[{\"@type\":\"WebPage\",\"@id\":\"https:\\\/\\\/webknjizara.hr\\\/proizvod\\\/numerical-methods-iv-interpolation-and-shape-functions_w-0407\\\/\",\"url\":\"https:\\\/\\\/webknjizara.hr\\\/proizvod\\\/numerical-methods-iv-interpolation-and-shape-functions_w-0407\\\/\",\"name\":\"Numerical Methods IV - INTERPOLATION AND SHAPE FUNCTIONS - Web-knji\u017eara\",\"isPartOf\":{\"@id\":\"https:\\\/\\\/webknjizara.hr\\\/#website\"},\"primaryImageOfPage\":{\"@id\":\"https:\\\/\\\/webknjizara.hr\\\/proizvod\\\/numerical-methods-iv-interpolation-and-shape-functions_w-0407\\\/#primaryimage\"},\"image\":{\"@id\":\"https:\\\/\\\/webknjizara.hr\\\/proizvod\\\/numerical-methods-iv-interpolation-and-shape-functions_w-0407\\\/#primaryimage\"},\"thumbnailUrl\":\"https:\\\/\\\/webknjizara.hr\\\/wp-content\\\/uploads\\\/nc\\\/images\\\/virtuemart\\\/product\\\/numerical-method-56f294499bbb2.jpg\",\"datePublished\":\"2016-03-23T13:04:09+00:00\",\"dateModified\":\"2023-02-26T23:16:42+00:00\",\"breadcrumb\":{\"@id\":\"https:\\\/\\\/webknjizara.hr\\\/proizvod\\\/numerical-methods-iv-interpolation-and-shape-functions_w-0407\\\/#breadcrumb\"},\"inLanguage\":\"en-US\",\"potentialAction\":[{\"@type\":\"ReadAction\",\"target\":[\"https:\\\/\\\/webknjizara.hr\\\/proizvod\\\/numerical-methods-iv-interpolation-and-shape-functions_w-0407\\\/\"]}]},{\"@type\":\"ImageObject\",\"inLanguage\":\"en-US\",\"@id\":\"https:\\\/\\\/webknjizara.hr\\\/proizvod\\\/numerical-methods-iv-interpolation-and-shape-functions_w-0407\\\/#primaryimage\",\"url\":\"https:\\\/\\\/webknjizara.hr\\\/wp-content\\\/uploads\\\/nc\\\/images\\\/virtuemart\\\/product\\\/numerical-method-56f294499bbb2.jpg\",\"contentUrl\":\"https:\\\/\\\/webknjizara.hr\\\/wp-content\\\/uploads\\\/nc\\\/images\\\/virtuemart\\\/product\\\/numerical-method-56f294499bbb2.jpg\",\"width\":358,\"height\":500,\"caption\":\"Numerical Methods IV - INTERPOLATION AND SHAPE FUNCTIONS\"},{\"@type\":\"BreadcrumbList\",\"@id\":\"https:\\\/\\\/webknjizara.hr\\\/proizvod\\\/numerical-methods-iv-interpolation-and-shape-functions_w-0407\\\/#breadcrumb\",\"itemListElement\":[{\"@type\":\"ListItem\",\"position\":1,\"name\":\"Po\u010detna stranica\",\"item\":\"https:\\\/\\\/webknjizara.hr\\\/en\\\/\"},{\"@type\":\"ListItem\",\"position\":2,\"name\":\"Shop\",\"item\":\"https:\\\/\\\/webknjizara.hr\\\/shop\\\/\"},{\"@type\":\"ListItem\",\"position\":3,\"name\":\"Numerical Methods IV &#8211; INTERPOLATION AND SHAPE FUNCTIONS\"}]},{\"@type\":\"WebSite\",\"@id\":\"https:\\\/\\\/webknjizara.hr\\\/#website\",\"url\":\"https:\\\/\\\/webknjizara.hr\\\/\",\"name\":\"Web Knji\u017eara\",\"description\":\"\",\"publisher\":{\"@id\":\"https:\\\/\\\/webknjizara.hr\\\/#organization\"},\"potentialAction\":[{\"@type\":\"SearchAction\",\"target\":{\"@type\":\"EntryPoint\",\"urlTemplate\":\"https:\\\/\\\/webknjizara.hr\\\/?s={search_term_string}\"},\"query-input\":{\"@type\":\"PropertyValueSpecification\",\"valueRequired\":true,\"valueName\":\"search_term_string\"}}],\"inLanguage\":\"en-US\"},{\"@type\":\"Organization\",\"@id\":\"https:\\\/\\\/webknjizara.hr\\\/#organization\",\"name\":\"REDAK D.O.O.\",\"url\":\"https:\\\/\\\/webknjizara.hr\\\/\",\"logo\":{\"@type\":\"ImageObject\",\"inLanguage\":\"en-US\",\"@id\":\"https:\\\/\\\/webknjizara.hr\\\/#\\\/schema\\\/logo\\\/image\\\/\",\"url\":\"https:\\\/\\\/webknjizara.hr\\\/wp-content\\\/uploads\\\/2023\\\/01\\\/web-knjizara-logo.webp\",\"contentUrl\":\"https:\\\/\\\/webknjizara.hr\\\/wp-content\\\/uploads\\\/2023\\\/01\\\/web-knjizara-logo.webp\",\"width\":324,\"height\":79,\"caption\":\"REDAK D.O.O.\"},\"image\":{\"@id\":\"https:\\\/\\\/webknjizara.hr\\\/#\\\/schema\\\/logo\\\/image\\\/\"}}]}<\/script>\n<!-- \/ Yoast SEO plugin. -->","yoast_head_json":{"title":"Numerical Methods IV - INTERPOLATION AND SHAPE FUNCTIONS - Web-knji\u017eara","robots":{"index":"index","follow":"follow","max-snippet":"max-snippet:-1","max-image-preview":"max-image-preview:large","max-video-preview":"max-video-preview:-1"},"canonical":"https:\/\/webknjizara.hr\/proizvod\/numerical-methods-iv-interpolation-and-shape-functions_w-0407\/","og_locale":"en_US","og_type":"article","og_title":"Numerical Methods IV - INTERPOLATION AND SHAPE FUNCTIONS - Web-knji\u017eara","og_description":"Format:\u00a0Colour on White Paper, 6.30&#8243;x8.86&#8243; (225&#215;160 mm), Paperback, 270 pages. Several other Colour and Black &#038; White options are also available. An Black and White option\u00a0can be found here. About the book: An excellent textbook\u00a0established at several universities. Primarily written for students at technical universities, it is also a very useful handbook for engineers, PhD [&hellip;]","og_url":"https:\/\/webknjizara.hr\/proizvod\/numerical-methods-iv-interpolation-and-shape-functions_w-0407\/","og_site_name":"Web-knji\u017eara","article_modified_time":"2023-02-26T23:16:42+00:00","og_image":[{"width":358,"height":500,"url":"https:\/\/webknjizara.hr\/wp-content\/uploads\/nc\/images\/virtuemart\/product\/numerical-method-56f294499bbb2.jpg","type":"image\/jpeg"}],"twitter_card":"summary_large_image","twitter_misc":{"Est. reading time":"3 minutes"},"schema":{"@context":"https:\/\/schema.org","@graph":[{"@type":"WebPage","@id":"https:\/\/webknjizara.hr\/proizvod\/numerical-methods-iv-interpolation-and-shape-functions_w-0407\/","url":"https:\/\/webknjizara.hr\/proizvod\/numerical-methods-iv-interpolation-and-shape-functions_w-0407\/","name":"Numerical Methods IV - INTERPOLATION AND SHAPE FUNCTIONS - Web-knji\u017eara","isPartOf":{"@id":"https:\/\/webknjizara.hr\/#website"},"primaryImageOfPage":{"@id":"https:\/\/webknjizara.hr\/proizvod\/numerical-methods-iv-interpolation-and-shape-functions_w-0407\/#primaryimage"},"image":{"@id":"https:\/\/webknjizara.hr\/proizvod\/numerical-methods-iv-interpolation-and-shape-functions_w-0407\/#primaryimage"},"thumbnailUrl":"https:\/\/webknjizara.hr\/wp-content\/uploads\/nc\/images\/virtuemart\/product\/numerical-method-56f294499bbb2.jpg","datePublished":"2016-03-23T13:04:09+00:00","dateModified":"2023-02-26T23:16:42+00:00","breadcrumb":{"@id":"https:\/\/webknjizara.hr\/proizvod\/numerical-methods-iv-interpolation-and-shape-functions_w-0407\/#breadcrumb"},"inLanguage":"en-US","potentialAction":[{"@type":"ReadAction","target":["https:\/\/webknjizara.hr\/proizvod\/numerical-methods-iv-interpolation-and-shape-functions_w-0407\/"]}]},{"@type":"ImageObject","inLanguage":"en-US","@id":"https:\/\/webknjizara.hr\/proizvod\/numerical-methods-iv-interpolation-and-shape-functions_w-0407\/#primaryimage","url":"https:\/\/webknjizara.hr\/wp-content\/uploads\/nc\/images\/virtuemart\/product\/numerical-method-56f294499bbb2.jpg","contentUrl":"https:\/\/webknjizara.hr\/wp-content\/uploads\/nc\/images\/virtuemart\/product\/numerical-method-56f294499bbb2.jpg","width":358,"height":500,"caption":"Numerical Methods IV - INTERPOLATION AND SHAPE FUNCTIONS"},{"@type":"BreadcrumbList","@id":"https:\/\/webknjizara.hr\/proizvod\/numerical-methods-iv-interpolation-and-shape-functions_w-0407\/#breadcrumb","itemListElement":[{"@type":"ListItem","position":1,"name":"Po\u010detna stranica","item":"https:\/\/webknjizara.hr\/en\/"},{"@type":"ListItem","position":2,"name":"Shop","item":"https:\/\/webknjizara.hr\/shop\/"},{"@type":"ListItem","position":3,"name":"Numerical Methods IV &#8211; INTERPOLATION AND SHAPE FUNCTIONS"}]},{"@type":"WebSite","@id":"https:\/\/webknjizara.hr\/#website","url":"https:\/\/webknjizara.hr\/","name":"Web Knji\u017eara","description":"","publisher":{"@id":"https:\/\/webknjizara.hr\/#organization"},"potentialAction":[{"@type":"SearchAction","target":{"@type":"EntryPoint","urlTemplate":"https:\/\/webknjizara.hr\/?s={search_term_string}"},"query-input":{"@type":"PropertyValueSpecification","valueRequired":true,"valueName":"search_term_string"}}],"inLanguage":"en-US"},{"@type":"Organization","@id":"https:\/\/webknjizara.hr\/#organization","name":"REDAK D.O.O.","url":"https:\/\/webknjizara.hr\/","logo":{"@type":"ImageObject","inLanguage":"en-US","@id":"https:\/\/webknjizara.hr\/#\/schema\/logo\/image\/","url":"https:\/\/webknjizara.hr\/wp-content\/uploads\/2023\/01\/web-knjizara-logo.webp","contentUrl":"https:\/\/webknjizara.hr\/wp-content\/uploads\/2023\/01\/web-knjizara-logo.webp","width":324,"height":79,"caption":"REDAK D.O.O."},"image":{"@id":"https:\/\/webknjizara.hr\/#\/schema\/logo\/image\/"}}]}},"_links":{"self":[{"href":"https:\/\/webknjizara.hr\/en\/wp-json\/wp\/v2\/product\/8191","targetHints":{"allow":["GET"]}}],"collection":[{"href":"https:\/\/webknjizara.hr\/en\/wp-json\/wp\/v2\/product"}],"about":[{"href":"https:\/\/webknjizara.hr\/en\/wp-json\/wp\/v2\/types\/product"}],"replies":[{"embeddable":true,"href":"https:\/\/webknjizara.hr\/en\/wp-json\/wp\/v2\/comments?post=8191"}],"wp:featuredmedia":[{"embeddable":true,"href":"https:\/\/webknjizara.hr\/en\/wp-json\/wp\/v2\/media\/8192"}],"wp:attachment":[{"href":"https:\/\/webknjizara.hr\/en\/wp-json\/wp\/v2\/media?parent=8191"}],"wp:term":[{"taxonomy":"product_brand","embeddable":true,"href":"https:\/\/webknjizara.hr\/en\/wp-json\/wp\/v2\/product_brand?post=8191"},{"taxonomy":"product_cat","embeddable":true,"href":"https:\/\/webknjizara.hr\/en\/wp-json\/wp\/v2\/product_cat?post=8191"},{"taxonomy":"product_tag","embeddable":true,"href":"https:\/\/webknjizara.hr\/en\/wp-json\/wp\/v2\/product_tag?post=8191"}],"curies":[{"name":"wp","href":"https:\/\/api.w.org\/{rel}","templated":true}]}}