{"id":8187,"date":"2016-03-18T18:26:52","date_gmt":"2016-03-18T18:26:52","guid":{"rendered":"https:\/\/webknjizara.hr\/?product=tisucu-boja-pisci-i-knjizevnost-grupa-autora"},"modified":"2023-02-27T00:16:42","modified_gmt":"2023-02-26T23:16:42","slug":"tisucu-boja-pisci-i-knjizevnost-grupa-autora","status":"publish","type":"product","link":"https:\/\/webknjizara.hr\/en\/proizvod\/tisucu-boja-pisci-i-knjizevnost-grupa-autora\/","title":{"rendered":"TISU\u0106U BOJA, Pisci i knji\u017eevnost &#8211; grupa autora"},"content":{"rendered":"<p style=\"text-align: justify;\"><strong><br \/>Sa\u017eetak:<\/strong> <\/p>\n<p>Knjiga je podijeljena u \u010detiri cjeline, nazvane prema zadanim temama. Svaki dio nosi ime jednog godi\u0161njeg doba. Teme unutar svakog godi\u0161njeg doba su razli\u010dite.<br \/>Sve pri\u010de mogu imati najvi\u0161e 100 rije\u010di.<\/p>\n<p>Moto: &#8220;Rije\u010d kao veza me\u0111u svim ljudima na svijetu, protiv svih oblika nasilja&#8221;.<\/p>\n<p style=\"text-align: justify;\"><strong>Bilje\u0161ka o autorima:<\/strong> <\/p>\n<p>Pri\u010de su pisali autori iz Hrvatske, Bosne i Hercegovine, Makedonije i Ukrajine.<\/p>\n<p style=\"text-align: justify;\">Iva \u017ddero Petri\u010devi\u0107, Silvija Tomi\u0107, Kruno \u0160afrani\u0107, Vlasta \u0160afrani\u0107, Branka \u0160afrani\u0107, Marijana Rom, Ljerka Varga, Matilda Mance, Mirjana Pejak, Nena Crn\u010devi\u0107, Marija Kotarski, Marcela Kova\u010di\u0107, Lidija Harak, Daria Lisenko, Biserka Spaji\u0107, Tea \u017digman, Maja Ad\u017eaga, Mirela Osmanovi\u0107 \u0106upina, Sonja Smolec, Evica Kralji\u0107, Magdalena Prekrit, Jasminka Anan\u010devska, Ljiljana Me\u0161tri\u0107, Maja Grgac, Vedrana Harak, Marija Lovri\u0107, Nada Vu\u010di\u010di\u0107, Danijela Sabo, Dragana Latinovi\u0107<\/p>\n<p style=\"text-align: justify;\">Pri\u010de do sto rije\u010di u ovoj knjizi nastale su u razdoblju od 31.7.2015. do 9.9.2015. godine. Autori su \u010dlanovi Facebook Grupe &#8220;Pisci i Knji\u017eevnost&#8221;.<\/p>\n<p style=\"text-align: justify;\"><strong>Klju\u010dne rije\u010di:<\/strong> Pisci i Knji\u017eevnost, PiK, kratke pri\u010de<\/p>\n<p><strong>Facebook grupa:<\/strong> <a href=\"https:\/\/www.facebook.com\/groups\/245484055481932\/\" target=\"_blank\" rel=\"noopener\">https:\/\/www.facebook.com\/groups\/245484055481932\/<\/a><br \/><strong>Facebook stranica:<\/strong> <a href=\"https:\/\/www.facebook.com\/Pisci-i-Knji\u017eevnost-741769035915471\/?fref=nf\" target=\"_blank\" rel=\"noopener\">https:\/\/www.facebook.com\/Pisci-i-Knji\u017eevnost-741769035915471\/?fref=nf<\/a><br \/><strong>Facebook stranica:<\/strong> <a href=\"https:\/\/www.facebook.com\/Knji\u017eevnost-koja-se-\u010dita-i-pamti-Volim-\u010ditati-PiK-preporuke-963202537082894\/?fref=nf\" target=\"_blank\" rel=\"noopener\">https:\/\/www.facebook.com\/Knji\u017eevnost-koja-se-\u010dita-i-pamti-Volim-\u010ditati-PiK-preporuke-963202537082894\/?fref=nf<\/a><br \/><strong>Web stranica:<\/strong> <a href=\"http:\/\/pisciiknjizevnost.wix.com\/pisci-i-knjizevnost\" target=\"_blank\" rel=\"noopener\">http:\/\/pisciiknjizevnost.wix.com\/pisci-i-knjizevnost<\/a><\/p>\n<p style=\"text-align: justify;\"><strong>E-mail:<\/strong> <a href=\"mailto:knjigamojprijatelj@outlook.com\">Pisci i knji\u017eevnost<\/a><\/p>\n<p style=\"text-align: justify;\"><strong>Naslov:<\/strong> Tisu\u0107u boja<br \/><strong>Autor:<\/strong> Pisci i knji\u017eevnost &#8211; grupa autora<br \/><strong>Broj stranica:<\/strong> 114<br \/><strong>Nakladnik:<\/strong> REDAK<br \/><strong>Godina izdanja:<\/strong> 2016.<br \/><strong>ISBN:<\/strong> 978-953-336-286-1<br \/><strong>Tisak:<\/strong> digitalni tisak knjiga &#8211; print na zahtjev\u00a0<\/p>\n<hr \/>\n<p style=\"text-align: justify;\"><strong>Kako naru\u010diti knjigu?\u00a0<\/strong>Proces online kupovine jednako funkcionira za sve kupce, s jedinom razlikom u tome \u0161to \u0161to kupci iz inozemstva za podru\u010dje dostave moraju odabrati &#8220;Europa&#8221; ili &#8220;Ostale zemlje svijeta&#8221;, a za vrstu pla\u0107anja WSPay (kreditna kartica) ili Virmanom (bankovni transfer).<\/p>\n<p style=\"text-align: justify;\">Molimo kliknite ovdje za\u00a0<a href=\"hr\/kako-kupovati\" target=\"_blank\" rel=\"noopener\">detaljni vodi\u010d kroz proces narud\u017ebe<\/a>\u00a0ili nas\u00a0<a href=\"hr\/kontakt\" target=\"_blank\" rel=\"noopener\">kontaktirajte<\/a>\u00a0za vi\u0161e informacija.<\/p>\n","protected":false},"excerpt":{"rendered":"<p>Sa\u017eetak: Knjiga je podijeljena u \u010detiri cjeline, nazvane prema zadanim temama. Svaki dio nosi ime jednog godi\u0161njeg doba. Teme unutar svakog godi\u0161njeg doba su razli\u010dite.Sve pri\u010de mogu imati najvi\u0161e 100 rije\u010di. Moto: &#8220;Rije\u010d kao veza me\u0111u svim ljudima na svijetu, protiv svih oblika nasilja&#8221;. Bilje\u0161ka o autorima: Pri\u010de su pisali autori iz Hrvatske, Bosne i [&hellip;]<\/p>\n","protected":false},"featured_media":8188,"comment_status":"open","ping_status":"closed","template":"","meta":{"_acf_changed":false},"product_brand":[],"product_cat":[1383,1385],"product_tag":[],"class_list":{"0":"post-8187","1":"product","2":"type-product","3":"status-publish","4":"has-post-thumbnail","6":"product_cat-knjige","7":"product_cat-knjizevnost","8":"pa_autor-pisci-i-knjizevnost-grupa-autora","9":"pa_nakladnik-redak","11":"first","12":"instock","13":"shipping-taxable","14":"purchasable","15":"product-type-simple"},"acf":[],"yoast_head":"<!-- This site is optimized with the Yoast SEO plugin v27.3 - https:\/\/yoast.com\/product\/yoast-seo-wordpress\/ -->\n<title>TISU\u0106U BOJA, Pisci i knji\u017eevnost - grupa autora - Web-knji\u017eara<\/title>\n<meta name=\"robots\" content=\"index, follow, max-snippet:-1, max-image-preview:large, max-video-preview:-1\" \/>\n<link rel=\"canonical\" href=\"https:\/\/webknjizara.hr\/proizvod\/tisucu-boja-pisci-i-knjizevnost-grupa-autora\/\" \/>\n<meta property=\"og:locale\" content=\"en_US\" \/>\n<meta property=\"og:type\" content=\"article\" \/>\n<meta property=\"og:title\" content=\"TISU\u0106U BOJA, Pisci i knji\u017eevnost - grupa autora - Web-knji\u017eara\" \/>\n<meta property=\"og:description\" content=\"Sa\u017eetak: Knjiga je podijeljena u \u010detiri cjeline, nazvane prema zadanim temama. Svaki dio nosi ime jednog godi\u0161njeg doba. Teme unutar svakog godi\u0161njeg doba su razli\u010dite.Sve pri\u010de mogu imati najvi\u0161e 100 rije\u010di. Moto: &#8220;Rije\u010d kao veza me\u0111u svim ljudima na svijetu, protiv svih oblika nasilja&#8221;. Bilje\u0161ka o autorima: Pri\u010de su pisali autori iz Hrvatske, Bosne i [&hellip;]\" \/>\n<meta property=\"og:url\" content=\"https:\/\/webknjizara.hr\/proizvod\/tisucu-boja-pisci-i-knjizevnost-grupa-autora\/\" \/>\n<meta property=\"og:site_name\" content=\"Web-knji\u017eara\" \/>\n<meta property=\"article:modified_time\" content=\"2023-02-26T23:16:42+00:00\" \/>\n<meta property=\"og:image\" content=\"https:\/\/webknjizara.hr\/wp-content\/uploads\/nc\/images\/virtuemart\/product\/tisu-u-boja-pi-56ec486c104dd.jpg\" \/>\n\t<meta property=\"og:image:width\" content=\"358\" \/>\n\t<meta property=\"og:image:height\" content=\"500\" \/>\n\t<meta property=\"og:image:type\" content=\"image\/jpeg\" \/>\n<meta name=\"twitter:card\" content=\"summary_large_image\" \/>\n<meta name=\"twitter:label1\" content=\"Est. reading time\" \/>\n\t<meta name=\"twitter:data1\" content=\"2 minutes\" \/>\n<script type=\"application\/ld+json\" class=\"yoast-schema-graph\">{\"@context\":\"https:\\\/\\\/schema.org\",\"@graph\":[{\"@type\":\"WebPage\",\"@id\":\"https:\\\/\\\/webknjizara.hr\\\/proizvod\\\/tisucu-boja-pisci-i-knjizevnost-grupa-autora\\\/\",\"url\":\"https:\\\/\\\/webknjizara.hr\\\/proizvod\\\/tisucu-boja-pisci-i-knjizevnost-grupa-autora\\\/\",\"name\":\"TISU\u0106U BOJA, Pisci i knji\u017eevnost - grupa autora - Web-knji\u017eara\",\"isPartOf\":{\"@id\":\"https:\\\/\\\/webknjizara.hr\\\/#website\"},\"primaryImageOfPage\":{\"@id\":\"https:\\\/\\\/webknjizara.hr\\\/proizvod\\\/tisucu-boja-pisci-i-knjizevnost-grupa-autora\\\/#primaryimage\"},\"image\":{\"@id\":\"https:\\\/\\\/webknjizara.hr\\\/proizvod\\\/tisucu-boja-pisci-i-knjizevnost-grupa-autora\\\/#primaryimage\"},\"thumbnailUrl\":\"https:\\\/\\\/webknjizara.hr\\\/wp-content\\\/uploads\\\/nc\\\/images\\\/virtuemart\\\/product\\\/tisu-u-boja-pi-56ec486c104dd.jpg\",\"datePublished\":\"2016-03-18T18:26:52+00:00\",\"dateModified\":\"2023-02-26T23:16:42+00:00\",\"breadcrumb\":{\"@id\":\"https:\\\/\\\/webknjizara.hr\\\/proizvod\\\/tisucu-boja-pisci-i-knjizevnost-grupa-autora\\\/#breadcrumb\"},\"inLanguage\":\"en-US\",\"potentialAction\":[{\"@type\":\"ReadAction\",\"target\":[\"https:\\\/\\\/webknjizara.hr\\\/proizvod\\\/tisucu-boja-pisci-i-knjizevnost-grupa-autora\\\/\"]}]},{\"@type\":\"ImageObject\",\"inLanguage\":\"en-US\",\"@id\":\"https:\\\/\\\/webknjizara.hr\\\/proizvod\\\/tisucu-boja-pisci-i-knjizevnost-grupa-autora\\\/#primaryimage\",\"url\":\"https:\\\/\\\/webknjizara.hr\\\/wp-content\\\/uploads\\\/nc\\\/images\\\/virtuemart\\\/product\\\/tisu-u-boja-pi-56ec486c104dd.jpg\",\"contentUrl\":\"https:\\\/\\\/webknjizara.hr\\\/wp-content\\\/uploads\\\/nc\\\/images\\\/virtuemart\\\/product\\\/tisu-u-boja-pi-56ec486c104dd.jpg\",\"width\":358,\"height\":500,\"caption\":\"TISU\u0106U BOJA, Pisci i knji\u017eevnost - grupa autora\"},{\"@type\":\"BreadcrumbList\",\"@id\":\"https:\\\/\\\/webknjizara.hr\\\/proizvod\\\/tisucu-boja-pisci-i-knjizevnost-grupa-autora\\\/#breadcrumb\",\"itemListElement\":[{\"@type\":\"ListItem\",\"position\":1,\"name\":\"Po\u010detna stranica\",\"item\":\"https:\\\/\\\/webknjizara.hr\\\/en\\\/\"},{\"@type\":\"ListItem\",\"position\":2,\"name\":\"Shop\",\"item\":\"https:\\\/\\\/webknjizara.hr\\\/shop\\\/\"},{\"@type\":\"ListItem\",\"position\":3,\"name\":\"TISU\u0106U BOJA, Pisci i knji\u017eevnost &#8211; grupa autora\"}]},{\"@type\":\"WebSite\",\"@id\":\"https:\\\/\\\/webknjizara.hr\\\/#website\",\"url\":\"https:\\\/\\\/webknjizara.hr\\\/\",\"name\":\"Web Knji\u017eara\",\"description\":\"\",\"publisher\":{\"@id\":\"https:\\\/\\\/webknjizara.hr\\\/#organization\"},\"potentialAction\":[{\"@type\":\"SearchAction\",\"target\":{\"@type\":\"EntryPoint\",\"urlTemplate\":\"https:\\\/\\\/webknjizara.hr\\\/?s={search_term_string}\"},\"query-input\":{\"@type\":\"PropertyValueSpecification\",\"valueRequired\":true,\"valueName\":\"search_term_string\"}}],\"inLanguage\":\"en-US\"},{\"@type\":\"Organization\",\"@id\":\"https:\\\/\\\/webknjizara.hr\\\/#organization\",\"name\":\"REDAK D.O.O.\",\"url\":\"https:\\\/\\\/webknjizara.hr\\\/\",\"logo\":{\"@type\":\"ImageObject\",\"inLanguage\":\"en-US\",\"@id\":\"https:\\\/\\\/webknjizara.hr\\\/#\\\/schema\\\/logo\\\/image\\\/\",\"url\":\"https:\\\/\\\/webknjizara.hr\\\/wp-content\\\/uploads\\\/2023\\\/01\\\/web-knjizara-logo.webp\",\"contentUrl\":\"https:\\\/\\\/webknjizara.hr\\\/wp-content\\\/uploads\\\/2023\\\/01\\\/web-knjizara-logo.webp\",\"width\":324,\"height\":79,\"caption\":\"REDAK D.O.O.\"},\"image\":{\"@id\":\"https:\\\/\\\/webknjizara.hr\\\/#\\\/schema\\\/logo\\\/image\\\/\"}}]}<\/script>\n<!-- \/ Yoast SEO plugin. -->","yoast_head_json":{"title":"TISU\u0106U BOJA, Pisci i knji\u017eevnost - grupa autora - Web-knji\u017eara","robots":{"index":"index","follow":"follow","max-snippet":"max-snippet:-1","max-image-preview":"max-image-preview:large","max-video-preview":"max-video-preview:-1"},"canonical":"https:\/\/webknjizara.hr\/proizvod\/tisucu-boja-pisci-i-knjizevnost-grupa-autora\/","og_locale":"en_US","og_type":"article","og_title":"TISU\u0106U BOJA, Pisci i knji\u017eevnost - grupa autora - Web-knji\u017eara","og_description":"Sa\u017eetak: Knjiga je podijeljena u \u010detiri cjeline, nazvane prema zadanim temama. Svaki dio nosi ime jednog godi\u0161njeg doba. Teme unutar svakog godi\u0161njeg doba su razli\u010dite.Sve pri\u010de mogu imati najvi\u0161e 100 rije\u010di. Moto: &#8220;Rije\u010d kao veza me\u0111u svim ljudima na svijetu, protiv svih oblika nasilja&#8221;. Bilje\u0161ka o autorima: Pri\u010de su pisali autori iz Hrvatske, Bosne i [&hellip;]","og_url":"https:\/\/webknjizara.hr\/proizvod\/tisucu-boja-pisci-i-knjizevnost-grupa-autora\/","og_site_name":"Web-knji\u017eara","article_modified_time":"2023-02-26T23:16:42+00:00","og_image":[{"width":358,"height":500,"url":"https:\/\/webknjizara.hr\/wp-content\/uploads\/nc\/images\/virtuemart\/product\/tisu-u-boja-pi-56ec486c104dd.jpg","type":"image\/jpeg"}],"twitter_card":"summary_large_image","twitter_misc":{"Est. reading time":"2 minutes"},"schema":{"@context":"https:\/\/schema.org","@graph":[{"@type":"WebPage","@id":"https:\/\/webknjizara.hr\/proizvod\/tisucu-boja-pisci-i-knjizevnost-grupa-autora\/","url":"https:\/\/webknjizara.hr\/proizvod\/tisucu-boja-pisci-i-knjizevnost-grupa-autora\/","name":"TISU\u0106U BOJA, Pisci i knji\u017eevnost - grupa autora - Web-knji\u017eara","isPartOf":{"@id":"https:\/\/webknjizara.hr\/#website"},"primaryImageOfPage":{"@id":"https:\/\/webknjizara.hr\/proizvod\/tisucu-boja-pisci-i-knjizevnost-grupa-autora\/#primaryimage"},"image":{"@id":"https:\/\/webknjizara.hr\/proizvod\/tisucu-boja-pisci-i-knjizevnost-grupa-autora\/#primaryimage"},"thumbnailUrl":"https:\/\/webknjizara.hr\/wp-content\/uploads\/nc\/images\/virtuemart\/product\/tisu-u-boja-pi-56ec486c104dd.jpg","datePublished":"2016-03-18T18:26:52+00:00","dateModified":"2023-02-26T23:16:42+00:00","breadcrumb":{"@id":"https:\/\/webknjizara.hr\/proizvod\/tisucu-boja-pisci-i-knjizevnost-grupa-autora\/#breadcrumb"},"inLanguage":"en-US","potentialAction":[{"@type":"ReadAction","target":["https:\/\/webknjizara.hr\/proizvod\/tisucu-boja-pisci-i-knjizevnost-grupa-autora\/"]}]},{"@type":"ImageObject","inLanguage":"en-US","@id":"https:\/\/webknjizara.hr\/proizvod\/tisucu-boja-pisci-i-knjizevnost-grupa-autora\/#primaryimage","url":"https:\/\/webknjizara.hr\/wp-content\/uploads\/nc\/images\/virtuemart\/product\/tisu-u-boja-pi-56ec486c104dd.jpg","contentUrl":"https:\/\/webknjizara.hr\/wp-content\/uploads\/nc\/images\/virtuemart\/product\/tisu-u-boja-pi-56ec486c104dd.jpg","width":358,"height":500,"caption":"TISU\u0106U BOJA, Pisci i knji\u017eevnost - grupa autora"},{"@type":"BreadcrumbList","@id":"https:\/\/webknjizara.hr\/proizvod\/tisucu-boja-pisci-i-knjizevnost-grupa-autora\/#breadcrumb","itemListElement":[{"@type":"ListItem","position":1,"name":"Po\u010detna stranica","item":"https:\/\/webknjizara.hr\/en\/"},{"@type":"ListItem","position":2,"name":"Shop","item":"https:\/\/webknjizara.hr\/shop\/"},{"@type":"ListItem","position":3,"name":"TISU\u0106U BOJA, Pisci i knji\u017eevnost &#8211; grupa autora"}]},{"@type":"WebSite","@id":"https:\/\/webknjizara.hr\/#website","url":"https:\/\/webknjizara.hr\/","name":"Web Knji\u017eara","description":"","publisher":{"@id":"https:\/\/webknjizara.hr\/#organization"},"potentialAction":[{"@type":"SearchAction","target":{"@type":"EntryPoint","urlTemplate":"https:\/\/webknjizara.hr\/?s={search_term_string}"},"query-input":{"@type":"PropertyValueSpecification","valueRequired":true,"valueName":"search_term_string"}}],"inLanguage":"en-US"},{"@type":"Organization","@id":"https:\/\/webknjizara.hr\/#organization","name":"REDAK D.O.O.","url":"https:\/\/webknjizara.hr\/","logo":{"@type":"ImageObject","inLanguage":"en-US","@id":"https:\/\/webknjizara.hr\/#\/schema\/logo\/image\/","url":"https:\/\/webknjizara.hr\/wp-content\/uploads\/2023\/01\/web-knjizara-logo.webp","contentUrl":"https:\/\/webknjizara.hr\/wp-content\/uploads\/2023\/01\/web-knjizara-logo.webp","width":324,"height":79,"caption":"REDAK D.O.O."},"image":{"@id":"https:\/\/webknjizara.hr\/#\/schema\/logo\/image\/"}}]}},"_links":{"self":[{"href":"https:\/\/webknjizara.hr\/en\/wp-json\/wp\/v2\/product\/8187","targetHints":{"allow":["GET"]}}],"collection":[{"href":"https:\/\/webknjizara.hr\/en\/wp-json\/wp\/v2\/product"}],"about":[{"href":"https:\/\/webknjizara.hr\/en\/wp-json\/wp\/v2\/types\/product"}],"replies":[{"embeddable":true,"href":"https:\/\/webknjizara.hr\/en\/wp-json\/wp\/v2\/comments?post=8187"}],"wp:featuredmedia":[{"embeddable":true,"href":"https:\/\/webknjizara.hr\/en\/wp-json\/wp\/v2\/media\/8188"}],"wp:attachment":[{"href":"https:\/\/webknjizara.hr\/en\/wp-json\/wp\/v2\/media?parent=8187"}],"wp:term":[{"taxonomy":"product_brand","embeddable":true,"href":"https:\/\/webknjizara.hr\/en\/wp-json\/wp\/v2\/product_brand?post=8187"},{"taxonomy":"product_cat","embeddable":true,"href":"https:\/\/webknjizara.hr\/en\/wp-json\/wp\/v2\/product_cat?post=8187"},{"taxonomy":"product_tag","embeddable":true,"href":"https:\/\/webknjizara.hr\/en\/wp-json\/wp\/v2\/product_tag?post=8187"}],"curies":[{"name":"wp","href":"https:\/\/api.w.org\/{rel}","templated":true}]}}