{"id":8183,"date":"2016-03-11T16:20:11","date_gmt":"2016-03-11T16:20:11","guid":{"rendered":"https:\/\/webknjizara.hr\/?product=golf-turizam-zoran-jeremic-drazen-kostelac"},"modified":"2023-02-27T00:16:40","modified_gmt":"2023-02-26T23:16:40","slug":"golf-turizam-zoran-jeremic-drazen-kostelac","status":"publish","type":"product","link":"https:\/\/webknjizara.hr\/en\/proizvod\/golf-turizam-zoran-jeremic-drazen-kostelac\/","title":{"rendered":"GOLF TURIZAM, Zoran Jeremi\u0107, Dra\u017een Kostelac"},"content":{"rendered":"<p style=\"text-align: justify;\"><strong><br \/>Sa\u017eetak:<\/strong> <\/p>\n<p>Turizam i sport predstavljaju dinami\u010dne i progresivne svjetske dru\u0161tvene procese, te su postali vrlo popularne dru\u0161tvene aktivnosti i dio globalne kulture. Oni su komplementarni dijelovi industrije slobodnog vremena, me\u0111usobno se nadopunjuju i imaju brojna zajedni\u010dka interesna podru\u010dja. Razvoj posebnih oblika turisti\u010dke rekreacije predstavlja izme\u0111u ostalih jednu od temeljnih karakteristika suvremenih tendencija u svjetskom turizmu. Jedan od inih suvremenih oblika turisti\u010dke rekreacije je i golf, a sa njime povezan i golf turizam. Golf turizam u svjetskim je razmjerima u stalnom porastu pa ga je stoga, kao takvog, potrebno izdvojiti i posebno izu\u010davati. U ovoj knjizi obja\u0161njeni su i definirani osnovni pojmovi od kojih se sastoji sintagma golf turizam &#8211; turizam i golf. Osim toga provedene je sveobuhvatna i sustavna analiza faktora koji utje\u010du na razvoj golf turizma. Turizam je, pa tako i golf turizam, podlo\u017ean raznim utjecajima iz vanjske i unutra\u0161nje okoline te je stoga radi bolje i pravovremene reakcije i prilagodbe na te promjene i budu\u0107a kretanja potrebno prou\u010diti glavne faktore utjecaja. Tako su obra\u0111eni prirodni, tr\u017ei\u0161ni, ekonomski, normativni i ekolo\u0161ki faktori razvoja golf turizma. Razvoj golf turizma usko je povezan s izgradnjom i funkcioniranjem golf igrali\u0161ta, jer je ono temelj i osnova dolaska i boravka golfera turista na nekom podru\u010dju. Iz tog razloga su se u ovoj knjizi istra\u017eile postavke menad\u017ementa golf igrali\u0161ta kao osnove opstanka i funkcioniranja gof igrali\u0161ta na turisti\u010dkom tr\u017ei\u0161tu. Tako\u0111er su sve postavke o razvoju golf turizma primijenjene na konkretnom primjeru razvoja golf turizma u turisti\u010dkoj destinaciji Istra kako bi se dokazala teza da jeimplementacija ovog segmenta turizma od strate\u0161ke va\u017enosti za razvoj ukupnog turizma u Istri. O\u010dekivani doprinos ekonomskoj znanosti ove knjige u aplikativnom smislu temelji se na formuliranju profila i modela suvremenih menad\u017eera inovativnog tipa koji su sposobni implementirati golf turizam u ukupni turisti\u010dki razvoj Istre i Republike Hrvatske.<\/p>\n<p style=\"text-align: justify;\"><strong>Bilje\u0161ka o autorima:<\/strong> <\/p>\n<p><strong>Zoran Jeremi\u0107<\/strong> ro\u0111en je 23.07.1967.god. u Rijeci gdje je nakon zavr\u0161ene srednje \u0161kole poha\u0111ao Hotelijerski fakultet u Opatiji te je pod mentorstvom prof.dr.sc. Zorana Ivanovi\u0107a diplomirao s temom \u201eFinancije korporacija\u201c i stekao naziv diplomirani ekonomist za ugostiteljstvo i turizam. Od 2006. \u2013 2008. god. poha\u0111a poslijediplomski specijalisti\u010dki studij na Ekonomskom fakultetu u Osijeku, smjer \u201eOrganizacija i management\u201c gdje je pod mentorstvom dr.sc. Dra\u017eena Barkovi\u0107a uz uspje\u0161nu obranu radnje pod nazivom \u201eRelevantne zna\u010dajke integracije golfa u razvoj turisti\u010dke destinacije Istre\u201c stekao zvanje sveu\u010dili\u0161nog specijalista ekonomije (univ.spec.oec). Na istom fakultetu je uspje\u0161no apsolvirao poslijediplomski doktorski studij \u201eManagement\u201c gdje je pod mentorstvom dr.sc. Mane Medi\u0107a uz obranu doktorske disertacije pod nazivom \u201eGolf turizam-izazovi i perspektive razvoja\u201c stekao zvanje doktora znanosti iz podru\u010dja ekonomije. Od 2000. do 2003. godine radi kao referent marketinga u putni\u010dkoj agenciji \u00abGuidina\u00bb d.o.o. Novigrad. Od 2003.godine prelazi u Visoku poslovnu \u0161kolu s pravom javnosti u Vi\u0161njanu gdje radi do danas kao predava\u010d stru\u010dnih predmeta iz podru\u010dja turizma. Objavio je 16 znanstvenih radova na temu turizma i golf te je aktivni igra\u010d golfa od 1996. godine.<\/p>\n<p style=\"text-align: justify;\"><strong>Dra\u017een Kostelac<\/strong> ro\u0111en je 16. srpnja 1968. u Oto\u010dcu, Republika Hrvatska. Nakon zavr\u0161ene srednje \u0161kole upisuje Tehni\u010dki fakultet Sveu\u010dili\u0161ta u Rijeci kojeg je zavr\u0161io 1993. godine, a 2004. godine na \u201cHITA Academy\u201d, Zagreb zavr\u0161ava specijalisti\u010dki magisterij iz projektnog menad\u017ementa. Na Tehni\u010dkom fakultetu Sveu\u010dili\u0161ta u Rijeci uspje\u0161no apsolvirao poslijediplomski doktorski studij gdje pod mentorstvom prof.dr.sc. Milana Ikoni\u0107a na temu \u201eImplementacija projektnog pristupa planiranju na razini strate\u0161kog planiranja\u201c 2014.godine stje\u010de zvanje doktora znanosti iz podru\u010dja tehni\u010dkih znanosti. Profesionalnu karijeru zapo\u010deo je u tehni\u010dkom uredu \u201eCroatia Line\u201c d.d. Rijeka do 1999. godine, nastavio kao PMO manager u \u201eJGL\u201c-ud.d., Rijeka do 2012. Od listopada 2012 radi kao savjetnik i Projektni menad\u017eer u tvrtki \u201eAitac\u201c d.o.o, Kastav, te Program manager me\u0111unarodnih strate\u0161kih projekata u \u201eSystec Automation\u201c d.o.o &#038; \u201e Danielli Group\u201c s.p.a Udine,Italy. Trenutno je zaposlen kao predava\u010d i konzultant na VP\u0160 PAR d.o.o Rijeka u kolegijima strate\u0161kog i projektnog menad\u017ementa. Kao autor ili u koautorstvu objavio je deset znanstvenih radova u \u010dasopisima i zbornicima doma\u0107ih i me\u0111unarodnih znanstvenih skupova iz podru\u010dja projektnog menad\u017ementa i osiguranja kvalitete.<\/p>\n<p style=\"text-align: justify;\"><strong>Klju\u010dne rije\u010di:<\/strong> GOLF, TURIZAM, GOLF TURIZAM, GOLF PROJEKTI, PROJEKTNI MENAD\u017dMENT<\/p>\n<p><strong>E-mail:<\/strong> <a href=\"mailto:jeremic_zoran@net.hr\">Zoran Jeremi\u0107<\/a><\/p>\n<p style=\"text-align: justify;\"><strong>Naslov:<\/strong> Golf turizam<br \/><strong>Autori:<\/strong> Zoran Jeremi\u0107, Dra\u017een Kostelac<br \/><strong>Broj stranica:<\/strong> 166<br \/><strong>Nakladnik:<\/strong> REDAK<br \/><strong>Godina izdanja:<\/strong> 2015.<br \/><strong>ISBN:<\/strong> 978-953-336-269-4<br \/><strong>Tisak:<\/strong> digitalni tisak knjiga &#8211; print na zahtjev\u00a0<\/p>\n<hr \/>\n<p><strong>Kako naru\u010diti knjigu?\u00a0<\/strong>Proces online kupovine jednako funkcionira za sve kupce, s jedinom razlikom u tome \u0161to \u0161to kupci iz inozemstva za podru\u010dje dostave moraju odabrati &#8220;Europa&#8221; ili &#8220;Ostale zemlje svijeta&#8221;, a za vrstu pla\u0107anja WSPay (kreditna kartica) ili Virmanom (bankovni transfer).<\/p>\n<p>Molimo kliknite ovdje za\u00a0<a href=\"hr\/kako-kupovati\" target=\"_blank\" rel=\"noopener\">detaljni vodi\u010d kroz proces narud\u017ebe<\/a>\u00a0ili nas\u00a0<a href=\"hr\/kontakt\" target=\"_blank\" rel=\"noopener\">kontaktirajte<\/a>\u00a0za vi\u0161e informacija.<\/p>\n","protected":false},"excerpt":{"rendered":"<p>Sa\u017eetak: Turizam i sport predstavljaju dinami\u010dne i progresivne svjetske dru\u0161tvene procese, te su postali vrlo popularne dru\u0161tvene aktivnosti i dio globalne kulture. Oni su komplementarni dijelovi industrije slobodnog vremena, me\u0111usobno se nadopunjuju i imaju brojna zajedni\u010dka interesna podru\u010dja. Razvoj posebnih oblika turisti\u010dke rekreacije predstavlja izme\u0111u ostalih jednu od temeljnih karakteristika suvremenih tendencija u svjetskom turizmu. [&hellip;]<\/p>\n","protected":false},"featured_media":8184,"comment_status":"open","ping_status":"closed","template":"","meta":{"_acf_changed":false},"product_brand":[],"product_cat":[1517],"product_tag":[],"class_list":{"0":"post-8183","1":"product","2":"type-product","3":"status-publish","4":"has-post-thumbnail","6":"product_cat-strucna-literatura","7":"pa_autor-drazen-kostelac","8":"pa_autor-zoran-jeremic","9":"pa_nakladnik-redak","11":"first","12":"instock","13":"shipping-taxable","14":"purchasable","15":"product-type-simple"},"acf":[],"yoast_head":"<!-- This site is optimized with the Yoast SEO plugin v27.3 - https:\/\/yoast.com\/product\/yoast-seo-wordpress\/ -->\n<title>GOLF TURIZAM, Zoran Jeremi\u0107, Dra\u017een Kostelac - Web-knji\u017eara<\/title>\n<meta name=\"robots\" content=\"index, follow, max-snippet:-1, max-image-preview:large, max-video-preview:-1\" \/>\n<link rel=\"canonical\" href=\"https:\/\/webknjizara.hr\/proizvod\/golf-turizam-zoran-jeremic-drazen-kostelac\/\" \/>\n<meta property=\"og:locale\" content=\"en_US\" \/>\n<meta property=\"og:type\" content=\"article\" \/>\n<meta property=\"og:title\" content=\"GOLF TURIZAM, Zoran Jeremi\u0107, Dra\u017een Kostelac - Web-knji\u017eara\" \/>\n<meta property=\"og:description\" content=\"Sa\u017eetak: Turizam i sport predstavljaju dinami\u010dne i progresivne svjetske dru\u0161tvene procese, te su postali vrlo popularne dru\u0161tvene aktivnosti i dio globalne kulture. Oni su komplementarni dijelovi industrije slobodnog vremena, me\u0111usobno se nadopunjuju i imaju brojna zajedni\u010dka interesna podru\u010dja. Razvoj posebnih oblika turisti\u010dke rekreacije predstavlja izme\u0111u ostalih jednu od temeljnih karakteristika suvremenih tendencija u svjetskom turizmu. [&hellip;]\" \/>\n<meta property=\"og:url\" content=\"https:\/\/webknjizara.hr\/proizvod\/golf-turizam-zoran-jeremic-drazen-kostelac\/\" \/>\n<meta property=\"og:site_name\" content=\"Web-knji\u017eara\" \/>\n<meta property=\"article:modified_time\" content=\"2023-02-26T23:16:40+00:00\" \/>\n<meta property=\"og:image\" content=\"https:\/\/webknjizara.hr\/wp-content\/uploads\/nc\/images\/virtuemart\/product\/golf-turizam-zo-56e2f03b073c0.jpg\" \/>\n\t<meta property=\"og:image:width\" content=\"358\" \/>\n\t<meta property=\"og:image:height\" content=\"500\" \/>\n\t<meta property=\"og:image:type\" content=\"image\/jpeg\" \/>\n<meta name=\"twitter:card\" content=\"summary_large_image\" \/>\n<meta name=\"twitter:label1\" content=\"Est. reading time\" \/>\n\t<meta name=\"twitter:data1\" content=\"4 minutes\" \/>\n<script type=\"application\/ld+json\" class=\"yoast-schema-graph\">{\"@context\":\"https:\\\/\\\/schema.org\",\"@graph\":[{\"@type\":\"WebPage\",\"@id\":\"https:\\\/\\\/webknjizara.hr\\\/proizvod\\\/golf-turizam-zoran-jeremic-drazen-kostelac\\\/\",\"url\":\"https:\\\/\\\/webknjizara.hr\\\/proizvod\\\/golf-turizam-zoran-jeremic-drazen-kostelac\\\/\",\"name\":\"GOLF TURIZAM, Zoran Jeremi\u0107, Dra\u017een Kostelac - Web-knji\u017eara\",\"isPartOf\":{\"@id\":\"https:\\\/\\\/webknjizara.hr\\\/#website\"},\"primaryImageOfPage\":{\"@id\":\"https:\\\/\\\/webknjizara.hr\\\/proizvod\\\/golf-turizam-zoran-jeremic-drazen-kostelac\\\/#primaryimage\"},\"image\":{\"@id\":\"https:\\\/\\\/webknjizara.hr\\\/proizvod\\\/golf-turizam-zoran-jeremic-drazen-kostelac\\\/#primaryimage\"},\"thumbnailUrl\":\"https:\\\/\\\/webknjizara.hr\\\/wp-content\\\/uploads\\\/nc\\\/images\\\/virtuemart\\\/product\\\/golf-turizam-zo-56e2f03b073c0.jpg\",\"datePublished\":\"2016-03-11T16:20:11+00:00\",\"dateModified\":\"2023-02-26T23:16:40+00:00\",\"breadcrumb\":{\"@id\":\"https:\\\/\\\/webknjizara.hr\\\/proizvod\\\/golf-turizam-zoran-jeremic-drazen-kostelac\\\/#breadcrumb\"},\"inLanguage\":\"en-US\",\"potentialAction\":[{\"@type\":\"ReadAction\",\"target\":[\"https:\\\/\\\/webknjizara.hr\\\/proizvod\\\/golf-turizam-zoran-jeremic-drazen-kostelac\\\/\"]}]},{\"@type\":\"ImageObject\",\"inLanguage\":\"en-US\",\"@id\":\"https:\\\/\\\/webknjizara.hr\\\/proizvod\\\/golf-turizam-zoran-jeremic-drazen-kostelac\\\/#primaryimage\",\"url\":\"https:\\\/\\\/webknjizara.hr\\\/wp-content\\\/uploads\\\/nc\\\/images\\\/virtuemart\\\/product\\\/golf-turizam-zo-56e2f03b073c0.jpg\",\"contentUrl\":\"https:\\\/\\\/webknjizara.hr\\\/wp-content\\\/uploads\\\/nc\\\/images\\\/virtuemart\\\/product\\\/golf-turizam-zo-56e2f03b073c0.jpg\",\"width\":358,\"height\":500,\"caption\":\"GOLF TURIZAM, Zoran Jeremi\u0107, Dra\u017een Kostelac\"},{\"@type\":\"BreadcrumbList\",\"@id\":\"https:\\\/\\\/webknjizara.hr\\\/proizvod\\\/golf-turizam-zoran-jeremic-drazen-kostelac\\\/#breadcrumb\",\"itemListElement\":[{\"@type\":\"ListItem\",\"position\":1,\"name\":\"Po\u010detna stranica\",\"item\":\"https:\\\/\\\/webknjizara.hr\\\/en\\\/\"},{\"@type\":\"ListItem\",\"position\":2,\"name\":\"Shop\",\"item\":\"https:\\\/\\\/webknjizara.hr\\\/shop\\\/\"},{\"@type\":\"ListItem\",\"position\":3,\"name\":\"GOLF TURIZAM, Zoran Jeremi\u0107, Dra\u017een Kostelac\"}]},{\"@type\":\"WebSite\",\"@id\":\"https:\\\/\\\/webknjizara.hr\\\/#website\",\"url\":\"https:\\\/\\\/webknjizara.hr\\\/\",\"name\":\"Web Knji\u017eara\",\"description\":\"\",\"publisher\":{\"@id\":\"https:\\\/\\\/webknjizara.hr\\\/#organization\"},\"potentialAction\":[{\"@type\":\"SearchAction\",\"target\":{\"@type\":\"EntryPoint\",\"urlTemplate\":\"https:\\\/\\\/webknjizara.hr\\\/?s={search_term_string}\"},\"query-input\":{\"@type\":\"PropertyValueSpecification\",\"valueRequired\":true,\"valueName\":\"search_term_string\"}}],\"inLanguage\":\"en-US\"},{\"@type\":\"Organization\",\"@id\":\"https:\\\/\\\/webknjizara.hr\\\/#organization\",\"name\":\"REDAK D.O.O.\",\"url\":\"https:\\\/\\\/webknjizara.hr\\\/\",\"logo\":{\"@type\":\"ImageObject\",\"inLanguage\":\"en-US\",\"@id\":\"https:\\\/\\\/webknjizara.hr\\\/#\\\/schema\\\/logo\\\/image\\\/\",\"url\":\"https:\\\/\\\/webknjizara.hr\\\/wp-content\\\/uploads\\\/2023\\\/01\\\/web-knjizara-logo.webp\",\"contentUrl\":\"https:\\\/\\\/webknjizara.hr\\\/wp-content\\\/uploads\\\/2023\\\/01\\\/web-knjizara-logo.webp\",\"width\":324,\"height\":79,\"caption\":\"REDAK D.O.O.\"},\"image\":{\"@id\":\"https:\\\/\\\/webknjizara.hr\\\/#\\\/schema\\\/logo\\\/image\\\/\"}}]}<\/script>\n<!-- \/ Yoast SEO plugin. -->","yoast_head_json":{"title":"GOLF TURIZAM, Zoran Jeremi\u0107, Dra\u017een Kostelac - Web-knji\u017eara","robots":{"index":"index","follow":"follow","max-snippet":"max-snippet:-1","max-image-preview":"max-image-preview:large","max-video-preview":"max-video-preview:-1"},"canonical":"https:\/\/webknjizara.hr\/proizvod\/golf-turizam-zoran-jeremic-drazen-kostelac\/","og_locale":"en_US","og_type":"article","og_title":"GOLF TURIZAM, Zoran Jeremi\u0107, Dra\u017een Kostelac - Web-knji\u017eara","og_description":"Sa\u017eetak: Turizam i sport predstavljaju dinami\u010dne i progresivne svjetske dru\u0161tvene procese, te su postali vrlo popularne dru\u0161tvene aktivnosti i dio globalne kulture. Oni su komplementarni dijelovi industrije slobodnog vremena, me\u0111usobno se nadopunjuju i imaju brojna zajedni\u010dka interesna podru\u010dja. Razvoj posebnih oblika turisti\u010dke rekreacije predstavlja izme\u0111u ostalih jednu od temeljnih karakteristika suvremenih tendencija u svjetskom turizmu. [&hellip;]","og_url":"https:\/\/webknjizara.hr\/proizvod\/golf-turizam-zoran-jeremic-drazen-kostelac\/","og_site_name":"Web-knji\u017eara","article_modified_time":"2023-02-26T23:16:40+00:00","og_image":[{"width":358,"height":500,"url":"https:\/\/webknjizara.hr\/wp-content\/uploads\/nc\/images\/virtuemart\/product\/golf-turizam-zo-56e2f03b073c0.jpg","type":"image\/jpeg"}],"twitter_card":"summary_large_image","twitter_misc":{"Est. reading time":"4 minutes"},"schema":{"@context":"https:\/\/schema.org","@graph":[{"@type":"WebPage","@id":"https:\/\/webknjizara.hr\/proizvod\/golf-turizam-zoran-jeremic-drazen-kostelac\/","url":"https:\/\/webknjizara.hr\/proizvod\/golf-turizam-zoran-jeremic-drazen-kostelac\/","name":"GOLF TURIZAM, Zoran Jeremi\u0107, Dra\u017een Kostelac - Web-knji\u017eara","isPartOf":{"@id":"https:\/\/webknjizara.hr\/#website"},"primaryImageOfPage":{"@id":"https:\/\/webknjizara.hr\/proizvod\/golf-turizam-zoran-jeremic-drazen-kostelac\/#primaryimage"},"image":{"@id":"https:\/\/webknjizara.hr\/proizvod\/golf-turizam-zoran-jeremic-drazen-kostelac\/#primaryimage"},"thumbnailUrl":"https:\/\/webknjizara.hr\/wp-content\/uploads\/nc\/images\/virtuemart\/product\/golf-turizam-zo-56e2f03b073c0.jpg","datePublished":"2016-03-11T16:20:11+00:00","dateModified":"2023-02-26T23:16:40+00:00","breadcrumb":{"@id":"https:\/\/webknjizara.hr\/proizvod\/golf-turizam-zoran-jeremic-drazen-kostelac\/#breadcrumb"},"inLanguage":"en-US","potentialAction":[{"@type":"ReadAction","target":["https:\/\/webknjizara.hr\/proizvod\/golf-turizam-zoran-jeremic-drazen-kostelac\/"]}]},{"@type":"ImageObject","inLanguage":"en-US","@id":"https:\/\/webknjizara.hr\/proizvod\/golf-turizam-zoran-jeremic-drazen-kostelac\/#primaryimage","url":"https:\/\/webknjizara.hr\/wp-content\/uploads\/nc\/images\/virtuemart\/product\/golf-turizam-zo-56e2f03b073c0.jpg","contentUrl":"https:\/\/webknjizara.hr\/wp-content\/uploads\/nc\/images\/virtuemart\/product\/golf-turizam-zo-56e2f03b073c0.jpg","width":358,"height":500,"caption":"GOLF TURIZAM, Zoran Jeremi\u0107, Dra\u017een Kostelac"},{"@type":"BreadcrumbList","@id":"https:\/\/webknjizara.hr\/proizvod\/golf-turizam-zoran-jeremic-drazen-kostelac\/#breadcrumb","itemListElement":[{"@type":"ListItem","position":1,"name":"Po\u010detna stranica","item":"https:\/\/webknjizara.hr\/en\/"},{"@type":"ListItem","position":2,"name":"Shop","item":"https:\/\/webknjizara.hr\/shop\/"},{"@type":"ListItem","position":3,"name":"GOLF TURIZAM, Zoran Jeremi\u0107, Dra\u017een Kostelac"}]},{"@type":"WebSite","@id":"https:\/\/webknjizara.hr\/#website","url":"https:\/\/webknjizara.hr\/","name":"Web Knji\u017eara","description":"","publisher":{"@id":"https:\/\/webknjizara.hr\/#organization"},"potentialAction":[{"@type":"SearchAction","target":{"@type":"EntryPoint","urlTemplate":"https:\/\/webknjizara.hr\/?s={search_term_string}"},"query-input":{"@type":"PropertyValueSpecification","valueRequired":true,"valueName":"search_term_string"}}],"inLanguage":"en-US"},{"@type":"Organization","@id":"https:\/\/webknjizara.hr\/#organization","name":"REDAK D.O.O.","url":"https:\/\/webknjizara.hr\/","logo":{"@type":"ImageObject","inLanguage":"en-US","@id":"https:\/\/webknjizara.hr\/#\/schema\/logo\/image\/","url":"https:\/\/webknjizara.hr\/wp-content\/uploads\/2023\/01\/web-knjizara-logo.webp","contentUrl":"https:\/\/webknjizara.hr\/wp-content\/uploads\/2023\/01\/web-knjizara-logo.webp","width":324,"height":79,"caption":"REDAK D.O.O."},"image":{"@id":"https:\/\/webknjizara.hr\/#\/schema\/logo\/image\/"}}]}},"_links":{"self":[{"href":"https:\/\/webknjizara.hr\/en\/wp-json\/wp\/v2\/product\/8183","targetHints":{"allow":["GET"]}}],"collection":[{"href":"https:\/\/webknjizara.hr\/en\/wp-json\/wp\/v2\/product"}],"about":[{"href":"https:\/\/webknjizara.hr\/en\/wp-json\/wp\/v2\/types\/product"}],"replies":[{"embeddable":true,"href":"https:\/\/webknjizara.hr\/en\/wp-json\/wp\/v2\/comments?post=8183"}],"wp:featuredmedia":[{"embeddable":true,"href":"https:\/\/webknjizara.hr\/en\/wp-json\/wp\/v2\/media\/8184"}],"wp:attachment":[{"href":"https:\/\/webknjizara.hr\/en\/wp-json\/wp\/v2\/media?parent=8183"}],"wp:term":[{"taxonomy":"product_brand","embeddable":true,"href":"https:\/\/webknjizara.hr\/en\/wp-json\/wp\/v2\/product_brand?post=8183"},{"taxonomy":"product_cat","embeddable":true,"href":"https:\/\/webknjizara.hr\/en\/wp-json\/wp\/v2\/product_cat?post=8183"},{"taxonomy":"product_tag","embeddable":true,"href":"https:\/\/webknjizara.hr\/en\/wp-json\/wp\/v2\/product_tag?post=8183"}],"curies":[{"name":"wp","href":"https:\/\/api.w.org\/{rel}","templated":true}]}}