{"id":8179,"date":"2016-03-07T16:41:55","date_gmt":"2016-03-07T16:41:55","guid":{"rendered":"https:\/\/webknjizara.hr\/?product=elektronicko-poslovanje-mila-nadrljanski-dorde-nadrljanski"},"modified":"2023-02-27T00:16:40","modified_gmt":"2023-02-26T23:16:40","slug":"elektronicko-poslovanje-mila-nadrljanski-dorde-nadrljanski","status":"publish","type":"product","link":"https:\/\/webknjizara.hr\/en\/proizvod\/elektronicko-poslovanje-mila-nadrljanski-dorde-nadrljanski\/","title":{"rendered":"ELEKTRONI\u010cKO POSLOVANJE, Mila Nadrljanski, \u0110or\u0111e Nadrljanski"},"content":{"rendered":"<p style=\"text-align: justify;\"><strong>Sa\u017eetak:<\/strong> <\/p>\n<p>Tradicionalno poslovanje zasnovano je na kori\u0161tenju strukturiranih papirnih dokumenata u op\u0107eprihva\u0107enoj komunikaciji izme\u0111u u\u010desnika u procesu poslovanja. Novina koju je sobom donijela tehnologija elektroni\u010dkog poslovanja <strong>(engl. e-Business)<\/strong> \u010desto se poistovjecuje i brka s pojmom elektroni\u010dkog trgovanja <strong>(engl. e-Commerce)<\/strong>. Elektroni\u010dko trgovanje uklju\u010duje razmjenu dobara i usluga izmedu kupaca, poslovnih partnera i prodavatelja (dobavlja\u010d interagira s proizvo\u0111a\u010dem, kupci s prodava\u010dima, a otpremnici (\u0161pediteri) s distributerima). Elektroni\u010dko poslovanje \u010dine svi ti elementi, ali tako\u0111er i operacije \u0161to se obavljaju unutar same tvrtke (upravljanje proizvodnjom, razvojem, korporacijskom infrastrukturom i proizvodima). Elektroni\u010dko poslovanje predstavlja razmjenu standardiziranih elektronskih poruka u obavljanju raznih poslova u kompanijama, bankama, upravi, aktivnostima gra\u0111ana i u drugim poslovnim transakcijama. U dana\u0161nje vrijeme izuzetno konkurentnog tr\u017ei\u0161ta svaka tvrtka tra\u017ei ono ne\u0161to \u010dime \u0107e se izdi\u0107i iznad konkurencije, ubrzati interne procese i na koncu smanjiti operativne tro\u0161kove uz istovremeno zadr\u017eavanje kvalitete krajnjeg proizvoda ili usluge. Predmet je usmjeren mladim, prakti\u010dno orijentiranim stru\u010dnjacima na razini inspekcijskog i kadrovskog menad\u017ementa, koji bi trebali kreativno uvoditi sustave za potporu elektroni\u010dkom poslovanju i uklapati ih u suvremene poslovne modele pomorskog poslovanja. Oni bi trebali postati eksperti koji kreiraju programska rje\u0161enja za potporu elektroni\u010dkom poslovanju te rukovodioci koji temelje svoje odluke na konzistentnim i kvantitativnim mjerama uspje\u0161nosti poduze\u0107a. Ispravno implementirane mobilne tehnologije mogu postati prevaga ka profitabilnijem i kvalitetnijem poslovanju. Elektroni\u010dko poslovanje, u svim vidovima poslovanja, vi\u0161e ne predstavlja opciju ili dodatnu mogu\u0107nost, ve\u0107 je to fundamentalna poslovna strategija. Mobilno poslovanje (M- poslovanje) predstavlja primjenu mobilnih tehnologija u poslovne svrhe, za pru\u017eanje usluga, trgovinu i obavljanje pla\u0107anja, u svrhu efikasnijeg poslovanja. M-poslovanje je aplikacijska infrastruktura koja podr\u017eava poslovne odnose, prodaju usluga i informacija uz pomo\u0107 mobilnog ure\u0111aja. M-poslovanje predstavlja novi kanal za e-poslovanje koji obzirom na osjetljivost na vrijeme i lokaciju predstavlja novu priliku za kreiranje novih poslovnih procesa i pobolj\u0161avanje starih. Usljed velikog napretka u infrastrukuri i u softveru, usljed ogromnog kapitala ulo\u017eenog u njihov razvoj, te usljed sve ve\u0107ih zahtjeva klijenata za mobilno\u0161\u0107u i poslovanjem u realnom vremenu, mobilne mre\u017ee bilje\u017ee sve ve\u0107i rast. Prema relevantnim istra\u017eivanjima, broj mobilnih pretplatnika na globalnom svjetskoj razini je gotovo dostigao ukupan broj stanovnika Zemlje. Postoje predvi\u0111anja da \u0107e u razvijenim zemljama svijeta sa velikim brojem Internet pretplatnika broj pretplatnika koji pristupaju internetu putem mobilnih ure\u0111aja veoma brzo prema\u0161iti broj pretplatnika koji mu pristupaju putem personalnih ra\u010dunala. Zato je dugoro\u010dnije gledano uvo\u0111enje mobilnog poslovanja i pravljenje mobilne strategije za vode\u0107e kompanije koje nastoje da ostanu konkurentne na globalnom svjetskoj razini od presudnog zna\u010daja . U knjizi su nazna\u010deni izvjesni pokazatelji i prednosti za\u0161to dolazi primata mobilnih mre\u017ea s tendencijom kontinuiranog porasta. To se manifestira na globalnoj svjetskoj razini unazad petnaestak godina i ima tendenciju kontinuiranog trenda, te navodi na op\u0107i zaklju\u010dak da je to ve\u0107 odavno postalo globalni svjetski pravac razvoja. U osnovne ciljeve ove knjige nalaze se zadaci i sadr\u017eaji koji omogu\u0107uju upoznavanje studenata sa aktualnim pitanjima i problemima radnog okru\u017eenja u poslovanju uop\u0107e a tako\u0111er, posebno pomorskom, kao i mjesta i uloge elektroni\u010dkog poslovanja u njemu. Osposobljavanje studenata za primjenu ste\u010denih stru\u010dnih i prakti\u010dnih znanja u menad\u017ementu i primjeni razli\u010ditih segmenata elektroni\u010dkog poslovanja u realnom poslovnom okru\u017eenju pomorskih organizacija. Razvoj vje\u0161tina i iskustava u timskom radu, kao i sposobnosti komuniciranja i suradnje. Mobilni pristup postavlja osnove za kreiranje nove, mobilne digitalne ekonomije. To je omogu\u0107ila integracije interneta i elektroni\u010dkog poslovanja. Knjiga sadr\u017ei brojne prednosti koje primjena mobilnog poslovanja mo\u017ee pru\u017eiti kako poduze\u0107ima, tako i njihovim korisnicima. Sve to je posljedica trendova, kao \u0161to su pove\u0107anje broja \u0161irokopojasnih mobilnih pretplatnika, pove\u0107avanje broja korisnika \u201epametnih\u201c telefona i tableta kako u razvijenim zemljama svijeta, tako i kod zemalja u razvoju, kod kojih je to jo\u0161 vi\u0161e izra\u017eeno budu\u0107i da su imale izuzetno nerazvijenu fiksnu telekomunikacijsku infrastrukturu te su orijentirale za strategiju razvoja mobilnih mre\u017ea. Kao konstataciju izlo\u017eene materije, moglo bi se zaklju\u010diti da dalji razvoj mobilnog poslovanja predstavlja op\u0107u neminovnost.<\/p>\n<p style=\"text-align: justify;\"><strong>Bilje\u0161ka o autorima:<br \/><\/strong><br \/> <strong>Dr.sc. Mila Nadrljanski, Rogulji\u0107<\/strong>, izvanredni profesor, znanstveno polje: informatika i informacijske tehnologije, informacijske znanosti, grana komunikologija. Diplomirala je na Fakultetu elektrotehnike, strojarstva i brodogradnje u Splitu 1984. i obranila magistarski rad u polju Automatike 1994. 2006. je dobila akademsku titulu doktora informacijskih znanosti, grana komunikologija. U 2011 je izabrana za akademsku titulu izvanrednog profesora, podru\u010dje dru\u0161tvenih znanosti, polje informacijskih znanosti, grana komunikologija. Dr.sc. Mila Nadrljanski ima bogat znanstveni i stru\u010dni opus; autor je 20 knjiga i vi\u0161e od 100 znanstvenih i stru\u010dnih radova. Trenutno radi na Pomorskom fakultetu u Splitu.<\/p>\n<p><strong>Dr.sc. \u0110or\u0111e Nadrljanski<\/strong>, znanstveno polje: informatika i informacijske tehnologije; kolegiji: Menad\u017ement informacijskih sistema, Informacijski sistemi, Metodologija znanstvenog rada i Informatika u obrazovanju. Diplomirao je na Fakultetu strojarstva u Beogradu 1968., a magistrirao 1973. Obranio je doktorsku disertaciju u podru\u010dju kibernetike i informacijskih znanosti na Fakultetu politi\u010dkih znanosti u Beogradu 1977. 1984. je izabran za redovitog profesora u znanstvenom podru\u010dju informatika i informacijske tehnologije. Dr.sc. \u0110or\u0111e Nadrljanski ima bogat znanstveni i stru\u010dni opus; autor je 62 knjige (vi\u0161e od 300 znanstvenih radova i 70 projekata u podru\u010dju informatike). Nadzirao je 22 doktorske disertacije, 46 magistarskih radova i 15 stru\u010dnih radova te je bio mentor na oko 250 radova. Predavao je kao gostuju\u0107i profesor na redovnim i poslijediplomskim studijima informatike na fakultetima u Novom Sadu, Beogradu, Rijeci, Splitu, Zadru, Osijeku i Zagrebu.<\/p>\n<p style=\"text-align: justify;\"><strong>Klju\u010dne rije\u010di:<\/strong> e-Business, e-Commerce, M-Commerce,e-poslovanje<\/p>\n<p><strong>E-mail:<\/strong> <a href=\"mailto:milamika60@yahoo.com\">Mila Nadrljanski<\/a><\/p>\n<p style=\"text-align: justify;\"><strong>Naslov:<\/strong> ELEKTRONI\u010cKO POSLOVANJE<br \/><strong>Autori:<\/strong> Mila Nadrljanski, \u0110or\u0111e Nadrljanski<br \/><strong>Broj stranica:<\/strong> 116<br \/><strong>Nakladnik:<\/strong> REDAK<br \/><strong>Godina izdanja:<\/strong> 2016.<br \/><strong>ISBN:<\/strong> 978-953-336-278-6<br \/><strong>Tisak:<\/strong> digitalni tisak knjiga &#8211; print na zahtjev<\/p>\n","protected":false},"excerpt":{"rendered":"<p>Sa\u017eetak: Tradicionalno poslovanje zasnovano je na kori\u0161tenju strukturiranih papirnih dokumenata u op\u0107eprihva\u0107enoj komunikaciji izme\u0111u u\u010desnika u procesu poslovanja. Novina koju je sobom donijela tehnologija elektroni\u010dkog poslovanja (engl. e-Business) \u010desto se poistovjecuje i brka s pojmom elektroni\u010dkog trgovanja (engl. e-Commerce). Elektroni\u010dko trgovanje uklju\u010duje razmjenu dobara i usluga izmedu kupaca, poslovnih partnera i prodavatelja (dobavlja\u010d interagira s [&hellip;]<\/p>\n","protected":false},"featured_media":8180,"comment_status":"open","ping_status":"closed","template":"","meta":{"_acf_changed":false},"product_brand":[],"product_cat":[1517,1390],"product_tag":[],"class_list":{"0":"post-8179","1":"product","2":"type-product","3":"status-publish","4":"has-post-thumbnail","6":"product_cat-strucna-literatura","7":"product_cat-drustvene-znanosti","8":"pa_autor-dorde-nadrljanski","9":"pa_autor-mila-nadrljanski","10":"pa_nakladnik-redak","12":"first","13":"instock","14":"shipping-taxable","15":"purchasable","16":"product-type-simple"},"acf":[],"yoast_head":"<!-- This site is optimized with the Yoast SEO plugin v27.3 - https:\/\/yoast.com\/product\/yoast-seo-wordpress\/ -->\n<title>ELEKTRONI\u010cKO POSLOVANJE, Mila Nadrljanski, \u0110or\u0111e Nadrljanski - Web-knji\u017eara<\/title>\n<meta name=\"robots\" content=\"index, follow, max-snippet:-1, max-image-preview:large, max-video-preview:-1\" \/>\n<link rel=\"canonical\" href=\"https:\/\/webknjizara.hr\/proizvod\/elektronicko-poslovanje-mila-nadrljanski-dorde-nadrljanski\/\" \/>\n<meta property=\"og:locale\" content=\"en_US\" \/>\n<meta property=\"og:type\" content=\"article\" \/>\n<meta property=\"og:title\" content=\"ELEKTRONI\u010cKO POSLOVANJE, Mila Nadrljanski, \u0110or\u0111e Nadrljanski - Web-knji\u017eara\" \/>\n<meta property=\"og:description\" content=\"Sa\u017eetak: Tradicionalno poslovanje zasnovano je na kori\u0161tenju strukturiranih papirnih dokumenata u op\u0107eprihva\u0107enoj komunikaciji izme\u0111u u\u010desnika u procesu poslovanja. Novina koju je sobom donijela tehnologija elektroni\u010dkog poslovanja (engl. e-Business) \u010desto se poistovjecuje i brka s pojmom elektroni\u010dkog trgovanja (engl. e-Commerce). Elektroni\u010dko trgovanje uklju\u010duje razmjenu dobara i usluga izmedu kupaca, poslovnih partnera i prodavatelja (dobavlja\u010d interagira s [&hellip;]\" \/>\n<meta property=\"og:url\" content=\"https:\/\/webknjizara.hr\/proizvod\/elektronicko-poslovanje-mila-nadrljanski-dorde-nadrljanski\/\" \/>\n<meta property=\"og:site_name\" content=\"Web-knji\u017eara\" \/>\n<meta property=\"article:modified_time\" content=\"2023-02-26T23:16:40+00:00\" \/>\n<meta property=\"og:image\" content=\"https:\/\/webknjizara.hr\/wp-content\/uploads\/nc\/images\/virtuemart\/product\/elektroni-ko-po-56ddaf534327a.jpg\" \/>\n\t<meta property=\"og:image:width\" content=\"358\" \/>\n\t<meta property=\"og:image:height\" content=\"500\" \/>\n\t<meta property=\"og:image:type\" content=\"image\/jpeg\" \/>\n<meta name=\"twitter:card\" content=\"summary_large_image\" \/>\n<meta name=\"twitter:label1\" content=\"Est. reading time\" \/>\n\t<meta name=\"twitter:data1\" content=\"5 minutes\" \/>\n<script type=\"application\/ld+json\" class=\"yoast-schema-graph\">{\"@context\":\"https:\\\/\\\/schema.org\",\"@graph\":[{\"@type\":\"WebPage\",\"@id\":\"https:\\\/\\\/webknjizara.hr\\\/proizvod\\\/elektronicko-poslovanje-mila-nadrljanski-dorde-nadrljanski\\\/\",\"url\":\"https:\\\/\\\/webknjizara.hr\\\/proizvod\\\/elektronicko-poslovanje-mila-nadrljanski-dorde-nadrljanski\\\/\",\"name\":\"ELEKTRONI\u010cKO POSLOVANJE, Mila Nadrljanski, \u0110or\u0111e Nadrljanski - Web-knji\u017eara\",\"isPartOf\":{\"@id\":\"https:\\\/\\\/webknjizara.hr\\\/#website\"},\"primaryImageOfPage\":{\"@id\":\"https:\\\/\\\/webknjizara.hr\\\/proizvod\\\/elektronicko-poslovanje-mila-nadrljanski-dorde-nadrljanski\\\/#primaryimage\"},\"image\":{\"@id\":\"https:\\\/\\\/webknjizara.hr\\\/proizvod\\\/elektronicko-poslovanje-mila-nadrljanski-dorde-nadrljanski\\\/#primaryimage\"},\"thumbnailUrl\":\"https:\\\/\\\/webknjizara.hr\\\/wp-content\\\/uploads\\\/nc\\\/images\\\/virtuemart\\\/product\\\/elektroni-ko-po-56ddaf534327a.jpg\",\"datePublished\":\"2016-03-07T16:41:55+00:00\",\"dateModified\":\"2023-02-26T23:16:40+00:00\",\"breadcrumb\":{\"@id\":\"https:\\\/\\\/webknjizara.hr\\\/proizvod\\\/elektronicko-poslovanje-mila-nadrljanski-dorde-nadrljanski\\\/#breadcrumb\"},\"inLanguage\":\"en-US\",\"potentialAction\":[{\"@type\":\"ReadAction\",\"target\":[\"https:\\\/\\\/webknjizara.hr\\\/proizvod\\\/elektronicko-poslovanje-mila-nadrljanski-dorde-nadrljanski\\\/\"]}]},{\"@type\":\"ImageObject\",\"inLanguage\":\"en-US\",\"@id\":\"https:\\\/\\\/webknjizara.hr\\\/proizvod\\\/elektronicko-poslovanje-mila-nadrljanski-dorde-nadrljanski\\\/#primaryimage\",\"url\":\"https:\\\/\\\/webknjizara.hr\\\/wp-content\\\/uploads\\\/nc\\\/images\\\/virtuemart\\\/product\\\/elektroni-ko-po-56ddaf534327a.jpg\",\"contentUrl\":\"https:\\\/\\\/webknjizara.hr\\\/wp-content\\\/uploads\\\/nc\\\/images\\\/virtuemart\\\/product\\\/elektroni-ko-po-56ddaf534327a.jpg\",\"width\":358,\"height\":500,\"caption\":\"ELEKTRONI\u010cKO POSLOVANJE, Mila Nadrljanski, \u0110or\u0111e Nadrljanski\"},{\"@type\":\"BreadcrumbList\",\"@id\":\"https:\\\/\\\/webknjizara.hr\\\/proizvod\\\/elektronicko-poslovanje-mila-nadrljanski-dorde-nadrljanski\\\/#breadcrumb\",\"itemListElement\":[{\"@type\":\"ListItem\",\"position\":1,\"name\":\"Po\u010detna stranica\",\"item\":\"https:\\\/\\\/webknjizara.hr\\\/en\\\/\"},{\"@type\":\"ListItem\",\"position\":2,\"name\":\"Shop\",\"item\":\"https:\\\/\\\/webknjizara.hr\\\/shop\\\/\"},{\"@type\":\"ListItem\",\"position\":3,\"name\":\"ELEKTRONI\u010cKO POSLOVANJE, Mila Nadrljanski, \u0110or\u0111e Nadrljanski\"}]},{\"@type\":\"WebSite\",\"@id\":\"https:\\\/\\\/webknjizara.hr\\\/#website\",\"url\":\"https:\\\/\\\/webknjizara.hr\\\/\",\"name\":\"Web Knji\u017eara\",\"description\":\"\",\"publisher\":{\"@id\":\"https:\\\/\\\/webknjizara.hr\\\/#organization\"},\"potentialAction\":[{\"@type\":\"SearchAction\",\"target\":{\"@type\":\"EntryPoint\",\"urlTemplate\":\"https:\\\/\\\/webknjizara.hr\\\/?s={search_term_string}\"},\"query-input\":{\"@type\":\"PropertyValueSpecification\",\"valueRequired\":true,\"valueName\":\"search_term_string\"}}],\"inLanguage\":\"en-US\"},{\"@type\":\"Organization\",\"@id\":\"https:\\\/\\\/webknjizara.hr\\\/#organization\",\"name\":\"REDAK D.O.O.\",\"url\":\"https:\\\/\\\/webknjizara.hr\\\/\",\"logo\":{\"@type\":\"ImageObject\",\"inLanguage\":\"en-US\",\"@id\":\"https:\\\/\\\/webknjizara.hr\\\/#\\\/schema\\\/logo\\\/image\\\/\",\"url\":\"https:\\\/\\\/webknjizara.hr\\\/wp-content\\\/uploads\\\/2023\\\/01\\\/web-knjizara-logo.webp\",\"contentUrl\":\"https:\\\/\\\/webknjizara.hr\\\/wp-content\\\/uploads\\\/2023\\\/01\\\/web-knjizara-logo.webp\",\"width\":324,\"height\":79,\"caption\":\"REDAK D.O.O.\"},\"image\":{\"@id\":\"https:\\\/\\\/webknjizara.hr\\\/#\\\/schema\\\/logo\\\/image\\\/\"}}]}<\/script>\n<!-- \/ Yoast SEO plugin. -->","yoast_head_json":{"title":"ELEKTRONI\u010cKO POSLOVANJE, Mila Nadrljanski, \u0110or\u0111e Nadrljanski - Web-knji\u017eara","robots":{"index":"index","follow":"follow","max-snippet":"max-snippet:-1","max-image-preview":"max-image-preview:large","max-video-preview":"max-video-preview:-1"},"canonical":"https:\/\/webknjizara.hr\/proizvod\/elektronicko-poslovanje-mila-nadrljanski-dorde-nadrljanski\/","og_locale":"en_US","og_type":"article","og_title":"ELEKTRONI\u010cKO POSLOVANJE, Mila Nadrljanski, \u0110or\u0111e Nadrljanski - Web-knji\u017eara","og_description":"Sa\u017eetak: Tradicionalno poslovanje zasnovano je na kori\u0161tenju strukturiranih papirnih dokumenata u op\u0107eprihva\u0107enoj komunikaciji izme\u0111u u\u010desnika u procesu poslovanja. Novina koju je sobom donijela tehnologija elektroni\u010dkog poslovanja (engl. e-Business) \u010desto se poistovjecuje i brka s pojmom elektroni\u010dkog trgovanja (engl. e-Commerce). Elektroni\u010dko trgovanje uklju\u010duje razmjenu dobara i usluga izmedu kupaca, poslovnih partnera i prodavatelja (dobavlja\u010d interagira s [&hellip;]","og_url":"https:\/\/webknjizara.hr\/proizvod\/elektronicko-poslovanje-mila-nadrljanski-dorde-nadrljanski\/","og_site_name":"Web-knji\u017eara","article_modified_time":"2023-02-26T23:16:40+00:00","og_image":[{"width":358,"height":500,"url":"https:\/\/webknjizara.hr\/wp-content\/uploads\/nc\/images\/virtuemart\/product\/elektroni-ko-po-56ddaf534327a.jpg","type":"image\/jpeg"}],"twitter_card":"summary_large_image","twitter_misc":{"Est. reading time":"5 minutes"},"schema":{"@context":"https:\/\/schema.org","@graph":[{"@type":"WebPage","@id":"https:\/\/webknjizara.hr\/proizvod\/elektronicko-poslovanje-mila-nadrljanski-dorde-nadrljanski\/","url":"https:\/\/webknjizara.hr\/proizvod\/elektronicko-poslovanje-mila-nadrljanski-dorde-nadrljanski\/","name":"ELEKTRONI\u010cKO POSLOVANJE, Mila Nadrljanski, \u0110or\u0111e Nadrljanski - Web-knji\u017eara","isPartOf":{"@id":"https:\/\/webknjizara.hr\/#website"},"primaryImageOfPage":{"@id":"https:\/\/webknjizara.hr\/proizvod\/elektronicko-poslovanje-mila-nadrljanski-dorde-nadrljanski\/#primaryimage"},"image":{"@id":"https:\/\/webknjizara.hr\/proizvod\/elektronicko-poslovanje-mila-nadrljanski-dorde-nadrljanski\/#primaryimage"},"thumbnailUrl":"https:\/\/webknjizara.hr\/wp-content\/uploads\/nc\/images\/virtuemart\/product\/elektroni-ko-po-56ddaf534327a.jpg","datePublished":"2016-03-07T16:41:55+00:00","dateModified":"2023-02-26T23:16:40+00:00","breadcrumb":{"@id":"https:\/\/webknjizara.hr\/proizvod\/elektronicko-poslovanje-mila-nadrljanski-dorde-nadrljanski\/#breadcrumb"},"inLanguage":"en-US","potentialAction":[{"@type":"ReadAction","target":["https:\/\/webknjizara.hr\/proizvod\/elektronicko-poslovanje-mila-nadrljanski-dorde-nadrljanski\/"]}]},{"@type":"ImageObject","inLanguage":"en-US","@id":"https:\/\/webknjizara.hr\/proizvod\/elektronicko-poslovanje-mila-nadrljanski-dorde-nadrljanski\/#primaryimage","url":"https:\/\/webknjizara.hr\/wp-content\/uploads\/nc\/images\/virtuemart\/product\/elektroni-ko-po-56ddaf534327a.jpg","contentUrl":"https:\/\/webknjizara.hr\/wp-content\/uploads\/nc\/images\/virtuemart\/product\/elektroni-ko-po-56ddaf534327a.jpg","width":358,"height":500,"caption":"ELEKTRONI\u010cKO POSLOVANJE, Mila Nadrljanski, \u0110or\u0111e Nadrljanski"},{"@type":"BreadcrumbList","@id":"https:\/\/webknjizara.hr\/proizvod\/elektronicko-poslovanje-mila-nadrljanski-dorde-nadrljanski\/#breadcrumb","itemListElement":[{"@type":"ListItem","position":1,"name":"Po\u010detna stranica","item":"https:\/\/webknjizara.hr\/en\/"},{"@type":"ListItem","position":2,"name":"Shop","item":"https:\/\/webknjizara.hr\/shop\/"},{"@type":"ListItem","position":3,"name":"ELEKTRONI\u010cKO POSLOVANJE, Mila Nadrljanski, \u0110or\u0111e Nadrljanski"}]},{"@type":"WebSite","@id":"https:\/\/webknjizara.hr\/#website","url":"https:\/\/webknjizara.hr\/","name":"Web Knji\u017eara","description":"","publisher":{"@id":"https:\/\/webknjizara.hr\/#organization"},"potentialAction":[{"@type":"SearchAction","target":{"@type":"EntryPoint","urlTemplate":"https:\/\/webknjizara.hr\/?s={search_term_string}"},"query-input":{"@type":"PropertyValueSpecification","valueRequired":true,"valueName":"search_term_string"}}],"inLanguage":"en-US"},{"@type":"Organization","@id":"https:\/\/webknjizara.hr\/#organization","name":"REDAK D.O.O.","url":"https:\/\/webknjizara.hr\/","logo":{"@type":"ImageObject","inLanguage":"en-US","@id":"https:\/\/webknjizara.hr\/#\/schema\/logo\/image\/","url":"https:\/\/webknjizara.hr\/wp-content\/uploads\/2023\/01\/web-knjizara-logo.webp","contentUrl":"https:\/\/webknjizara.hr\/wp-content\/uploads\/2023\/01\/web-knjizara-logo.webp","width":324,"height":79,"caption":"REDAK D.O.O."},"image":{"@id":"https:\/\/webknjizara.hr\/#\/schema\/logo\/image\/"}}]}},"_links":{"self":[{"href":"https:\/\/webknjizara.hr\/en\/wp-json\/wp\/v2\/product\/8179","targetHints":{"allow":["GET"]}}],"collection":[{"href":"https:\/\/webknjizara.hr\/en\/wp-json\/wp\/v2\/product"}],"about":[{"href":"https:\/\/webknjizara.hr\/en\/wp-json\/wp\/v2\/types\/product"}],"replies":[{"embeddable":true,"href":"https:\/\/webknjizara.hr\/en\/wp-json\/wp\/v2\/comments?post=8179"}],"wp:featuredmedia":[{"embeddable":true,"href":"https:\/\/webknjizara.hr\/en\/wp-json\/wp\/v2\/media\/8180"}],"wp:attachment":[{"href":"https:\/\/webknjizara.hr\/en\/wp-json\/wp\/v2\/media?parent=8179"}],"wp:term":[{"taxonomy":"product_brand","embeddable":true,"href":"https:\/\/webknjizara.hr\/en\/wp-json\/wp\/v2\/product_brand?post=8179"},{"taxonomy":"product_cat","embeddable":true,"href":"https:\/\/webknjizara.hr\/en\/wp-json\/wp\/v2\/product_cat?post=8179"},{"taxonomy":"product_tag","embeddable":true,"href":"https:\/\/webknjizara.hr\/en\/wp-json\/wp\/v2\/product_tag?post=8179"}],"curies":[{"name":"wp","href":"https:\/\/api.w.org\/{rel}","templated":true}]}}