{"id":8153,"date":"2016-01-29T17:53:39","date_gmt":"2016-01-29T17:53:39","guid":{"rendered":"https:\/\/webknjizara.hr\/?product=rjeciliste-zbornik-pjesama-irena-delonga-nesic"},"modified":"2023-02-27T00:16:39","modified_gmt":"2023-02-26T23:16:39","slug":"rjeciliste-zbornik-pjesama-irena-delonga-nesic","status":"publish","type":"product","link":"https:\/\/webknjizara.hr\/en\/proizvod\/rjeciliste-zbornik-pjesama-irena-delonga-nesic\/","title":{"rendered":"RJE\u010cILI\u0160TE &#8211; ZBORNIK PJESAMA, Irena Delonga Ne\u0161i\u0107"},"content":{"rendered":"<p style=\"text-align: justify;\">\n<p><strong>Sa\u017eetak:<\/strong> <\/p>\n<p>Zbornik pjesama 17 autora okupljenih pod imenom Rje\u010dili\u0161te, grupe pjesnika koji u Splitu odr\u017eavaju ve\u010deri poezije od 2010. godine<\/p>\n<p><strong>Bilje\u0161ka o urednicama:<\/strong><\/p>\n<p><strong>Nada Topi\u0107 (1977.)<br \/><\/strong><br \/>\u017divi i radi u Solinu kao knji\u017eni\u010darka. Pi\u0161e poeziju i kratku prozu. Objavila dvije zbirke pjesama <em>Svetac u trajektnoj luci<\/em> (2005.) i <em>Meteorologija tijela<\/em> (2015.) te slikovnicu <em>Kako se rodila roda<\/em> (2007.). <\/p>\n<p><strong>Irena Delonga Ne\u0161i\u0107 (1984.)<\/strong><\/p>\n<p>Profesorica hrvatskog i engleskog jezika. Za vrijeme studija ure\u0111ivala knji\u017eevni \u010dasopis <em>The Split Mind<\/em>. Za zbirku <em>Rije\u010di kupuju zlo\u010dine koje \u0107e\u0161 po\u010diniti<\/em> dobila je 2010. nagradu Goran za mlade pjesnike. U listopadu 2010. pokrenula ve\u010deri poezije<em> Rje\u010dili\u0161te<\/em>. Vodi radionice kreativnog pisanja u Splitu, Solinu i Sinju.<\/p>\n<p style=\"text-align: justify;\"><strong>Bilje\u0161ka o autorima:<\/strong> <\/p>\n<p><strong>Zora Birimi\u0161a<\/strong> <\/p>\n<p>Ro\u0111ena i \u017eivi u Splitu. Objavila dvije zbirke pjesama: <em>Zato\u010denica<\/em> (Knji\u017eevni krug, Split, 1999.), <em>Tko se to s nama igra<\/em> (HAU Split, 2012.). Objavljivala u \u010dasopisima, uglavnom poeziju. Povremeno pi\u0161e recenzije. Poku\u0161ava pisati kratke pri\u010de. <\/p>\n<p><strong>Paulo Bja\u017eevi\u0107 (1979.)<\/strong> <\/p>\n<p>\u017divi i radi u Splitu. <\/p>\n<p><strong>Irena Delonga Ne\u0161i\u0107 (1984.)<\/strong> <\/p>\n<p>Profesorica hrvatskog i engleskog jezika. Za vrijeme studija ure\u0111ivala knji\u017eevni \u010dasopis <em>The Split Mind<\/em>. Za zbirku <em>Rije\u010di kupuju zlo\u010dine koje \u0107e\u0161 po\u010diniti<\/em> dobila je 2010. nagradu Goran za mlade pjesnike. U listopadu 2010. s Ozrenom \u0106atovi\u0107em pokrenula ve\u010deri poezije <em>Rje\u010dili\u0161te<\/em>. Vodi radionice kreativnog pisanja u Splitu, Solinu i Sinju. <\/p>\n<p><strong>Antun Domazet (1988.)<\/strong> <\/p>\n<p>\u017divi u Splitu. Radi u gra\u0111evini kao projektant. Povremeno pi\u0161e zadnjih 10 godina. U studentskim danima ure\u0111ivao <em>The Split Mind<\/em>. <\/p>\n<p><strong>Ivana \u010cagalj (1987.)<\/strong> <\/p>\n<p>Rodom iz Zagvozda, od rujna 2013. radi u Hrvatskoj nastavi u \u0161vicarskom kantonu Ticino. Diplomirala anglistiku (prevoditeljski smjer) i kroatistiku (profesor-ski smjer). Formalno dobitnica nagrade Jutra poezije za zbirku <em>\u017denske epifanije 2011.<\/em>, iako ta zbirka, iz njoj nedoku\u010divih razloga, nije jo\u0161 ugledala svjetlo dana. Matica hrvatska, ogranak Karlovac pohvalila je njezinu zbirku <em>Moderne bolesti<\/em> na natje\u010daju Zdravko Pucak za mlade pjesnike 2013. U slobodno vrijeme svira u limenoj glazbi i bavi se kreativnim pisanjem na hrvatskom i engleskom jeziku. Pjesme objavljivala u \u010dasopisima <em>Mogu\u0107nosti, The Split Mind, Odraz, Kvartal, Di\u0161pet<\/em> te zbornicima Rje\u010dili\u0161ta, Knjige u\u017eivo i Poezina.<\/p>\n<p style=\"text-align: justify;\"><strong>Mia \u010cagalj (1997.)<\/strong> <\/p>\n<p>Ro\u0111ena je u Zagvozdu. Poha\u0111a Prirodoslovnu tehni\u010dku \u0161kolu Split, smjer Kemijski tehni\u010dar. Kemijske spojeve kombinira sa stihovima, u\u010denje s kreativnim pisanjem, pjevanjem i sviranjem u Limenoj glazbi Zagvozd. Pohvaljivana na natjecanjima <em>Lidrano<\/em> te natje\u010dajima Gradske knji\u017enice Solin i <em>Castello di Duino<\/em> u Trstu. <\/p>\n<p><strong>Sini\u0161a Kekez (1966.)<\/strong> <\/p>\n<p>\u017divi u Splitu, radi u novinama, objavljivao u periodici. <\/p>\n<p><strong>Milijana Kova\u010devi\u0107<\/strong> <\/p>\n<p>\u017dena (kao \u2013 ne mu\u0161karac), majka, baka i (\u0161umska) kraljica. \u017divi i (jo\u0161) radi u Splitu, a kraljuje u svojoj \u010darobnoj \u0161umi, odakle, stihovima i pri\u010dicama za djecu, progovara iz Radosti i SMIBa. <em>Modromorska torta mudrosti, ljubavi i prijateljstva<\/em> stigla je do Drugog programa Radio Beograda i u\u0161la u u\u017ei izbor za najbolju radio-pri\u010du za djecu. <\/p>\n<p>Manje brojni stihovi i proza za odrasle stisnuti su joj me\u0111u koricama jednog \u0160kolskog vjesnika, dva zbornika s Natje\u010daja za najbolju neobjavljenu pjesmu Gradske knji\u017enice Solin te jednog zbornika najboljih kratkih pri\u010da (<em>Putovanje u onkraj<\/em>), u inozemstvu. <\/p>\n<p>Stvarala\u010dki joj je opus lako razvrstati u \u010detiri razvojne faze: 1. faza \u2013 Djevoj\u010dica &#8211; \u201eMilijana, pjesnikinja Petrovi\u0107\u201c (na posveti svoje zbirke pjesama napisao jedan poznati pjesnik), okrunjena Zmajevom diplomom ; 2. &#8211; faza mladena\u010dki hormonskog nizanja stihova i proze, razasutih po, manje-vi\u0161e lokalnim tiskovinama, s jednom prvom i jednom drugom nagradom; 3. faza nezapisive \u017eivotne proze i 4. faza ponovnog poetskog susreta sa sobom.U\u017eivaju\u0107i u onome \u0161to joj je njezina borba dala, stihovima i prozom resi svoje zlatne godine, du\u0161u hrani i tijelo sna\u017ei dolaze\u0107i na Rje\u010dili\u0161te. <\/p>\n<p><strong>Julija Mateljan Milati\u0107 (1965.)<br \/><\/strong><br \/>\u017divi u Splitu. Ro\u0111ena na Hvaru na podu u ku\u0107i svoga dida. Ve\u010deri poezije <em>Rje\u010dili\u0161te<\/em> vratile su je poeziji. Ponekad pi\u0161e i na hvarskoj \u010dakavici. S prijateljima organizira pjesni\u010dku ve\u010der Blago na\u0161e ri\u010di u Zastra\u017ei\u0161\u0107u na Hvaru. Radi kao u\u010diteljica. <\/p>\n<p><strong>\u017deljana Meja\u0161 (1983.)<br \/><\/strong><br \/>Diplomirana ekonomistica. \u017divi u Splitu. Sezonski radi u hostelu. Obo\u017eava \u017eivotinje, \u010detiri je udomila i u\u017eiva s njima provoditi vrijeme. Pi\u0161e blog, pjesme, romane. Nigdje ne ide bez rokovnika i uvijek ne\u0161to zapisuje. Pazite, krade kemijske.<\/p>\n<p><strong>Hrvoje Marko Peruzovi\u0107 (1971.)<br \/><\/strong><br \/>Zavr\u0161io je grafi\u010dki dizajn pri \u0160koli za primijenjenu umjetnost i dizajn u Splitu. Diplomirao je slikarstvo na Akademiji likovnih umjetnosti u Zagrebu. Izlagao je na brojnim samostalnim i skupnim izlo\u017ebama u Hrvatskoj i inozemstvu. Osim slikarstva bavi se klasi\u010dnom grafikom, ilustracijom, fotografijom, skulpturom i mozaikom. Pi\u0161e poeziju, aforizme i kratke eseje iz podru\u010dja likovnosti. Napisao je desetak predgovora u katalozima za razli\u010dite izlo\u017ebe. Nikada ranije nije objavljivao svoje tekstove. Prvo javno \u010ditanje svojih pjesama ostvario je na <em>Rje\u010dili\u0161tu<\/em>. Kao samostalni umjetnik \u017eivi i radi u Splitu i Bolu na otoku Bra\u010du. <\/p>\n<p><strong>Mariana Plazibat (1968.)<br \/><\/strong><br \/>Ro\u0111ena je na Bra\u010du \u0161to je uvelike utjecalo na njen izri\u010daj. Bajama ni na jednom jeziku, za nju, nije poeti\u010dnija od rije\u010di mendula. Gotovo kao dodir leptira. I zato, osim na standardu, rado pi\u0161e i na rodnoj \u010dakavici, \u0161to je \u010dini toplijom, nje\u017enijom, ogoljenijom. <\/p>\n<p>Po zanimanju je kemijski tehni\u010dar. Poku\u0161ava iskemijati \u017eivot u Splitu do mirovine. <\/p>\n<p><strong>Tonita Popovi\u0107 (1977.)<\/strong> <\/p>\n<p>\u017divi i radi u Splitu kao profesorica knji\u017eevnosti. Diplomirala je na Filozofskom fakultetu u Zadru. Oku\u0161ala se kao voditeljica Studentskog knji\u017eevnog kluba u Zadru i Knji\u017eevnog kluba mladih u Splitu, zajedno s pjesnikinjom Oljom Savi\u010devi\u0107. Pokrenula je i vodila radionice kreativnog pisanja u Splitu, u sklopu projekta za mlade pod nazivom Skrovite strofe. Stihove objavljuje u zajedni\u010dkoj zbirci Studenskog knji\u017eevnog kluba u Zadru Potresi (2000.) te u raznim hrvatskim glasilima (<em>Maruli\u0107, Fokus, Knjigomat<\/em>). Nagra\u0111ena joj je pjesma <em>Naslje\u0111e<\/em> od strane <em>Fundation for Help to the Artists<\/em> iz New Yorka. Dobitnica je priznanja <em>Zvonimir Golob 2005.<\/em> za pjesmu <em>Za\u010dudna igra<\/em>. <\/p>\n<p><strong>Dragan Smol\u010di\u0107 (1986.)<\/strong> <\/p>\n<p>Godine 1993. upisuje osnovnu \u0161kolu, gdje u\u010di \u010ditati i pisati, potez je to koji se kasnije pokazao klju\u010dnim za njegovo pjesni\u010dko stvarala\u0161tvo. Nakon toga zavr\u0161ava srednju tehni\u010dku \u0161kolu, gdje se po prvi put po\u010dinje baviti pisanjem pjesama. Me\u0111utim, nije imao javnih istupa sve do 2010. godine kada je po\u010deo zalaziti na okupljanja pjesni\u010dke dru\u017eine <em>Rje\u010dili\u0161te<\/em>, gdje po prvi put javno izvodi svoje pjesme, nakon \u010dega slijedi njegov uspon splitskim pjesni\u010dkim podzemljem. Njegovi radovi objavljeni su zborniku <em>Rje\u010dili\u0161ta<\/em> i zborniku <em>Izme\u0111u redaka<\/em>, izdava\u010dke ku\u0107e Redak. Trenutno je na studiju informacijske tehnologije.<\/p>\n<p><strong>Ivan Sori\u0107 Suri (1964.)<\/strong> <\/p>\n<p>Autor dviju zbirki pjesama: <em>\u017duti kompresor (1990.)<\/em> \u2013 u vlastitoj nakladi, Vidi to\u010dku \u0161est (1997.) \u2013 Narodno sveu\u010dili\u0161te u Splitu, biblioteka Otok. Od devedesetih do danas objavljivao u \u010dasopisima (<em>Godine, Rival, Reful, The Split Mind, Mogu\u0107nosti, Odraz<\/em>&#8230;), te na nekim internetskom portalima. Dvije pjesme uvr\u0161tene su mu u \u0161kolsku literaturu (ud\u017ebenici za V. i VI. razred osnovne \u0161kole). Zaposlen na Katedri za fiziku FESB-a u Splitu od 1989. godine, trenutno u zvanju vi\u0161eg predava\u010da. Istra\u017eiva\u010d na polju eksperimentalne fizike, koautor tridesetak publiciranih stru\u010dnih i znanstvenih radova. Tre\u0107a knjiga poezije \u2013 pod radnim naslovom <em>Knjiga o mu\u010danju<\/em> u pripremi je &#8230; <br \/><strong><br \/>Nada Topi\u0107 (1977.)<\/strong> <\/p>\n<p>\u017divi i radi u Solinu kao knji\u017eni\u010darka. Pi\u0161e poeziju i kratku prozu. Objavila dvije zbirke pjesama <em>Svetac u trajektnoj luci<\/em> (2005.) i <em>Meteorologija tijela<\/em> (2015.) te slikovnicu <em>Kako se rodila roda<\/em> (2007.). <\/p>\n<p><strong>Jasmina \u017diljak Ilin\u010di\u0107 (1976.)<\/strong> <\/p>\n<p>Diplomirala je na Fakultetu PMZ i OP u Splitu (dipl. u\u010d.razredne nastave). Radila je sedam godina kao glumica i voditeljica Dje\u010djeg dramskog studija u GKM-u Split. Ostvarila je nekoliko uloga i u HNK Split. Zavr\u0161ila je niz gluma\u010dkih i dramsko-pedago\u0161kih radionica u zemlji i inozemstvu. Objavljivala je poeziju u \u010dasopisima <em>The Split Mind<\/em> i <em>Poezija<\/em> te u zbornicima. Danas radi kao asistent u nastavi i dramski pedagog- freelancer. Organizira i vodi radionice dramskog odgoja, forum teatra, te bajkaonice u \u0161kolama, knji\u017enicama, udrugama&#8230; Vanjska je suradnica HR-Radio Split, gdje ure\u0111uje i vodi emisiju za djecu <em>\u0160krinjica za sne<\/em>.<\/p>\n<p><strong>Klju\u010dne rije\u010di:<\/strong> Poezija, Rje\u010dili\u0161te, splitski pjesnici, suvremena hrvatska poezija, zbornik, zbirka pjesama<\/p>\n<p style=\"text-align: justify;\"><strong>Naslov:<\/strong> (zbornik pjesama) Rje\u010dili\u0161te<br \/><strong>Autor:<\/strong> Irena Delonga Ne\u0161i\u0107<br \/><strong>Broj stranica:<\/strong> 236<br \/><strong>Nakladnik:<\/strong> REDAK<br \/><strong>Godina izdanja:<\/strong> 2015.<br \/><strong>ISBN:<\/strong> 978-953-336-226-7\u00a0<br \/><strong>Tisak:<\/strong> digitalni tisak knjiga &#8211; print na zahtjev\u00a0<\/p>\n<hr \/>\n<p style=\"text-align: justify;\"><strong>Kako naru\u010diti knjigu?\u00a0<\/strong>Proces online kupovine jednako funkcionira za sve kupce, s jedinom razlikom u tome \u0161to \u0161to kupci iz inozemstva za podru\u010dje dostave moraju odabrati &#8220;Europa&#8221; ili &#8220;Ostale zemlje svijeta&#8221;, a za vrstu pla\u0107anja WSPay (kreditna kartica) ili Virmanom (bankovni transfer).<\/p>\n<p style=\"text-align: justify;\">Molimo kliknite ovdje za\u00a0<a href=\"hr\/kako-kupovati\" target=\"_blank\" rel=\"noopener\">detaljni vodi\u010d kroz proces narud\u017ebe<\/a>\u00a0ili nas\u00a0<a href=\"hr\/kontakt\" target=\"_blank\" rel=\"noopener\">kontaktirajte<\/a>\u00a0za vi\u0161e informacija.<\/p>\n","protected":false},"excerpt":{"rendered":"<p>Sa\u017eetak: Zbornik pjesama 17 autora okupljenih pod imenom Rje\u010dili\u0161te, grupe pjesnika koji u Splitu odr\u017eavaju ve\u010deri poezije od 2010. godine Bilje\u0161ka o urednicama: Nada Topi\u0107 (1977.)\u017divi i radi u Solinu kao knji\u017eni\u010darka. Pi\u0161e poeziju i kratku prozu. Objavila dvije zbirke pjesama Svetac u trajektnoj luci (2005.) i Meteorologija tijela (2015.) te slikovnicu Kako se rodila [&hellip;]<\/p>\n","protected":false},"featured_media":8154,"comment_status":"open","ping_status":"closed","template":"","meta":{"_acf_changed":false},"product_brand":[],"product_cat":[1383,1385,1388],"product_tag":[],"class_list":{"0":"post-8153","1":"product","2":"type-product","3":"status-publish","4":"has-post-thumbnail","6":"product_cat-knjige","7":"product_cat-knjizevnost","8":"product_cat-poezija","9":"pa_autor-irena-delonga-nesic","10":"pa_nakladnik-redak","12":"first","13":"instock","14":"shipping-taxable","15":"purchasable","16":"product-type-simple"},"acf":[],"yoast_head":"<!-- This site is optimized with the Yoast SEO plugin v27.3 - https:\/\/yoast.com\/product\/yoast-seo-wordpress\/ -->\n<title>RJE\u010cILI\u0160TE - ZBORNIK PJESAMA, Irena Delonga Ne\u0161i\u0107 - Web-knji\u017eara<\/title>\n<meta name=\"robots\" content=\"index, follow, max-snippet:-1, max-image-preview:large, max-video-preview:-1\" \/>\n<link rel=\"canonical\" href=\"https:\/\/webknjizara.hr\/proizvod\/rjeciliste-zbornik-pjesama-irena-delonga-nesic\/\" \/>\n<meta property=\"og:locale\" content=\"en_US\" \/>\n<meta property=\"og:type\" content=\"article\" \/>\n<meta property=\"og:title\" content=\"RJE\u010cILI\u0160TE - ZBORNIK PJESAMA, Irena Delonga Ne\u0161i\u0107 - Web-knji\u017eara\" \/>\n<meta property=\"og:description\" content=\"Sa\u017eetak: Zbornik pjesama 17 autora okupljenih pod imenom Rje\u010dili\u0161te, grupe pjesnika koji u Splitu odr\u017eavaju ve\u010deri poezije od 2010. godine Bilje\u0161ka o urednicama: Nada Topi\u0107 (1977.)\u017divi i radi u Solinu kao knji\u017eni\u010darka. Pi\u0161e poeziju i kratku prozu. Objavila dvije zbirke pjesama Svetac u trajektnoj luci (2005.) i Meteorologija tijela (2015.) te slikovnicu Kako se rodila [&hellip;]\" \/>\n<meta property=\"og:url\" content=\"https:\/\/webknjizara.hr\/proizvod\/rjeciliste-zbornik-pjesama-irena-delonga-nesic\/\" \/>\n<meta property=\"og:site_name\" content=\"Web-knji\u017eara\" \/>\n<meta property=\"article:modified_time\" content=\"2023-02-26T23:16:39+00:00\" \/>\n<meta property=\"og:image\" content=\"https:\/\/webknjizara.hr\/wp-content\/uploads\/nc\/images\/virtuemart\/product\/rje-ili-te-z-56aba723b2c6b.jpg\" \/>\n\t<meta property=\"og:image:width\" content=\"300\" \/>\n\t<meta property=\"og:image:height\" content=\"500\" \/>\n\t<meta property=\"og:image:type\" content=\"image\/jpeg\" \/>\n<meta name=\"twitter:card\" content=\"summary_large_image\" \/>\n<meta name=\"twitter:label1\" content=\"Est. reading time\" \/>\n\t<meta name=\"twitter:data1\" content=\"7 minutes\" \/>\n<script type=\"application\/ld+json\" class=\"yoast-schema-graph\">{\"@context\":\"https:\\\/\\\/schema.org\",\"@graph\":[{\"@type\":\"WebPage\",\"@id\":\"https:\\\/\\\/webknjizara.hr\\\/proizvod\\\/rjeciliste-zbornik-pjesama-irena-delonga-nesic\\\/\",\"url\":\"https:\\\/\\\/webknjizara.hr\\\/proizvod\\\/rjeciliste-zbornik-pjesama-irena-delonga-nesic\\\/\",\"name\":\"RJE\u010cILI\u0160TE - ZBORNIK PJESAMA, Irena Delonga Ne\u0161i\u0107 - Web-knji\u017eara\",\"isPartOf\":{\"@id\":\"https:\\\/\\\/webknjizara.hr\\\/#website\"},\"primaryImageOfPage\":{\"@id\":\"https:\\\/\\\/webknjizara.hr\\\/proizvod\\\/rjeciliste-zbornik-pjesama-irena-delonga-nesic\\\/#primaryimage\"},\"image\":{\"@id\":\"https:\\\/\\\/webknjizara.hr\\\/proizvod\\\/rjeciliste-zbornik-pjesama-irena-delonga-nesic\\\/#primaryimage\"},\"thumbnailUrl\":\"https:\\\/\\\/webknjizara.hr\\\/wp-content\\\/uploads\\\/nc\\\/images\\\/virtuemart\\\/product\\\/rje-ili-te-z-56aba723b2c6b.jpg\",\"datePublished\":\"2016-01-29T17:53:39+00:00\",\"dateModified\":\"2023-02-26T23:16:39+00:00\",\"breadcrumb\":{\"@id\":\"https:\\\/\\\/webknjizara.hr\\\/proizvod\\\/rjeciliste-zbornik-pjesama-irena-delonga-nesic\\\/#breadcrumb\"},\"inLanguage\":\"en-US\",\"potentialAction\":[{\"@type\":\"ReadAction\",\"target\":[\"https:\\\/\\\/webknjizara.hr\\\/proizvod\\\/rjeciliste-zbornik-pjesama-irena-delonga-nesic\\\/\"]}]},{\"@type\":\"ImageObject\",\"inLanguage\":\"en-US\",\"@id\":\"https:\\\/\\\/webknjizara.hr\\\/proizvod\\\/rjeciliste-zbornik-pjesama-irena-delonga-nesic\\\/#primaryimage\",\"url\":\"https:\\\/\\\/webknjizara.hr\\\/wp-content\\\/uploads\\\/nc\\\/images\\\/virtuemart\\\/product\\\/rje-ili-te-z-56aba723b2c6b.jpg\",\"contentUrl\":\"https:\\\/\\\/webknjizara.hr\\\/wp-content\\\/uploads\\\/nc\\\/images\\\/virtuemart\\\/product\\\/rje-ili-te-z-56aba723b2c6b.jpg\",\"width\":300,\"height\":500,\"caption\":\"RJE\u010cILI\u0160TE - ZBORNIK PJESAMA, Irena Delonga Ne\u0161i\u0107\"},{\"@type\":\"BreadcrumbList\",\"@id\":\"https:\\\/\\\/webknjizara.hr\\\/proizvod\\\/rjeciliste-zbornik-pjesama-irena-delonga-nesic\\\/#breadcrumb\",\"itemListElement\":[{\"@type\":\"ListItem\",\"position\":1,\"name\":\"Po\u010detna stranica\",\"item\":\"https:\\\/\\\/webknjizara.hr\\\/en\\\/\"},{\"@type\":\"ListItem\",\"position\":2,\"name\":\"Shop\",\"item\":\"https:\\\/\\\/webknjizara.hr\\\/shop\\\/\"},{\"@type\":\"ListItem\",\"position\":3,\"name\":\"RJE\u010cILI\u0160TE &#8211; ZBORNIK PJESAMA, Irena Delonga Ne\u0161i\u0107\"}]},{\"@type\":\"WebSite\",\"@id\":\"https:\\\/\\\/webknjizara.hr\\\/#website\",\"url\":\"https:\\\/\\\/webknjizara.hr\\\/\",\"name\":\"Web Knji\u017eara\",\"description\":\"\",\"publisher\":{\"@id\":\"https:\\\/\\\/webknjizara.hr\\\/#organization\"},\"potentialAction\":[{\"@type\":\"SearchAction\",\"target\":{\"@type\":\"EntryPoint\",\"urlTemplate\":\"https:\\\/\\\/webknjizara.hr\\\/?s={search_term_string}\"},\"query-input\":{\"@type\":\"PropertyValueSpecification\",\"valueRequired\":true,\"valueName\":\"search_term_string\"}}],\"inLanguage\":\"en-US\"},{\"@type\":\"Organization\",\"@id\":\"https:\\\/\\\/webknjizara.hr\\\/#organization\",\"name\":\"REDAK D.O.O.\",\"url\":\"https:\\\/\\\/webknjizara.hr\\\/\",\"logo\":{\"@type\":\"ImageObject\",\"inLanguage\":\"en-US\",\"@id\":\"https:\\\/\\\/webknjizara.hr\\\/#\\\/schema\\\/logo\\\/image\\\/\",\"url\":\"https:\\\/\\\/webknjizara.hr\\\/wp-content\\\/uploads\\\/2023\\\/01\\\/web-knjizara-logo.webp\",\"contentUrl\":\"https:\\\/\\\/webknjizara.hr\\\/wp-content\\\/uploads\\\/2023\\\/01\\\/web-knjizara-logo.webp\",\"width\":324,\"height\":79,\"caption\":\"REDAK D.O.O.\"},\"image\":{\"@id\":\"https:\\\/\\\/webknjizara.hr\\\/#\\\/schema\\\/logo\\\/image\\\/\"}}]}<\/script>\n<!-- \/ Yoast SEO plugin. -->","yoast_head_json":{"title":"RJE\u010cILI\u0160TE - ZBORNIK PJESAMA, Irena Delonga Ne\u0161i\u0107 - Web-knji\u017eara","robots":{"index":"index","follow":"follow","max-snippet":"max-snippet:-1","max-image-preview":"max-image-preview:large","max-video-preview":"max-video-preview:-1"},"canonical":"https:\/\/webknjizara.hr\/proizvod\/rjeciliste-zbornik-pjesama-irena-delonga-nesic\/","og_locale":"en_US","og_type":"article","og_title":"RJE\u010cILI\u0160TE - ZBORNIK PJESAMA, Irena Delonga Ne\u0161i\u0107 - Web-knji\u017eara","og_description":"Sa\u017eetak: Zbornik pjesama 17 autora okupljenih pod imenom Rje\u010dili\u0161te, grupe pjesnika koji u Splitu odr\u017eavaju ve\u010deri poezije od 2010. godine Bilje\u0161ka o urednicama: Nada Topi\u0107 (1977.)\u017divi i radi u Solinu kao knji\u017eni\u010darka. Pi\u0161e poeziju i kratku prozu. Objavila dvije zbirke pjesama Svetac u trajektnoj luci (2005.) i Meteorologija tijela (2015.) te slikovnicu Kako se rodila [&hellip;]","og_url":"https:\/\/webknjizara.hr\/proizvod\/rjeciliste-zbornik-pjesama-irena-delonga-nesic\/","og_site_name":"Web-knji\u017eara","article_modified_time":"2023-02-26T23:16:39+00:00","og_image":[{"width":300,"height":500,"url":"https:\/\/webknjizara.hr\/wp-content\/uploads\/nc\/images\/virtuemart\/product\/rje-ili-te-z-56aba723b2c6b.jpg","type":"image\/jpeg"}],"twitter_card":"summary_large_image","twitter_misc":{"Est. reading time":"7 minutes"},"schema":{"@context":"https:\/\/schema.org","@graph":[{"@type":"WebPage","@id":"https:\/\/webknjizara.hr\/proizvod\/rjeciliste-zbornik-pjesama-irena-delonga-nesic\/","url":"https:\/\/webknjizara.hr\/proizvod\/rjeciliste-zbornik-pjesama-irena-delonga-nesic\/","name":"RJE\u010cILI\u0160TE - ZBORNIK PJESAMA, Irena Delonga Ne\u0161i\u0107 - Web-knji\u017eara","isPartOf":{"@id":"https:\/\/webknjizara.hr\/#website"},"primaryImageOfPage":{"@id":"https:\/\/webknjizara.hr\/proizvod\/rjeciliste-zbornik-pjesama-irena-delonga-nesic\/#primaryimage"},"image":{"@id":"https:\/\/webknjizara.hr\/proizvod\/rjeciliste-zbornik-pjesama-irena-delonga-nesic\/#primaryimage"},"thumbnailUrl":"https:\/\/webknjizara.hr\/wp-content\/uploads\/nc\/images\/virtuemart\/product\/rje-ili-te-z-56aba723b2c6b.jpg","datePublished":"2016-01-29T17:53:39+00:00","dateModified":"2023-02-26T23:16:39+00:00","breadcrumb":{"@id":"https:\/\/webknjizara.hr\/proizvod\/rjeciliste-zbornik-pjesama-irena-delonga-nesic\/#breadcrumb"},"inLanguage":"en-US","potentialAction":[{"@type":"ReadAction","target":["https:\/\/webknjizara.hr\/proizvod\/rjeciliste-zbornik-pjesama-irena-delonga-nesic\/"]}]},{"@type":"ImageObject","inLanguage":"en-US","@id":"https:\/\/webknjizara.hr\/proizvod\/rjeciliste-zbornik-pjesama-irena-delonga-nesic\/#primaryimage","url":"https:\/\/webknjizara.hr\/wp-content\/uploads\/nc\/images\/virtuemart\/product\/rje-ili-te-z-56aba723b2c6b.jpg","contentUrl":"https:\/\/webknjizara.hr\/wp-content\/uploads\/nc\/images\/virtuemart\/product\/rje-ili-te-z-56aba723b2c6b.jpg","width":300,"height":500,"caption":"RJE\u010cILI\u0160TE - ZBORNIK PJESAMA, Irena Delonga Ne\u0161i\u0107"},{"@type":"BreadcrumbList","@id":"https:\/\/webknjizara.hr\/proizvod\/rjeciliste-zbornik-pjesama-irena-delonga-nesic\/#breadcrumb","itemListElement":[{"@type":"ListItem","position":1,"name":"Po\u010detna stranica","item":"https:\/\/webknjizara.hr\/en\/"},{"@type":"ListItem","position":2,"name":"Shop","item":"https:\/\/webknjizara.hr\/shop\/"},{"@type":"ListItem","position":3,"name":"RJE\u010cILI\u0160TE &#8211; ZBORNIK PJESAMA, Irena Delonga Ne\u0161i\u0107"}]},{"@type":"WebSite","@id":"https:\/\/webknjizara.hr\/#website","url":"https:\/\/webknjizara.hr\/","name":"Web Knji\u017eara","description":"","publisher":{"@id":"https:\/\/webknjizara.hr\/#organization"},"potentialAction":[{"@type":"SearchAction","target":{"@type":"EntryPoint","urlTemplate":"https:\/\/webknjizara.hr\/?s={search_term_string}"},"query-input":{"@type":"PropertyValueSpecification","valueRequired":true,"valueName":"search_term_string"}}],"inLanguage":"en-US"},{"@type":"Organization","@id":"https:\/\/webknjizara.hr\/#organization","name":"REDAK D.O.O.","url":"https:\/\/webknjizara.hr\/","logo":{"@type":"ImageObject","inLanguage":"en-US","@id":"https:\/\/webknjizara.hr\/#\/schema\/logo\/image\/","url":"https:\/\/webknjizara.hr\/wp-content\/uploads\/2023\/01\/web-knjizara-logo.webp","contentUrl":"https:\/\/webknjizara.hr\/wp-content\/uploads\/2023\/01\/web-knjizara-logo.webp","width":324,"height":79,"caption":"REDAK D.O.O."},"image":{"@id":"https:\/\/webknjizara.hr\/#\/schema\/logo\/image\/"}}]}},"_links":{"self":[{"href":"https:\/\/webknjizara.hr\/en\/wp-json\/wp\/v2\/product\/8153","targetHints":{"allow":["GET"]}}],"collection":[{"href":"https:\/\/webknjizara.hr\/en\/wp-json\/wp\/v2\/product"}],"about":[{"href":"https:\/\/webknjizara.hr\/en\/wp-json\/wp\/v2\/types\/product"}],"replies":[{"embeddable":true,"href":"https:\/\/webknjizara.hr\/en\/wp-json\/wp\/v2\/comments?post=8153"}],"wp:featuredmedia":[{"embeddable":true,"href":"https:\/\/webknjizara.hr\/en\/wp-json\/wp\/v2\/media\/8154"}],"wp:attachment":[{"href":"https:\/\/webknjizara.hr\/en\/wp-json\/wp\/v2\/media?parent=8153"}],"wp:term":[{"taxonomy":"product_brand","embeddable":true,"href":"https:\/\/webknjizara.hr\/en\/wp-json\/wp\/v2\/product_brand?post=8153"},{"taxonomy":"product_cat","embeddable":true,"href":"https:\/\/webknjizara.hr\/en\/wp-json\/wp\/v2\/product_cat?post=8153"},{"taxonomy":"product_tag","embeddable":true,"href":"https:\/\/webknjizara.hr\/en\/wp-json\/wp\/v2\/product_tag?post=8153"}],"curies":[{"name":"wp","href":"https:\/\/api.w.org\/{rel}","templated":true}]}}