{"id":8149,"date":"2016-01-27T11:36:06","date_gmt":"2016-01-27T11:36:06","guid":{"rendered":"https:\/\/webknjizara.hr\/?product=zona-marija-juracic"},"modified":"2023-02-27T00:16:39","modified_gmt":"2023-02-26T23:16:39","slug":"zona-marija-juracic","status":"publish","type":"product","link":"https:\/\/webknjizara.hr\/en\/proizvod\/zona-marija-juracic\/","title":{"rendered":"ZONA, Marija Jura\u010di\u0107"},"content":{"rendered":"<p style=\"text-align: justify;\"><strong>Sa\u017eetak:<\/strong> <\/p>\n<p><em>&#8220;Zona je ime kamenjara na rubnom podru\u010dju grada, koji se \u0161iri i u kojem su na\u0161li dom besku\u0107nici, marginalci dru\u0161tva, izmje\u0161teni iz normalnih \u017eivota, ali \u0107e i taj kamenjarski svijet ubrzo postati betonski mravinjak, a Zona \u0107e se premjestiti dublje u kamenjar jer svaki grad, na\u017ealost, ima svoju Zonu. I ba\u0161 tamo je skon\u010dao s metkom u trbuhu Markan \u0160arin, tajkun koji je pro\u017edrljivo\u0161\u0107u grabe\u017eljivca na popis svoje imovine dodao i to neurbanizirano podru\u010dje\u2026<\/em><\/p>\n<p><em>Istra\u017euju\u0107i ubojstvo Markana \u0160arina, istra\u017eitelji Ika Ekl i njezin partner Ninno Ritzi ubrzo utvr\u0111uju kako je \u0160arin oko sebe stvarao \u017ertve pa svi iz njegovog okru\u017eenja nemaju alibi, ali zato svi imaju motiv za njegovo ubojstvo &#8230;&#8221;<\/em><\/p>\n<p style=\"text-align: justify;\">&#8211; Rozaida Naglav<\/p>\n<p style=\"text-align: justify;\"><strong>Bilje\u0161ka o autorici:<\/strong> <\/p>\n<p>Marija Jura\u010di\u0107, profesorica je kroatistike i germanistike. Voditeljica je portala za objavu poezije <em><strong>O\u010daravanje<\/strong><\/em>. Lektorirala je mnoge zbirke poezije i prozna djela raznih autora. Objavila je sljede\u0107a djela: <\/p>\n<p><a href=\"https:\/\/webknjizara.hr\/hr\/component\/search\/?searchword=marija+jura%C4%8Di%C4%87&#038;ordering=&#038;searchphrase=all\" target=\"_blank\" rel=\"noopener\">&#8211; Pisci, ljubav i ostale trice- zbirka poezije<\/a><br \/><a href=\"https:\/\/webknjizara.hr\/hr\/component\/search\/?searchword=marija+jura%C4%8Di%C4%87&#038;ordering=&#038;searchphrase=all\" target=\"_blank\" rel=\"noopener\">&#8211; Stope u pijesku- zbirka poezije<\/a><br \/><a href=\"https:\/\/webknjizara.hr\/hr\/component\/search\/?searchword=marija+jura%C4%8Di%C4%87&#038;ordering=&#038;searchphrase=all\" target=\"_blank\" rel=\"noopener\">&#8211; Tara- pustolovni roman<\/a><br \/><a href=\"https:\/\/webknjizara.hr\/hr\/component\/search\/?searchword=marija+jura%C4%8Di%C4%87&#038;ordering=&#038;searchphrase=all\" target=\"_blank\" rel=\"noopener\">&#8211; Toma- ljubavni roman<\/a><br \/><a href=\"https:\/\/webknjizara.hr\/hr\/component\/search\/?searchword=marija+jura%C4%8Di%C4%87&#038;ordering=&#038;searchphrase=all\" target=\"_blank\" rel=\"noopener\">&#8211; Una &#8211; pustolovno &#8211; ljubavni roman \u2013 preveden na njema\u010dki jezik i objavljen u Njema\u010dkoj.<\/a><br \/><a href=\"https:\/\/webknjizara.hr\/hr\/component\/search\/?searchword=marija+jura%C4%8Di%C4%87&#038;ordering=&#038;searchphrase=all\" target=\"_blank\" rel=\"noopener\">&#8211; Ljubav u Pompejima &#8211; povijesno &#8211; kriminalisti\u010dki roman &#8211; preveden na njema\u010dki jezik, objavljuje se u Njema\u010dkoj.<\/a><br \/><a href=\"https:\/\/webknjizara.hr\/hr\/component\/search\/?searchword=marija+jura%C4%8Di%C4%87&#038;ordering=&#038;searchphrase=all\" target=\"_blank\" rel=\"noopener\">&#8211; Buga \u2013 kriminalisti\u010dki roman<\/a><br \/><a href=\"https:\/\/webknjizara.hr\/hr\/component\/search\/?searchword=marija+jura%C4%8Di%C4%87&#038;ordering=&#038;searchphrase=all\" target=\"_blank\" rel=\"noopener\">&#8211; Jedne zime u Hrastovu \u2013 kriminalisti\u010dki roman<\/a><\/p>\n<p style=\"text-align: justify;\">Jedna je od autorica zajedni\u010dkih zbirki pjesama portala <em><strong>O\u010daravanje<\/strong><\/em>:<\/p>\n<p><a href=\"https:\/\/webknjizara.hr\/hr\/component\/search\/?searchword=marija+jura%C4%8Di%C4%87&#038;ordering=&#038;searchphrase=all\" target=\"_blank\" rel=\"noopener\">&#8211; Ljubavne pjesme<\/a><br \/><a href=\"https:\/\/webknjizara.hr\/hr\/component\/search\/?searchword=marija+jura%C4%8Di%C4%87&#038;ordering=&#038;searchphrase=all\" target=\"_blank\" rel=\"noopener\">&#8211; Pomaknuti haiku<\/a><br \/><a href=\"https:\/\/webknjizara.hr\/hr\/component\/search\/?searchword=marija+jura%C4%8Di%C4%87&#038;ordering=&#038;searchphrase=all\" target=\"_blank\" rel=\"noopener\">&#8211; Umre\u017eeni snovi<\/a><br \/><a href=\"https:\/\/webknjizara.hr\/hr\/component\/search\/?searchword=marija+jura%C4%8Di%C4%87&#038;ordering=&#038;searchphrase=all\" target=\"_blank\" rel=\"noopener\">&#8211; \u010cuvari rije\u010di<\/a><\/p>\n<p style=\"text-align: justify;\"><strong>Bilje\u0161ka o urednici:<\/strong><\/p>\n<p>Mihovila Pasari\u0107 profesorica je hrvatskog jezika i knji\u017eevnosti.<\/p>\n<p>Na portalu za promicanje pismenosti i beletristike <em>O\u010daravanje<\/em> vodi rubriku<em> Jezik i knji\u017eevnost.<\/em><\/p>\n<p style=\"text-align: justify;\"><strong>Klju\u010dne rije\u010di:<\/strong> kriminalisti\u010dki roman<\/p>\n<p><strong>Link:<\/strong> <a href=\"http:\/\/www.ocaravanje.com\/\">http:\/\/www.ocaravanje.com\/<\/a><br \/><strong>E-mail:<\/strong> <a href=\"mailto:marijajuracic@net.hr\">Marija Jura\u010di\u0107<\/a><\/p>\n<p style=\"text-align: justify;\"><strong>Naslov:<\/strong> Zona<br \/><strong>Autorica:<\/strong> Marija Jura\u010di\u0107<br \/><strong>Broj stranica:<\/strong> 256<br \/><strong>Nakladnik:<\/strong> REDAK<br \/><strong>Godina izdanja:<\/strong> 2016.<br \/><strong>ISBN:<\/strong> 978-953-336-276-2<br \/><strong>Tisak:<\/strong> digitalni tisak knjiga &#8211; print na zahtjev\u00a0<\/p>\n<hr \/>\n<p style=\"text-align: justify;\"><strong>Kako naru\u010diti knjigu?\u00a0<\/strong>Proces online kupovine jednako funkcionira za sve kupce, s jedinom razlikom u tome \u0161to \u0161to kupci iz inozemstva za podru\u010dje dostave moraju odabrati &#8220;Europa&#8221; ili &#8220;Ostale zemlje svijeta&#8221;, a za vrstu pla\u0107anja WSPay (kreditna kartica) ili Virmanom (bankovni transfer).<\/p>\n<p style=\"text-align: justify;\">Molimo kliknite ovdje za\u00a0<a href=\"hr\/kako-kupovati\" target=\"_blank\" rel=\"noopener\">detaljni vodi\u010d kroz proces narud\u017ebe<\/a>\u00a0ili nas\u00a0<a href=\"hr\/kontakt\" target=\"_blank\" rel=\"noopener\">kontaktirajte<\/a>\u00a0za vi\u0161e informacija.<\/p>\n","protected":false},"excerpt":{"rendered":"<p>Sa\u017eetak: &#8220;Zona je ime kamenjara na rubnom podru\u010dju grada, koji se \u0161iri i u kojem su na\u0161li dom besku\u0107nici, marginalci dru\u0161tva, izmje\u0161teni iz normalnih \u017eivota, ali \u0107e i taj kamenjarski svijet ubrzo postati betonski mravinjak, a Zona \u0107e se premjestiti dublje u kamenjar jer svaki grad, na\u017ealost, ima svoju Zonu. I ba\u0161 tamo je skon\u010dao [&hellip;]<\/p>\n","protected":false},"featured_media":8150,"comment_status":"open","ping_status":"closed","template":"","meta":{"_acf_changed":false},"product_brand":[],"product_cat":[1515,1383,1385],"product_tag":[],"class_list":{"0":"post-8149","1":"product","2":"type-product","3":"status-publish","4":"has-post-thumbnail","6":"product_cat-romani","7":"product_cat-knjige","8":"product_cat-knjizevnost","9":"pa_autor-marija-juracic","10":"pa_nakladnik-redak","12":"first","13":"instock","14":"shipping-taxable","15":"purchasable","16":"product-type-simple"},"acf":[],"yoast_head":"<!-- This site is optimized with the Yoast SEO plugin v27.3 - https:\/\/yoast.com\/product\/yoast-seo-wordpress\/ -->\n<title>ZONA, Marija Jura\u010di\u0107 - Web-knji\u017eara<\/title>\n<meta name=\"robots\" content=\"index, follow, max-snippet:-1, max-image-preview:large, max-video-preview:-1\" \/>\n<link rel=\"canonical\" href=\"https:\/\/webknjizara.hr\/proizvod\/zona-marija-juracic\/\" \/>\n<meta property=\"og:locale\" content=\"en_US\" \/>\n<meta property=\"og:type\" content=\"article\" \/>\n<meta property=\"og:title\" content=\"ZONA, Marija Jura\u010di\u0107 - Web-knji\u017eara\" \/>\n<meta property=\"og:description\" content=\"Sa\u017eetak: &#8220;Zona je ime kamenjara na rubnom podru\u010dju grada, koji se \u0161iri i u kojem su na\u0161li dom besku\u0107nici, marginalci dru\u0161tva, izmje\u0161teni iz normalnih \u017eivota, ali \u0107e i taj kamenjarski svijet ubrzo postati betonski mravinjak, a Zona \u0107e se premjestiti dublje u kamenjar jer svaki grad, na\u017ealost, ima svoju Zonu. I ba\u0161 tamo je skon\u010dao [&hellip;]\" \/>\n<meta property=\"og:url\" content=\"https:\/\/webknjizara.hr\/proizvod\/zona-marija-juracic\/\" \/>\n<meta property=\"og:site_name\" content=\"Web-knji\u017eara\" \/>\n<meta property=\"article:modified_time\" content=\"2023-02-26T23:16:39+00:00\" \/>\n<meta property=\"og:image\" content=\"https:\/\/webknjizara.hr\/wp-content\/uploads\/nc\/images\/virtuemart\/product\/zona-marija-jur-56a8aba6ab52c.jpg\" \/>\n\t<meta property=\"og:image:width\" content=\"358\" \/>\n\t<meta property=\"og:image:height\" content=\"500\" \/>\n\t<meta property=\"og:image:type\" content=\"image\/jpeg\" \/>\n<meta name=\"twitter:card\" content=\"summary_large_image\" \/>\n<meta name=\"twitter:label1\" content=\"Est. reading time\" \/>\n\t<meta name=\"twitter:data1\" content=\"2 minutes\" \/>\n<script type=\"application\/ld+json\" class=\"yoast-schema-graph\">{\"@context\":\"https:\\\/\\\/schema.org\",\"@graph\":[{\"@type\":\"WebPage\",\"@id\":\"https:\\\/\\\/webknjizara.hr\\\/proizvod\\\/zona-marija-juracic\\\/\",\"url\":\"https:\\\/\\\/webknjizara.hr\\\/proizvod\\\/zona-marija-juracic\\\/\",\"name\":\"ZONA, Marija Jura\u010di\u0107 - Web-knji\u017eara\",\"isPartOf\":{\"@id\":\"https:\\\/\\\/webknjizara.hr\\\/#website\"},\"primaryImageOfPage\":{\"@id\":\"https:\\\/\\\/webknjizara.hr\\\/proizvod\\\/zona-marija-juracic\\\/#primaryimage\"},\"image\":{\"@id\":\"https:\\\/\\\/webknjizara.hr\\\/proizvod\\\/zona-marija-juracic\\\/#primaryimage\"},\"thumbnailUrl\":\"https:\\\/\\\/webknjizara.hr\\\/wp-content\\\/uploads\\\/nc\\\/images\\\/virtuemart\\\/product\\\/zona-marija-jur-56a8aba6ab52c.jpg\",\"datePublished\":\"2016-01-27T11:36:06+00:00\",\"dateModified\":\"2023-02-26T23:16:39+00:00\",\"breadcrumb\":{\"@id\":\"https:\\\/\\\/webknjizara.hr\\\/proizvod\\\/zona-marija-juracic\\\/#breadcrumb\"},\"inLanguage\":\"en-US\",\"potentialAction\":[{\"@type\":\"ReadAction\",\"target\":[\"https:\\\/\\\/webknjizara.hr\\\/proizvod\\\/zona-marija-juracic\\\/\"]}]},{\"@type\":\"ImageObject\",\"inLanguage\":\"en-US\",\"@id\":\"https:\\\/\\\/webknjizara.hr\\\/proizvod\\\/zona-marija-juracic\\\/#primaryimage\",\"url\":\"https:\\\/\\\/webknjizara.hr\\\/wp-content\\\/uploads\\\/nc\\\/images\\\/virtuemart\\\/product\\\/zona-marija-jur-56a8aba6ab52c.jpg\",\"contentUrl\":\"https:\\\/\\\/webknjizara.hr\\\/wp-content\\\/uploads\\\/nc\\\/images\\\/virtuemart\\\/product\\\/zona-marija-jur-56a8aba6ab52c.jpg\",\"width\":358,\"height\":500,\"caption\":\"ZONA, Marija Jura\u010di\u0107\"},{\"@type\":\"BreadcrumbList\",\"@id\":\"https:\\\/\\\/webknjizara.hr\\\/proizvod\\\/zona-marija-juracic\\\/#breadcrumb\",\"itemListElement\":[{\"@type\":\"ListItem\",\"position\":1,\"name\":\"Po\u010detna stranica\",\"item\":\"https:\\\/\\\/webknjizara.hr\\\/en\\\/\"},{\"@type\":\"ListItem\",\"position\":2,\"name\":\"Shop\",\"item\":\"https:\\\/\\\/webknjizara.hr\\\/shop\\\/\"},{\"@type\":\"ListItem\",\"position\":3,\"name\":\"ZONA, Marija Jura\u010di\u0107\"}]},{\"@type\":\"WebSite\",\"@id\":\"https:\\\/\\\/webknjizara.hr\\\/#website\",\"url\":\"https:\\\/\\\/webknjizara.hr\\\/\",\"name\":\"Web Knji\u017eara\",\"description\":\"\",\"publisher\":{\"@id\":\"https:\\\/\\\/webknjizara.hr\\\/#organization\"},\"potentialAction\":[{\"@type\":\"SearchAction\",\"target\":{\"@type\":\"EntryPoint\",\"urlTemplate\":\"https:\\\/\\\/webknjizara.hr\\\/?s={search_term_string}\"},\"query-input\":{\"@type\":\"PropertyValueSpecification\",\"valueRequired\":true,\"valueName\":\"search_term_string\"}}],\"inLanguage\":\"en-US\"},{\"@type\":\"Organization\",\"@id\":\"https:\\\/\\\/webknjizara.hr\\\/#organization\",\"name\":\"REDAK D.O.O.\",\"url\":\"https:\\\/\\\/webknjizara.hr\\\/\",\"logo\":{\"@type\":\"ImageObject\",\"inLanguage\":\"en-US\",\"@id\":\"https:\\\/\\\/webknjizara.hr\\\/#\\\/schema\\\/logo\\\/image\\\/\",\"url\":\"https:\\\/\\\/webknjizara.hr\\\/wp-content\\\/uploads\\\/2023\\\/01\\\/web-knjizara-logo.webp\",\"contentUrl\":\"https:\\\/\\\/webknjizara.hr\\\/wp-content\\\/uploads\\\/2023\\\/01\\\/web-knjizara-logo.webp\",\"width\":324,\"height\":79,\"caption\":\"REDAK D.O.O.\"},\"image\":{\"@id\":\"https:\\\/\\\/webknjizara.hr\\\/#\\\/schema\\\/logo\\\/image\\\/\"}}]}<\/script>\n<!-- \/ Yoast SEO plugin. -->","yoast_head_json":{"title":"ZONA, Marija Jura\u010di\u0107 - Web-knji\u017eara","robots":{"index":"index","follow":"follow","max-snippet":"max-snippet:-1","max-image-preview":"max-image-preview:large","max-video-preview":"max-video-preview:-1"},"canonical":"https:\/\/webknjizara.hr\/proizvod\/zona-marija-juracic\/","og_locale":"en_US","og_type":"article","og_title":"ZONA, Marija Jura\u010di\u0107 - Web-knji\u017eara","og_description":"Sa\u017eetak: &#8220;Zona je ime kamenjara na rubnom podru\u010dju grada, koji se \u0161iri i u kojem su na\u0161li dom besku\u0107nici, marginalci dru\u0161tva, izmje\u0161teni iz normalnih \u017eivota, ali \u0107e i taj kamenjarski svijet ubrzo postati betonski mravinjak, a Zona \u0107e se premjestiti dublje u kamenjar jer svaki grad, na\u017ealost, ima svoju Zonu. I ba\u0161 tamo je skon\u010dao [&hellip;]","og_url":"https:\/\/webknjizara.hr\/proizvod\/zona-marija-juracic\/","og_site_name":"Web-knji\u017eara","article_modified_time":"2023-02-26T23:16:39+00:00","og_image":[{"width":358,"height":500,"url":"https:\/\/webknjizara.hr\/wp-content\/uploads\/nc\/images\/virtuemart\/product\/zona-marija-jur-56a8aba6ab52c.jpg","type":"image\/jpeg"}],"twitter_card":"summary_large_image","twitter_misc":{"Est. reading time":"2 minutes"},"schema":{"@context":"https:\/\/schema.org","@graph":[{"@type":"WebPage","@id":"https:\/\/webknjizara.hr\/proizvod\/zona-marija-juracic\/","url":"https:\/\/webknjizara.hr\/proizvod\/zona-marija-juracic\/","name":"ZONA, Marija Jura\u010di\u0107 - Web-knji\u017eara","isPartOf":{"@id":"https:\/\/webknjizara.hr\/#website"},"primaryImageOfPage":{"@id":"https:\/\/webknjizara.hr\/proizvod\/zona-marija-juracic\/#primaryimage"},"image":{"@id":"https:\/\/webknjizara.hr\/proizvod\/zona-marija-juracic\/#primaryimage"},"thumbnailUrl":"https:\/\/webknjizara.hr\/wp-content\/uploads\/nc\/images\/virtuemart\/product\/zona-marija-jur-56a8aba6ab52c.jpg","datePublished":"2016-01-27T11:36:06+00:00","dateModified":"2023-02-26T23:16:39+00:00","breadcrumb":{"@id":"https:\/\/webknjizara.hr\/proizvod\/zona-marija-juracic\/#breadcrumb"},"inLanguage":"en-US","potentialAction":[{"@type":"ReadAction","target":["https:\/\/webknjizara.hr\/proizvod\/zona-marija-juracic\/"]}]},{"@type":"ImageObject","inLanguage":"en-US","@id":"https:\/\/webknjizara.hr\/proizvod\/zona-marija-juracic\/#primaryimage","url":"https:\/\/webknjizara.hr\/wp-content\/uploads\/nc\/images\/virtuemart\/product\/zona-marija-jur-56a8aba6ab52c.jpg","contentUrl":"https:\/\/webknjizara.hr\/wp-content\/uploads\/nc\/images\/virtuemart\/product\/zona-marija-jur-56a8aba6ab52c.jpg","width":358,"height":500,"caption":"ZONA, Marija Jura\u010di\u0107"},{"@type":"BreadcrumbList","@id":"https:\/\/webknjizara.hr\/proizvod\/zona-marija-juracic\/#breadcrumb","itemListElement":[{"@type":"ListItem","position":1,"name":"Po\u010detna stranica","item":"https:\/\/webknjizara.hr\/en\/"},{"@type":"ListItem","position":2,"name":"Shop","item":"https:\/\/webknjizara.hr\/shop\/"},{"@type":"ListItem","position":3,"name":"ZONA, Marija Jura\u010di\u0107"}]},{"@type":"WebSite","@id":"https:\/\/webknjizara.hr\/#website","url":"https:\/\/webknjizara.hr\/","name":"Web Knji\u017eara","description":"","publisher":{"@id":"https:\/\/webknjizara.hr\/#organization"},"potentialAction":[{"@type":"SearchAction","target":{"@type":"EntryPoint","urlTemplate":"https:\/\/webknjizara.hr\/?s={search_term_string}"},"query-input":{"@type":"PropertyValueSpecification","valueRequired":true,"valueName":"search_term_string"}}],"inLanguage":"en-US"},{"@type":"Organization","@id":"https:\/\/webknjizara.hr\/#organization","name":"REDAK D.O.O.","url":"https:\/\/webknjizara.hr\/","logo":{"@type":"ImageObject","inLanguage":"en-US","@id":"https:\/\/webknjizara.hr\/#\/schema\/logo\/image\/","url":"https:\/\/webknjizara.hr\/wp-content\/uploads\/2023\/01\/web-knjizara-logo.webp","contentUrl":"https:\/\/webknjizara.hr\/wp-content\/uploads\/2023\/01\/web-knjizara-logo.webp","width":324,"height":79,"caption":"REDAK D.O.O."},"image":{"@id":"https:\/\/webknjizara.hr\/#\/schema\/logo\/image\/"}}]}},"_links":{"self":[{"href":"https:\/\/webknjizara.hr\/en\/wp-json\/wp\/v2\/product\/8149","targetHints":{"allow":["GET"]}}],"collection":[{"href":"https:\/\/webknjizara.hr\/en\/wp-json\/wp\/v2\/product"}],"about":[{"href":"https:\/\/webknjizara.hr\/en\/wp-json\/wp\/v2\/types\/product"}],"replies":[{"embeddable":true,"href":"https:\/\/webknjizara.hr\/en\/wp-json\/wp\/v2\/comments?post=8149"}],"wp:featuredmedia":[{"embeddable":true,"href":"https:\/\/webknjizara.hr\/en\/wp-json\/wp\/v2\/media\/8150"}],"wp:attachment":[{"href":"https:\/\/webknjizara.hr\/en\/wp-json\/wp\/v2\/media?parent=8149"}],"wp:term":[{"taxonomy":"product_brand","embeddable":true,"href":"https:\/\/webknjizara.hr\/en\/wp-json\/wp\/v2\/product_brand?post=8149"},{"taxonomy":"product_cat","embeddable":true,"href":"https:\/\/webknjizara.hr\/en\/wp-json\/wp\/v2\/product_cat?post=8149"},{"taxonomy":"product_tag","embeddable":true,"href":"https:\/\/webknjizara.hr\/en\/wp-json\/wp\/v2\/product_tag?post=8149"}],"curies":[{"name":"wp","href":"https:\/\/api.w.org\/{rel}","templated":true}]}}