{"id":8145,"date":"2016-01-25T14:23:35","date_gmt":"2016-01-25T14:23:35","guid":{"rendered":"https:\/\/webknjizara.hr\/?product=neboskloni-duro-jelovic"},"modified":"2023-02-27T00:16:39","modified_gmt":"2023-02-26T23:16:39","slug":"neboskloni-duro-jelovic","status":"publish","type":"product","link":"https:\/\/webknjizara.hr\/en\/proizvod\/neboskloni-duro-jelovic\/","title":{"rendered":"NEBOSKLONI, \u0110uro  Jelovi\u0107"},"content":{"rendered":"<p><strong><br \/>Sa\u017eetak:<\/strong> <\/p>\n<p>Knjiga je sastavljena od \u010detiri ciklusa: <\/p>\n<p>1. Glagolja\u0161 hrvatski,<br \/>2. Treptaji, <br \/>3. Tragovi, <br \/>4. Hrastovi. <\/p>\n<p>Tematika je domoljubna, od propitivanja osnova hrvatskoga jezika kroz povijest do na\u0161ih dana u stvaranju suvremene neovisne dr\u017eave Hrvatske; posebni motivi su tragovi \u2013 olovno vrijeme komunizma i, suvremeni motivi domovinskoga rata. Stilska obilje\u017eja: slobodan stih; refleksija, simbolika, unutarnji monolog, rije\u010d u osnovi i dubini\u2026<\/p>\n<p><strong>Bilje\u0161ka o autoru:<\/strong> <\/p>\n<p>Ro\u0111en i odrastao u Slavoniji, \u0161kolovao se i \u017eivio na hrvatskom Jadranu i u hrvatskoj metropoli, sada sam u Hrvatskom zagorju. ( Vrbanjac sam ro\u0111en u Bo\u0161njacima, ku\u0107a mi je u Pos. Podgajcima, a \u017eivim u Hrvatskom zagorju.)<\/p>\n<p>Do sada sam objavio knjigu pjesama Sunce u brazdi.Objavljujem u raznim zbornicima poeziju i prozu; recenzije u knjigama. Ne \u0107u nabrajati sve \u010dasopise, novine, zbornike u kojima sam objavljivao, ali ne mogu zaobi\u0107i: HKR Maruli\u0107; \u010dasopis Vrabac; Susret rije\u010di, Bedekov\u010dina; Pjesmom protiv zaborava, Vukovar; Do\u0161el bum v Bistricu, Marija Bistrica; Hod se nastavlja, Marija Bistrica; Haiku zbornik, Ludbreg&#8230; <\/p>\n<p>U antologiji Balada o vukovarskoj ru\u017ei objavljena mi je pjesma Vukovar 1991. koja je i u ovoj knjizi.<\/p>\n<p>\u010clan sam Vara\u017edinskog knji\u017eevnog dru\u0161tva, suosniva\u010d Ivane\u010dkog pjesni\u010dkog kruga, \u010dlan Dru\u0161tva hrvatskih knji\u017eevnika Sv. Jeronim, bio sam i \u010dlan Hrvatskog haiku dru\u0161tva. Urednik sam bio nekih eminentnih zbornika, (Marija Bistrica, ivanec&#8230;)<\/p>\n<p>A \u0161tovanom \u0161tiocu \u017eelim da u mojim kazivanjima na\u0111e makar jedan stih za svoju du\u0161u, i to \u0107e biti dovoljno.<\/p>\n<p><strong>Klju\u010dne rije\u010di:<\/strong> Hrastovi, Vukovar, nebosklon, tragovi, istina, pismo, prijatelji, libertas; poezija, more\u2026<\/p>\n<p><strong>E-mail:<\/strong>\u00a0<a href=\"mailto:d.jelovic@gmail.com\">\u0110uro Jelovi\u0107<\/a>\u00a0<\/p>\n<p><strong>Naslov:<\/strong> Neboskloni<br \/><strong>Autor:<\/strong> \u0110uro Jelovi\u0107<br \/><strong>Broj stranica:<\/strong> 92<br \/><strong>Nakladnik:<\/strong> REDAK<br \/><strong>Godina izdanja:<\/strong> 2016.<br \/><strong>ISBN:<\/strong> 978-953-336-266-3<br \/><strong>Tisak:<\/strong> digitalni tisak knjiga &#8211; print na zahtjev\u00a0<\/p>\n<hr \/>\n<p style=\"text-align: justify;\"><strong>Kako naru\u010diti knjigu?\u00a0<\/strong>Proces online kupovine jednako funkcionira za sve kupce, s jedinom razlikom u tome \u0161to \u0161to kupci iz inozemstva za podru\u010dje dostave moraju odabrati &#8220;Europa&#8221; ili &#8220;Ostale zemlje svijeta&#8221;, a za vrstu pla\u0107anja WSPay (kreditna kartica) ili Virmanom (bankovni transfer).<\/p>\n<p style=\"text-align: justify;\">Molimo kliknite ovdje za\u00a0<a href=\"hr\/kako-kupovati\" target=\"_blank\" rel=\"noopener\">detaljni vodi\u010d kroz proces narud\u017ebe<\/a>\u00a0ili nas\u00a0<a href=\"hr\/kontakt\" target=\"_blank\" rel=\"noopener\">kontaktirajte<\/a>\u00a0za vi\u0161e informacija.<\/p>\n","protected":false},"excerpt":{"rendered":"<p>Sa\u017eetak: Knjiga je sastavljena od \u010detiri ciklusa: 1. Glagolja\u0161 hrvatski,2. Treptaji, 3. Tragovi, 4. Hrastovi. Tematika je domoljubna, od propitivanja osnova hrvatskoga jezika kroz povijest do na\u0161ih dana u stvaranju suvremene neovisne dr\u017eave Hrvatske; posebni motivi su tragovi \u2013 olovno vrijeme komunizma i, suvremeni motivi domovinskoga rata. Stilska obilje\u017eja: slobodan stih; refleksija, simbolika, unutarnji monolog, [&hellip;]<\/p>\n","protected":false},"featured_media":8146,"comment_status":"open","ping_status":"closed","template":"","meta":{"_acf_changed":false},"product_brand":[],"product_cat":[1383,1385,1388],"product_tag":[],"class_list":{"0":"post-8145","1":"product","2":"type-product","3":"status-publish","4":"has-post-thumbnail","6":"product_cat-knjige","7":"product_cat-knjizevnost","8":"product_cat-poezija","9":"pa_autor-duro-jelovic","10":"pa_nakladnik-redak","12":"first","13":"instock","14":"shipping-taxable","15":"purchasable","16":"product-type-simple"},"acf":[],"yoast_head":"<!-- This site is optimized with the Yoast SEO plugin v27.3 - https:\/\/yoast.com\/product\/yoast-seo-wordpress\/ -->\n<title>NEBOSKLONI, \u0110uro Jelovi\u0107 - Web-knji\u017eara<\/title>\n<meta name=\"robots\" content=\"index, follow, max-snippet:-1, max-image-preview:large, max-video-preview:-1\" \/>\n<link rel=\"canonical\" href=\"https:\/\/webknjizara.hr\/proizvod\/neboskloni-duro-jelovic\/\" \/>\n<meta property=\"og:locale\" content=\"en_US\" \/>\n<meta property=\"og:type\" content=\"article\" \/>\n<meta property=\"og:title\" content=\"NEBOSKLONI, \u0110uro Jelovi\u0107 - Web-knji\u017eara\" \/>\n<meta property=\"og:description\" content=\"Sa\u017eetak: Knjiga je sastavljena od \u010detiri ciklusa: 1. Glagolja\u0161 hrvatski,2. Treptaji, 3. Tragovi, 4. Hrastovi. Tematika je domoljubna, od propitivanja osnova hrvatskoga jezika kroz povijest do na\u0161ih dana u stvaranju suvremene neovisne dr\u017eave Hrvatske; posebni motivi su tragovi \u2013 olovno vrijeme komunizma i, suvremeni motivi domovinskoga rata. Stilska obilje\u017eja: slobodan stih; refleksija, simbolika, unutarnji monolog, [&hellip;]\" \/>\n<meta property=\"og:url\" content=\"https:\/\/webknjizara.hr\/proizvod\/neboskloni-duro-jelovic\/\" \/>\n<meta property=\"og:site_name\" content=\"Web-knji\u017eara\" \/>\n<meta property=\"article:modified_time\" content=\"2023-02-26T23:16:39+00:00\" \/>\n<meta property=\"og:image\" content=\"https:\/\/webknjizara.hr\/wp-content\/uploads\/nc\/images\/virtuemart\/product\/neboskloni-ur-56a62fe769d23.jpg\" \/>\n\t<meta property=\"og:image:width\" content=\"358\" \/>\n\t<meta property=\"og:image:height\" content=\"500\" \/>\n\t<meta property=\"og:image:type\" content=\"image\/jpeg\" \/>\n<meta name=\"twitter:card\" content=\"summary_large_image\" \/>\n<meta name=\"twitter:label1\" content=\"Est. reading time\" \/>\n\t<meta name=\"twitter:data1\" content=\"2 minutes\" \/>\n<script type=\"application\/ld+json\" class=\"yoast-schema-graph\">{\"@context\":\"https:\\\/\\\/schema.org\",\"@graph\":[{\"@type\":\"WebPage\",\"@id\":\"https:\\\/\\\/webknjizara.hr\\\/proizvod\\\/neboskloni-duro-jelovic\\\/\",\"url\":\"https:\\\/\\\/webknjizara.hr\\\/proizvod\\\/neboskloni-duro-jelovic\\\/\",\"name\":\"NEBOSKLONI, \u0110uro Jelovi\u0107 - Web-knji\u017eara\",\"isPartOf\":{\"@id\":\"https:\\\/\\\/webknjizara.hr\\\/#website\"},\"primaryImageOfPage\":{\"@id\":\"https:\\\/\\\/webknjizara.hr\\\/proizvod\\\/neboskloni-duro-jelovic\\\/#primaryimage\"},\"image\":{\"@id\":\"https:\\\/\\\/webknjizara.hr\\\/proizvod\\\/neboskloni-duro-jelovic\\\/#primaryimage\"},\"thumbnailUrl\":\"https:\\\/\\\/webknjizara.hr\\\/wp-content\\\/uploads\\\/nc\\\/images\\\/virtuemart\\\/product\\\/neboskloni-ur-56a62fe769d23.jpg\",\"datePublished\":\"2016-01-25T14:23:35+00:00\",\"dateModified\":\"2023-02-26T23:16:39+00:00\",\"breadcrumb\":{\"@id\":\"https:\\\/\\\/webknjizara.hr\\\/proizvod\\\/neboskloni-duro-jelovic\\\/#breadcrumb\"},\"inLanguage\":\"en-US\",\"potentialAction\":[{\"@type\":\"ReadAction\",\"target\":[\"https:\\\/\\\/webknjizara.hr\\\/proizvod\\\/neboskloni-duro-jelovic\\\/\"]}]},{\"@type\":\"ImageObject\",\"inLanguage\":\"en-US\",\"@id\":\"https:\\\/\\\/webknjizara.hr\\\/proizvod\\\/neboskloni-duro-jelovic\\\/#primaryimage\",\"url\":\"https:\\\/\\\/webknjizara.hr\\\/wp-content\\\/uploads\\\/nc\\\/images\\\/virtuemart\\\/product\\\/neboskloni-ur-56a62fe769d23.jpg\",\"contentUrl\":\"https:\\\/\\\/webknjizara.hr\\\/wp-content\\\/uploads\\\/nc\\\/images\\\/virtuemart\\\/product\\\/neboskloni-ur-56a62fe769d23.jpg\",\"width\":358,\"height\":500,\"caption\":\"NEBOSKLONI, \u0110uro Jelovi\u0107\"},{\"@type\":\"BreadcrumbList\",\"@id\":\"https:\\\/\\\/webknjizara.hr\\\/proizvod\\\/neboskloni-duro-jelovic\\\/#breadcrumb\",\"itemListElement\":[{\"@type\":\"ListItem\",\"position\":1,\"name\":\"Po\u010detna stranica\",\"item\":\"https:\\\/\\\/webknjizara.hr\\\/en\\\/\"},{\"@type\":\"ListItem\",\"position\":2,\"name\":\"Shop\",\"item\":\"https:\\\/\\\/webknjizara.hr\\\/shop\\\/\"},{\"@type\":\"ListItem\",\"position\":3,\"name\":\"NEBOSKLONI, \u0110uro Jelovi\u0107\"}]},{\"@type\":\"WebSite\",\"@id\":\"https:\\\/\\\/webknjizara.hr\\\/#website\",\"url\":\"https:\\\/\\\/webknjizara.hr\\\/\",\"name\":\"Web Knji\u017eara\",\"description\":\"\",\"publisher\":{\"@id\":\"https:\\\/\\\/webknjizara.hr\\\/#organization\"},\"potentialAction\":[{\"@type\":\"SearchAction\",\"target\":{\"@type\":\"EntryPoint\",\"urlTemplate\":\"https:\\\/\\\/webknjizara.hr\\\/?s={search_term_string}\"},\"query-input\":{\"@type\":\"PropertyValueSpecification\",\"valueRequired\":true,\"valueName\":\"search_term_string\"}}],\"inLanguage\":\"en-US\"},{\"@type\":\"Organization\",\"@id\":\"https:\\\/\\\/webknjizara.hr\\\/#organization\",\"name\":\"REDAK D.O.O.\",\"url\":\"https:\\\/\\\/webknjizara.hr\\\/\",\"logo\":{\"@type\":\"ImageObject\",\"inLanguage\":\"en-US\",\"@id\":\"https:\\\/\\\/webknjizara.hr\\\/#\\\/schema\\\/logo\\\/image\\\/\",\"url\":\"https:\\\/\\\/webknjizara.hr\\\/wp-content\\\/uploads\\\/2023\\\/01\\\/web-knjizara-logo.webp\",\"contentUrl\":\"https:\\\/\\\/webknjizara.hr\\\/wp-content\\\/uploads\\\/2023\\\/01\\\/web-knjizara-logo.webp\",\"width\":324,\"height\":79,\"caption\":\"REDAK D.O.O.\"},\"image\":{\"@id\":\"https:\\\/\\\/webknjizara.hr\\\/#\\\/schema\\\/logo\\\/image\\\/\"}}]}<\/script>\n<!-- \/ Yoast SEO plugin. -->","yoast_head_json":{"title":"NEBOSKLONI, \u0110uro Jelovi\u0107 - Web-knji\u017eara","robots":{"index":"index","follow":"follow","max-snippet":"max-snippet:-1","max-image-preview":"max-image-preview:large","max-video-preview":"max-video-preview:-1"},"canonical":"https:\/\/webknjizara.hr\/proizvod\/neboskloni-duro-jelovic\/","og_locale":"en_US","og_type":"article","og_title":"NEBOSKLONI, \u0110uro Jelovi\u0107 - Web-knji\u017eara","og_description":"Sa\u017eetak: Knjiga je sastavljena od \u010detiri ciklusa: 1. Glagolja\u0161 hrvatski,2. Treptaji, 3. Tragovi, 4. Hrastovi. Tematika je domoljubna, od propitivanja osnova hrvatskoga jezika kroz povijest do na\u0161ih dana u stvaranju suvremene neovisne dr\u017eave Hrvatske; posebni motivi su tragovi \u2013 olovno vrijeme komunizma i, suvremeni motivi domovinskoga rata. Stilska obilje\u017eja: slobodan stih; refleksija, simbolika, unutarnji monolog, [&hellip;]","og_url":"https:\/\/webknjizara.hr\/proizvod\/neboskloni-duro-jelovic\/","og_site_name":"Web-knji\u017eara","article_modified_time":"2023-02-26T23:16:39+00:00","og_image":[{"width":358,"height":500,"url":"https:\/\/webknjizara.hr\/wp-content\/uploads\/nc\/images\/virtuemart\/product\/neboskloni-ur-56a62fe769d23.jpg","type":"image\/jpeg"}],"twitter_card":"summary_large_image","twitter_misc":{"Est. reading time":"2 minutes"},"schema":{"@context":"https:\/\/schema.org","@graph":[{"@type":"WebPage","@id":"https:\/\/webknjizara.hr\/proizvod\/neboskloni-duro-jelovic\/","url":"https:\/\/webknjizara.hr\/proizvod\/neboskloni-duro-jelovic\/","name":"NEBOSKLONI, \u0110uro Jelovi\u0107 - Web-knji\u017eara","isPartOf":{"@id":"https:\/\/webknjizara.hr\/#website"},"primaryImageOfPage":{"@id":"https:\/\/webknjizara.hr\/proizvod\/neboskloni-duro-jelovic\/#primaryimage"},"image":{"@id":"https:\/\/webknjizara.hr\/proizvod\/neboskloni-duro-jelovic\/#primaryimage"},"thumbnailUrl":"https:\/\/webknjizara.hr\/wp-content\/uploads\/nc\/images\/virtuemart\/product\/neboskloni-ur-56a62fe769d23.jpg","datePublished":"2016-01-25T14:23:35+00:00","dateModified":"2023-02-26T23:16:39+00:00","breadcrumb":{"@id":"https:\/\/webknjizara.hr\/proizvod\/neboskloni-duro-jelovic\/#breadcrumb"},"inLanguage":"en-US","potentialAction":[{"@type":"ReadAction","target":["https:\/\/webknjizara.hr\/proizvod\/neboskloni-duro-jelovic\/"]}]},{"@type":"ImageObject","inLanguage":"en-US","@id":"https:\/\/webknjizara.hr\/proizvod\/neboskloni-duro-jelovic\/#primaryimage","url":"https:\/\/webknjizara.hr\/wp-content\/uploads\/nc\/images\/virtuemart\/product\/neboskloni-ur-56a62fe769d23.jpg","contentUrl":"https:\/\/webknjizara.hr\/wp-content\/uploads\/nc\/images\/virtuemart\/product\/neboskloni-ur-56a62fe769d23.jpg","width":358,"height":500,"caption":"NEBOSKLONI, \u0110uro Jelovi\u0107"},{"@type":"BreadcrumbList","@id":"https:\/\/webknjizara.hr\/proizvod\/neboskloni-duro-jelovic\/#breadcrumb","itemListElement":[{"@type":"ListItem","position":1,"name":"Po\u010detna stranica","item":"https:\/\/webknjizara.hr\/en\/"},{"@type":"ListItem","position":2,"name":"Shop","item":"https:\/\/webknjizara.hr\/shop\/"},{"@type":"ListItem","position":3,"name":"NEBOSKLONI, \u0110uro Jelovi\u0107"}]},{"@type":"WebSite","@id":"https:\/\/webknjizara.hr\/#website","url":"https:\/\/webknjizara.hr\/","name":"Web Knji\u017eara","description":"","publisher":{"@id":"https:\/\/webknjizara.hr\/#organization"},"potentialAction":[{"@type":"SearchAction","target":{"@type":"EntryPoint","urlTemplate":"https:\/\/webknjizara.hr\/?s={search_term_string}"},"query-input":{"@type":"PropertyValueSpecification","valueRequired":true,"valueName":"search_term_string"}}],"inLanguage":"en-US"},{"@type":"Organization","@id":"https:\/\/webknjizara.hr\/#organization","name":"REDAK D.O.O.","url":"https:\/\/webknjizara.hr\/","logo":{"@type":"ImageObject","inLanguage":"en-US","@id":"https:\/\/webknjizara.hr\/#\/schema\/logo\/image\/","url":"https:\/\/webknjizara.hr\/wp-content\/uploads\/2023\/01\/web-knjizara-logo.webp","contentUrl":"https:\/\/webknjizara.hr\/wp-content\/uploads\/2023\/01\/web-knjizara-logo.webp","width":324,"height":79,"caption":"REDAK D.O.O."},"image":{"@id":"https:\/\/webknjizara.hr\/#\/schema\/logo\/image\/"}}]}},"_links":{"self":[{"href":"https:\/\/webknjizara.hr\/en\/wp-json\/wp\/v2\/product\/8145","targetHints":{"allow":["GET"]}}],"collection":[{"href":"https:\/\/webknjizara.hr\/en\/wp-json\/wp\/v2\/product"}],"about":[{"href":"https:\/\/webknjizara.hr\/en\/wp-json\/wp\/v2\/types\/product"}],"replies":[{"embeddable":true,"href":"https:\/\/webknjizara.hr\/en\/wp-json\/wp\/v2\/comments?post=8145"}],"wp:featuredmedia":[{"embeddable":true,"href":"https:\/\/webknjizara.hr\/en\/wp-json\/wp\/v2\/media\/8146"}],"wp:attachment":[{"href":"https:\/\/webknjizara.hr\/en\/wp-json\/wp\/v2\/media?parent=8145"}],"wp:term":[{"taxonomy":"product_brand","embeddable":true,"href":"https:\/\/webknjizara.hr\/en\/wp-json\/wp\/v2\/product_brand?post=8145"},{"taxonomy":"product_cat","embeddable":true,"href":"https:\/\/webknjizara.hr\/en\/wp-json\/wp\/v2\/product_cat?post=8145"},{"taxonomy":"product_tag","embeddable":true,"href":"https:\/\/webknjizara.hr\/en\/wp-json\/wp\/v2\/product_tag?post=8145"}],"curies":[{"name":"wp","href":"https:\/\/api.w.org\/{rel}","templated":true}]}}