{"id":8131,"date":"2016-01-07T18:05:55","date_gmt":"2016-01-07T18:05:55","guid":{"rendered":"https:\/\/webknjizara.hr\/?product=venerina-muholovka-gordana-majdak"},"modified":"2023-02-27T00:16:37","modified_gmt":"2023-02-26T23:16:37","slug":"venerina-muholovka-gordana-majdak","status":"publish","type":"product","link":"https:\/\/webknjizara.hr\/en\/proizvod\/venerina-muholovka-gordana-majdak\/","title":{"rendered":"VENERINA MUHOLOVKA, Gordana Majdak"},"content":{"rendered":"<p style=\"text-align: justify;\"><strong><br \/>Sa\u017eetak:<\/strong> <\/p>\n<p><em>&#8220;Prvijenac Gordane Majdak, intrigantnog naslova \u201eVenerina muholovka\u201c po\u010dinje kao lagana erotska pri\u010da namijenjena \u010ditatelju u nekom dokonom poslijepodnevu. Jednostavne kompozicije, pisana u prvom licu, prati do\u017eivljaje ekonomistice Ree, \u017eene na pragu \u010detrdesete godine \u017eivota, od vremena njezinog emocionalnog kraha i poslovnog uspona.<\/em><\/p>\n<p><em>Rea je sli\u010dna biljci meso\u017ederki koju uzgaja njezin \u0161ef. \u017deljna mu\u0161kog mesa i gotovo animalnog seksualnog apetita, \u010dini se da \u0107e postati lak plijen uredskih spletki i vlastitog nagona. Kao biljka meso\u017ederka, Rea osje\u0107a nekontroliranu glad za dodirom i mirisom mu\u0161karca, ona ga \u017eeli ku\u0161ati, sa\u017evakati i ispljunuti kao ne\u0161to \u0161to je zadovoljilo trenutni nagon i \u0161to se le\u017eerno mo\u017ee odbaciti.<\/em><\/p>\n<p><em>Me\u0111utim, na\u0161av\u0161i se u svijetu kapitala, intriga i prijevara, Rea sazrijeva i otkriva nove ljudske vrijednosti; po\u0161tenje, iskrenost, lojalnost i britku kriti\u010dnost kojom oslikava blistavu bijedu dijela poslovnog svijeta.<\/em><\/p>\n<p><em>Rea potvr\u0111uje da se potrebe mu\u0161karaca i \u017eena po svojoj prirodi ne razlikuju, da su one po svom \u017eivotnom tkivu iste, samo se na potrebe \u017eena natalo\u017eio debeli sloj povijesno uvjetovanih dru\u0161tvenih normi koje ona skida, veo po veo, ne gube\u0107i pri tome svoju \u017eenstvenost.<\/em><\/p>\n<p><em>\u201eVenerina muholovka\u201c nije roman koji mijenja svijet, ali je svakako roman koji otvoreno ru\u0161i neke stereotipe koji su \u017eenama dodijelili strogo ome\u0111ene dru\u0161tvene i obiteljske uloge. I ono dokono poslijepodne u kojem smo posegnuli za ovom pri\u010dom, bit \u0107e ispunjeno.&#8221;<\/em><\/p>\n<p>&#8211; Marija Jura\u010di\u0107, prof.<\/p>\n<p style=\"text-align: justify;\"><strong>Link:<\/strong> <a href=\"http:\/\/blueperlaa.webs.com\/\">http:\/\/blueperlaa.webs.com\/<br \/><\/a><strong>E-mail:<\/strong> <a href=\"mailto:Gordana.majdak4@gmail.com\">Gordana Majdak<\/a><\/p>\n<p style=\"text-align: justify;\"><strong>Naslov:<\/strong> Venerina muholovka<br \/><strong>Autorica:<\/strong> Gordana Majdak<br \/><strong>Broj stranica:<\/strong> 254<br \/><strong>Nakladnik:<\/strong> REDAK<br \/><strong>Godina izdanja:<\/strong> 2015.<br \/><strong>ISBN:<\/strong> 978-953-336-262-5\u00a0<br \/><strong>Tisak:<\/strong> digitalni tisak knjiga &#8211; print na zahtjev\u00a0<\/p>\n<hr \/>\n<p style=\"text-align: justify;\"><strong>Kako naru\u010diti knjigu?\u00a0<\/strong>Proces online kupovine jednako funkcionira za sve kupce, s jedinom razlikom u tome \u0161to \u0161to kupci iz inozemstva za podru\u010dje dostave moraju odabrati &#8220;Europa&#8221; ili &#8220;Ostale zemlje svijeta&#8221;, a za vrstu pla\u0107anja WSPay (kreditna kartica) ili Virmanom (bankovni transfer).<\/p>\n<p style=\"text-align: justify;\">Molimo kliknite ovdje za\u00a0<a href=\"hr\/kako-kupovati\" target=\"_blank\" rel=\"noopener\">detaljni vodi\u010d kroz proces narud\u017ebe<\/a>\u00a0ili nas\u00a0<a href=\"hr\/kontakt\" target=\"_blank\" rel=\"noopener\">kontaktirajte<\/a>\u00a0za vi\u0161e informacija.<\/p>\n","protected":false},"excerpt":{"rendered":"<p>Sa\u017eetak: &#8220;Prvijenac Gordane Majdak, intrigantnog naslova \u201eVenerina muholovka\u201c po\u010dinje kao lagana erotska pri\u010da namijenjena \u010ditatelju u nekom dokonom poslijepodnevu. Jednostavne kompozicije, pisana u prvom licu, prati do\u017eivljaje ekonomistice Ree, \u017eene na pragu \u010detrdesete godine \u017eivota, od vremena njezinog emocionalnog kraha i poslovnog uspona. Rea je sli\u010dna biljci meso\u017ederki koju uzgaja njezin \u0161ef. \u017deljna mu\u0161kog mesa [&hellip;]<\/p>\n","protected":false},"featured_media":8132,"comment_status":"open","ping_status":"closed","template":"","meta":{"_acf_changed":false},"product_brand":[],"product_cat":[1515,1383,1385],"product_tag":[],"class_list":{"0":"post-8131","1":"product","2":"type-product","3":"status-publish","4":"has-post-thumbnail","6":"product_cat-romani","7":"product_cat-knjige","8":"product_cat-knjizevnost","9":"pa_autor-gordana-majdak","10":"pa_nakladnik-redak","12":"first","13":"instock","14":"shipping-taxable","15":"purchasable","16":"product-type-simple"},"acf":[],"yoast_head":"<!-- This site is optimized with the Yoast SEO plugin v27.3 - https:\/\/yoast.com\/product\/yoast-seo-wordpress\/ -->\n<title>VENERINA MUHOLOVKA, Gordana Majdak - Web-knji\u017eara<\/title>\n<meta name=\"robots\" content=\"index, follow, max-snippet:-1, max-image-preview:large, max-video-preview:-1\" \/>\n<link rel=\"canonical\" href=\"https:\/\/webknjizara.hr\/proizvod\/venerina-muholovka-gordana-majdak\/\" \/>\n<meta property=\"og:locale\" content=\"en_US\" \/>\n<meta property=\"og:type\" content=\"article\" \/>\n<meta property=\"og:title\" content=\"VENERINA MUHOLOVKA, Gordana Majdak - Web-knji\u017eara\" \/>\n<meta property=\"og:description\" content=\"Sa\u017eetak: &#8220;Prvijenac Gordane Majdak, intrigantnog naslova \u201eVenerina muholovka\u201c po\u010dinje kao lagana erotska pri\u010da namijenjena \u010ditatelju u nekom dokonom poslijepodnevu. Jednostavne kompozicije, pisana u prvom licu, prati do\u017eivljaje ekonomistice Ree, \u017eene na pragu \u010detrdesete godine \u017eivota, od vremena njezinog emocionalnog kraha i poslovnog uspona. Rea je sli\u010dna biljci meso\u017ederki koju uzgaja njezin \u0161ef. \u017deljna mu\u0161kog mesa [&hellip;]\" \/>\n<meta property=\"og:url\" content=\"https:\/\/webknjizara.hr\/proizvod\/venerina-muholovka-gordana-majdak\/\" \/>\n<meta property=\"og:site_name\" content=\"Web-knji\u017eara\" \/>\n<meta property=\"article:modified_time\" content=\"2023-02-26T23:16:37+00:00\" \/>\n<meta property=\"og:image\" content=\"https:\/\/webknjizara.hr\/wp-content\/uploads\/nc\/images\/virtuemart\/product\/venerina-muholov-568ea902f0b52.jpg\" \/>\n\t<meta property=\"og:image:width\" content=\"358\" \/>\n\t<meta property=\"og:image:height\" content=\"500\" \/>\n\t<meta property=\"og:image:type\" content=\"image\/jpeg\" \/>\n<meta name=\"twitter:card\" content=\"summary_large_image\" \/>\n<meta name=\"twitter:label1\" content=\"Est. reading time\" \/>\n\t<meta name=\"twitter:data1\" content=\"2 minutes\" \/>\n<script type=\"application\/ld+json\" class=\"yoast-schema-graph\">{\"@context\":\"https:\\\/\\\/schema.org\",\"@graph\":[{\"@type\":\"WebPage\",\"@id\":\"https:\\\/\\\/webknjizara.hr\\\/proizvod\\\/venerina-muholovka-gordana-majdak\\\/\",\"url\":\"https:\\\/\\\/webknjizara.hr\\\/proizvod\\\/venerina-muholovka-gordana-majdak\\\/\",\"name\":\"VENERINA MUHOLOVKA, Gordana Majdak - Web-knji\u017eara\",\"isPartOf\":{\"@id\":\"https:\\\/\\\/webknjizara.hr\\\/#website\"},\"primaryImageOfPage\":{\"@id\":\"https:\\\/\\\/webknjizara.hr\\\/proizvod\\\/venerina-muholovka-gordana-majdak\\\/#primaryimage\"},\"image\":{\"@id\":\"https:\\\/\\\/webknjizara.hr\\\/proizvod\\\/venerina-muholovka-gordana-majdak\\\/#primaryimage\"},\"thumbnailUrl\":\"https:\\\/\\\/webknjizara.hr\\\/wp-content\\\/uploads\\\/nc\\\/images\\\/virtuemart\\\/product\\\/venerina-muholov-568ea902f0b52.jpg\",\"datePublished\":\"2016-01-07T18:05:55+00:00\",\"dateModified\":\"2023-02-26T23:16:37+00:00\",\"breadcrumb\":{\"@id\":\"https:\\\/\\\/webknjizara.hr\\\/proizvod\\\/venerina-muholovka-gordana-majdak\\\/#breadcrumb\"},\"inLanguage\":\"en-US\",\"potentialAction\":[{\"@type\":\"ReadAction\",\"target\":[\"https:\\\/\\\/webknjizara.hr\\\/proizvod\\\/venerina-muholovka-gordana-majdak\\\/\"]}]},{\"@type\":\"ImageObject\",\"inLanguage\":\"en-US\",\"@id\":\"https:\\\/\\\/webknjizara.hr\\\/proizvod\\\/venerina-muholovka-gordana-majdak\\\/#primaryimage\",\"url\":\"https:\\\/\\\/webknjizara.hr\\\/wp-content\\\/uploads\\\/nc\\\/images\\\/virtuemart\\\/product\\\/venerina-muholov-568ea902f0b52.jpg\",\"contentUrl\":\"https:\\\/\\\/webknjizara.hr\\\/wp-content\\\/uploads\\\/nc\\\/images\\\/virtuemart\\\/product\\\/venerina-muholov-568ea902f0b52.jpg\",\"width\":358,\"height\":500,\"caption\":\"VENERINA MUHOLOVKA, Gordana Majdak\"},{\"@type\":\"BreadcrumbList\",\"@id\":\"https:\\\/\\\/webknjizara.hr\\\/proizvod\\\/venerina-muholovka-gordana-majdak\\\/#breadcrumb\",\"itemListElement\":[{\"@type\":\"ListItem\",\"position\":1,\"name\":\"Po\u010detna stranica\",\"item\":\"https:\\\/\\\/webknjizara.hr\\\/en\\\/\"},{\"@type\":\"ListItem\",\"position\":2,\"name\":\"Shop\",\"item\":\"https:\\\/\\\/webknjizara.hr\\\/shop\\\/\"},{\"@type\":\"ListItem\",\"position\":3,\"name\":\"VENERINA MUHOLOVKA, Gordana Majdak\"}]},{\"@type\":\"WebSite\",\"@id\":\"https:\\\/\\\/webknjizara.hr\\\/#website\",\"url\":\"https:\\\/\\\/webknjizara.hr\\\/\",\"name\":\"Web Knji\u017eara\",\"description\":\"\",\"publisher\":{\"@id\":\"https:\\\/\\\/webknjizara.hr\\\/#organization\"},\"potentialAction\":[{\"@type\":\"SearchAction\",\"target\":{\"@type\":\"EntryPoint\",\"urlTemplate\":\"https:\\\/\\\/webknjizara.hr\\\/?s={search_term_string}\"},\"query-input\":{\"@type\":\"PropertyValueSpecification\",\"valueRequired\":true,\"valueName\":\"search_term_string\"}}],\"inLanguage\":\"en-US\"},{\"@type\":\"Organization\",\"@id\":\"https:\\\/\\\/webknjizara.hr\\\/#organization\",\"name\":\"REDAK D.O.O.\",\"url\":\"https:\\\/\\\/webknjizara.hr\\\/\",\"logo\":{\"@type\":\"ImageObject\",\"inLanguage\":\"en-US\",\"@id\":\"https:\\\/\\\/webknjizara.hr\\\/#\\\/schema\\\/logo\\\/image\\\/\",\"url\":\"https:\\\/\\\/webknjizara.hr\\\/wp-content\\\/uploads\\\/2023\\\/01\\\/web-knjizara-logo.webp\",\"contentUrl\":\"https:\\\/\\\/webknjizara.hr\\\/wp-content\\\/uploads\\\/2023\\\/01\\\/web-knjizara-logo.webp\",\"width\":324,\"height\":79,\"caption\":\"REDAK D.O.O.\"},\"image\":{\"@id\":\"https:\\\/\\\/webknjizara.hr\\\/#\\\/schema\\\/logo\\\/image\\\/\"}}]}<\/script>\n<!-- \/ Yoast SEO plugin. -->","yoast_head_json":{"title":"VENERINA MUHOLOVKA, Gordana Majdak - Web-knji\u017eara","robots":{"index":"index","follow":"follow","max-snippet":"max-snippet:-1","max-image-preview":"max-image-preview:large","max-video-preview":"max-video-preview:-1"},"canonical":"https:\/\/webknjizara.hr\/proizvod\/venerina-muholovka-gordana-majdak\/","og_locale":"en_US","og_type":"article","og_title":"VENERINA MUHOLOVKA, Gordana Majdak - Web-knji\u017eara","og_description":"Sa\u017eetak: &#8220;Prvijenac Gordane Majdak, intrigantnog naslova \u201eVenerina muholovka\u201c po\u010dinje kao lagana erotska pri\u010da namijenjena \u010ditatelju u nekom dokonom poslijepodnevu. Jednostavne kompozicije, pisana u prvom licu, prati do\u017eivljaje ekonomistice Ree, \u017eene na pragu \u010detrdesete godine \u017eivota, od vremena njezinog emocionalnog kraha i poslovnog uspona. Rea je sli\u010dna biljci meso\u017ederki koju uzgaja njezin \u0161ef. \u017deljna mu\u0161kog mesa [&hellip;]","og_url":"https:\/\/webknjizara.hr\/proizvod\/venerina-muholovka-gordana-majdak\/","og_site_name":"Web-knji\u017eara","article_modified_time":"2023-02-26T23:16:37+00:00","og_image":[{"width":358,"height":500,"url":"https:\/\/webknjizara.hr\/wp-content\/uploads\/nc\/images\/virtuemart\/product\/venerina-muholov-568ea902f0b52.jpg","type":"image\/jpeg"}],"twitter_card":"summary_large_image","twitter_misc":{"Est. reading time":"2 minutes"},"schema":{"@context":"https:\/\/schema.org","@graph":[{"@type":"WebPage","@id":"https:\/\/webknjizara.hr\/proizvod\/venerina-muholovka-gordana-majdak\/","url":"https:\/\/webknjizara.hr\/proizvod\/venerina-muholovka-gordana-majdak\/","name":"VENERINA MUHOLOVKA, Gordana Majdak - Web-knji\u017eara","isPartOf":{"@id":"https:\/\/webknjizara.hr\/#website"},"primaryImageOfPage":{"@id":"https:\/\/webknjizara.hr\/proizvod\/venerina-muholovka-gordana-majdak\/#primaryimage"},"image":{"@id":"https:\/\/webknjizara.hr\/proizvod\/venerina-muholovka-gordana-majdak\/#primaryimage"},"thumbnailUrl":"https:\/\/webknjizara.hr\/wp-content\/uploads\/nc\/images\/virtuemart\/product\/venerina-muholov-568ea902f0b52.jpg","datePublished":"2016-01-07T18:05:55+00:00","dateModified":"2023-02-26T23:16:37+00:00","breadcrumb":{"@id":"https:\/\/webknjizara.hr\/proizvod\/venerina-muholovka-gordana-majdak\/#breadcrumb"},"inLanguage":"en-US","potentialAction":[{"@type":"ReadAction","target":["https:\/\/webknjizara.hr\/proizvod\/venerina-muholovka-gordana-majdak\/"]}]},{"@type":"ImageObject","inLanguage":"en-US","@id":"https:\/\/webknjizara.hr\/proizvod\/venerina-muholovka-gordana-majdak\/#primaryimage","url":"https:\/\/webknjizara.hr\/wp-content\/uploads\/nc\/images\/virtuemart\/product\/venerina-muholov-568ea902f0b52.jpg","contentUrl":"https:\/\/webknjizara.hr\/wp-content\/uploads\/nc\/images\/virtuemart\/product\/venerina-muholov-568ea902f0b52.jpg","width":358,"height":500,"caption":"VENERINA MUHOLOVKA, Gordana Majdak"},{"@type":"BreadcrumbList","@id":"https:\/\/webknjizara.hr\/proizvod\/venerina-muholovka-gordana-majdak\/#breadcrumb","itemListElement":[{"@type":"ListItem","position":1,"name":"Po\u010detna stranica","item":"https:\/\/webknjizara.hr\/en\/"},{"@type":"ListItem","position":2,"name":"Shop","item":"https:\/\/webknjizara.hr\/shop\/"},{"@type":"ListItem","position":3,"name":"VENERINA MUHOLOVKA, Gordana Majdak"}]},{"@type":"WebSite","@id":"https:\/\/webknjizara.hr\/#website","url":"https:\/\/webknjizara.hr\/","name":"Web Knji\u017eara","description":"","publisher":{"@id":"https:\/\/webknjizara.hr\/#organization"},"potentialAction":[{"@type":"SearchAction","target":{"@type":"EntryPoint","urlTemplate":"https:\/\/webknjizara.hr\/?s={search_term_string}"},"query-input":{"@type":"PropertyValueSpecification","valueRequired":true,"valueName":"search_term_string"}}],"inLanguage":"en-US"},{"@type":"Organization","@id":"https:\/\/webknjizara.hr\/#organization","name":"REDAK D.O.O.","url":"https:\/\/webknjizara.hr\/","logo":{"@type":"ImageObject","inLanguage":"en-US","@id":"https:\/\/webknjizara.hr\/#\/schema\/logo\/image\/","url":"https:\/\/webknjizara.hr\/wp-content\/uploads\/2023\/01\/web-knjizara-logo.webp","contentUrl":"https:\/\/webknjizara.hr\/wp-content\/uploads\/2023\/01\/web-knjizara-logo.webp","width":324,"height":79,"caption":"REDAK D.O.O."},"image":{"@id":"https:\/\/webknjizara.hr\/#\/schema\/logo\/image\/"}}]}},"_links":{"self":[{"href":"https:\/\/webknjizara.hr\/en\/wp-json\/wp\/v2\/product\/8131","targetHints":{"allow":["GET"]}}],"collection":[{"href":"https:\/\/webknjizara.hr\/en\/wp-json\/wp\/v2\/product"}],"about":[{"href":"https:\/\/webknjizara.hr\/en\/wp-json\/wp\/v2\/types\/product"}],"replies":[{"embeddable":true,"href":"https:\/\/webknjizara.hr\/en\/wp-json\/wp\/v2\/comments?post=8131"}],"wp:featuredmedia":[{"embeddable":true,"href":"https:\/\/webknjizara.hr\/en\/wp-json\/wp\/v2\/media\/8132"}],"wp:attachment":[{"href":"https:\/\/webknjizara.hr\/en\/wp-json\/wp\/v2\/media?parent=8131"}],"wp:term":[{"taxonomy":"product_brand","embeddable":true,"href":"https:\/\/webknjizara.hr\/en\/wp-json\/wp\/v2\/product_brand?post=8131"},{"taxonomy":"product_cat","embeddable":true,"href":"https:\/\/webknjizara.hr\/en\/wp-json\/wp\/v2\/product_cat?post=8131"},{"taxonomy":"product_tag","embeddable":true,"href":"https:\/\/webknjizara.hr\/en\/wp-json\/wp\/v2\/product_tag?post=8131"}],"curies":[{"name":"wp","href":"https:\/\/api.w.org\/{rel}","templated":true}]}}