{"id":8117,"date":"2015-12-21T19:15:45","date_gmt":"2015-12-21T19:15:45","guid":{"rendered":"https:\/\/webknjizara.hr\/?product=za-puknit-o039-smija-2"},"modified":"2023-02-27T00:16:36","modified_gmt":"2023-02-26T23:16:36","slug":"za-puknit-o-smija-2","status":"publish","type":"product","link":"https:\/\/webknjizara.hr\/en\/proizvod\/za-puknit-o-smija-2\/","title":{"rendered":"ZA PUKNIT O&#039; SMIJA 2"},"content":{"rendered":"<p style=\"text-align: justify;\"><strong><br \/>Sa\u017eetak:<\/strong> <\/p>\n<p>Zbornik &#8221;<a href=\"hr\/about-joomla?page=shop.product_details&#038;flypage=flypage.tpl&#038;category_id=4&#038;product_id=338&#038;vmcchk=1\" target=\"_blank\" rel=\"noopener\">Za puknit o&#8217; smija<\/a> II&#8221; obuhva\u0107a 28 humoreski koje su zadovoljile kriterije Natje\u010daja za najsmje\u0161niju pri\u010dicu pisanu na \u010dakavskome, \u0161to ga je drugu godinu zaredom provela Udruga &#8221;\u010cakavski jazik&#8221;. Udruga ima za zadatak poticati, razvijati, afirmirati i revitalizirati \u010dakav\u0161tinu kao dio hrvatskoga kulturnoga identiteta, stoga su spomenute pri\u010dice u tome svjetlu izrazito va\u017ene. Prete\u017ean je dio humoreski pisan na \u010dakavskim govorima (bra\u010dki, hvarski, kor\u010dulanski govori, grobni\u010dki govor, vi\u017einadski i sl.) ili na govorima koji su temeljem \u010dakavski, ali se u njima danas potvr\u0111uje i odre\u0111en broj \u0161tokavskih osobina (govor Splita, ka\u0161telanski govori, govor Solina itd.). Mnogi su autori u pri\u010dicama precizno bilje\u017eili svoj govor pa mnoge od njih zrcale stvarno jezi\u010dno stanje odre\u0111enih mjesnih idioma. Osim humoreski dragocjen su dio zbornika i popratne stru\u010dne studije razli\u010dite tematike cijenjenih hrvatskih filologa, odnosno dijalektologa: dr. sc. Sanje Vuli\u0107, dr. sc. Filipa Galovi\u0107a, dr. sc. Ivane Kurtovi\u0107 Budje i dr. sc. Marijane Tomeli\u0107 \u0106urlin. U uvodnome dijelu nalaze se i popratni tekstovi Dobrile Franetovi\u0107 Kuzmi\u0107, prve predsjednice Udruge, te Gorana Pelai\u0107a, urednika i voditelja nekolicine emisija Radio Splita, a na koncu popis nekih od aktivnosti Udruge &#8221;\u010cakavski jazik&#8221; u proteklome vremenu. Edo \u0160egvi\u0107 svojim je karikaturama obogatio zbirku, a autor je fotografije s naslovnice Goran D\u017eombeta.<\/p>\n<p style=\"text-align: justify;\"><strong>Bilje\u0161ka o autorima:<\/strong> <\/p>\n<p>1. Birimi\u0161a, Zora<br \/>2. Britvi\u0107, Vinkica<br \/>3. Buj, Vlatka<br \/>4. Burica, Gordana<br \/>5. Dumani\u0107, Na\u0111an<br \/>6. Filipi\u0107, \u017deljka<br \/>7. Galovi\u0107, Filip<br \/>8. Ga\u0161perov, Ru\u017eica<br \/>9. Ger\u017eini\u0107, Zorana<br \/>10. Goran Pelai\u0107, Goran<br \/>11. Grubi\u0161i\u0107-\u010cabo, Irena<br \/>12. Jurjevi\u0107, Valerija<br \/>13. Kalili\u0107, Dunja<br \/>14. Krstulovi\u0107, Darinka<br \/>15. Kurtovi\u0107 Budja, Ivana<br \/>16. Kuzmani\u0107, Ivo<br \/>17. Kuzmi\u0107, Dobrila<br \/>18. Makjani\u0107, Katarina<br \/>19. Mateljan, Nikola<br \/>20. Matulovi\u0107, Ta\u0161enka<br \/>21. Padovan, Ina<br \/>22. Plazibat, Mariana<br \/>23. Prebeg, Jagoda<br \/>24. Puljak, Lucija<br \/>25. Puljak, Slaven<br \/>26. Ro\u0161in, Jerko<br \/>27. Stapi\u0107 Kati\u0107, Julija<br \/>28. \u0160egvi\u0107, Edo<br \/>29. Te\u0161ija, Ante<br \/>30. Ti\u010dinovi\u0107, Vjekoslava<br \/>31. Tomeli\u0107 \u0106urlin, Marijana<br \/>32. Vrkljan, Nela<br \/>33. Vuli\u0107, Sanja<\/p>\n<p><strong>Klju\u010dne rije\u010di:<\/strong> <\/p>\n<p><em>&#8211; dijalektalna kratka proza<\/em><br \/><em>&#8211; smije\u0161ne pri\u010dice<\/em><br \/><em>&#8211; humor<\/em><br \/><em>&#8211; \u010dakavski govori<\/em><br \/><em>&#8211; \u0161tokavski govori<\/em><br \/><em>&#8211; o\u010duvanje \u010dakav\u0161tine<\/em><br \/><em>&#8211; Udruga &#8221;\u010cakavski jazik&#8221;<\/em><br \/><em>&#8211; dijalektolo\u0161ke studije<\/em><br \/><em>&#8211; dijalektologija<\/em><br \/><em>&#8211; tradicija<\/em><\/p>\n<p style=\"text-align: justify;\"><strong>Naslov:<\/strong> Za puknit o&#8217; smija 2<br \/><strong>Autori:<\/strong> GRUPA AUTORA, Dobrila Kuzmi\u0107 Franetovi\u0107 i Filip Galovi\u0107 (ur.)<br \/><strong>Broj stranica:<\/strong> 154<br \/><strong>Nakladnik:<\/strong> REDAK<br \/><strong>Godina izdanja:<\/strong> 2015.<br \/><strong>ISBN:<\/strong> 978-953-336-259-5<br \/><strong>Tisak:<\/strong> digitalni tisak knjiga &#8211; print na zahtjev\u00a0<\/p>\n<hr \/>\n<p style=\"text-align: justify;\"><strong>Kako naru\u010diti knjigu?\u00a0<\/strong>Proces online kupovine jednako funkcionira za sve kupce, s jedinom razlikom u tome \u0161to \u0161to kupci iz inozemstva za podru\u010dje dostave moraju odabrati &#8220;Europa&#8221; ili &#8220;Ostale zemlje svijeta&#8221;, a za vrstu pla\u0107anja WSPay (kreditna kartica) ili Virmanom (bankovni transfer).<\/p>\n<p style=\"text-align: justify;\">Molimo kliknite ovdje za\u00a0<a href=\"hr\/kako-kupovati\" target=\"_blank\" rel=\"noopener\">detaljni vodi\u010d kroz proces narud\u017ebe<\/a>\u00a0ili nas\u00a0<a href=\"hr\/kontakt\" target=\"_blank\" rel=\"noopener\">kontaktirajte<\/a>\u00a0za vi\u0161e informacija.<\/p>\n","protected":false},"excerpt":{"rendered":"<p>Sa\u017eetak: Zbornik &#8221;Za puknit o&#8217; smija II&#8221; obuhva\u0107a 28 humoreski koje su zadovoljile kriterije Natje\u010daja za najsmje\u0161niju pri\u010dicu pisanu na \u010dakavskome, \u0161to ga je drugu godinu zaredom provela Udruga &#8221;\u010cakavski jazik&#8221;. Udruga ima za zadatak poticati, razvijati, afirmirati i revitalizirati \u010dakav\u0161tinu kao dio hrvatskoga kulturnoga identiteta, stoga su spomenute pri\u010dice u tome svjetlu izrazito va\u017ene. [&hellip;]<\/p>\n","protected":false},"featured_media":8118,"comment_status":"open","ping_status":"closed","template":"","meta":{"_acf_changed":false},"product_brand":[],"product_cat":[1383,1385],"product_tag":[],"class_list":{"0":"post-8117","1":"product","2":"type-product","3":"status-publish","4":"has-post-thumbnail","6":"product_cat-knjige","7":"product_cat-knjizevnost","8":"pa_autor-grupa-autora","9":"pa_autor-dobrila-kuzmic-franetovic-i-filip-galovic-ur","10":"pa_nakladnik-redak","12":"first","13":"instock","14":"shipping-taxable","15":"purchasable","16":"product-type-simple"},"acf":[],"yoast_head":"<!-- This site is optimized with the Yoast SEO plugin v27.3 - https:\/\/yoast.com\/product\/yoast-seo-wordpress\/ -->\n<title>ZA PUKNIT O&#039; SMIJA 2 - Web-knji\u017eara<\/title>\n<meta name=\"robots\" content=\"index, follow, max-snippet:-1, max-image-preview:large, max-video-preview:-1\" \/>\n<link rel=\"canonical\" href=\"https:\/\/webknjizara.hr\/proizvod\/za-puknit-o-smija-2\/\" \/>\n<meta property=\"og:locale\" content=\"en_US\" \/>\n<meta property=\"og:type\" content=\"article\" \/>\n<meta property=\"og:title\" content=\"ZA PUKNIT O&#039; SMIJA 2 - Web-knji\u017eara\" \/>\n<meta property=\"og:description\" content=\"Sa\u017eetak: Zbornik &#8221;Za puknit o&#8217; smija II&#8221; obuhva\u0107a 28 humoreski koje su zadovoljile kriterije Natje\u010daja za najsmje\u0161niju pri\u010dicu pisanu na \u010dakavskome, \u0161to ga je drugu godinu zaredom provela Udruga &#8221;\u010cakavski jazik&#8221;. Udruga ima za zadatak poticati, razvijati, afirmirati i revitalizirati \u010dakav\u0161tinu kao dio hrvatskoga kulturnoga identiteta, stoga su spomenute pri\u010dice u tome svjetlu izrazito va\u017ene. [&hellip;]\" \/>\n<meta property=\"og:url\" content=\"https:\/\/webknjizara.hr\/proizvod\/za-puknit-o-smija-2\/\" \/>\n<meta property=\"og:site_name\" content=\"Web-knji\u017eara\" \/>\n<meta property=\"article:modified_time\" content=\"2023-02-26T23:16:36+00:00\" \/>\n<meta property=\"og:image\" content=\"https:\/\/webknjizara.hr\/wp-content\/uploads\/nc\/images\/virtuemart\/product\/za-puknit-o-smi-5678503a4a886.jpg\" \/>\n\t<meta property=\"og:image:width\" content=\"358\" \/>\n\t<meta property=\"og:image:height\" content=\"500\" \/>\n\t<meta property=\"og:image:type\" content=\"image\/jpeg\" \/>\n<meta name=\"twitter:card\" content=\"summary_large_image\" \/>\n<meta name=\"twitter:label1\" content=\"Est. reading time\" \/>\n\t<meta name=\"twitter:data1\" content=\"2 minutes\" \/>\n<script type=\"application\/ld+json\" class=\"yoast-schema-graph\">{\"@context\":\"https:\\\/\\\/schema.org\",\"@graph\":[{\"@type\":\"WebPage\",\"@id\":\"https:\\\/\\\/webknjizara.hr\\\/proizvod\\\/za-puknit-o-smija-2\\\/\",\"url\":\"https:\\\/\\\/webknjizara.hr\\\/proizvod\\\/za-puknit-o-smija-2\\\/\",\"name\":\"ZA PUKNIT O&#039; SMIJA 2 - Web-knji\u017eara\",\"isPartOf\":{\"@id\":\"https:\\\/\\\/webknjizara.hr\\\/#website\"},\"primaryImageOfPage\":{\"@id\":\"https:\\\/\\\/webknjizara.hr\\\/proizvod\\\/za-puknit-o-smija-2\\\/#primaryimage\"},\"image\":{\"@id\":\"https:\\\/\\\/webknjizara.hr\\\/proizvod\\\/za-puknit-o-smija-2\\\/#primaryimage\"},\"thumbnailUrl\":\"https:\\\/\\\/webknjizara.hr\\\/wp-content\\\/uploads\\\/nc\\\/images\\\/virtuemart\\\/product\\\/za-puknit-o-smi-5678503a4a886.jpg\",\"datePublished\":\"2015-12-21T19:15:45+00:00\",\"dateModified\":\"2023-02-26T23:16:36+00:00\",\"breadcrumb\":{\"@id\":\"https:\\\/\\\/webknjizara.hr\\\/proizvod\\\/za-puknit-o-smija-2\\\/#breadcrumb\"},\"inLanguage\":\"en-US\",\"potentialAction\":[{\"@type\":\"ReadAction\",\"target\":[\"https:\\\/\\\/webknjizara.hr\\\/proizvod\\\/za-puknit-o-smija-2\\\/\"]}]},{\"@type\":\"ImageObject\",\"inLanguage\":\"en-US\",\"@id\":\"https:\\\/\\\/webknjizara.hr\\\/proizvod\\\/za-puknit-o-smija-2\\\/#primaryimage\",\"url\":\"https:\\\/\\\/webknjizara.hr\\\/wp-content\\\/uploads\\\/nc\\\/images\\\/virtuemart\\\/product\\\/za-puknit-o-smi-5678503a4a886.jpg\",\"contentUrl\":\"https:\\\/\\\/webknjizara.hr\\\/wp-content\\\/uploads\\\/nc\\\/images\\\/virtuemart\\\/product\\\/za-puknit-o-smi-5678503a4a886.jpg\",\"width\":358,\"height\":500,\"caption\":\"ZA PUKNIT O' SMIJA 2\"},{\"@type\":\"BreadcrumbList\",\"@id\":\"https:\\\/\\\/webknjizara.hr\\\/proizvod\\\/za-puknit-o-smija-2\\\/#breadcrumb\",\"itemListElement\":[{\"@type\":\"ListItem\",\"position\":1,\"name\":\"Po\u010detna stranica\",\"item\":\"https:\\\/\\\/webknjizara.hr\\\/en\\\/\"},{\"@type\":\"ListItem\",\"position\":2,\"name\":\"Shop\",\"item\":\"https:\\\/\\\/webknjizara.hr\\\/shop\\\/\"},{\"@type\":\"ListItem\",\"position\":3,\"name\":\"ZA PUKNIT O&#039; SMIJA 2\"}]},{\"@type\":\"WebSite\",\"@id\":\"https:\\\/\\\/webknjizara.hr\\\/#website\",\"url\":\"https:\\\/\\\/webknjizara.hr\\\/\",\"name\":\"Web Knji\u017eara\",\"description\":\"\",\"publisher\":{\"@id\":\"https:\\\/\\\/webknjizara.hr\\\/#organization\"},\"potentialAction\":[{\"@type\":\"SearchAction\",\"target\":{\"@type\":\"EntryPoint\",\"urlTemplate\":\"https:\\\/\\\/webknjizara.hr\\\/?s={search_term_string}\"},\"query-input\":{\"@type\":\"PropertyValueSpecification\",\"valueRequired\":true,\"valueName\":\"search_term_string\"}}],\"inLanguage\":\"en-US\"},{\"@type\":\"Organization\",\"@id\":\"https:\\\/\\\/webknjizara.hr\\\/#organization\",\"name\":\"REDAK D.O.O.\",\"url\":\"https:\\\/\\\/webknjizara.hr\\\/\",\"logo\":{\"@type\":\"ImageObject\",\"inLanguage\":\"en-US\",\"@id\":\"https:\\\/\\\/webknjizara.hr\\\/#\\\/schema\\\/logo\\\/image\\\/\",\"url\":\"https:\\\/\\\/webknjizara.hr\\\/wp-content\\\/uploads\\\/2023\\\/01\\\/web-knjizara-logo.webp\",\"contentUrl\":\"https:\\\/\\\/webknjizara.hr\\\/wp-content\\\/uploads\\\/2023\\\/01\\\/web-knjizara-logo.webp\",\"width\":324,\"height\":79,\"caption\":\"REDAK D.O.O.\"},\"image\":{\"@id\":\"https:\\\/\\\/webknjizara.hr\\\/#\\\/schema\\\/logo\\\/image\\\/\"}}]}<\/script>\n<!-- \/ Yoast SEO plugin. -->","yoast_head_json":{"title":"ZA PUKNIT O&#039; SMIJA 2 - Web-knji\u017eara","robots":{"index":"index","follow":"follow","max-snippet":"max-snippet:-1","max-image-preview":"max-image-preview:large","max-video-preview":"max-video-preview:-1"},"canonical":"https:\/\/webknjizara.hr\/proizvod\/za-puknit-o-smija-2\/","og_locale":"en_US","og_type":"article","og_title":"ZA PUKNIT O&#039; SMIJA 2 - Web-knji\u017eara","og_description":"Sa\u017eetak: Zbornik &#8221;Za puknit o&#8217; smija II&#8221; obuhva\u0107a 28 humoreski koje su zadovoljile kriterije Natje\u010daja za najsmje\u0161niju pri\u010dicu pisanu na \u010dakavskome, \u0161to ga je drugu godinu zaredom provela Udruga &#8221;\u010cakavski jazik&#8221;. Udruga ima za zadatak poticati, razvijati, afirmirati i revitalizirati \u010dakav\u0161tinu kao dio hrvatskoga kulturnoga identiteta, stoga su spomenute pri\u010dice u tome svjetlu izrazito va\u017ene. [&hellip;]","og_url":"https:\/\/webknjizara.hr\/proizvod\/za-puknit-o-smija-2\/","og_site_name":"Web-knji\u017eara","article_modified_time":"2023-02-26T23:16:36+00:00","og_image":[{"width":358,"height":500,"url":"https:\/\/webknjizara.hr\/wp-content\/uploads\/nc\/images\/virtuemart\/product\/za-puknit-o-smi-5678503a4a886.jpg","type":"image\/jpeg"}],"twitter_card":"summary_large_image","twitter_misc":{"Est. reading time":"2 minutes"},"schema":{"@context":"https:\/\/schema.org","@graph":[{"@type":"WebPage","@id":"https:\/\/webknjizara.hr\/proizvod\/za-puknit-o-smija-2\/","url":"https:\/\/webknjizara.hr\/proizvod\/za-puknit-o-smija-2\/","name":"ZA PUKNIT O&#039; SMIJA 2 - Web-knji\u017eara","isPartOf":{"@id":"https:\/\/webknjizara.hr\/#website"},"primaryImageOfPage":{"@id":"https:\/\/webknjizara.hr\/proizvod\/za-puknit-o-smija-2\/#primaryimage"},"image":{"@id":"https:\/\/webknjizara.hr\/proizvod\/za-puknit-o-smija-2\/#primaryimage"},"thumbnailUrl":"https:\/\/webknjizara.hr\/wp-content\/uploads\/nc\/images\/virtuemart\/product\/za-puknit-o-smi-5678503a4a886.jpg","datePublished":"2015-12-21T19:15:45+00:00","dateModified":"2023-02-26T23:16:36+00:00","breadcrumb":{"@id":"https:\/\/webknjizara.hr\/proizvod\/za-puknit-o-smija-2\/#breadcrumb"},"inLanguage":"en-US","potentialAction":[{"@type":"ReadAction","target":["https:\/\/webknjizara.hr\/proizvod\/za-puknit-o-smija-2\/"]}]},{"@type":"ImageObject","inLanguage":"en-US","@id":"https:\/\/webknjizara.hr\/proizvod\/za-puknit-o-smija-2\/#primaryimage","url":"https:\/\/webknjizara.hr\/wp-content\/uploads\/nc\/images\/virtuemart\/product\/za-puknit-o-smi-5678503a4a886.jpg","contentUrl":"https:\/\/webknjizara.hr\/wp-content\/uploads\/nc\/images\/virtuemart\/product\/za-puknit-o-smi-5678503a4a886.jpg","width":358,"height":500,"caption":"ZA PUKNIT O' SMIJA 2"},{"@type":"BreadcrumbList","@id":"https:\/\/webknjizara.hr\/proizvod\/za-puknit-o-smija-2\/#breadcrumb","itemListElement":[{"@type":"ListItem","position":1,"name":"Po\u010detna stranica","item":"https:\/\/webknjizara.hr\/en\/"},{"@type":"ListItem","position":2,"name":"Shop","item":"https:\/\/webknjizara.hr\/shop\/"},{"@type":"ListItem","position":3,"name":"ZA PUKNIT O&#039; SMIJA 2"}]},{"@type":"WebSite","@id":"https:\/\/webknjizara.hr\/#website","url":"https:\/\/webknjizara.hr\/","name":"Web Knji\u017eara","description":"","publisher":{"@id":"https:\/\/webknjizara.hr\/#organization"},"potentialAction":[{"@type":"SearchAction","target":{"@type":"EntryPoint","urlTemplate":"https:\/\/webknjizara.hr\/?s={search_term_string}"},"query-input":{"@type":"PropertyValueSpecification","valueRequired":true,"valueName":"search_term_string"}}],"inLanguage":"en-US"},{"@type":"Organization","@id":"https:\/\/webknjizara.hr\/#organization","name":"REDAK D.O.O.","url":"https:\/\/webknjizara.hr\/","logo":{"@type":"ImageObject","inLanguage":"en-US","@id":"https:\/\/webknjizara.hr\/#\/schema\/logo\/image\/","url":"https:\/\/webknjizara.hr\/wp-content\/uploads\/2023\/01\/web-knjizara-logo.webp","contentUrl":"https:\/\/webknjizara.hr\/wp-content\/uploads\/2023\/01\/web-knjizara-logo.webp","width":324,"height":79,"caption":"REDAK D.O.O."},"image":{"@id":"https:\/\/webknjizara.hr\/#\/schema\/logo\/image\/"}}]}},"_links":{"self":[{"href":"https:\/\/webknjizara.hr\/en\/wp-json\/wp\/v2\/product\/8117","targetHints":{"allow":["GET"]}}],"collection":[{"href":"https:\/\/webknjizara.hr\/en\/wp-json\/wp\/v2\/product"}],"about":[{"href":"https:\/\/webknjizara.hr\/en\/wp-json\/wp\/v2\/types\/product"}],"replies":[{"embeddable":true,"href":"https:\/\/webknjizara.hr\/en\/wp-json\/wp\/v2\/comments?post=8117"}],"wp:featuredmedia":[{"embeddable":true,"href":"https:\/\/webknjizara.hr\/en\/wp-json\/wp\/v2\/media\/8118"}],"wp:attachment":[{"href":"https:\/\/webknjizara.hr\/en\/wp-json\/wp\/v2\/media?parent=8117"}],"wp:term":[{"taxonomy":"product_brand","embeddable":true,"href":"https:\/\/webknjizara.hr\/en\/wp-json\/wp\/v2\/product_brand?post=8117"},{"taxonomy":"product_cat","embeddable":true,"href":"https:\/\/webknjizara.hr\/en\/wp-json\/wp\/v2\/product_cat?post=8117"},{"taxonomy":"product_tag","embeddable":true,"href":"https:\/\/webknjizara.hr\/en\/wp-json\/wp\/v2\/product_tag?post=8117"}],"curies":[{"name":"wp","href":"https:\/\/api.w.org\/{rel}","templated":true}]}}