{"id":8115,"date":"2015-12-18T16:39:18","date_gmt":"2015-12-18T16:39:18","guid":{"rendered":"https:\/\/webknjizara.hr\/?product=svako-zrno-pijeska-%e2%80%93-albumi-boba-dylana-1962-2015"},"modified":"2023-02-27T00:16:36","modified_gmt":"2023-02-26T23:16:36","slug":"svako-zrno-pijeska-albumi-boba-dylana-1962-2015","status":"publish","type":"product","link":"https:\/\/webknjizara.hr\/en\/proizvod\/svako-zrno-pijeska-albumi-boba-dylana-1962-2015\/","title":{"rendered":"SVAKO ZRNO PIJESKA \u2013 ALBUMI BOBA DYLANA 1962.-2015."},"content":{"rendered":"<p style=\"text-align: justify;\"><strong>Sa\u017eetak:<\/strong> <\/p>\n<p>Zbirka recenzija svih studijskih albuma Boba Dylana, od nastupnog iz 1962. do godine 2015. Recenzije su pisane za glazbeni portal SoundGuardian, a uz studijske albume analizirana su i sva izdanja iz serijala &#8220;The Bootleg Series&#8221; objavljena do kraja 2015. Knjiga tako slu\u017ei kao analiti\u010dki vodi\u010d kroz glazbeno stvarala\u0161tvo velikog ameri\u010dkog kantautora, jednog od najzna\u010dajnijih umjetnika proteklih pola stolje\u0107a.<\/p>\n<p style=\"text-align: justify;\"><strong>Bilje\u0161ka o autoru:<\/strong> <\/p>\n<p>Toni Mato\u0161in ro\u0111en je 1977. u \u0160ibeniku. <\/p>\n<p>Diplomirani ekonomist i zaposlenik primo\u0161tenske hotelske ku\u0107e dosad je objavio dvije knjige \u2013 roman &#8220;Tuga nije izraz lica&#8221; (Udruga Glazba, 2009.) i zbirku poezije &#8220;Kao prsti pred zimu&#8221; (Redak, 2012.). Stalni je suradnik glazbenog portala SoundGuardian.<\/p>\n<p>Poeziju je tijekom proteklih godina objavljivao i na stranicama Zareza i Rije\u010di te redovito na blogu, kojeg je u me\u0111uvremenu ugasio, a glazbene recenzije prenosili su i drugi internetski portali.<\/p>\n<p>O\u017eenjen je te je otac osmogodi\u0161nje k\u0107eri. S obitelji \u017eivi u rodnom \u0160ibeniku.<\/p>\n<p style=\"text-align: justify;\"><strong>Klju\u010dne rije\u010di:<\/strong> Bob Dylan, diskografija, rock, kantautor, recenzije, SoundGuardian, glazbeni portal<\/p>\n<p style=\"text-align: justify;\"><strong>E-mail:<\/strong> <a href=\"mailto:dragutin.andric@gmail.com\">Andri\u0107 Dragutin<\/a>, <a href=\"mailto:tonimatosin@yahoo.com\">Toni Mato\u0161in<\/a>\u00a0<\/p>\n<p style=\"text-align: justify;\"><strong>Naslov:<\/strong> Svako zrno pijeska \u2013 Albumi Boba Dylana 1962.-2015.<br \/><strong>Autor:<\/strong> Toni Mato\u0161in<br \/><strong>Broj stranica:<\/strong> 194<br \/><strong>Nakladnik:<\/strong> Udruga Glazba<br \/><strong>Godina izdanja:<\/strong> 2015.<br \/><strong>ISBN:<\/strong> 978-953-55902-1-7<br \/><strong>Tisak:<\/strong> digitalni tisak knjiga &#8211; print na zahtjev\u00a0<\/p>\n<hr \/>\n<p style=\"text-align: justify;\"><strong>Kako naru\u010diti knjigu?\u00a0<\/strong>Proces online kupovine jednako funkcionira za sve kupce, s jedinom razlikom u tome \u0161to \u0161to kupci iz inozemstva za podru\u010dje dostave moraju odabrati &#8220;Europa&#8221; ili &#8220;Ostale zemlje svijeta&#8221;, a za vrstu pla\u0107anja WSPay (kreditna kartica) ili Virmanom (bankovni transfer).<\/p>\n<p style=\"text-align: justify;\">Molimo kliknite ovdje za\u00a0<a href=\"hr\/kako-kupovati\" target=\"_blank\" rel=\"noopener\">detaljni vodi\u010d kroz proces narud\u017ebe<\/a>\u00a0ili nas\u00a0<a href=\"hr\/kontakt\" target=\"_blank\" rel=\"noopener\">kontaktirajte<\/a>\u00a0za vi\u0161e informacija.<\/p>\n","protected":false},"excerpt":{"rendered":"<p>Sa\u017eetak: Zbirka recenzija svih studijskih albuma Boba Dylana, od nastupnog iz 1962. do godine 2015. Recenzije su pisane za glazbeni portal SoundGuardian, a uz studijske albume analizirana su i sva izdanja iz serijala &#8220;The Bootleg Series&#8221; objavljena do kraja 2015. Knjiga tako slu\u017ei kao analiti\u010dki vodi\u010d kroz glazbeno stvarala\u0161tvo velikog ameri\u010dkog kantautora, jednog od najzna\u010dajnijih [&hellip;]<\/p>\n","protected":false},"featured_media":8116,"comment_status":"open","ping_status":"closed","template":"","meta":{"_acf_changed":false},"product_brand":[],"product_cat":[1383,1385],"product_tag":[],"class_list":{"0":"post-8115","1":"product","2":"type-product","3":"status-publish","4":"has-post-thumbnail","6":"product_cat-knjige","7":"product_cat-knjizevnost","8":"pa_autor-adresa-mandalinskih-zrtava-2","9":"pa_autor-sibenik","10":"pa_autor-toni-matosin","11":"pa_nakladnik-udruga-glazba","13":"first","14":"instock","15":"shipping-taxable","16":"purchasable","17":"product-type-simple"},"acf":[],"yoast_head":"<!-- This site is optimized with the Yoast SEO plugin v27.3 - https:\/\/yoast.com\/product\/yoast-seo-wordpress\/ -->\n<title>SVAKO ZRNO PIJESKA \u2013 ALBUMI BOBA DYLANA 1962.-2015. - Web-knji\u017eara<\/title>\n<meta name=\"robots\" content=\"index, follow, max-snippet:-1, max-image-preview:large, max-video-preview:-1\" \/>\n<link rel=\"canonical\" href=\"https:\/\/webknjizara.hr\/proizvod\/svako-zrno-pijeska-albumi-boba-dylana-1962-2015\/\" \/>\n<meta property=\"og:locale\" content=\"en_US\" \/>\n<meta property=\"og:type\" content=\"article\" \/>\n<meta property=\"og:title\" content=\"SVAKO ZRNO PIJESKA \u2013 ALBUMI BOBA DYLANA 1962.-2015. - Web-knji\u017eara\" \/>\n<meta property=\"og:description\" content=\"Sa\u017eetak: Zbirka recenzija svih studijskih albuma Boba Dylana, od nastupnog iz 1962. do godine 2015. Recenzije su pisane za glazbeni portal SoundGuardian, a uz studijske albume analizirana su i sva izdanja iz serijala &#8220;The Bootleg Series&#8221; objavljena do kraja 2015. Knjiga tako slu\u017ei kao analiti\u010dki vodi\u010d kroz glazbeno stvarala\u0161tvo velikog ameri\u010dkog kantautora, jednog od najzna\u010dajnijih [&hellip;]\" \/>\n<meta property=\"og:url\" content=\"https:\/\/webknjizara.hr\/proizvod\/svako-zrno-pijeska-albumi-boba-dylana-1962-2015\/\" \/>\n<meta property=\"og:site_name\" content=\"Web-knji\u017eara\" \/>\n<meta property=\"article:modified_time\" content=\"2023-02-26T23:16:36+00:00\" \/>\n<meta property=\"og:image\" content=\"https:\/\/webknjizara.hr\/wp-content\/uploads\/nc\/images\/virtuemart\/product\/svako-zrno-pijes-567436b69c43f.jpg\" \/>\n\t<meta property=\"og:image:width\" content=\"358\" \/>\n\t<meta property=\"og:image:height\" content=\"500\" \/>\n\t<meta property=\"og:image:type\" content=\"image\/jpeg\" \/>\n<meta name=\"twitter:card\" content=\"summary_large_image\" \/>\n<meta name=\"twitter:label1\" content=\"Est. reading time\" \/>\n\t<meta name=\"twitter:data1\" content=\"1 minute\" \/>\n<script type=\"application\/ld+json\" class=\"yoast-schema-graph\">{\"@context\":\"https:\\\/\\\/schema.org\",\"@graph\":[{\"@type\":\"WebPage\",\"@id\":\"https:\\\/\\\/webknjizara.hr\\\/proizvod\\\/svako-zrno-pijeska-albumi-boba-dylana-1962-2015\\\/\",\"url\":\"https:\\\/\\\/webknjizara.hr\\\/proizvod\\\/svako-zrno-pijeska-albumi-boba-dylana-1962-2015\\\/\",\"name\":\"SVAKO ZRNO PIJESKA \u2013 ALBUMI BOBA DYLANA 1962.-2015. - Web-knji\u017eara\",\"isPartOf\":{\"@id\":\"https:\\\/\\\/webknjizara.hr\\\/#website\"},\"primaryImageOfPage\":{\"@id\":\"https:\\\/\\\/webknjizara.hr\\\/proizvod\\\/svako-zrno-pijeska-albumi-boba-dylana-1962-2015\\\/#primaryimage\"},\"image\":{\"@id\":\"https:\\\/\\\/webknjizara.hr\\\/proizvod\\\/svako-zrno-pijeska-albumi-boba-dylana-1962-2015\\\/#primaryimage\"},\"thumbnailUrl\":\"https:\\\/\\\/webknjizara.hr\\\/wp-content\\\/uploads\\\/nc\\\/images\\\/virtuemart\\\/product\\\/svako-zrno-pijes-567436b69c43f.jpg\",\"datePublished\":\"2015-12-18T16:39:18+00:00\",\"dateModified\":\"2023-02-26T23:16:36+00:00\",\"breadcrumb\":{\"@id\":\"https:\\\/\\\/webknjizara.hr\\\/proizvod\\\/svako-zrno-pijeska-albumi-boba-dylana-1962-2015\\\/#breadcrumb\"},\"inLanguage\":\"en-US\",\"potentialAction\":[{\"@type\":\"ReadAction\",\"target\":[\"https:\\\/\\\/webknjizara.hr\\\/proizvod\\\/svako-zrno-pijeska-albumi-boba-dylana-1962-2015\\\/\"]}]},{\"@type\":\"ImageObject\",\"inLanguage\":\"en-US\",\"@id\":\"https:\\\/\\\/webknjizara.hr\\\/proizvod\\\/svako-zrno-pijeska-albumi-boba-dylana-1962-2015\\\/#primaryimage\",\"url\":\"https:\\\/\\\/webknjizara.hr\\\/wp-content\\\/uploads\\\/nc\\\/images\\\/virtuemart\\\/product\\\/svako-zrno-pijes-567436b69c43f.jpg\",\"contentUrl\":\"https:\\\/\\\/webknjizara.hr\\\/wp-content\\\/uploads\\\/nc\\\/images\\\/virtuemart\\\/product\\\/svako-zrno-pijes-567436b69c43f.jpg\",\"width\":358,\"height\":500,\"caption\":\"SVAKO ZRNO PIJESKA \u2013 ALBUMI BOBA DYLANA 1962.-2015.\"},{\"@type\":\"BreadcrumbList\",\"@id\":\"https:\\\/\\\/webknjizara.hr\\\/proizvod\\\/svako-zrno-pijeska-albumi-boba-dylana-1962-2015\\\/#breadcrumb\",\"itemListElement\":[{\"@type\":\"ListItem\",\"position\":1,\"name\":\"Po\u010detna stranica\",\"item\":\"https:\\\/\\\/webknjizara.hr\\\/en\\\/\"},{\"@type\":\"ListItem\",\"position\":2,\"name\":\"Shop\",\"item\":\"https:\\\/\\\/webknjizara.hr\\\/shop\\\/\"},{\"@type\":\"ListItem\",\"position\":3,\"name\":\"SVAKO ZRNO PIJESKA \u2013 ALBUMI BOBA DYLANA 1962.-2015.\"}]},{\"@type\":\"WebSite\",\"@id\":\"https:\\\/\\\/webknjizara.hr\\\/#website\",\"url\":\"https:\\\/\\\/webknjizara.hr\\\/\",\"name\":\"Web Knji\u017eara\",\"description\":\"\",\"publisher\":{\"@id\":\"https:\\\/\\\/webknjizara.hr\\\/#organization\"},\"potentialAction\":[{\"@type\":\"SearchAction\",\"target\":{\"@type\":\"EntryPoint\",\"urlTemplate\":\"https:\\\/\\\/webknjizara.hr\\\/?s={search_term_string}\"},\"query-input\":{\"@type\":\"PropertyValueSpecification\",\"valueRequired\":true,\"valueName\":\"search_term_string\"}}],\"inLanguage\":\"en-US\"},{\"@type\":\"Organization\",\"@id\":\"https:\\\/\\\/webknjizara.hr\\\/#organization\",\"name\":\"REDAK D.O.O.\",\"url\":\"https:\\\/\\\/webknjizara.hr\\\/\",\"logo\":{\"@type\":\"ImageObject\",\"inLanguage\":\"en-US\",\"@id\":\"https:\\\/\\\/webknjizara.hr\\\/#\\\/schema\\\/logo\\\/image\\\/\",\"url\":\"https:\\\/\\\/webknjizara.hr\\\/wp-content\\\/uploads\\\/2023\\\/01\\\/web-knjizara-logo.webp\",\"contentUrl\":\"https:\\\/\\\/webknjizara.hr\\\/wp-content\\\/uploads\\\/2023\\\/01\\\/web-knjizara-logo.webp\",\"width\":324,\"height\":79,\"caption\":\"REDAK D.O.O.\"},\"image\":{\"@id\":\"https:\\\/\\\/webknjizara.hr\\\/#\\\/schema\\\/logo\\\/image\\\/\"}}]}<\/script>\n<!-- \/ Yoast SEO plugin. -->","yoast_head_json":{"title":"SVAKO ZRNO PIJESKA \u2013 ALBUMI BOBA DYLANA 1962.-2015. - Web-knji\u017eara","robots":{"index":"index","follow":"follow","max-snippet":"max-snippet:-1","max-image-preview":"max-image-preview:large","max-video-preview":"max-video-preview:-1"},"canonical":"https:\/\/webknjizara.hr\/proizvod\/svako-zrno-pijeska-albumi-boba-dylana-1962-2015\/","og_locale":"en_US","og_type":"article","og_title":"SVAKO ZRNO PIJESKA \u2013 ALBUMI BOBA DYLANA 1962.-2015. - Web-knji\u017eara","og_description":"Sa\u017eetak: Zbirka recenzija svih studijskih albuma Boba Dylana, od nastupnog iz 1962. do godine 2015. Recenzije su pisane za glazbeni portal SoundGuardian, a uz studijske albume analizirana su i sva izdanja iz serijala &#8220;The Bootleg Series&#8221; objavljena do kraja 2015. Knjiga tako slu\u017ei kao analiti\u010dki vodi\u010d kroz glazbeno stvarala\u0161tvo velikog ameri\u010dkog kantautora, jednog od najzna\u010dajnijih [&hellip;]","og_url":"https:\/\/webknjizara.hr\/proizvod\/svako-zrno-pijeska-albumi-boba-dylana-1962-2015\/","og_site_name":"Web-knji\u017eara","article_modified_time":"2023-02-26T23:16:36+00:00","og_image":[{"width":358,"height":500,"url":"https:\/\/webknjizara.hr\/wp-content\/uploads\/nc\/images\/virtuemart\/product\/svako-zrno-pijes-567436b69c43f.jpg","type":"image\/jpeg"}],"twitter_card":"summary_large_image","twitter_misc":{"Est. reading time":"1 minute"},"schema":{"@context":"https:\/\/schema.org","@graph":[{"@type":"WebPage","@id":"https:\/\/webknjizara.hr\/proizvod\/svako-zrno-pijeska-albumi-boba-dylana-1962-2015\/","url":"https:\/\/webknjizara.hr\/proizvod\/svako-zrno-pijeska-albumi-boba-dylana-1962-2015\/","name":"SVAKO ZRNO PIJESKA \u2013 ALBUMI BOBA DYLANA 1962.-2015. - Web-knji\u017eara","isPartOf":{"@id":"https:\/\/webknjizara.hr\/#website"},"primaryImageOfPage":{"@id":"https:\/\/webknjizara.hr\/proizvod\/svako-zrno-pijeska-albumi-boba-dylana-1962-2015\/#primaryimage"},"image":{"@id":"https:\/\/webknjizara.hr\/proizvod\/svako-zrno-pijeska-albumi-boba-dylana-1962-2015\/#primaryimage"},"thumbnailUrl":"https:\/\/webknjizara.hr\/wp-content\/uploads\/nc\/images\/virtuemart\/product\/svako-zrno-pijes-567436b69c43f.jpg","datePublished":"2015-12-18T16:39:18+00:00","dateModified":"2023-02-26T23:16:36+00:00","breadcrumb":{"@id":"https:\/\/webknjizara.hr\/proizvod\/svako-zrno-pijeska-albumi-boba-dylana-1962-2015\/#breadcrumb"},"inLanguage":"en-US","potentialAction":[{"@type":"ReadAction","target":["https:\/\/webknjizara.hr\/proizvod\/svako-zrno-pijeska-albumi-boba-dylana-1962-2015\/"]}]},{"@type":"ImageObject","inLanguage":"en-US","@id":"https:\/\/webknjizara.hr\/proizvod\/svako-zrno-pijeska-albumi-boba-dylana-1962-2015\/#primaryimage","url":"https:\/\/webknjizara.hr\/wp-content\/uploads\/nc\/images\/virtuemart\/product\/svako-zrno-pijes-567436b69c43f.jpg","contentUrl":"https:\/\/webknjizara.hr\/wp-content\/uploads\/nc\/images\/virtuemart\/product\/svako-zrno-pijes-567436b69c43f.jpg","width":358,"height":500,"caption":"SVAKO ZRNO PIJESKA \u2013 ALBUMI BOBA DYLANA 1962.-2015."},{"@type":"BreadcrumbList","@id":"https:\/\/webknjizara.hr\/proizvod\/svako-zrno-pijeska-albumi-boba-dylana-1962-2015\/#breadcrumb","itemListElement":[{"@type":"ListItem","position":1,"name":"Po\u010detna stranica","item":"https:\/\/webknjizara.hr\/en\/"},{"@type":"ListItem","position":2,"name":"Shop","item":"https:\/\/webknjizara.hr\/shop\/"},{"@type":"ListItem","position":3,"name":"SVAKO ZRNO PIJESKA \u2013 ALBUMI BOBA DYLANA 1962.-2015."}]},{"@type":"WebSite","@id":"https:\/\/webknjizara.hr\/#website","url":"https:\/\/webknjizara.hr\/","name":"Web Knji\u017eara","description":"","publisher":{"@id":"https:\/\/webknjizara.hr\/#organization"},"potentialAction":[{"@type":"SearchAction","target":{"@type":"EntryPoint","urlTemplate":"https:\/\/webknjizara.hr\/?s={search_term_string}"},"query-input":{"@type":"PropertyValueSpecification","valueRequired":true,"valueName":"search_term_string"}}],"inLanguage":"en-US"},{"@type":"Organization","@id":"https:\/\/webknjizara.hr\/#organization","name":"REDAK D.O.O.","url":"https:\/\/webknjizara.hr\/","logo":{"@type":"ImageObject","inLanguage":"en-US","@id":"https:\/\/webknjizara.hr\/#\/schema\/logo\/image\/","url":"https:\/\/webknjizara.hr\/wp-content\/uploads\/2023\/01\/web-knjizara-logo.webp","contentUrl":"https:\/\/webknjizara.hr\/wp-content\/uploads\/2023\/01\/web-knjizara-logo.webp","width":324,"height":79,"caption":"REDAK D.O.O."},"image":{"@id":"https:\/\/webknjizara.hr\/#\/schema\/logo\/image\/"}}]}},"_links":{"self":[{"href":"https:\/\/webknjizara.hr\/en\/wp-json\/wp\/v2\/product\/8115","targetHints":{"allow":["GET"]}}],"collection":[{"href":"https:\/\/webknjizara.hr\/en\/wp-json\/wp\/v2\/product"}],"about":[{"href":"https:\/\/webknjizara.hr\/en\/wp-json\/wp\/v2\/types\/product"}],"replies":[{"embeddable":true,"href":"https:\/\/webknjizara.hr\/en\/wp-json\/wp\/v2\/comments?post=8115"}],"wp:featuredmedia":[{"embeddable":true,"href":"https:\/\/webknjizara.hr\/en\/wp-json\/wp\/v2\/media\/8116"}],"wp:attachment":[{"href":"https:\/\/webknjizara.hr\/en\/wp-json\/wp\/v2\/media?parent=8115"}],"wp:term":[{"taxonomy":"product_brand","embeddable":true,"href":"https:\/\/webknjizara.hr\/en\/wp-json\/wp\/v2\/product_brand?post=8115"},{"taxonomy":"product_cat","embeddable":true,"href":"https:\/\/webknjizara.hr\/en\/wp-json\/wp\/v2\/product_cat?post=8115"},{"taxonomy":"product_tag","embeddable":true,"href":"https:\/\/webknjizara.hr\/en\/wp-json\/wp\/v2\/product_tag?post=8115"}],"curies":[{"name":"wp","href":"https:\/\/api.w.org\/{rel}","templated":true}]}}