{"id":8109,"date":"2015-12-14T16:34:39","date_gmt":"2015-12-14T16:34:39","guid":{"rendered":"https:\/\/webknjizara.hr\/?product=antropoloske-pretpostavke-politicke-misli-thomasa-hobbesa"},"modified":"2023-02-27T00:16:36","modified_gmt":"2023-02-26T23:16:36","slug":"antropoloske-pretpostavke-politicke-misli-thomasa-hobbesa","status":"publish","type":"product","link":"https:\/\/webknjizara.hr\/en\/proizvod\/antropoloske-pretpostavke-politicke-misli-thomasa-hobbesa\/","title":{"rendered":"ANTROPOLO\u0160KE PRETPOSTAVKE POLITI\u010cKE MISLI THOMASA HOBBESA"},"content":{"rendered":"<p style=\"text-align: justify;\"><strong><br \/>Sa\u017eetak:<\/strong><\/p>\n<p style=\"text-align: justify;\">Polaze\u0107i od shva\u0107anja kako svaka politi\u010dka teorija pretpostavlja odre\u0111eno razumijevanje o tome tko je \u010dovjek i kako on djeluje, autorica istra\u017euje kakva se filozofska slika o \u010dovjeku krije iza teorije dr\u017eave Thomasa Hobbesa, jednog od za\u010detnika moderne filozofije politike, koji je svojim radom zacrtao smjer kojim se politi\u010dka misao nastavila razvijati sve do na\u0161ih dana. Detaljnom kriti\u010dkom analizom Hobbesovih antropolo\u0161kih principa, otkrivaju se odre\u0111eni problemi u njegovu poimanju ljudske naravi, koji impliciraju daljnje pote\u0161ko\u0107e u rje\u0161avanju pojedinih pitanja iz podru\u010dja filozofije politike.<\/p>\n<p style=\"text-align: justify;\"><strong>Bilje\u0161ka o autorici:<\/strong> <\/p>\n<p>Ivana Kne\u017ei\u0107 ro\u0111ena je u Sisku 9. o\u017eujka 1984. godine. U rodnom gradu zavr\u0161ava osnovnu \u0161kolu i op\u0107u gimnaziju kao i srednju glazbenu \u0161kolu, a potom upisuje dvopredmetni sveu\u010dili\u0161ni studij filozofije i sociologije u Zadru. Diplomirala je 2007. godine te se iste godine zaposlila na Odjelu za filozofiju Sveu\u010dili\u0161ta u Zadru. Doktorsku tezu iz filozofije obranila je 2011. godine na Sveu\u010dili\u0161tu u Zagrebu. Redovito izla\u017ee na doma\u0107im i me\u0111unarodnim znanstvenim simpozijima, a svoje radove objavljuje u znanstvenim \u010dasopisima u domovini.<\/p>\n<p style=\"text-align: justify;\"><strong>Klju\u010dne rije\u010di:<\/strong> Thomas Hobbes, filozofska antropologija, teorija dr\u017eave, ljudska narav<\/p>\n<p style=\"text-align: justify;\"><strong>Naslov:<\/strong> Antropolo\u0161ke pretpostavke politi\u010dke misli Thomasa Hobbesa<br \/><strong>Autorica:<\/strong> Ivana Kne\u017ei\u0107<br \/><strong>Broj stranica:<\/strong> 182<br \/><strong>Nakladnik:<\/strong> REDAK<br \/><strong>Godina izdanja<\/strong>: 2015.<br \/><strong>ISBN:<\/strong> 978-953-336-245-8<br \/><strong>Tisak:<\/strong> digitalni tisak knjiga &#8211; print na zahtjev\u00a0<\/p>\n<hr \/>\n<p style=\"text-align: justify;\"><strong>Kako naru\u010diti knjigu?\u00a0<\/strong>Proces online kupovine jednako funkcionira za sve kupce, s jedinom razlikom u tome \u0161to \u0161to kupci iz inozemstva za podru\u010dje dostave moraju odabrati &#8220;Europa&#8221; ili &#8220;Ostale zemlje svijeta&#8221;, a za vrstu pla\u0107anja WSPay (kreditna kartica) ili Virmanom (bankovni transfer).<\/p>\n<p style=\"text-align: justify;\">Molimo kliknite ovdje za\u00a0<a href=\"hr\/kako-kupovati\" target=\"_blank\" rel=\"noopener\">detaljni vodi\u010d kroz proces narud\u017ebe<\/a>\u00a0ili nas\u00a0<a href=\"hr\/kontakt\" target=\"_blank\" rel=\"noopener\">kontaktirajte<\/a>\u00a0za vi\u0161e informacija.<\/p>\n","protected":false},"excerpt":{"rendered":"<p>Sa\u017eetak: Polaze\u0107i od shva\u0107anja kako svaka politi\u010dka teorija pretpostavlja odre\u0111eno razumijevanje o tome tko je \u010dovjek i kako on djeluje, autorica istra\u017euje kakva se filozofska slika o \u010dovjeku krije iza teorije dr\u017eave Thomasa Hobbesa, jednog od za\u010detnika moderne filozofije politike, koji je svojim radom zacrtao smjer kojim se politi\u010dka misao nastavila razvijati sve do na\u0161ih [&hellip;]<\/p>\n","protected":false},"featured_media":8110,"comment_status":"open","ping_status":"closed","template":"","meta":{"_acf_changed":false},"product_brand":[],"product_cat":[1517],"product_tag":[],"class_list":{"0":"post-8109","1":"product","2":"type-product","3":"status-publish","4":"has-post-thumbnail","6":"product_cat-strucna-literatura","7":"pa_autor-ivana-knezic","8":"pa_nakladnik-redak","10":"first","11":"instock","12":"shipping-taxable","13":"purchasable","14":"product-type-simple"},"acf":[],"yoast_head":"<!-- This site is optimized with the Yoast SEO plugin v27.3 - https:\/\/yoast.com\/product\/yoast-seo-wordpress\/ -->\n<title>ANTROPOLO\u0160KE PRETPOSTAVKE POLITI\u010cKE MISLI THOMASA HOBBESA - Web-knji\u017eara<\/title>\n<meta name=\"robots\" content=\"index, follow, max-snippet:-1, max-image-preview:large, max-video-preview:-1\" \/>\n<link rel=\"canonical\" href=\"https:\/\/webknjizara.hr\/proizvod\/antropoloske-pretpostavke-politicke-misli-thomasa-hobbesa\/\" \/>\n<meta property=\"og:locale\" content=\"en_US\" \/>\n<meta property=\"og:type\" content=\"article\" \/>\n<meta property=\"og:title\" content=\"ANTROPOLO\u0160KE PRETPOSTAVKE POLITI\u010cKE MISLI THOMASA HOBBESA - Web-knji\u017eara\" \/>\n<meta property=\"og:description\" content=\"Sa\u017eetak: Polaze\u0107i od shva\u0107anja kako svaka politi\u010dka teorija pretpostavlja odre\u0111eno razumijevanje o tome tko je \u010dovjek i kako on djeluje, autorica istra\u017euje kakva se filozofska slika o \u010dovjeku krije iza teorije dr\u017eave Thomasa Hobbesa, jednog od za\u010detnika moderne filozofije politike, koji je svojim radom zacrtao smjer kojim se politi\u010dka misao nastavila razvijati sve do na\u0161ih [&hellip;]\" \/>\n<meta property=\"og:url\" content=\"https:\/\/webknjizara.hr\/proizvod\/antropoloske-pretpostavke-politicke-misli-thomasa-hobbesa\/\" \/>\n<meta property=\"og:site_name\" content=\"Web-knji\u017eara\" \/>\n<meta property=\"article:modified_time\" content=\"2023-02-26T23:16:36+00:00\" \/>\n<meta property=\"og:image\" content=\"https:\/\/webknjizara.hr\/wp-content\/uploads\/nc\/images\/virtuemart\/product\/antropolo-ke-pr-566eef9fb82ca.jpg\" \/>\n\t<meta property=\"og:image:width\" content=\"358\" \/>\n\t<meta property=\"og:image:height\" content=\"500\" \/>\n\t<meta property=\"og:image:type\" content=\"image\/jpeg\" \/>\n<meta name=\"twitter:card\" content=\"summary_large_image\" \/>\n<meta name=\"twitter:label1\" content=\"Est. reading time\" \/>\n\t<meta name=\"twitter:data1\" content=\"1 minute\" \/>\n<script type=\"application\/ld+json\" class=\"yoast-schema-graph\">{\"@context\":\"https:\\\/\\\/schema.org\",\"@graph\":[{\"@type\":\"WebPage\",\"@id\":\"https:\\\/\\\/webknjizara.hr\\\/proizvod\\\/antropoloske-pretpostavke-politicke-misli-thomasa-hobbesa\\\/\",\"url\":\"https:\\\/\\\/webknjizara.hr\\\/proizvod\\\/antropoloske-pretpostavke-politicke-misli-thomasa-hobbesa\\\/\",\"name\":\"ANTROPOLO\u0160KE PRETPOSTAVKE POLITI\u010cKE MISLI THOMASA HOBBESA - Web-knji\u017eara\",\"isPartOf\":{\"@id\":\"https:\\\/\\\/webknjizara.hr\\\/#website\"},\"primaryImageOfPage\":{\"@id\":\"https:\\\/\\\/webknjizara.hr\\\/proizvod\\\/antropoloske-pretpostavke-politicke-misli-thomasa-hobbesa\\\/#primaryimage\"},\"image\":{\"@id\":\"https:\\\/\\\/webknjizara.hr\\\/proizvod\\\/antropoloske-pretpostavke-politicke-misli-thomasa-hobbesa\\\/#primaryimage\"},\"thumbnailUrl\":\"https:\\\/\\\/webknjizara.hr\\\/wp-content\\\/uploads\\\/nc\\\/images\\\/virtuemart\\\/product\\\/antropolo-ke-pr-566eef9fb82ca.jpg\",\"datePublished\":\"2015-12-14T16:34:39+00:00\",\"dateModified\":\"2023-02-26T23:16:36+00:00\",\"breadcrumb\":{\"@id\":\"https:\\\/\\\/webknjizara.hr\\\/proizvod\\\/antropoloske-pretpostavke-politicke-misli-thomasa-hobbesa\\\/#breadcrumb\"},\"inLanguage\":\"en-US\",\"potentialAction\":[{\"@type\":\"ReadAction\",\"target\":[\"https:\\\/\\\/webknjizara.hr\\\/proizvod\\\/antropoloske-pretpostavke-politicke-misli-thomasa-hobbesa\\\/\"]}]},{\"@type\":\"ImageObject\",\"inLanguage\":\"en-US\",\"@id\":\"https:\\\/\\\/webknjizara.hr\\\/proizvod\\\/antropoloske-pretpostavke-politicke-misli-thomasa-hobbesa\\\/#primaryimage\",\"url\":\"https:\\\/\\\/webknjizara.hr\\\/wp-content\\\/uploads\\\/nc\\\/images\\\/virtuemart\\\/product\\\/antropolo-ke-pr-566eef9fb82ca.jpg\",\"contentUrl\":\"https:\\\/\\\/webknjizara.hr\\\/wp-content\\\/uploads\\\/nc\\\/images\\\/virtuemart\\\/product\\\/antropolo-ke-pr-566eef9fb82ca.jpg\",\"width\":358,\"height\":500,\"caption\":\"ANTROPOLO\u0160KE PRETPOSTAVKE POLITI\u010cKE MISLI THOMASA HOBBESA\"},{\"@type\":\"BreadcrumbList\",\"@id\":\"https:\\\/\\\/webknjizara.hr\\\/proizvod\\\/antropoloske-pretpostavke-politicke-misli-thomasa-hobbesa\\\/#breadcrumb\",\"itemListElement\":[{\"@type\":\"ListItem\",\"position\":1,\"name\":\"Po\u010detna stranica\",\"item\":\"https:\\\/\\\/webknjizara.hr\\\/en\\\/\"},{\"@type\":\"ListItem\",\"position\":2,\"name\":\"Shop\",\"item\":\"https:\\\/\\\/webknjizara.hr\\\/shop\\\/\"},{\"@type\":\"ListItem\",\"position\":3,\"name\":\"ANTROPOLO\u0160KE PRETPOSTAVKE POLITI\u010cKE MISLI THOMASA HOBBESA\"}]},{\"@type\":\"WebSite\",\"@id\":\"https:\\\/\\\/webknjizara.hr\\\/#website\",\"url\":\"https:\\\/\\\/webknjizara.hr\\\/\",\"name\":\"Web Knji\u017eara\",\"description\":\"\",\"publisher\":{\"@id\":\"https:\\\/\\\/webknjizara.hr\\\/#organization\"},\"potentialAction\":[{\"@type\":\"SearchAction\",\"target\":{\"@type\":\"EntryPoint\",\"urlTemplate\":\"https:\\\/\\\/webknjizara.hr\\\/?s={search_term_string}\"},\"query-input\":{\"@type\":\"PropertyValueSpecification\",\"valueRequired\":true,\"valueName\":\"search_term_string\"}}],\"inLanguage\":\"en-US\"},{\"@type\":\"Organization\",\"@id\":\"https:\\\/\\\/webknjizara.hr\\\/#organization\",\"name\":\"REDAK D.O.O.\",\"url\":\"https:\\\/\\\/webknjizara.hr\\\/\",\"logo\":{\"@type\":\"ImageObject\",\"inLanguage\":\"en-US\",\"@id\":\"https:\\\/\\\/webknjizara.hr\\\/#\\\/schema\\\/logo\\\/image\\\/\",\"url\":\"https:\\\/\\\/webknjizara.hr\\\/wp-content\\\/uploads\\\/2023\\\/01\\\/web-knjizara-logo.webp\",\"contentUrl\":\"https:\\\/\\\/webknjizara.hr\\\/wp-content\\\/uploads\\\/2023\\\/01\\\/web-knjizara-logo.webp\",\"width\":324,\"height\":79,\"caption\":\"REDAK D.O.O.\"},\"image\":{\"@id\":\"https:\\\/\\\/webknjizara.hr\\\/#\\\/schema\\\/logo\\\/image\\\/\"}}]}<\/script>\n<!-- \/ Yoast SEO plugin. -->","yoast_head_json":{"title":"ANTROPOLO\u0160KE PRETPOSTAVKE POLITI\u010cKE MISLI THOMASA HOBBESA - Web-knji\u017eara","robots":{"index":"index","follow":"follow","max-snippet":"max-snippet:-1","max-image-preview":"max-image-preview:large","max-video-preview":"max-video-preview:-1"},"canonical":"https:\/\/webknjizara.hr\/proizvod\/antropoloske-pretpostavke-politicke-misli-thomasa-hobbesa\/","og_locale":"en_US","og_type":"article","og_title":"ANTROPOLO\u0160KE PRETPOSTAVKE POLITI\u010cKE MISLI THOMASA HOBBESA - Web-knji\u017eara","og_description":"Sa\u017eetak: Polaze\u0107i od shva\u0107anja kako svaka politi\u010dka teorija pretpostavlja odre\u0111eno razumijevanje o tome tko je \u010dovjek i kako on djeluje, autorica istra\u017euje kakva se filozofska slika o \u010dovjeku krije iza teorije dr\u017eave Thomasa Hobbesa, jednog od za\u010detnika moderne filozofije politike, koji je svojim radom zacrtao smjer kojim se politi\u010dka misao nastavila razvijati sve do na\u0161ih [&hellip;]","og_url":"https:\/\/webknjizara.hr\/proizvod\/antropoloske-pretpostavke-politicke-misli-thomasa-hobbesa\/","og_site_name":"Web-knji\u017eara","article_modified_time":"2023-02-26T23:16:36+00:00","og_image":[{"width":358,"height":500,"url":"https:\/\/webknjizara.hr\/wp-content\/uploads\/nc\/images\/virtuemart\/product\/antropolo-ke-pr-566eef9fb82ca.jpg","type":"image\/jpeg"}],"twitter_card":"summary_large_image","twitter_misc":{"Est. reading time":"1 minute"},"schema":{"@context":"https:\/\/schema.org","@graph":[{"@type":"WebPage","@id":"https:\/\/webknjizara.hr\/proizvod\/antropoloske-pretpostavke-politicke-misli-thomasa-hobbesa\/","url":"https:\/\/webknjizara.hr\/proizvod\/antropoloske-pretpostavke-politicke-misli-thomasa-hobbesa\/","name":"ANTROPOLO\u0160KE PRETPOSTAVKE POLITI\u010cKE MISLI THOMASA HOBBESA - Web-knji\u017eara","isPartOf":{"@id":"https:\/\/webknjizara.hr\/#website"},"primaryImageOfPage":{"@id":"https:\/\/webknjizara.hr\/proizvod\/antropoloske-pretpostavke-politicke-misli-thomasa-hobbesa\/#primaryimage"},"image":{"@id":"https:\/\/webknjizara.hr\/proizvod\/antropoloske-pretpostavke-politicke-misli-thomasa-hobbesa\/#primaryimage"},"thumbnailUrl":"https:\/\/webknjizara.hr\/wp-content\/uploads\/nc\/images\/virtuemart\/product\/antropolo-ke-pr-566eef9fb82ca.jpg","datePublished":"2015-12-14T16:34:39+00:00","dateModified":"2023-02-26T23:16:36+00:00","breadcrumb":{"@id":"https:\/\/webknjizara.hr\/proizvod\/antropoloske-pretpostavke-politicke-misli-thomasa-hobbesa\/#breadcrumb"},"inLanguage":"en-US","potentialAction":[{"@type":"ReadAction","target":["https:\/\/webknjizara.hr\/proizvod\/antropoloske-pretpostavke-politicke-misli-thomasa-hobbesa\/"]}]},{"@type":"ImageObject","inLanguage":"en-US","@id":"https:\/\/webknjizara.hr\/proizvod\/antropoloske-pretpostavke-politicke-misli-thomasa-hobbesa\/#primaryimage","url":"https:\/\/webknjizara.hr\/wp-content\/uploads\/nc\/images\/virtuemart\/product\/antropolo-ke-pr-566eef9fb82ca.jpg","contentUrl":"https:\/\/webknjizara.hr\/wp-content\/uploads\/nc\/images\/virtuemart\/product\/antropolo-ke-pr-566eef9fb82ca.jpg","width":358,"height":500,"caption":"ANTROPOLO\u0160KE PRETPOSTAVKE POLITI\u010cKE MISLI THOMASA HOBBESA"},{"@type":"BreadcrumbList","@id":"https:\/\/webknjizara.hr\/proizvod\/antropoloske-pretpostavke-politicke-misli-thomasa-hobbesa\/#breadcrumb","itemListElement":[{"@type":"ListItem","position":1,"name":"Po\u010detna stranica","item":"https:\/\/webknjizara.hr\/en\/"},{"@type":"ListItem","position":2,"name":"Shop","item":"https:\/\/webknjizara.hr\/shop\/"},{"@type":"ListItem","position":3,"name":"ANTROPOLO\u0160KE PRETPOSTAVKE POLITI\u010cKE MISLI THOMASA HOBBESA"}]},{"@type":"WebSite","@id":"https:\/\/webknjizara.hr\/#website","url":"https:\/\/webknjizara.hr\/","name":"Web Knji\u017eara","description":"","publisher":{"@id":"https:\/\/webknjizara.hr\/#organization"},"potentialAction":[{"@type":"SearchAction","target":{"@type":"EntryPoint","urlTemplate":"https:\/\/webknjizara.hr\/?s={search_term_string}"},"query-input":{"@type":"PropertyValueSpecification","valueRequired":true,"valueName":"search_term_string"}}],"inLanguage":"en-US"},{"@type":"Organization","@id":"https:\/\/webknjizara.hr\/#organization","name":"REDAK D.O.O.","url":"https:\/\/webknjizara.hr\/","logo":{"@type":"ImageObject","inLanguage":"en-US","@id":"https:\/\/webknjizara.hr\/#\/schema\/logo\/image\/","url":"https:\/\/webknjizara.hr\/wp-content\/uploads\/2023\/01\/web-knjizara-logo.webp","contentUrl":"https:\/\/webknjizara.hr\/wp-content\/uploads\/2023\/01\/web-knjizara-logo.webp","width":324,"height":79,"caption":"REDAK D.O.O."},"image":{"@id":"https:\/\/webknjizara.hr\/#\/schema\/logo\/image\/"}}]}},"_links":{"self":[{"href":"https:\/\/webknjizara.hr\/en\/wp-json\/wp\/v2\/product\/8109","targetHints":{"allow":["GET"]}}],"collection":[{"href":"https:\/\/webknjizara.hr\/en\/wp-json\/wp\/v2\/product"}],"about":[{"href":"https:\/\/webknjizara.hr\/en\/wp-json\/wp\/v2\/types\/product"}],"replies":[{"embeddable":true,"href":"https:\/\/webknjizara.hr\/en\/wp-json\/wp\/v2\/comments?post=8109"}],"wp:featuredmedia":[{"embeddable":true,"href":"https:\/\/webknjizara.hr\/en\/wp-json\/wp\/v2\/media\/8110"}],"wp:attachment":[{"href":"https:\/\/webknjizara.hr\/en\/wp-json\/wp\/v2\/media?parent=8109"}],"wp:term":[{"taxonomy":"product_brand","embeddable":true,"href":"https:\/\/webknjizara.hr\/en\/wp-json\/wp\/v2\/product_brand?post=8109"},{"taxonomy":"product_cat","embeddable":true,"href":"https:\/\/webknjizara.hr\/en\/wp-json\/wp\/v2\/product_cat?post=8109"},{"taxonomy":"product_tag","embeddable":true,"href":"https:\/\/webknjizara.hr\/en\/wp-json\/wp\/v2\/product_tag?post=8109"}],"curies":[{"name":"wp","href":"https:\/\/api.w.org\/{rel}","templated":true}]}}