{"id":8105,"date":"2015-12-08T17:38:30","date_gmt":"2015-12-08T17:38:30","guid":{"rendered":"https:\/\/webknjizara.hr\/?product=imotske-modre-vode-luka-kolovrat-maja-delic-persen"},"modified":"2023-02-27T00:16:36","modified_gmt":"2023-02-26T23:16:36","slug":"imotske-modre-vode-luka-kolovrat-maja-delic-persen","status":"publish","type":"product","link":"https:\/\/webknjizara.hr\/en\/proizvod\/imotske-modre-vode-luka-kolovrat-maja-delic-persen\/","title":{"rendered":"IMOTSKE MODRE VODE, Luka Kolovrat, Maja Deli\u0107 Per\u0161en"},"content":{"rendered":"<p style=\"text-align: justify;\"><strong><br \/>Sa\u017eetak:<\/strong> <\/p>\n<p>U ovoj knjizi prikazani su svi vodeni fenomeni Imotske krajine kao i zbivanja vezana za njih, ali nije zanemarena niti ekolo\u0161ka problematika. Autori su sa svog stanovi\u0161ta zaljubljenika i poznavatelja regije javnosti predstavili ne\u0161to \u0161to je uistinu vrijedno predstaviti \u0161iroj javnosti. Posebnu vrijednost ove knjige predstavljaju odli\u010dne fotografije povr\u0161inskog i podzemnog kr\u0161kog okoli\u0161a koje skladno nadopunjuju tekst.<\/p>\n<p style=\"text-align: justify;\"><strong>Bilje\u0161ka o autorima:<\/strong><\/p>\n<p><strong>Luka Kolovrat<\/strong>\u00a0ro\u0111en je 1971. godine. <\/p>\n<p>Osnovnu i srednju \u0161kolu zavr\u0161io je u Imotskom, potom Fakultet organizacije i\u00a0informatike u Vara\u017edinu. <\/p>\n<p>Pisao je i fotografirao za\u00a0Slobodnu Dalmaciju, Imotske novine, Imotsku krajinu,\u00a0Makarsku kroniku, Hrvatske vode, Otvoreno\u00a0more, a trenutno je glavni urednik portala o ronjenju <a href=\"http:\/\/www.gorgonija.com\" target=\"_blank\" rel=\"noopener\">www.gorgonija.com<\/a> i gradskog portala <a href=\"http:\/\/www.imotski-svitnjak.com\">www.imotski-svitnjak.com <\/p>\n<p><\/a>Ronjenjem se aktivno se bavi od 1989. godine, a do\u00a0sada je odr\u017eao dvije samostalne izlo\u017ebe na temu\u00a0podvodne fotografije kojom se tako\u0111er godinama\u00a0bavi.<\/p>\n<p style=\"text-align: justify;\"><strong>Maja Deli\u0107 Per\u0161en<\/strong> ro\u0111ena 1947. <\/p>\n<p>Gimnaziju zavr\u0161ila u Imotskom, studirala romanske jezike na Filozofskom fakultetu u Zagrebu. <\/p>\n<p>Bavila se prevo\u0111enjem za vi\u0161e redakcija\u00a0NIPa Vjesnik, objavljivala reporta\u017ee i intervjue u\u00a0Vjesniku i Slobodnoj Dalmaciji, knji\u017eevne i likovne\u00a0kritike u Imotskim novinama, pri\u010de za djecu u\u00a0Modroj lasti, reporta\u017ee u glasilu Franjeva\u010dkog samostana\u00a0Imotski Grad na gori. <\/p>\n<p>Godinama pisala\u00a0uvodne teme za me\u0111unarodni festival mandolinista\u00a0Mandolina Imota. <\/p>\n<p>Bila je uvodni\u010darka i recenzentica\u00a0ve\u0107eg broja knjiga (osobito poezije), s autorskim tekstovima\u00a0sudjelovala u vise zavi\u010dajnih monografija (U kamenu \u010dvor i Glumci u Zagvozdu).<\/p>\n<p>Godine 2006. objavila je zapa\u017eenu radio-dramu\u00a0Oslobo\u0111enje Imotskog od Turaka AD 1717.<\/p>\n<p>2007. (u suautorstvu) objavljuje zavi\u010dajnu monografiju\u00a0Imotski u razglednici.<\/p>\n<p>2008. s Lukom Kolovratom objavljuje prvo izdanje\u00a0knjige Imotske modre vode, a suautori pripremaju i\u00a0dvije preostale knjige zavi\u010dajne trilogije.<\/p>\n<p>2009. objavljuje godine zbirku pri\u010da zasnovanih na\u00a0imotskoj etnolo\u0161koj ba\u0161tini U vilinskom kolu.\u00a0<\/p>\n<p>Pod dobrim imotskim suncem di\u0161e i pi\u0161e.<\/p>\n<p style=\"text-align: justify;\"><strong>Klju\u010dne rije\u010di:<\/strong> Imotski, Modro jezero, Crveno jezero, Ri\u010dice, Galipovac, Vrljika, Badnjevice, vode, imotska jezera<\/p>\n<p style=\"text-align: justify;\"><strong>Link:<\/strong> <a href=\"http:\/\/www.imotski-svitnjak.com\" target=\"_blank\" rel=\"noopener\">www.imotski-svitnjak.com<\/a> <br \/><strong>E-mail:<\/strong>\u00a0<a href=\"mailto:Luka.kolovrat@st.t-com.hr\">Luka Kolovrat<\/a><\/p>\n<p style=\"text-align: justify;\"><strong>Naslov:<\/strong> Imotske modre vode<br \/><strong>Autori:<\/strong> Luka Kolovrat, Maja Deli\u0107 Per\u0161en<br \/><strong>Broj stranica:<\/strong> 140<br \/><strong>Nakladnik:<\/strong> REDAK<br \/><strong>Godina izdanja:<\/strong> 2015.<br \/><strong>ISBN:<\/strong> 978-953-336-252-6<br \/><strong>Tisak:<\/strong> digitalni tisak knjiga &#8211; print na zahtjev\u00a0<\/p>\n<hr \/>\n<p style=\"text-align: justify;\"><strong>Kako naru\u010diti knjigu?\u00a0<\/strong>Proces online kupovine jednako funkcionira za sve kupce, s jedinom razlikom u tome \u0161to \u0161to kupci iz inozemstva za podru\u010dje dostave moraju odabrati &#8220;Europa&#8221; ili &#8220;Ostale zemlje svijeta&#8221;, a za vrstu pla\u0107anja WSPay (kreditna kartica) ili Virmanom (bankovni transfer).<\/p>\n<p style=\"text-align: justify;\">Molimo kliknite ovdje za\u00a0<a href=\"hr\/kako-kupovati\" target=\"_blank\" rel=\"noopener\">detaljni vodi\u010d kroz proces narud\u017ebe<\/a>\u00a0ili nas\u00a0<a href=\"hr\/kontakt\" target=\"_blank\" rel=\"noopener\">kontaktirajte<\/a>\u00a0za vi\u0161e informacija.<\/p>\n","protected":false},"excerpt":{"rendered":"<p>Sa\u017eetak: U ovoj knjizi prikazani su svi vodeni fenomeni Imotske krajine kao i zbivanja vezana za njih, ali nije zanemarena niti ekolo\u0161ka problematika. Autori su sa svog stanovi\u0161ta zaljubljenika i poznavatelja regije javnosti predstavili ne\u0161to \u0161to je uistinu vrijedno predstaviti \u0161iroj javnosti. Posebnu vrijednost ove knjige predstavljaju odli\u010dne fotografije povr\u0161inskog i podzemnog kr\u0161kog okoli\u0161a koje [&hellip;]<\/p>\n","protected":false},"featured_media":8106,"comment_status":"open","ping_status":"closed","template":"","meta":{"_acf_changed":false},"product_brand":[],"product_cat":[1383,1385],"product_tag":[],"class_list":{"0":"post-8105","1":"product","2":"type-product","3":"status-publish","4":"has-post-thumbnail","6":"product_cat-knjige","7":"product_cat-knjizevnost","8":"pa_autor-luka-kolovrat","9":"pa_autor-maja-delic-persen","10":"pa_nakladnik-redak","12":"first","13":"instock","14":"shipping-taxable","15":"purchasable","16":"product-type-simple"},"acf":[],"yoast_head":"<!-- This site is optimized with the Yoast SEO plugin v27.3 - https:\/\/yoast.com\/product\/yoast-seo-wordpress\/ -->\n<title>IMOTSKE MODRE VODE, Luka Kolovrat, Maja Deli\u0107 Per\u0161en - Web-knji\u017eara<\/title>\n<meta name=\"robots\" content=\"index, follow, max-snippet:-1, max-image-preview:large, max-video-preview:-1\" \/>\n<link rel=\"canonical\" href=\"https:\/\/webknjizara.hr\/proizvod\/imotske-modre-vode-luka-kolovrat-maja-delic-persen\/\" \/>\n<meta property=\"og:locale\" content=\"en_US\" \/>\n<meta property=\"og:type\" content=\"article\" \/>\n<meta property=\"og:title\" content=\"IMOTSKE MODRE VODE, Luka Kolovrat, Maja Deli\u0107 Per\u0161en - Web-knji\u017eara\" \/>\n<meta property=\"og:description\" content=\"Sa\u017eetak: U ovoj knjizi prikazani su svi vodeni fenomeni Imotske krajine kao i zbivanja vezana za njih, ali nije zanemarena niti ekolo\u0161ka problematika. Autori su sa svog stanovi\u0161ta zaljubljenika i poznavatelja regije javnosti predstavili ne\u0161to \u0161to je uistinu vrijedno predstaviti \u0161iroj javnosti. Posebnu vrijednost ove knjige predstavljaju odli\u010dne fotografije povr\u0161inskog i podzemnog kr\u0161kog okoli\u0161a koje [&hellip;]\" \/>\n<meta property=\"og:url\" content=\"https:\/\/webknjizara.hr\/proizvod\/imotske-modre-vode-luka-kolovrat-maja-delic-persen\/\" \/>\n<meta property=\"og:site_name\" content=\"Web-knji\u017eara\" \/>\n<meta property=\"article:modified_time\" content=\"2023-02-26T23:16:36+00:00\" \/>\n<meta property=\"og:image\" content=\"https:\/\/webknjizara.hr\/wp-content\/uploads\/nc\/images\/virtuemart\/product\/imotske-modre-vo-566715966f207.jpg\" \/>\n\t<meta property=\"og:image:width\" content=\"358\" \/>\n\t<meta property=\"og:image:height\" content=\"500\" \/>\n\t<meta property=\"og:image:type\" content=\"image\/jpeg\" \/>\n<meta name=\"twitter:card\" content=\"summary_large_image\" \/>\n<meta name=\"twitter:label1\" content=\"Est. reading time\" \/>\n\t<meta name=\"twitter:data1\" content=\"2 minutes\" \/>\n<script type=\"application\/ld+json\" class=\"yoast-schema-graph\">{\"@context\":\"https:\\\/\\\/schema.org\",\"@graph\":[{\"@type\":\"WebPage\",\"@id\":\"https:\\\/\\\/webknjizara.hr\\\/proizvod\\\/imotske-modre-vode-luka-kolovrat-maja-delic-persen\\\/\",\"url\":\"https:\\\/\\\/webknjizara.hr\\\/proizvod\\\/imotske-modre-vode-luka-kolovrat-maja-delic-persen\\\/\",\"name\":\"IMOTSKE MODRE VODE, Luka Kolovrat, Maja Deli\u0107 Per\u0161en - Web-knji\u017eara\",\"isPartOf\":{\"@id\":\"https:\\\/\\\/webknjizara.hr\\\/#website\"},\"primaryImageOfPage\":{\"@id\":\"https:\\\/\\\/webknjizara.hr\\\/proizvod\\\/imotske-modre-vode-luka-kolovrat-maja-delic-persen\\\/#primaryimage\"},\"image\":{\"@id\":\"https:\\\/\\\/webknjizara.hr\\\/proizvod\\\/imotske-modre-vode-luka-kolovrat-maja-delic-persen\\\/#primaryimage\"},\"thumbnailUrl\":\"https:\\\/\\\/webknjizara.hr\\\/wp-content\\\/uploads\\\/nc\\\/images\\\/virtuemart\\\/product\\\/imotske-modre-vo-566715966f207.jpg\",\"datePublished\":\"2015-12-08T17:38:30+00:00\",\"dateModified\":\"2023-02-26T23:16:36+00:00\",\"breadcrumb\":{\"@id\":\"https:\\\/\\\/webknjizara.hr\\\/proizvod\\\/imotske-modre-vode-luka-kolovrat-maja-delic-persen\\\/#breadcrumb\"},\"inLanguage\":\"en-US\",\"potentialAction\":[{\"@type\":\"ReadAction\",\"target\":[\"https:\\\/\\\/webknjizara.hr\\\/proizvod\\\/imotske-modre-vode-luka-kolovrat-maja-delic-persen\\\/\"]}]},{\"@type\":\"ImageObject\",\"inLanguage\":\"en-US\",\"@id\":\"https:\\\/\\\/webknjizara.hr\\\/proizvod\\\/imotske-modre-vode-luka-kolovrat-maja-delic-persen\\\/#primaryimage\",\"url\":\"https:\\\/\\\/webknjizara.hr\\\/wp-content\\\/uploads\\\/nc\\\/images\\\/virtuemart\\\/product\\\/imotske-modre-vo-566715966f207.jpg\",\"contentUrl\":\"https:\\\/\\\/webknjizara.hr\\\/wp-content\\\/uploads\\\/nc\\\/images\\\/virtuemart\\\/product\\\/imotske-modre-vo-566715966f207.jpg\",\"width\":358,\"height\":500,\"caption\":\"IMOTSKE MODRE VODE, Luka Kolovrat, Maja Deli\u0107 Per\u0161en\"},{\"@type\":\"BreadcrumbList\",\"@id\":\"https:\\\/\\\/webknjizara.hr\\\/proizvod\\\/imotske-modre-vode-luka-kolovrat-maja-delic-persen\\\/#breadcrumb\",\"itemListElement\":[{\"@type\":\"ListItem\",\"position\":1,\"name\":\"Po\u010detna stranica\",\"item\":\"https:\\\/\\\/webknjizara.hr\\\/en\\\/\"},{\"@type\":\"ListItem\",\"position\":2,\"name\":\"Shop\",\"item\":\"https:\\\/\\\/webknjizara.hr\\\/shop\\\/\"},{\"@type\":\"ListItem\",\"position\":3,\"name\":\"IMOTSKE MODRE VODE, Luka Kolovrat, Maja Deli\u0107 Per\u0161en\"}]},{\"@type\":\"WebSite\",\"@id\":\"https:\\\/\\\/webknjizara.hr\\\/#website\",\"url\":\"https:\\\/\\\/webknjizara.hr\\\/\",\"name\":\"Web Knji\u017eara\",\"description\":\"\",\"publisher\":{\"@id\":\"https:\\\/\\\/webknjizara.hr\\\/#organization\"},\"potentialAction\":[{\"@type\":\"SearchAction\",\"target\":{\"@type\":\"EntryPoint\",\"urlTemplate\":\"https:\\\/\\\/webknjizara.hr\\\/?s={search_term_string}\"},\"query-input\":{\"@type\":\"PropertyValueSpecification\",\"valueRequired\":true,\"valueName\":\"search_term_string\"}}],\"inLanguage\":\"en-US\"},{\"@type\":\"Organization\",\"@id\":\"https:\\\/\\\/webknjizara.hr\\\/#organization\",\"name\":\"REDAK D.O.O.\",\"url\":\"https:\\\/\\\/webknjizara.hr\\\/\",\"logo\":{\"@type\":\"ImageObject\",\"inLanguage\":\"en-US\",\"@id\":\"https:\\\/\\\/webknjizara.hr\\\/#\\\/schema\\\/logo\\\/image\\\/\",\"url\":\"https:\\\/\\\/webknjizara.hr\\\/wp-content\\\/uploads\\\/2023\\\/01\\\/web-knjizara-logo.webp\",\"contentUrl\":\"https:\\\/\\\/webknjizara.hr\\\/wp-content\\\/uploads\\\/2023\\\/01\\\/web-knjizara-logo.webp\",\"width\":324,\"height\":79,\"caption\":\"REDAK D.O.O.\"},\"image\":{\"@id\":\"https:\\\/\\\/webknjizara.hr\\\/#\\\/schema\\\/logo\\\/image\\\/\"}}]}<\/script>\n<!-- \/ Yoast SEO plugin. -->","yoast_head_json":{"title":"IMOTSKE MODRE VODE, Luka Kolovrat, Maja Deli\u0107 Per\u0161en - Web-knji\u017eara","robots":{"index":"index","follow":"follow","max-snippet":"max-snippet:-1","max-image-preview":"max-image-preview:large","max-video-preview":"max-video-preview:-1"},"canonical":"https:\/\/webknjizara.hr\/proizvod\/imotske-modre-vode-luka-kolovrat-maja-delic-persen\/","og_locale":"en_US","og_type":"article","og_title":"IMOTSKE MODRE VODE, Luka Kolovrat, Maja Deli\u0107 Per\u0161en - Web-knji\u017eara","og_description":"Sa\u017eetak: U ovoj knjizi prikazani su svi vodeni fenomeni Imotske krajine kao i zbivanja vezana za njih, ali nije zanemarena niti ekolo\u0161ka problematika. Autori su sa svog stanovi\u0161ta zaljubljenika i poznavatelja regije javnosti predstavili ne\u0161to \u0161to je uistinu vrijedno predstaviti \u0161iroj javnosti. Posebnu vrijednost ove knjige predstavljaju odli\u010dne fotografije povr\u0161inskog i podzemnog kr\u0161kog okoli\u0161a koje [&hellip;]","og_url":"https:\/\/webknjizara.hr\/proizvod\/imotske-modre-vode-luka-kolovrat-maja-delic-persen\/","og_site_name":"Web-knji\u017eara","article_modified_time":"2023-02-26T23:16:36+00:00","og_image":[{"width":358,"height":500,"url":"https:\/\/webknjizara.hr\/wp-content\/uploads\/nc\/images\/virtuemart\/product\/imotske-modre-vo-566715966f207.jpg","type":"image\/jpeg"}],"twitter_card":"summary_large_image","twitter_misc":{"Est. reading time":"2 minutes"},"schema":{"@context":"https:\/\/schema.org","@graph":[{"@type":"WebPage","@id":"https:\/\/webknjizara.hr\/proizvod\/imotske-modre-vode-luka-kolovrat-maja-delic-persen\/","url":"https:\/\/webknjizara.hr\/proizvod\/imotske-modre-vode-luka-kolovrat-maja-delic-persen\/","name":"IMOTSKE MODRE VODE, Luka Kolovrat, Maja Deli\u0107 Per\u0161en - Web-knji\u017eara","isPartOf":{"@id":"https:\/\/webknjizara.hr\/#website"},"primaryImageOfPage":{"@id":"https:\/\/webknjizara.hr\/proizvod\/imotske-modre-vode-luka-kolovrat-maja-delic-persen\/#primaryimage"},"image":{"@id":"https:\/\/webknjizara.hr\/proizvod\/imotske-modre-vode-luka-kolovrat-maja-delic-persen\/#primaryimage"},"thumbnailUrl":"https:\/\/webknjizara.hr\/wp-content\/uploads\/nc\/images\/virtuemart\/product\/imotske-modre-vo-566715966f207.jpg","datePublished":"2015-12-08T17:38:30+00:00","dateModified":"2023-02-26T23:16:36+00:00","breadcrumb":{"@id":"https:\/\/webknjizara.hr\/proizvod\/imotske-modre-vode-luka-kolovrat-maja-delic-persen\/#breadcrumb"},"inLanguage":"en-US","potentialAction":[{"@type":"ReadAction","target":["https:\/\/webknjizara.hr\/proizvod\/imotske-modre-vode-luka-kolovrat-maja-delic-persen\/"]}]},{"@type":"ImageObject","inLanguage":"en-US","@id":"https:\/\/webknjizara.hr\/proizvod\/imotske-modre-vode-luka-kolovrat-maja-delic-persen\/#primaryimage","url":"https:\/\/webknjizara.hr\/wp-content\/uploads\/nc\/images\/virtuemart\/product\/imotske-modre-vo-566715966f207.jpg","contentUrl":"https:\/\/webknjizara.hr\/wp-content\/uploads\/nc\/images\/virtuemart\/product\/imotske-modre-vo-566715966f207.jpg","width":358,"height":500,"caption":"IMOTSKE MODRE VODE, Luka Kolovrat, Maja Deli\u0107 Per\u0161en"},{"@type":"BreadcrumbList","@id":"https:\/\/webknjizara.hr\/proizvod\/imotske-modre-vode-luka-kolovrat-maja-delic-persen\/#breadcrumb","itemListElement":[{"@type":"ListItem","position":1,"name":"Po\u010detna stranica","item":"https:\/\/webknjizara.hr\/en\/"},{"@type":"ListItem","position":2,"name":"Shop","item":"https:\/\/webknjizara.hr\/shop\/"},{"@type":"ListItem","position":3,"name":"IMOTSKE MODRE VODE, Luka Kolovrat, Maja Deli\u0107 Per\u0161en"}]},{"@type":"WebSite","@id":"https:\/\/webknjizara.hr\/#website","url":"https:\/\/webknjizara.hr\/","name":"Web Knji\u017eara","description":"","publisher":{"@id":"https:\/\/webknjizara.hr\/#organization"},"potentialAction":[{"@type":"SearchAction","target":{"@type":"EntryPoint","urlTemplate":"https:\/\/webknjizara.hr\/?s={search_term_string}"},"query-input":{"@type":"PropertyValueSpecification","valueRequired":true,"valueName":"search_term_string"}}],"inLanguage":"en-US"},{"@type":"Organization","@id":"https:\/\/webknjizara.hr\/#organization","name":"REDAK D.O.O.","url":"https:\/\/webknjizara.hr\/","logo":{"@type":"ImageObject","inLanguage":"en-US","@id":"https:\/\/webknjizara.hr\/#\/schema\/logo\/image\/","url":"https:\/\/webknjizara.hr\/wp-content\/uploads\/2023\/01\/web-knjizara-logo.webp","contentUrl":"https:\/\/webknjizara.hr\/wp-content\/uploads\/2023\/01\/web-knjizara-logo.webp","width":324,"height":79,"caption":"REDAK D.O.O."},"image":{"@id":"https:\/\/webknjizara.hr\/#\/schema\/logo\/image\/"}}]}},"_links":{"self":[{"href":"https:\/\/webknjizara.hr\/en\/wp-json\/wp\/v2\/product\/8105","targetHints":{"allow":["GET"]}}],"collection":[{"href":"https:\/\/webknjizara.hr\/en\/wp-json\/wp\/v2\/product"}],"about":[{"href":"https:\/\/webknjizara.hr\/en\/wp-json\/wp\/v2\/types\/product"}],"replies":[{"embeddable":true,"href":"https:\/\/webknjizara.hr\/en\/wp-json\/wp\/v2\/comments?post=8105"}],"wp:featuredmedia":[{"embeddable":true,"href":"https:\/\/webknjizara.hr\/en\/wp-json\/wp\/v2\/media\/8106"}],"wp:attachment":[{"href":"https:\/\/webknjizara.hr\/en\/wp-json\/wp\/v2\/media?parent=8105"}],"wp:term":[{"taxonomy":"product_brand","embeddable":true,"href":"https:\/\/webknjizara.hr\/en\/wp-json\/wp\/v2\/product_brand?post=8105"},{"taxonomy":"product_cat","embeddable":true,"href":"https:\/\/webknjizara.hr\/en\/wp-json\/wp\/v2\/product_cat?post=8105"},{"taxonomy":"product_tag","embeddable":true,"href":"https:\/\/webknjizara.hr\/en\/wp-json\/wp\/v2\/product_tag?post=8105"}],"curies":[{"name":"wp","href":"https:\/\/api.w.org\/{rel}","templated":true}]}}