{"id":8099,"date":"2015-12-01T17:10:29","date_gmt":"2015-12-01T17:10:29","guid":{"rendered":"https:\/\/webknjizara.hr\/?product=brodski-dnevnik-2-ana-grabovac"},"modified":"2023-12-11T08:09:14","modified_gmt":"2023-12-11T07:09:14","slug":"brodski-dnevnik-2-ana-grabovac","status":"publish","type":"product","link":"https:\/\/webknjizara.hr\/en\/proizvod\/brodski-dnevnik-2-ana-grabovac\/","title":{"rendered":"BRODSKI DNEVNIK 2, Ana Grabovac"},"content":{"rendered":"<p style=\"text-align: justify;\"><strong><br \/>\nSa\u017eetak:<br \/>\n<\/strong><br \/>\n<em>Ja oduvijek s morem \u017eivim. Svakodnevno. Intenzivno. Osmislilo je moj \u017eivot. Svojim odsjajem obojilo je moj pogled. Njegovi plavi putovi bili su moji \u017eivotni. Do nedavno. Plovila sam. Naslije\u0111eni geni?<\/em><\/p>\n<p><em>Nono Antonio odavno je jedrenjakom oplovio svijet. Naslije\u0111ena potreba u neznanoj mu, jo\u0161 nero\u0111enoj unuci (nije ga upoznala). Odrastaju\u0107i, igrala se njegovom matrikulom ko\u017enog uveza boje matuna. O\u010dito je na dje\u010djim prstima ostao trag plave tinte. <\/em><\/p>\n<p><em>Ispisanih imena jedrenjaka, luka i suhih pe\u010data svjetskih porata do kojih je nono, svojim jedrenjacima plovio i boravio.<\/em><\/p>\n<p><em>Nisu se dali isprati. Pa je trebalo po\u0107i tragom te plave tinte. <\/em><\/p>\n<p><em>Potreba za blisko\u0161\u0107u voljenog mu\u0161karca odvela me je na more.<\/em><\/p>\n<p><em>Po\u010detni strah od nepoznate, nepredvidljive i \u0107udljive plave vode i\u0161\u010deznuo je vremenom.<\/em><\/p>\n<p><em>Ostala je ovisnost i beskrajna odanost. Po\u0161tovanje i u\u017eitak.<\/em><\/p>\n<p><em>Moje je pri\u010de ispri\u010dalo more ja sam ih samo zabilje\u017eila i ukori\u010dila.<\/em><\/p>\n<p style=\"text-align: justify;\">&#8211; Ana Grabovac<\/p>\n<p><strong>Bilje\u0161ka o autorici:<\/strong><\/p>\n<p>Dijete sam splitskih Ba\u010dvica, a i korijeni su mi oto\u010dni, pa mi je more oduvijek bilo blizu.<\/p>\n<p>\u017divotnom slu\u010dajno\u0161\u0107u to more mi je osmislilo \u017eivot.<\/p>\n<p>Pratila sam, naime, supruga pomorca gotovo trideset i tri godine, na njegovim putovanjima.<\/p>\n<p>\u017dive\u0107i s morem i od mora u\u010dila sam svakodnevno. More me je nau\u010dilo, da je moj \u017eivot samo trenutak ili naprosto dar, koje mi ono u trenutku svoje \u010dudljivosti ili zlovolje mo\u017ee oduzeti. Bez pogovora. Po\u0161tivala sam ga, a ono me je zaista \u010duvalo.<\/p>\n<p style=\"text-align: justify;\">Mnoge moje pri\u010de je kreiralo more, a moje gimnazijsko naukovanje u klasi\u010dnoj gimnaziji \u201eNatko Nodilo\u201c i zavr\u0161eni studij \u201eHrvatskog jezika i knji\u017eevnosti\u201c, pomogli su mi, da tu kreaciju oblikujem mislima u re\u010denice i napi\u0161em pri\u010de.<\/p>\n<p>Jesam li uspjela u njima zabilje\u017eiti moje osame, nostalgije, izgubljenost ili trenutke sre\u0107e, ne znam.<\/p>\n<p>No pisanje pri\u010da u ovoj mojoj \u0161koli \u201ekreativnog pisanja\u201c pru\u017eilo mi je veliko zadovoljstvo.<\/p>\n<p>Ili naprosto vrijeme istinske \u017eivotne sre\u0107e.<\/p>\n<p style=\"text-align: justify;\">Prije ove knjige objavljena su i knjiga <a href=\"hr\/about-joomla?page=shop.product_details&amp;flypage=flypage.tpl&amp;category_id=4&amp;product_id=393&amp;vmcchk=1\" target=\"_blank\" rel=\"noopener noreferrer\">Brodski dnevnik<\/a>, <a href=\"hr\/component\/virtuemart\/?page=shop.product_details&amp;flypage=flypage.tpl&amp;category_id=4&amp;product_id=220\" target=\"_blank\" rel=\"noopener noreferrer\">Moja \u0161kola kreativnog pisanja<\/a> i <a href=\"hr\/component\/virtuemart\/?page=shop.product_details&amp;flypage=flypage.tpl&amp;category_id=4&amp;product_id=319\" target=\"_blank\" rel=\"noopener noreferrer\">\u0106i\u0107olina<\/a>.<\/p>\n<p style=\"text-align: justify;\"><strong>Naslov:<\/strong> Brodski dnevnik 2<br \/>\n<strong>Autorica:<\/strong> Ana Grabovac<br \/>\n<strong>Broj stranica:<\/strong> 378<br \/>\n<strong>Nakladnik:<\/strong> REDAK<br \/>\n<strong>Godina izdanja:<\/strong> 2015.<br \/>\n<strong>ISBN:<\/strong> 97978-953-336-250-2<br \/>\n<strong>Tisak:<\/strong> digitalni tisak knjiga &#8211; print na zahtjev<\/p>\n<hr \/>\n<p style=\"text-align: justify;\"><strong>Kako naru\u010diti knjigu?\u00a0<\/strong>Proces online kupovine jednako funkcionira za sve kupce, s jedinom razlikom u tome \u0161to \u0161to kupci iz inozemstva za podru\u010dje dostave moraju odabrati &#8220;Europa&#8221; ili &#8220;Ostale zemlje svijeta&#8221;, a za vrstu pla\u0107anja WSPay (kreditna kartica) ili Virmanom (bankovni transfer).<\/p>\n<p style=\"text-align: justify;\">Molimo kliknite ovdje za\u00a0<a href=\"hr\/kako-kupovati\" target=\"_blank\" rel=\"noopener noreferrer\">detaljni vodi\u010d kroz proces narud\u017ebe<\/a>\u00a0ili nas\u00a0<a href=\"hr\/kontakt\" target=\"_blank\" rel=\"noopener noreferrer\">kontaktirajte<\/a>\u00a0za vi\u0161e informacija.<\/p>\n","protected":false},"excerpt":{"rendered":"<p>Sa\u017eetak: Ja oduvijek s morem \u017eivim. Svakodnevno. Intenzivno. Osmislilo je moj \u017eivot. Svojim odsjajem obojilo je moj pogled. Njegovi plavi putovi bili su moji \u017eivotni. Do nedavno. Plovila sam. Naslije\u0111eni geni? Nono Antonio odavno je jedrenjakom oplovio svijet. Naslije\u0111ena potreba u neznanoj mu, jo\u0161 nero\u0111enoj unuci (nije ga upoznala). Odrastaju\u0107i, igrala se njegovom matrikulom ko\u017enog [&hellip;]<\/p>\n","protected":false},"featured_media":8100,"comment_status":"open","ping_status":"closed","template":"","meta":{"_acf_changed":false},"product_brand":[],"product_cat":[1383,1385],"product_tag":[],"class_list":{"0":"post-8099","1":"product","2":"type-product","3":"status-publish","4":"has-post-thumbnail","6":"product_cat-knjige","7":"product_cat-knjizevnost","8":"pa_autor-ana-grabovac","9":"pa_nakladnik-redak","11":"first","12":"instock","13":"shipping-taxable","14":"purchasable","15":"product-type-simple"},"acf":[],"yoast_head":"<!-- This site is optimized with the Yoast SEO plugin v27.3 - https:\/\/yoast.com\/product\/yoast-seo-wordpress\/ -->\n<title>BRODSKI DNEVNIK 2, Ana Grabovac - Web-knji\u017eara<\/title>\n<meta name=\"robots\" content=\"index, follow, max-snippet:-1, max-image-preview:large, max-video-preview:-1\" \/>\n<link rel=\"canonical\" href=\"https:\/\/webknjizara.hr\/proizvod\/brodski-dnevnik-2-ana-grabovac\/\" \/>\n<meta property=\"og:locale\" content=\"en_US\" \/>\n<meta property=\"og:type\" content=\"article\" \/>\n<meta property=\"og:title\" content=\"BRODSKI DNEVNIK 2, Ana Grabovac - Web-knji\u017eara\" \/>\n<meta property=\"og:description\" content=\"Sa\u017eetak: Ja oduvijek s morem \u017eivim. Svakodnevno. Intenzivno. Osmislilo je moj \u017eivot. Svojim odsjajem obojilo je moj pogled. Njegovi plavi putovi bili su moji \u017eivotni. Do nedavno. Plovila sam. Naslije\u0111eni geni? Nono Antonio odavno je jedrenjakom oplovio svijet. Naslije\u0111ena potreba u neznanoj mu, jo\u0161 nero\u0111enoj unuci (nije ga upoznala). Odrastaju\u0107i, igrala se njegovom matrikulom ko\u017enog [&hellip;]\" \/>\n<meta property=\"og:url\" content=\"https:\/\/webknjizara.hr\/proizvod\/brodski-dnevnik-2-ana-grabovac\/\" \/>\n<meta property=\"og:site_name\" content=\"Web-knji\u017eara\" \/>\n<meta property=\"article:modified_time\" content=\"2023-12-11T07:09:14+00:00\" \/>\n<meta property=\"og:image\" content=\"https:\/\/webknjizara.hr\/wp-content\/uploads\/nc\/images\/virtuemart\/product\/brodski-dnevnik-565dd4853af08.jpg\" \/>\n\t<meta property=\"og:image:width\" content=\"358\" \/>\n\t<meta property=\"og:image:height\" content=\"500\" \/>\n\t<meta property=\"og:image:type\" content=\"image\/jpeg\" \/>\n<meta name=\"twitter:card\" content=\"summary_large_image\" \/>\n<meta name=\"twitter:label1\" content=\"Est. reading time\" \/>\n\t<meta name=\"twitter:data1\" content=\"3 minutes\" \/>\n<script type=\"application\/ld+json\" class=\"yoast-schema-graph\">{\"@context\":\"https:\\\/\\\/schema.org\",\"@graph\":[{\"@type\":\"WebPage\",\"@id\":\"https:\\\/\\\/webknjizara.hr\\\/proizvod\\\/brodski-dnevnik-2-ana-grabovac\\\/\",\"url\":\"https:\\\/\\\/webknjizara.hr\\\/proizvod\\\/brodski-dnevnik-2-ana-grabovac\\\/\",\"name\":\"BRODSKI DNEVNIK 2, Ana Grabovac - Web-knji\u017eara\",\"isPartOf\":{\"@id\":\"https:\\\/\\\/webknjizara.hr\\\/#website\"},\"primaryImageOfPage\":{\"@id\":\"https:\\\/\\\/webknjizara.hr\\\/proizvod\\\/brodski-dnevnik-2-ana-grabovac\\\/#primaryimage\"},\"image\":{\"@id\":\"https:\\\/\\\/webknjizara.hr\\\/proizvod\\\/brodski-dnevnik-2-ana-grabovac\\\/#primaryimage\"},\"thumbnailUrl\":\"https:\\\/\\\/webknjizara.hr\\\/wp-content\\\/uploads\\\/nc\\\/images\\\/virtuemart\\\/product\\\/brodski-dnevnik-565dd4853af08.jpg\",\"datePublished\":\"2015-12-01T17:10:29+00:00\",\"dateModified\":\"2023-12-11T07:09:14+00:00\",\"breadcrumb\":{\"@id\":\"https:\\\/\\\/webknjizara.hr\\\/proizvod\\\/brodski-dnevnik-2-ana-grabovac\\\/#breadcrumb\"},\"inLanguage\":\"en-US\",\"potentialAction\":[{\"@type\":\"ReadAction\",\"target\":[\"https:\\\/\\\/webknjizara.hr\\\/proizvod\\\/brodski-dnevnik-2-ana-grabovac\\\/\"]}]},{\"@type\":\"ImageObject\",\"inLanguage\":\"en-US\",\"@id\":\"https:\\\/\\\/webknjizara.hr\\\/proizvod\\\/brodski-dnevnik-2-ana-grabovac\\\/#primaryimage\",\"url\":\"https:\\\/\\\/webknjizara.hr\\\/wp-content\\\/uploads\\\/nc\\\/images\\\/virtuemart\\\/product\\\/brodski-dnevnik-565dd4853af08.jpg\",\"contentUrl\":\"https:\\\/\\\/webknjizara.hr\\\/wp-content\\\/uploads\\\/nc\\\/images\\\/virtuemart\\\/product\\\/brodski-dnevnik-565dd4853af08.jpg\",\"width\":358,\"height\":500,\"caption\":\"BRODSKI DNEVNIK 2, Ana Grabovac\"},{\"@type\":\"BreadcrumbList\",\"@id\":\"https:\\\/\\\/webknjizara.hr\\\/proizvod\\\/brodski-dnevnik-2-ana-grabovac\\\/#breadcrumb\",\"itemListElement\":[{\"@type\":\"ListItem\",\"position\":1,\"name\":\"Po\u010detna stranica\",\"item\":\"https:\\\/\\\/webknjizara.hr\\\/en\\\/\"},{\"@type\":\"ListItem\",\"position\":2,\"name\":\"Shop\",\"item\":\"https:\\\/\\\/webknjizara.hr\\\/shop\\\/\"},{\"@type\":\"ListItem\",\"position\":3,\"name\":\"BRODSKI DNEVNIK 2, Ana Grabovac\"}]},{\"@type\":\"WebSite\",\"@id\":\"https:\\\/\\\/webknjizara.hr\\\/#website\",\"url\":\"https:\\\/\\\/webknjizara.hr\\\/\",\"name\":\"Web Knji\u017eara\",\"description\":\"\",\"publisher\":{\"@id\":\"https:\\\/\\\/webknjizara.hr\\\/#organization\"},\"potentialAction\":[{\"@type\":\"SearchAction\",\"target\":{\"@type\":\"EntryPoint\",\"urlTemplate\":\"https:\\\/\\\/webknjizara.hr\\\/?s={search_term_string}\"},\"query-input\":{\"@type\":\"PropertyValueSpecification\",\"valueRequired\":true,\"valueName\":\"search_term_string\"}}],\"inLanguage\":\"en-US\"},{\"@type\":\"Organization\",\"@id\":\"https:\\\/\\\/webknjizara.hr\\\/#organization\",\"name\":\"REDAK D.O.O.\",\"url\":\"https:\\\/\\\/webknjizara.hr\\\/\",\"logo\":{\"@type\":\"ImageObject\",\"inLanguage\":\"en-US\",\"@id\":\"https:\\\/\\\/webknjizara.hr\\\/#\\\/schema\\\/logo\\\/image\\\/\",\"url\":\"https:\\\/\\\/webknjizara.hr\\\/wp-content\\\/uploads\\\/2023\\\/01\\\/web-knjizara-logo.webp\",\"contentUrl\":\"https:\\\/\\\/webknjizara.hr\\\/wp-content\\\/uploads\\\/2023\\\/01\\\/web-knjizara-logo.webp\",\"width\":324,\"height\":79,\"caption\":\"REDAK D.O.O.\"},\"image\":{\"@id\":\"https:\\\/\\\/webknjizara.hr\\\/#\\\/schema\\\/logo\\\/image\\\/\"}}]}<\/script>\n<!-- \/ Yoast SEO plugin. -->","yoast_head_json":{"title":"BRODSKI DNEVNIK 2, Ana Grabovac - Web-knji\u017eara","robots":{"index":"index","follow":"follow","max-snippet":"max-snippet:-1","max-image-preview":"max-image-preview:large","max-video-preview":"max-video-preview:-1"},"canonical":"https:\/\/webknjizara.hr\/proizvod\/brodski-dnevnik-2-ana-grabovac\/","og_locale":"en_US","og_type":"article","og_title":"BRODSKI DNEVNIK 2, Ana Grabovac - Web-knji\u017eara","og_description":"Sa\u017eetak: Ja oduvijek s morem \u017eivim. Svakodnevno. Intenzivno. Osmislilo je moj \u017eivot. Svojim odsjajem obojilo je moj pogled. Njegovi plavi putovi bili su moji \u017eivotni. Do nedavno. Plovila sam. Naslije\u0111eni geni? Nono Antonio odavno je jedrenjakom oplovio svijet. Naslije\u0111ena potreba u neznanoj mu, jo\u0161 nero\u0111enoj unuci (nije ga upoznala). Odrastaju\u0107i, igrala se njegovom matrikulom ko\u017enog [&hellip;]","og_url":"https:\/\/webknjizara.hr\/proizvod\/brodski-dnevnik-2-ana-grabovac\/","og_site_name":"Web-knji\u017eara","article_modified_time":"2023-12-11T07:09:14+00:00","og_image":[{"width":358,"height":500,"url":"https:\/\/webknjizara.hr\/wp-content\/uploads\/nc\/images\/virtuemart\/product\/brodski-dnevnik-565dd4853af08.jpg","type":"image\/jpeg"}],"twitter_card":"summary_large_image","twitter_misc":{"Est. reading time":"3 minutes"},"schema":{"@context":"https:\/\/schema.org","@graph":[{"@type":"WebPage","@id":"https:\/\/webknjizara.hr\/proizvod\/brodski-dnevnik-2-ana-grabovac\/","url":"https:\/\/webknjizara.hr\/proizvod\/brodski-dnevnik-2-ana-grabovac\/","name":"BRODSKI DNEVNIK 2, Ana Grabovac - Web-knji\u017eara","isPartOf":{"@id":"https:\/\/webknjizara.hr\/#website"},"primaryImageOfPage":{"@id":"https:\/\/webknjizara.hr\/proizvod\/brodski-dnevnik-2-ana-grabovac\/#primaryimage"},"image":{"@id":"https:\/\/webknjizara.hr\/proizvod\/brodski-dnevnik-2-ana-grabovac\/#primaryimage"},"thumbnailUrl":"https:\/\/webknjizara.hr\/wp-content\/uploads\/nc\/images\/virtuemart\/product\/brodski-dnevnik-565dd4853af08.jpg","datePublished":"2015-12-01T17:10:29+00:00","dateModified":"2023-12-11T07:09:14+00:00","breadcrumb":{"@id":"https:\/\/webknjizara.hr\/proizvod\/brodski-dnevnik-2-ana-grabovac\/#breadcrumb"},"inLanguage":"en-US","potentialAction":[{"@type":"ReadAction","target":["https:\/\/webknjizara.hr\/proizvod\/brodski-dnevnik-2-ana-grabovac\/"]}]},{"@type":"ImageObject","inLanguage":"en-US","@id":"https:\/\/webknjizara.hr\/proizvod\/brodski-dnevnik-2-ana-grabovac\/#primaryimage","url":"https:\/\/webknjizara.hr\/wp-content\/uploads\/nc\/images\/virtuemart\/product\/brodski-dnevnik-565dd4853af08.jpg","contentUrl":"https:\/\/webknjizara.hr\/wp-content\/uploads\/nc\/images\/virtuemart\/product\/brodski-dnevnik-565dd4853af08.jpg","width":358,"height":500,"caption":"BRODSKI DNEVNIK 2, Ana Grabovac"},{"@type":"BreadcrumbList","@id":"https:\/\/webknjizara.hr\/proizvod\/brodski-dnevnik-2-ana-grabovac\/#breadcrumb","itemListElement":[{"@type":"ListItem","position":1,"name":"Po\u010detna stranica","item":"https:\/\/webknjizara.hr\/en\/"},{"@type":"ListItem","position":2,"name":"Shop","item":"https:\/\/webknjizara.hr\/shop\/"},{"@type":"ListItem","position":3,"name":"BRODSKI DNEVNIK 2, Ana Grabovac"}]},{"@type":"WebSite","@id":"https:\/\/webknjizara.hr\/#website","url":"https:\/\/webknjizara.hr\/","name":"Web Knji\u017eara","description":"","publisher":{"@id":"https:\/\/webknjizara.hr\/#organization"},"potentialAction":[{"@type":"SearchAction","target":{"@type":"EntryPoint","urlTemplate":"https:\/\/webknjizara.hr\/?s={search_term_string}"},"query-input":{"@type":"PropertyValueSpecification","valueRequired":true,"valueName":"search_term_string"}}],"inLanguage":"en-US"},{"@type":"Organization","@id":"https:\/\/webknjizara.hr\/#organization","name":"REDAK D.O.O.","url":"https:\/\/webknjizara.hr\/","logo":{"@type":"ImageObject","inLanguage":"en-US","@id":"https:\/\/webknjizara.hr\/#\/schema\/logo\/image\/","url":"https:\/\/webknjizara.hr\/wp-content\/uploads\/2023\/01\/web-knjizara-logo.webp","contentUrl":"https:\/\/webknjizara.hr\/wp-content\/uploads\/2023\/01\/web-knjizara-logo.webp","width":324,"height":79,"caption":"REDAK D.O.O."},"image":{"@id":"https:\/\/webknjizara.hr\/#\/schema\/logo\/image\/"}}]}},"_links":{"self":[{"href":"https:\/\/webknjizara.hr\/en\/wp-json\/wp\/v2\/product\/8099","targetHints":{"allow":["GET"]}}],"collection":[{"href":"https:\/\/webknjizara.hr\/en\/wp-json\/wp\/v2\/product"}],"about":[{"href":"https:\/\/webknjizara.hr\/en\/wp-json\/wp\/v2\/types\/product"}],"replies":[{"embeddable":true,"href":"https:\/\/webknjizara.hr\/en\/wp-json\/wp\/v2\/comments?post=8099"}],"wp:featuredmedia":[{"embeddable":true,"href":"https:\/\/webknjizara.hr\/en\/wp-json\/wp\/v2\/media\/8100"}],"wp:attachment":[{"href":"https:\/\/webknjizara.hr\/en\/wp-json\/wp\/v2\/media?parent=8099"}],"wp:term":[{"taxonomy":"product_brand","embeddable":true,"href":"https:\/\/webknjizara.hr\/en\/wp-json\/wp\/v2\/product_brand?post=8099"},{"taxonomy":"product_cat","embeddable":true,"href":"https:\/\/webknjizara.hr\/en\/wp-json\/wp\/v2\/product_cat?post=8099"},{"taxonomy":"product_tag","embeddable":true,"href":"https:\/\/webknjizara.hr\/en\/wp-json\/wp\/v2\/product_tag?post=8099"}],"curies":[{"name":"wp","href":"https:\/\/api.w.org\/{rel}","templated":true}]}}