{"id":8065,"date":"2015-10-23T15:05:16","date_gmt":"2015-10-23T15:05:16","guid":{"rendered":"https:\/\/webknjizara.hr\/?product=valjni-lezajevi-boris-obsieger"},"modified":"2023-02-27T00:16:32","modified_gmt":"2023-02-26T23:16:32","slug":"valjni-lezajevi-boris-obsieger","status":"publish","type":"product","link":"https:\/\/webknjizara.hr\/en\/proizvod\/valjni-lezajevi-boris-obsieger\/","title":{"rendered":"VALJNI LE\u017dAJEVI, Boris Obsieger"},"content":{"rendered":"<p><strong><br \/>Ovo je crno-bijela verzija knjige. Za knjigu u boji kliknite <a href=\"hr\/component\/virtuemart\/?page=shop.product_details&#038;flypage=flypage.tpl&#038;product_id=468\" target=\"_blank\" rel=\"noopener\">ovdje<\/a>.<\/strong><br \/><strong><br \/>Sa\u017eetak:<\/strong> <\/p>\n<p>Sveu\u010dili\u0161ni ud\u017ebenik u zbirci ud\u017ebenika Konstrukcijski elementi. Svrha ove zbirke ud\u017ebenika je da osigura literaturu potrebnu studentima strojarstva, brodogradnje i elektrotehnike te da stru\u010dnjacima u praksi pru\u017ei suvremenu i prikladnu podlogu za rje\u0161avanje prakti\u010dnih problema.<\/p>\n<p>Ovaj svezak je podijeljen na sedam poglavlja u kojima su razvrstani valjni le\u017eajevi, opisani radijalni valjni le\u017eajevi, opisani odrivni valjni le\u017eajevi i prikazani tipi\u010dni konstrukcijski detalji. Prakti\u010dna primjena podr\u017eana je atlasom crte\u017ea, opisom elementima za u\u010dvr\u0161\u0107enje le\u017eajeva s tablicama, opisom o\u0161te\u0107enja i nosivosti, prora\u010dunima trajnosti pojedina\u010dnog le\u017eaja i grupe le\u017eajeva u poglavlju, englesko-hrvatskim rje\u010dnikom te popisom normi.<\/p>\n<p>Pisanje ove zbirke ud\u017ebenika potaknuto je potrebom da se studentima Tehni\u010dkog fakulteta Sveu\u010dili\u0161ta u Rijeci pruzi pomo\u0107 prilikom u\u010denja, izrade programa i polaganja ispita, te da im se omogu\u0107i bolje poznavanje, primjenu i dizajniranje najrasprostranjenijih elemenata konstrukcija i strojeva<\/p>\n<p>Knjiga je nastala stalnim nadopunjavanjem skripta Valjni le\u017eajevi tiskanih u prosincu 2001. godine, koje su imale 150 stranica formata A4. U novom izdanju iz 2003. godine, promijenjen je format knjige i dodano je novo poglavlje Elementi za u\u010dvr\u0161\u0107ivanje le\u017eaja, koje sadr\u017ei niz tablica s podacima va\u017enima ne samo za nastavu ve\u0107 i za prakti\u010dnu primjenu. Tako\u0111er je pove\u0107an broj crte\u017ea u poglavlju Atlas crte\u017ea i izvr\u0161ena dopuna teksta i slika.<\/p>\n<p>Knjiga je 2012. godine dopunjena s prora\u010dunom trajnosti valjnih le\u017eajeva, recenzirana je i lektorirana, pa je njenu uporabu i objavljivanje, sada kao sveu\u010dili\u0161nog ud\u017ebenika iste godine odobrilo Sveu\u010dili\u0161te u Rijeci.<\/p>\n<p>Dostupno u crno-bijelom tisku i u boji, te kao e-knjiga.<\/p>\n<p><strong>Bilje\u0161ka o autoru:<\/strong> <\/p>\n<p><strong style=\"text-align: justify;\">Dr. sc. Boris Obsieger<\/strong>, redoviti je profesor na Tehni\u010dkom Fakultetu Sveu\u010dili\u0161ta u Rijeci gdje dr\u017ei Katedru za konstrukcijske elemente. Predaje Konstrukcijske elemente, Konstrukcijske elemente robota i Numeri\u010dke metode u konstruiranju, a na poslijediplomskom doktorskom studiju Konstrukciju i optimizaciju zup\u010dastih prijenosnika i Rubne elemente. Odr\u017eao je nekoliko zapa\u017eenih pozvanih predavanja na inozemnim sveu\u010dili\u0161tima. Predsjednik je me\u0111unarodnih kongresa CADAM. Glavni je urednik me\u0111unarodnog \u010dasopisa Advanced Engineering. Autor je vi\u0161e sveu\u010dili\u0161nih ud\u017ebenika na hrvatskom i engleskom jeziku te brojnih znanstvenih radova.<\/p>\n<p><strong>Klju\u010dne rije\u010di:<\/strong> Valjni le\u017eajevi, konstrukcijski detalji, atlas crte\u017ea, elementi u\u010dvr\u0161\u0107enja, prora\u010dun trajnosti<\/p>\n<p><strong>Link:\u00a0<\/strong><a href=\"http:\/\/university-books.eu\/\" target=\"_blank\" rel=\"nofollow noopener\" style=\"color: #3b5998; cursor: pointer; text-decoration: none; font-family: helvetica, arial, sans-serif; font-size: 12px; line-height: 15.36px; white-space: pre-wrap; background-color: #f6f7f8;\"><\/a><a href=\"http:\/\/university-books.eu\">http:\/\/university-books.eu<\/a><br \/><strong>E-mail:<\/strong>\u00a0<a href=\"mailto:boob@riteh.hr\">Boris Obsieger 1<\/a>; <a href=\"mailto:boris@obsieger.org\">Boris Obsieger 2<\/a><strong>\u00a0<br \/><\/strong><\/p>\n<p><strong>Naslov:<\/strong> Valjni le\u017eajevi<br \/><strong>Autor:<\/strong> Boris Obsieger<br \/><strong>Broj stranica:<\/strong> 268<br \/><strong>Nakladnik:<\/strong> Boris Obsieger<br \/><strong>ISBN:<\/strong> 978-953-57117-7-3<br \/><strong>Tisak:<\/strong> digitalni tisak knjiga &#8211; print na zahtjev<\/p>\n<hr \/>\n<p><strong>Kako naru\u010diti knjigu?\u00a0<\/strong>Proces online kupovine jednako funkcionira za sve kupce, s jedinom razlikom u tome \u0161to \u0161to kupci iz inozemstva za podru\u010dje dostave moraju odabrati &#8220;Europa&#8221; ili &#8220;Ostale zemlje svijeta&#8221;, a za vrstu pla\u0107anja WSPay (kreditna kartica) ili Virmanom (bankovni transfer).<\/p>\n<p style=\"text-align: justify;\">Molimo kliknite ovdje za\u00a0<a href=\"hr\/kako-kupovati\" target=\"_blank\" rel=\"noopener\">detaljni vodi\u010d kroz proces narud\u017ebe<\/a>\u00a0ili nas\u00a0<a href=\"hr\/kontakt\" target=\"_blank\" rel=\"noopener\">kontaktirajte<\/a>\u00a0za vi\u0161e informacija.<\/p>\n","protected":false},"excerpt":{"rendered":"<p>Ovo je crno-bijela verzija knjige. Za knjigu u boji kliknite ovdje.Sa\u017eetak: Sveu\u010dili\u0161ni ud\u017ebenik u zbirci ud\u017ebenika Konstrukcijski elementi. Svrha ove zbirke ud\u017ebenika je da osigura literaturu potrebnu studentima strojarstva, brodogradnje i elektrotehnike te da stru\u010dnjacima u praksi pru\u017ei suvremenu i prikladnu podlogu za rje\u0161avanje prakti\u010dnih problema. Ovaj svezak je podijeljen na sedam poglavlja u kojima [&hellip;]<\/p>\n","protected":false},"featured_media":8066,"comment_status":"open","ping_status":"closed","template":"","meta":{"_acf_changed":false},"product_brand":[],"product_cat":[1539],"product_tag":[],"class_list":{"0":"post-8065","1":"product","2":"type-product","3":"status-publish","4":"has-post-thumbnail","6":"product_cat-sveucilisni-udzbenici-i-prirucnici","7":"pa_nakladnik-boris-obsieger","9":"first","10":"instock","11":"shipping-taxable","12":"purchasable","13":"product-type-simple"},"acf":[],"yoast_head":"<!-- This site is optimized with the Yoast SEO plugin v27.3 - https:\/\/yoast.com\/product\/yoast-seo-wordpress\/ -->\n<title>VALJNI LE\u017dAJEVI, Boris Obsieger - Web-knji\u017eara<\/title>\n<meta name=\"robots\" content=\"index, follow, max-snippet:-1, max-image-preview:large, max-video-preview:-1\" \/>\n<link rel=\"canonical\" href=\"https:\/\/webknjizara.hr\/proizvod\/valjni-lezajevi-boris-obsieger\/\" \/>\n<meta property=\"og:locale\" content=\"en_US\" \/>\n<meta property=\"og:type\" content=\"article\" \/>\n<meta property=\"og:title\" content=\"VALJNI LE\u017dAJEVI, Boris Obsieger - Web-knji\u017eara\" \/>\n<meta property=\"og:description\" content=\"Ovo je crno-bijela verzija knjige. Za knjigu u boji kliknite ovdje.Sa\u017eetak: Sveu\u010dili\u0161ni ud\u017ebenik u zbirci ud\u017ebenika Konstrukcijski elementi. Svrha ove zbirke ud\u017ebenika je da osigura literaturu potrebnu studentima strojarstva, brodogradnje i elektrotehnike te da stru\u010dnjacima u praksi pru\u017ei suvremenu i prikladnu podlogu za rje\u0161avanje prakti\u010dnih problema. Ovaj svezak je podijeljen na sedam poglavlja u kojima [&hellip;]\" \/>\n<meta property=\"og:url\" content=\"https:\/\/webknjizara.hr\/proizvod\/valjni-lezajevi-boris-obsieger\/\" \/>\n<meta property=\"og:site_name\" content=\"Web-knji\u017eara\" \/>\n<meta property=\"article:modified_time\" content=\"2023-02-26T23:16:32+00:00\" \/>\n<meta property=\"og:image\" content=\"https:\/\/webknjizara.hr\/wp-content\/uploads\/nc\/images\/virtuemart\/product\/valjni-le-aj-b-562a4d843aee1.jpg\" \/>\n\t<meta property=\"og:image:width\" content=\"358\" \/>\n\t<meta property=\"og:image:height\" content=\"500\" \/>\n\t<meta property=\"og:image:type\" content=\"image\/jpeg\" \/>\n<meta name=\"twitter:card\" content=\"summary_large_image\" \/>\n<meta name=\"twitter:label1\" content=\"Est. reading time\" \/>\n\t<meta name=\"twitter:data1\" content=\"3 minutes\" \/>\n<script type=\"application\/ld+json\" class=\"yoast-schema-graph\">{\"@context\":\"https:\\\/\\\/schema.org\",\"@graph\":[{\"@type\":\"WebPage\",\"@id\":\"https:\\\/\\\/webknjizara.hr\\\/proizvod\\\/valjni-lezajevi-boris-obsieger\\\/\",\"url\":\"https:\\\/\\\/webknjizara.hr\\\/proizvod\\\/valjni-lezajevi-boris-obsieger\\\/\",\"name\":\"VALJNI LE\u017dAJEVI, Boris Obsieger - Web-knji\u017eara\",\"isPartOf\":{\"@id\":\"https:\\\/\\\/webknjizara.hr\\\/#website\"},\"primaryImageOfPage\":{\"@id\":\"https:\\\/\\\/webknjizara.hr\\\/proizvod\\\/valjni-lezajevi-boris-obsieger\\\/#primaryimage\"},\"image\":{\"@id\":\"https:\\\/\\\/webknjizara.hr\\\/proizvod\\\/valjni-lezajevi-boris-obsieger\\\/#primaryimage\"},\"thumbnailUrl\":\"https:\\\/\\\/webknjizara.hr\\\/wp-content\\\/uploads\\\/nc\\\/images\\\/virtuemart\\\/product\\\/valjni-le-aj-b-562a4d843aee1.jpg\",\"datePublished\":\"2015-10-23T15:05:16+00:00\",\"dateModified\":\"2023-02-26T23:16:32+00:00\",\"breadcrumb\":{\"@id\":\"https:\\\/\\\/webknjizara.hr\\\/proizvod\\\/valjni-lezajevi-boris-obsieger\\\/#breadcrumb\"},\"inLanguage\":\"en-US\",\"potentialAction\":[{\"@type\":\"ReadAction\",\"target\":[\"https:\\\/\\\/webknjizara.hr\\\/proizvod\\\/valjni-lezajevi-boris-obsieger\\\/\"]}]},{\"@type\":\"ImageObject\",\"inLanguage\":\"en-US\",\"@id\":\"https:\\\/\\\/webknjizara.hr\\\/proizvod\\\/valjni-lezajevi-boris-obsieger\\\/#primaryimage\",\"url\":\"https:\\\/\\\/webknjizara.hr\\\/wp-content\\\/uploads\\\/nc\\\/images\\\/virtuemart\\\/product\\\/valjni-le-aj-b-562a4d843aee1.jpg\",\"contentUrl\":\"https:\\\/\\\/webknjizara.hr\\\/wp-content\\\/uploads\\\/nc\\\/images\\\/virtuemart\\\/product\\\/valjni-le-aj-b-562a4d843aee1.jpg\",\"width\":358,\"height\":500,\"caption\":\"VALJNI LE\u017dAJEVI, Boris Obsieger\"},{\"@type\":\"BreadcrumbList\",\"@id\":\"https:\\\/\\\/webknjizara.hr\\\/proizvod\\\/valjni-lezajevi-boris-obsieger\\\/#breadcrumb\",\"itemListElement\":[{\"@type\":\"ListItem\",\"position\":1,\"name\":\"Po\u010detna stranica\",\"item\":\"https:\\\/\\\/webknjizara.hr\\\/en\\\/\"},{\"@type\":\"ListItem\",\"position\":2,\"name\":\"Shop\",\"item\":\"https:\\\/\\\/webknjizara.hr\\\/shop\\\/\"},{\"@type\":\"ListItem\",\"position\":3,\"name\":\"VALJNI LE\u017dAJEVI, Boris Obsieger\"}]},{\"@type\":\"WebSite\",\"@id\":\"https:\\\/\\\/webknjizara.hr\\\/#website\",\"url\":\"https:\\\/\\\/webknjizara.hr\\\/\",\"name\":\"Web Knji\u017eara\",\"description\":\"\",\"publisher\":{\"@id\":\"https:\\\/\\\/webknjizara.hr\\\/#organization\"},\"potentialAction\":[{\"@type\":\"SearchAction\",\"target\":{\"@type\":\"EntryPoint\",\"urlTemplate\":\"https:\\\/\\\/webknjizara.hr\\\/?s={search_term_string}\"},\"query-input\":{\"@type\":\"PropertyValueSpecification\",\"valueRequired\":true,\"valueName\":\"search_term_string\"}}],\"inLanguage\":\"en-US\"},{\"@type\":\"Organization\",\"@id\":\"https:\\\/\\\/webknjizara.hr\\\/#organization\",\"name\":\"REDAK D.O.O.\",\"url\":\"https:\\\/\\\/webknjizara.hr\\\/\",\"logo\":{\"@type\":\"ImageObject\",\"inLanguage\":\"en-US\",\"@id\":\"https:\\\/\\\/webknjizara.hr\\\/#\\\/schema\\\/logo\\\/image\\\/\",\"url\":\"https:\\\/\\\/webknjizara.hr\\\/wp-content\\\/uploads\\\/2023\\\/01\\\/web-knjizara-logo.webp\",\"contentUrl\":\"https:\\\/\\\/webknjizara.hr\\\/wp-content\\\/uploads\\\/2023\\\/01\\\/web-knjizara-logo.webp\",\"width\":324,\"height\":79,\"caption\":\"REDAK D.O.O.\"},\"image\":{\"@id\":\"https:\\\/\\\/webknjizara.hr\\\/#\\\/schema\\\/logo\\\/image\\\/\"}}]}<\/script>\n<!-- \/ Yoast SEO plugin. -->","yoast_head_json":{"title":"VALJNI LE\u017dAJEVI, Boris Obsieger - Web-knji\u017eara","robots":{"index":"index","follow":"follow","max-snippet":"max-snippet:-1","max-image-preview":"max-image-preview:large","max-video-preview":"max-video-preview:-1"},"canonical":"https:\/\/webknjizara.hr\/proizvod\/valjni-lezajevi-boris-obsieger\/","og_locale":"en_US","og_type":"article","og_title":"VALJNI LE\u017dAJEVI, Boris Obsieger - Web-knji\u017eara","og_description":"Ovo je crno-bijela verzija knjige. Za knjigu u boji kliknite ovdje.Sa\u017eetak: Sveu\u010dili\u0161ni ud\u017ebenik u zbirci ud\u017ebenika Konstrukcijski elementi. Svrha ove zbirke ud\u017ebenika je da osigura literaturu potrebnu studentima strojarstva, brodogradnje i elektrotehnike te da stru\u010dnjacima u praksi pru\u017ei suvremenu i prikladnu podlogu za rje\u0161avanje prakti\u010dnih problema. Ovaj svezak je podijeljen na sedam poglavlja u kojima [&hellip;]","og_url":"https:\/\/webknjizara.hr\/proizvod\/valjni-lezajevi-boris-obsieger\/","og_site_name":"Web-knji\u017eara","article_modified_time":"2023-02-26T23:16:32+00:00","og_image":[{"width":358,"height":500,"url":"https:\/\/webknjizara.hr\/wp-content\/uploads\/nc\/images\/virtuemart\/product\/valjni-le-aj-b-562a4d843aee1.jpg","type":"image\/jpeg"}],"twitter_card":"summary_large_image","twitter_misc":{"Est. reading time":"3 minutes"},"schema":{"@context":"https:\/\/schema.org","@graph":[{"@type":"WebPage","@id":"https:\/\/webknjizara.hr\/proizvod\/valjni-lezajevi-boris-obsieger\/","url":"https:\/\/webknjizara.hr\/proizvod\/valjni-lezajevi-boris-obsieger\/","name":"VALJNI LE\u017dAJEVI, Boris Obsieger - Web-knji\u017eara","isPartOf":{"@id":"https:\/\/webknjizara.hr\/#website"},"primaryImageOfPage":{"@id":"https:\/\/webknjizara.hr\/proizvod\/valjni-lezajevi-boris-obsieger\/#primaryimage"},"image":{"@id":"https:\/\/webknjizara.hr\/proizvod\/valjni-lezajevi-boris-obsieger\/#primaryimage"},"thumbnailUrl":"https:\/\/webknjizara.hr\/wp-content\/uploads\/nc\/images\/virtuemart\/product\/valjni-le-aj-b-562a4d843aee1.jpg","datePublished":"2015-10-23T15:05:16+00:00","dateModified":"2023-02-26T23:16:32+00:00","breadcrumb":{"@id":"https:\/\/webknjizara.hr\/proizvod\/valjni-lezajevi-boris-obsieger\/#breadcrumb"},"inLanguage":"en-US","potentialAction":[{"@type":"ReadAction","target":["https:\/\/webknjizara.hr\/proizvod\/valjni-lezajevi-boris-obsieger\/"]}]},{"@type":"ImageObject","inLanguage":"en-US","@id":"https:\/\/webknjizara.hr\/proizvod\/valjni-lezajevi-boris-obsieger\/#primaryimage","url":"https:\/\/webknjizara.hr\/wp-content\/uploads\/nc\/images\/virtuemart\/product\/valjni-le-aj-b-562a4d843aee1.jpg","contentUrl":"https:\/\/webknjizara.hr\/wp-content\/uploads\/nc\/images\/virtuemart\/product\/valjni-le-aj-b-562a4d843aee1.jpg","width":358,"height":500,"caption":"VALJNI LE\u017dAJEVI, Boris Obsieger"},{"@type":"BreadcrumbList","@id":"https:\/\/webknjizara.hr\/proizvod\/valjni-lezajevi-boris-obsieger\/#breadcrumb","itemListElement":[{"@type":"ListItem","position":1,"name":"Po\u010detna stranica","item":"https:\/\/webknjizara.hr\/en\/"},{"@type":"ListItem","position":2,"name":"Shop","item":"https:\/\/webknjizara.hr\/shop\/"},{"@type":"ListItem","position":3,"name":"VALJNI LE\u017dAJEVI, Boris Obsieger"}]},{"@type":"WebSite","@id":"https:\/\/webknjizara.hr\/#website","url":"https:\/\/webknjizara.hr\/","name":"Web Knji\u017eara","description":"","publisher":{"@id":"https:\/\/webknjizara.hr\/#organization"},"potentialAction":[{"@type":"SearchAction","target":{"@type":"EntryPoint","urlTemplate":"https:\/\/webknjizara.hr\/?s={search_term_string}"},"query-input":{"@type":"PropertyValueSpecification","valueRequired":true,"valueName":"search_term_string"}}],"inLanguage":"en-US"},{"@type":"Organization","@id":"https:\/\/webknjizara.hr\/#organization","name":"REDAK D.O.O.","url":"https:\/\/webknjizara.hr\/","logo":{"@type":"ImageObject","inLanguage":"en-US","@id":"https:\/\/webknjizara.hr\/#\/schema\/logo\/image\/","url":"https:\/\/webknjizara.hr\/wp-content\/uploads\/2023\/01\/web-knjizara-logo.webp","contentUrl":"https:\/\/webknjizara.hr\/wp-content\/uploads\/2023\/01\/web-knjizara-logo.webp","width":324,"height":79,"caption":"REDAK D.O.O."},"image":{"@id":"https:\/\/webknjizara.hr\/#\/schema\/logo\/image\/"}}]}},"_links":{"self":[{"href":"https:\/\/webknjizara.hr\/en\/wp-json\/wp\/v2\/product\/8065","targetHints":{"allow":["GET"]}}],"collection":[{"href":"https:\/\/webknjizara.hr\/en\/wp-json\/wp\/v2\/product"}],"about":[{"href":"https:\/\/webknjizara.hr\/en\/wp-json\/wp\/v2\/types\/product"}],"replies":[{"embeddable":true,"href":"https:\/\/webknjizara.hr\/en\/wp-json\/wp\/v2\/comments?post=8065"}],"wp:featuredmedia":[{"embeddable":true,"href":"https:\/\/webknjizara.hr\/en\/wp-json\/wp\/v2\/media\/8066"}],"wp:attachment":[{"href":"https:\/\/webknjizara.hr\/en\/wp-json\/wp\/v2\/media?parent=8065"}],"wp:term":[{"taxonomy":"product_brand","embeddable":true,"href":"https:\/\/webknjizara.hr\/en\/wp-json\/wp\/v2\/product_brand?post=8065"},{"taxonomy":"product_cat","embeddable":true,"href":"https:\/\/webknjizara.hr\/en\/wp-json\/wp\/v2\/product_cat?post=8065"},{"taxonomy":"product_tag","embeddable":true,"href":"https:\/\/webknjizara.hr\/en\/wp-json\/wp\/v2\/product_tag?post=8065"}],"curies":[{"name":"wp","href":"https:\/\/api.w.org\/{rel}","templated":true}]}}